{"id":6372,"date":"2026-04-13T09:09:46","date_gmt":"2026-04-13T12:09:46","guid":{"rendered":"https:\/\/fullsolutions.info\/?post_type=product&#038;p=6372"},"modified":"2026-04-13T11:09:23","modified_gmt":"2026-04-13T14:09:23","slug":"autroflame-x33af-sil","status":"publish","type":"product","link":"https:\/\/fullsolutions.info\/en\/product\/autroflame-x33af-sil\/","title":{"rendered":"AutroFlame X33AF"},"content":{"rendered":"<p data-start=\"227\" data-end=\"458\">O AutroFlame Autronica X33AF \u00e9 um <strong data-start=\"240\" data-end=\"296\">detector de chama infravermelho multiespectral (MIR)<\/strong>. Ele oferece detec\u00e7\u00e3o superior de inc\u00eandios, desde combust\u00edveis hidrocarbonetos leves at\u00e9 pesados, combinada com um alt\u00edssimo n\u00edvel de rejei\u00e7\u00e3o a alarmes falsos.<\/p>\n<p data-start=\"460\" data-end=\"584\">O detector possui classifica\u00e7\u00e3o \u00e0 prova de explos\u00e3o para Divis\u00e3o e Zona, sendo adequado para aplica\u00e7\u00f5es internas e externas.<\/p>\n<p data-start=\"586\" data-end=\"831\">O X33AF cont\u00e9m tr\u00eas sensores IR com seus respectivos circuitos de processamento de sinal. A configura\u00e7\u00e3o padr\u00e3o de sa\u00edda inclui rel\u00e9s de alarme de inc\u00eandio, falha e auxiliar, al\u00e9m de uma sa\u00edda isolada de 0 a 20 mA, com comunica\u00e7\u00e3o HART opcional.<\/p>\n<p data-start=\"833\" data-end=\"971\">O detector oferece desempenho superior em aplica\u00e7\u00f5es cr\u00edticas e em ambientes onde a radia\u00e7\u00e3o infravermelha de fundo \u00e9 uma condi\u00e7\u00e3o normal.<\/p>\n<p data-start=\"973\" data-end=\"1022\">Suporte articulado (<em data-start=\"993\" data-end=\"1007\">swivel mount<\/em>) n\u00e3o inclu\u00eddo.<\/p>\n<p data-start=\"1024\" data-end=\"1064\"><strong data-start=\"1024\" data-end=\"1046\">C\u00f3digo do produto:<\/strong> 116-5861-011.4360<\/p>","protected":false},"excerpt":{"rendered":"<p data-start=\"0\" data-end=\"272\">A Endress+Hauser \u00e9 uma l\u00edder global em tecnologias de medi\u00e7\u00e3o de processo e laborat\u00f3rio. A empresa oferece um amplo portf\u00f3lio de instrumentos, solu\u00e7\u00f5es e servi\u00e7os que auxiliam clientes da ind\u00fastria de processos a melhorar seus produtos e aumentar a efici\u00eancia operacional.<\/p>\n<p data-start=\"274\" data-end=\"476\">Com d\u00e9cadas de experi\u00eancia, a Endress+Hauser mant\u00e9m uma mentalidade pioneira e um forte foco em inova\u00e7\u00e3o. Dessa forma, desenvolve solu\u00e7\u00f5es confi\u00e1veis e de alta qualidade para aplica\u00e7\u00f5es em todo o mundo.<\/p>","protected":false},"featured_media":6390,"comment_status":"open","ping_status":"closed","template":"","meta":{"_joinchat":[]},"product_brand":[],"product_cat":[116],"product_tag":[],"marca":[91],"class_list":{"0":"post-6372","1":"product","2":"type-product","3":"status-publish","4":"has-post-thumbnail","6":"product_cat-combate-a-incendio","7":"marca-autronica","9":"first","10":"instock","11":"shipping-taxable","12":"product-type-simple"},"yoast_head":"<!-- This site is optimized with the Yoast SEO plugin v27.2 - https:\/\/yoast.com\/product\/yoast-seo-wordpress\/ -->\n<title>AutroFlame X33AF - Full Solutions<\/title>\n<meta name=\"description\" content=\"Detector Autronica de chama AutroFlame X33AF em alum\u00ednio, certificado SIL 2, com tecnologia infravermelha multiespectral para aplica\u00e7\u00f5es industriais.\" \/>\n<meta name=\"robots\" content=\"index, follow, max-snippet:-1, max-image-preview:large, max-video-preview:-1\" \/>\n<link rel=\"canonical\" href=\"https:\/\/fullsolutions.info\/en\/product\/autroflame-x33af-sil\/\" \/>\n<meta property=\"og:locale\" content=\"en_US\" \/>\n<meta property=\"og:type\" content=\"article\" \/>\n<meta property=\"og:title\" content=\"AutroFlame X33AF - Full Solutions\" \/>\n<meta property=\"og:description\" content=\"Detector Autronica de chama AutroFlame X33AF em alum\u00ednio, certificado SIL 2, com tecnologia infravermelha multiespectral para aplica\u00e7\u00f5es industriais.\" \/>\n<meta property=\"og:url\" content=\"https:\/\/fullsolutions.info\/en\/product\/autroflame-x33af-sil\/\" \/>\n<meta property=\"og:site_name\" content=\"Full Solutions\" \/>\n<meta property=\"article:modified_time\" content=\"2026-04-13T14:09:23+00:00\" \/>\n<meta property=\"og:image\" content=\"https:\/\/mlhff0prgoxu.i.optimole.com\/cb:s0sM.767\/w:auto\/h:auto\/q:mauto\/f:best\/https:\/\/fullsolutions.info\/wp-content\/uploads\/2026\/04\/0_0_False_False_1_85__fileshare_filarkivroot_produkt_bilder_AutroFlame_X98_Alu_jpg.png\" \/>\n\t<meta property=\"og:image:width\" content=\"549\" \/>\n\t<meta property=\"og:image:height\" content=\"533\" \/>\n\t<meta property=\"og:image:type\" content=\"image\/png\" \/>\n<meta name=\"twitter:card\" content=\"summary_large_image\" \/>\n<meta name=\"twitter:label1\" content=\"Est. reading time\" \/>\n\t<meta name=\"twitter:data1\" content=\"1 minute\" \/>\n<script type=\"application\/ld+json\" class=\"yoast-schema-graph\">{\"@context\":\"https:\/\/schema.org\",\"@graph\":[{\"@type\":\"WebPage\",\"@id\":\"https:\/\/fullsolutions.info\/produto\/autroflame-x33af-sil\/\",\"url\":\"https:\/\/fullsolutions.info\/produto\/autroflame-x33af-sil\/\",\"name\":\"AutroFlame X33AF - Full Solutions\",\"isPartOf\":{\"@id\":\"https:\/\/fullsolutions.info\/#website\"},\"primaryImageOfPage\":{\"@id\":\"https:\/\/fullsolutions.info\/produto\/autroflame-x33af-sil\/#primaryimage\"},\"image\":{\"@id\":\"https:\/\/fullsolutions.info\/produto\/autroflame-x33af-sil\/#primaryimage\"},\"thumbnailUrl\":\"https:\/\/mlhff0prgoxu.i.optimole.com\/cb:s0sM.767\/w:auto\/h:auto\/q:mauto\/f:best\/https:\/\/fullsolutions.info\/wp-content\/uploads\/2026\/04\/0_0_False_False_1_85__fileshare_filarkivroot_produkt_bilder_AutroFlame_X98_Alu_jpg.png\",\"datePublished\":\"2026-04-13T12:09:46+00:00\",\"dateModified\":\"2026-04-13T14:09:23+00:00\",\"description\":\"Detector Autronica de chama AutroFlame X33AF em alum\u00ednio, certificado SIL 2, com tecnologia infravermelha multiespectral para aplica\u00e7\u00f5es industriais.\",\"breadcrumb\":{\"@id\":\"https:\/\/fullsolutions.info\/produto\/autroflame-x33af-sil\/#breadcrumb\"},\"inLanguage\":\"en-US\",\"potentialAction\":[{\"@type\":\"ReadAction\",\"target\":[\"https:\/\/fullsolutions.info\/produto\/autroflame-x33af-sil\/\"]}]},{\"@type\":\"ImageObject\",\"inLanguage\":\"en-US\",\"@id\":\"https:\/\/fullsolutions.info\/produto\/autroflame-x33af-sil\/#primaryimage\",\"url\":\"https:\/\/mlhff0prgoxu.i.optimole.com\/cb:s0sM.767\/w:auto\/h:auto\/q:mauto\/f:best\/https:\/\/fullsolutions.info\/wp-content\/uploads\/2026\/04\/0_0_False_False_1_85__fileshare_filarkivroot_produkt_bilder_AutroFlame_X98_Alu_jpg.png\",\"contentUrl\":\"https:\/\/mlhff0prgoxu.i.optimole.com\/cb:s0sM.767\/w:auto\/h:auto\/q:mauto\/f:best\/https:\/\/fullsolutions.info\/wp-content\/uploads\/2026\/04\/0_0_False_False_1_85__fileshare_filarkivroot_produkt_bilder_AutroFlame_X98_Alu_jpg.png\",\"width\":549,\"height\":533},{\"@type\":\"BreadcrumbList\",\"@id\":\"https:\/\/fullsolutions.info\/produto\/autroflame-x33af-sil\/#breadcrumb\",\"itemListElement\":[{\"@type\":\"ListItem\",\"position\":1,\"name\":\"In\u00edcio\",\"item\":\"https:\/\/fullsolutions.info\/\"},{\"@type\":\"ListItem\",\"position\":2,\"name\":\"Produtos\",\"item\":\"https:\/\/fullsolutions.info\/shop\/\"},{\"@type\":\"ListItem\",\"position\":3,\"name\":\"AutroFlame X33AF\"}]},{\"@type\":\"WebSite\",\"@id\":\"https:\/\/fullsolutions.info\/#website\",\"url\":\"https:\/\/fullsolutions.info\/\",\"name\":\"Full Solutions\",\"description\":\"Empresa na \u00c1rea de Procurement\",\"publisher\":{\"@id\":\"https:\/\/fullsolutions.info\/#organization\"},\"potentialAction\":[{\"@type\":\"SearchAction\",\"target\":{\"@type\":\"EntryPoint\",\"urlTemplate\":\"https:\/\/fullsolutions.info\/?s={search_term_string}\"},\"query-input\":{\"@type\":\"PropertyValueSpecification\",\"valueRequired\":true,\"valueName\":\"search_term_string\"}}],\"inLanguage\":\"en-US\"},{\"@type\":\"Organization\",\"@id\":\"https:\/\/fullsolutions.info\/#organization\",\"name\":\"Full Solutions\",\"url\":\"https:\/\/fullsolutions.info\/\",\"logo\":{\"@type\":\"ImageObject\",\"inLanguage\":\"en-US\",\"@id\":\"https:\/\/fullsolutions.info\/#\/schema\/logo\/image\/\",\"url\":\"https:\/\/mlhff0prgoxu.i.optimole.com\/cb:s0sM.767\/w:auto\/h:auto\/q:mauto\/f:best\/https:\/\/fullsolutions.info\/wp-content\/uploads\/2021\/07\/cropped-Design-sem-nome-300x193-1-e1627062664782.png\",\"contentUrl\":\"https:\/\/mlhff0prgoxu.i.optimole.com\/cb:s0sM.767\/w:auto\/h:auto\/q:mauto\/f:best\/https:\/\/fullsolutions.info\/wp-content\/uploads\/2021\/07\/cropped-Design-sem-nome-300x193-1-e1627062664782.png\",\"width\":202,\"height\":155,\"caption\":\"Full Solutions\"},\"image\":{\"@id\":\"https:\/\/fullsolutions.info\/#\/schema\/logo\/image\/\"},\"sameAs\":[\"https:\/\/www.linkedin.com\/company\/full-solutions-equipment\"]}]}<\/script>\n<!-- \/ Yoast SEO plugin. -->","yoast_head_json":{"title":"AutroFlame X33AF - Full Solutions","description":"Detector Autronica de chama AutroFlame X33AF em alum\u00ednio, certificado SIL 2, com tecnologia infravermelha multiespectral para aplica\u00e7\u00f5es industriais.","robots":{"index":"index","follow":"follow","max-snippet":"max-snippet:-1","max-image-preview":"max-image-preview:large","max-video-preview":"max-video-preview:-1"},"canonical":"https:\/\/fullsolutions.info\/en\/product\/autroflame-x33af-sil\/","og_locale":"en_US","og_type":"article","og_title":"AutroFlame X33AF - Full Solutions","og_description":"Detector Autronica de chama AutroFlame X33AF em alum\u00ednio, certificado SIL 2, com tecnologia infravermelha multiespectral para aplica\u00e7\u00f5es industriais.","og_url":"https:\/\/fullsolutions.info\/en\/product\/autroflame-x33af-sil\/","og_site_name":"Full Solutions","article_modified_time":"2026-04-13T14:09:23+00:00","og_image":[{"width":549,"height":533,"url":"https:\/\/mlhff0prgoxu.i.optimole.com\/cb:s0sM.767\/w:auto\/h:auto\/q:mauto\/f:best\/https:\/\/fullsolutions.info\/wp-content\/uploads\/2026\/04\/0_0_False_False_1_85__fileshare_filarkivroot_produkt_bilder_AutroFlame_X98_Alu_jpg.png","type":"image\/png"}],"twitter_card":"summary_large_image","twitter_misc":{"Est. reading time":"1 minute"},"schema":{"@context":"https:\/\/schema.org","@graph":[{"@type":"WebPage","@id":"https:\/\/fullsolutions.info\/produto\/autroflame-x33af-sil\/","url":"https:\/\/fullsolutions.info\/produto\/autroflame-x33af-sil\/","name":"AutroFlame X33AF - Full Solutions","isPartOf":{"@id":"https:\/\/fullsolutions.info\/#website"},"primaryImageOfPage":{"@id":"https:\/\/fullsolutions.info\/produto\/autroflame-x33af-sil\/#primaryimage"},"image":{"@id":"https:\/\/fullsolutions.info\/produto\/autroflame-x33af-sil\/#primaryimage"},"thumbnailUrl":"https:\/\/mlhff0prgoxu.i.optimole.com\/cb:s0sM.767\/w:auto\/h:auto\/q:mauto\/f:best\/https:\/\/fullsolutions.info\/wp-content\/uploads\/2026\/04\/0_0_False_False_1_85__fileshare_filarkivroot_produkt_bilder_AutroFlame_X98_Alu_jpg.png","datePublished":"2026-04-13T12:09:46+00:00","dateModified":"2026-04-13T14:09:23+00:00","description":"Detector Autronica de chama AutroFlame X33AF em alum\u00ednio, certificado SIL 2, com tecnologia infravermelha multiespectral para aplica\u00e7\u00f5es industriais.","breadcrumb":{"@id":"https:\/\/fullsolutions.info\/produto\/autroflame-x33af-sil\/#breadcrumb"},"inLanguage":"en-US","potentialAction":[{"@type":"ReadAction","target":["https:\/\/fullsolutions.info\/produto\/autroflame-x33af-sil\/"]}]},{"@type":"ImageObject","inLanguage":"en-US","@id":"https:\/\/fullsolutions.info\/produto\/autroflame-x33af-sil\/#primaryimage","url":"https:\/\/mlhff0prgoxu.i.optimole.com\/cb:s0sM.767\/w:auto\/h:auto\/q:mauto\/f:best\/https:\/\/fullsolutions.info\/wp-content\/uploads\/2026\/04\/0_0_False_False_1_85__fileshare_filarkivroot_produkt_bilder_AutroFlame_X98_Alu_jpg.png","contentUrl":"https:\/\/mlhff0prgoxu.i.optimole.com\/cb:s0sM.767\/w:auto\/h:auto\/q:mauto\/f:best\/https:\/\/fullsolutions.info\/wp-content\/uploads\/2026\/04\/0_0_False_False_1_85__fileshare_filarkivroot_produkt_bilder_AutroFlame_X98_Alu_jpg.png","width":549,"height":533},{"@type":"BreadcrumbList","@id":"https:\/\/fullsolutions.info\/produto\/autroflame-x33af-sil\/#breadcrumb","itemListElement":[{"@type":"ListItem","position":1,"name":"In\u00edcio","item":"https:\/\/fullsolutions.info\/"},{"@type":"ListItem","position":2,"name":"Produtos","item":"https:\/\/fullsolutions.info\/shop\/"},{"@type":"ListItem","position":3,"name":"AutroFlame X33AF"}]},{"@type":"WebSite","@id":"https:\/\/fullsolutions.info\/#website","url":"https:\/\/fullsolutions.info\/","name":"Full Solutions","description":"Empresa na \u00c1rea de Procurement","publisher":{"@id":"https:\/\/fullsolutions.info\/#organization"},"potentialAction":[{"@type":"SearchAction","target":{"@type":"EntryPoint","urlTemplate":"https:\/\/fullsolutions.info\/?s={search_term_string}"},"query-input":{"@type":"PropertyValueSpecification","valueRequired":true,"valueName":"search_term_string"}}],"inLanguage":"en-US"},{"@type":"Organization","@id":"https:\/\/fullsolutions.info\/#organization","name":"Full Solutions","url":"https:\/\/fullsolutions.info\/","logo":{"@type":"ImageObject","inLanguage":"en-US","@id":"https:\/\/fullsolutions.info\/#\/schema\/logo\/image\/","url":"https:\/\/mlhff0prgoxu.i.optimole.com\/cb:s0sM.767\/w:auto\/h:auto\/q:mauto\/f:best\/https:\/\/fullsolutions.info\/wp-content\/uploads\/2021\/07\/cropped-Design-sem-nome-300x193-1-e1627062664782.png","contentUrl":"https:\/\/mlhff0prgoxu.i.optimole.com\/cb:s0sM.767\/w:auto\/h:auto\/q:mauto\/f:best\/https:\/\/fullsolutions.info\/wp-content\/uploads\/2021\/07\/cropped-Design-sem-nome-300x193-1-e1627062664782.png","width":202,"height":155,"caption":"Full Solutions"},"image":{"@id":"https:\/\/fullsolutions.info\/#\/schema\/logo\/image\/"},"sameAs":["https:\/\/www.linkedin.com\/company\/full-solutions-equipment"]}]}},"_links":{"self":[{"href":"https:\/\/fullsolutions.info\/en\/wp-json\/wp\/v2\/product\/6372","targetHints":{"allow":["GET"]}}],"collection":[{"href":"https:\/\/fullsolutions.info\/en\/wp-json\/wp\/v2\/product"}],"about":[{"href":"https:\/\/fullsolutions.info\/en\/wp-json\/wp\/v2\/types\/product"}],"replies":[{"embeddable":true,"href":"https:\/\/fullsolutions.info\/en\/wp-json\/wp\/v2\/comments?post=6372"}],"wp:featuredmedia":[{"embeddable":true,"href":"https:\/\/fullsolutions.info\/en\/wp-json\/wp\/v2\/media\/6390"}],"wp:attachment":[{"href":"https:\/\/fullsolutions.info\/en\/wp-json\/wp\/v2\/media?parent=6372"}],"wp:term":[{"taxonomy":"product_brand","embeddable":true,"href":"https:\/\/fullsolutions.info\/en\/wp-json\/wp\/v2\/product_brand?post=6372"},{"taxonomy":"product_cat","embeddable":true,"href":"https:\/\/fullsolutions.info\/en\/wp-json\/wp\/v2\/product_cat?post=6372"},{"taxonomy":"product_tag","embeddable":true,"href":"https:\/\/fullsolutions.info\/en\/wp-json\/wp\/v2\/product_tag?post=6372"},{"taxonomy":"marca","embeddable":true,"href":"https:\/\/fullsolutions.info\/en\/wp-json\/wp\/v2\/marca?post=6372"}],"curies":[{"name":"wp","href":"https:\/\/api.w.org\/{rel}","templated":true}]}}