{"id":6365,"date":"2026-03-18T16:18:28","date_gmt":"2026-03-18T19:18:28","guid":{"rendered":"https:\/\/fullsolutions.info\/?post_type=product&#038;p=6365"},"modified":"2026-04-22T10:50:33","modified_gmt":"2026-04-22T13:50:33","slug":"testifire-xtr2-wbj-20","status":"publish","type":"product","link":"https:\/\/fullsolutions.info\/en\/product\/testifire-xtr2-wbj-20\/","title":{"rendered":"Kit de teste para detectores de fuma\u00e7a e calor Testifire XTR2 WBJ-20"},"content":{"rendered":"<p data-start=\"613\" data-end=\"747\">O Testifire XTR2 WBJ-20 realiza testes funcionais em detectores de inc\u00eandio. O equipamento atende aplica\u00e7\u00f5es de manuten\u00e7\u00e3o e inspe\u00e7\u00e3o.<\/p>\n<p data-start=\"749\" data-end=\"936\">O testador gera est\u00edmulos controlados de fuma\u00e7a, calor e mon\u00f3xido de carbono. Em seguida, verifica a resposta dos detectores. Assim, garante a valida\u00e7\u00e3o do funcionamento dos dispositivos.<\/p>\n<p data-start=\"938\" data-end=\"1096\">Al\u00e9m disso, o Testifire XTR2 oferece opera\u00e7\u00e3o segura e pr\u00e1tica. O equipamento n\u00e3o utiliza aeross\u00f3is tradicionais. Isso reduz riscos e facilita o uso em campo.<\/p>\n<p data-start=\"1098\" data-end=\"1238\">Por fim, o sistema possui design port\u00e1til e f\u00e1cil manuseio. Ele agiliza o processo de teste e aumenta a efici\u00eancia da manuten\u00e7\u00e3o preventiva.<\/p>\n<p data-start=\"589\" data-end=\"612\" data-is-last-node=\"\" data-is-only-node=\"\">Part number: 116-WBJ-20<\/p>","protected":false},"excerpt":{"rendered":"<p>O Testifire XTR2 WBJ-20 realiza testes funcionais em detectores de inc\u00eandio. O equipamento atende aplica\u00e7\u00f5es de manuten\u00e7\u00e3o e inspe\u00e7\u00e3o. O testador gera est\u00edmulos controlados de fuma\u00e7a, calor e mon\u00f3xido de carbono. Em seguida, verifica a resposta dos detectores. Assim, garante a valida\u00e7\u00e3o do funcionamento dos dispositivos. Al\u00e9m disso, o Testifire XTR2 oferece opera\u00e7\u00e3o segura e pr\u00e1tica. O equipamento n\u00e3o utiliza aeross\u00f3is tradicionais. Isso reduz riscos e facilita o uso em campo. Por fim, o sistema possui design port\u00e1til e f\u00e1cil manuseio. Ele agiliza o processo de teste e aumenta a efici\u00eancia da manuten\u00e7\u00e3o preventiva. Part number: 116-WBJ-20<\/p>","protected":false},"featured_media":6366,"comment_status":"open","ping_status":"closed","template":"","meta":{"_joinchat":[]},"product_brand":[],"product_cat":[116],"product_tag":[],"marca":[91],"class_list":{"0":"post-6365","1":"product","2":"type-product","3":"status-publish","4":"has-post-thumbnail","6":"product_cat-combate-a-incendio","7":"marca-autronica","9":"first","10":"instock","11":"shipping-taxable","12":"product-type-simple"},"yoast_head":"<!-- This site is optimized with the Yoast SEO plugin v27.2 - https:\/\/yoast.com\/product\/yoast-seo-wordpress\/ -->\n<title>Autronica Testifire XTR2 WBJ-20 - Full Solutions<\/title>\n<meta name=\"description\" content=\"Kit de teste Testifire XTR2 WBJ-20 para detectores de fuma\u00e7a e calor, com gera\u00e7\u00e3o de est\u00edmulos precisos para verifica\u00e7\u00e3o funcional r\u00e1pida e segura em sistemas de detec\u00e7\u00e3o de inc\u00eandio.\" \/>\n<meta name=\"robots\" content=\"index, follow, max-snippet:-1, max-image-preview:large, max-video-preview:-1\" \/>\n<link rel=\"canonical\" href=\"https:\/\/fullsolutions.info\/en\/product\/testifire-xtr2-wbj-20\/\" \/>\n<meta property=\"og:locale\" content=\"en_US\" \/>\n<meta property=\"og:type\" content=\"article\" \/>\n<meta property=\"og:title\" content=\"Autronica Testifire XTR2 WBJ-20 - Full Solutions\" \/>\n<meta property=\"og:description\" content=\"Kit de teste Testifire XTR2 WBJ-20 para detectores de fuma\u00e7a e calor, com gera\u00e7\u00e3o de est\u00edmulos precisos para verifica\u00e7\u00e3o funcional r\u00e1pida e segura em sistemas de detec\u00e7\u00e3o de inc\u00eandio.\" \/>\n<meta property=\"og:url\" content=\"https:\/\/fullsolutions.info\/en\/product\/testifire-xtr2-wbj-20\/\" \/>\n<meta property=\"og:site_name\" content=\"Full Solutions\" \/>\n<meta property=\"article:modified_time\" content=\"2026-04-22T13:50:33+00:00\" \/>\n<meta property=\"og:image\" content=\"https:\/\/mlhff0prgoxu.i.optimole.com\/cb:s0sM.767\/w:auto\/h:auto\/q:mauto\/f:best\/https:\/\/fullsolutions.info\/wp-content\/uploads\/2026\/03\/fileshare_filarkivroot_produkt_bilder_WBJ-20_jpg.webp\" \/>\n\t<meta property=\"og:image:width\" content=\"549\" \/>\n\t<meta property=\"og:image:height\" content=\"533\" \/>\n\t<meta property=\"og:image:type\" content=\"image\/webp\" \/>\n<meta name=\"twitter:card\" content=\"summary_large_image\" \/>\n<meta name=\"twitter:label1\" content=\"Est. reading time\" \/>\n\t<meta name=\"twitter:data1\" content=\"1 minute\" \/>\n<script type=\"application\/ld+json\" class=\"yoast-schema-graph\">{\"@context\":\"https:\/\/schema.org\",\"@graph\":[{\"@type\":\"WebPage\",\"@id\":\"https:\/\/fullsolutions.info\/produto\/testifire-xtr2-wbj-20\/\",\"url\":\"https:\/\/fullsolutions.info\/produto\/testifire-xtr2-wbj-20\/\",\"name\":\"Autronica Testifire XTR2 WBJ-20 - Full Solutions\",\"isPartOf\":{\"@id\":\"https:\/\/fullsolutions.info\/#website\"},\"primaryImageOfPage\":{\"@id\":\"https:\/\/fullsolutions.info\/produto\/testifire-xtr2-wbj-20\/#primaryimage\"},\"image\":{\"@id\":\"https:\/\/fullsolutions.info\/produto\/testifire-xtr2-wbj-20\/#primaryimage\"},\"thumbnailUrl\":\"https:\/\/mlhff0prgoxu.i.optimole.com\/cb:s0sM.767\/w:auto\/h:auto\/q:mauto\/f:best\/https:\/\/fullsolutions.info\/wp-content\/uploads\/2026\/03\/fileshare_filarkivroot_produkt_bilder_WBJ-20_jpg.webp\",\"datePublished\":\"2026-03-18T19:18:28+00:00\",\"dateModified\":\"2026-04-22T13:50:33+00:00\",\"description\":\"Kit de teste Testifire XTR2 WBJ-20 para detectores de fuma\u00e7a e calor, com gera\u00e7\u00e3o de est\u00edmulos precisos para verifica\u00e7\u00e3o funcional r\u00e1pida e segura em sistemas de detec\u00e7\u00e3o de inc\u00eandio.\",\"breadcrumb\":{\"@id\":\"https:\/\/fullsolutions.info\/produto\/testifire-xtr2-wbj-20\/#breadcrumb\"},\"inLanguage\":\"en-US\",\"potentialAction\":[{\"@type\":\"ReadAction\",\"target\":[\"https:\/\/fullsolutions.info\/produto\/testifire-xtr2-wbj-20\/\"]}]},{\"@type\":\"ImageObject\",\"inLanguage\":\"en-US\",\"@id\":\"https:\/\/fullsolutions.info\/produto\/testifire-xtr2-wbj-20\/#primaryimage\",\"url\":\"https:\/\/mlhff0prgoxu.i.optimole.com\/cb:s0sM.767\/w:auto\/h:auto\/q:mauto\/f:best\/https:\/\/fullsolutions.info\/wp-content\/uploads\/2026\/03\/fileshare_filarkivroot_produkt_bilder_WBJ-20_jpg.webp\",\"contentUrl\":\"https:\/\/mlhff0prgoxu.i.optimole.com\/cb:s0sM.767\/w:auto\/h:auto\/q:mauto\/f:best\/https:\/\/fullsolutions.info\/wp-content\/uploads\/2026\/03\/fileshare_filarkivroot_produkt_bilder_WBJ-20_jpg.webp\",\"width\":549,\"height\":533},{\"@type\":\"BreadcrumbList\",\"@id\":\"https:\/\/fullsolutions.info\/produto\/testifire-xtr2-wbj-20\/#breadcrumb\",\"itemListElement\":[{\"@type\":\"ListItem\",\"position\":1,\"name\":\"In\u00edcio\",\"item\":\"https:\/\/fullsolutions.info\/\"},{\"@type\":\"ListItem\",\"position\":2,\"name\":\"Produtos\",\"item\":\"https:\/\/fullsolutions.info\/shop\/\"},{\"@type\":\"ListItem\",\"position\":3,\"name\":\"Kit de teste para detectores de fuma\u00e7a e calor Testifire XTR2 WBJ-20\"}]},{\"@type\":\"WebSite\",\"@id\":\"https:\/\/fullsolutions.info\/#website\",\"url\":\"https:\/\/fullsolutions.info\/\",\"name\":\"Full Solutions\",\"description\":\"Empresa na \u00c1rea de Procurement\",\"publisher\":{\"@id\":\"https:\/\/fullsolutions.info\/#organization\"},\"potentialAction\":[{\"@type\":\"SearchAction\",\"target\":{\"@type\":\"EntryPoint\",\"urlTemplate\":\"https:\/\/fullsolutions.info\/?s={search_term_string}\"},\"query-input\":{\"@type\":\"PropertyValueSpecification\",\"valueRequired\":true,\"valueName\":\"search_term_string\"}}],\"inLanguage\":\"en-US\"},{\"@type\":\"Organization\",\"@id\":\"https:\/\/fullsolutions.info\/#organization\",\"name\":\"Full Solutions\",\"url\":\"https:\/\/fullsolutions.info\/\",\"logo\":{\"@type\":\"ImageObject\",\"inLanguage\":\"en-US\",\"@id\":\"https:\/\/fullsolutions.info\/#\/schema\/logo\/image\/\",\"url\":\"https:\/\/mlhff0prgoxu.i.optimole.com\/cb:s0sM.767\/w:auto\/h:auto\/q:mauto\/f:best\/https:\/\/fullsolutions.info\/wp-content\/uploads\/2021\/07\/cropped-Design-sem-nome-300x193-1-e1627062664782.png\",\"contentUrl\":\"https:\/\/mlhff0prgoxu.i.optimole.com\/cb:s0sM.767\/w:auto\/h:auto\/q:mauto\/f:best\/https:\/\/fullsolutions.info\/wp-content\/uploads\/2021\/07\/cropped-Design-sem-nome-300x193-1-e1627062664782.png\",\"width\":202,\"height\":155,\"caption\":\"Full Solutions\"},\"image\":{\"@id\":\"https:\/\/fullsolutions.info\/#\/schema\/logo\/image\/\"},\"sameAs\":[\"https:\/\/www.linkedin.com\/company\/full-solutions-equipment\"]}]}<\/script>\n<!-- \/ Yoast SEO plugin. -->","yoast_head_json":{"title":"Autronica Testifire XTR2 WBJ-20 - Full Solutions","description":"Kit de teste Testifire XTR2 WBJ-20 para detectores de fuma\u00e7a e calor, com gera\u00e7\u00e3o de est\u00edmulos precisos para verifica\u00e7\u00e3o funcional r\u00e1pida e segura em sistemas de detec\u00e7\u00e3o de inc\u00eandio.","robots":{"index":"index","follow":"follow","max-snippet":"max-snippet:-1","max-image-preview":"max-image-preview:large","max-video-preview":"max-video-preview:-1"},"canonical":"https:\/\/fullsolutions.info\/en\/product\/testifire-xtr2-wbj-20\/","og_locale":"en_US","og_type":"article","og_title":"Autronica Testifire XTR2 WBJ-20 - Full Solutions","og_description":"Kit de teste Testifire XTR2 WBJ-20 para detectores de fuma\u00e7a e calor, com gera\u00e7\u00e3o de est\u00edmulos precisos para verifica\u00e7\u00e3o funcional r\u00e1pida e segura em sistemas de detec\u00e7\u00e3o de inc\u00eandio.","og_url":"https:\/\/fullsolutions.info\/en\/product\/testifire-xtr2-wbj-20\/","og_site_name":"Full Solutions","article_modified_time":"2026-04-22T13:50:33+00:00","og_image":[{"width":549,"height":533,"url":"https:\/\/mlhff0prgoxu.i.optimole.com\/cb:s0sM.767\/w:auto\/h:auto\/q:mauto\/f:best\/https:\/\/fullsolutions.info\/wp-content\/uploads\/2026\/03\/fileshare_filarkivroot_produkt_bilder_WBJ-20_jpg.webp","type":"image\/webp"}],"twitter_card":"summary_large_image","twitter_misc":{"Est. reading time":"1 minute"},"schema":{"@context":"https:\/\/schema.org","@graph":[{"@type":"WebPage","@id":"https:\/\/fullsolutions.info\/produto\/testifire-xtr2-wbj-20\/","url":"https:\/\/fullsolutions.info\/produto\/testifire-xtr2-wbj-20\/","name":"Autronica Testifire XTR2 WBJ-20 - Full Solutions","isPartOf":{"@id":"https:\/\/fullsolutions.info\/#website"},"primaryImageOfPage":{"@id":"https:\/\/fullsolutions.info\/produto\/testifire-xtr2-wbj-20\/#primaryimage"},"image":{"@id":"https:\/\/fullsolutions.info\/produto\/testifire-xtr2-wbj-20\/#primaryimage"},"thumbnailUrl":"https:\/\/mlhff0prgoxu.i.optimole.com\/cb:s0sM.767\/w:auto\/h:auto\/q:mauto\/f:best\/https:\/\/fullsolutions.info\/wp-content\/uploads\/2026\/03\/fileshare_filarkivroot_produkt_bilder_WBJ-20_jpg.webp","datePublished":"2026-03-18T19:18:28+00:00","dateModified":"2026-04-22T13:50:33+00:00","description":"Kit de teste Testifire XTR2 WBJ-20 para detectores de fuma\u00e7a e calor, com gera\u00e7\u00e3o de est\u00edmulos precisos para verifica\u00e7\u00e3o funcional r\u00e1pida e segura em sistemas de detec\u00e7\u00e3o de inc\u00eandio.","breadcrumb":{"@id":"https:\/\/fullsolutions.info\/produto\/testifire-xtr2-wbj-20\/#breadcrumb"},"inLanguage":"en-US","potentialAction":[{"@type":"ReadAction","target":["https:\/\/fullsolutions.info\/produto\/testifire-xtr2-wbj-20\/"]}]},{"@type":"ImageObject","inLanguage":"en-US","@id":"https:\/\/fullsolutions.info\/produto\/testifire-xtr2-wbj-20\/#primaryimage","url":"https:\/\/mlhff0prgoxu.i.optimole.com\/cb:s0sM.767\/w:auto\/h:auto\/q:mauto\/f:best\/https:\/\/fullsolutions.info\/wp-content\/uploads\/2026\/03\/fileshare_filarkivroot_produkt_bilder_WBJ-20_jpg.webp","contentUrl":"https:\/\/mlhff0prgoxu.i.optimole.com\/cb:s0sM.767\/w:auto\/h:auto\/q:mauto\/f:best\/https:\/\/fullsolutions.info\/wp-content\/uploads\/2026\/03\/fileshare_filarkivroot_produkt_bilder_WBJ-20_jpg.webp","width":549,"height":533},{"@type":"BreadcrumbList","@id":"https:\/\/fullsolutions.info\/produto\/testifire-xtr2-wbj-20\/#breadcrumb","itemListElement":[{"@type":"ListItem","position":1,"name":"In\u00edcio","item":"https:\/\/fullsolutions.info\/"},{"@type":"ListItem","position":2,"name":"Produtos","item":"https:\/\/fullsolutions.info\/shop\/"},{"@type":"ListItem","position":3,"name":"Kit de teste para detectores de fuma\u00e7a e calor Testifire XTR2 WBJ-20"}]},{"@type":"WebSite","@id":"https:\/\/fullsolutions.info\/#website","url":"https:\/\/fullsolutions.info\/","name":"Full Solutions","description":"Empresa na \u00c1rea de Procurement","publisher":{"@id":"https:\/\/fullsolutions.info\/#organization"},"potentialAction":[{"@type":"SearchAction","target":{"@type":"EntryPoint","urlTemplate":"https:\/\/fullsolutions.info\/?s={search_term_string}"},"query-input":{"@type":"PropertyValueSpecification","valueRequired":true,"valueName":"search_term_string"}}],"inLanguage":"en-US"},{"@type":"Organization","@id":"https:\/\/fullsolutions.info\/#organization","name":"Full Solutions","url":"https:\/\/fullsolutions.info\/","logo":{"@type":"ImageObject","inLanguage":"en-US","@id":"https:\/\/fullsolutions.info\/#\/schema\/logo\/image\/","url":"https:\/\/mlhff0prgoxu.i.optimole.com\/cb:s0sM.767\/w:auto\/h:auto\/q:mauto\/f:best\/https:\/\/fullsolutions.info\/wp-content\/uploads\/2021\/07\/cropped-Design-sem-nome-300x193-1-e1627062664782.png","contentUrl":"https:\/\/mlhff0prgoxu.i.optimole.com\/cb:s0sM.767\/w:auto\/h:auto\/q:mauto\/f:best\/https:\/\/fullsolutions.info\/wp-content\/uploads\/2021\/07\/cropped-Design-sem-nome-300x193-1-e1627062664782.png","width":202,"height":155,"caption":"Full Solutions"},"image":{"@id":"https:\/\/fullsolutions.info\/#\/schema\/logo\/image\/"},"sameAs":["https:\/\/www.linkedin.com\/company\/full-solutions-equipment"]}]}},"_links":{"self":[{"href":"https:\/\/fullsolutions.info\/en\/wp-json\/wp\/v2\/product\/6365","targetHints":{"allow":["GET"]}}],"collection":[{"href":"https:\/\/fullsolutions.info\/en\/wp-json\/wp\/v2\/product"}],"about":[{"href":"https:\/\/fullsolutions.info\/en\/wp-json\/wp\/v2\/types\/product"}],"replies":[{"embeddable":true,"href":"https:\/\/fullsolutions.info\/en\/wp-json\/wp\/v2\/comments?post=6365"}],"wp:featuredmedia":[{"embeddable":true,"href":"https:\/\/fullsolutions.info\/en\/wp-json\/wp\/v2\/media\/6366"}],"wp:attachment":[{"href":"https:\/\/fullsolutions.info\/en\/wp-json\/wp\/v2\/media?parent=6365"}],"wp:term":[{"taxonomy":"product_brand","embeddable":true,"href":"https:\/\/fullsolutions.info\/en\/wp-json\/wp\/v2\/product_brand?post=6365"},{"taxonomy":"product_cat","embeddable":true,"href":"https:\/\/fullsolutions.info\/en\/wp-json\/wp\/v2\/product_cat?post=6365"},{"taxonomy":"product_tag","embeddable":true,"href":"https:\/\/fullsolutions.info\/en\/wp-json\/wp\/v2\/product_tag?post=6365"},{"taxonomy":"marca","embeddable":true,"href":"https:\/\/fullsolutions.info\/en\/wp-json\/wp\/v2\/marca?post=6365"}],"curies":[{"name":"wp","href":"https:\/\/api.w.org\/{rel}","templated":true}]}}