{"id":6363,"date":"2026-03-17T11:13:30","date_gmt":"2026-03-17T14:13:30","guid":{"rendered":"https:\/\/fullsolutions.info\/?post_type=product&#038;p=6363"},"modified":"2026-04-13T09:28:29","modified_gmt":"2026-04-13T12:28:29","slug":"detectores-de-chama-ir-simples","status":"publish","type":"product","link":"https:\/\/fullsolutions.info\/en\/product\/detectores-de-chama-ir-simples\/","title":{"rendered":"Detectores de chama IR simples"},"content":{"rendered":"<div class=\"flex flex-col text-sm pb-25\">\n<article class=\"text-token-text-primary w-full focus:outline-none [--shadow-height:45px] has-data-writing-block:pointer-events-none has-data-writing-block:-mt-(--shadow-height) has-data-writing-block:pt-(--shadow-height) [&amp;:has([data-writing-block])&gt;*]:pointer-events-auto scroll-mt-[calc(var(--header-height)+min(200px,max(70px,20svh)))]\" dir=\"auto\" tabindex=\"-1\" data-turn-id=\"request-6980d14f-2da0-8326-a972-303716553686-1\" data-testid=\"conversation-turn-78\" data-scroll-anchor=\"true\" data-turn=\"assistant\">\n<div class=\"text-base my-auto mx-auto pb-10 [--thread-content-margin:var(--thread-content-margin-xs,calc(var(--spacing)*4))] @w-sm\/main:[--thread-content-margin:var(--thread-content-margin-sm,calc(var(--spacing)*6))] @w-lg\/main:[--thread-content-margin:var(--thread-content-margin-lg,calc(var(--spacing)*16))] px-(--thread-content-margin)\">\n<div class=\"[--thread-content-max-width:40rem] @w-lg\/main:[--thread-content-max-width:48rem] mx-auto max-w-(--thread-content-max-width) flex-1 group\/turn-messages focus-visible:outline-hidden relative flex w-full min-w-0 flex-col agent-turn\" tabindex=\"-1\">\n<div class=\"flex max-w-full flex-col gap-4 grow\">\n<div class=\"min-h-8 text-message relative flex w-full flex-col items-end gap-2 text-start break-words whitespace-normal [.text-message+&amp;]:mt-1\" dir=\"auto\" data-message-author-role=\"assistant\" data-message-id=\"c7e0d18b-6848-48a8-9e34-a35dd9ed2f21\" data-message-model-slug=\"gpt-5-3\">\n<div class=\"flex w-full flex-col gap-1 empty:hidden\">\n<div class=\"markdown prose dark:prose-invert w-full wrap-break-word light markdown-new-styling\">\n<p data-start=\"32\" data-end=\"161\">Detectores econ\u00f4micos e confi\u00e1veis, ideais para ambientes offshore e mar\u00edtimos. Possuem certifica\u00e7\u00e3o Ex para \u00e1reas classificadas.<\/p>\n<p data-start=\"163\" data-end=\"266\">Tecnologia Quick Fire para detec\u00e7\u00e3o de alta velocidade, mesmo em ambientes com fontes de infravermelho.<\/p>\n<p data-start=\"268\" data-end=\"401\">Todos os detectores Single IR flame detectors AutroFlame X possuem 4 entradas de cabo M25. Suporte articulado, prensa-cabos e tamp\u00f5es cegos n\u00e3o est\u00e3o inclusos.<\/p>\n<p data-start=\"403\" data-end=\"433\">Faixa de temperatura ambiente:<\/p>\n<ul data-start=\"434\" data-end=\"481\">\n<li data-section-id=\"1otq5m\" data-start=\"434\" data-end=\"458\">\n<p data-start=\"436\" data-end=\"458\">-55 \u00b0C a +60 \u00b0C (T6)<\/p>\n<\/li>\n<li data-section-id=\"by4xyl\" data-start=\"459\" data-end=\"481\">\n<p data-start=\"461\" data-end=\"481\">-55 \u00b0C a +75 \u00b0C (T5)<\/p>\n<\/li>\n<\/ul>\n<p data-start=\"483\" data-end=\"581\" data-is-last-node=\"\" data-is-only-node=\"\">Para integra\u00e7\u00e3o dos detectores AutroFlame X ao sistema AutroSafe, utilizar a interface 116-BN-304.<\/p>\n<\/div>\n<\/div>\n<\/div>\n<\/div>\n<div class=\"z-0 flex min-h-[46px] justify-start\"><\/div>\n<div class=\"mt-3 w-full empty:hidden\">\n<div class=\"text-center\"><\/div>\n<\/div>\n<\/div>\n<\/div>\n<\/article>\n<\/div>\n<div class=\"pointer-events-none h-px w-px absolute bottom-0\" aria-hidden=\"true\" data-edge=\"true\"><\/div>","protected":false},"excerpt":{"rendered":"<p>Detectores econ\u00f4micos e confi\u00e1veis, ideais para ambientes offshore e mar\u00edtimos. Possuem certifica\u00e7\u00e3o Ex para \u00e1reas classificadas. Tecnologia Quick Fire para detec\u00e7\u00e3o de alta velocidade, mesmo em ambientes com fontes de infravermelho. Todos os detectores Single IR flame detectors AutroFlame X possuem 4 entradas de cabo M25. Suporte articulado, prensa-cabos e tamp\u00f5es cegos n\u00e3o est\u00e3o inclusos. Faixa de temperatura ambiente: -55 \u00b0C a +60 \u00b0C (T6) -55 \u00b0C a +75 \u00b0C (T5) Para integra\u00e7\u00e3o dos detectores AutroFlame X ao sistema AutroSafe, utilizar a interface 116-BN-304.<\/p>","protected":false},"featured_media":6364,"comment_status":"open","ping_status":"closed","template":"","meta":{"_joinchat":[]},"product_brand":[],"product_cat":[116],"product_tag":[],"marca":[91],"class_list":{"0":"post-6363","1":"product","2":"type-product","3":"status-publish","4":"has-post-thumbnail","6":"product_cat-combate-a-incendio","7":"marca-autronica","9":"first","10":"instock","11":"shipping-taxable","12":"product-type-simple"},"yoast_head":"<!-- This site is optimized with the Yoast SEO plugin v27.2 - https:\/\/yoast.com\/product\/yoast-seo-wordpress\/ -->\n<title>Detectores de chama IR simples - Full Solutions<\/title>\n<meta name=\"description\" content=\"Detectores de chama IR simples Autronica com alta sensibilidade e resposta r\u00e1pida, ideais para detec\u00e7\u00e3o confi\u00e1vel de inc\u00eandios em aplica\u00e7\u00f5es industriais e \u00e1reas classificadas.\" \/>\n<meta name=\"robots\" content=\"index, follow, max-snippet:-1, max-image-preview:large, max-video-preview:-1\" \/>\n<link rel=\"canonical\" href=\"https:\/\/fullsolutions.info\/en\/product\/detectores-de-chama-ir-simples\/\" \/>\n<meta property=\"og:locale\" content=\"en_US\" \/>\n<meta property=\"og:type\" content=\"article\" \/>\n<meta property=\"og:title\" content=\"Detectores de chama IR simples - Full Solutions\" \/>\n<meta property=\"og:description\" content=\"Detectores de chama IR simples Autronica com alta sensibilidade e resposta r\u00e1pida, ideais para detec\u00e7\u00e3o confi\u00e1vel de inc\u00eandios em aplica\u00e7\u00f5es industriais e \u00e1reas classificadas.\" \/>\n<meta property=\"og:url\" content=\"https:\/\/fullsolutions.info\/en\/product\/detectores-de-chama-ir-simples\/\" \/>\n<meta property=\"og:site_name\" content=\"Full Solutions\" \/>\n<meta property=\"article:modified_time\" content=\"2026-04-13T12:28:29+00:00\" \/>\n<meta property=\"og:image\" content=\"https:\/\/mlhff0prgoxu.i.optimole.com\/cb:s0sM.767\/w:auto\/h:auto\/q:mauto\/f:best\/https:\/\/fullsolutions.info\/wp-content\/uploads\/2026\/03\/Single-IR-flame-detectors.webp\" \/>\n\t<meta property=\"og:image:width\" content=\"549\" \/>\n\t<meta property=\"og:image:height\" content=\"533\" \/>\n\t<meta property=\"og:image:type\" content=\"image\/webp\" \/>\n<meta name=\"twitter:card\" content=\"summary_large_image\" \/>\n<meta name=\"twitter:label1\" content=\"Est. reading time\" \/>\n\t<meta name=\"twitter:data1\" content=\"1 minute\" \/>\n<script type=\"application\/ld+json\" class=\"yoast-schema-graph\">{\"@context\":\"https:\/\/schema.org\",\"@graph\":[{\"@type\":\"WebPage\",\"@id\":\"https:\/\/fullsolutions.info\/produto\/detectores-de-chama-ir-simples\/\",\"url\":\"https:\/\/fullsolutions.info\/produto\/detectores-de-chama-ir-simples\/\",\"name\":\"Detectores de chama IR simples - Full Solutions\",\"isPartOf\":{\"@id\":\"https:\/\/fullsolutions.info\/#website\"},\"primaryImageOfPage\":{\"@id\":\"https:\/\/fullsolutions.info\/produto\/detectores-de-chama-ir-simples\/#primaryimage\"},\"image\":{\"@id\":\"https:\/\/fullsolutions.info\/produto\/detectores-de-chama-ir-simples\/#primaryimage\"},\"thumbnailUrl\":\"https:\/\/mlhff0prgoxu.i.optimole.com\/cb:s0sM.767\/w:auto\/h:auto\/q:mauto\/f:best\/https:\/\/fullsolutions.info\/wp-content\/uploads\/2026\/03\/Single-IR-flame-detectors.webp\",\"datePublished\":\"2026-03-17T14:13:30+00:00\",\"dateModified\":\"2026-04-13T12:28:29+00:00\",\"description\":\"Detectores de chama IR simples Autronica com alta sensibilidade e resposta r\u00e1pida, ideais para detec\u00e7\u00e3o confi\u00e1vel de inc\u00eandios em aplica\u00e7\u00f5es industriais e \u00e1reas classificadas.\",\"breadcrumb\":{\"@id\":\"https:\/\/fullsolutions.info\/produto\/detectores-de-chama-ir-simples\/#breadcrumb\"},\"inLanguage\":\"en-US\",\"potentialAction\":[{\"@type\":\"ReadAction\",\"target\":[\"https:\/\/fullsolutions.info\/produto\/detectores-de-chama-ir-simples\/\"]}]},{\"@type\":\"ImageObject\",\"inLanguage\":\"en-US\",\"@id\":\"https:\/\/fullsolutions.info\/produto\/detectores-de-chama-ir-simples\/#primaryimage\",\"url\":\"https:\/\/mlhff0prgoxu.i.optimole.com\/cb:s0sM.767\/w:auto\/h:auto\/q:mauto\/f:best\/https:\/\/fullsolutions.info\/wp-content\/uploads\/2026\/03\/Single-IR-flame-detectors.webp\",\"contentUrl\":\"https:\/\/mlhff0prgoxu.i.optimole.com\/cb:s0sM.767\/w:auto\/h:auto\/q:mauto\/f:best\/https:\/\/fullsolutions.info\/wp-content\/uploads\/2026\/03\/Single-IR-flame-detectors.webp\",\"width\":549,\"height\":533},{\"@type\":\"BreadcrumbList\",\"@id\":\"https:\/\/fullsolutions.info\/produto\/detectores-de-chama-ir-simples\/#breadcrumb\",\"itemListElement\":[{\"@type\":\"ListItem\",\"position\":1,\"name\":\"In\u00edcio\",\"item\":\"https:\/\/fullsolutions.info\/\"},{\"@type\":\"ListItem\",\"position\":2,\"name\":\"Produtos\",\"item\":\"https:\/\/fullsolutions.info\/shop\/\"},{\"@type\":\"ListItem\",\"position\":3,\"name\":\"Detectores de chama IR simples\"}]},{\"@type\":\"WebSite\",\"@id\":\"https:\/\/fullsolutions.info\/#website\",\"url\":\"https:\/\/fullsolutions.info\/\",\"name\":\"Full Solutions\",\"description\":\"Empresa na \u00c1rea de Procurement\",\"publisher\":{\"@id\":\"https:\/\/fullsolutions.info\/#organization\"},\"potentialAction\":[{\"@type\":\"SearchAction\",\"target\":{\"@type\":\"EntryPoint\",\"urlTemplate\":\"https:\/\/fullsolutions.info\/?s={search_term_string}\"},\"query-input\":{\"@type\":\"PropertyValueSpecification\",\"valueRequired\":true,\"valueName\":\"search_term_string\"}}],\"inLanguage\":\"en-US\"},{\"@type\":\"Organization\",\"@id\":\"https:\/\/fullsolutions.info\/#organization\",\"name\":\"Full Solutions\",\"url\":\"https:\/\/fullsolutions.info\/\",\"logo\":{\"@type\":\"ImageObject\",\"inLanguage\":\"en-US\",\"@id\":\"https:\/\/fullsolutions.info\/#\/schema\/logo\/image\/\",\"url\":\"https:\/\/mlhff0prgoxu.i.optimole.com\/cb:s0sM.767\/w:auto\/h:auto\/q:mauto\/f:best\/https:\/\/fullsolutions.info\/wp-content\/uploads\/2021\/07\/cropped-Design-sem-nome-300x193-1-e1627062664782.png\",\"contentUrl\":\"https:\/\/mlhff0prgoxu.i.optimole.com\/cb:s0sM.767\/w:auto\/h:auto\/q:mauto\/f:best\/https:\/\/fullsolutions.info\/wp-content\/uploads\/2021\/07\/cropped-Design-sem-nome-300x193-1-e1627062664782.png\",\"width\":202,\"height\":155,\"caption\":\"Full Solutions\"},\"image\":{\"@id\":\"https:\/\/fullsolutions.info\/#\/schema\/logo\/image\/\"},\"sameAs\":[\"https:\/\/www.linkedin.com\/company\/full-solutions-equipment\"]}]}<\/script>\n<!-- \/ Yoast SEO plugin. -->","yoast_head_json":{"title":"Detectores de chama IR simples - Full Solutions","description":"Detectores de chama IR simples Autronica com alta sensibilidade e resposta r\u00e1pida, ideais para detec\u00e7\u00e3o confi\u00e1vel de inc\u00eandios em aplica\u00e7\u00f5es industriais e \u00e1reas classificadas.","robots":{"index":"index","follow":"follow","max-snippet":"max-snippet:-1","max-image-preview":"max-image-preview:large","max-video-preview":"max-video-preview:-1"},"canonical":"https:\/\/fullsolutions.info\/en\/product\/detectores-de-chama-ir-simples\/","og_locale":"en_US","og_type":"article","og_title":"Detectores de chama IR simples - Full Solutions","og_description":"Detectores de chama IR simples Autronica com alta sensibilidade e resposta r\u00e1pida, ideais para detec\u00e7\u00e3o confi\u00e1vel de inc\u00eandios em aplica\u00e7\u00f5es industriais e \u00e1reas classificadas.","og_url":"https:\/\/fullsolutions.info\/en\/product\/detectores-de-chama-ir-simples\/","og_site_name":"Full Solutions","article_modified_time":"2026-04-13T12:28:29+00:00","og_image":[{"width":549,"height":533,"url":"https:\/\/mlhff0prgoxu.i.optimole.com\/cb:s0sM.767\/w:auto\/h:auto\/q:mauto\/f:best\/https:\/\/fullsolutions.info\/wp-content\/uploads\/2026\/03\/Single-IR-flame-detectors.webp","type":"image\/webp"}],"twitter_card":"summary_large_image","twitter_misc":{"Est. reading time":"1 minute"},"schema":{"@context":"https:\/\/schema.org","@graph":[{"@type":"WebPage","@id":"https:\/\/fullsolutions.info\/produto\/detectores-de-chama-ir-simples\/","url":"https:\/\/fullsolutions.info\/produto\/detectores-de-chama-ir-simples\/","name":"Detectores de chama IR simples - Full Solutions","isPartOf":{"@id":"https:\/\/fullsolutions.info\/#website"},"primaryImageOfPage":{"@id":"https:\/\/fullsolutions.info\/produto\/detectores-de-chama-ir-simples\/#primaryimage"},"image":{"@id":"https:\/\/fullsolutions.info\/produto\/detectores-de-chama-ir-simples\/#primaryimage"},"thumbnailUrl":"https:\/\/mlhff0prgoxu.i.optimole.com\/cb:s0sM.767\/w:auto\/h:auto\/q:mauto\/f:best\/https:\/\/fullsolutions.info\/wp-content\/uploads\/2026\/03\/Single-IR-flame-detectors.webp","datePublished":"2026-03-17T14:13:30+00:00","dateModified":"2026-04-13T12:28:29+00:00","description":"Detectores de chama IR simples Autronica com alta sensibilidade e resposta r\u00e1pida, ideais para detec\u00e7\u00e3o confi\u00e1vel de inc\u00eandios em aplica\u00e7\u00f5es industriais e \u00e1reas classificadas.","breadcrumb":{"@id":"https:\/\/fullsolutions.info\/produto\/detectores-de-chama-ir-simples\/#breadcrumb"},"inLanguage":"en-US","potentialAction":[{"@type":"ReadAction","target":["https:\/\/fullsolutions.info\/produto\/detectores-de-chama-ir-simples\/"]}]},{"@type":"ImageObject","inLanguage":"en-US","@id":"https:\/\/fullsolutions.info\/produto\/detectores-de-chama-ir-simples\/#primaryimage","url":"https:\/\/mlhff0prgoxu.i.optimole.com\/cb:s0sM.767\/w:auto\/h:auto\/q:mauto\/f:best\/https:\/\/fullsolutions.info\/wp-content\/uploads\/2026\/03\/Single-IR-flame-detectors.webp","contentUrl":"https:\/\/mlhff0prgoxu.i.optimole.com\/cb:s0sM.767\/w:auto\/h:auto\/q:mauto\/f:best\/https:\/\/fullsolutions.info\/wp-content\/uploads\/2026\/03\/Single-IR-flame-detectors.webp","width":549,"height":533},{"@type":"BreadcrumbList","@id":"https:\/\/fullsolutions.info\/produto\/detectores-de-chama-ir-simples\/#breadcrumb","itemListElement":[{"@type":"ListItem","position":1,"name":"In\u00edcio","item":"https:\/\/fullsolutions.info\/"},{"@type":"ListItem","position":2,"name":"Produtos","item":"https:\/\/fullsolutions.info\/shop\/"},{"@type":"ListItem","position":3,"name":"Detectores de chama IR simples"}]},{"@type":"WebSite","@id":"https:\/\/fullsolutions.info\/#website","url":"https:\/\/fullsolutions.info\/","name":"Full Solutions","description":"Empresa na \u00c1rea de Procurement","publisher":{"@id":"https:\/\/fullsolutions.info\/#organization"},"potentialAction":[{"@type":"SearchAction","target":{"@type":"EntryPoint","urlTemplate":"https:\/\/fullsolutions.info\/?s={search_term_string}"},"query-input":{"@type":"PropertyValueSpecification","valueRequired":true,"valueName":"search_term_string"}}],"inLanguage":"en-US"},{"@type":"Organization","@id":"https:\/\/fullsolutions.info\/#organization","name":"Full Solutions","url":"https:\/\/fullsolutions.info\/","logo":{"@type":"ImageObject","inLanguage":"en-US","@id":"https:\/\/fullsolutions.info\/#\/schema\/logo\/image\/","url":"https:\/\/mlhff0prgoxu.i.optimole.com\/cb:s0sM.767\/w:auto\/h:auto\/q:mauto\/f:best\/https:\/\/fullsolutions.info\/wp-content\/uploads\/2021\/07\/cropped-Design-sem-nome-300x193-1-e1627062664782.png","contentUrl":"https:\/\/mlhff0prgoxu.i.optimole.com\/cb:s0sM.767\/w:auto\/h:auto\/q:mauto\/f:best\/https:\/\/fullsolutions.info\/wp-content\/uploads\/2021\/07\/cropped-Design-sem-nome-300x193-1-e1627062664782.png","width":202,"height":155,"caption":"Full Solutions"},"image":{"@id":"https:\/\/fullsolutions.info\/#\/schema\/logo\/image\/"},"sameAs":["https:\/\/www.linkedin.com\/company\/full-solutions-equipment"]}]}},"_links":{"self":[{"href":"https:\/\/fullsolutions.info\/en\/wp-json\/wp\/v2\/product\/6363","targetHints":{"allow":["GET"]}}],"collection":[{"href":"https:\/\/fullsolutions.info\/en\/wp-json\/wp\/v2\/product"}],"about":[{"href":"https:\/\/fullsolutions.info\/en\/wp-json\/wp\/v2\/types\/product"}],"replies":[{"embeddable":true,"href":"https:\/\/fullsolutions.info\/en\/wp-json\/wp\/v2\/comments?post=6363"}],"wp:featuredmedia":[{"embeddable":true,"href":"https:\/\/fullsolutions.info\/en\/wp-json\/wp\/v2\/media\/6364"}],"wp:attachment":[{"href":"https:\/\/fullsolutions.info\/en\/wp-json\/wp\/v2\/media?parent=6363"}],"wp:term":[{"taxonomy":"product_brand","embeddable":true,"href":"https:\/\/fullsolutions.info\/en\/wp-json\/wp\/v2\/product_brand?post=6363"},{"taxonomy":"product_cat","embeddable":true,"href":"https:\/\/fullsolutions.info\/en\/wp-json\/wp\/v2\/product_cat?post=6363"},{"taxonomy":"product_tag","embeddable":true,"href":"https:\/\/fullsolutions.info\/en\/wp-json\/wp\/v2\/product_tag?post=6363"},{"taxonomy":"marca","embeddable":true,"href":"https:\/\/fullsolutions.info\/en\/wp-json\/wp\/v2\/marca?post=6363"}],"curies":[{"name":"wp","href":"https:\/\/api.w.org\/{rel}","templated":true}]}}