{"id":6360,"date":"2026-03-17T10:47:41","date_gmt":"2026-03-17T13:47:41","guid":{"rendered":"https:\/\/fullsolutions.info\/?post_type=product&#038;p=6360"},"modified":"2026-04-13T09:30:20","modified_gmt":"2026-04-13T12:30:20","slug":"detector-de-chamas-infravermelho-601fex-m","status":"publish","type":"product","link":"https:\/\/fullsolutions.info\/en\/product\/detector-de-chamas-infravermelho-601fex-m\/","title":{"rendered":"Detector de chamas infravermelho 601FEX-M"},"content":{"rendered":"<div class=\"flex flex-col text-sm pb-25\">\n<article class=\"text-token-text-primary w-full focus:outline-none [--shadow-height:45px] has-data-writing-block:pointer-events-none has-data-writing-block:-mt-(--shadow-height) has-data-writing-block:pt-(--shadow-height) [&amp;:has([data-writing-block])&gt;*]:pointer-events-auto scroll-mt-[calc(var(--header-height)+min(200px,max(70px,20svh)))]\" dir=\"auto\" tabindex=\"-1\" data-turn-id=\"request-6980d14f-2da0-8326-a972-303716553686-0\" data-testid=\"conversation-turn-76\" data-scroll-anchor=\"true\" data-turn=\"assistant\">\n<div class=\"text-base my-auto mx-auto pb-10 [--thread-content-margin:var(--thread-content-margin-xs,calc(var(--spacing)*4))] @w-sm\/main:[--thread-content-margin:var(--thread-content-margin-sm,calc(var(--spacing)*6))] @w-lg\/main:[--thread-content-margin:var(--thread-content-margin-lg,calc(var(--spacing)*16))] px-(--thread-content-margin)\">\n<div class=\"[--thread-content-max-width:40rem] @w-lg\/main:[--thread-content-max-width:48rem] mx-auto max-w-(--thread-content-max-width) flex-1 group\/turn-messages focus-visible:outline-hidden relative flex w-full min-w-0 flex-col agent-turn\" tabindex=\"-1\">\n<div class=\"flex max-w-full flex-col gap-4 grow\">\n<div class=\"min-h-8 text-message relative flex w-full flex-col items-end gap-2 text-start break-words whitespace-normal [.text-message+&amp;]:mt-1\" dir=\"auto\" data-message-author-role=\"assistant\" data-message-id=\"3a94c464-4f2c-41b0-9b6c-ec7950443a90\" data-message-model-slug=\"gpt-5-3\">\n<div class=\"flex w-full flex-col gap-1 empty:hidden\">\n<div class=\"markdown prose dark:prose-invert w-full wrap-break-word light markdown-new-styling\">\n<p data-start=\"100\" data-end=\"328\">O detector de chama infravermelho 601FEX-M n\u00e3o sofre interfer\u00eancia de n\u00e9voa de \u00f3leo em \u00e1reas de m\u00e1quinas, ao contr\u00e1rio das tecnologias UV e UV\/IR. Ele atende todos os tipos de embarca\u00e7\u00f5es e possui certifica\u00e7\u00e3o mar\u00edtima completa.<\/p>\n<p data-start=\"330\" data-end=\"499\">O 601FEX-M utiliza tecnologia <em data-start=\"360\" data-end=\"373\">solar blind<\/em>, que garante imunidade \u00e0 radia\u00e7\u00e3o solar. O equipamento opera em ambientes fechados e reduz significativamente alarmes falsos.<\/p>\n<p data-start=\"501\" data-end=\"731\">O detector possui certifica\u00e7\u00e3o de seguran\u00e7a intr\u00ednseca e permite uso em atmosferas perigosas. O sistema requer conex\u00e3o por meio de um isolador apropriado ou de uma barreira de seguran\u00e7a com diodo Zener em instala\u00e7\u00f5es certificadas.<\/p>\n<p data-start=\"733\" data-end=\"899\">Para integra\u00e7\u00e3o com o sistema AutroSafe, o fabricante desenvolveu um kit espec\u00edfico. O kit inclui uma unidade de interface e uma barreira Zener em um \u00fanico inv\u00f3lucro.<\/p>\n<p data-start=\"901\" data-end=\"941\"><strong data-start=\"901\" data-end=\"923\">C\u00f3digo do produto:<\/strong> 116-5861-010.2010<\/p>\n<\/div>\n<\/div>\n<\/div>\n<\/div>\n<div class=\"mt-3 w-full empty:hidden\">\n<div class=\"text-center\"><\/div>\n<\/div>\n<\/div>\n<\/div>\n<\/article>\n<\/div>\n<div class=\"pointer-events-none h-px w-px absolute bottom-0\" aria-hidden=\"true\" data-edge=\"true\"><\/div>","protected":false},"excerpt":{"rendered":"<p>O detector de chama infravermelho 601FEX-M n\u00e3o sofre interfer\u00eancia de n\u00e9voa de \u00f3leo em \u00e1reas de m\u00e1quinas, ao contr\u00e1rio das tecnologias UV e UV\/IR. Ele atende todos os tipos de embarca\u00e7\u00f5es e possui certifica\u00e7\u00e3o mar\u00edtima completa. O 601FEX-M utiliza tecnologia solar blind, que garante imunidade \u00e0 radia\u00e7\u00e3o solar. O equipamento opera em ambientes fechados e reduz significativamente alarmes falsos. O detector possui certifica\u00e7\u00e3o de seguran\u00e7a intr\u00ednseca e permite uso em atmosferas perigosas. O sistema requer conex\u00e3o por meio de um isolador apropriado ou de uma barreira de seguran\u00e7a com diodo Zener em instala\u00e7\u00f5es certificadas. Para integra\u00e7\u00e3o com o sistema AutroSafe, o fabricante desenvolveu um kit espec\u00edfico. O kit inclui uma unidade de interface e uma barreira Zener em um \u00fanico inv\u00f3lucro. C\u00f3digo do produto: 116-5861-010.2010<\/p>","protected":false},"featured_media":6361,"comment_status":"open","ping_status":"closed","template":"","meta":{"_joinchat":[]},"product_brand":[],"product_cat":[116],"product_tag":[],"marca":[91],"class_list":{"0":"post-6360","1":"product","2":"type-product","3":"status-publish","4":"has-post-thumbnail","6":"product_cat-combate-a-incendio","7":"marca-autronica","9":"first","10":"instock","11":"shipping-taxable","12":"product-type-simple"},"yoast_head":"<!-- This site is optimized with the Yoast SEO plugin v27.2 - https:\/\/yoast.com\/product\/yoast-seo-wordpress\/ -->\n<title>Detector de chamas infravermelho 601FEX-M - Full Solutions<\/title>\n<meta name=\"description\" content=\"Detector de chama infravermelho 601FEX-M com alta precis\u00e3o e resposta r\u00e1pida, ideal para detec\u00e7\u00e3o confi\u00e1vel de inc\u00eandios em ambientes industriais e \u00e1reas classificadas.\" \/>\n<meta name=\"robots\" content=\"index, follow, max-snippet:-1, max-image-preview:large, max-video-preview:-1\" \/>\n<link rel=\"canonical\" href=\"https:\/\/fullsolutions.info\/en\/product\/detector-de-chamas-infravermelho-601fex-m\/\" \/>\n<meta property=\"og:locale\" content=\"en_US\" \/>\n<meta property=\"og:type\" content=\"article\" \/>\n<meta property=\"og:title\" content=\"Detector de chamas infravermelho 601FEX-M - Full Solutions\" \/>\n<meta property=\"og:description\" content=\"Detector de chama infravermelho 601FEX-M com alta precis\u00e3o e resposta r\u00e1pida, ideal para detec\u00e7\u00e3o confi\u00e1vel de inc\u00eandios em ambientes industriais e \u00e1reas classificadas.\" \/>\n<meta property=\"og:url\" content=\"https:\/\/fullsolutions.info\/en\/product\/detector-de-chamas-infravermelho-601fex-m\/\" \/>\n<meta property=\"og:site_name\" content=\"Full Solutions\" \/>\n<meta property=\"article:modified_time\" content=\"2026-04-13T12:30:20+00:00\" \/>\n<meta property=\"og:image\" content=\"https:\/\/mlhff0prgoxu.i.optimole.com\/cb:s0sM.767\/w:auto\/h:auto\/q:mauto\/f:best\/https:\/\/fullsolutions.info\/wp-content\/uploads\/2026\/03\/IR-Flame-detector-head-601FEX-M.png\" \/>\n\t<meta property=\"og:image:width\" content=\"549\" \/>\n\t<meta property=\"og:image:height\" content=\"533\" \/>\n\t<meta property=\"og:image:type\" content=\"image\/png\" \/>\n<meta name=\"twitter:card\" content=\"summary_large_image\" \/>\n<meta name=\"twitter:label1\" content=\"Est. reading time\" \/>\n\t<meta name=\"twitter:data1\" content=\"1 minute\" \/>\n<script type=\"application\/ld+json\" class=\"yoast-schema-graph\">{\"@context\":\"https:\/\/schema.org\",\"@graph\":[{\"@type\":\"WebPage\",\"@id\":\"https:\/\/fullsolutions.info\/produto\/detector-de-chamas-infravermelho-601fex-m\/\",\"url\":\"https:\/\/fullsolutions.info\/produto\/detector-de-chamas-infravermelho-601fex-m\/\",\"name\":\"Detector de chamas infravermelho 601FEX-M - Full Solutions\",\"isPartOf\":{\"@id\":\"https:\/\/fullsolutions.info\/#website\"},\"primaryImageOfPage\":{\"@id\":\"https:\/\/fullsolutions.info\/produto\/detector-de-chamas-infravermelho-601fex-m\/#primaryimage\"},\"image\":{\"@id\":\"https:\/\/fullsolutions.info\/produto\/detector-de-chamas-infravermelho-601fex-m\/#primaryimage\"},\"thumbnailUrl\":\"https:\/\/mlhff0prgoxu.i.optimole.com\/cb:s0sM.767\/w:auto\/h:auto\/q:mauto\/f:best\/https:\/\/fullsolutions.info\/wp-content\/uploads\/2026\/03\/IR-Flame-detector-head-601FEX-M.png\",\"datePublished\":\"2026-03-17T13:47:41+00:00\",\"dateModified\":\"2026-04-13T12:30:20+00:00\",\"description\":\"Detector de chama infravermelho 601FEX-M com alta precis\u00e3o e resposta r\u00e1pida, ideal para detec\u00e7\u00e3o confi\u00e1vel de inc\u00eandios em ambientes industriais e \u00e1reas classificadas.\",\"breadcrumb\":{\"@id\":\"https:\/\/fullsolutions.info\/produto\/detector-de-chamas-infravermelho-601fex-m\/#breadcrumb\"},\"inLanguage\":\"en-US\",\"potentialAction\":[{\"@type\":\"ReadAction\",\"target\":[\"https:\/\/fullsolutions.info\/produto\/detector-de-chamas-infravermelho-601fex-m\/\"]}]},{\"@type\":\"ImageObject\",\"inLanguage\":\"en-US\",\"@id\":\"https:\/\/fullsolutions.info\/produto\/detector-de-chamas-infravermelho-601fex-m\/#primaryimage\",\"url\":\"https:\/\/mlhff0prgoxu.i.optimole.com\/cb:s0sM.767\/w:auto\/h:auto\/q:mauto\/f:best\/https:\/\/fullsolutions.info\/wp-content\/uploads\/2026\/03\/IR-Flame-detector-head-601FEX-M.png\",\"contentUrl\":\"https:\/\/mlhff0prgoxu.i.optimole.com\/cb:s0sM.767\/w:auto\/h:auto\/q:mauto\/f:best\/https:\/\/fullsolutions.info\/wp-content\/uploads\/2026\/03\/IR-Flame-detector-head-601FEX-M.png\",\"width\":549,\"height\":533},{\"@type\":\"BreadcrumbList\",\"@id\":\"https:\/\/fullsolutions.info\/produto\/detector-de-chamas-infravermelho-601fex-m\/#breadcrumb\",\"itemListElement\":[{\"@type\":\"ListItem\",\"position\":1,\"name\":\"In\u00edcio\",\"item\":\"https:\/\/fullsolutions.info\/\"},{\"@type\":\"ListItem\",\"position\":2,\"name\":\"Produtos\",\"item\":\"https:\/\/fullsolutions.info\/shop\/\"},{\"@type\":\"ListItem\",\"position\":3,\"name\":\"Detector de chamas infravermelho 601FEX-M\"}]},{\"@type\":\"WebSite\",\"@id\":\"https:\/\/fullsolutions.info\/#website\",\"url\":\"https:\/\/fullsolutions.info\/\",\"name\":\"Full Solutions\",\"description\":\"Empresa na \u00c1rea de Procurement\",\"publisher\":{\"@id\":\"https:\/\/fullsolutions.info\/#organization\"},\"potentialAction\":[{\"@type\":\"SearchAction\",\"target\":{\"@type\":\"EntryPoint\",\"urlTemplate\":\"https:\/\/fullsolutions.info\/?s={search_term_string}\"},\"query-input\":{\"@type\":\"PropertyValueSpecification\",\"valueRequired\":true,\"valueName\":\"search_term_string\"}}],\"inLanguage\":\"en-US\"},{\"@type\":\"Organization\",\"@id\":\"https:\/\/fullsolutions.info\/#organization\",\"name\":\"Full Solutions\",\"url\":\"https:\/\/fullsolutions.info\/\",\"logo\":{\"@type\":\"ImageObject\",\"inLanguage\":\"en-US\",\"@id\":\"https:\/\/fullsolutions.info\/#\/schema\/logo\/image\/\",\"url\":\"https:\/\/mlhff0prgoxu.i.optimole.com\/cb:s0sM.767\/w:auto\/h:auto\/q:mauto\/f:best\/https:\/\/fullsolutions.info\/wp-content\/uploads\/2021\/07\/cropped-Design-sem-nome-300x193-1-e1627062664782.png\",\"contentUrl\":\"https:\/\/mlhff0prgoxu.i.optimole.com\/cb:s0sM.767\/w:auto\/h:auto\/q:mauto\/f:best\/https:\/\/fullsolutions.info\/wp-content\/uploads\/2021\/07\/cropped-Design-sem-nome-300x193-1-e1627062664782.png\",\"width\":202,\"height\":155,\"caption\":\"Full Solutions\"},\"image\":{\"@id\":\"https:\/\/fullsolutions.info\/#\/schema\/logo\/image\/\"},\"sameAs\":[\"https:\/\/www.linkedin.com\/company\/full-solutions-equipment\"]}]}<\/script>\n<!-- \/ Yoast SEO plugin. -->","yoast_head_json":{"title":"Detector de chamas infravermelho 601FEX-M - Full Solutions","description":"Detector de chama infravermelho 601FEX-M com alta precis\u00e3o e resposta r\u00e1pida, ideal para detec\u00e7\u00e3o confi\u00e1vel de inc\u00eandios em ambientes industriais e \u00e1reas classificadas.","robots":{"index":"index","follow":"follow","max-snippet":"max-snippet:-1","max-image-preview":"max-image-preview:large","max-video-preview":"max-video-preview:-1"},"canonical":"https:\/\/fullsolutions.info\/en\/product\/detector-de-chamas-infravermelho-601fex-m\/","og_locale":"en_US","og_type":"article","og_title":"Detector de chamas infravermelho 601FEX-M - Full Solutions","og_description":"Detector de chama infravermelho 601FEX-M com alta precis\u00e3o e resposta r\u00e1pida, ideal para detec\u00e7\u00e3o confi\u00e1vel de inc\u00eandios em ambientes industriais e \u00e1reas classificadas.","og_url":"https:\/\/fullsolutions.info\/en\/product\/detector-de-chamas-infravermelho-601fex-m\/","og_site_name":"Full Solutions","article_modified_time":"2026-04-13T12:30:20+00:00","og_image":[{"width":549,"height":533,"url":"https:\/\/mlhff0prgoxu.i.optimole.com\/cb:s0sM.767\/w:auto\/h:auto\/q:mauto\/f:best\/https:\/\/fullsolutions.info\/wp-content\/uploads\/2026\/03\/IR-Flame-detector-head-601FEX-M.png","type":"image\/png"}],"twitter_card":"summary_large_image","twitter_misc":{"Est. reading time":"1 minute"},"schema":{"@context":"https:\/\/schema.org","@graph":[{"@type":"WebPage","@id":"https:\/\/fullsolutions.info\/produto\/detector-de-chamas-infravermelho-601fex-m\/","url":"https:\/\/fullsolutions.info\/produto\/detector-de-chamas-infravermelho-601fex-m\/","name":"Detector de chamas infravermelho 601FEX-M - Full Solutions","isPartOf":{"@id":"https:\/\/fullsolutions.info\/#website"},"primaryImageOfPage":{"@id":"https:\/\/fullsolutions.info\/produto\/detector-de-chamas-infravermelho-601fex-m\/#primaryimage"},"image":{"@id":"https:\/\/fullsolutions.info\/produto\/detector-de-chamas-infravermelho-601fex-m\/#primaryimage"},"thumbnailUrl":"https:\/\/mlhff0prgoxu.i.optimole.com\/cb:s0sM.767\/w:auto\/h:auto\/q:mauto\/f:best\/https:\/\/fullsolutions.info\/wp-content\/uploads\/2026\/03\/IR-Flame-detector-head-601FEX-M.png","datePublished":"2026-03-17T13:47:41+00:00","dateModified":"2026-04-13T12:30:20+00:00","description":"Detector de chama infravermelho 601FEX-M com alta precis\u00e3o e resposta r\u00e1pida, ideal para detec\u00e7\u00e3o confi\u00e1vel de inc\u00eandios em ambientes industriais e \u00e1reas classificadas.","breadcrumb":{"@id":"https:\/\/fullsolutions.info\/produto\/detector-de-chamas-infravermelho-601fex-m\/#breadcrumb"},"inLanguage":"en-US","potentialAction":[{"@type":"ReadAction","target":["https:\/\/fullsolutions.info\/produto\/detector-de-chamas-infravermelho-601fex-m\/"]}]},{"@type":"ImageObject","inLanguage":"en-US","@id":"https:\/\/fullsolutions.info\/produto\/detector-de-chamas-infravermelho-601fex-m\/#primaryimage","url":"https:\/\/mlhff0prgoxu.i.optimole.com\/cb:s0sM.767\/w:auto\/h:auto\/q:mauto\/f:best\/https:\/\/fullsolutions.info\/wp-content\/uploads\/2026\/03\/IR-Flame-detector-head-601FEX-M.png","contentUrl":"https:\/\/mlhff0prgoxu.i.optimole.com\/cb:s0sM.767\/w:auto\/h:auto\/q:mauto\/f:best\/https:\/\/fullsolutions.info\/wp-content\/uploads\/2026\/03\/IR-Flame-detector-head-601FEX-M.png","width":549,"height":533},{"@type":"BreadcrumbList","@id":"https:\/\/fullsolutions.info\/produto\/detector-de-chamas-infravermelho-601fex-m\/#breadcrumb","itemListElement":[{"@type":"ListItem","position":1,"name":"In\u00edcio","item":"https:\/\/fullsolutions.info\/"},{"@type":"ListItem","position":2,"name":"Produtos","item":"https:\/\/fullsolutions.info\/shop\/"},{"@type":"ListItem","position":3,"name":"Detector de chamas infravermelho 601FEX-M"}]},{"@type":"WebSite","@id":"https:\/\/fullsolutions.info\/#website","url":"https:\/\/fullsolutions.info\/","name":"Full Solutions","description":"Empresa na \u00c1rea de Procurement","publisher":{"@id":"https:\/\/fullsolutions.info\/#organization"},"potentialAction":[{"@type":"SearchAction","target":{"@type":"EntryPoint","urlTemplate":"https:\/\/fullsolutions.info\/?s={search_term_string}"},"query-input":{"@type":"PropertyValueSpecification","valueRequired":true,"valueName":"search_term_string"}}],"inLanguage":"en-US"},{"@type":"Organization","@id":"https:\/\/fullsolutions.info\/#organization","name":"Full Solutions","url":"https:\/\/fullsolutions.info\/","logo":{"@type":"ImageObject","inLanguage":"en-US","@id":"https:\/\/fullsolutions.info\/#\/schema\/logo\/image\/","url":"https:\/\/mlhff0prgoxu.i.optimole.com\/cb:s0sM.767\/w:auto\/h:auto\/q:mauto\/f:best\/https:\/\/fullsolutions.info\/wp-content\/uploads\/2021\/07\/cropped-Design-sem-nome-300x193-1-e1627062664782.png","contentUrl":"https:\/\/mlhff0prgoxu.i.optimole.com\/cb:s0sM.767\/w:auto\/h:auto\/q:mauto\/f:best\/https:\/\/fullsolutions.info\/wp-content\/uploads\/2021\/07\/cropped-Design-sem-nome-300x193-1-e1627062664782.png","width":202,"height":155,"caption":"Full Solutions"},"image":{"@id":"https:\/\/fullsolutions.info\/#\/schema\/logo\/image\/"},"sameAs":["https:\/\/www.linkedin.com\/company\/full-solutions-equipment"]}]}},"_links":{"self":[{"href":"https:\/\/fullsolutions.info\/en\/wp-json\/wp\/v2\/product\/6360","targetHints":{"allow":["GET"]}}],"collection":[{"href":"https:\/\/fullsolutions.info\/en\/wp-json\/wp\/v2\/product"}],"about":[{"href":"https:\/\/fullsolutions.info\/en\/wp-json\/wp\/v2\/types\/product"}],"replies":[{"embeddable":true,"href":"https:\/\/fullsolutions.info\/en\/wp-json\/wp\/v2\/comments?post=6360"}],"wp:featuredmedia":[{"embeddable":true,"href":"https:\/\/fullsolutions.info\/en\/wp-json\/wp\/v2\/media\/6361"}],"wp:attachment":[{"href":"https:\/\/fullsolutions.info\/en\/wp-json\/wp\/v2\/media?parent=6360"}],"wp:term":[{"taxonomy":"product_brand","embeddable":true,"href":"https:\/\/fullsolutions.info\/en\/wp-json\/wp\/v2\/product_brand?post=6360"},{"taxonomy":"product_cat","embeddable":true,"href":"https:\/\/fullsolutions.info\/en\/wp-json\/wp\/v2\/product_cat?post=6360"},{"taxonomy":"product_tag","embeddable":true,"href":"https:\/\/fullsolutions.info\/en\/wp-json\/wp\/v2\/product_tag?post=6360"},{"taxonomy":"marca","embeddable":true,"href":"https:\/\/fullsolutions.info\/en\/wp-json\/wp\/v2\/marca?post=6360"}],"curies":[{"name":"wp","href":"https:\/\/api.w.org\/{rel}","templated":true}]}}