{"id":6355,"date":"2026-03-17T10:23:53","date_gmt":"2026-03-17T13:23:53","guid":{"rendered":"https:\/\/fullsolutions.info\/?post_type=product&#038;p=6355"},"modified":"2026-04-13T09:32:50","modified_gmt":"2026-04-13T12:32:50","slug":"fireray-3000-beam-detector-5-120-m","status":"publish","type":"product","link":"https:\/\/fullsolutions.info\/en\/product\/fireray-3000-beam-detector-5-120-m\/","title":{"rendered":"FireRay\u00ae 3000 beam detector, 5 &#8211; 120 m"},"content":{"rendered":"<p data-start=\"0\" data-end=\"140\">Sistema de detec\u00e7\u00e3o de fuma\u00e7a por feixe \u00f3ptico infravermelho ponto a ponto. Com transmissor, receptor e controlador compacto de baixo n\u00edvel.<\/p>\n<p data-start=\"142\" data-end=\"569\">O Autronica Fireray\u00ae 3000 (End to End) \u00e9 um detector \u00f3ptico de fuma\u00e7a por feixe infravermelho (OBSD), desenvolvido com tecnologia \u00f3ptica de \u00faltima gera\u00e7\u00e3o, incorporando t\u00e9cnicas modernas industriais, eletr\u00f4nicas e de software. Esse detector oferece uma solu\u00e7\u00e3o econ\u00f4mica para prote\u00e7\u00e3o de grandes \u00e1reas abertas com tetos altos. Tamb\u00e9m \u00e9 altamente indicado para aplica\u00e7\u00f5es onde o acesso a detectores de fuma\u00e7a instalados no teto \u00e9 dif\u00edcil.<\/p>\n<p data-start=\"571\" data-end=\"891\">O Fireray\u00ae 3000 \u00e9 ideal para aplica\u00e7\u00f5es onde a linha de vis\u00e3o do feixe infravermelho \u00e9 limitada e onde a estrutura do edif\u00edcio possui superf\u00edcies refletivas. Seu design tamb\u00e9m \u00e9 esteticamente discreto, sendo adequado tanto para constru\u00e7\u00f5es modernas quanto para edif\u00edcios hist\u00f3ricos, especialmente com tetos ornamentados.<\/p>\n<p data-start=\"893\" data-end=\"966\">A unidade de interface recomendada para os detectores FireRay \u00e9 a BN-305.<\/p>\n<p data-start=\"968\" data-end=\"998\" data-is-last-node=\"\" data-is-only-node=\"\">Part number: 116-5861-023.3000<\/p>","protected":false},"excerpt":{"rendered":"<p>Sistema de detec\u00e7\u00e3o de fuma\u00e7a por feixe \u00f3ptico infravermelho ponto a ponto. Com transmissor, receptor e controlador compacto de baixo n\u00edvel. O Autronica Fireray\u00ae 3000 (End to End) \u00e9 um detector \u00f3ptico de fuma\u00e7a por feixe infravermelho (OBSD), desenvolvido com tecnologia \u00f3ptica de \u00faltima gera\u00e7\u00e3o, incorporando t\u00e9cnicas modernas industriais, eletr\u00f4nicas e de software. Esse detector oferece uma solu\u00e7\u00e3o econ\u00f4mica para prote\u00e7\u00e3o de grandes \u00e1reas abertas com tetos altos. Tamb\u00e9m \u00e9 altamente indicado para aplica\u00e7\u00f5es onde o acesso a detectores de fuma\u00e7a instalados no teto \u00e9 dif\u00edcil. O Fireray\u00ae 3000 \u00e9 ideal para aplica\u00e7\u00f5es onde a linha de vis\u00e3o do feixe infravermelho \u00e9 limitada e onde a estrutura do edif\u00edcio possui superf\u00edcies refletivas. Seu design tamb\u00e9m \u00e9 esteticamente discreto, sendo adequado tanto para constru\u00e7\u00f5es modernas quanto para edif\u00edcios hist\u00f3ricos, especialmente com tetos ornamentados. A unidade de interface recomendada para os detectores FireRay \u00e9 a BN-305. Part number: 116-5861-023.3000<\/p>","protected":false},"featured_media":6359,"comment_status":"open","ping_status":"closed","template":"","meta":{"_joinchat":[]},"product_brand":[],"product_cat":[116],"product_tag":[],"marca":[91],"class_list":{"0":"post-6355","1":"product","2":"type-product","3":"status-publish","4":"has-post-thumbnail","6":"product_cat-combate-a-incendio","7":"marca-autronica","9":"first","10":"instock","11":"shipping-taxable","12":"product-type-simple"},"yoast_head":"<!-- This site is optimized with the Yoast SEO plugin v27.2 - https:\/\/yoast.com\/product\/yoast-seo-wordpress\/ -->\n<title>FireRay\u00ae 3000 beam detector, 5 - 120 m - Full Solutions<\/title>\n<meta name=\"description\" content=\"Detector linear de fuma\u00e7a FireRay 3000 com alcance de 5 a 120 m, ideal para grandes \u00e1reas, oferecendo detec\u00e7\u00e3o precisa e confi\u00e1vel em sistemas de inc\u00eandio industriais e comerciais.\" \/>\n<meta name=\"robots\" content=\"index, follow, max-snippet:-1, max-image-preview:large, max-video-preview:-1\" \/>\n<link rel=\"canonical\" href=\"https:\/\/fullsolutions.info\/en\/product\/fireray-3000-beam-detector-5-120-m\/\" \/>\n<meta property=\"og:locale\" content=\"en_US\" \/>\n<meta property=\"og:type\" content=\"article\" \/>\n<meta property=\"og:title\" content=\"FireRay\u00ae 3000 beam detector, 5 - 120 m - Full Solutions\" \/>\n<meta property=\"og:description\" content=\"Detector linear de fuma\u00e7a FireRay 3000 com alcance de 5 a 120 m, ideal para grandes \u00e1reas, oferecendo detec\u00e7\u00e3o precisa e confi\u00e1vel em sistemas de inc\u00eandio industriais e comerciais.\" \/>\n<meta property=\"og:url\" content=\"https:\/\/fullsolutions.info\/en\/product\/fireray-3000-beam-detector-5-120-m\/\" \/>\n<meta property=\"og:site_name\" content=\"Full Solutions\" \/>\n<meta property=\"article:modified_time\" content=\"2026-04-13T12:32:50+00:00\" \/>\n<meta property=\"og:image\" content=\"https:\/\/mlhff0prgoxu.i.optimole.com\/cb:s0sM.767\/w:auto\/h:auto\/q:mauto\/f:best\/https:\/\/fullsolutions.info\/wp-content\/uploads\/2026\/03\/FireRay®-3000-beam-detector-5-120-m-2.webp\" \/>\n\t<meta property=\"og:image:width\" content=\"549\" \/>\n\t<meta property=\"og:image:height\" content=\"533\" \/>\n\t<meta property=\"og:image:type\" content=\"image\/webp\" \/>\n<meta name=\"twitter:card\" content=\"summary_large_image\" \/>\n<meta name=\"twitter:label1\" content=\"Est. reading time\" \/>\n\t<meta name=\"twitter:data1\" content=\"2 minutes\" \/>\n<script type=\"application\/ld+json\" class=\"yoast-schema-graph\">{\"@context\":\"https:\/\/schema.org\",\"@graph\":[{\"@type\":\"WebPage\",\"@id\":\"https:\/\/fullsolutions.info\/produto\/fireray-3000-beam-detector-5-120-m\/\",\"url\":\"https:\/\/fullsolutions.info\/produto\/fireray-3000-beam-detector-5-120-m\/\",\"name\":\"FireRay\u00ae 3000 beam detector, 5 - 120 m - Full Solutions\",\"isPartOf\":{\"@id\":\"https:\/\/fullsolutions.info\/#website\"},\"primaryImageOfPage\":{\"@id\":\"https:\/\/fullsolutions.info\/produto\/fireray-3000-beam-detector-5-120-m\/#primaryimage\"},\"image\":{\"@id\":\"https:\/\/fullsolutions.info\/produto\/fireray-3000-beam-detector-5-120-m\/#primaryimage\"},\"thumbnailUrl\":\"https:\/\/mlhff0prgoxu.i.optimole.com\/cb:s0sM.767\/w:auto\/h:auto\/q:mauto\/f:best\/https:\/\/fullsolutions.info\/wp-content\/uploads\/2026\/03\/FireRay®-3000-beam-detector-5-120-m-2.webp\",\"datePublished\":\"2026-03-17T13:23:53+00:00\",\"dateModified\":\"2026-04-13T12:32:50+00:00\",\"description\":\"Detector linear de fuma\u00e7a FireRay 3000 com alcance de 5 a 120 m, ideal para grandes \u00e1reas, oferecendo detec\u00e7\u00e3o precisa e confi\u00e1vel em sistemas de inc\u00eandio industriais e comerciais.\",\"breadcrumb\":{\"@id\":\"https:\/\/fullsolutions.info\/produto\/fireray-3000-beam-detector-5-120-m\/#breadcrumb\"},\"inLanguage\":\"en-US\",\"potentialAction\":[{\"@type\":\"ReadAction\",\"target\":[\"https:\/\/fullsolutions.info\/produto\/fireray-3000-beam-detector-5-120-m\/\"]}]},{\"@type\":\"ImageObject\",\"inLanguage\":\"en-US\",\"@id\":\"https:\/\/fullsolutions.info\/produto\/fireray-3000-beam-detector-5-120-m\/#primaryimage\",\"url\":\"https:\/\/mlhff0prgoxu.i.optimole.com\/cb:s0sM.767\/w:auto\/h:auto\/q:mauto\/f:best\/https:\/\/fullsolutions.info\/wp-content\/uploads\/2026\/03\/FireRay®-3000-beam-detector-5-120-m-2.webp\",\"contentUrl\":\"https:\/\/mlhff0prgoxu.i.optimole.com\/cb:s0sM.767\/w:auto\/h:auto\/q:mauto\/f:best\/https:\/\/fullsolutions.info\/wp-content\/uploads\/2026\/03\/FireRay®-3000-beam-detector-5-120-m-2.webp\",\"width\":549,\"height\":533},{\"@type\":\"BreadcrumbList\",\"@id\":\"https:\/\/fullsolutions.info\/produto\/fireray-3000-beam-detector-5-120-m\/#breadcrumb\",\"itemListElement\":[{\"@type\":\"ListItem\",\"position\":1,\"name\":\"In\u00edcio\",\"item\":\"https:\/\/fullsolutions.info\/\"},{\"@type\":\"ListItem\",\"position\":2,\"name\":\"Produtos\",\"item\":\"https:\/\/fullsolutions.info\/shop\/\"},{\"@type\":\"ListItem\",\"position\":3,\"name\":\"FireRay\u00ae 3000 beam detector, 5 &#8211; 120 m\"}]},{\"@type\":\"WebSite\",\"@id\":\"https:\/\/fullsolutions.info\/#website\",\"url\":\"https:\/\/fullsolutions.info\/\",\"name\":\"Full Solutions\",\"description\":\"Empresa na \u00c1rea de Procurement\",\"publisher\":{\"@id\":\"https:\/\/fullsolutions.info\/#organization\"},\"potentialAction\":[{\"@type\":\"SearchAction\",\"target\":{\"@type\":\"EntryPoint\",\"urlTemplate\":\"https:\/\/fullsolutions.info\/?s={search_term_string}\"},\"query-input\":{\"@type\":\"PropertyValueSpecification\",\"valueRequired\":true,\"valueName\":\"search_term_string\"}}],\"inLanguage\":\"en-US\"},{\"@type\":\"Organization\",\"@id\":\"https:\/\/fullsolutions.info\/#organization\",\"name\":\"Full Solutions\",\"url\":\"https:\/\/fullsolutions.info\/\",\"logo\":{\"@type\":\"ImageObject\",\"inLanguage\":\"en-US\",\"@id\":\"https:\/\/fullsolutions.info\/#\/schema\/logo\/image\/\",\"url\":\"https:\/\/mlhff0prgoxu.i.optimole.com\/cb:s0sM.767\/w:auto\/h:auto\/q:mauto\/f:best\/https:\/\/fullsolutions.info\/wp-content\/uploads\/2021\/07\/cropped-Design-sem-nome-300x193-1-e1627062664782.png\",\"contentUrl\":\"https:\/\/mlhff0prgoxu.i.optimole.com\/cb:s0sM.767\/w:auto\/h:auto\/q:mauto\/f:best\/https:\/\/fullsolutions.info\/wp-content\/uploads\/2021\/07\/cropped-Design-sem-nome-300x193-1-e1627062664782.png\",\"width\":202,\"height\":155,\"caption\":\"Full Solutions\"},\"image\":{\"@id\":\"https:\/\/fullsolutions.info\/#\/schema\/logo\/image\/\"},\"sameAs\":[\"https:\/\/www.linkedin.com\/company\/full-solutions-equipment\"]}]}<\/script>\n<!-- \/ Yoast SEO plugin. -->","yoast_head_json":{"title":"FireRay\u00ae 3000 beam detector, 5 - 120 m - Full Solutions","description":"Detector linear de fuma\u00e7a FireRay 3000 com alcance de 5 a 120 m, ideal para grandes \u00e1reas, oferecendo detec\u00e7\u00e3o precisa e confi\u00e1vel em sistemas de inc\u00eandio industriais e comerciais.","robots":{"index":"index","follow":"follow","max-snippet":"max-snippet:-1","max-image-preview":"max-image-preview:large","max-video-preview":"max-video-preview:-1"},"canonical":"https:\/\/fullsolutions.info\/en\/product\/fireray-3000-beam-detector-5-120-m\/","og_locale":"en_US","og_type":"article","og_title":"FireRay\u00ae 3000 beam detector, 5 - 120 m - Full Solutions","og_description":"Detector linear de fuma\u00e7a FireRay 3000 com alcance de 5 a 120 m, ideal para grandes \u00e1reas, oferecendo detec\u00e7\u00e3o precisa e confi\u00e1vel em sistemas de inc\u00eandio industriais e comerciais.","og_url":"https:\/\/fullsolutions.info\/en\/product\/fireray-3000-beam-detector-5-120-m\/","og_site_name":"Full Solutions","article_modified_time":"2026-04-13T12:32:50+00:00","og_image":[{"width":549,"height":533,"url":"https:\/\/mlhff0prgoxu.i.optimole.com\/cb:s0sM.767\/w:auto\/h:auto\/q:mauto\/f:best\/https:\/\/fullsolutions.info\/wp-content\/uploads\/2026\/03\/FireRay®-3000-beam-detector-5-120-m-2.webp","type":"image\/webp"}],"twitter_card":"summary_large_image","twitter_misc":{"Est. reading time":"2 minutes"},"schema":{"@context":"https:\/\/schema.org","@graph":[{"@type":"WebPage","@id":"https:\/\/fullsolutions.info\/produto\/fireray-3000-beam-detector-5-120-m\/","url":"https:\/\/fullsolutions.info\/produto\/fireray-3000-beam-detector-5-120-m\/","name":"FireRay\u00ae 3000 beam detector, 5 - 120 m - Full Solutions","isPartOf":{"@id":"https:\/\/fullsolutions.info\/#website"},"primaryImageOfPage":{"@id":"https:\/\/fullsolutions.info\/produto\/fireray-3000-beam-detector-5-120-m\/#primaryimage"},"image":{"@id":"https:\/\/fullsolutions.info\/produto\/fireray-3000-beam-detector-5-120-m\/#primaryimage"},"thumbnailUrl":"https:\/\/mlhff0prgoxu.i.optimole.com\/cb:s0sM.767\/w:auto\/h:auto\/q:mauto\/f:best\/https:\/\/fullsolutions.info\/wp-content\/uploads\/2026\/03\/FireRay®-3000-beam-detector-5-120-m-2.webp","datePublished":"2026-03-17T13:23:53+00:00","dateModified":"2026-04-13T12:32:50+00:00","description":"Detector linear de fuma\u00e7a FireRay 3000 com alcance de 5 a 120 m, ideal para grandes \u00e1reas, oferecendo detec\u00e7\u00e3o precisa e confi\u00e1vel em sistemas de inc\u00eandio industriais e comerciais.","breadcrumb":{"@id":"https:\/\/fullsolutions.info\/produto\/fireray-3000-beam-detector-5-120-m\/#breadcrumb"},"inLanguage":"en-US","potentialAction":[{"@type":"ReadAction","target":["https:\/\/fullsolutions.info\/produto\/fireray-3000-beam-detector-5-120-m\/"]}]},{"@type":"ImageObject","inLanguage":"en-US","@id":"https:\/\/fullsolutions.info\/produto\/fireray-3000-beam-detector-5-120-m\/#primaryimage","url":"https:\/\/mlhff0prgoxu.i.optimole.com\/cb:s0sM.767\/w:auto\/h:auto\/q:mauto\/f:best\/https:\/\/fullsolutions.info\/wp-content\/uploads\/2026\/03\/FireRay®-3000-beam-detector-5-120-m-2.webp","contentUrl":"https:\/\/mlhff0prgoxu.i.optimole.com\/cb:s0sM.767\/w:auto\/h:auto\/q:mauto\/f:best\/https:\/\/fullsolutions.info\/wp-content\/uploads\/2026\/03\/FireRay®-3000-beam-detector-5-120-m-2.webp","width":549,"height":533},{"@type":"BreadcrumbList","@id":"https:\/\/fullsolutions.info\/produto\/fireray-3000-beam-detector-5-120-m\/#breadcrumb","itemListElement":[{"@type":"ListItem","position":1,"name":"In\u00edcio","item":"https:\/\/fullsolutions.info\/"},{"@type":"ListItem","position":2,"name":"Produtos","item":"https:\/\/fullsolutions.info\/shop\/"},{"@type":"ListItem","position":3,"name":"FireRay\u00ae 3000 beam detector, 5 &#8211; 120 m"}]},{"@type":"WebSite","@id":"https:\/\/fullsolutions.info\/#website","url":"https:\/\/fullsolutions.info\/","name":"Full Solutions","description":"Empresa na \u00c1rea de Procurement","publisher":{"@id":"https:\/\/fullsolutions.info\/#organization"},"potentialAction":[{"@type":"SearchAction","target":{"@type":"EntryPoint","urlTemplate":"https:\/\/fullsolutions.info\/?s={search_term_string}"},"query-input":{"@type":"PropertyValueSpecification","valueRequired":true,"valueName":"search_term_string"}}],"inLanguage":"en-US"},{"@type":"Organization","@id":"https:\/\/fullsolutions.info\/#organization","name":"Full Solutions","url":"https:\/\/fullsolutions.info\/","logo":{"@type":"ImageObject","inLanguage":"en-US","@id":"https:\/\/fullsolutions.info\/#\/schema\/logo\/image\/","url":"https:\/\/mlhff0prgoxu.i.optimole.com\/cb:s0sM.767\/w:auto\/h:auto\/q:mauto\/f:best\/https:\/\/fullsolutions.info\/wp-content\/uploads\/2021\/07\/cropped-Design-sem-nome-300x193-1-e1627062664782.png","contentUrl":"https:\/\/mlhff0prgoxu.i.optimole.com\/cb:s0sM.767\/w:auto\/h:auto\/q:mauto\/f:best\/https:\/\/fullsolutions.info\/wp-content\/uploads\/2021\/07\/cropped-Design-sem-nome-300x193-1-e1627062664782.png","width":202,"height":155,"caption":"Full Solutions"},"image":{"@id":"https:\/\/fullsolutions.info\/#\/schema\/logo\/image\/"},"sameAs":["https:\/\/www.linkedin.com\/company\/full-solutions-equipment"]}]}},"_links":{"self":[{"href":"https:\/\/fullsolutions.info\/en\/wp-json\/wp\/v2\/product\/6355","targetHints":{"allow":["GET"]}}],"collection":[{"href":"https:\/\/fullsolutions.info\/en\/wp-json\/wp\/v2\/product"}],"about":[{"href":"https:\/\/fullsolutions.info\/en\/wp-json\/wp\/v2\/types\/product"}],"replies":[{"embeddable":true,"href":"https:\/\/fullsolutions.info\/en\/wp-json\/wp\/v2\/comments?post=6355"}],"wp:featuredmedia":[{"embeddable":true,"href":"https:\/\/fullsolutions.info\/en\/wp-json\/wp\/v2\/media\/6359"}],"wp:attachment":[{"href":"https:\/\/fullsolutions.info\/en\/wp-json\/wp\/v2\/media?parent=6355"}],"wp:term":[{"taxonomy":"product_brand","embeddable":true,"href":"https:\/\/fullsolutions.info\/en\/wp-json\/wp\/v2\/product_brand?post=6355"},{"taxonomy":"product_cat","embeddable":true,"href":"https:\/\/fullsolutions.info\/en\/wp-json\/wp\/v2\/product_cat?post=6355"},{"taxonomy":"product_tag","embeddable":true,"href":"https:\/\/fullsolutions.info\/en\/wp-json\/wp\/v2\/product_tag?post=6355"},{"taxonomy":"marca","embeddable":true,"href":"https:\/\/fullsolutions.info\/en\/wp-json\/wp\/v2\/marca?post=6355"}],"curies":[{"name":"wp","href":"https:\/\/api.w.org\/{rel}","templated":true}]}}