{"id":6352,"date":"2026-03-17T10:03:18","date_gmt":"2026-03-17T13:03:18","guid":{"rendered":"https:\/\/fullsolutions.info\/?post_type=product&#038;p=6352"},"modified":"2026-04-13T09:34:29","modified_gmt":"2026-04-13T12:34:29","slug":"fireray-one","status":"publish","type":"product","link":"https:\/\/fullsolutions.info\/en\/product\/fireray-one\/","title":{"rendered":"Fireray One"},"content":{"rendered":"<div class=\"ingress\"><span dir=\"auto\">O Fireray One Autronica \u00e9 um detector de feixe independente que prioriza a facilidade de instala\u00e7\u00e3o <\/span><span dir=\"auto\">com todos os benef\u00edcios da detec\u00e7\u00e3o de feixe reflexivo Fireray.<\/span><\/div>\n<div id=\"EditorContentContainer\" class=\"EditorContentContainer\">\n<ul>\n<li><span dir=\"auto\">Alinhamento autom\u00e1tico \u2013 basta direcionar o laser para o refletor e, com um simples toque no interruptor, ele se alinha sozinho. 8 vezes mais r\u00e1pido que os detectores anteriores.<\/span><\/li>\n<li><span dir=\"auto\">Instala\u00e7\u00e3o por uma s\u00f3 pessoa \u2013 tudo pode ser feito por uma \u00fanica pessoa.<\/span><\/li>\n<li><span dir=\"auto\">Um produto independente \u2013 sem necessidade de ferramentas especializadas; requer conhecimento pr\u00e9vio e treinamento m\u00ednimos.<\/span><\/li>\n<li><span dir=\"auto\">Ponto \u00fanico de fia\u00e7\u00e3o e comissionamento<\/span><\/li>\n<li><span dir=\"auto\">O Building Movement Tracking\u2122 compensa automaticamente os movimentos naturais da constru\u00e7\u00e3o para manter o alinhamento cont\u00ednuo.<\/span><\/li>\n<\/ul>\n<p>Part number<br \/>\n6010-100 Fireray One \u2013 50m detection range<\/p>\n<\/div>","protected":false},"excerpt":{"rendered":"<p>O Fireray One Autronica \u00e9 um detector de feixe independente que prioriza a facilidade de instala\u00e7\u00e3o com todos os benef\u00edcios da detec\u00e7\u00e3o de feixe reflexivo Fireray. Alinhamento autom\u00e1tico \u2013 basta direcionar o laser para o refletor e, com um simples toque no interruptor, ele se alinha sozinho. 8 vezes mais r\u00e1pido que os detectores anteriores. Instala\u00e7\u00e3o por uma s\u00f3 pessoa \u2013 tudo pode ser feito por uma \u00fanica pessoa. Um produto independente \u2013 sem necessidade de ferramentas especializadas; requer conhecimento pr\u00e9vio e treinamento m\u00ednimos. Ponto \u00fanico de fia\u00e7\u00e3o e comissionamento O Building Movement Tracking\u2122 compensa automaticamente os movimentos naturais da constru\u00e7\u00e3o para manter o alinhamento cont\u00ednuo. Part number 6010-100 Fireray One \u2013 50m detection range<\/p>","protected":false},"featured_media":6353,"comment_status":"open","ping_status":"closed","template":"","meta":{"_joinchat":[]},"product_brand":[],"product_cat":[116],"product_tag":[],"marca":[91],"class_list":{"0":"post-6352","1":"product","2":"type-product","3":"status-publish","4":"has-post-thumbnail","6":"product_cat-combate-a-incendio","7":"marca-autronica","9":"first","10":"instock","11":"shipping-taxable","12":"product-type-simple"},"yoast_head":"<!-- This site is optimized with the Yoast SEO plugin v27.2 - https:\/\/yoast.com\/product\/yoast-seo-wordpress\/ -->\n<title>Fireray One - Full Solutions<\/title>\n<meta name=\"description\" content=\"Detector linear de fuma\u00e7a autronica Fireray One com alinhamento autom\u00e1tico e instala\u00e7\u00e3o simplificada, ideal para grandes \u00e1reas com alta precis\u00e3o e redu\u00e7\u00e3o de alarmes falsos.\" \/>\n<meta name=\"robots\" content=\"index, follow, max-snippet:-1, max-image-preview:large, max-video-preview:-1\" \/>\n<link rel=\"canonical\" href=\"https:\/\/fullsolutions.info\/en\/product\/fireray-one\/\" \/>\n<meta property=\"og:locale\" content=\"en_US\" \/>\n<meta property=\"og:type\" content=\"article\" \/>\n<meta property=\"og:title\" content=\"Fireray One - Full Solutions\" \/>\n<meta property=\"og:description\" content=\"Detector linear de fuma\u00e7a autronica Fireray One com alinhamento autom\u00e1tico e instala\u00e7\u00e3o simplificada, ideal para grandes \u00e1reas com alta precis\u00e3o e redu\u00e7\u00e3o de alarmes falsos.\" \/>\n<meta property=\"og:url\" content=\"https:\/\/fullsolutions.info\/en\/product\/fireray-one\/\" \/>\n<meta property=\"og:site_name\" content=\"Full Solutions\" \/>\n<meta property=\"article:modified_time\" content=\"2026-04-13T12:34:29+00:00\" \/>\n<meta property=\"og:image\" content=\"https:\/\/mlhff0prgoxu.i.optimole.com\/cb:s0sM.767\/w:auto\/h:auto\/q:mauto\/f:best\/https:\/\/fullsolutions.info\/wp-content\/uploads\/2026\/03\/Fireray-One.webp\" \/>\n\t<meta property=\"og:image:width\" content=\"549\" \/>\n\t<meta property=\"og:image:height\" content=\"533\" \/>\n\t<meta property=\"og:image:type\" content=\"image\/webp\" \/>\n<meta name=\"twitter:card\" content=\"summary_large_image\" \/>\n<meta name=\"twitter:label1\" content=\"Est. reading time\" \/>\n\t<meta name=\"twitter:data1\" content=\"1 minute\" \/>\n<script type=\"application\/ld+json\" class=\"yoast-schema-graph\">{\"@context\":\"https:\/\/schema.org\",\"@graph\":[{\"@type\":\"WebPage\",\"@id\":\"https:\/\/fullsolutions.info\/produto\/fireray-one\/\",\"url\":\"https:\/\/fullsolutions.info\/produto\/fireray-one\/\",\"name\":\"Fireray One - Full Solutions\",\"isPartOf\":{\"@id\":\"https:\/\/fullsolutions.info\/#website\"},\"primaryImageOfPage\":{\"@id\":\"https:\/\/fullsolutions.info\/produto\/fireray-one\/#primaryimage\"},\"image\":{\"@id\":\"https:\/\/fullsolutions.info\/produto\/fireray-one\/#primaryimage\"},\"thumbnailUrl\":\"https:\/\/mlhff0prgoxu.i.optimole.com\/cb:s0sM.767\/w:auto\/h:auto\/q:mauto\/f:best\/https:\/\/fullsolutions.info\/wp-content\/uploads\/2026\/03\/Fireray-One.webp\",\"datePublished\":\"2026-03-17T13:03:18+00:00\",\"dateModified\":\"2026-04-13T12:34:29+00:00\",\"description\":\"Detector linear de fuma\u00e7a autronica Fireray One com alinhamento autom\u00e1tico e instala\u00e7\u00e3o simplificada, ideal para grandes \u00e1reas com alta precis\u00e3o e redu\u00e7\u00e3o de alarmes falsos.\",\"breadcrumb\":{\"@id\":\"https:\/\/fullsolutions.info\/produto\/fireray-one\/#breadcrumb\"},\"inLanguage\":\"en-US\",\"potentialAction\":[{\"@type\":\"ReadAction\",\"target\":[\"https:\/\/fullsolutions.info\/produto\/fireray-one\/\"]}]},{\"@type\":\"ImageObject\",\"inLanguage\":\"en-US\",\"@id\":\"https:\/\/fullsolutions.info\/produto\/fireray-one\/#primaryimage\",\"url\":\"https:\/\/mlhff0prgoxu.i.optimole.com\/cb:s0sM.767\/w:auto\/h:auto\/q:mauto\/f:best\/https:\/\/fullsolutions.info\/wp-content\/uploads\/2026\/03\/Fireray-One.webp\",\"contentUrl\":\"https:\/\/mlhff0prgoxu.i.optimole.com\/cb:s0sM.767\/w:auto\/h:auto\/q:mauto\/f:best\/https:\/\/fullsolutions.info\/wp-content\/uploads\/2026\/03\/Fireray-One.webp\",\"width\":549,\"height\":533},{\"@type\":\"BreadcrumbList\",\"@id\":\"https:\/\/fullsolutions.info\/produto\/fireray-one\/#breadcrumb\",\"itemListElement\":[{\"@type\":\"ListItem\",\"position\":1,\"name\":\"In\u00edcio\",\"item\":\"https:\/\/fullsolutions.info\/\"},{\"@type\":\"ListItem\",\"position\":2,\"name\":\"Produtos\",\"item\":\"https:\/\/fullsolutions.info\/shop\/\"},{\"@type\":\"ListItem\",\"position\":3,\"name\":\"Fireray One\"}]},{\"@type\":\"WebSite\",\"@id\":\"https:\/\/fullsolutions.info\/#website\",\"url\":\"https:\/\/fullsolutions.info\/\",\"name\":\"Full Solutions\",\"description\":\"Empresa na \u00c1rea de Procurement\",\"publisher\":{\"@id\":\"https:\/\/fullsolutions.info\/#organization\"},\"potentialAction\":[{\"@type\":\"SearchAction\",\"target\":{\"@type\":\"EntryPoint\",\"urlTemplate\":\"https:\/\/fullsolutions.info\/?s={search_term_string}\"},\"query-input\":{\"@type\":\"PropertyValueSpecification\",\"valueRequired\":true,\"valueName\":\"search_term_string\"}}],\"inLanguage\":\"en-US\"},{\"@type\":\"Organization\",\"@id\":\"https:\/\/fullsolutions.info\/#organization\",\"name\":\"Full Solutions\",\"url\":\"https:\/\/fullsolutions.info\/\",\"logo\":{\"@type\":\"ImageObject\",\"inLanguage\":\"en-US\",\"@id\":\"https:\/\/fullsolutions.info\/#\/schema\/logo\/image\/\",\"url\":\"https:\/\/mlhff0prgoxu.i.optimole.com\/cb:s0sM.767\/w:auto\/h:auto\/q:mauto\/f:best\/https:\/\/fullsolutions.info\/wp-content\/uploads\/2021\/07\/cropped-Design-sem-nome-300x193-1-e1627062664782.png\",\"contentUrl\":\"https:\/\/mlhff0prgoxu.i.optimole.com\/cb:s0sM.767\/w:auto\/h:auto\/q:mauto\/f:best\/https:\/\/fullsolutions.info\/wp-content\/uploads\/2021\/07\/cropped-Design-sem-nome-300x193-1-e1627062664782.png\",\"width\":202,\"height\":155,\"caption\":\"Full Solutions\"},\"image\":{\"@id\":\"https:\/\/fullsolutions.info\/#\/schema\/logo\/image\/\"},\"sameAs\":[\"https:\/\/www.linkedin.com\/company\/full-solutions-equipment\"]}]}<\/script>\n<!-- \/ Yoast SEO plugin. -->","yoast_head_json":{"title":"Fireray One - Full Solutions","description":"Detector linear de fuma\u00e7a autronica Fireray One com alinhamento autom\u00e1tico e instala\u00e7\u00e3o simplificada, ideal para grandes \u00e1reas com alta precis\u00e3o e redu\u00e7\u00e3o de alarmes falsos.","robots":{"index":"index","follow":"follow","max-snippet":"max-snippet:-1","max-image-preview":"max-image-preview:large","max-video-preview":"max-video-preview:-1"},"canonical":"https:\/\/fullsolutions.info\/en\/product\/fireray-one\/","og_locale":"en_US","og_type":"article","og_title":"Fireray One - Full Solutions","og_description":"Detector linear de fuma\u00e7a autronica Fireray One com alinhamento autom\u00e1tico e instala\u00e7\u00e3o simplificada, ideal para grandes \u00e1reas com alta precis\u00e3o e redu\u00e7\u00e3o de alarmes falsos.","og_url":"https:\/\/fullsolutions.info\/en\/product\/fireray-one\/","og_site_name":"Full Solutions","article_modified_time":"2026-04-13T12:34:29+00:00","og_image":[{"width":549,"height":533,"url":"https:\/\/mlhff0prgoxu.i.optimole.com\/cb:s0sM.767\/w:auto\/h:auto\/q:mauto\/f:best\/https:\/\/fullsolutions.info\/wp-content\/uploads\/2026\/03\/Fireray-One.webp","type":"image\/webp"}],"twitter_card":"summary_large_image","twitter_misc":{"Est. reading time":"1 minute"},"schema":{"@context":"https:\/\/schema.org","@graph":[{"@type":"WebPage","@id":"https:\/\/fullsolutions.info\/produto\/fireray-one\/","url":"https:\/\/fullsolutions.info\/produto\/fireray-one\/","name":"Fireray One - Full Solutions","isPartOf":{"@id":"https:\/\/fullsolutions.info\/#website"},"primaryImageOfPage":{"@id":"https:\/\/fullsolutions.info\/produto\/fireray-one\/#primaryimage"},"image":{"@id":"https:\/\/fullsolutions.info\/produto\/fireray-one\/#primaryimage"},"thumbnailUrl":"https:\/\/mlhff0prgoxu.i.optimole.com\/cb:s0sM.767\/w:auto\/h:auto\/q:mauto\/f:best\/https:\/\/fullsolutions.info\/wp-content\/uploads\/2026\/03\/Fireray-One.webp","datePublished":"2026-03-17T13:03:18+00:00","dateModified":"2026-04-13T12:34:29+00:00","description":"Detector linear de fuma\u00e7a autronica Fireray One com alinhamento autom\u00e1tico e instala\u00e7\u00e3o simplificada, ideal para grandes \u00e1reas com alta precis\u00e3o e redu\u00e7\u00e3o de alarmes falsos.","breadcrumb":{"@id":"https:\/\/fullsolutions.info\/produto\/fireray-one\/#breadcrumb"},"inLanguage":"en-US","potentialAction":[{"@type":"ReadAction","target":["https:\/\/fullsolutions.info\/produto\/fireray-one\/"]}]},{"@type":"ImageObject","inLanguage":"en-US","@id":"https:\/\/fullsolutions.info\/produto\/fireray-one\/#primaryimage","url":"https:\/\/mlhff0prgoxu.i.optimole.com\/cb:s0sM.767\/w:auto\/h:auto\/q:mauto\/f:best\/https:\/\/fullsolutions.info\/wp-content\/uploads\/2026\/03\/Fireray-One.webp","contentUrl":"https:\/\/mlhff0prgoxu.i.optimole.com\/cb:s0sM.767\/w:auto\/h:auto\/q:mauto\/f:best\/https:\/\/fullsolutions.info\/wp-content\/uploads\/2026\/03\/Fireray-One.webp","width":549,"height":533},{"@type":"BreadcrumbList","@id":"https:\/\/fullsolutions.info\/produto\/fireray-one\/#breadcrumb","itemListElement":[{"@type":"ListItem","position":1,"name":"In\u00edcio","item":"https:\/\/fullsolutions.info\/"},{"@type":"ListItem","position":2,"name":"Produtos","item":"https:\/\/fullsolutions.info\/shop\/"},{"@type":"ListItem","position":3,"name":"Fireray One"}]},{"@type":"WebSite","@id":"https:\/\/fullsolutions.info\/#website","url":"https:\/\/fullsolutions.info\/","name":"Full Solutions","description":"Empresa na \u00c1rea de Procurement","publisher":{"@id":"https:\/\/fullsolutions.info\/#organization"},"potentialAction":[{"@type":"SearchAction","target":{"@type":"EntryPoint","urlTemplate":"https:\/\/fullsolutions.info\/?s={search_term_string}"},"query-input":{"@type":"PropertyValueSpecification","valueRequired":true,"valueName":"search_term_string"}}],"inLanguage":"en-US"},{"@type":"Organization","@id":"https:\/\/fullsolutions.info\/#organization","name":"Full Solutions","url":"https:\/\/fullsolutions.info\/","logo":{"@type":"ImageObject","inLanguage":"en-US","@id":"https:\/\/fullsolutions.info\/#\/schema\/logo\/image\/","url":"https:\/\/mlhff0prgoxu.i.optimole.com\/cb:s0sM.767\/w:auto\/h:auto\/q:mauto\/f:best\/https:\/\/fullsolutions.info\/wp-content\/uploads\/2021\/07\/cropped-Design-sem-nome-300x193-1-e1627062664782.png","contentUrl":"https:\/\/mlhff0prgoxu.i.optimole.com\/cb:s0sM.767\/w:auto\/h:auto\/q:mauto\/f:best\/https:\/\/fullsolutions.info\/wp-content\/uploads\/2021\/07\/cropped-Design-sem-nome-300x193-1-e1627062664782.png","width":202,"height":155,"caption":"Full Solutions"},"image":{"@id":"https:\/\/fullsolutions.info\/#\/schema\/logo\/image\/"},"sameAs":["https:\/\/www.linkedin.com\/company\/full-solutions-equipment"]}]}},"_links":{"self":[{"href":"https:\/\/fullsolutions.info\/en\/wp-json\/wp\/v2\/product\/6352","targetHints":{"allow":["GET"]}}],"collection":[{"href":"https:\/\/fullsolutions.info\/en\/wp-json\/wp\/v2\/product"}],"about":[{"href":"https:\/\/fullsolutions.info\/en\/wp-json\/wp\/v2\/types\/product"}],"replies":[{"embeddable":true,"href":"https:\/\/fullsolutions.info\/en\/wp-json\/wp\/v2\/comments?post=6352"}],"wp:featuredmedia":[{"embeddable":true,"href":"https:\/\/fullsolutions.info\/en\/wp-json\/wp\/v2\/media\/6353"}],"wp:attachment":[{"href":"https:\/\/fullsolutions.info\/en\/wp-json\/wp\/v2\/media?parent=6352"}],"wp:term":[{"taxonomy":"product_brand","embeddable":true,"href":"https:\/\/fullsolutions.info\/en\/wp-json\/wp\/v2\/product_brand?post=6352"},{"taxonomy":"product_cat","embeddable":true,"href":"https:\/\/fullsolutions.info\/en\/wp-json\/wp\/v2\/product_cat?post=6352"},{"taxonomy":"product_tag","embeddable":true,"href":"https:\/\/fullsolutions.info\/en\/wp-json\/wp\/v2\/product_tag?post=6352"},{"taxonomy":"marca","embeddable":true,"href":"https:\/\/fullsolutions.info\/en\/wp-json\/wp\/v2\/marca?post=6352"}],"curies":[{"name":"wp","href":"https:\/\/api.w.org\/{rel}","templated":true}]}}