{"id":6349,"date":"2026-03-17T09:40:36","date_gmt":"2026-03-17T12:40:36","guid":{"rendered":"https:\/\/fullsolutions.info\/?post_type=product&#038;p=6349"},"modified":"2026-04-13T09:35:36","modified_gmt":"2026-04-13T12:35:36","slug":"fireray-hub-refletivo","status":"publish","type":"product","link":"https:\/\/fullsolutions.info\/en\/product\/fireray-hub-refletivo\/","title":{"rendered":"Fireray Hub Refletivo"},"content":{"rendered":"<p>O sistema Fireray Hub Reflective \u00e9 um sistema modular de detec\u00e7\u00e3o por feixe que pode ser configurado para atender a uma variedade de aplica\u00e7\u00f5es exigentes.<\/p>\n<p>Com laser integrado e fun\u00e7\u00e3o de autoalinhamento motorizado, o Fireray Hub Reflective \u00e9 f\u00e1cil de instalar e manter. Ele compensa automaticamente efeitos ambientais, como poeira, luz solar e movimenta\u00e7\u00e3o da estrutura, reduzindo ao m\u00ednimo alarmes falsos e falhas. Devido ao alto grau de prote\u00e7\u00e3o do hub (IP65) e dos detectores (IP55), o sistema pode operar em ambientes com poeira ou umidade.<\/p>\n<p>O sistema \u00e9 totalmente configur\u00e1vel, com ajustes de limiar de alarme (sensibilidade) e atraso de alarme\/falha controlados a partir do controlador instalado ao n\u00edvel do solo, com interface de f\u00e1cil uso e display LCD retroiluminado.<\/p>\n<p>\u00c9 poss\u00edvel conectar e monitorar at\u00e9 tr\u00eas cabe\u00e7as detectoras, com sinais independentes de alarme e falha para cada detector.<\/p>\n<p>Para verifica\u00e7\u00e3o r\u00e1pida do funcionamento, \u00e9 poss\u00edvel iniciar testes de alarme. O registro de eventos com data e hora facilita o diagn\u00f3stico de falhas no sistema.<\/p>\n<p>Part number<br \/>\n116-6020-100 Fireray Hub Reflective System<br \/>\n116-6030-100 Fireray Hub Detector head<\/p>","protected":false},"excerpt":{"rendered":"<p>O sistema Fireray Hub Reflective \u00e9 um sistema modular de detec\u00e7\u00e3o por feixe que pode ser configurado para atender a uma variedade de aplica\u00e7\u00f5es exigentes. Com laser integrado e fun\u00e7\u00e3o de autoalinhamento motorizado, o Fireray Hub Reflective \u00e9 f\u00e1cil de instalar e manter. Ele compensa automaticamente efeitos ambientais, como poeira, luz solar e movimenta\u00e7\u00e3o da estrutura, reduzindo ao m\u00ednimo alarmes falsos e falhas. Devido ao alto grau de prote\u00e7\u00e3o do hub (IP65) e dos detectores (IP55), o sistema pode operar em ambientes com poeira ou umidade. O sistema \u00e9 totalmente configur\u00e1vel, com ajustes de limiar de alarme (sensibilidade) e atraso de alarme\/falha controlados a partir do controlador instalado ao n\u00edvel do solo, com interface de f\u00e1cil uso e display LCD retroiluminado. \u00c9 poss\u00edvel conectar e monitorar at\u00e9 tr\u00eas cabe\u00e7as detectoras, com sinais independentes de alarme e falha para cada detector. Para verifica\u00e7\u00e3o r\u00e1pida do funcionamento, \u00e9 poss\u00edvel iniciar testes de alarme. O registro de eventos com data e hora facilita o diagn\u00f3stico de falhas no sistema. Part number 116-6020-100 Fireray Hub Reflective System 116-6030-100 Fireray Hub Detector head<\/p>","protected":false},"featured_media":6350,"comment_status":"open","ping_status":"closed","template":"","meta":{"_joinchat":[]},"product_brand":[],"product_cat":[116],"product_tag":[],"marca":[91],"class_list":{"0":"post-6349","1":"product","2":"type-product","3":"status-publish","4":"has-post-thumbnail","6":"product_cat-combate-a-incendio","7":"marca-autronica","9":"first","10":"instock","11":"shipping-taxable","12":"product-type-simple"},"yoast_head":"<!-- This site is optimized with the Yoast SEO plugin v27.2 - https:\/\/yoast.com\/product\/yoast-seo-wordpress\/ -->\n<title>Fireray Hub Refletivo - Full Solutions<\/title>\n<meta name=\"description\" content=\"Fireray Hub refletivo para sistemas de detec\u00e7\u00e3o linear de fuma\u00e7a, permitindo conex\u00e3o e gerenciamento eficiente de m\u00faltiplos detectores em grandes \u00e1reas com alta confiabilidade.\" \/>\n<meta name=\"robots\" content=\"index, follow, max-snippet:-1, max-image-preview:large, max-video-preview:-1\" \/>\n<link rel=\"canonical\" href=\"https:\/\/fullsolutions.info\/en\/product\/fireray-hub-refletivo\/\" \/>\n<meta property=\"og:locale\" content=\"en_US\" \/>\n<meta property=\"og:type\" content=\"article\" \/>\n<meta property=\"og:title\" content=\"Fireray Hub Refletivo - Full Solutions\" \/>\n<meta property=\"og:description\" content=\"Fireray Hub refletivo para sistemas de detec\u00e7\u00e3o linear de fuma\u00e7a, permitindo conex\u00e3o e gerenciamento eficiente de m\u00faltiplos detectores em grandes \u00e1reas com alta confiabilidade.\" \/>\n<meta property=\"og:url\" content=\"https:\/\/fullsolutions.info\/en\/product\/fireray-hub-refletivo\/\" \/>\n<meta property=\"og:site_name\" content=\"Full Solutions\" \/>\n<meta property=\"article:modified_time\" content=\"2026-04-13T12:35:36+00:00\" \/>\n<meta property=\"og:image\" content=\"https:\/\/mlhff0prgoxu.i.optimole.com\/cb:s0sM.767\/w:auto\/h:auto\/q:mauto\/f:best\/https:\/\/fullsolutions.info\/wp-content\/uploads\/2026\/03\/Fireray-Hub-Reflective.webp\" \/>\n\t<meta property=\"og:image:width\" content=\"549\" \/>\n\t<meta property=\"og:image:height\" content=\"533\" \/>\n\t<meta property=\"og:image:type\" content=\"image\/webp\" \/>\n<meta name=\"twitter:card\" content=\"summary_large_image\" \/>\n<meta name=\"twitter:label1\" content=\"Est. reading time\" \/>\n\t<meta name=\"twitter:data1\" content=\"2 minutes\" \/>\n<script type=\"application\/ld+json\" class=\"yoast-schema-graph\">{\"@context\":\"https:\/\/schema.org\",\"@graph\":[{\"@type\":\"WebPage\",\"@id\":\"https:\/\/fullsolutions.info\/produto\/fireray-hub-refletivo\/\",\"url\":\"https:\/\/fullsolutions.info\/produto\/fireray-hub-refletivo\/\",\"name\":\"Fireray Hub Refletivo - Full Solutions\",\"isPartOf\":{\"@id\":\"https:\/\/fullsolutions.info\/#website\"},\"primaryImageOfPage\":{\"@id\":\"https:\/\/fullsolutions.info\/produto\/fireray-hub-refletivo\/#primaryimage\"},\"image\":{\"@id\":\"https:\/\/fullsolutions.info\/produto\/fireray-hub-refletivo\/#primaryimage\"},\"thumbnailUrl\":\"https:\/\/mlhff0prgoxu.i.optimole.com\/cb:s0sM.767\/w:auto\/h:auto\/q:mauto\/f:best\/https:\/\/fullsolutions.info\/wp-content\/uploads\/2026\/03\/Fireray-Hub-Reflective.webp\",\"datePublished\":\"2026-03-17T12:40:36+00:00\",\"dateModified\":\"2026-04-13T12:35:36+00:00\",\"description\":\"Fireray Hub refletivo para sistemas de detec\u00e7\u00e3o linear de fuma\u00e7a, permitindo conex\u00e3o e gerenciamento eficiente de m\u00faltiplos detectores em grandes \u00e1reas com alta confiabilidade.\",\"breadcrumb\":{\"@id\":\"https:\/\/fullsolutions.info\/produto\/fireray-hub-refletivo\/#breadcrumb\"},\"inLanguage\":\"en-US\",\"potentialAction\":[{\"@type\":\"ReadAction\",\"target\":[\"https:\/\/fullsolutions.info\/produto\/fireray-hub-refletivo\/\"]}]},{\"@type\":\"ImageObject\",\"inLanguage\":\"en-US\",\"@id\":\"https:\/\/fullsolutions.info\/produto\/fireray-hub-refletivo\/#primaryimage\",\"url\":\"https:\/\/mlhff0prgoxu.i.optimole.com\/cb:s0sM.767\/w:auto\/h:auto\/q:mauto\/f:best\/https:\/\/fullsolutions.info\/wp-content\/uploads\/2026\/03\/Fireray-Hub-Reflective.webp\",\"contentUrl\":\"https:\/\/mlhff0prgoxu.i.optimole.com\/cb:s0sM.767\/w:auto\/h:auto\/q:mauto\/f:best\/https:\/\/fullsolutions.info\/wp-content\/uploads\/2026\/03\/Fireray-Hub-Reflective.webp\",\"width\":549,\"height\":533},{\"@type\":\"BreadcrumbList\",\"@id\":\"https:\/\/fullsolutions.info\/produto\/fireray-hub-refletivo\/#breadcrumb\",\"itemListElement\":[{\"@type\":\"ListItem\",\"position\":1,\"name\":\"In\u00edcio\",\"item\":\"https:\/\/fullsolutions.info\/\"},{\"@type\":\"ListItem\",\"position\":2,\"name\":\"Produtos\",\"item\":\"https:\/\/fullsolutions.info\/shop\/\"},{\"@type\":\"ListItem\",\"position\":3,\"name\":\"Fireray Hub Refletivo\"}]},{\"@type\":\"WebSite\",\"@id\":\"https:\/\/fullsolutions.info\/#website\",\"url\":\"https:\/\/fullsolutions.info\/\",\"name\":\"Full Solutions\",\"description\":\"Empresa na \u00c1rea de Procurement\",\"publisher\":{\"@id\":\"https:\/\/fullsolutions.info\/#organization\"},\"potentialAction\":[{\"@type\":\"SearchAction\",\"target\":{\"@type\":\"EntryPoint\",\"urlTemplate\":\"https:\/\/fullsolutions.info\/?s={search_term_string}\"},\"query-input\":{\"@type\":\"PropertyValueSpecification\",\"valueRequired\":true,\"valueName\":\"search_term_string\"}}],\"inLanguage\":\"en-US\"},{\"@type\":\"Organization\",\"@id\":\"https:\/\/fullsolutions.info\/#organization\",\"name\":\"Full Solutions\",\"url\":\"https:\/\/fullsolutions.info\/\",\"logo\":{\"@type\":\"ImageObject\",\"inLanguage\":\"en-US\",\"@id\":\"https:\/\/fullsolutions.info\/#\/schema\/logo\/image\/\",\"url\":\"https:\/\/mlhff0prgoxu.i.optimole.com\/cb:s0sM.767\/w:auto\/h:auto\/q:mauto\/f:best\/https:\/\/fullsolutions.info\/wp-content\/uploads\/2021\/07\/cropped-Design-sem-nome-300x193-1-e1627062664782.png\",\"contentUrl\":\"https:\/\/mlhff0prgoxu.i.optimole.com\/cb:s0sM.767\/w:auto\/h:auto\/q:mauto\/f:best\/https:\/\/fullsolutions.info\/wp-content\/uploads\/2021\/07\/cropped-Design-sem-nome-300x193-1-e1627062664782.png\",\"width\":202,\"height\":155,\"caption\":\"Full Solutions\"},\"image\":{\"@id\":\"https:\/\/fullsolutions.info\/#\/schema\/logo\/image\/\"},\"sameAs\":[\"https:\/\/www.linkedin.com\/company\/full-solutions-equipment\"]}]}<\/script>\n<!-- \/ Yoast SEO plugin. -->","yoast_head_json":{"title":"Fireray Hub Refletivo - Full Solutions","description":"Fireray Hub refletivo para sistemas de detec\u00e7\u00e3o linear de fuma\u00e7a, permitindo conex\u00e3o e gerenciamento eficiente de m\u00faltiplos detectores em grandes \u00e1reas com alta confiabilidade.","robots":{"index":"index","follow":"follow","max-snippet":"max-snippet:-1","max-image-preview":"max-image-preview:large","max-video-preview":"max-video-preview:-1"},"canonical":"https:\/\/fullsolutions.info\/en\/product\/fireray-hub-refletivo\/","og_locale":"en_US","og_type":"article","og_title":"Fireray Hub Refletivo - Full Solutions","og_description":"Fireray Hub refletivo para sistemas de detec\u00e7\u00e3o linear de fuma\u00e7a, permitindo conex\u00e3o e gerenciamento eficiente de m\u00faltiplos detectores em grandes \u00e1reas com alta confiabilidade.","og_url":"https:\/\/fullsolutions.info\/en\/product\/fireray-hub-refletivo\/","og_site_name":"Full Solutions","article_modified_time":"2026-04-13T12:35:36+00:00","og_image":[{"width":549,"height":533,"url":"https:\/\/mlhff0prgoxu.i.optimole.com\/cb:s0sM.767\/w:auto\/h:auto\/q:mauto\/f:best\/https:\/\/fullsolutions.info\/wp-content\/uploads\/2026\/03\/Fireray-Hub-Reflective.webp","type":"image\/webp"}],"twitter_card":"summary_large_image","twitter_misc":{"Est. reading time":"2 minutes"},"schema":{"@context":"https:\/\/schema.org","@graph":[{"@type":"WebPage","@id":"https:\/\/fullsolutions.info\/produto\/fireray-hub-refletivo\/","url":"https:\/\/fullsolutions.info\/produto\/fireray-hub-refletivo\/","name":"Fireray Hub Refletivo - Full Solutions","isPartOf":{"@id":"https:\/\/fullsolutions.info\/#website"},"primaryImageOfPage":{"@id":"https:\/\/fullsolutions.info\/produto\/fireray-hub-refletivo\/#primaryimage"},"image":{"@id":"https:\/\/fullsolutions.info\/produto\/fireray-hub-refletivo\/#primaryimage"},"thumbnailUrl":"https:\/\/mlhff0prgoxu.i.optimole.com\/cb:s0sM.767\/w:auto\/h:auto\/q:mauto\/f:best\/https:\/\/fullsolutions.info\/wp-content\/uploads\/2026\/03\/Fireray-Hub-Reflective.webp","datePublished":"2026-03-17T12:40:36+00:00","dateModified":"2026-04-13T12:35:36+00:00","description":"Fireray Hub refletivo para sistemas de detec\u00e7\u00e3o linear de fuma\u00e7a, permitindo conex\u00e3o e gerenciamento eficiente de m\u00faltiplos detectores em grandes \u00e1reas com alta confiabilidade.","breadcrumb":{"@id":"https:\/\/fullsolutions.info\/produto\/fireray-hub-refletivo\/#breadcrumb"},"inLanguage":"en-US","potentialAction":[{"@type":"ReadAction","target":["https:\/\/fullsolutions.info\/produto\/fireray-hub-refletivo\/"]}]},{"@type":"ImageObject","inLanguage":"en-US","@id":"https:\/\/fullsolutions.info\/produto\/fireray-hub-refletivo\/#primaryimage","url":"https:\/\/mlhff0prgoxu.i.optimole.com\/cb:s0sM.767\/w:auto\/h:auto\/q:mauto\/f:best\/https:\/\/fullsolutions.info\/wp-content\/uploads\/2026\/03\/Fireray-Hub-Reflective.webp","contentUrl":"https:\/\/mlhff0prgoxu.i.optimole.com\/cb:s0sM.767\/w:auto\/h:auto\/q:mauto\/f:best\/https:\/\/fullsolutions.info\/wp-content\/uploads\/2026\/03\/Fireray-Hub-Reflective.webp","width":549,"height":533},{"@type":"BreadcrumbList","@id":"https:\/\/fullsolutions.info\/produto\/fireray-hub-refletivo\/#breadcrumb","itemListElement":[{"@type":"ListItem","position":1,"name":"In\u00edcio","item":"https:\/\/fullsolutions.info\/"},{"@type":"ListItem","position":2,"name":"Produtos","item":"https:\/\/fullsolutions.info\/shop\/"},{"@type":"ListItem","position":3,"name":"Fireray Hub Refletivo"}]},{"@type":"WebSite","@id":"https:\/\/fullsolutions.info\/#website","url":"https:\/\/fullsolutions.info\/","name":"Full Solutions","description":"Empresa na \u00c1rea de Procurement","publisher":{"@id":"https:\/\/fullsolutions.info\/#organization"},"potentialAction":[{"@type":"SearchAction","target":{"@type":"EntryPoint","urlTemplate":"https:\/\/fullsolutions.info\/?s={search_term_string}"},"query-input":{"@type":"PropertyValueSpecification","valueRequired":true,"valueName":"search_term_string"}}],"inLanguage":"en-US"},{"@type":"Organization","@id":"https:\/\/fullsolutions.info\/#organization","name":"Full Solutions","url":"https:\/\/fullsolutions.info\/","logo":{"@type":"ImageObject","inLanguage":"en-US","@id":"https:\/\/fullsolutions.info\/#\/schema\/logo\/image\/","url":"https:\/\/mlhff0prgoxu.i.optimole.com\/cb:s0sM.767\/w:auto\/h:auto\/q:mauto\/f:best\/https:\/\/fullsolutions.info\/wp-content\/uploads\/2021\/07\/cropped-Design-sem-nome-300x193-1-e1627062664782.png","contentUrl":"https:\/\/mlhff0prgoxu.i.optimole.com\/cb:s0sM.767\/w:auto\/h:auto\/q:mauto\/f:best\/https:\/\/fullsolutions.info\/wp-content\/uploads\/2021\/07\/cropped-Design-sem-nome-300x193-1-e1627062664782.png","width":202,"height":155,"caption":"Full Solutions"},"image":{"@id":"https:\/\/fullsolutions.info\/#\/schema\/logo\/image\/"},"sameAs":["https:\/\/www.linkedin.com\/company\/full-solutions-equipment"]}]}},"_links":{"self":[{"href":"https:\/\/fullsolutions.info\/en\/wp-json\/wp\/v2\/product\/6349","targetHints":{"allow":["GET"]}}],"collection":[{"href":"https:\/\/fullsolutions.info\/en\/wp-json\/wp\/v2\/product"}],"about":[{"href":"https:\/\/fullsolutions.info\/en\/wp-json\/wp\/v2\/types\/product"}],"replies":[{"embeddable":true,"href":"https:\/\/fullsolutions.info\/en\/wp-json\/wp\/v2\/comments?post=6349"}],"wp:featuredmedia":[{"embeddable":true,"href":"https:\/\/fullsolutions.info\/en\/wp-json\/wp\/v2\/media\/6350"}],"wp:attachment":[{"href":"https:\/\/fullsolutions.info\/en\/wp-json\/wp\/v2\/media?parent=6349"}],"wp:term":[{"taxonomy":"product_brand","embeddable":true,"href":"https:\/\/fullsolutions.info\/en\/wp-json\/wp\/v2\/product_brand?post=6349"},{"taxonomy":"product_cat","embeddable":true,"href":"https:\/\/fullsolutions.info\/en\/wp-json\/wp\/v2\/product_cat?post=6349"},{"taxonomy":"product_tag","embeddable":true,"href":"https:\/\/fullsolutions.info\/en\/wp-json\/wp\/v2\/product_tag?post=6349"},{"taxonomy":"marca","embeddable":true,"href":"https:\/\/fullsolutions.info\/en\/wp-json\/wp\/v2\/marca?post=6349"}],"curies":[{"name":"wp","href":"https:\/\/api.w.org\/{rel}","templated":true}]}}