{"id":6346,"date":"2026-03-16T16:26:10","date_gmt":"2026-03-16T19:26:10","guid":{"rendered":"https:\/\/fullsolutions.info\/?post_type=product&#038;p=6346"},"modified":"2026-04-13T09:36:44","modified_gmt":"2026-04-13T12:36:44","slug":"detector-de-chama-autroflame-triple-ir","status":"publish","type":"product","link":"https:\/\/fullsolutions.info\/en\/product\/detector-de-chama-autroflame-triple-ir\/","title":{"rendered":"Detector de chama infravermelho AutroFlame Triple IR"},"content":{"rendered":"<p data-start=\"0\" data-end=\"42\">AutroFlame Triple IR Flame Detector utilizado para detec\u00e7\u00e3o de inc\u00eandios envolvendo a combust\u00e3o de materiais carbon\u00e1ceos.<\/p>\n<p data-start=\"131\" data-end=\"358\">O detector de chama AutroFlame IR3 \u00e9 utilizado em loops de detec\u00e7\u00e3o Al_Com (para sistemas interativos de detec\u00e7\u00e3o de inc\u00eandio). Ele \u00e9 empregado na detec\u00e7\u00e3o de inc\u00eandios resultantes da combust\u00e3o de materiais carbon\u00e1ceos.<\/p>\n<p data-start=\"360\" data-end=\"777\">O detector pode ser utilizado em aplica\u00e7\u00f5es internas e externas. Possui alto grau de prote\u00e7\u00e3o IP, tornando-o adequado para os ambientes mais severos. Por meio dos tr\u00eas sensores do detector de chama, \u00e9 poss\u00edvel distinguir com precis\u00e3o entre fen\u00f4menos enganosos e inc\u00eandios reais. O detector \u00e9 adequado para ambientes onde h\u00e1 fen\u00f4menos que podem causar falsas detec\u00e7\u00f5es, como radia\u00e7\u00e3o solar ou objetos quentes vibrando.<\/p>\n<p data-start=\"2106\" data-end=\"2118\">Part numbers<\/p>\n<p data-start=\"2120\" data-end=\"2338\" data-is-last-node=\"\" data-is-only-node=\"\">116-BG-301 \u2013 Detector de chama IR3 padr\u00e3o para aplica\u00e7\u00f5es n\u00e3o Ex<br data-start=\"2184\" data-end=\"2187\" \/>116-BG-301-EXIA \u2013 Detector de chama IR3 para aplica\u00e7\u00f5es Ex ia (zonas 0, 1 e 2)<br data-start=\"2265\" data-end=\"2268\" \/>116-BG-301-EXIC \u2013 Detector de chama IR3 para aplica\u00e7\u00f5es Ex ic (zona 2)<\/p>","protected":false},"excerpt":{"rendered":"<p>AutroFlame Triple IR Flame Detector utilizado para detec\u00e7\u00e3o de inc\u00eandios envolvendo a combust\u00e3o de materiais carbon\u00e1ceos. O detector de chama AutroFlame IR3 \u00e9 utilizado em loops de detec\u00e7\u00e3o Al_Com (para sistemas interativos de detec\u00e7\u00e3o de inc\u00eandio). Ele \u00e9 empregado na detec\u00e7\u00e3o de inc\u00eandios resultantes da combust\u00e3o de materiais carbon\u00e1ceos. O detector pode ser utilizado em aplica\u00e7\u00f5es internas e externas. Possui alto grau de prote\u00e7\u00e3o IP, tornando-o adequado para os ambientes mais severos. Por meio dos tr\u00eas sensores do detector de chama, \u00e9 poss\u00edvel distinguir com precis\u00e3o entre fen\u00f4menos enganosos e inc\u00eandios reais. O detector \u00e9 adequado para ambientes onde h\u00e1 fen\u00f4menos que podem causar falsas detec\u00e7\u00f5es, como radia\u00e7\u00e3o solar ou objetos quentes vibrando. Part numbers 116-BG-301 \u2013 Detector de chama IR3 padr\u00e3o para aplica\u00e7\u00f5es n\u00e3o Ex116-BG-301-EXIA \u2013 Detector de chama IR3 para aplica\u00e7\u00f5es Ex ia (zonas 0, 1 e 2)116-BG-301-EXIC \u2013 Detector de chama IR3 para aplica\u00e7\u00f5es Ex ic (zona 2)<\/p>","protected":false},"featured_media":6347,"comment_status":"open","ping_status":"closed","template":"","meta":{"_joinchat":[]},"product_brand":[],"product_cat":[116],"product_tag":[],"marca":[91],"class_list":{"0":"post-6346","1":"product","2":"type-product","3":"status-publish","4":"has-post-thumbnail","6":"product_cat-combate-a-incendio","7":"marca-autronica","9":"first","10":"instock","11":"shipping-taxable","12":"product-type-simple"},"yoast_head":"<!-- This site is optimized with the Yoast SEO plugin v27.2 - https:\/\/yoast.com\/product\/yoast-seo-wordpress\/ -->\n<title>Detector de chama infravermelho AutroFlame Triple IR - Full Solutions<\/title>\n<meta name=\"description\" content=\"Detector de chama infravermelho AutroFlame Triple IR com alta sensibilidade e r\u00e1pida resposta, ideal para detec\u00e7\u00e3o confi\u00e1vel de inc\u00eandios em ambientes industriais e \u00e1reas classificadas, com baixa taxa de falsos alarmes.\" \/>\n<meta name=\"robots\" content=\"index, follow, max-snippet:-1, max-image-preview:large, max-video-preview:-1\" \/>\n<link rel=\"canonical\" href=\"https:\/\/fullsolutions.info\/en\/product\/detector-de-chama-autroflame-triple-ir\/\" \/>\n<meta property=\"og:locale\" content=\"en_US\" \/>\n<meta property=\"og:type\" content=\"article\" \/>\n<meta property=\"og:title\" content=\"Detector de chama infravermelho AutroFlame Triple IR - Full Solutions\" \/>\n<meta property=\"og:description\" content=\"Detector de chama infravermelho AutroFlame Triple IR com alta sensibilidade e r\u00e1pida resposta, ideal para detec\u00e7\u00e3o confi\u00e1vel de inc\u00eandios em ambientes industriais e \u00e1reas classificadas, com baixa taxa de falsos alarmes.\" \/>\n<meta property=\"og:url\" content=\"https:\/\/fullsolutions.info\/en\/product\/detector-de-chama-autroflame-triple-ir\/\" \/>\n<meta property=\"og:site_name\" content=\"Full Solutions\" \/>\n<meta property=\"article:modified_time\" content=\"2026-04-13T12:36:44+00:00\" \/>\n<meta property=\"og:image\" content=\"https:\/\/mlhff0prgoxu.i.optimole.com\/cb:s0sM.767\/w:auto\/h:auto\/q:mauto\/f:best\/https:\/\/fullsolutions.info\/wp-content\/uploads\/2026\/03\/produkt_bilder_202410-AutroFlame20BG-301.webp\" \/>\n\t<meta property=\"og:image:width\" content=\"549\" \/>\n\t<meta property=\"og:image:height\" content=\"533\" \/>\n\t<meta property=\"og:image:type\" content=\"image\/webp\" \/>\n<meta name=\"twitter:card\" content=\"summary_large_image\" \/>\n<meta name=\"twitter:label1\" content=\"Est. reading time\" \/>\n\t<meta name=\"twitter:data1\" content=\"2 minutes\" \/>\n<script type=\"application\/ld+json\" class=\"yoast-schema-graph\">{\"@context\":\"https:\/\/schema.org\",\"@graph\":[{\"@type\":\"WebPage\",\"@id\":\"https:\/\/fullsolutions.info\/produto\/detector-de-chama-autroflame-triple-ir\/\",\"url\":\"https:\/\/fullsolutions.info\/produto\/detector-de-chama-autroflame-triple-ir\/\",\"name\":\"Detector de chama infravermelho AutroFlame Triple IR - Full Solutions\",\"isPartOf\":{\"@id\":\"https:\/\/fullsolutions.info\/#website\"},\"primaryImageOfPage\":{\"@id\":\"https:\/\/fullsolutions.info\/produto\/detector-de-chama-autroflame-triple-ir\/#primaryimage\"},\"image\":{\"@id\":\"https:\/\/fullsolutions.info\/produto\/detector-de-chama-autroflame-triple-ir\/#primaryimage\"},\"thumbnailUrl\":\"https:\/\/mlhff0prgoxu.i.optimole.com\/cb:s0sM.767\/w:auto\/h:auto\/q:mauto\/f:best\/https:\/\/fullsolutions.info\/wp-content\/uploads\/2026\/03\/produkt_bilder_202410-AutroFlame20BG-301.webp\",\"datePublished\":\"2026-03-16T19:26:10+00:00\",\"dateModified\":\"2026-04-13T12:36:44+00:00\",\"description\":\"Detector de chama infravermelho AutroFlame Triple IR com alta sensibilidade e r\u00e1pida resposta, ideal para detec\u00e7\u00e3o confi\u00e1vel de inc\u00eandios em ambientes industriais e \u00e1reas classificadas, com baixa taxa de falsos alarmes.\",\"breadcrumb\":{\"@id\":\"https:\/\/fullsolutions.info\/produto\/detector-de-chama-autroflame-triple-ir\/#breadcrumb\"},\"inLanguage\":\"en-US\",\"potentialAction\":[{\"@type\":\"ReadAction\",\"target\":[\"https:\/\/fullsolutions.info\/produto\/detector-de-chama-autroflame-triple-ir\/\"]}]},{\"@type\":\"ImageObject\",\"inLanguage\":\"en-US\",\"@id\":\"https:\/\/fullsolutions.info\/produto\/detector-de-chama-autroflame-triple-ir\/#primaryimage\",\"url\":\"https:\/\/mlhff0prgoxu.i.optimole.com\/cb:s0sM.767\/w:auto\/h:auto\/q:mauto\/f:best\/https:\/\/fullsolutions.info\/wp-content\/uploads\/2026\/03\/produkt_bilder_202410-AutroFlame20BG-301.webp\",\"contentUrl\":\"https:\/\/mlhff0prgoxu.i.optimole.com\/cb:s0sM.767\/w:auto\/h:auto\/q:mauto\/f:best\/https:\/\/fullsolutions.info\/wp-content\/uploads\/2026\/03\/produkt_bilder_202410-AutroFlame20BG-301.webp\",\"width\":549,\"height\":533},{\"@type\":\"BreadcrumbList\",\"@id\":\"https:\/\/fullsolutions.info\/produto\/detector-de-chama-autroflame-triple-ir\/#breadcrumb\",\"itemListElement\":[{\"@type\":\"ListItem\",\"position\":1,\"name\":\"In\u00edcio\",\"item\":\"https:\/\/fullsolutions.info\/\"},{\"@type\":\"ListItem\",\"position\":2,\"name\":\"Produtos\",\"item\":\"https:\/\/fullsolutions.info\/shop\/\"},{\"@type\":\"ListItem\",\"position\":3,\"name\":\"Detector de chama infravermelho AutroFlame Triple IR\"}]},{\"@type\":\"WebSite\",\"@id\":\"https:\/\/fullsolutions.info\/#website\",\"url\":\"https:\/\/fullsolutions.info\/\",\"name\":\"Full Solutions\",\"description\":\"Empresa na \u00c1rea de Procurement\",\"publisher\":{\"@id\":\"https:\/\/fullsolutions.info\/#organization\"},\"potentialAction\":[{\"@type\":\"SearchAction\",\"target\":{\"@type\":\"EntryPoint\",\"urlTemplate\":\"https:\/\/fullsolutions.info\/?s={search_term_string}\"},\"query-input\":{\"@type\":\"PropertyValueSpecification\",\"valueRequired\":true,\"valueName\":\"search_term_string\"}}],\"inLanguage\":\"en-US\"},{\"@type\":\"Organization\",\"@id\":\"https:\/\/fullsolutions.info\/#organization\",\"name\":\"Full Solutions\",\"url\":\"https:\/\/fullsolutions.info\/\",\"logo\":{\"@type\":\"ImageObject\",\"inLanguage\":\"en-US\",\"@id\":\"https:\/\/fullsolutions.info\/#\/schema\/logo\/image\/\",\"url\":\"https:\/\/mlhff0prgoxu.i.optimole.com\/cb:s0sM.767\/w:auto\/h:auto\/q:mauto\/f:best\/https:\/\/fullsolutions.info\/wp-content\/uploads\/2021\/07\/cropped-Design-sem-nome-300x193-1-e1627062664782.png\",\"contentUrl\":\"https:\/\/mlhff0prgoxu.i.optimole.com\/cb:s0sM.767\/w:auto\/h:auto\/q:mauto\/f:best\/https:\/\/fullsolutions.info\/wp-content\/uploads\/2021\/07\/cropped-Design-sem-nome-300x193-1-e1627062664782.png\",\"width\":202,\"height\":155,\"caption\":\"Full Solutions\"},\"image\":{\"@id\":\"https:\/\/fullsolutions.info\/#\/schema\/logo\/image\/\"},\"sameAs\":[\"https:\/\/www.linkedin.com\/company\/full-solutions-equipment\"]}]}<\/script>\n<!-- \/ Yoast SEO plugin. -->","yoast_head_json":{"title":"Detector de chama infravermelho AutroFlame Triple IR - Full Solutions","description":"Detector de chama infravermelho AutroFlame Triple IR com alta sensibilidade e r\u00e1pida resposta, ideal para detec\u00e7\u00e3o confi\u00e1vel de inc\u00eandios em ambientes industriais e \u00e1reas classificadas, com baixa taxa de falsos alarmes.","robots":{"index":"index","follow":"follow","max-snippet":"max-snippet:-1","max-image-preview":"max-image-preview:large","max-video-preview":"max-video-preview:-1"},"canonical":"https:\/\/fullsolutions.info\/en\/product\/detector-de-chama-autroflame-triple-ir\/","og_locale":"en_US","og_type":"article","og_title":"Detector de chama infravermelho AutroFlame Triple IR - Full Solutions","og_description":"Detector de chama infravermelho AutroFlame Triple IR com alta sensibilidade e r\u00e1pida resposta, ideal para detec\u00e7\u00e3o confi\u00e1vel de inc\u00eandios em ambientes industriais e \u00e1reas classificadas, com baixa taxa de falsos alarmes.","og_url":"https:\/\/fullsolutions.info\/en\/product\/detector-de-chama-autroflame-triple-ir\/","og_site_name":"Full Solutions","article_modified_time":"2026-04-13T12:36:44+00:00","og_image":[{"width":549,"height":533,"url":"https:\/\/mlhff0prgoxu.i.optimole.com\/cb:s0sM.767\/w:auto\/h:auto\/q:mauto\/f:best\/https:\/\/fullsolutions.info\/wp-content\/uploads\/2026\/03\/produkt_bilder_202410-AutroFlame20BG-301.webp","type":"image\/webp"}],"twitter_card":"summary_large_image","twitter_misc":{"Est. reading time":"2 minutes"},"schema":{"@context":"https:\/\/schema.org","@graph":[{"@type":"WebPage","@id":"https:\/\/fullsolutions.info\/produto\/detector-de-chama-autroflame-triple-ir\/","url":"https:\/\/fullsolutions.info\/produto\/detector-de-chama-autroflame-triple-ir\/","name":"Detector de chama infravermelho AutroFlame Triple IR - Full Solutions","isPartOf":{"@id":"https:\/\/fullsolutions.info\/#website"},"primaryImageOfPage":{"@id":"https:\/\/fullsolutions.info\/produto\/detector-de-chama-autroflame-triple-ir\/#primaryimage"},"image":{"@id":"https:\/\/fullsolutions.info\/produto\/detector-de-chama-autroflame-triple-ir\/#primaryimage"},"thumbnailUrl":"https:\/\/mlhff0prgoxu.i.optimole.com\/cb:s0sM.767\/w:auto\/h:auto\/q:mauto\/f:best\/https:\/\/fullsolutions.info\/wp-content\/uploads\/2026\/03\/produkt_bilder_202410-AutroFlame20BG-301.webp","datePublished":"2026-03-16T19:26:10+00:00","dateModified":"2026-04-13T12:36:44+00:00","description":"Detector de chama infravermelho AutroFlame Triple IR com alta sensibilidade e r\u00e1pida resposta, ideal para detec\u00e7\u00e3o confi\u00e1vel de inc\u00eandios em ambientes industriais e \u00e1reas classificadas, com baixa taxa de falsos alarmes.","breadcrumb":{"@id":"https:\/\/fullsolutions.info\/produto\/detector-de-chama-autroflame-triple-ir\/#breadcrumb"},"inLanguage":"en-US","potentialAction":[{"@type":"ReadAction","target":["https:\/\/fullsolutions.info\/produto\/detector-de-chama-autroflame-triple-ir\/"]}]},{"@type":"ImageObject","inLanguage":"en-US","@id":"https:\/\/fullsolutions.info\/produto\/detector-de-chama-autroflame-triple-ir\/#primaryimage","url":"https:\/\/mlhff0prgoxu.i.optimole.com\/cb:s0sM.767\/w:auto\/h:auto\/q:mauto\/f:best\/https:\/\/fullsolutions.info\/wp-content\/uploads\/2026\/03\/produkt_bilder_202410-AutroFlame20BG-301.webp","contentUrl":"https:\/\/mlhff0prgoxu.i.optimole.com\/cb:s0sM.767\/w:auto\/h:auto\/q:mauto\/f:best\/https:\/\/fullsolutions.info\/wp-content\/uploads\/2026\/03\/produkt_bilder_202410-AutroFlame20BG-301.webp","width":549,"height":533},{"@type":"BreadcrumbList","@id":"https:\/\/fullsolutions.info\/produto\/detector-de-chama-autroflame-triple-ir\/#breadcrumb","itemListElement":[{"@type":"ListItem","position":1,"name":"In\u00edcio","item":"https:\/\/fullsolutions.info\/"},{"@type":"ListItem","position":2,"name":"Produtos","item":"https:\/\/fullsolutions.info\/shop\/"},{"@type":"ListItem","position":3,"name":"Detector de chama infravermelho AutroFlame Triple IR"}]},{"@type":"WebSite","@id":"https:\/\/fullsolutions.info\/#website","url":"https:\/\/fullsolutions.info\/","name":"Full Solutions","description":"Empresa na \u00c1rea de Procurement","publisher":{"@id":"https:\/\/fullsolutions.info\/#organization"},"potentialAction":[{"@type":"SearchAction","target":{"@type":"EntryPoint","urlTemplate":"https:\/\/fullsolutions.info\/?s={search_term_string}"},"query-input":{"@type":"PropertyValueSpecification","valueRequired":true,"valueName":"search_term_string"}}],"inLanguage":"en-US"},{"@type":"Organization","@id":"https:\/\/fullsolutions.info\/#organization","name":"Full Solutions","url":"https:\/\/fullsolutions.info\/","logo":{"@type":"ImageObject","inLanguage":"en-US","@id":"https:\/\/fullsolutions.info\/#\/schema\/logo\/image\/","url":"https:\/\/mlhff0prgoxu.i.optimole.com\/cb:s0sM.767\/w:auto\/h:auto\/q:mauto\/f:best\/https:\/\/fullsolutions.info\/wp-content\/uploads\/2021\/07\/cropped-Design-sem-nome-300x193-1-e1627062664782.png","contentUrl":"https:\/\/mlhff0prgoxu.i.optimole.com\/cb:s0sM.767\/w:auto\/h:auto\/q:mauto\/f:best\/https:\/\/fullsolutions.info\/wp-content\/uploads\/2021\/07\/cropped-Design-sem-nome-300x193-1-e1627062664782.png","width":202,"height":155,"caption":"Full Solutions"},"image":{"@id":"https:\/\/fullsolutions.info\/#\/schema\/logo\/image\/"},"sameAs":["https:\/\/www.linkedin.com\/company\/full-solutions-equipment"]}]}},"_links":{"self":[{"href":"https:\/\/fullsolutions.info\/en\/wp-json\/wp\/v2\/product\/6346","targetHints":{"allow":["GET"]}}],"collection":[{"href":"https:\/\/fullsolutions.info\/en\/wp-json\/wp\/v2\/product"}],"about":[{"href":"https:\/\/fullsolutions.info\/en\/wp-json\/wp\/v2\/types\/product"}],"replies":[{"embeddable":true,"href":"https:\/\/fullsolutions.info\/en\/wp-json\/wp\/v2\/comments?post=6346"}],"wp:featuredmedia":[{"embeddable":true,"href":"https:\/\/fullsolutions.info\/en\/wp-json\/wp\/v2\/media\/6347"}],"wp:attachment":[{"href":"https:\/\/fullsolutions.info\/en\/wp-json\/wp\/v2\/media?parent=6346"}],"wp:term":[{"taxonomy":"product_brand","embeddable":true,"href":"https:\/\/fullsolutions.info\/en\/wp-json\/wp\/v2\/product_brand?post=6346"},{"taxonomy":"product_cat","embeddable":true,"href":"https:\/\/fullsolutions.info\/en\/wp-json\/wp\/v2\/product_cat?post=6346"},{"taxonomy":"product_tag","embeddable":true,"href":"https:\/\/fullsolutions.info\/en\/wp-json\/wp\/v2\/product_tag?post=6346"},{"taxonomy":"marca","embeddable":true,"href":"https:\/\/fullsolutions.info\/en\/wp-json\/wp\/v2\/marca?post=6346"}],"curies":[{"name":"wp","href":"https:\/\/api.w.org\/{rel}","templated":true}]}}