{"id":6344,"date":"2026-03-16T16:01:23","date_gmt":"2026-03-16T19:01:23","guid":{"rendered":"https:\/\/fullsolutions.info\/?post_type=product&#038;p=6344"},"modified":"2026-04-13T10:07:44","modified_gmt":"2026-04-13T13:07:44","slug":"detector-de-gas-maritimo-autropoint","status":"publish","type":"product","link":"https:\/\/fullsolutions.info\/en\/product\/detector-de-gas-maritimo-autropoint\/","title":{"rendered":"Detector de g\u00e1s mar\u00edtimo AutroPoint"},"content":{"rendered":"<p data-start=\"134\" data-end=\"355\">O <strong data-start=\"136\" data-end=\"175\">detector de g\u00e1s mar\u00edtimo AutroPoint<\/strong> realiza o monitoramento cont\u00ednuo de gases inflam\u00e1veis. Ele utiliza tecnologia infravermelha por difus\u00e3o e mede concentra\u00e7\u00f5es de 0 a 100% do Limite Inferior de Explosividade (LEL).<\/p>\n<p data-start=\"357\" data-end=\"503\">Al\u00e9m disso, o detector integra a tecnologia PowerLoop. Com isso, ele se comunica com o painel AutroSafe Maritime utilizando apenas um par de fios.<\/p>\n<p data-start=\"505\" data-end=\"707\">Essa tecnologia utiliza um barramento de dois fios para alimenta\u00e7\u00e3o e sinaliza\u00e7\u00e3o. O sistema opera em topologia de anel e mant\u00e9m isolamento galv\u00e2nico. Dessa forma, ele reduz custos e peso de cabeamento.<\/p>\n<p data-start=\"709\" data-end=\"974\">Cada detector possui um isolador de curto-circuito integrado. Assim, o sistema continua operando mesmo em caso de falha ou ruptura na linha. Al\u00e9m disso, o PowerLoop transmite todos os alarmes e falhas. Por isso, o detector n\u00e3o precisa de fonte de alimenta\u00e7\u00e3o local.<\/p>\n<p data-start=\"976\" data-end=\"1334\">O <strong data-start=\"978\" data-end=\"1017\">detector de g\u00e1s mar\u00edtimo AutroPoint<\/strong> atende aplica\u00e7\u00f5es mar\u00edtimas exigentes. Ele possui certifica\u00e7\u00f5es globais para \u00e1reas classificadas Classe I, Divis\u00f5es 1 e 2, e Zonas 1 e 2. Al\u00e9m disso, sua constru\u00e7\u00e3o em a\u00e7o inoxid\u00e1vel aumenta a durabilidade. A \u00f3ptica em safira e o design modular garantem robustez, f\u00e1cil instala\u00e7\u00e3o e menor custo total de propriedade.<\/p>\n<p data-start=\"1336\" data-end=\"1525\">O detector identifica centenas de gases e vapores inflam\u00e1veis. Ele j\u00e1 sai de f\u00e1brica calibrado para metano, propano, etileno ou butano. Dessa forma, o usu\u00e1rio inicia a opera\u00e7\u00e3o com rapidez.<\/p>\n<p data-start=\"1527\" data-end=\"1600\">O equipamento possui corpo em a\u00e7o inoxid\u00e1vel e duas entradas de cabo M25.<\/p>\n<hr data-start=\"1602\" data-end=\"1605\" \/>\n<h3 data-section-id=\"1hp538b\" data-start=\"1607\" data-end=\"1628\"><span role=\"text\"><strong data-start=\"1611\" data-end=\"1628\">Part numbers:<\/strong><\/span><\/h3>\n<ul data-start=\"1630\" data-end=\"1873\">\n<li data-section-id=\"1v2gfar\" data-start=\"1630\" data-end=\"1716\">116-010195-056 \u2013 Endere\u00e7\u00e1vel, com filtro hidrof\u00f3bico e defletor contra intemp\u00e9ries<\/li>\n<li data-section-id=\"gdyol3\" data-start=\"1717\" data-end=\"1749\">116-010195-057 \u2013 Endere\u00e7\u00e1vel<\/li>\n<li data-section-id=\"r43pje\" data-start=\"1750\" data-end=\"1838\">116-010195-058 \u2013 Sa\u00edda 4\u201320 mA, com filtro hidrof\u00f3bico e defletor contra intemp\u00e9ries<\/li>\n<li data-section-id=\"gshcpa\" data-start=\"1839\" data-end=\"1873\">116-010195-059 \u2013 Sa\u00edda 4\u201320 mA<\/li>\n<\/ul>","protected":false},"excerpt":{"rendered":"<p>O detector de g\u00e1s mar\u00edtimo AutroPoint realiza o monitoramento cont\u00ednuo de gases inflam\u00e1veis. Ele utiliza tecnologia infravermelha por difus\u00e3o e mede concentra\u00e7\u00f5es de 0 a 100% do Limite Inferior de Explosividade (LEL). Al\u00e9m disso, o detector integra a tecnologia PowerLoop. Com isso, ele se comunica com o painel AutroSafe Maritime utilizando apenas um par de fios. Essa tecnologia utiliza um barramento de dois fios para alimenta\u00e7\u00e3o e sinaliza\u00e7\u00e3o. O sistema opera em topologia de anel e mant\u00e9m isolamento galv\u00e2nico. Dessa forma, ele reduz custos e peso de cabeamento. Cada detector possui um isolador de curto-circuito integrado. Assim, o sistema continua operando mesmo em caso de falha ou ruptura na linha. Al\u00e9m disso, o PowerLoop transmite todos os alarmes e falhas. Por isso, o detector n\u00e3o precisa de fonte de alimenta\u00e7\u00e3o local. O detector de g\u00e1s mar\u00edtimo AutroPoint atende aplica\u00e7\u00f5es mar\u00edtimas exigentes. Ele possui certifica\u00e7\u00f5es globais para \u00e1reas classificadas Classe I, Divis\u00f5es 1 e 2, e Zonas 1 e 2. Al\u00e9m disso, sua constru\u00e7\u00e3o em a\u00e7o inoxid\u00e1vel aumenta a durabilidade. A \u00f3ptica em safira e o design modular garantem robustez, f\u00e1cil instala\u00e7\u00e3o e menor custo total de propriedade. O detector identifica centenas de gases e vapores inflam\u00e1veis. Ele j\u00e1 sai de f\u00e1brica calibrado para metano, propano, etileno ou butano. Dessa forma, o usu\u00e1rio inicia a opera\u00e7\u00e3o com rapidez. O equipamento possui corpo em a\u00e7o inoxid\u00e1vel e duas entradas de cabo M25. Part numbers: 116-010195-056 \u2013 Endere\u00e7\u00e1vel, com filtro hidrof\u00f3bico e defletor contra intemp\u00e9ries 116-010195-057 \u2013 Endere\u00e7\u00e1vel 116-010195-058 \u2013 Sa\u00edda 4\u201320 mA, com filtro hidrof\u00f3bico e defletor contra intemp\u00e9ries 116-010195-059 \u2013 Sa\u00edda 4\u201320 mA<\/p>","protected":false},"featured_media":6345,"comment_status":"open","ping_status":"closed","template":"","meta":{"_joinchat":[]},"product_brand":[],"product_cat":[116],"product_tag":[],"marca":[91],"class_list":{"0":"post-6344","1":"product","2":"type-product","3":"status-publish","4":"has-post-thumbnail","6":"product_cat-combate-a-incendio","7":"marca-autronica","9":"first","10":"instock","11":"shipping-taxable","12":"product-type-simple"},"yoast_head":"<!-- This site is optimized with the Yoast SEO plugin v27.2 - https:\/\/yoast.com\/product\/yoast-seo-wordpress\/ -->\n<title>Detector de g\u00e1s mar\u00edtimo AutroPoint - Full Solutions<\/title>\n<meta name=\"description\" content=\"Detector de g\u00e1s mar\u00edtimo AutroPoint para monitoramento cont\u00ednuo e confi\u00e1vel em embarca\u00e7\u00f5es, com alta precis\u00e3o, resposta r\u00e1pida e conformidade com normas mar\u00edtimas e industriais.\" \/>\n<meta name=\"robots\" content=\"index, follow, max-snippet:-1, max-image-preview:large, max-video-preview:-1\" \/>\n<link rel=\"canonical\" href=\"https:\/\/fullsolutions.info\/en\/product\/detector-de-gas-maritimo-autropoint\/\" \/>\n<meta property=\"og:locale\" content=\"en_US\" \/>\n<meta property=\"og:type\" content=\"article\" \/>\n<meta property=\"og:title\" content=\"Detector de g\u00e1s mar\u00edtimo AutroPoint - Full Solutions\" \/>\n<meta property=\"og:description\" content=\"Detector de g\u00e1s mar\u00edtimo AutroPoint para monitoramento cont\u00ednuo e confi\u00e1vel em embarca\u00e7\u00f5es, com alta precis\u00e3o, resposta r\u00e1pida e conformidade com normas mar\u00edtimas e industriais.\" \/>\n<meta property=\"og:url\" content=\"https:\/\/fullsolutions.info\/en\/product\/detector-de-gas-maritimo-autropoint\/\" \/>\n<meta property=\"og:site_name\" content=\"Full Solutions\" \/>\n<meta property=\"article:modified_time\" content=\"2026-04-13T13:07:44+00:00\" \/>\n<meta property=\"og:image\" content=\"https:\/\/mlhff0prgoxu.i.optimole.com\/cb:s0sM.767\/w:auto\/h:auto\/q:mauto\/f:best\/https:\/\/fullsolutions.info\/wp-content\/uploads\/2026\/03\/filarkivroot_produkt_bilder_MaritimeGasDetector.webp\" \/>\n\t<meta property=\"og:image:width\" content=\"549\" \/>\n\t<meta property=\"og:image:height\" content=\"533\" \/>\n\t<meta property=\"og:image:type\" content=\"image\/webp\" \/>\n<meta name=\"twitter:card\" content=\"summary_large_image\" \/>\n<meta name=\"twitter:label1\" content=\"Est. reading time\" \/>\n\t<meta name=\"twitter:data1\" content=\"2 minutes\" \/>\n<script type=\"application\/ld+json\" class=\"yoast-schema-graph\">{\"@context\":\"https:\/\/schema.org\",\"@graph\":[{\"@type\":\"WebPage\",\"@id\":\"https:\/\/fullsolutions.info\/produto\/detector-de-gas-maritimo-autropoint\/\",\"url\":\"https:\/\/fullsolutions.info\/produto\/detector-de-gas-maritimo-autropoint\/\",\"name\":\"Detector de g\u00e1s mar\u00edtimo AutroPoint - Full Solutions\",\"isPartOf\":{\"@id\":\"https:\/\/fullsolutions.info\/#website\"},\"primaryImageOfPage\":{\"@id\":\"https:\/\/fullsolutions.info\/produto\/detector-de-gas-maritimo-autropoint\/#primaryimage\"},\"image\":{\"@id\":\"https:\/\/fullsolutions.info\/produto\/detector-de-gas-maritimo-autropoint\/#primaryimage\"},\"thumbnailUrl\":\"https:\/\/mlhff0prgoxu.i.optimole.com\/cb:s0sM.767\/w:auto\/h:auto\/q:mauto\/f:best\/https:\/\/fullsolutions.info\/wp-content\/uploads\/2026\/03\/filarkivroot_produkt_bilder_MaritimeGasDetector.webp\",\"datePublished\":\"2026-03-16T19:01:23+00:00\",\"dateModified\":\"2026-04-13T13:07:44+00:00\",\"description\":\"Detector de g\u00e1s mar\u00edtimo AutroPoint para monitoramento cont\u00ednuo e confi\u00e1vel em embarca\u00e7\u00f5es, com alta precis\u00e3o, resposta r\u00e1pida e conformidade com normas mar\u00edtimas e industriais.\",\"breadcrumb\":{\"@id\":\"https:\/\/fullsolutions.info\/produto\/detector-de-gas-maritimo-autropoint\/#breadcrumb\"},\"inLanguage\":\"en-US\",\"potentialAction\":[{\"@type\":\"ReadAction\",\"target\":[\"https:\/\/fullsolutions.info\/produto\/detector-de-gas-maritimo-autropoint\/\"]}]},{\"@type\":\"ImageObject\",\"inLanguage\":\"en-US\",\"@id\":\"https:\/\/fullsolutions.info\/produto\/detector-de-gas-maritimo-autropoint\/#primaryimage\",\"url\":\"https:\/\/mlhff0prgoxu.i.optimole.com\/cb:s0sM.767\/w:auto\/h:auto\/q:mauto\/f:best\/https:\/\/fullsolutions.info\/wp-content\/uploads\/2026\/03\/filarkivroot_produkt_bilder_MaritimeGasDetector.webp\",\"contentUrl\":\"https:\/\/mlhff0prgoxu.i.optimole.com\/cb:s0sM.767\/w:auto\/h:auto\/q:mauto\/f:best\/https:\/\/fullsolutions.info\/wp-content\/uploads\/2026\/03\/filarkivroot_produkt_bilder_MaritimeGasDetector.webp\",\"width\":549,\"height\":533},{\"@type\":\"BreadcrumbList\",\"@id\":\"https:\/\/fullsolutions.info\/produto\/detector-de-gas-maritimo-autropoint\/#breadcrumb\",\"itemListElement\":[{\"@type\":\"ListItem\",\"position\":1,\"name\":\"In\u00edcio\",\"item\":\"https:\/\/fullsolutions.info\/\"},{\"@type\":\"ListItem\",\"position\":2,\"name\":\"Produtos\",\"item\":\"https:\/\/fullsolutions.info\/shop\/\"},{\"@type\":\"ListItem\",\"position\":3,\"name\":\"Detector de g\u00e1s mar\u00edtimo AutroPoint\"}]},{\"@type\":\"WebSite\",\"@id\":\"https:\/\/fullsolutions.info\/#website\",\"url\":\"https:\/\/fullsolutions.info\/\",\"name\":\"Full Solutions\",\"description\":\"Empresa na \u00c1rea de Procurement\",\"publisher\":{\"@id\":\"https:\/\/fullsolutions.info\/#organization\"},\"potentialAction\":[{\"@type\":\"SearchAction\",\"target\":{\"@type\":\"EntryPoint\",\"urlTemplate\":\"https:\/\/fullsolutions.info\/?s={search_term_string}\"},\"query-input\":{\"@type\":\"PropertyValueSpecification\",\"valueRequired\":true,\"valueName\":\"search_term_string\"}}],\"inLanguage\":\"en-US\"},{\"@type\":\"Organization\",\"@id\":\"https:\/\/fullsolutions.info\/#organization\",\"name\":\"Full Solutions\",\"url\":\"https:\/\/fullsolutions.info\/\",\"logo\":{\"@type\":\"ImageObject\",\"inLanguage\":\"en-US\",\"@id\":\"https:\/\/fullsolutions.info\/#\/schema\/logo\/image\/\",\"url\":\"https:\/\/mlhff0prgoxu.i.optimole.com\/cb:s0sM.767\/w:auto\/h:auto\/q:mauto\/f:best\/https:\/\/fullsolutions.info\/wp-content\/uploads\/2021\/07\/cropped-Design-sem-nome-300x193-1-e1627062664782.png\",\"contentUrl\":\"https:\/\/mlhff0prgoxu.i.optimole.com\/cb:s0sM.767\/w:auto\/h:auto\/q:mauto\/f:best\/https:\/\/fullsolutions.info\/wp-content\/uploads\/2021\/07\/cropped-Design-sem-nome-300x193-1-e1627062664782.png\",\"width\":202,\"height\":155,\"caption\":\"Full Solutions\"},\"image\":{\"@id\":\"https:\/\/fullsolutions.info\/#\/schema\/logo\/image\/\"},\"sameAs\":[\"https:\/\/www.linkedin.com\/company\/full-solutions-equipment\"]}]}<\/script>\n<!-- \/ Yoast SEO plugin. -->","yoast_head_json":{"title":"Detector de g\u00e1s mar\u00edtimo AutroPoint - Full Solutions","description":"Detector de g\u00e1s mar\u00edtimo AutroPoint para monitoramento cont\u00ednuo e confi\u00e1vel em embarca\u00e7\u00f5es, com alta precis\u00e3o, resposta r\u00e1pida e conformidade com normas mar\u00edtimas e industriais.","robots":{"index":"index","follow":"follow","max-snippet":"max-snippet:-1","max-image-preview":"max-image-preview:large","max-video-preview":"max-video-preview:-1"},"canonical":"https:\/\/fullsolutions.info\/en\/product\/detector-de-gas-maritimo-autropoint\/","og_locale":"en_US","og_type":"article","og_title":"Detector de g\u00e1s mar\u00edtimo AutroPoint - Full Solutions","og_description":"Detector de g\u00e1s mar\u00edtimo AutroPoint para monitoramento cont\u00ednuo e confi\u00e1vel em embarca\u00e7\u00f5es, com alta precis\u00e3o, resposta r\u00e1pida e conformidade com normas mar\u00edtimas e industriais.","og_url":"https:\/\/fullsolutions.info\/en\/product\/detector-de-gas-maritimo-autropoint\/","og_site_name":"Full Solutions","article_modified_time":"2026-04-13T13:07:44+00:00","og_image":[{"width":549,"height":533,"url":"https:\/\/mlhff0prgoxu.i.optimole.com\/cb:s0sM.767\/w:auto\/h:auto\/q:mauto\/f:best\/https:\/\/fullsolutions.info\/wp-content\/uploads\/2026\/03\/filarkivroot_produkt_bilder_MaritimeGasDetector.webp","type":"image\/webp"}],"twitter_card":"summary_large_image","twitter_misc":{"Est. reading time":"2 minutes"},"schema":{"@context":"https:\/\/schema.org","@graph":[{"@type":"WebPage","@id":"https:\/\/fullsolutions.info\/produto\/detector-de-gas-maritimo-autropoint\/","url":"https:\/\/fullsolutions.info\/produto\/detector-de-gas-maritimo-autropoint\/","name":"Detector de g\u00e1s mar\u00edtimo AutroPoint - Full Solutions","isPartOf":{"@id":"https:\/\/fullsolutions.info\/#website"},"primaryImageOfPage":{"@id":"https:\/\/fullsolutions.info\/produto\/detector-de-gas-maritimo-autropoint\/#primaryimage"},"image":{"@id":"https:\/\/fullsolutions.info\/produto\/detector-de-gas-maritimo-autropoint\/#primaryimage"},"thumbnailUrl":"https:\/\/mlhff0prgoxu.i.optimole.com\/cb:s0sM.767\/w:auto\/h:auto\/q:mauto\/f:best\/https:\/\/fullsolutions.info\/wp-content\/uploads\/2026\/03\/filarkivroot_produkt_bilder_MaritimeGasDetector.webp","datePublished":"2026-03-16T19:01:23+00:00","dateModified":"2026-04-13T13:07:44+00:00","description":"Detector de g\u00e1s mar\u00edtimo AutroPoint para monitoramento cont\u00ednuo e confi\u00e1vel em embarca\u00e7\u00f5es, com alta precis\u00e3o, resposta r\u00e1pida e conformidade com normas mar\u00edtimas e industriais.","breadcrumb":{"@id":"https:\/\/fullsolutions.info\/produto\/detector-de-gas-maritimo-autropoint\/#breadcrumb"},"inLanguage":"en-US","potentialAction":[{"@type":"ReadAction","target":["https:\/\/fullsolutions.info\/produto\/detector-de-gas-maritimo-autropoint\/"]}]},{"@type":"ImageObject","inLanguage":"en-US","@id":"https:\/\/fullsolutions.info\/produto\/detector-de-gas-maritimo-autropoint\/#primaryimage","url":"https:\/\/mlhff0prgoxu.i.optimole.com\/cb:s0sM.767\/w:auto\/h:auto\/q:mauto\/f:best\/https:\/\/fullsolutions.info\/wp-content\/uploads\/2026\/03\/filarkivroot_produkt_bilder_MaritimeGasDetector.webp","contentUrl":"https:\/\/mlhff0prgoxu.i.optimole.com\/cb:s0sM.767\/w:auto\/h:auto\/q:mauto\/f:best\/https:\/\/fullsolutions.info\/wp-content\/uploads\/2026\/03\/filarkivroot_produkt_bilder_MaritimeGasDetector.webp","width":549,"height":533},{"@type":"BreadcrumbList","@id":"https:\/\/fullsolutions.info\/produto\/detector-de-gas-maritimo-autropoint\/#breadcrumb","itemListElement":[{"@type":"ListItem","position":1,"name":"In\u00edcio","item":"https:\/\/fullsolutions.info\/"},{"@type":"ListItem","position":2,"name":"Produtos","item":"https:\/\/fullsolutions.info\/shop\/"},{"@type":"ListItem","position":3,"name":"Detector de g\u00e1s mar\u00edtimo AutroPoint"}]},{"@type":"WebSite","@id":"https:\/\/fullsolutions.info\/#website","url":"https:\/\/fullsolutions.info\/","name":"Full Solutions","description":"Empresa na \u00c1rea de Procurement","publisher":{"@id":"https:\/\/fullsolutions.info\/#organization"},"potentialAction":[{"@type":"SearchAction","target":{"@type":"EntryPoint","urlTemplate":"https:\/\/fullsolutions.info\/?s={search_term_string}"},"query-input":{"@type":"PropertyValueSpecification","valueRequired":true,"valueName":"search_term_string"}}],"inLanguage":"en-US"},{"@type":"Organization","@id":"https:\/\/fullsolutions.info\/#organization","name":"Full Solutions","url":"https:\/\/fullsolutions.info\/","logo":{"@type":"ImageObject","inLanguage":"en-US","@id":"https:\/\/fullsolutions.info\/#\/schema\/logo\/image\/","url":"https:\/\/mlhff0prgoxu.i.optimole.com\/cb:s0sM.767\/w:auto\/h:auto\/q:mauto\/f:best\/https:\/\/fullsolutions.info\/wp-content\/uploads\/2021\/07\/cropped-Design-sem-nome-300x193-1-e1627062664782.png","contentUrl":"https:\/\/mlhff0prgoxu.i.optimole.com\/cb:s0sM.767\/w:auto\/h:auto\/q:mauto\/f:best\/https:\/\/fullsolutions.info\/wp-content\/uploads\/2021\/07\/cropped-Design-sem-nome-300x193-1-e1627062664782.png","width":202,"height":155,"caption":"Full Solutions"},"image":{"@id":"https:\/\/fullsolutions.info\/#\/schema\/logo\/image\/"},"sameAs":["https:\/\/www.linkedin.com\/company\/full-solutions-equipment"]}]}},"_links":{"self":[{"href":"https:\/\/fullsolutions.info\/en\/wp-json\/wp\/v2\/product\/6344","targetHints":{"allow":["GET"]}}],"collection":[{"href":"https:\/\/fullsolutions.info\/en\/wp-json\/wp\/v2\/product"}],"about":[{"href":"https:\/\/fullsolutions.info\/en\/wp-json\/wp\/v2\/types\/product"}],"replies":[{"embeddable":true,"href":"https:\/\/fullsolutions.info\/en\/wp-json\/wp\/v2\/comments?post=6344"}],"wp:featuredmedia":[{"embeddable":true,"href":"https:\/\/fullsolutions.info\/en\/wp-json\/wp\/v2\/media\/6345"}],"wp:attachment":[{"href":"https:\/\/fullsolutions.info\/en\/wp-json\/wp\/v2\/media?parent=6344"}],"wp:term":[{"taxonomy":"product_brand","embeddable":true,"href":"https:\/\/fullsolutions.info\/en\/wp-json\/wp\/v2\/product_brand?post=6344"},{"taxonomy":"product_cat","embeddable":true,"href":"https:\/\/fullsolutions.info\/en\/wp-json\/wp\/v2\/product_cat?post=6344"},{"taxonomy":"product_tag","embeddable":true,"href":"https:\/\/fullsolutions.info\/en\/wp-json\/wp\/v2\/product_tag?post=6344"},{"taxonomy":"marca","embeddable":true,"href":"https:\/\/fullsolutions.info\/en\/wp-json\/wp\/v2\/marca?post=6344"}],"curies":[{"name":"wp","href":"https:\/\/api.w.org\/{rel}","templated":true}]}}