{"id":6342,"date":"2026-03-16T14:41:53","date_gmt":"2026-03-16T17:41:53","guid":{"rendered":"https:\/\/fullsolutions.info\/?post_type=product&#038;p=6342"},"modified":"2026-04-13T10:31:53","modified_gmt":"2026-04-13T13:31:53","slug":"kit-de-detector-acustico-de-gas-autrosonic-3-4-npt","status":"publish","type":"product","link":"https:\/\/fullsolutions.info\/en\/product\/kit-de-detector-acustico-de-gas-autrosonic-3-4-npt\/","title":{"rendered":"Kit de detector ac\u00fastico de g\u00e1s AutroSonic, \u00be\u2019\u2019 NPT."},"content":{"rendered":"<p data-start=\"98\" data-end=\"301\">A Autronica desenvolveu detectores de reposi\u00e7\u00e3o para substituir modelos legados. Assim, o usu\u00e1rio realiza a troca de forma r\u00e1pida e segura. Al\u00e9m disso, o processo n\u00e3o exige altera\u00e7\u00f5es no sistema.<\/p>\n<p data-start=\"303\" data-end=\"583\">O usu\u00e1rio substitui os detectores antigos diretamente. Dessa forma, ele mant\u00e9m a opera\u00e7\u00e3o sem interrup\u00e7\u00f5es. Ao mesmo tempo, o detector de reposi\u00e7\u00e3o mant\u00e9m a mesma funcionalidade e configurabilidade do modelo original. Portanto, o sistema continua operando normalmente.<\/p>\n<hr data-start=\"585\" data-end=\"588\" \/>\n<h3 data-section-id=\"sx1xlx\" data-start=\"590\" data-end=\"613\"><span role=\"text\"><strong data-start=\"594\" data-end=\"613\">Caracter\u00edsticas<\/strong><\/span><\/h3>\n<ul data-start=\"615\" data-end=\"1203\">\n<li data-section-id=\"eyij3s\" data-start=\"615\" data-end=\"692\">Permite substitui\u00e7\u00e3o direta (1 para 1) de detectores legados da Autronica<\/li>\n<li data-section-id=\"ba5nn6\" data-start=\"693\" data-end=\"747\">Mant\u00e9m a mesma funcionalidade do detector original<\/li>\n<li data-section-id=\"1e9xqsm\" data-start=\"748\" data-end=\"849\">Al\u00e9m disso, facilita a instala\u00e7\u00e3o nas bases existentes AutroSafe\/Autroprime (BWA-100\/BWA-101)<\/li>\n<li data-section-id=\"1ufmxp3\" data-start=\"850\" data-end=\"898\">Assim, elimina a troca das bases antigas<\/li>\n<li data-section-id=\"snri85\" data-start=\"899\" data-end=\"970\">Consequentemente, dispensa upgrade de software e reconfigura\u00e7\u00e3o<\/li>\n<li data-section-id=\"uq5bjb\" data-start=\"971\" data-end=\"1056\">Al\u00e9m disso, incorpora os benef\u00edcios de detec\u00e7\u00e3o do AutroGuard Protector V-430<\/li>\n<li data-section-id=\"tpnk4z\" data-start=\"1057\" data-end=\"1135\">Portanto, garante compatibilidade com AutroSafe vers\u00e3o 3.6 ou superior<\/li>\n<li data-section-id=\"1ol0g3w\" data-start=\"1136\" data-end=\"1203\">Da mesma forma, funciona com todas as vers\u00f5es do Autroprime<\/li>\n<\/ul>\n<hr data-start=\"1205\" data-end=\"1208\" \/>\n<p data-start=\"1210\" data-end=\"1294\">O AutroGuard RETRO oferece ampla compatibilidade. Por exemplo, ele funciona com:<\/p>\n<ul data-start=\"1296\" data-end=\"1346\">\n<li data-section-id=\"snq339\" data-start=\"1296\" data-end=\"1307\">BBR-130<\/li>\n<li data-section-id=\"1bfij6u\" data-start=\"1308\" data-end=\"1319\">BBQ-130<\/li>\n<li data-section-id=\"v00gog\" data-start=\"1320\" data-end=\"1330\">BBR-52<\/li>\n<li data-section-id=\"k7rzch\" data-start=\"1331\" data-end=\"1346\">Smartbuzzer<\/li>\n<\/ul>\n<hr data-start=\"1348\" data-end=\"1351\" \/>\n<h3 data-section-id=\"1nr91pd\" data-start=\"1353\" data-end=\"1373\"><span role=\"text\"><strong data-start=\"1357\" data-end=\"1373\">Part Numbers<\/strong><\/span><\/h3>\n<p data-start=\"1375\" data-end=\"1383\"><strong data-start=\"1375\" data-end=\"1383\">HEAT<\/strong><\/p>\n<ul data-start=\"1384\" data-end=\"1623\">\n<li data-section-id=\"1n4vyg3\" data-start=\"1384\" data-end=\"1429\">116-BDH-200\/SPARE \u2013 substitui 116-BDH-200<\/li>\n<li data-section-id=\"14l5ug3\" data-start=\"1430\" data-end=\"1475\">116-BDH-300\/SPARE \u2013 substitui 116-BDH-300<\/li>\n<li data-section-id=\"1lrx2hv\" data-start=\"1476\" data-end=\"1521\">116-BDH-500\/SPARE \u2013 substitui 116-BDH-500<\/li>\n<li data-section-id=\"1whbcdf\" data-start=\"1522\" data-end=\"1573\">116-BDH-500\/EX\/SPARE \u2013 substitui 116-BDH-500\/EX<\/li>\n<li data-section-id=\"18zf5ib\" data-start=\"1574\" data-end=\"1623\">116-BDH-500\/N\/SPARE \u2013 substitui 116-BDH-500\/N<\/li>\n<\/ul>\n<p data-start=\"1625\" data-end=\"1636\"><strong data-start=\"1625\" data-end=\"1636\">OPTICAL<\/strong><\/p>\n<ul data-start=\"1637\" data-end=\"2036\">\n<li data-section-id=\"11je59f\" data-start=\"1637\" data-end=\"1682\">116-BHH-200\/SPARE \u2013 substitui 116-BHH-200<\/li>\n<li data-section-id=\"izo19f\" data-start=\"1683\" data-end=\"1728\">116-BHH-300\/SPARE \u2013 substitui 116-BHH-300<\/li>\n<li data-section-id=\"1c5su03\" data-start=\"1729\" data-end=\"1774\">116-BHH-500\/SPARE \u2013 substitui 116-BHH-500<\/li>\n<li data-section-id=\"1tsy38j\" data-start=\"1775\" data-end=\"1826\">116-BHH-500\/EX\/SPARE \u2013 substitui 116-BHH-500\/EX<\/li>\n<li data-section-id=\"ymw80z\" data-start=\"1827\" data-end=\"1876\">116-BHH-500\/N\/SPARE \u2013 substitui 116-BHH-500\/N<\/li>\n<li data-section-id=\"1dbtbqb\" data-start=\"1877\" data-end=\"1926\">116-BHH-500\/S\/SPARE \u2013 substitui 116-BHH-500\/S<\/li>\n<li data-section-id=\"ngp8pv\" data-start=\"1927\" data-end=\"1982\">116-BHH-500\/S\/EX\/SPARE \u2013 substitui 116-BHH-500\/S\/EX<\/li>\n<li data-section-id=\"1iosboj\" data-start=\"1983\" data-end=\"2036\">116-BHH-500\/S\/N\/SPARE \u2013 substitui 116-BHH-500\/S\/N<\/li>\n<\/ul>\n<p data-start=\"2038\" data-end=\"2047\"><strong data-start=\"2038\" data-end=\"2047\">MULTI<\/strong><\/p>\n<ul data-start=\"2048\" data-end=\"2287\">\n<li data-section-id=\"1yybwo3\" data-start=\"2048\" data-end=\"2093\">116-BHH-220\/SPARE \u2013 substitui 116-BHH-220<\/li>\n<li data-section-id=\"1rqfomb\" data-start=\"2094\" data-end=\"2139\">116-BHH-320\/SPARE \u2013 substitui 116-BHH-320<\/li>\n<li data-section-id=\"lcqov7\" data-start=\"2140\" data-end=\"2185\">116-BHH-520\/SPARE \u2013 substitui 116-BHH-520<\/li>\n<li data-section-id=\"5nf8gz\" data-start=\"2186\" data-end=\"2237\">116-BHH-520\/EX\/SPARE \u2013 substitui 116-BHH-520\/EX<\/li>\n<li data-section-id=\"1eyz7vn\" data-start=\"2238\" data-end=\"2287\">116-BHH-520\/N\/SPARE \u2013 substitui 116-BHH-520\/N<\/li>\n<\/ul>\n<hr data-start=\"2289\" data-end=\"2292\" \/>\n<p data-start=\"2294\" data-end=\"2334\"><strong data-start=\"2294\" data-end=\"2316\">C\u00f3digo do produto:<\/strong> 116-BDH-200\/SPARE<\/p>","protected":false},"excerpt":{"rendered":"<p>A Autronica desenvolveu detectores de reposi\u00e7\u00e3o para substituir modelos legados. Assim, o usu\u00e1rio realiza a troca de forma r\u00e1pida e segura. Al\u00e9m disso, o processo n\u00e3o exige altera\u00e7\u00f5es no sistema. O usu\u00e1rio substitui os detectores antigos diretamente. Dessa forma, ele mant\u00e9m a opera\u00e7\u00e3o sem interrup\u00e7\u00f5es. Ao mesmo tempo, o detector de reposi\u00e7\u00e3o mant\u00e9m a mesma funcionalidade e configurabilidade do modelo original. Portanto, o sistema continua operando normalmente. Caracter\u00edsticas Permite substitui\u00e7\u00e3o direta (1 para 1) de detectores legados da Autronica Mant\u00e9m a mesma funcionalidade do detector original Al\u00e9m disso, facilita a instala\u00e7\u00e3o nas bases existentes AutroSafe\/Autroprime (BWA-100\/BWA-101) Assim, elimina a troca das bases antigas Consequentemente, dispensa upgrade de software e reconfigura\u00e7\u00e3o Al\u00e9m disso, incorpora os benef\u00edcios de detec\u00e7\u00e3o do AutroGuard Protector V-430 Portanto, garante compatibilidade com AutroSafe vers\u00e3o 3.6 ou superior Da mesma forma, funciona com todas as vers\u00f5es do Autroprime O AutroGuard RETRO oferece ampla compatibilidade. Por exemplo, ele funciona com: BBR-130 BBQ-130 BBR-52 Smartbuzzer Part Numbers HEAT 116-BDH-200\/SPARE \u2013 substitui 116-BDH-200 116-BDH-300\/SPARE \u2013 substitui 116-BDH-300 116-BDH-500\/SPARE \u2013 substitui 116-BDH-500 116-BDH-500\/EX\/SPARE \u2013 substitui 116-BDH-500\/EX 116-BDH-500\/N\/SPARE \u2013 substitui 116-BDH-500\/N OPTICAL 116-BHH-200\/SPARE \u2013 substitui 116-BHH-200 116-BHH-300\/SPARE \u2013 substitui 116-BHH-300 116-BHH-500\/SPARE \u2013 substitui 116-BHH-500 116-BHH-500\/EX\/SPARE \u2013 substitui 116-BHH-500\/EX 116-BHH-500\/N\/SPARE \u2013 substitui 116-BHH-500\/N 116-BHH-500\/S\/SPARE \u2013 substitui 116-BHH-500\/S 116-BHH-500\/S\/EX\/SPARE \u2013 substitui 116-BHH-500\/S\/EX 116-BHH-500\/S\/N\/SPARE \u2013 substitui 116-BHH-500\/S\/N MULTI 116-BHH-220\/SPARE \u2013 substitui 116-BHH-220 116-BHH-320\/SPARE \u2013 substitui 116-BHH-320 116-BHH-520\/SPARE \u2013 substitui 116-BHH-520 116-BHH-520\/EX\/SPARE \u2013 substitui 116-BHH-520\/EX 116-BHH-520\/N\/SPARE \u2013 substitui 116-BHH-520\/N C\u00f3digo do produto: 116-BDH-200\/SPARE<\/p>","protected":false},"featured_media":6343,"comment_status":"open","ping_status":"closed","template":"","meta":{"_joinchat":[]},"product_brand":[],"product_cat":[116],"product_tag":[],"marca":[91],"class_list":{"0":"post-6342","1":"product","2":"type-product","3":"status-publish","4":"has-post-thumbnail","6":"product_cat-combate-a-incendio","7":"marca-autronica","9":"first","10":"instock","11":"shipping-taxable","12":"product-type-simple"},"yoast_head":"<!-- This site is optimized with the Yoast SEO plugin v27.2 - https:\/\/yoast.com\/product\/yoast-seo-wordpress\/ -->\n<title>Detector ac\u00fastico de g\u00e1s AutroSonic 3\/4 NPT - Full Solutions<\/title>\n<meta name=\"description\" content=\"Kit de detector ac\u00fastico de g\u00e1s AutroSonic 3\/4 NPT para detec\u00e7\u00e3o ultrarr\u00e1pida de vazamentos, ideal para aplica\u00e7\u00f5es industriais e offshore com resposta imediata.\" \/>\n<meta name=\"robots\" content=\"index, follow, max-snippet:-1, max-image-preview:large, max-video-preview:-1\" \/>\n<link rel=\"canonical\" href=\"https:\/\/fullsolutions.info\/en\/product\/kit-de-detector-acustico-de-gas-autrosonic-3-4-npt\/\" \/>\n<meta property=\"og:locale\" content=\"en_US\" \/>\n<meta property=\"og:type\" content=\"article\" \/>\n<meta property=\"og:title\" content=\"Detector ac\u00fastico de g\u00e1s AutroSonic 3\/4 NPT - Full Solutions\" \/>\n<meta property=\"og:description\" content=\"Kit de detector ac\u00fastico de g\u00e1s AutroSonic 3\/4 NPT para detec\u00e7\u00e3o ultrarr\u00e1pida de vazamentos, ideal para aplica\u00e7\u00f5es industriais e offshore com resposta imediata.\" \/>\n<meta property=\"og:url\" content=\"https:\/\/fullsolutions.info\/en\/product\/kit-de-detector-acustico-de-gas-autrosonic-3-4-npt\/\" \/>\n<meta property=\"og:site_name\" content=\"Full Solutions\" \/>\n<meta property=\"article:modified_time\" content=\"2026-04-13T13:31:53+00:00\" \/>\n<meta property=\"og:image\" content=\"https:\/\/mlhff0prgoxu.i.optimole.com\/cb:s0sM.767\/w:auto\/h:auto\/q:mauto\/f:best\/https:\/\/fullsolutions.info\/wp-content\/uploads\/2026\/03\/Kit-de-detector-acustico-de-gas-AutroSonic-NPT.webp\" \/>\n\t<meta property=\"og:image:width\" content=\"549\" \/>\n\t<meta property=\"og:image:height\" content=\"533\" \/>\n\t<meta property=\"og:image:type\" content=\"image\/webp\" \/>\n<meta name=\"twitter:card\" content=\"summary_large_image\" \/>\n<meta name=\"twitter:label1\" content=\"Est. reading time\" \/>\n\t<meta name=\"twitter:data1\" content=\"2 minutes\" \/>\n<script type=\"application\/ld+json\" class=\"yoast-schema-graph\">{\"@context\":\"https:\/\/schema.org\",\"@graph\":[{\"@type\":\"WebPage\",\"@id\":\"https:\/\/fullsolutions.info\/produto\/kit-de-detector-acustico-de-gas-autrosonic-3-4-npt\/\",\"url\":\"https:\/\/fullsolutions.info\/produto\/kit-de-detector-acustico-de-gas-autrosonic-3-4-npt\/\",\"name\":\"Detector ac\u00fastico de g\u00e1s AutroSonic 3\/4 NPT - Full Solutions\",\"isPartOf\":{\"@id\":\"https:\/\/fullsolutions.info\/#website\"},\"primaryImageOfPage\":{\"@id\":\"https:\/\/fullsolutions.info\/produto\/kit-de-detector-acustico-de-gas-autrosonic-3-4-npt\/#primaryimage\"},\"image\":{\"@id\":\"https:\/\/fullsolutions.info\/produto\/kit-de-detector-acustico-de-gas-autrosonic-3-4-npt\/#primaryimage\"},\"thumbnailUrl\":\"https:\/\/mlhff0prgoxu.i.optimole.com\/cb:s0sM.767\/w:auto\/h:auto\/q:mauto\/f:best\/https:\/\/fullsolutions.info\/wp-content\/uploads\/2026\/03\/Kit-de-detector-acustico-de-gas-AutroSonic-NPT.webp\",\"datePublished\":\"2026-03-16T17:41:53+00:00\",\"dateModified\":\"2026-04-13T13:31:53+00:00\",\"description\":\"Kit de detector ac\u00fastico de g\u00e1s AutroSonic 3\/4 NPT para detec\u00e7\u00e3o ultrarr\u00e1pida de vazamentos, ideal para aplica\u00e7\u00f5es industriais e offshore com resposta imediata.\",\"breadcrumb\":{\"@id\":\"https:\/\/fullsolutions.info\/produto\/kit-de-detector-acustico-de-gas-autrosonic-3-4-npt\/#breadcrumb\"},\"inLanguage\":\"en-US\",\"potentialAction\":[{\"@type\":\"ReadAction\",\"target\":[\"https:\/\/fullsolutions.info\/produto\/kit-de-detector-acustico-de-gas-autrosonic-3-4-npt\/\"]}]},{\"@type\":\"ImageObject\",\"inLanguage\":\"en-US\",\"@id\":\"https:\/\/fullsolutions.info\/produto\/kit-de-detector-acustico-de-gas-autrosonic-3-4-npt\/#primaryimage\",\"url\":\"https:\/\/mlhff0prgoxu.i.optimole.com\/cb:s0sM.767\/w:auto\/h:auto\/q:mauto\/f:best\/https:\/\/fullsolutions.info\/wp-content\/uploads\/2026\/03\/Kit-de-detector-acustico-de-gas-AutroSonic-NPT.webp\",\"contentUrl\":\"https:\/\/mlhff0prgoxu.i.optimole.com\/cb:s0sM.767\/w:auto\/h:auto\/q:mauto\/f:best\/https:\/\/fullsolutions.info\/wp-content\/uploads\/2026\/03\/Kit-de-detector-acustico-de-gas-AutroSonic-NPT.webp\",\"width\":549,\"height\":533},{\"@type\":\"BreadcrumbList\",\"@id\":\"https:\/\/fullsolutions.info\/produto\/kit-de-detector-acustico-de-gas-autrosonic-3-4-npt\/#breadcrumb\",\"itemListElement\":[{\"@type\":\"ListItem\",\"position\":1,\"name\":\"In\u00edcio\",\"item\":\"https:\/\/fullsolutions.info\/\"},{\"@type\":\"ListItem\",\"position\":2,\"name\":\"Produtos\",\"item\":\"https:\/\/fullsolutions.info\/shop\/\"},{\"@type\":\"ListItem\",\"position\":3,\"name\":\"Kit de detector ac\u00fastico de g\u00e1s AutroSonic, \u00be\u2019\u2019 NPT.\"}]},{\"@type\":\"WebSite\",\"@id\":\"https:\/\/fullsolutions.info\/#website\",\"url\":\"https:\/\/fullsolutions.info\/\",\"name\":\"Full Solutions\",\"description\":\"Empresa na \u00c1rea de Procurement\",\"publisher\":{\"@id\":\"https:\/\/fullsolutions.info\/#organization\"},\"potentialAction\":[{\"@type\":\"SearchAction\",\"target\":{\"@type\":\"EntryPoint\",\"urlTemplate\":\"https:\/\/fullsolutions.info\/?s={search_term_string}\"},\"query-input\":{\"@type\":\"PropertyValueSpecification\",\"valueRequired\":true,\"valueName\":\"search_term_string\"}}],\"inLanguage\":\"en-US\"},{\"@type\":\"Organization\",\"@id\":\"https:\/\/fullsolutions.info\/#organization\",\"name\":\"Full Solutions\",\"url\":\"https:\/\/fullsolutions.info\/\",\"logo\":{\"@type\":\"ImageObject\",\"inLanguage\":\"en-US\",\"@id\":\"https:\/\/fullsolutions.info\/#\/schema\/logo\/image\/\",\"url\":\"https:\/\/mlhff0prgoxu.i.optimole.com\/cb:s0sM.767\/w:auto\/h:auto\/q:mauto\/f:best\/https:\/\/fullsolutions.info\/wp-content\/uploads\/2021\/07\/cropped-Design-sem-nome-300x193-1-e1627062664782.png\",\"contentUrl\":\"https:\/\/mlhff0prgoxu.i.optimole.com\/cb:s0sM.767\/w:auto\/h:auto\/q:mauto\/f:best\/https:\/\/fullsolutions.info\/wp-content\/uploads\/2021\/07\/cropped-Design-sem-nome-300x193-1-e1627062664782.png\",\"width\":202,\"height\":155,\"caption\":\"Full Solutions\"},\"image\":{\"@id\":\"https:\/\/fullsolutions.info\/#\/schema\/logo\/image\/\"},\"sameAs\":[\"https:\/\/www.linkedin.com\/company\/full-solutions-equipment\"]}]}<\/script>\n<!-- \/ Yoast SEO plugin. -->","yoast_head_json":{"title":"Detector ac\u00fastico de g\u00e1s AutroSonic 3\/4 NPT - Full Solutions","description":"Kit de detector ac\u00fastico de g\u00e1s AutroSonic 3\/4 NPT para detec\u00e7\u00e3o ultrarr\u00e1pida de vazamentos, ideal para aplica\u00e7\u00f5es industriais e offshore com resposta imediata.","robots":{"index":"index","follow":"follow","max-snippet":"max-snippet:-1","max-image-preview":"max-image-preview:large","max-video-preview":"max-video-preview:-1"},"canonical":"https:\/\/fullsolutions.info\/en\/product\/kit-de-detector-acustico-de-gas-autrosonic-3-4-npt\/","og_locale":"en_US","og_type":"article","og_title":"Detector ac\u00fastico de g\u00e1s AutroSonic 3\/4 NPT - Full Solutions","og_description":"Kit de detector ac\u00fastico de g\u00e1s AutroSonic 3\/4 NPT para detec\u00e7\u00e3o ultrarr\u00e1pida de vazamentos, ideal para aplica\u00e7\u00f5es industriais e offshore com resposta imediata.","og_url":"https:\/\/fullsolutions.info\/en\/product\/kit-de-detector-acustico-de-gas-autrosonic-3-4-npt\/","og_site_name":"Full Solutions","article_modified_time":"2026-04-13T13:31:53+00:00","og_image":[{"width":549,"height":533,"url":"https:\/\/mlhff0prgoxu.i.optimole.com\/cb:s0sM.767\/w:auto\/h:auto\/q:mauto\/f:best\/https:\/\/fullsolutions.info\/wp-content\/uploads\/2026\/03\/Kit-de-detector-acustico-de-gas-AutroSonic-NPT.webp","type":"image\/webp"}],"twitter_card":"summary_large_image","twitter_misc":{"Est. reading time":"2 minutes"},"schema":{"@context":"https:\/\/schema.org","@graph":[{"@type":"WebPage","@id":"https:\/\/fullsolutions.info\/produto\/kit-de-detector-acustico-de-gas-autrosonic-3-4-npt\/","url":"https:\/\/fullsolutions.info\/produto\/kit-de-detector-acustico-de-gas-autrosonic-3-4-npt\/","name":"Detector ac\u00fastico de g\u00e1s AutroSonic 3\/4 NPT - Full Solutions","isPartOf":{"@id":"https:\/\/fullsolutions.info\/#website"},"primaryImageOfPage":{"@id":"https:\/\/fullsolutions.info\/produto\/kit-de-detector-acustico-de-gas-autrosonic-3-4-npt\/#primaryimage"},"image":{"@id":"https:\/\/fullsolutions.info\/produto\/kit-de-detector-acustico-de-gas-autrosonic-3-4-npt\/#primaryimage"},"thumbnailUrl":"https:\/\/mlhff0prgoxu.i.optimole.com\/cb:s0sM.767\/w:auto\/h:auto\/q:mauto\/f:best\/https:\/\/fullsolutions.info\/wp-content\/uploads\/2026\/03\/Kit-de-detector-acustico-de-gas-AutroSonic-NPT.webp","datePublished":"2026-03-16T17:41:53+00:00","dateModified":"2026-04-13T13:31:53+00:00","description":"Kit de detector ac\u00fastico de g\u00e1s AutroSonic 3\/4 NPT para detec\u00e7\u00e3o ultrarr\u00e1pida de vazamentos, ideal para aplica\u00e7\u00f5es industriais e offshore com resposta imediata.","breadcrumb":{"@id":"https:\/\/fullsolutions.info\/produto\/kit-de-detector-acustico-de-gas-autrosonic-3-4-npt\/#breadcrumb"},"inLanguage":"en-US","potentialAction":[{"@type":"ReadAction","target":["https:\/\/fullsolutions.info\/produto\/kit-de-detector-acustico-de-gas-autrosonic-3-4-npt\/"]}]},{"@type":"ImageObject","inLanguage":"en-US","@id":"https:\/\/fullsolutions.info\/produto\/kit-de-detector-acustico-de-gas-autrosonic-3-4-npt\/#primaryimage","url":"https:\/\/mlhff0prgoxu.i.optimole.com\/cb:s0sM.767\/w:auto\/h:auto\/q:mauto\/f:best\/https:\/\/fullsolutions.info\/wp-content\/uploads\/2026\/03\/Kit-de-detector-acustico-de-gas-AutroSonic-NPT.webp","contentUrl":"https:\/\/mlhff0prgoxu.i.optimole.com\/cb:s0sM.767\/w:auto\/h:auto\/q:mauto\/f:best\/https:\/\/fullsolutions.info\/wp-content\/uploads\/2026\/03\/Kit-de-detector-acustico-de-gas-AutroSonic-NPT.webp","width":549,"height":533},{"@type":"BreadcrumbList","@id":"https:\/\/fullsolutions.info\/produto\/kit-de-detector-acustico-de-gas-autrosonic-3-4-npt\/#breadcrumb","itemListElement":[{"@type":"ListItem","position":1,"name":"In\u00edcio","item":"https:\/\/fullsolutions.info\/"},{"@type":"ListItem","position":2,"name":"Produtos","item":"https:\/\/fullsolutions.info\/shop\/"},{"@type":"ListItem","position":3,"name":"Kit de detector ac\u00fastico de g\u00e1s AutroSonic, \u00be\u2019\u2019 NPT."}]},{"@type":"WebSite","@id":"https:\/\/fullsolutions.info\/#website","url":"https:\/\/fullsolutions.info\/","name":"Full Solutions","description":"Empresa na \u00c1rea de Procurement","publisher":{"@id":"https:\/\/fullsolutions.info\/#organization"},"potentialAction":[{"@type":"SearchAction","target":{"@type":"EntryPoint","urlTemplate":"https:\/\/fullsolutions.info\/?s={search_term_string}"},"query-input":{"@type":"PropertyValueSpecification","valueRequired":true,"valueName":"search_term_string"}}],"inLanguage":"en-US"},{"@type":"Organization","@id":"https:\/\/fullsolutions.info\/#organization","name":"Full Solutions","url":"https:\/\/fullsolutions.info\/","logo":{"@type":"ImageObject","inLanguage":"en-US","@id":"https:\/\/fullsolutions.info\/#\/schema\/logo\/image\/","url":"https:\/\/mlhff0prgoxu.i.optimole.com\/cb:s0sM.767\/w:auto\/h:auto\/q:mauto\/f:best\/https:\/\/fullsolutions.info\/wp-content\/uploads\/2021\/07\/cropped-Design-sem-nome-300x193-1-e1627062664782.png","contentUrl":"https:\/\/mlhff0prgoxu.i.optimole.com\/cb:s0sM.767\/w:auto\/h:auto\/q:mauto\/f:best\/https:\/\/fullsolutions.info\/wp-content\/uploads\/2021\/07\/cropped-Design-sem-nome-300x193-1-e1627062664782.png","width":202,"height":155,"caption":"Full Solutions"},"image":{"@id":"https:\/\/fullsolutions.info\/#\/schema\/logo\/image\/"},"sameAs":["https:\/\/www.linkedin.com\/company\/full-solutions-equipment"]}]}},"_links":{"self":[{"href":"https:\/\/fullsolutions.info\/en\/wp-json\/wp\/v2\/product\/6342","targetHints":{"allow":["GET"]}}],"collection":[{"href":"https:\/\/fullsolutions.info\/en\/wp-json\/wp\/v2\/product"}],"about":[{"href":"https:\/\/fullsolutions.info\/en\/wp-json\/wp\/v2\/types\/product"}],"replies":[{"embeddable":true,"href":"https:\/\/fullsolutions.info\/en\/wp-json\/wp\/v2\/comments?post=6342"}],"wp:featuredmedia":[{"embeddable":true,"href":"https:\/\/fullsolutions.info\/en\/wp-json\/wp\/v2\/media\/6343"}],"wp:attachment":[{"href":"https:\/\/fullsolutions.info\/en\/wp-json\/wp\/v2\/media?parent=6342"}],"wp:term":[{"taxonomy":"product_brand","embeddable":true,"href":"https:\/\/fullsolutions.info\/en\/wp-json\/wp\/v2\/product_brand?post=6342"},{"taxonomy":"product_cat","embeddable":true,"href":"https:\/\/fullsolutions.info\/en\/wp-json\/wp\/v2\/product_cat?post=6342"},{"taxonomy":"product_tag","embeddable":true,"href":"https:\/\/fullsolutions.info\/en\/wp-json\/wp\/v2\/product_tag?post=6342"},{"taxonomy":"marca","embeddable":true,"href":"https:\/\/fullsolutions.info\/en\/wp-json\/wp\/v2\/marca?post=6342"}],"curies":[{"name":"wp","href":"https:\/\/api.w.org\/{rel}","templated":true}]}}