{"id":6340,"date":"2026-03-16T14:14:34","date_gmt":"2026-03-16T17:14:34","guid":{"rendered":"https:\/\/fullsolutions.info\/?post_type=product&#038;p=6340"},"modified":"2026-04-13T10:17:31","modified_gmt":"2026-04-13T13:17:31","slug":"bdh-200-spare","status":"publish","type":"product","link":"https:\/\/fullsolutions.info\/en\/product\/bdh-200-spare\/","title":{"rendered":"BDH-200\/SPARE"},"content":{"rendered":"<p data-start=\"90\" data-end=\"303\">A Autronica desenvolveu detectores de reposi\u00e7\u00e3o para substituir modelos legados. <strong data-start=\"171\" data-end=\"180\">Assim<\/strong>, o usu\u00e1rio realiza a troca de forma r\u00e1pida e segura. <strong data-start=\"234\" data-end=\"248\">Al\u00e9m disso<\/strong>, o processo n\u00e3o exige altera\u00e7\u00f5es no sistema existente.<\/p>\n<p data-start=\"305\" data-end=\"593\">O usu\u00e1rio pode substituir os detectores antigos diretamente. <strong data-start=\"366\" data-end=\"381\">Dessa forma<\/strong>, ele mant\u00e9m a opera\u00e7\u00e3o sem interrup\u00e7\u00f5es. <strong data-start=\"423\" data-end=\"441\">Ao mesmo tempo<\/strong>, o detector de reposi\u00e7\u00e3o preserva a mesma funcionalidade e configurabilidade do modelo original. <strong data-start=\"539\" data-end=\"551\">Portanto<\/strong>, o sistema continua operando normalmente.<\/p>\n<hr data-start=\"595\" data-end=\"598\" \/>\n<h3 data-section-id=\"sx1xlx\" data-start=\"600\" data-end=\"623\"><span role=\"text\"><strong data-start=\"604\" data-end=\"623\">Caracter\u00edsticas<\/strong><\/span><\/h3>\n<ul data-start=\"625\" data-end=\"1228\">\n<li data-section-id=\"eyij3s\" data-start=\"625\" data-end=\"702\">Permite substitui\u00e7\u00e3o direta (1 para 1) de detectores legados da Autronica<\/li>\n<li data-section-id=\"ba5nn6\" data-start=\"703\" data-end=\"757\">Mant\u00e9m a mesma funcionalidade do detector original<\/li>\n<li data-section-id=\"1e9xqsm\" data-start=\"758\" data-end=\"859\"><strong data-start=\"760\" data-end=\"774\">Al\u00e9m disso<\/strong>, facilita a instala\u00e7\u00e3o nas bases existentes AutroSafe\/Autroprime (BWA-100\/BWA-101)<\/li>\n<li data-section-id=\"1wosrcm\" data-start=\"860\" data-end=\"923\"><strong data-start=\"862\" data-end=\"871\">Assim<\/strong>, elimina a necessidade de troca das bases antigas<\/li>\n<li data-section-id=\"snri85\" data-start=\"924\" data-end=\"995\"><strong data-start=\"926\" data-end=\"946\">Consequentemente<\/strong>, dispensa upgrade de software e reconfigura\u00e7\u00e3o<\/li>\n<li data-section-id=\"uq5bjb\" data-start=\"996\" data-end=\"1081\"><strong data-start=\"998\" data-end=\"1012\">Al\u00e9m disso<\/strong>, incorpora os benef\u00edcios de detec\u00e7\u00e3o do AutroGuard Protector V-430<\/li>\n<li data-section-id=\"tpnk4z\" data-start=\"1082\" data-end=\"1160\"><strong data-start=\"1084\" data-end=\"1096\">Portanto<\/strong>, garante compatibilidade com AutroSafe vers\u00e3o 3.6 ou superior<\/li>\n<li data-section-id=\"1ol0g3w\" data-start=\"1161\" data-end=\"1228\"><strong data-start=\"1163\" data-end=\"1181\">Da mesma forma<\/strong>, funciona com todas as vers\u00f5es do Autroprime<\/li>\n<\/ul>\n<hr data-start=\"1230\" data-end=\"1233\" \/>\n<p data-start=\"1235\" data-end=\"1326\">O AutroGuard RETRO tamb\u00e9m oferece ampla compatibilidade. <strong data-start=\"1292\" data-end=\"1307\">Por exemplo<\/strong>, ele funciona com:<\/p>\n<ul data-start=\"1328\" data-end=\"1378\">\n<li data-section-id=\"snq339\" data-start=\"1328\" data-end=\"1339\">BBR-130<\/li>\n<li data-section-id=\"1bfij6u\" data-start=\"1340\" data-end=\"1351\">BBQ-130<\/li>\n<li data-section-id=\"v00gog\" data-start=\"1352\" data-end=\"1362\">BBR-52<\/li>\n<li data-section-id=\"k7rzch\" data-start=\"1363\" data-end=\"1378\">Smartbuzzer<\/li>\n<\/ul>\n<hr data-start=\"1380\" data-end=\"1383\" \/>\n<h3 data-section-id=\"1nr91pd\" data-start=\"1385\" data-end=\"1405\"><span role=\"text\"><strong data-start=\"1389\" data-end=\"1405\">Part Numbers<\/strong><\/span><\/h3>\n<p data-start=\"1407\" data-end=\"1415\"><strong data-start=\"1407\" data-end=\"1415\">HEAT<\/strong><\/p>\n<ul data-start=\"1416\" data-end=\"1655\">\n<li data-section-id=\"1n4vyg3\" data-start=\"1416\" data-end=\"1461\">116-BDH-200\/SPARE \u2013 substitui 116-BDH-200<\/li>\n<li data-section-id=\"14l5ug3\" data-start=\"1462\" data-end=\"1507\">116-BDH-300\/SPARE \u2013 substitui 116-BDH-300<\/li>\n<li data-section-id=\"1lrx2hv\" data-start=\"1508\" data-end=\"1553\">116-BDH-500\/SPARE \u2013 substitui 116-BDH-500<\/li>\n<li data-section-id=\"1whbcdf\" data-start=\"1554\" data-end=\"1605\">116-BDH-500\/EX\/SPARE \u2013 substitui 116-BDH-500\/EX<\/li>\n<li data-section-id=\"18zf5ib\" data-start=\"1606\" data-end=\"1655\">116-BDH-500\/N\/SPARE \u2013 substitui 116-BDH-500\/N<\/li>\n<\/ul>\n<p data-start=\"1657\" data-end=\"1668\"><strong data-start=\"1657\" data-end=\"1668\">OPTICAL<\/strong><\/p>\n<ul data-start=\"1669\" data-end=\"2068\">\n<li data-section-id=\"11je59f\" data-start=\"1669\" data-end=\"1714\">116-BHH-200\/SPARE \u2013 substitui 116-BHH-200<\/li>\n<li data-section-id=\"izo19f\" data-start=\"1715\" data-end=\"1760\">116-BHH-300\/SPARE \u2013 substitui 116-BHH-300<\/li>\n<li data-section-id=\"1c5su03\" data-start=\"1761\" data-end=\"1806\">116-BHH-500\/SPARE \u2013 substitui 116-BHH-500<\/li>\n<li data-section-id=\"1tsy38j\" data-start=\"1807\" data-end=\"1858\">116-BHH-500\/EX\/SPARE \u2013 substitui 116-BHH-500\/EX<\/li>\n<li data-section-id=\"ymw80z\" data-start=\"1859\" data-end=\"1908\">116-BHH-500\/N\/SPARE \u2013 substitui 116-BHH-500\/N<\/li>\n<li data-section-id=\"1dbtbqb\" data-start=\"1909\" data-end=\"1958\">116-BHH-500\/S\/SPARE \u2013 substitui 116-BHH-500\/S<\/li>\n<li data-section-id=\"ngp8pv\" data-start=\"1959\" data-end=\"2014\">116-BHH-500\/S\/EX\/SPARE \u2013 substitui 116-BHH-500\/S\/EX<\/li>\n<li data-section-id=\"1iosboj\" data-start=\"2015\" data-end=\"2068\">116-BHH-500\/S\/N\/SPARE \u2013 substitui 116-BHH-500\/S\/N<\/li>\n<\/ul>\n<p data-start=\"2070\" data-end=\"2079\"><strong data-start=\"2070\" data-end=\"2079\">MULTI<\/strong><\/p>\n<ul data-start=\"2080\" data-end=\"2319\">\n<li data-section-id=\"1yybwo3\" data-start=\"2080\" data-end=\"2125\">116-BHH-220\/SPARE \u2013 substitui 116-BHH-220<\/li>\n<li data-section-id=\"1rqfomb\" data-start=\"2126\" data-end=\"2171\">116-BHH-320\/SPARE \u2013 substitui 116-BHH-320<\/li>\n<li data-section-id=\"lcqov7\" data-start=\"2172\" data-end=\"2217\">116-BHH-520\/SPARE \u2013 substitui 116-BHH-520<\/li>\n<li data-section-id=\"5nf8gz\" data-start=\"2218\" data-end=\"2269\">116-BHH-520\/EX\/SPARE \u2013 substitui 116-BHH-520\/EX<\/li>\n<li data-section-id=\"1eyz7vn\" data-start=\"2270\" data-end=\"2319\">116-BHH-520\/N\/SPARE \u2013 substitui 116-BHH-520\/N<\/li>\n<\/ul>\n<hr data-start=\"2321\" data-end=\"2324\" \/>\n<p data-start=\"2326\" data-end=\"2366\"><strong data-start=\"2326\" data-end=\"2348\">C\u00f3digo do produto:<\/strong> 116-BDH-200\/SPARE<\/p>","protected":false},"excerpt":{"rendered":"<p>A Autronica desenvolveu detectores de reposi\u00e7\u00e3o para substituir modelos legados. Assim, o usu\u00e1rio realiza a troca de forma r\u00e1pida e segura. Al\u00e9m disso, o processo n\u00e3o exige altera\u00e7\u00f5es no sistema existente. O usu\u00e1rio pode substituir os detectores antigos diretamente. Dessa forma, ele mant\u00e9m a opera\u00e7\u00e3o sem interrup\u00e7\u00f5es. Ao mesmo tempo, o detector de reposi\u00e7\u00e3o preserva a mesma funcionalidade e configurabilidade do modelo original. Portanto, o sistema continua operando normalmente. Caracter\u00edsticas Permite substitui\u00e7\u00e3o direta (1 para 1) de detectores legados da Autronica Mant\u00e9m a mesma funcionalidade do detector original Al\u00e9m disso, facilita a instala\u00e7\u00e3o nas bases existentes AutroSafe\/Autroprime (BWA-100\/BWA-101) Assim, elimina a necessidade de troca das bases antigas Consequentemente, dispensa upgrade de software e reconfigura\u00e7\u00e3o Al\u00e9m disso, incorpora os benef\u00edcios de detec\u00e7\u00e3o do AutroGuard Protector V-430 Portanto, garante compatibilidade com AutroSafe vers\u00e3o 3.6 ou superior Da mesma forma, funciona com todas as vers\u00f5es do Autroprime O AutroGuard RETRO tamb\u00e9m oferece ampla compatibilidade. Por exemplo, ele funciona com: BBR-130 BBQ-130 BBR-52 Smartbuzzer Part Numbers HEAT 116-BDH-200\/SPARE \u2013 substitui 116-BDH-200 116-BDH-300\/SPARE \u2013 substitui 116-BDH-300 116-BDH-500\/SPARE \u2013 substitui 116-BDH-500 116-BDH-500\/EX\/SPARE \u2013 substitui 116-BDH-500\/EX 116-BDH-500\/N\/SPARE \u2013 substitui 116-BDH-500\/N OPTICAL 116-BHH-200\/SPARE \u2013 substitui 116-BHH-200 116-BHH-300\/SPARE \u2013 substitui 116-BHH-300 116-BHH-500\/SPARE \u2013 substitui 116-BHH-500 116-BHH-500\/EX\/SPARE \u2013 substitui 116-BHH-500\/EX 116-BHH-500\/N\/SPARE \u2013 substitui 116-BHH-500\/N 116-BHH-500\/S\/SPARE \u2013 substitui 116-BHH-500\/S 116-BHH-500\/S\/EX\/SPARE \u2013 substitui 116-BHH-500\/S\/EX 116-BHH-500\/S\/N\/SPARE \u2013 substitui 116-BHH-500\/S\/N MULTI 116-BHH-220\/SPARE \u2013 substitui 116-BHH-220 116-BHH-320\/SPARE \u2013 substitui 116-BHH-320 116-BHH-520\/SPARE \u2013 substitui 116-BHH-520 116-BHH-520\/EX\/SPARE \u2013 substitui 116-BHH-520\/EX 116-BHH-520\/N\/SPARE \u2013 substitui 116-BHH-520\/N C\u00f3digo do produto: 116-BDH-200\/SPARE<\/p>","protected":false},"featured_media":6341,"comment_status":"open","ping_status":"closed","template":"","meta":{"_joinchat":[]},"product_brand":[],"product_cat":[116],"product_tag":[],"marca":[91],"class_list":{"0":"post-6340","1":"product","2":"type-product","3":"status-publish","4":"has-post-thumbnail","6":"product_cat-combate-a-incendio","7":"marca-autronica","9":"first","10":"instock","11":"shipping-taxable","12":"product-type-simple"},"yoast_head":"<!-- This site is optimized with the Yoast SEO plugin v27.2 - https:\/\/yoast.com\/product\/yoast-seo-wordpress\/ -->\n<title>BDH-200\/SPARE - Full Solutions<\/title>\n<meta name=\"description\" content=\"BDH-200 SPARE pe\u00e7a de reposi\u00e7\u00e3o para sistemas Autronica, garantindo manuten\u00e7\u00e3o eficiente, alta confiabilidade e continuidade operacional em aplica\u00e7\u00f5es industriais e mar\u00edtimas.\" \/>\n<meta name=\"robots\" content=\"index, follow, max-snippet:-1, max-image-preview:large, max-video-preview:-1\" \/>\n<link rel=\"canonical\" href=\"https:\/\/fullsolutions.info\/en\/product\/bdh-200-spare\/\" \/>\n<meta property=\"og:locale\" content=\"en_US\" \/>\n<meta property=\"og:type\" content=\"article\" \/>\n<meta property=\"og:title\" content=\"BDH-200\/SPARE - Full Solutions\" \/>\n<meta property=\"og:description\" content=\"BDH-200 SPARE pe\u00e7a de reposi\u00e7\u00e3o para sistemas Autronica, garantindo manuten\u00e7\u00e3o eficiente, alta confiabilidade e continuidade operacional em aplica\u00e7\u00f5es industriais e mar\u00edtimas.\" \/>\n<meta property=\"og:url\" content=\"https:\/\/fullsolutions.info\/en\/product\/bdh-200-spare\/\" \/>\n<meta property=\"og:site_name\" content=\"Full Solutions\" \/>\n<meta property=\"article:modified_time\" content=\"2026-04-13T13:17:31+00:00\" \/>\n<meta property=\"og:image\" content=\"https:\/\/mlhff0prgoxu.i.optimole.com\/cb:s0sM.767\/w:auto\/h:auto\/q:mauto\/f:best\/https:\/\/fullsolutions.info\/wp-content\/uploads\/2026\/03\/BDH-200-SPARE.webp\" \/>\n\t<meta property=\"og:image:width\" content=\"549\" \/>\n\t<meta property=\"og:image:height\" content=\"533\" \/>\n\t<meta property=\"og:image:type\" content=\"image\/webp\" \/>\n<meta name=\"twitter:card\" content=\"summary_large_image\" \/>\n<meta name=\"twitter:label1\" content=\"Est. reading time\" \/>\n\t<meta name=\"twitter:data1\" content=\"2 minutes\" \/>\n<script type=\"application\/ld+json\" class=\"yoast-schema-graph\">{\"@context\":\"https:\/\/schema.org\",\"@graph\":[{\"@type\":\"WebPage\",\"@id\":\"https:\/\/fullsolutions.info\/produto\/bdh-200-spare\/\",\"url\":\"https:\/\/fullsolutions.info\/produto\/bdh-200-spare\/\",\"name\":\"BDH-200\/SPARE - Full Solutions\",\"isPartOf\":{\"@id\":\"https:\/\/fullsolutions.info\/#website\"},\"primaryImageOfPage\":{\"@id\":\"https:\/\/fullsolutions.info\/produto\/bdh-200-spare\/#primaryimage\"},\"image\":{\"@id\":\"https:\/\/fullsolutions.info\/produto\/bdh-200-spare\/#primaryimage\"},\"thumbnailUrl\":\"https:\/\/mlhff0prgoxu.i.optimole.com\/cb:s0sM.767\/w:auto\/h:auto\/q:mauto\/f:best\/https:\/\/fullsolutions.info\/wp-content\/uploads\/2026\/03\/BDH-200-SPARE.webp\",\"datePublished\":\"2026-03-16T17:14:34+00:00\",\"dateModified\":\"2026-04-13T13:17:31+00:00\",\"description\":\"BDH-200 SPARE pe\u00e7a de reposi\u00e7\u00e3o para sistemas Autronica, garantindo manuten\u00e7\u00e3o eficiente, alta confiabilidade e continuidade operacional em aplica\u00e7\u00f5es industriais e mar\u00edtimas.\",\"breadcrumb\":{\"@id\":\"https:\/\/fullsolutions.info\/produto\/bdh-200-spare\/#breadcrumb\"},\"inLanguage\":\"en-US\",\"potentialAction\":[{\"@type\":\"ReadAction\",\"target\":[\"https:\/\/fullsolutions.info\/produto\/bdh-200-spare\/\"]}]},{\"@type\":\"ImageObject\",\"inLanguage\":\"en-US\",\"@id\":\"https:\/\/fullsolutions.info\/produto\/bdh-200-spare\/#primaryimage\",\"url\":\"https:\/\/mlhff0prgoxu.i.optimole.com\/cb:s0sM.767\/w:auto\/h:auto\/q:mauto\/f:best\/https:\/\/fullsolutions.info\/wp-content\/uploads\/2026\/03\/BDH-200-SPARE.webp\",\"contentUrl\":\"https:\/\/mlhff0prgoxu.i.optimole.com\/cb:s0sM.767\/w:auto\/h:auto\/q:mauto\/f:best\/https:\/\/fullsolutions.info\/wp-content\/uploads\/2026\/03\/BDH-200-SPARE.webp\",\"width\":549,\"height\":533},{\"@type\":\"BreadcrumbList\",\"@id\":\"https:\/\/fullsolutions.info\/produto\/bdh-200-spare\/#breadcrumb\",\"itemListElement\":[{\"@type\":\"ListItem\",\"position\":1,\"name\":\"In\u00edcio\",\"item\":\"https:\/\/fullsolutions.info\/\"},{\"@type\":\"ListItem\",\"position\":2,\"name\":\"Produtos\",\"item\":\"https:\/\/fullsolutions.info\/shop\/\"},{\"@type\":\"ListItem\",\"position\":3,\"name\":\"BDH-200\/SPARE\"}]},{\"@type\":\"WebSite\",\"@id\":\"https:\/\/fullsolutions.info\/#website\",\"url\":\"https:\/\/fullsolutions.info\/\",\"name\":\"Full Solutions\",\"description\":\"Empresa na \u00c1rea de Procurement\",\"publisher\":{\"@id\":\"https:\/\/fullsolutions.info\/#organization\"},\"potentialAction\":[{\"@type\":\"SearchAction\",\"target\":{\"@type\":\"EntryPoint\",\"urlTemplate\":\"https:\/\/fullsolutions.info\/?s={search_term_string}\"},\"query-input\":{\"@type\":\"PropertyValueSpecification\",\"valueRequired\":true,\"valueName\":\"search_term_string\"}}],\"inLanguage\":\"en-US\"},{\"@type\":\"Organization\",\"@id\":\"https:\/\/fullsolutions.info\/#organization\",\"name\":\"Full Solutions\",\"url\":\"https:\/\/fullsolutions.info\/\",\"logo\":{\"@type\":\"ImageObject\",\"inLanguage\":\"en-US\",\"@id\":\"https:\/\/fullsolutions.info\/#\/schema\/logo\/image\/\",\"url\":\"https:\/\/mlhff0prgoxu.i.optimole.com\/cb:s0sM.767\/w:auto\/h:auto\/q:mauto\/f:best\/https:\/\/fullsolutions.info\/wp-content\/uploads\/2021\/07\/cropped-Design-sem-nome-300x193-1-e1627062664782.png\",\"contentUrl\":\"https:\/\/mlhff0prgoxu.i.optimole.com\/cb:s0sM.767\/w:auto\/h:auto\/q:mauto\/f:best\/https:\/\/fullsolutions.info\/wp-content\/uploads\/2021\/07\/cropped-Design-sem-nome-300x193-1-e1627062664782.png\",\"width\":202,\"height\":155,\"caption\":\"Full Solutions\"},\"image\":{\"@id\":\"https:\/\/fullsolutions.info\/#\/schema\/logo\/image\/\"},\"sameAs\":[\"https:\/\/www.linkedin.com\/company\/full-solutions-equipment\"]}]}<\/script>\n<!-- \/ Yoast SEO plugin. -->","yoast_head_json":{"title":"BDH-200\/SPARE - Full Solutions","description":"BDH-200 SPARE pe\u00e7a de reposi\u00e7\u00e3o para sistemas Autronica, garantindo manuten\u00e7\u00e3o eficiente, alta confiabilidade e continuidade operacional em aplica\u00e7\u00f5es industriais e mar\u00edtimas.","robots":{"index":"index","follow":"follow","max-snippet":"max-snippet:-1","max-image-preview":"max-image-preview:large","max-video-preview":"max-video-preview:-1"},"canonical":"https:\/\/fullsolutions.info\/en\/product\/bdh-200-spare\/","og_locale":"en_US","og_type":"article","og_title":"BDH-200\/SPARE - Full Solutions","og_description":"BDH-200 SPARE pe\u00e7a de reposi\u00e7\u00e3o para sistemas Autronica, garantindo manuten\u00e7\u00e3o eficiente, alta confiabilidade e continuidade operacional em aplica\u00e7\u00f5es industriais e mar\u00edtimas.","og_url":"https:\/\/fullsolutions.info\/en\/product\/bdh-200-spare\/","og_site_name":"Full Solutions","article_modified_time":"2026-04-13T13:17:31+00:00","og_image":[{"width":549,"height":533,"url":"https:\/\/mlhff0prgoxu.i.optimole.com\/cb:s0sM.767\/w:auto\/h:auto\/q:mauto\/f:best\/https:\/\/fullsolutions.info\/wp-content\/uploads\/2026\/03\/BDH-200-SPARE.webp","type":"image\/webp"}],"twitter_card":"summary_large_image","twitter_misc":{"Est. reading time":"2 minutes"},"schema":{"@context":"https:\/\/schema.org","@graph":[{"@type":"WebPage","@id":"https:\/\/fullsolutions.info\/produto\/bdh-200-spare\/","url":"https:\/\/fullsolutions.info\/produto\/bdh-200-spare\/","name":"BDH-200\/SPARE - Full Solutions","isPartOf":{"@id":"https:\/\/fullsolutions.info\/#website"},"primaryImageOfPage":{"@id":"https:\/\/fullsolutions.info\/produto\/bdh-200-spare\/#primaryimage"},"image":{"@id":"https:\/\/fullsolutions.info\/produto\/bdh-200-spare\/#primaryimage"},"thumbnailUrl":"https:\/\/mlhff0prgoxu.i.optimole.com\/cb:s0sM.767\/w:auto\/h:auto\/q:mauto\/f:best\/https:\/\/fullsolutions.info\/wp-content\/uploads\/2026\/03\/BDH-200-SPARE.webp","datePublished":"2026-03-16T17:14:34+00:00","dateModified":"2026-04-13T13:17:31+00:00","description":"BDH-200 SPARE pe\u00e7a de reposi\u00e7\u00e3o para sistemas Autronica, garantindo manuten\u00e7\u00e3o eficiente, alta confiabilidade e continuidade operacional em aplica\u00e7\u00f5es industriais e mar\u00edtimas.","breadcrumb":{"@id":"https:\/\/fullsolutions.info\/produto\/bdh-200-spare\/#breadcrumb"},"inLanguage":"en-US","potentialAction":[{"@type":"ReadAction","target":["https:\/\/fullsolutions.info\/produto\/bdh-200-spare\/"]}]},{"@type":"ImageObject","inLanguage":"en-US","@id":"https:\/\/fullsolutions.info\/produto\/bdh-200-spare\/#primaryimage","url":"https:\/\/mlhff0prgoxu.i.optimole.com\/cb:s0sM.767\/w:auto\/h:auto\/q:mauto\/f:best\/https:\/\/fullsolutions.info\/wp-content\/uploads\/2026\/03\/BDH-200-SPARE.webp","contentUrl":"https:\/\/mlhff0prgoxu.i.optimole.com\/cb:s0sM.767\/w:auto\/h:auto\/q:mauto\/f:best\/https:\/\/fullsolutions.info\/wp-content\/uploads\/2026\/03\/BDH-200-SPARE.webp","width":549,"height":533},{"@type":"BreadcrumbList","@id":"https:\/\/fullsolutions.info\/produto\/bdh-200-spare\/#breadcrumb","itemListElement":[{"@type":"ListItem","position":1,"name":"In\u00edcio","item":"https:\/\/fullsolutions.info\/"},{"@type":"ListItem","position":2,"name":"Produtos","item":"https:\/\/fullsolutions.info\/shop\/"},{"@type":"ListItem","position":3,"name":"BDH-200\/SPARE"}]},{"@type":"WebSite","@id":"https:\/\/fullsolutions.info\/#website","url":"https:\/\/fullsolutions.info\/","name":"Full Solutions","description":"Empresa na \u00c1rea de Procurement","publisher":{"@id":"https:\/\/fullsolutions.info\/#organization"},"potentialAction":[{"@type":"SearchAction","target":{"@type":"EntryPoint","urlTemplate":"https:\/\/fullsolutions.info\/?s={search_term_string}"},"query-input":{"@type":"PropertyValueSpecification","valueRequired":true,"valueName":"search_term_string"}}],"inLanguage":"en-US"},{"@type":"Organization","@id":"https:\/\/fullsolutions.info\/#organization","name":"Full Solutions","url":"https:\/\/fullsolutions.info\/","logo":{"@type":"ImageObject","inLanguage":"en-US","@id":"https:\/\/fullsolutions.info\/#\/schema\/logo\/image\/","url":"https:\/\/mlhff0prgoxu.i.optimole.com\/cb:s0sM.767\/w:auto\/h:auto\/q:mauto\/f:best\/https:\/\/fullsolutions.info\/wp-content\/uploads\/2021\/07\/cropped-Design-sem-nome-300x193-1-e1627062664782.png","contentUrl":"https:\/\/mlhff0prgoxu.i.optimole.com\/cb:s0sM.767\/w:auto\/h:auto\/q:mauto\/f:best\/https:\/\/fullsolutions.info\/wp-content\/uploads\/2021\/07\/cropped-Design-sem-nome-300x193-1-e1627062664782.png","width":202,"height":155,"caption":"Full Solutions"},"image":{"@id":"https:\/\/fullsolutions.info\/#\/schema\/logo\/image\/"},"sameAs":["https:\/\/www.linkedin.com\/company\/full-solutions-equipment"]}]}},"_links":{"self":[{"href":"https:\/\/fullsolutions.info\/en\/wp-json\/wp\/v2\/product\/6340","targetHints":{"allow":["GET"]}}],"collection":[{"href":"https:\/\/fullsolutions.info\/en\/wp-json\/wp\/v2\/product"}],"about":[{"href":"https:\/\/fullsolutions.info\/en\/wp-json\/wp\/v2\/types\/product"}],"replies":[{"embeddable":true,"href":"https:\/\/fullsolutions.info\/en\/wp-json\/wp\/v2\/comments?post=6340"}],"wp:featuredmedia":[{"embeddable":true,"href":"https:\/\/fullsolutions.info\/en\/wp-json\/wp\/v2\/media\/6341"}],"wp:attachment":[{"href":"https:\/\/fullsolutions.info\/en\/wp-json\/wp\/v2\/media?parent=6340"}],"wp:term":[{"taxonomy":"product_brand","embeddable":true,"href":"https:\/\/fullsolutions.info\/en\/wp-json\/wp\/v2\/product_brand?post=6340"},{"taxonomy":"product_cat","embeddable":true,"href":"https:\/\/fullsolutions.info\/en\/wp-json\/wp\/v2\/product_cat?post=6340"},{"taxonomy":"product_tag","embeddable":true,"href":"https:\/\/fullsolutions.info\/en\/wp-json\/wp\/v2\/product_tag?post=6340"},{"taxonomy":"marca","embeddable":true,"href":"https:\/\/fullsolutions.info\/en\/wp-json\/wp\/v2\/marca?post=6340"}],"curies":[{"name":"wp","href":"https:\/\/api.w.org\/{rel}","templated":true}]}}