{"id":6336,"date":"2026-03-16T11:55:30","date_gmt":"2026-03-16T14:55:30","guid":{"rendered":"https:\/\/fullsolutions.info\/?post_type=product&#038;p=6336"},"modified":"2026-04-13T09:45:05","modified_gmt":"2026-04-13T12:45:05","slug":"heat-detector-bd","status":"publish","type":"product","link":"https:\/\/fullsolutions.info\/en\/product\/heat-detector-bd\/","title":{"rendered":"Heat detector BD (116-BD-200M)"},"content":{"rendered":"<p><strong>BD-200M (116-BD-200M)<\/strong><\/p>\n<p>Tipo: detector de calor interativo padr\u00e3o.<br \/>\nAplica\u00e7\u00e3o principal: ambientes \u00famidos ou muito frios.<\/p>\n<p>Caracter\u00edsticas principais:<\/p>\n<p>Detector pontual de calor para aumento de temperatura por inc\u00eandio<\/p>\n<p>Opera\u00e7\u00e3o em baixas temperaturas (at\u00e9 -30 \u00b0C)<\/p>\n<p>Indicado para saunas, c\u00e2maras frias e ambientes \u00famidos<\/p>\n<p>Inv\u00f3lucro IP56<\/p>\n<p>Prote\u00e7\u00e3o adicional do sensor e da PCB para ambientes severos<\/p>\n<p>Uso em sistemas interativos Autronica<\/p>\n<h3 data-section-id=\"1kv9jh0\" data-start=\"618\" data-end=\"663\"><span role=\"text\"><strong data-start=\"622\" data-end=\"663\">Detector de calor BD-501 (116-BD-501)<\/strong><\/span><\/h3>\n<p data-start=\"665\" data-end=\"893\">O BD-501 atua como um detector pontual de calor e identifica rapidamente o aumento da temperatura ambiente causado por inc\u00eandio. Al\u00e9m disso, ele opera em conjunto com os sistemas interativos de detec\u00e7\u00e3o de inc\u00eandio da Autronica.<\/p>\n<p data-start=\"895\" data-end=\"1051\">A fun\u00e7\u00e3o <strong data-start=\"904\" data-end=\"918\">SelfVerify<\/strong> aumenta significativamente a confiabilidade do sistema. Para isso, o detector executa testes autom\u00e1ticos calibrados a cada 24 horas.<\/p>\n<p data-start=\"1053\" data-end=\"1275\">Al\u00e9m disso, o revestimento adicional na placa eletr\u00f4nica (PCB) e a veda\u00e7\u00e3o do sensor garantem maior resist\u00eancia. Dessa forma, o equipamento suporta ambientes severos, como ind\u00fastria pesada, aplica\u00e7\u00f5es mar\u00edtimas e offshore.<\/p>\n<hr data-start=\"1277\" data-end=\"1280\" \/>\n<h3 data-section-id=\"1h2tztg\" data-start=\"1282\" data-end=\"1333\"><span role=\"text\"><strong data-start=\"1286\" data-end=\"1333\">Detector de calor BD-501\/EX (116-BD-501\/EX)<\/strong><\/span><\/h3>\n<p data-start=\"1335\" data-end=\"1551\">O BD-501\/EX funciona como um detector pontual de calor para \u00e1reas classificadas. Ele permite aplica\u00e7\u00e3o nas zonas 0, 1 e 2. Para opera\u00e7\u00e3o segura, o sistema exige conex\u00e3o com a barreira AutroSafe aprovada, tipo BZ-500.<\/p>\n<p data-start=\"1553\" data-end=\"1738\">Assim como o modelo padr\u00e3o, o detector utiliza a fun\u00e7\u00e3o <strong data-start=\"1609\" data-end=\"1623\">SelfVerify<\/strong>, que realiza testes autom\u00e1ticos a cada 24 horas. Como resultado, o sistema mant\u00e9m um alto n\u00edvel de confiabilidade.<\/p>\n<p data-start=\"1740\" data-end=\"1937\">Al\u00e9m disso, o revestimento da PCB e a veda\u00e7\u00e3o do sensor aumentam a resist\u00eancia do equipamento. Portanto, ele atende aplica\u00e7\u00f5es em ambientes severos, incluindo ind\u00fastria pesada, mar\u00edtimo e offshore.<\/p>\n<p>BD-200M &#8211; BD-501 &#8211; BD-501 &#8211; EX\u00a0BD-501\/N<\/p>","protected":false},"excerpt":{"rendered":"<p>BD-200M (116-BD-200M) Tipo: detector de calor interativo padr\u00e3o. Aplica\u00e7\u00e3o principal: ambientes \u00famidos ou muito frios. Caracter\u00edsticas principais: Detector pontual de calor para aumento de temperatura por inc\u00eandio Opera\u00e7\u00e3o em baixas temperaturas (at\u00e9 -30 \u00b0C) Indicado para saunas, c\u00e2maras frias e ambientes \u00famidos Inv\u00f3lucro IP56 Prote\u00e7\u00e3o adicional do sensor e da PCB para ambientes severos Uso em sistemas interativos Autronica Detector de calor BD-501 (116-BD-501) O BD-501 atua como um detector pontual de calor e identifica rapidamente o aumento da temperatura ambiente causado por inc\u00eandio. Al\u00e9m disso, ele opera em conjunto com os sistemas interativos de detec\u00e7\u00e3o de inc\u00eandio da Autronica. A fun\u00e7\u00e3o SelfVerify aumenta significativamente a confiabilidade do sistema. Para isso, o detector executa testes autom\u00e1ticos calibrados a cada 24 horas. Al\u00e9m disso, o revestimento adicional na placa eletr\u00f4nica (PCB) e a veda\u00e7\u00e3o do sensor garantem maior resist\u00eancia. Dessa forma, o equipamento suporta ambientes severos, como ind\u00fastria pesada, aplica\u00e7\u00f5es mar\u00edtimas e offshore. Detector de calor BD-501\/EX (116-BD-501\/EX) O BD-501\/EX funciona como um detector pontual de calor para \u00e1reas classificadas. Ele permite aplica\u00e7\u00e3o nas zonas 0, 1 e 2. Para opera\u00e7\u00e3o segura, o sistema exige conex\u00e3o com a barreira AutroSafe aprovada, tipo BZ-500. Assim como o modelo padr\u00e3o, o detector utiliza a fun\u00e7\u00e3o SelfVerify, que realiza testes autom\u00e1ticos a cada 24 horas. Como resultado, o sistema mant\u00e9m um alto n\u00edvel de confiabilidade. Al\u00e9m disso, o revestimento da PCB e a veda\u00e7\u00e3o do sensor aumentam a resist\u00eancia do equipamento. Portanto, ele atende aplica\u00e7\u00f5es em ambientes severos, incluindo ind\u00fastria pesada, mar\u00edtimo e offshore. BD-200M &#8211; BD-501 &#8211; BD-501 &#8211; EX\u00a0BD-501\/N<\/p>","protected":false},"featured_media":6337,"comment_status":"open","ping_status":"closed","template":"","meta":{"_joinchat":[]},"product_brand":[],"product_cat":[116],"product_tag":[],"marca":[91],"class_list":{"0":"post-6336","1":"product","2":"type-product","3":"status-publish","4":"has-post-thumbnail","6":"product_cat-combate-a-incendio","7":"marca-autronica","9":"first","10":"instock","11":"shipping-taxable","12":"product-type-simple"},"yoast_head":"<!-- This site is optimized with the Yoast SEO plugin v27.2 - https:\/\/yoast.com\/product\/yoast-seo-wordpress\/ -->\n<title>Heat detector BD (116-BD-200M) - Full Solutions<\/title>\n<meta name=\"description\" content=\"Detector de calor BD-200M (116-BD-200M) para sistemas de detec\u00e7\u00e3o de inc\u00eandio, com resposta confi\u00e1vel e alta durabilidade para aplica\u00e7\u00f5es industriais e comerciais.\" \/>\n<meta name=\"robots\" content=\"index, follow, max-snippet:-1, max-image-preview:large, max-video-preview:-1\" \/>\n<link rel=\"canonical\" href=\"https:\/\/fullsolutions.info\/en\/product\/heat-detector-bd\/\" \/>\n<meta property=\"og:locale\" content=\"en_US\" \/>\n<meta property=\"og:type\" content=\"article\" \/>\n<meta property=\"og:title\" content=\"Heat detector BD (116-BD-200M) - Full Solutions\" \/>\n<meta property=\"og:description\" content=\"Detector de calor BD-200M (116-BD-200M) para sistemas de detec\u00e7\u00e3o de inc\u00eandio, com resposta confi\u00e1vel e alta durabilidade para aplica\u00e7\u00f5es industriais e comerciais.\" \/>\n<meta property=\"og:url\" content=\"https:\/\/fullsolutions.info\/en\/product\/heat-detector-bd\/\" \/>\n<meta property=\"og:site_name\" content=\"Full Solutions\" \/>\n<meta property=\"article:modified_time\" content=\"2026-04-13T12:45:05+00:00\" \/>\n<meta property=\"og:image\" content=\"https:\/\/mlhff0prgoxu.i.optimole.com\/cb:s0sM.767\/w:auto\/h:auto\/q:mauto\/f:best\/https:\/\/fullsolutions.info\/wp-content\/uploads\/2026\/03\/1_85__fileshare_filarkivroot_produkt_bilder_BD-200M_501.png\" \/>\n\t<meta property=\"og:image:width\" content=\"549\" \/>\n\t<meta property=\"og:image:height\" content=\"533\" \/>\n\t<meta property=\"og:image:type\" content=\"image\/png\" \/>\n<meta name=\"twitter:card\" content=\"summary_large_image\" \/>\n<meta name=\"twitter:label1\" content=\"Est. reading time\" \/>\n\t<meta name=\"twitter:data1\" content=\"2 minutes\" \/>\n<script type=\"application\/ld+json\" class=\"yoast-schema-graph\">{\"@context\":\"https:\/\/schema.org\",\"@graph\":[{\"@type\":\"WebPage\",\"@id\":\"https:\/\/fullsolutions.info\/produto\/heat-detector-bd\/\",\"url\":\"https:\/\/fullsolutions.info\/produto\/heat-detector-bd\/\",\"name\":\"Heat detector BD (116-BD-200M) - Full Solutions\",\"isPartOf\":{\"@id\":\"https:\/\/fullsolutions.info\/#website\"},\"primaryImageOfPage\":{\"@id\":\"https:\/\/fullsolutions.info\/produto\/heat-detector-bd\/#primaryimage\"},\"image\":{\"@id\":\"https:\/\/fullsolutions.info\/produto\/heat-detector-bd\/#primaryimage\"},\"thumbnailUrl\":\"https:\/\/mlhff0prgoxu.i.optimole.com\/cb:s0sM.767\/w:auto\/h:auto\/q:mauto\/f:best\/https:\/\/fullsolutions.info\/wp-content\/uploads\/2026\/03\/1_85__fileshare_filarkivroot_produkt_bilder_BD-200M_501.png\",\"datePublished\":\"2026-03-16T14:55:30+00:00\",\"dateModified\":\"2026-04-13T12:45:05+00:00\",\"description\":\"Detector de calor BD-200M (116-BD-200M) para sistemas de detec\u00e7\u00e3o de inc\u00eandio, com resposta confi\u00e1vel e alta durabilidade para aplica\u00e7\u00f5es industriais e comerciais.\",\"breadcrumb\":{\"@id\":\"https:\/\/fullsolutions.info\/produto\/heat-detector-bd\/#breadcrumb\"},\"inLanguage\":\"en-US\",\"potentialAction\":[{\"@type\":\"ReadAction\",\"target\":[\"https:\/\/fullsolutions.info\/produto\/heat-detector-bd\/\"]}]},{\"@type\":\"ImageObject\",\"inLanguage\":\"en-US\",\"@id\":\"https:\/\/fullsolutions.info\/produto\/heat-detector-bd\/#primaryimage\",\"url\":\"https:\/\/mlhff0prgoxu.i.optimole.com\/cb:s0sM.767\/w:auto\/h:auto\/q:mauto\/f:best\/https:\/\/fullsolutions.info\/wp-content\/uploads\/2026\/03\/1_85__fileshare_filarkivroot_produkt_bilder_BD-200M_501.png\",\"contentUrl\":\"https:\/\/mlhff0prgoxu.i.optimole.com\/cb:s0sM.767\/w:auto\/h:auto\/q:mauto\/f:best\/https:\/\/fullsolutions.info\/wp-content\/uploads\/2026\/03\/1_85__fileshare_filarkivroot_produkt_bilder_BD-200M_501.png\",\"width\":549,\"height\":533},{\"@type\":\"BreadcrumbList\",\"@id\":\"https:\/\/fullsolutions.info\/produto\/heat-detector-bd\/#breadcrumb\",\"itemListElement\":[{\"@type\":\"ListItem\",\"position\":1,\"name\":\"In\u00edcio\",\"item\":\"https:\/\/fullsolutions.info\/\"},{\"@type\":\"ListItem\",\"position\":2,\"name\":\"Produtos\",\"item\":\"https:\/\/fullsolutions.info\/shop\/\"},{\"@type\":\"ListItem\",\"position\":3,\"name\":\"Heat detector BD (116-BD-200M)\"}]},{\"@type\":\"WebSite\",\"@id\":\"https:\/\/fullsolutions.info\/#website\",\"url\":\"https:\/\/fullsolutions.info\/\",\"name\":\"Full Solutions\",\"description\":\"Empresa na \u00c1rea de Procurement\",\"publisher\":{\"@id\":\"https:\/\/fullsolutions.info\/#organization\"},\"potentialAction\":[{\"@type\":\"SearchAction\",\"target\":{\"@type\":\"EntryPoint\",\"urlTemplate\":\"https:\/\/fullsolutions.info\/?s={search_term_string}\"},\"query-input\":{\"@type\":\"PropertyValueSpecification\",\"valueRequired\":true,\"valueName\":\"search_term_string\"}}],\"inLanguage\":\"en-US\"},{\"@type\":\"Organization\",\"@id\":\"https:\/\/fullsolutions.info\/#organization\",\"name\":\"Full Solutions\",\"url\":\"https:\/\/fullsolutions.info\/\",\"logo\":{\"@type\":\"ImageObject\",\"inLanguage\":\"en-US\",\"@id\":\"https:\/\/fullsolutions.info\/#\/schema\/logo\/image\/\",\"url\":\"https:\/\/mlhff0prgoxu.i.optimole.com\/cb:s0sM.767\/w:auto\/h:auto\/q:mauto\/f:best\/https:\/\/fullsolutions.info\/wp-content\/uploads\/2021\/07\/cropped-Design-sem-nome-300x193-1-e1627062664782.png\",\"contentUrl\":\"https:\/\/mlhff0prgoxu.i.optimole.com\/cb:s0sM.767\/w:auto\/h:auto\/q:mauto\/f:best\/https:\/\/fullsolutions.info\/wp-content\/uploads\/2021\/07\/cropped-Design-sem-nome-300x193-1-e1627062664782.png\",\"width\":202,\"height\":155,\"caption\":\"Full Solutions\"},\"image\":{\"@id\":\"https:\/\/fullsolutions.info\/#\/schema\/logo\/image\/\"},\"sameAs\":[\"https:\/\/www.linkedin.com\/company\/full-solutions-equipment\"]}]}<\/script>\n<!-- \/ Yoast SEO plugin. -->","yoast_head_json":{"title":"Heat detector BD (116-BD-200M) - Full Solutions","description":"Detector de calor BD-200M (116-BD-200M) para sistemas de detec\u00e7\u00e3o de inc\u00eandio, com resposta confi\u00e1vel e alta durabilidade para aplica\u00e7\u00f5es industriais e comerciais.","robots":{"index":"index","follow":"follow","max-snippet":"max-snippet:-1","max-image-preview":"max-image-preview:large","max-video-preview":"max-video-preview:-1"},"canonical":"https:\/\/fullsolutions.info\/en\/product\/heat-detector-bd\/","og_locale":"en_US","og_type":"article","og_title":"Heat detector BD (116-BD-200M) - Full Solutions","og_description":"Detector de calor BD-200M (116-BD-200M) para sistemas de detec\u00e7\u00e3o de inc\u00eandio, com resposta confi\u00e1vel e alta durabilidade para aplica\u00e7\u00f5es industriais e comerciais.","og_url":"https:\/\/fullsolutions.info\/en\/product\/heat-detector-bd\/","og_site_name":"Full Solutions","article_modified_time":"2026-04-13T12:45:05+00:00","og_image":[{"width":549,"height":533,"url":"https:\/\/mlhff0prgoxu.i.optimole.com\/cb:s0sM.767\/w:auto\/h:auto\/q:mauto\/f:best\/https:\/\/fullsolutions.info\/wp-content\/uploads\/2026\/03\/1_85__fileshare_filarkivroot_produkt_bilder_BD-200M_501.png","type":"image\/png"}],"twitter_card":"summary_large_image","twitter_misc":{"Est. reading time":"2 minutes"},"schema":{"@context":"https:\/\/schema.org","@graph":[{"@type":"WebPage","@id":"https:\/\/fullsolutions.info\/produto\/heat-detector-bd\/","url":"https:\/\/fullsolutions.info\/produto\/heat-detector-bd\/","name":"Heat detector BD (116-BD-200M) - Full Solutions","isPartOf":{"@id":"https:\/\/fullsolutions.info\/#website"},"primaryImageOfPage":{"@id":"https:\/\/fullsolutions.info\/produto\/heat-detector-bd\/#primaryimage"},"image":{"@id":"https:\/\/fullsolutions.info\/produto\/heat-detector-bd\/#primaryimage"},"thumbnailUrl":"https:\/\/mlhff0prgoxu.i.optimole.com\/cb:s0sM.767\/w:auto\/h:auto\/q:mauto\/f:best\/https:\/\/fullsolutions.info\/wp-content\/uploads\/2026\/03\/1_85__fileshare_filarkivroot_produkt_bilder_BD-200M_501.png","datePublished":"2026-03-16T14:55:30+00:00","dateModified":"2026-04-13T12:45:05+00:00","description":"Detector de calor BD-200M (116-BD-200M) para sistemas de detec\u00e7\u00e3o de inc\u00eandio, com resposta confi\u00e1vel e alta durabilidade para aplica\u00e7\u00f5es industriais e comerciais.","breadcrumb":{"@id":"https:\/\/fullsolutions.info\/produto\/heat-detector-bd\/#breadcrumb"},"inLanguage":"en-US","potentialAction":[{"@type":"ReadAction","target":["https:\/\/fullsolutions.info\/produto\/heat-detector-bd\/"]}]},{"@type":"ImageObject","inLanguage":"en-US","@id":"https:\/\/fullsolutions.info\/produto\/heat-detector-bd\/#primaryimage","url":"https:\/\/mlhff0prgoxu.i.optimole.com\/cb:s0sM.767\/w:auto\/h:auto\/q:mauto\/f:best\/https:\/\/fullsolutions.info\/wp-content\/uploads\/2026\/03\/1_85__fileshare_filarkivroot_produkt_bilder_BD-200M_501.png","contentUrl":"https:\/\/mlhff0prgoxu.i.optimole.com\/cb:s0sM.767\/w:auto\/h:auto\/q:mauto\/f:best\/https:\/\/fullsolutions.info\/wp-content\/uploads\/2026\/03\/1_85__fileshare_filarkivroot_produkt_bilder_BD-200M_501.png","width":549,"height":533},{"@type":"BreadcrumbList","@id":"https:\/\/fullsolutions.info\/produto\/heat-detector-bd\/#breadcrumb","itemListElement":[{"@type":"ListItem","position":1,"name":"In\u00edcio","item":"https:\/\/fullsolutions.info\/"},{"@type":"ListItem","position":2,"name":"Produtos","item":"https:\/\/fullsolutions.info\/shop\/"},{"@type":"ListItem","position":3,"name":"Heat detector BD (116-BD-200M)"}]},{"@type":"WebSite","@id":"https:\/\/fullsolutions.info\/#website","url":"https:\/\/fullsolutions.info\/","name":"Full Solutions","description":"Empresa na \u00c1rea de Procurement","publisher":{"@id":"https:\/\/fullsolutions.info\/#organization"},"potentialAction":[{"@type":"SearchAction","target":{"@type":"EntryPoint","urlTemplate":"https:\/\/fullsolutions.info\/?s={search_term_string}"},"query-input":{"@type":"PropertyValueSpecification","valueRequired":true,"valueName":"search_term_string"}}],"inLanguage":"en-US"},{"@type":"Organization","@id":"https:\/\/fullsolutions.info\/#organization","name":"Full Solutions","url":"https:\/\/fullsolutions.info\/","logo":{"@type":"ImageObject","inLanguage":"en-US","@id":"https:\/\/fullsolutions.info\/#\/schema\/logo\/image\/","url":"https:\/\/mlhff0prgoxu.i.optimole.com\/cb:s0sM.767\/w:auto\/h:auto\/q:mauto\/f:best\/https:\/\/fullsolutions.info\/wp-content\/uploads\/2021\/07\/cropped-Design-sem-nome-300x193-1-e1627062664782.png","contentUrl":"https:\/\/mlhff0prgoxu.i.optimole.com\/cb:s0sM.767\/w:auto\/h:auto\/q:mauto\/f:best\/https:\/\/fullsolutions.info\/wp-content\/uploads\/2021\/07\/cropped-Design-sem-nome-300x193-1-e1627062664782.png","width":202,"height":155,"caption":"Full Solutions"},"image":{"@id":"https:\/\/fullsolutions.info\/#\/schema\/logo\/image\/"},"sameAs":["https:\/\/www.linkedin.com\/company\/full-solutions-equipment"]}]}},"_links":{"self":[{"href":"https:\/\/fullsolutions.info\/en\/wp-json\/wp\/v2\/product\/6336","targetHints":{"allow":["GET"]}}],"collection":[{"href":"https:\/\/fullsolutions.info\/en\/wp-json\/wp\/v2\/product"}],"about":[{"href":"https:\/\/fullsolutions.info\/en\/wp-json\/wp\/v2\/types\/product"}],"replies":[{"embeddable":true,"href":"https:\/\/fullsolutions.info\/en\/wp-json\/wp\/v2\/comments?post=6336"}],"wp:featuredmedia":[{"embeddable":true,"href":"https:\/\/fullsolutions.info\/en\/wp-json\/wp\/v2\/media\/6337"}],"wp:attachment":[{"href":"https:\/\/fullsolutions.info\/en\/wp-json\/wp\/v2\/media?parent=6336"}],"wp:term":[{"taxonomy":"product_brand","embeddable":true,"href":"https:\/\/fullsolutions.info\/en\/wp-json\/wp\/v2\/product_brand?post=6336"},{"taxonomy":"product_cat","embeddable":true,"href":"https:\/\/fullsolutions.info\/en\/wp-json\/wp\/v2\/product_cat?post=6336"},{"taxonomy":"product_tag","embeddable":true,"href":"https:\/\/fullsolutions.info\/en\/wp-json\/wp\/v2\/product_tag?post=6336"},{"taxonomy":"marca","embeddable":true,"href":"https:\/\/fullsolutions.info\/en\/wp-json\/wp\/v2\/marca?post=6336"}],"curies":[{"name":"wp","href":"https:\/\/api.w.org\/{rel}","templated":true}]}}