{"id":6332,"date":"2026-03-16T11:26:37","date_gmt":"2026-03-16T14:26:37","guid":{"rendered":"https:\/\/fullsolutions.info\/?post_type=product&#038;p=6332"},"modified":"2026-04-13T09:46:44","modified_gmt":"2026-04-13T12:46:44","slug":"detector-de-calor-de-alta-temperatura-bd-200pt","status":"publish","type":"product","link":"https:\/\/fullsolutions.info\/en\/product\/detector-de-calor-de-alta-temperatura-bd-200pt\/","title":{"rendered":"Detector de calor de alta temperatura BD-200PT"},"content":{"rendered":"<p data-start=\"428\" data-end=\"724\">O High-temperature heat detector BD-200PT \u00e9 composto por um elemento sensor em a\u00e7o inoxid\u00e1vel e uma unidade de interface. O elemento sensor \u00e9 adequado para \u00e1reas de detec\u00e7\u00e3o de alta temperatura, como saunas ou cozinhas. A unidade de interface deve ser instalada em uma \u00e1rea de temperatura normal, a at\u00e9 10 m do sensor.<\/p>\n<p data-start=\"726\" data-end=\"1181\">Caracter\u00edsticas<br data-start=\"741\" data-end=\"744\" \/>Detector de calor de alta temperatura endere\u00e7\u00e1vel.<br data-start=\"793\" data-end=\"796\" \/>Dispon\u00edvel em diferentes variantes com temperaturas de alarme fixas.<br data-start=\"863\" data-end=\"866\" \/>Dist\u00e2ncia de at\u00e9 10 m entre o sensor e a unidade de interface.<br data-start=\"927\" data-end=\"930\" \/>Mec\u00e2nica do sensor em a\u00e7o inoxid\u00e1vel.<br data-start=\"966\" data-end=\"969\" \/>Grau de prote\u00e7\u00e3o IP66 (sensor).<br data-start=\"999\" data-end=\"1002\" \/>EN 54-5, Categoria ES (variante 120) ou FS (variante 140) quando utilizado com indicador externo.<br data-start=\"1098\" data-end=\"1101\" \/>Compat\u00edvel com todas as vers\u00f5es do AutroSafe e Autroprime que suportam o BD-200M.<\/p>\n<p data-start=\"1183\" data-end=\"1510\">Variantes<br data-start=\"1192\" data-end=\"1195\" \/>Temperatura de alarme 84 \u00b0C, categoria do detector CS (116-BD-200PT\/84-KIT);<br data-start=\"1270\" data-end=\"1273\" \/>Temperatura de alarme 100 \u00b0C, categoria do detector DS (116-BD-200PT\/100-KIT);<br data-start=\"1350\" data-end=\"1353\" \/>Temperatura de alarme 120 \u00b0C, categoria do detector ES (116-BD-200PT\/120-KIT);<br data-start=\"1430\" data-end=\"1433\" \/>Temperatura de alarme 140 \u00b0C, categoria do detector FS (116-BD-200PT\/140-KIT);<\/p>\n<p data-start=\"1512\" data-end=\"1610\" data-is-last-node=\"\" data-is-only-node=\"\">Part number: 116-BD-200PT\/84-KIT, 116-BD-200PT\/100-KIT, 116-BD-200PT\/120-KIT, 116-BD-200PT\/140-KIT<\/p>","protected":false},"excerpt":{"rendered":"<p>O High-temperature heat detector BD-200PT \u00e9 composto por um elemento sensor em a\u00e7o inoxid\u00e1vel e uma unidade de interface. O elemento sensor \u00e9 adequado para \u00e1reas de detec\u00e7\u00e3o de alta temperatura, como saunas ou cozinhas. A unidade de interface deve ser instalada em uma \u00e1rea de temperatura normal, a at\u00e9 10 m do sensor. Caracter\u00edsticasDetector de calor de alta temperatura endere\u00e7\u00e1vel.Dispon\u00edvel em diferentes variantes com temperaturas de alarme fixas.Dist\u00e2ncia de at\u00e9 10 m entre o sensor e a unidade de interface.Mec\u00e2nica do sensor em a\u00e7o inoxid\u00e1vel.Grau de prote\u00e7\u00e3o IP66 (sensor).EN 54-5, Categoria ES (variante 120) ou FS (variante 140) quando utilizado com indicador externo.Compat\u00edvel com todas as vers\u00f5es do AutroSafe e Autroprime que suportam o BD-200M. VariantesTemperatura de alarme 84 \u00b0C, categoria do detector CS (116-BD-200PT\/84-KIT);Temperatura de alarme 100 \u00b0C, categoria do detector DS (116-BD-200PT\/100-KIT);Temperatura de alarme 120 \u00b0C, categoria do detector ES (116-BD-200PT\/120-KIT);Temperatura de alarme 140 \u00b0C, categoria do detector FS (116-BD-200PT\/140-KIT); Part number: 116-BD-200PT\/84-KIT, 116-BD-200PT\/100-KIT, 116-BD-200PT\/120-KIT, 116-BD-200PT\/140-KIT<\/p>","protected":false},"featured_media":6334,"comment_status":"open","ping_status":"closed","template":"","meta":{"_joinchat":[]},"product_brand":[],"product_cat":[116],"product_tag":[],"marca":[91],"class_list":{"0":"post-6332","1":"product","2":"type-product","3":"status-publish","4":"has-post-thumbnail","6":"product_cat-combate-a-incendio","7":"marca-autronica","9":"first","10":"instock","11":"shipping-taxable","12":"product-type-simple"},"yoast_head":"<!-- This site is optimized with the Yoast SEO plugin v27.2 - https:\/\/yoast.com\/product\/yoast-seo-wordpress\/ -->\n<title>Detector de calor de alta temperatura BD-200PT - Full Solutions<\/title>\n<meta name=\"description\" content=\"Detector de calor de alta temperatura BD-200PT para ambientes extremos, com alta resist\u00eancia t\u00e9rmica e desempenho confi\u00e1vel em aplica\u00e7\u00f5es industriais e \u00e1reas de risco.\" \/>\n<meta name=\"robots\" content=\"index, follow, max-snippet:-1, max-image-preview:large, max-video-preview:-1\" \/>\n<link rel=\"canonical\" href=\"https:\/\/fullsolutions.info\/en\/product\/detector-de-calor-de-alta-temperatura-bd-200pt\/\" \/>\n<meta property=\"og:locale\" content=\"en_US\" \/>\n<meta property=\"og:type\" content=\"article\" \/>\n<meta property=\"og:title\" content=\"Detector de calor de alta temperatura BD-200PT - Full Solutions\" \/>\n<meta property=\"og:description\" content=\"Detector de calor de alta temperatura BD-200PT para ambientes extremos, com alta resist\u00eancia t\u00e9rmica e desempenho confi\u00e1vel em aplica\u00e7\u00f5es industriais e \u00e1reas de risco.\" \/>\n<meta property=\"og:url\" content=\"https:\/\/fullsolutions.info\/en\/product\/detector-de-calor-de-alta-temperatura-bd-200pt\/\" \/>\n<meta property=\"og:site_name\" content=\"Full Solutions\" \/>\n<meta property=\"article:modified_time\" content=\"2026-04-13T12:46:44+00:00\" \/>\n<meta property=\"og:image\" content=\"https:\/\/mlhff0prgoxu.i.optimole.com\/cb:s0sM.767\/w:auto\/h:auto\/q:mauto\/f:best\/https:\/\/fullsolutions.info\/wp-content\/uploads\/2026\/03\/High-temperature-heat-detector-BD-200PT.png\" \/>\n\t<meta property=\"og:image:width\" content=\"549\" \/>\n\t<meta property=\"og:image:height\" content=\"533\" \/>\n\t<meta property=\"og:image:type\" content=\"image\/png\" \/>\n<meta name=\"twitter:card\" content=\"summary_large_image\" \/>\n<meta name=\"twitter:label1\" content=\"Est. reading time\" \/>\n\t<meta name=\"twitter:data1\" content=\"2 minutes\" \/>\n<script type=\"application\/ld+json\" class=\"yoast-schema-graph\">{\"@context\":\"https:\/\/schema.org\",\"@graph\":[{\"@type\":\"WebPage\",\"@id\":\"https:\/\/fullsolutions.info\/produto\/detector-de-calor-de-alta-temperatura-bd-200pt\/\",\"url\":\"https:\/\/fullsolutions.info\/produto\/detector-de-calor-de-alta-temperatura-bd-200pt\/\",\"name\":\"Detector de calor de alta temperatura BD-200PT - Full Solutions\",\"isPartOf\":{\"@id\":\"https:\/\/fullsolutions.info\/#website\"},\"primaryImageOfPage\":{\"@id\":\"https:\/\/fullsolutions.info\/produto\/detector-de-calor-de-alta-temperatura-bd-200pt\/#primaryimage\"},\"image\":{\"@id\":\"https:\/\/fullsolutions.info\/produto\/detector-de-calor-de-alta-temperatura-bd-200pt\/#primaryimage\"},\"thumbnailUrl\":\"https:\/\/mlhff0prgoxu.i.optimole.com\/cb:s0sM.767\/w:auto\/h:auto\/q:mauto\/f:best\/https:\/\/fullsolutions.info\/wp-content\/uploads\/2026\/03\/High-temperature-heat-detector-BD-200PT.png\",\"datePublished\":\"2026-03-16T14:26:37+00:00\",\"dateModified\":\"2026-04-13T12:46:44+00:00\",\"description\":\"Detector de calor de alta temperatura BD-200PT para ambientes extremos, com alta resist\u00eancia t\u00e9rmica e desempenho confi\u00e1vel em aplica\u00e7\u00f5es industriais e \u00e1reas de risco.\",\"breadcrumb\":{\"@id\":\"https:\/\/fullsolutions.info\/produto\/detector-de-calor-de-alta-temperatura-bd-200pt\/#breadcrumb\"},\"inLanguage\":\"en-US\",\"potentialAction\":[{\"@type\":\"ReadAction\",\"target\":[\"https:\/\/fullsolutions.info\/produto\/detector-de-calor-de-alta-temperatura-bd-200pt\/\"]}]},{\"@type\":\"ImageObject\",\"inLanguage\":\"en-US\",\"@id\":\"https:\/\/fullsolutions.info\/produto\/detector-de-calor-de-alta-temperatura-bd-200pt\/#primaryimage\",\"url\":\"https:\/\/mlhff0prgoxu.i.optimole.com\/cb:s0sM.767\/w:auto\/h:auto\/q:mauto\/f:best\/https:\/\/fullsolutions.info\/wp-content\/uploads\/2026\/03\/High-temperature-heat-detector-BD-200PT.png\",\"contentUrl\":\"https:\/\/mlhff0prgoxu.i.optimole.com\/cb:s0sM.767\/w:auto\/h:auto\/q:mauto\/f:best\/https:\/\/fullsolutions.info\/wp-content\/uploads\/2026\/03\/High-temperature-heat-detector-BD-200PT.png\",\"width\":549,\"height\":533},{\"@type\":\"BreadcrumbList\",\"@id\":\"https:\/\/fullsolutions.info\/produto\/detector-de-calor-de-alta-temperatura-bd-200pt\/#breadcrumb\",\"itemListElement\":[{\"@type\":\"ListItem\",\"position\":1,\"name\":\"In\u00edcio\",\"item\":\"https:\/\/fullsolutions.info\/\"},{\"@type\":\"ListItem\",\"position\":2,\"name\":\"Produtos\",\"item\":\"https:\/\/fullsolutions.info\/shop\/\"},{\"@type\":\"ListItem\",\"position\":3,\"name\":\"Detector de calor de alta temperatura BD-200PT\"}]},{\"@type\":\"WebSite\",\"@id\":\"https:\/\/fullsolutions.info\/#website\",\"url\":\"https:\/\/fullsolutions.info\/\",\"name\":\"Full Solutions\",\"description\":\"Empresa na \u00c1rea de Procurement\",\"publisher\":{\"@id\":\"https:\/\/fullsolutions.info\/#organization\"},\"potentialAction\":[{\"@type\":\"SearchAction\",\"target\":{\"@type\":\"EntryPoint\",\"urlTemplate\":\"https:\/\/fullsolutions.info\/?s={search_term_string}\"},\"query-input\":{\"@type\":\"PropertyValueSpecification\",\"valueRequired\":true,\"valueName\":\"search_term_string\"}}],\"inLanguage\":\"en-US\"},{\"@type\":\"Organization\",\"@id\":\"https:\/\/fullsolutions.info\/#organization\",\"name\":\"Full Solutions\",\"url\":\"https:\/\/fullsolutions.info\/\",\"logo\":{\"@type\":\"ImageObject\",\"inLanguage\":\"en-US\",\"@id\":\"https:\/\/fullsolutions.info\/#\/schema\/logo\/image\/\",\"url\":\"https:\/\/mlhff0prgoxu.i.optimole.com\/cb:s0sM.767\/w:auto\/h:auto\/q:mauto\/f:best\/https:\/\/fullsolutions.info\/wp-content\/uploads\/2021\/07\/cropped-Design-sem-nome-300x193-1-e1627062664782.png\",\"contentUrl\":\"https:\/\/mlhff0prgoxu.i.optimole.com\/cb:s0sM.767\/w:auto\/h:auto\/q:mauto\/f:best\/https:\/\/fullsolutions.info\/wp-content\/uploads\/2021\/07\/cropped-Design-sem-nome-300x193-1-e1627062664782.png\",\"width\":202,\"height\":155,\"caption\":\"Full Solutions\"},\"image\":{\"@id\":\"https:\/\/fullsolutions.info\/#\/schema\/logo\/image\/\"},\"sameAs\":[\"https:\/\/www.linkedin.com\/company\/full-solutions-equipment\"]}]}<\/script>\n<!-- \/ Yoast SEO plugin. -->","yoast_head_json":{"title":"Detector de calor de alta temperatura BD-200PT - Full Solutions","description":"Detector de calor de alta temperatura BD-200PT para ambientes extremos, com alta resist\u00eancia t\u00e9rmica e desempenho confi\u00e1vel em aplica\u00e7\u00f5es industriais e \u00e1reas de risco.","robots":{"index":"index","follow":"follow","max-snippet":"max-snippet:-1","max-image-preview":"max-image-preview:large","max-video-preview":"max-video-preview:-1"},"canonical":"https:\/\/fullsolutions.info\/en\/product\/detector-de-calor-de-alta-temperatura-bd-200pt\/","og_locale":"en_US","og_type":"article","og_title":"Detector de calor de alta temperatura BD-200PT - Full Solutions","og_description":"Detector de calor de alta temperatura BD-200PT para ambientes extremos, com alta resist\u00eancia t\u00e9rmica e desempenho confi\u00e1vel em aplica\u00e7\u00f5es industriais e \u00e1reas de risco.","og_url":"https:\/\/fullsolutions.info\/en\/product\/detector-de-calor-de-alta-temperatura-bd-200pt\/","og_site_name":"Full Solutions","article_modified_time":"2026-04-13T12:46:44+00:00","og_image":[{"width":549,"height":533,"url":"https:\/\/mlhff0prgoxu.i.optimole.com\/cb:s0sM.767\/w:auto\/h:auto\/q:mauto\/f:best\/https:\/\/fullsolutions.info\/wp-content\/uploads\/2026\/03\/High-temperature-heat-detector-BD-200PT.png","type":"image\/png"}],"twitter_card":"summary_large_image","twitter_misc":{"Est. reading time":"2 minutes"},"schema":{"@context":"https:\/\/schema.org","@graph":[{"@type":"WebPage","@id":"https:\/\/fullsolutions.info\/produto\/detector-de-calor-de-alta-temperatura-bd-200pt\/","url":"https:\/\/fullsolutions.info\/produto\/detector-de-calor-de-alta-temperatura-bd-200pt\/","name":"Detector de calor de alta temperatura BD-200PT - Full Solutions","isPartOf":{"@id":"https:\/\/fullsolutions.info\/#website"},"primaryImageOfPage":{"@id":"https:\/\/fullsolutions.info\/produto\/detector-de-calor-de-alta-temperatura-bd-200pt\/#primaryimage"},"image":{"@id":"https:\/\/fullsolutions.info\/produto\/detector-de-calor-de-alta-temperatura-bd-200pt\/#primaryimage"},"thumbnailUrl":"https:\/\/mlhff0prgoxu.i.optimole.com\/cb:s0sM.767\/w:auto\/h:auto\/q:mauto\/f:best\/https:\/\/fullsolutions.info\/wp-content\/uploads\/2026\/03\/High-temperature-heat-detector-BD-200PT.png","datePublished":"2026-03-16T14:26:37+00:00","dateModified":"2026-04-13T12:46:44+00:00","description":"Detector de calor de alta temperatura BD-200PT para ambientes extremos, com alta resist\u00eancia t\u00e9rmica e desempenho confi\u00e1vel em aplica\u00e7\u00f5es industriais e \u00e1reas de risco.","breadcrumb":{"@id":"https:\/\/fullsolutions.info\/produto\/detector-de-calor-de-alta-temperatura-bd-200pt\/#breadcrumb"},"inLanguage":"en-US","potentialAction":[{"@type":"ReadAction","target":["https:\/\/fullsolutions.info\/produto\/detector-de-calor-de-alta-temperatura-bd-200pt\/"]}]},{"@type":"ImageObject","inLanguage":"en-US","@id":"https:\/\/fullsolutions.info\/produto\/detector-de-calor-de-alta-temperatura-bd-200pt\/#primaryimage","url":"https:\/\/mlhff0prgoxu.i.optimole.com\/cb:s0sM.767\/w:auto\/h:auto\/q:mauto\/f:best\/https:\/\/fullsolutions.info\/wp-content\/uploads\/2026\/03\/High-temperature-heat-detector-BD-200PT.png","contentUrl":"https:\/\/mlhff0prgoxu.i.optimole.com\/cb:s0sM.767\/w:auto\/h:auto\/q:mauto\/f:best\/https:\/\/fullsolutions.info\/wp-content\/uploads\/2026\/03\/High-temperature-heat-detector-BD-200PT.png","width":549,"height":533},{"@type":"BreadcrumbList","@id":"https:\/\/fullsolutions.info\/produto\/detector-de-calor-de-alta-temperatura-bd-200pt\/#breadcrumb","itemListElement":[{"@type":"ListItem","position":1,"name":"In\u00edcio","item":"https:\/\/fullsolutions.info\/"},{"@type":"ListItem","position":2,"name":"Produtos","item":"https:\/\/fullsolutions.info\/shop\/"},{"@type":"ListItem","position":3,"name":"Detector de calor de alta temperatura BD-200PT"}]},{"@type":"WebSite","@id":"https:\/\/fullsolutions.info\/#website","url":"https:\/\/fullsolutions.info\/","name":"Full Solutions","description":"Empresa na \u00c1rea de Procurement","publisher":{"@id":"https:\/\/fullsolutions.info\/#organization"},"potentialAction":[{"@type":"SearchAction","target":{"@type":"EntryPoint","urlTemplate":"https:\/\/fullsolutions.info\/?s={search_term_string}"},"query-input":{"@type":"PropertyValueSpecification","valueRequired":true,"valueName":"search_term_string"}}],"inLanguage":"en-US"},{"@type":"Organization","@id":"https:\/\/fullsolutions.info\/#organization","name":"Full Solutions","url":"https:\/\/fullsolutions.info\/","logo":{"@type":"ImageObject","inLanguage":"en-US","@id":"https:\/\/fullsolutions.info\/#\/schema\/logo\/image\/","url":"https:\/\/mlhff0prgoxu.i.optimole.com\/cb:s0sM.767\/w:auto\/h:auto\/q:mauto\/f:best\/https:\/\/fullsolutions.info\/wp-content\/uploads\/2021\/07\/cropped-Design-sem-nome-300x193-1-e1627062664782.png","contentUrl":"https:\/\/mlhff0prgoxu.i.optimole.com\/cb:s0sM.767\/w:auto\/h:auto\/q:mauto\/f:best\/https:\/\/fullsolutions.info\/wp-content\/uploads\/2021\/07\/cropped-Design-sem-nome-300x193-1-e1627062664782.png","width":202,"height":155,"caption":"Full Solutions"},"image":{"@id":"https:\/\/fullsolutions.info\/#\/schema\/logo\/image\/"},"sameAs":["https:\/\/www.linkedin.com\/company\/full-solutions-equipment"]}]}},"_links":{"self":[{"href":"https:\/\/fullsolutions.info\/en\/wp-json\/wp\/v2\/product\/6332","targetHints":{"allow":["GET"]}}],"collection":[{"href":"https:\/\/fullsolutions.info\/en\/wp-json\/wp\/v2\/product"}],"about":[{"href":"https:\/\/fullsolutions.info\/en\/wp-json\/wp\/v2\/types\/product"}],"replies":[{"embeddable":true,"href":"https:\/\/fullsolutions.info\/en\/wp-json\/wp\/v2\/comments?post=6332"}],"wp:featuredmedia":[{"embeddable":true,"href":"https:\/\/fullsolutions.info\/en\/wp-json\/wp\/v2\/media\/6334"}],"wp:attachment":[{"href":"https:\/\/fullsolutions.info\/en\/wp-json\/wp\/v2\/media?parent=6332"}],"wp:term":[{"taxonomy":"product_brand","embeddable":true,"href":"https:\/\/fullsolutions.info\/en\/wp-json\/wp\/v2\/product_brand?post=6332"},{"taxonomy":"product_cat","embeddable":true,"href":"https:\/\/fullsolutions.info\/en\/wp-json\/wp\/v2\/product_cat?post=6332"},{"taxonomy":"product_tag","embeddable":true,"href":"https:\/\/fullsolutions.info\/en\/wp-json\/wp\/v2\/product_tag?post=6332"},{"taxonomy":"marca","embeddable":true,"href":"https:\/\/fullsolutions.info\/en\/wp-json\/wp\/v2\/marca?post=6332"}],"curies":[{"name":"wp","href":"https:\/\/api.w.org\/{rel}","templated":true}]}}