{"id":6316,"date":"2026-02-25T16:43:58","date_gmt":"2026-02-25T19:43:58","guid":{"rendered":"https:\/\/fullsolutions.info\/?post_type=product&#038;p=6316"},"modified":"2026-04-13T09:51:10","modified_gmt":"2026-04-13T12:51:10","slug":"transmissor-de-1-2-canais-liquiline-cm442r","status":"publish","type":"product","link":"https:\/\/fullsolutions.info\/en\/product\/transmissor-de-1-2-canais-liquiline-cm442r\/","title":{"rendered":"Transmissor de 1\/2 canais Liquiline CM442R"},"content":{"rendered":"<p class=\"eh-p-v\"><span dir=\"auto\">O Liquiline CM442R permite conectar at\u00e9 2 sensores Memosens de sua escolha, dentre mais de 12 par\u00e2metros de medi\u00e7\u00e3o. Com seu design extremamente compacto, ele se encaixa em qualquer painel e ainda oferece entradas, sa\u00eddas, controladores e m\u00f3dulos matem\u00e1ticos, por exemplo, para controle de limpeza. O transmissor pertence \u00e0 plataforma Liquiline, com integra\u00e7\u00e3o de sistema, opera\u00e7\u00e3o e pe\u00e7as de reposi\u00e7\u00e3o padronizadas. A tecnologia Heartbeat ajuda voc\u00ea a encontrar o equil\u00edbrio ideal entre a disponibilidade dos pontos de medi\u00e7\u00e3o e os custos de manuten\u00e7\u00e3o.<\/span><\/p>\n<div class=\"eh-p-b-lg\"><\/div>\n<div class=\"eh-rich-content-content\" data-cs-pcueid=\"h43rcg\">\n<p class=\"eh-generic--text\"><span dir=\"auto\">Liquiline CM442R \u00e9 adequado para todos os setores industriais e suas respectivas aplica\u00e7\u00f5es, tais como:<\/span><\/p>\n<ul class=\"eh-list-01 eh-generic--list\">\n<li class=\"eh-list--item\">\n<p class=\"eh-generic--text\"><span dir=\"auto\">Alimentos e bebidas<\/span><\/p>\n<\/li>\n<li class=\"eh-list--item\">\n<p class=\"eh-generic--text\"><span dir=\"auto\">Ci\u00eancias da Vida<\/span><\/p>\n<\/li>\n<li class=\"eh-list--item\">\n<p class=\"eh-generic--text\"><span dir=\"auto\">Energia e Pot\u00eancia<\/span><\/p>\n<\/li>\n<li class=\"eh-list--item\">\n<p class=\"eh-generic--text\"><span dir=\"auto\">\u00c1gua, Esgoto e Res\u00edduos<\/span><\/p>\n<\/li>\n<li class=\"eh-list--item\">\n<p class=\"eh-generic--text\"><span dir=\"auto\">Produtos qu\u00edmicos<\/span><\/p>\n<\/li>\n<li class=\"eh-list--item\">\n<p class=\"eh-generic--text\"><span dir=\"auto\">Marinho<\/span><\/p>\n<\/li>\n<\/ul>\n<p class=\"eh-generic--text\"><span dir=\"auto\">Ele apresenta os seguintes protocolos e interfaces de comunica\u00e7\u00e3o:<\/span><\/p>\n<ul class=\"eh-list-01 eh-generic--list\">\n<li class=\"eh-list--item\">\n<p class=\"eh-generic--text\"><span dir=\"auto\">0\/4&#8230;20 mA<\/span><\/p>\n<\/li>\n<li class=\"eh-list--item\">\n<p class=\"eh-generic--text\"><span dir=\"auto\">HARTH<\/span><\/p>\n<\/li>\n<li class=\"eh-list--item\">\n<p class=\"eh-generic--text\"><span dir=\"auto\">PROFIBUS DP<\/span><\/p>\n<\/li>\n<li class=\"eh-list--item\">\n<p class=\"eh-generic--text\"><span dir=\"auto\">Modbus RS485\/RTU<\/span><\/p>\n<\/li>\n<li class=\"eh-list--item\">\n<p class=\"eh-generic--text\"><span dir=\"auto\">Modbus TCP<\/span><\/p>\n<\/li>\n<li class=\"eh-list--item\">\n<p class=\"eh-generic--text\"><span dir=\"auto\">EtherNet\/IP<\/span><\/p>\n<\/li>\n<li class=\"eh-list--item\">\n<p class=\"eh-generic--text\"><span dir=\"auto\">PROFINET<\/span><\/p>\n<\/li>\n<li class=\"eh-list--item\">\n<p class=\"eh-generic--text\"><span dir=\"auto\">Servidor Web<\/span><\/p>\n<\/li>\n<\/ul>\n<p class=\"eh-generic--text\"><span dir=\"auto\">O transmissor pode ser expandido com um m\u00f3dulo cujas certifica\u00e7\u00f5es de prote\u00e7\u00e3o contra explos\u00e3o, como IECEx, ATEX e CSA, permitem a conex\u00e3o de sensores instalados em \u00e1reas classificadas como perigosas.<\/span><\/p>\n<\/div>","protected":false},"excerpt":{"rendered":"<p>O Liquiline CM442R permite conectar at\u00e9 2 sensores Memosens de sua escolha, dentre mais de 12 par\u00e2metros de medi\u00e7\u00e3o. Com seu design extremamente compacto, ele se encaixa em qualquer painel e ainda oferece entradas, sa\u00eddas, controladores e m\u00f3dulos matem\u00e1ticos, por exemplo, para controle de limpeza. O transmissor pertence \u00e0 plataforma Liquiline, com integra\u00e7\u00e3o de sistema, opera\u00e7\u00e3o e pe\u00e7as de reposi\u00e7\u00e3o padronizadas. A tecnologia Heartbeat ajuda voc\u00ea a encontrar o equil\u00edbrio ideal entre a disponibilidade dos pontos de medi\u00e7\u00e3o e os custos de manuten\u00e7\u00e3o. Liquiline CM442R \u00e9 adequado para todos os setores industriais e suas respectivas aplica\u00e7\u00f5es, tais como: Alimentos e bebidas Ci\u00eancias da Vida Energia e Pot\u00eancia \u00c1gua, Esgoto e Res\u00edduos Produtos qu\u00edmicos Marinho Ele apresenta os seguintes protocolos e interfaces de comunica\u00e7\u00e3o: 0\/4&#8230;20 mA HARTH PROFIBUS DP Modbus RS485\/RTU Modbus TCP EtherNet\/IP PROFINET Servidor Web O transmissor pode ser expandido com um m\u00f3dulo cujas certifica\u00e7\u00f5es de prote\u00e7\u00e3o contra explos\u00e3o, como IECEx, ATEX e CSA, permitem a conex\u00e3o de sensores instalados em \u00e1reas classificadas como perigosas.<\/p>","protected":false},"featured_media":6317,"comment_status":"open","ping_status":"closed","template":"","meta":{"_joinchat":[]},"product_brand":[],"product_cat":[175],"product_tag":[],"marca":[147],"class_list":{"0":"post-6316","1":"product","2":"type-product","3":"status-publish","4":"has-post-thumbnail","6":"product_cat-medicao","7":"marca-endresshauser","9":"first","10":"instock","11":"shipping-taxable","12":"product-type-simple"},"yoast_head":"<!-- This site is optimized with the Yoast SEO plugin v27.2 - https:\/\/yoast.com\/product\/yoast-seo-wordpress\/ -->\n<title>Transmissor de 1\/2 canais Liquiline CM442R - Full Solutions<\/title>\n<meta name=\"description\" content=\"Transmissor Liquiline CM442R de 1 ou 2 canais para an\u00e1lise de l\u00edquidos, com alta precis\u00e3o, modularidade e integra\u00e7\u00e3o eficiente em aplica\u00e7\u00f5es industriais e de processo.\" \/>\n<meta name=\"robots\" content=\"index, follow, max-snippet:-1, max-image-preview:large, max-video-preview:-1\" \/>\n<link rel=\"canonical\" href=\"https:\/\/fullsolutions.info\/en\/product\/transmissor-de-1-2-canais-liquiline-cm442r\/\" \/>\n<meta property=\"og:locale\" content=\"en_US\" \/>\n<meta property=\"og:type\" content=\"article\" \/>\n<meta property=\"og:title\" content=\"Transmissor de 1\/2 canais Liquiline CM442R - Full Solutions\" \/>\n<meta property=\"og:description\" content=\"Transmissor Liquiline CM442R de 1 ou 2 canais para an\u00e1lise de l\u00edquidos, com alta precis\u00e3o, modularidade e integra\u00e7\u00e3o eficiente em aplica\u00e7\u00f5es industriais e de processo.\" \/>\n<meta property=\"og:url\" content=\"https:\/\/fullsolutions.info\/en\/product\/transmissor-de-1-2-canais-liquiline-cm442r\/\" \/>\n<meta property=\"og:site_name\" content=\"Full Solutions\" \/>\n<meta property=\"article:modified_time\" content=\"2026-04-13T12:51:10+00:00\" \/>\n<meta property=\"og:image\" content=\"https:\/\/mlhff0prgoxu.i.optimole.com\/cb:s0sM.767\/w:auto\/h:auto\/q:mauto\/f:best\/https:\/\/fullsolutions.info\/wp-content\/uploads\/2026\/02\/Liquiline-CM442R.webp\" \/>\n\t<meta property=\"og:image:width\" content=\"549\" \/>\n\t<meta property=\"og:image:height\" content=\"533\" \/>\n\t<meta property=\"og:image:type\" content=\"image\/webp\" \/>\n<meta name=\"twitter:card\" content=\"summary_large_image\" \/>\n<meta name=\"twitter:label1\" content=\"Est. reading time\" \/>\n\t<meta name=\"twitter:data1\" content=\"2 minutes\" \/>\n<script type=\"application\/ld+json\" class=\"yoast-schema-graph\">{\"@context\":\"https:\/\/schema.org\",\"@graph\":[{\"@type\":\"WebPage\",\"@id\":\"https:\/\/fullsolutions.info\/produto\/transmissor-de-1-2-canais-liquiline-cm442r\/\",\"url\":\"https:\/\/fullsolutions.info\/produto\/transmissor-de-1-2-canais-liquiline-cm442r\/\",\"name\":\"Transmissor de 1\/2 canais Liquiline CM442R - Full Solutions\",\"isPartOf\":{\"@id\":\"https:\/\/fullsolutions.info\/#website\"},\"primaryImageOfPage\":{\"@id\":\"https:\/\/fullsolutions.info\/produto\/transmissor-de-1-2-canais-liquiline-cm442r\/#primaryimage\"},\"image\":{\"@id\":\"https:\/\/fullsolutions.info\/produto\/transmissor-de-1-2-canais-liquiline-cm442r\/#primaryimage\"},\"thumbnailUrl\":\"https:\/\/mlhff0prgoxu.i.optimole.com\/cb:s0sM.767\/w:auto\/h:auto\/q:mauto\/f:best\/https:\/\/fullsolutions.info\/wp-content\/uploads\/2026\/02\/Liquiline-CM442R.webp\",\"datePublished\":\"2026-02-25T19:43:58+00:00\",\"dateModified\":\"2026-04-13T12:51:10+00:00\",\"description\":\"Transmissor Liquiline CM442R de 1 ou 2 canais para an\u00e1lise de l\u00edquidos, com alta precis\u00e3o, modularidade e integra\u00e7\u00e3o eficiente em aplica\u00e7\u00f5es industriais e de processo.\",\"breadcrumb\":{\"@id\":\"https:\/\/fullsolutions.info\/produto\/transmissor-de-1-2-canais-liquiline-cm442r\/#breadcrumb\"},\"inLanguage\":\"en-US\",\"potentialAction\":[{\"@type\":\"ReadAction\",\"target\":[\"https:\/\/fullsolutions.info\/produto\/transmissor-de-1-2-canais-liquiline-cm442r\/\"]}]},{\"@type\":\"ImageObject\",\"inLanguage\":\"en-US\",\"@id\":\"https:\/\/fullsolutions.info\/produto\/transmissor-de-1-2-canais-liquiline-cm442r\/#primaryimage\",\"url\":\"https:\/\/mlhff0prgoxu.i.optimole.com\/cb:s0sM.767\/w:auto\/h:auto\/q:mauto\/f:best\/https:\/\/fullsolutions.info\/wp-content\/uploads\/2026\/02\/Liquiline-CM442R.webp\",\"contentUrl\":\"https:\/\/mlhff0prgoxu.i.optimole.com\/cb:s0sM.767\/w:auto\/h:auto\/q:mauto\/f:best\/https:\/\/fullsolutions.info\/wp-content\/uploads\/2026\/02\/Liquiline-CM442R.webp\",\"width\":549,\"height\":533},{\"@type\":\"BreadcrumbList\",\"@id\":\"https:\/\/fullsolutions.info\/produto\/transmissor-de-1-2-canais-liquiline-cm442r\/#breadcrumb\",\"itemListElement\":[{\"@type\":\"ListItem\",\"position\":1,\"name\":\"In\u00edcio\",\"item\":\"https:\/\/fullsolutions.info\/\"},{\"@type\":\"ListItem\",\"position\":2,\"name\":\"Produtos\",\"item\":\"https:\/\/fullsolutions.info\/shop\/\"},{\"@type\":\"ListItem\",\"position\":3,\"name\":\"Transmissor de 1\/2 canais Liquiline CM442R\"}]},{\"@type\":\"WebSite\",\"@id\":\"https:\/\/fullsolutions.info\/#website\",\"url\":\"https:\/\/fullsolutions.info\/\",\"name\":\"Full Solutions\",\"description\":\"Empresa na \u00c1rea de Procurement\",\"publisher\":{\"@id\":\"https:\/\/fullsolutions.info\/#organization\"},\"potentialAction\":[{\"@type\":\"SearchAction\",\"target\":{\"@type\":\"EntryPoint\",\"urlTemplate\":\"https:\/\/fullsolutions.info\/?s={search_term_string}\"},\"query-input\":{\"@type\":\"PropertyValueSpecification\",\"valueRequired\":true,\"valueName\":\"search_term_string\"}}],\"inLanguage\":\"en-US\"},{\"@type\":\"Organization\",\"@id\":\"https:\/\/fullsolutions.info\/#organization\",\"name\":\"Full Solutions\",\"url\":\"https:\/\/fullsolutions.info\/\",\"logo\":{\"@type\":\"ImageObject\",\"inLanguage\":\"en-US\",\"@id\":\"https:\/\/fullsolutions.info\/#\/schema\/logo\/image\/\",\"url\":\"https:\/\/mlhff0prgoxu.i.optimole.com\/cb:s0sM.767\/w:auto\/h:auto\/q:mauto\/f:best\/https:\/\/fullsolutions.info\/wp-content\/uploads\/2021\/07\/cropped-Design-sem-nome-300x193-1-e1627062664782.png\",\"contentUrl\":\"https:\/\/mlhff0prgoxu.i.optimole.com\/cb:s0sM.767\/w:auto\/h:auto\/q:mauto\/f:best\/https:\/\/fullsolutions.info\/wp-content\/uploads\/2021\/07\/cropped-Design-sem-nome-300x193-1-e1627062664782.png\",\"width\":202,\"height\":155,\"caption\":\"Full Solutions\"},\"image\":{\"@id\":\"https:\/\/fullsolutions.info\/#\/schema\/logo\/image\/\"},\"sameAs\":[\"https:\/\/www.linkedin.com\/company\/full-solutions-equipment\"]}]}<\/script>\n<!-- \/ Yoast SEO plugin. -->","yoast_head_json":{"title":"Transmissor de 1\/2 canais Liquiline CM442R - Full Solutions","description":"Transmissor Liquiline CM442R de 1 ou 2 canais para an\u00e1lise de l\u00edquidos, com alta precis\u00e3o, modularidade e integra\u00e7\u00e3o eficiente em aplica\u00e7\u00f5es industriais e de processo.","robots":{"index":"index","follow":"follow","max-snippet":"max-snippet:-1","max-image-preview":"max-image-preview:large","max-video-preview":"max-video-preview:-1"},"canonical":"https:\/\/fullsolutions.info\/en\/product\/transmissor-de-1-2-canais-liquiline-cm442r\/","og_locale":"en_US","og_type":"article","og_title":"Transmissor de 1\/2 canais Liquiline CM442R - Full Solutions","og_description":"Transmissor Liquiline CM442R de 1 ou 2 canais para an\u00e1lise de l\u00edquidos, com alta precis\u00e3o, modularidade e integra\u00e7\u00e3o eficiente em aplica\u00e7\u00f5es industriais e de processo.","og_url":"https:\/\/fullsolutions.info\/en\/product\/transmissor-de-1-2-canais-liquiline-cm442r\/","og_site_name":"Full Solutions","article_modified_time":"2026-04-13T12:51:10+00:00","og_image":[{"width":549,"height":533,"url":"https:\/\/mlhff0prgoxu.i.optimole.com\/cb:s0sM.767\/w:auto\/h:auto\/q:mauto\/f:best\/https:\/\/fullsolutions.info\/wp-content\/uploads\/2026\/02\/Liquiline-CM442R.webp","type":"image\/webp"}],"twitter_card":"summary_large_image","twitter_misc":{"Est. reading time":"2 minutes"},"schema":{"@context":"https:\/\/schema.org","@graph":[{"@type":"WebPage","@id":"https:\/\/fullsolutions.info\/produto\/transmissor-de-1-2-canais-liquiline-cm442r\/","url":"https:\/\/fullsolutions.info\/produto\/transmissor-de-1-2-canais-liquiline-cm442r\/","name":"Transmissor de 1\/2 canais Liquiline CM442R - Full Solutions","isPartOf":{"@id":"https:\/\/fullsolutions.info\/#website"},"primaryImageOfPage":{"@id":"https:\/\/fullsolutions.info\/produto\/transmissor-de-1-2-canais-liquiline-cm442r\/#primaryimage"},"image":{"@id":"https:\/\/fullsolutions.info\/produto\/transmissor-de-1-2-canais-liquiline-cm442r\/#primaryimage"},"thumbnailUrl":"https:\/\/mlhff0prgoxu.i.optimole.com\/cb:s0sM.767\/w:auto\/h:auto\/q:mauto\/f:best\/https:\/\/fullsolutions.info\/wp-content\/uploads\/2026\/02\/Liquiline-CM442R.webp","datePublished":"2026-02-25T19:43:58+00:00","dateModified":"2026-04-13T12:51:10+00:00","description":"Transmissor Liquiline CM442R de 1 ou 2 canais para an\u00e1lise de l\u00edquidos, com alta precis\u00e3o, modularidade e integra\u00e7\u00e3o eficiente em aplica\u00e7\u00f5es industriais e de processo.","breadcrumb":{"@id":"https:\/\/fullsolutions.info\/produto\/transmissor-de-1-2-canais-liquiline-cm442r\/#breadcrumb"},"inLanguage":"en-US","potentialAction":[{"@type":"ReadAction","target":["https:\/\/fullsolutions.info\/produto\/transmissor-de-1-2-canais-liquiline-cm442r\/"]}]},{"@type":"ImageObject","inLanguage":"en-US","@id":"https:\/\/fullsolutions.info\/produto\/transmissor-de-1-2-canais-liquiline-cm442r\/#primaryimage","url":"https:\/\/mlhff0prgoxu.i.optimole.com\/cb:s0sM.767\/w:auto\/h:auto\/q:mauto\/f:best\/https:\/\/fullsolutions.info\/wp-content\/uploads\/2026\/02\/Liquiline-CM442R.webp","contentUrl":"https:\/\/mlhff0prgoxu.i.optimole.com\/cb:s0sM.767\/w:auto\/h:auto\/q:mauto\/f:best\/https:\/\/fullsolutions.info\/wp-content\/uploads\/2026\/02\/Liquiline-CM442R.webp","width":549,"height":533},{"@type":"BreadcrumbList","@id":"https:\/\/fullsolutions.info\/produto\/transmissor-de-1-2-canais-liquiline-cm442r\/#breadcrumb","itemListElement":[{"@type":"ListItem","position":1,"name":"In\u00edcio","item":"https:\/\/fullsolutions.info\/"},{"@type":"ListItem","position":2,"name":"Produtos","item":"https:\/\/fullsolutions.info\/shop\/"},{"@type":"ListItem","position":3,"name":"Transmissor de 1\/2 canais Liquiline CM442R"}]},{"@type":"WebSite","@id":"https:\/\/fullsolutions.info\/#website","url":"https:\/\/fullsolutions.info\/","name":"Full Solutions","description":"Empresa na \u00c1rea de Procurement","publisher":{"@id":"https:\/\/fullsolutions.info\/#organization"},"potentialAction":[{"@type":"SearchAction","target":{"@type":"EntryPoint","urlTemplate":"https:\/\/fullsolutions.info\/?s={search_term_string}"},"query-input":{"@type":"PropertyValueSpecification","valueRequired":true,"valueName":"search_term_string"}}],"inLanguage":"en-US"},{"@type":"Organization","@id":"https:\/\/fullsolutions.info\/#organization","name":"Full Solutions","url":"https:\/\/fullsolutions.info\/","logo":{"@type":"ImageObject","inLanguage":"en-US","@id":"https:\/\/fullsolutions.info\/#\/schema\/logo\/image\/","url":"https:\/\/mlhff0prgoxu.i.optimole.com\/cb:s0sM.767\/w:auto\/h:auto\/q:mauto\/f:best\/https:\/\/fullsolutions.info\/wp-content\/uploads\/2021\/07\/cropped-Design-sem-nome-300x193-1-e1627062664782.png","contentUrl":"https:\/\/mlhff0prgoxu.i.optimole.com\/cb:s0sM.767\/w:auto\/h:auto\/q:mauto\/f:best\/https:\/\/fullsolutions.info\/wp-content\/uploads\/2021\/07\/cropped-Design-sem-nome-300x193-1-e1627062664782.png","width":202,"height":155,"caption":"Full Solutions"},"image":{"@id":"https:\/\/fullsolutions.info\/#\/schema\/logo\/image\/"},"sameAs":["https:\/\/www.linkedin.com\/company\/full-solutions-equipment"]}]}},"_links":{"self":[{"href":"https:\/\/fullsolutions.info\/en\/wp-json\/wp\/v2\/product\/6316","targetHints":{"allow":["GET"]}}],"collection":[{"href":"https:\/\/fullsolutions.info\/en\/wp-json\/wp\/v2\/product"}],"about":[{"href":"https:\/\/fullsolutions.info\/en\/wp-json\/wp\/v2\/types\/product"}],"replies":[{"embeddable":true,"href":"https:\/\/fullsolutions.info\/en\/wp-json\/wp\/v2\/comments?post=6316"}],"wp:featuredmedia":[{"embeddable":true,"href":"https:\/\/fullsolutions.info\/en\/wp-json\/wp\/v2\/media\/6317"}],"wp:attachment":[{"href":"https:\/\/fullsolutions.info\/en\/wp-json\/wp\/v2\/media?parent=6316"}],"wp:term":[{"taxonomy":"product_brand","embeddable":true,"href":"https:\/\/fullsolutions.info\/en\/wp-json\/wp\/v2\/product_brand?post=6316"},{"taxonomy":"product_cat","embeddable":true,"href":"https:\/\/fullsolutions.info\/en\/wp-json\/wp\/v2\/product_cat?post=6316"},{"taxonomy":"product_tag","embeddable":true,"href":"https:\/\/fullsolutions.info\/en\/wp-json\/wp\/v2\/product_tag?post=6316"},{"taxonomy":"marca","embeddable":true,"href":"https:\/\/fullsolutions.info\/en\/wp-json\/wp\/v2\/marca?post=6316"}],"curies":[{"name":"wp","href":"https:\/\/api.w.org\/{rel}","templated":true}]}}