{"id":6312,"date":"2026-02-25T16:33:11","date_gmt":"2026-02-25T19:33:11","guid":{"rendered":"https:\/\/fullsolutions.info\/?post_type=product&#038;p=6312"},"modified":"2026-04-13T10:00:09","modified_gmt":"2026-04-13T13:00:09","slug":"amostrador-automatico-de-agua-liquisation-csf48","status":"publish","type":"product","link":"https:\/\/fullsolutions.info\/en\/product\/amostrador-automatico-de-agua-liquisation-csf48\/","title":{"rendered":"Liquisation CSF48 (Amostrador autom\u00e1tico de \u00e1gua)"},"content":{"rendered":"<p data-start=\"230\" data-end=\"502\">O <strong data-start=\"232\" data-end=\"276\">amostrador autom\u00e1tico Liquistation CSF48<\/strong> garante amostragem segura e simples em aplica\u00e7\u00f5es ambientais e industriais. O <strong data-start=\"355\" data-end=\"399\">amostrador autom\u00e1tico Liquistation CSF48<\/strong> atende \u00e0s normas internacionais de qualidade da \u00e1gua e conta com um sistema de refrigera\u00e7\u00e3o confi\u00e1vel.<\/p>\n<p data-start=\"504\" data-end=\"737\">Al\u00e9m disso, o equipamento possui estrutura resistente a vandalismo, protegendo as amostras em ambientes externos. A programa\u00e7\u00e3o guiada por menus facilita a opera\u00e7\u00e3o, enquanto a manuten\u00e7\u00e3o sem ferramentas reduz o tempo de interven\u00e7\u00e3o.<\/p>\n<p data-start=\"739\" data-end=\"963\">Tamb\u00e9m permite expans\u00e3o para uma esta\u00e7\u00e3o completa de medi\u00e7\u00e3o. Dessa forma, o usu\u00e1rio adapta o sistema \u00e0s demandas futuras e amplia o monitoramento ambiental com mais efici\u00eancia.<\/p>\n<hr data-start=\"763\" data-end=\"766\" \/>\n<h3 data-section-id=\"s7u0l0\" data-start=\"768\" data-end=\"786\"><span role=\"text\"><strong data-start=\"772\" data-end=\"786\">Aplica\u00e7\u00f5es<\/strong><\/span><\/h3>\n<p data-start=\"788\" data-end=\"842\">O Liquistation CSF48 atende diversas aplica\u00e7\u00f5es, como:<\/p>\n<p data-start=\"844\" data-end=\"915\"><strong data-start=\"844\" data-end=\"915\">Esta\u00e7\u00f5es de tratamento de \u00e1guas residuais municipais e industriais:<\/strong><\/p>\n<ul data-start=\"916\" data-end=\"1058\">\n<li data-section-id=\"1rnju15\" data-start=\"916\" data-end=\"958\">Realiza automonitoramento de processos<\/li>\n<li data-section-id=\"27mzvy\" data-start=\"959\" data-end=\"991\">Monitora etapas operacionais<\/li>\n<li data-section-id=\"1syt1ya\" data-start=\"992\" data-end=\"1024\">Controla descargas indiretas<\/li>\n<li data-section-id=\"c8whup\" data-start=\"1025\" data-end=\"1058\">Acompanha o sistema de esgoto<\/li>\n<\/ul>\n<p data-start=\"1060\" data-end=\"1106\"><strong data-start=\"1060\" data-end=\"1106\">Autoridades e gest\u00e3o de recursos h\u00eddricos:<\/strong><\/p>\n<ul data-start=\"1107\" data-end=\"1218\">\n<li data-section-id=\"1ru3uw8\" data-start=\"1107\" data-end=\"1137\">Avalia a qualidade da \u00e1gua<\/li>\n<li data-section-id=\"r1s708\" data-start=\"1138\" data-end=\"1175\">Apoia a\u00e7\u00f5es de prote\u00e7\u00e3o ambiental<\/li>\n<li data-section-id=\"1bfa8g\" data-start=\"1176\" data-end=\"1218\">Monitora descargas diretas e indiretas<\/li>\n<\/ul>","protected":false},"excerpt":{"rendered":"<p>O amostrador autom\u00e1tico Liquistation CSF48 garante amostragem segura e simples em aplica\u00e7\u00f5es ambientais e industriais. O amostrador autom\u00e1tico Liquistation CSF48 atende \u00e0s normas internacionais de qualidade da \u00e1gua e conta com um sistema de refrigera\u00e7\u00e3o confi\u00e1vel. Al\u00e9m disso, o equipamento possui estrutura resistente a vandalismo, protegendo as amostras em ambientes externos. A programa\u00e7\u00e3o guiada por menus facilita a opera\u00e7\u00e3o, enquanto a manuten\u00e7\u00e3o sem ferramentas reduz o tempo de interven\u00e7\u00e3o. Tamb\u00e9m permite expans\u00e3o para uma esta\u00e7\u00e3o completa de medi\u00e7\u00e3o. Dessa forma, o usu\u00e1rio adapta o sistema \u00e0s demandas futuras e amplia o monitoramento ambiental com mais efici\u00eancia. Aplica\u00e7\u00f5es O Liquistation CSF48 atende diversas aplica\u00e7\u00f5es, como: Esta\u00e7\u00f5es de tratamento de \u00e1guas residuais municipais e industriais: Realiza automonitoramento de processos Monitora etapas operacionais Controla descargas indiretas Acompanha o sistema de esgoto Autoridades e gest\u00e3o de recursos h\u00eddricos: Avalia a qualidade da \u00e1gua Apoia a\u00e7\u00f5es de prote\u00e7\u00e3o ambiental Monitora descargas diretas e indiretas<\/p>","protected":false},"featured_media":6319,"comment_status":"open","ping_status":"closed","template":"","meta":{"_joinchat":[]},"product_brand":[],"product_cat":[175],"product_tag":[],"marca":[147],"class_list":{"0":"post-6312","1":"product","2":"type-product","3":"status-publish","4":"has-post-thumbnail","6":"product_cat-medicao","7":"marca-endresshauser","9":"first","10":"instock","11":"shipping-taxable","12":"product-type-simple"},"yoast_head":"<!-- This site is optimized with the Yoast SEO plugin v27.2 - https:\/\/yoast.com\/product\/yoast-seo-wordpress\/ -->\n<title>Amostrador autom\u00e1tico Liquistation CSF48<\/title>\n<meta name=\"description\" content=\"Amostrador autom\u00e1tico de \u00e1gua Liquistation CSF48 para coleta precisa e program\u00e1vel, ideal para monitoramento ambiental com alta confiabilidade.\" \/>\n<meta name=\"robots\" content=\"index, follow, max-snippet:-1, max-image-preview:large, max-video-preview:-1\" \/>\n<link rel=\"canonical\" href=\"https:\/\/fullsolutions.info\/en\/product\/amostrador-automatico-de-agua-liquisation-csf48\/\" \/>\n<meta property=\"og:locale\" content=\"en_US\" \/>\n<meta property=\"og:type\" content=\"article\" \/>\n<meta property=\"og:title\" content=\"Amostrador autom\u00e1tico Liquistation CSF48\" \/>\n<meta property=\"og:description\" content=\"Amostrador autom\u00e1tico de \u00e1gua Liquistation CSF48 para coleta precisa e program\u00e1vel, ideal para monitoramento ambiental com alta confiabilidade.\" \/>\n<meta property=\"og:url\" content=\"https:\/\/fullsolutions.info\/en\/product\/amostrador-automatico-de-agua-liquisation-csf48\/\" \/>\n<meta property=\"og:site_name\" content=\"Full Solutions\" \/>\n<meta property=\"article:modified_time\" content=\"2026-04-13T13:00:09+00:00\" \/>\n<meta property=\"og:image\" content=\"https:\/\/mlhff0prgoxu.i.optimole.com\/cb:s0sM.767\/w:auto\/h:auto\/q:mauto\/f:best\/https:\/\/fullsolutions.info\/wp-content\/uploads\/2026\/02\/Liquistation_CSF48_PT-1.webp\" \/>\n\t<meta property=\"og:image:width\" content=\"549\" \/>\n\t<meta property=\"og:image:height\" content=\"533\" \/>\n\t<meta property=\"og:image:type\" content=\"image\/webp\" \/>\n<meta name=\"twitter:card\" content=\"summary_large_image\" \/>\n<meta name=\"twitter:label1\" content=\"Est. reading time\" \/>\n\t<meta name=\"twitter:data1\" content=\"2 minutes\" \/>\n<script type=\"application\/ld+json\" class=\"yoast-schema-graph\">{\"@context\":\"https:\/\/schema.org\",\"@graph\":[{\"@type\":\"WebPage\",\"@id\":\"https:\/\/fullsolutions.info\/produto\/amostrador-automatico-de-agua-liquisation-csf48\/\",\"url\":\"https:\/\/fullsolutions.info\/produto\/amostrador-automatico-de-agua-liquisation-csf48\/\",\"name\":\"Amostrador autom\u00e1tico Liquistation CSF48\",\"isPartOf\":{\"@id\":\"https:\/\/fullsolutions.info\/#website\"},\"primaryImageOfPage\":{\"@id\":\"https:\/\/fullsolutions.info\/produto\/amostrador-automatico-de-agua-liquisation-csf48\/#primaryimage\"},\"image\":{\"@id\":\"https:\/\/fullsolutions.info\/produto\/amostrador-automatico-de-agua-liquisation-csf48\/#primaryimage\"},\"thumbnailUrl\":\"https:\/\/mlhff0prgoxu.i.optimole.com\/cb:s0sM.767\/w:auto\/h:auto\/q:mauto\/f:best\/https:\/\/fullsolutions.info\/wp-content\/uploads\/2026\/02\/Liquistation_CSF48_PT-1.webp\",\"datePublished\":\"2026-02-25T19:33:11+00:00\",\"dateModified\":\"2026-04-13T13:00:09+00:00\",\"description\":\"Amostrador autom\u00e1tico de \u00e1gua Liquistation CSF48 para coleta precisa e program\u00e1vel, ideal para monitoramento ambiental com alta confiabilidade.\",\"breadcrumb\":{\"@id\":\"https:\/\/fullsolutions.info\/produto\/amostrador-automatico-de-agua-liquisation-csf48\/#breadcrumb\"},\"inLanguage\":\"en-US\",\"potentialAction\":[{\"@type\":\"ReadAction\",\"target\":[\"https:\/\/fullsolutions.info\/produto\/amostrador-automatico-de-agua-liquisation-csf48\/\"]}]},{\"@type\":\"ImageObject\",\"inLanguage\":\"en-US\",\"@id\":\"https:\/\/fullsolutions.info\/produto\/amostrador-automatico-de-agua-liquisation-csf48\/#primaryimage\",\"url\":\"https:\/\/mlhff0prgoxu.i.optimole.com\/cb:s0sM.767\/w:auto\/h:auto\/q:mauto\/f:best\/https:\/\/fullsolutions.info\/wp-content\/uploads\/2026\/02\/Liquistation_CSF48_PT-1.webp\",\"contentUrl\":\"https:\/\/mlhff0prgoxu.i.optimole.com\/cb:s0sM.767\/w:auto\/h:auto\/q:mauto\/f:best\/https:\/\/fullsolutions.info\/wp-content\/uploads\/2026\/02\/Liquistation_CSF48_PT-1.webp\",\"width\":549,\"height\":533},{\"@type\":\"BreadcrumbList\",\"@id\":\"https:\/\/fullsolutions.info\/produto\/amostrador-automatico-de-agua-liquisation-csf48\/#breadcrumb\",\"itemListElement\":[{\"@type\":\"ListItem\",\"position\":1,\"name\":\"In\u00edcio\",\"item\":\"https:\/\/fullsolutions.info\/\"},{\"@type\":\"ListItem\",\"position\":2,\"name\":\"Produtos\",\"item\":\"https:\/\/fullsolutions.info\/shop\/\"},{\"@type\":\"ListItem\",\"position\":3,\"name\":\"Liquisation CSF48 (Amostrador autom\u00e1tico de \u00e1gua)\"}]},{\"@type\":\"WebSite\",\"@id\":\"https:\/\/fullsolutions.info\/#website\",\"url\":\"https:\/\/fullsolutions.info\/\",\"name\":\"Full Solutions\",\"description\":\"Empresa na \u00c1rea de Procurement\",\"publisher\":{\"@id\":\"https:\/\/fullsolutions.info\/#organization\"},\"potentialAction\":[{\"@type\":\"SearchAction\",\"target\":{\"@type\":\"EntryPoint\",\"urlTemplate\":\"https:\/\/fullsolutions.info\/?s={search_term_string}\"},\"query-input\":{\"@type\":\"PropertyValueSpecification\",\"valueRequired\":true,\"valueName\":\"search_term_string\"}}],\"inLanguage\":\"en-US\"},{\"@type\":\"Organization\",\"@id\":\"https:\/\/fullsolutions.info\/#organization\",\"name\":\"Full Solutions\",\"url\":\"https:\/\/fullsolutions.info\/\",\"logo\":{\"@type\":\"ImageObject\",\"inLanguage\":\"en-US\",\"@id\":\"https:\/\/fullsolutions.info\/#\/schema\/logo\/image\/\",\"url\":\"https:\/\/mlhff0prgoxu.i.optimole.com\/cb:s0sM.767\/w:auto\/h:auto\/q:mauto\/f:best\/https:\/\/fullsolutions.info\/wp-content\/uploads\/2021\/07\/cropped-Design-sem-nome-300x193-1-e1627062664782.png\",\"contentUrl\":\"https:\/\/mlhff0prgoxu.i.optimole.com\/cb:s0sM.767\/w:auto\/h:auto\/q:mauto\/f:best\/https:\/\/fullsolutions.info\/wp-content\/uploads\/2021\/07\/cropped-Design-sem-nome-300x193-1-e1627062664782.png\",\"width\":202,\"height\":155,\"caption\":\"Full Solutions\"},\"image\":{\"@id\":\"https:\/\/fullsolutions.info\/#\/schema\/logo\/image\/\"},\"sameAs\":[\"https:\/\/www.linkedin.com\/company\/full-solutions-equipment\"]}]}<\/script>\n<!-- \/ Yoast SEO plugin. -->","yoast_head_json":{"title":"Amostrador autom\u00e1tico Liquistation CSF48","description":"Amostrador autom\u00e1tico de \u00e1gua Liquistation CSF48 para coleta precisa e program\u00e1vel, ideal para monitoramento ambiental com alta confiabilidade.","robots":{"index":"index","follow":"follow","max-snippet":"max-snippet:-1","max-image-preview":"max-image-preview:large","max-video-preview":"max-video-preview:-1"},"canonical":"https:\/\/fullsolutions.info\/en\/product\/amostrador-automatico-de-agua-liquisation-csf48\/","og_locale":"en_US","og_type":"article","og_title":"Amostrador autom\u00e1tico Liquistation CSF48","og_description":"Amostrador autom\u00e1tico de \u00e1gua Liquistation CSF48 para coleta precisa e program\u00e1vel, ideal para monitoramento ambiental com alta confiabilidade.","og_url":"https:\/\/fullsolutions.info\/en\/product\/amostrador-automatico-de-agua-liquisation-csf48\/","og_site_name":"Full Solutions","article_modified_time":"2026-04-13T13:00:09+00:00","og_image":[{"width":549,"height":533,"url":"https:\/\/mlhff0prgoxu.i.optimole.com\/cb:s0sM.767\/w:auto\/h:auto\/q:mauto\/f:best\/https:\/\/fullsolutions.info\/wp-content\/uploads\/2026\/02\/Liquistation_CSF48_PT-1.webp","type":"image\/webp"}],"twitter_card":"summary_large_image","twitter_misc":{"Est. reading time":"2 minutes"},"schema":{"@context":"https:\/\/schema.org","@graph":[{"@type":"WebPage","@id":"https:\/\/fullsolutions.info\/produto\/amostrador-automatico-de-agua-liquisation-csf48\/","url":"https:\/\/fullsolutions.info\/produto\/amostrador-automatico-de-agua-liquisation-csf48\/","name":"Amostrador autom\u00e1tico Liquistation CSF48","isPartOf":{"@id":"https:\/\/fullsolutions.info\/#website"},"primaryImageOfPage":{"@id":"https:\/\/fullsolutions.info\/produto\/amostrador-automatico-de-agua-liquisation-csf48\/#primaryimage"},"image":{"@id":"https:\/\/fullsolutions.info\/produto\/amostrador-automatico-de-agua-liquisation-csf48\/#primaryimage"},"thumbnailUrl":"https:\/\/mlhff0prgoxu.i.optimole.com\/cb:s0sM.767\/w:auto\/h:auto\/q:mauto\/f:best\/https:\/\/fullsolutions.info\/wp-content\/uploads\/2026\/02\/Liquistation_CSF48_PT-1.webp","datePublished":"2026-02-25T19:33:11+00:00","dateModified":"2026-04-13T13:00:09+00:00","description":"Amostrador autom\u00e1tico de \u00e1gua Liquistation CSF48 para coleta precisa e program\u00e1vel, ideal para monitoramento ambiental com alta confiabilidade.","breadcrumb":{"@id":"https:\/\/fullsolutions.info\/produto\/amostrador-automatico-de-agua-liquisation-csf48\/#breadcrumb"},"inLanguage":"en-US","potentialAction":[{"@type":"ReadAction","target":["https:\/\/fullsolutions.info\/produto\/amostrador-automatico-de-agua-liquisation-csf48\/"]}]},{"@type":"ImageObject","inLanguage":"en-US","@id":"https:\/\/fullsolutions.info\/produto\/amostrador-automatico-de-agua-liquisation-csf48\/#primaryimage","url":"https:\/\/mlhff0prgoxu.i.optimole.com\/cb:s0sM.767\/w:auto\/h:auto\/q:mauto\/f:best\/https:\/\/fullsolutions.info\/wp-content\/uploads\/2026\/02\/Liquistation_CSF48_PT-1.webp","contentUrl":"https:\/\/mlhff0prgoxu.i.optimole.com\/cb:s0sM.767\/w:auto\/h:auto\/q:mauto\/f:best\/https:\/\/fullsolutions.info\/wp-content\/uploads\/2026\/02\/Liquistation_CSF48_PT-1.webp","width":549,"height":533},{"@type":"BreadcrumbList","@id":"https:\/\/fullsolutions.info\/produto\/amostrador-automatico-de-agua-liquisation-csf48\/#breadcrumb","itemListElement":[{"@type":"ListItem","position":1,"name":"In\u00edcio","item":"https:\/\/fullsolutions.info\/"},{"@type":"ListItem","position":2,"name":"Produtos","item":"https:\/\/fullsolutions.info\/shop\/"},{"@type":"ListItem","position":3,"name":"Liquisation CSF48 (Amostrador autom\u00e1tico de \u00e1gua)"}]},{"@type":"WebSite","@id":"https:\/\/fullsolutions.info\/#website","url":"https:\/\/fullsolutions.info\/","name":"Full Solutions","description":"Empresa na \u00c1rea de Procurement","publisher":{"@id":"https:\/\/fullsolutions.info\/#organization"},"potentialAction":[{"@type":"SearchAction","target":{"@type":"EntryPoint","urlTemplate":"https:\/\/fullsolutions.info\/?s={search_term_string}"},"query-input":{"@type":"PropertyValueSpecification","valueRequired":true,"valueName":"search_term_string"}}],"inLanguage":"en-US"},{"@type":"Organization","@id":"https:\/\/fullsolutions.info\/#organization","name":"Full Solutions","url":"https:\/\/fullsolutions.info\/","logo":{"@type":"ImageObject","inLanguage":"en-US","@id":"https:\/\/fullsolutions.info\/#\/schema\/logo\/image\/","url":"https:\/\/mlhff0prgoxu.i.optimole.com\/cb:s0sM.767\/w:auto\/h:auto\/q:mauto\/f:best\/https:\/\/fullsolutions.info\/wp-content\/uploads\/2021\/07\/cropped-Design-sem-nome-300x193-1-e1627062664782.png","contentUrl":"https:\/\/mlhff0prgoxu.i.optimole.com\/cb:s0sM.767\/w:auto\/h:auto\/q:mauto\/f:best\/https:\/\/fullsolutions.info\/wp-content\/uploads\/2021\/07\/cropped-Design-sem-nome-300x193-1-e1627062664782.png","width":202,"height":155,"caption":"Full Solutions"},"image":{"@id":"https:\/\/fullsolutions.info\/#\/schema\/logo\/image\/"},"sameAs":["https:\/\/www.linkedin.com\/company\/full-solutions-equipment"]}]}},"_links":{"self":[{"href":"https:\/\/fullsolutions.info\/en\/wp-json\/wp\/v2\/product\/6312","targetHints":{"allow":["GET"]}}],"collection":[{"href":"https:\/\/fullsolutions.info\/en\/wp-json\/wp\/v2\/product"}],"about":[{"href":"https:\/\/fullsolutions.info\/en\/wp-json\/wp\/v2\/types\/product"}],"replies":[{"embeddable":true,"href":"https:\/\/fullsolutions.info\/en\/wp-json\/wp\/v2\/comments?post=6312"}],"wp:featuredmedia":[{"embeddable":true,"href":"https:\/\/fullsolutions.info\/en\/wp-json\/wp\/v2\/media\/6319"}],"wp:attachment":[{"href":"https:\/\/fullsolutions.info\/en\/wp-json\/wp\/v2\/media?parent=6312"}],"wp:term":[{"taxonomy":"product_brand","embeddable":true,"href":"https:\/\/fullsolutions.info\/en\/wp-json\/wp\/v2\/product_brand?post=6312"},{"taxonomy":"product_cat","embeddable":true,"href":"https:\/\/fullsolutions.info\/en\/wp-json\/wp\/v2\/product_cat?post=6312"},{"taxonomy":"product_tag","embeddable":true,"href":"https:\/\/fullsolutions.info\/en\/wp-json\/wp\/v2\/product_tag?post=6312"},{"taxonomy":"marca","embeddable":true,"href":"https:\/\/fullsolutions.info\/en\/wp-json\/wp\/v2\/marca?post=6312"}],"curies":[{"name":"wp","href":"https:\/\/api.w.org\/{rel}","templated":true}]}}