{"id":6310,"date":"2026-02-25T16:22:33","date_gmt":"2026-02-25T19:22:33","guid":{"rendered":"https:\/\/fullsolutions.info\/?post_type=product&#038;p=6310"},"modified":"2026-04-13T10:02:31","modified_gmt":"2026-04-13T13:02:31","slug":"monitor-de-fermentacao-qwx43","status":"publish","type":"product","link":"https:\/\/fullsolutions.info\/en\/product\/monitor-de-fermentacao-qwx43\/","title":{"rendered":"Monitor de fermenta\u00e7\u00e3o QWX43"},"content":{"rendered":"<p data-start=\"89\" data-end=\"387\">O monitor de fermenta\u00e7\u00e3o Endress+Hauser QWX43 instala-se diretamente no tanque de fermenta\u00e7\u00e3o e mede densidade, temperatura e velocidade ac\u00fastica. Al\u00e9m disso, o QWX43 calcula par\u00e2metros essenciais, como grau de fermenta\u00e7\u00e3o, extrato residual, teor alco\u00f3lico, a\u00e7\u00facares do mosto e taxa de fermenta\u00e7\u00e3o.<\/p>\n<p data-start=\"389\" data-end=\"550\">O sistema integra todos os valores medidos diretamente ao controle do processo. Dessa forma, o multissensor fornece medi\u00e7\u00f5es precisas e repet\u00edveis em tempo real.<\/p>\n<p data-start=\"552\" data-end=\"836\">Al\u00e9m disso, o sistema processa os dados no Netilion, o ecossistema IIoT da Endress+Hauser. Com o aplicativo Netilion, o usu\u00e1rio acompanha os processos de fermenta\u00e7\u00e3o por meio de um dispositivo conectado \u00e0 internet. Assim, o monitoramento ocorre em qualquer lugar e a qualquer momento.<\/p>","protected":false},"excerpt":{"rendered":"<p>O monitor de fermenta\u00e7\u00e3o Endress+Hauser QWX43 instala-se diretamente no tanque de fermenta\u00e7\u00e3o e mede densidade, temperatura e velocidade ac\u00fastica. Al\u00e9m disso, o QWX43 calcula par\u00e2metros essenciais, como grau de fermenta\u00e7\u00e3o, extrato residual, teor alco\u00f3lico, a\u00e7\u00facares do mosto e taxa de fermenta\u00e7\u00e3o. O sistema integra todos os valores medidos diretamente ao controle do processo. Dessa forma, o multissensor fornece medi\u00e7\u00f5es precisas e repet\u00edveis em tempo real. Al\u00e9m disso, o sistema processa os dados no Netilion, o ecossistema IIoT da Endress+Hauser. Com o aplicativo Netilion, o usu\u00e1rio acompanha os processos de fermenta\u00e7\u00e3o por meio de um dispositivo conectado \u00e0 internet. Assim, o monitoramento ocorre em qualquer lugar e a qualquer momento.<\/p>","protected":false},"featured_media":6311,"comment_status":"open","ping_status":"closed","template":"","meta":{"_joinchat":[]},"product_brand":[],"product_cat":[175],"product_tag":[],"marca":[147],"class_list":{"0":"post-6310","1":"product","2":"type-product","3":"status-publish","4":"has-post-thumbnail","6":"product_cat-medicao","7":"marca-endresshauser","9":"first","10":"instock","11":"shipping-taxable","12":"product-type-simple"},"yoast_head":"<!-- This site is optimized with the Yoast SEO plugin v27.2 - https:\/\/yoast.com\/product\/yoast-seo-wordpress\/ -->\n<title>Monitor de fermenta\u00e7\u00e3o QWX43 - Full Solutions<\/title>\n<meta name=\"description\" content=\"Monitor de fermenta\u00e7\u00e3o QWX43 para controle preciso de processos fermentativos, com medi\u00e7\u00e3o confi\u00e1vel e otimiza\u00e7\u00e3o da produ\u00e7\u00e3o em aplica\u00e7\u00f5es industriais e biotecnol\u00f3gicas.\" \/>\n<meta name=\"robots\" content=\"index, follow, max-snippet:-1, max-image-preview:large, max-video-preview:-1\" \/>\n<link rel=\"canonical\" href=\"https:\/\/fullsolutions.info\/en\/product\/monitor-de-fermentacao-qwx43\/\" \/>\n<meta property=\"og:locale\" content=\"en_US\" \/>\n<meta property=\"og:type\" content=\"article\" \/>\n<meta property=\"og:title\" content=\"Monitor de fermenta\u00e7\u00e3o QWX43 - Full Solutions\" \/>\n<meta property=\"og:description\" content=\"Monitor de fermenta\u00e7\u00e3o QWX43 para controle preciso de processos fermentativos, com medi\u00e7\u00e3o confi\u00e1vel e otimiza\u00e7\u00e3o da produ\u00e7\u00e3o em aplica\u00e7\u00f5es industriais e biotecnol\u00f3gicas.\" \/>\n<meta property=\"og:url\" content=\"https:\/\/fullsolutions.info\/en\/product\/monitor-de-fermentacao-qwx43\/\" \/>\n<meta property=\"og:site_name\" content=\"Full Solutions\" \/>\n<meta property=\"article:modified_time\" content=\"2026-04-13T13:02:31+00:00\" \/>\n<meta property=\"og:image\" content=\"https:\/\/mlhff0prgoxu.i.optimole.com\/cb:s0sM.767\/w:auto\/h:auto\/q:mauto\/f:best\/https:\/\/fullsolutions.info\/wp-content\/uploads\/2026\/02\/Monitor-de-fermentacao-QWX43.webp\" \/>\n\t<meta property=\"og:image:width\" content=\"549\" \/>\n\t<meta property=\"og:image:height\" content=\"533\" \/>\n\t<meta property=\"og:image:type\" content=\"image\/webp\" \/>\n<meta name=\"twitter:card\" content=\"summary_large_image\" \/>\n<meta name=\"twitter:label1\" content=\"Est. reading time\" \/>\n\t<meta name=\"twitter:data1\" content=\"1 minute\" \/>\n<script type=\"application\/ld+json\" class=\"yoast-schema-graph\">{\"@context\":\"https:\/\/schema.org\",\"@graph\":[{\"@type\":\"WebPage\",\"@id\":\"https:\/\/fullsolutions.info\/produto\/monitor-de-fermentacao-qwx43\/\",\"url\":\"https:\/\/fullsolutions.info\/produto\/monitor-de-fermentacao-qwx43\/\",\"name\":\"Monitor de fermenta\u00e7\u00e3o QWX43 - Full Solutions\",\"isPartOf\":{\"@id\":\"https:\/\/fullsolutions.info\/#website\"},\"primaryImageOfPage\":{\"@id\":\"https:\/\/fullsolutions.info\/produto\/monitor-de-fermentacao-qwx43\/#primaryimage\"},\"image\":{\"@id\":\"https:\/\/fullsolutions.info\/produto\/monitor-de-fermentacao-qwx43\/#primaryimage\"},\"thumbnailUrl\":\"https:\/\/mlhff0prgoxu.i.optimole.com\/cb:s0sM.767\/w:auto\/h:auto\/q:mauto\/f:best\/https:\/\/fullsolutions.info\/wp-content\/uploads\/2026\/02\/Monitor-de-fermentacao-QWX43.webp\",\"datePublished\":\"2026-02-25T19:22:33+00:00\",\"dateModified\":\"2026-04-13T13:02:31+00:00\",\"description\":\"Monitor de fermenta\u00e7\u00e3o QWX43 para controle preciso de processos fermentativos, com medi\u00e7\u00e3o confi\u00e1vel e otimiza\u00e7\u00e3o da produ\u00e7\u00e3o em aplica\u00e7\u00f5es industriais e biotecnol\u00f3gicas.\",\"breadcrumb\":{\"@id\":\"https:\/\/fullsolutions.info\/produto\/monitor-de-fermentacao-qwx43\/#breadcrumb\"},\"inLanguage\":\"en-US\",\"potentialAction\":[{\"@type\":\"ReadAction\",\"target\":[\"https:\/\/fullsolutions.info\/produto\/monitor-de-fermentacao-qwx43\/\"]}]},{\"@type\":\"ImageObject\",\"inLanguage\":\"en-US\",\"@id\":\"https:\/\/fullsolutions.info\/produto\/monitor-de-fermentacao-qwx43\/#primaryimage\",\"url\":\"https:\/\/mlhff0prgoxu.i.optimole.com\/cb:s0sM.767\/w:auto\/h:auto\/q:mauto\/f:best\/https:\/\/fullsolutions.info\/wp-content\/uploads\/2026\/02\/Monitor-de-fermentacao-QWX43.webp\",\"contentUrl\":\"https:\/\/mlhff0prgoxu.i.optimole.com\/cb:s0sM.767\/w:auto\/h:auto\/q:mauto\/f:best\/https:\/\/fullsolutions.info\/wp-content\/uploads\/2026\/02\/Monitor-de-fermentacao-QWX43.webp\",\"width\":549,\"height\":533},{\"@type\":\"BreadcrumbList\",\"@id\":\"https:\/\/fullsolutions.info\/produto\/monitor-de-fermentacao-qwx43\/#breadcrumb\",\"itemListElement\":[{\"@type\":\"ListItem\",\"position\":1,\"name\":\"In\u00edcio\",\"item\":\"https:\/\/fullsolutions.info\/\"},{\"@type\":\"ListItem\",\"position\":2,\"name\":\"Produtos\",\"item\":\"https:\/\/fullsolutions.info\/shop\/\"},{\"@type\":\"ListItem\",\"position\":3,\"name\":\"Monitor de fermenta\u00e7\u00e3o QWX43\"}]},{\"@type\":\"WebSite\",\"@id\":\"https:\/\/fullsolutions.info\/#website\",\"url\":\"https:\/\/fullsolutions.info\/\",\"name\":\"Full Solutions\",\"description\":\"Empresa na \u00c1rea de Procurement\",\"publisher\":{\"@id\":\"https:\/\/fullsolutions.info\/#organization\"},\"potentialAction\":[{\"@type\":\"SearchAction\",\"target\":{\"@type\":\"EntryPoint\",\"urlTemplate\":\"https:\/\/fullsolutions.info\/?s={search_term_string}\"},\"query-input\":{\"@type\":\"PropertyValueSpecification\",\"valueRequired\":true,\"valueName\":\"search_term_string\"}}],\"inLanguage\":\"en-US\"},{\"@type\":\"Organization\",\"@id\":\"https:\/\/fullsolutions.info\/#organization\",\"name\":\"Full Solutions\",\"url\":\"https:\/\/fullsolutions.info\/\",\"logo\":{\"@type\":\"ImageObject\",\"inLanguage\":\"en-US\",\"@id\":\"https:\/\/fullsolutions.info\/#\/schema\/logo\/image\/\",\"url\":\"https:\/\/mlhff0prgoxu.i.optimole.com\/cb:s0sM.767\/w:auto\/h:auto\/q:mauto\/f:best\/https:\/\/fullsolutions.info\/wp-content\/uploads\/2021\/07\/cropped-Design-sem-nome-300x193-1-e1627062664782.png\",\"contentUrl\":\"https:\/\/mlhff0prgoxu.i.optimole.com\/cb:s0sM.767\/w:auto\/h:auto\/q:mauto\/f:best\/https:\/\/fullsolutions.info\/wp-content\/uploads\/2021\/07\/cropped-Design-sem-nome-300x193-1-e1627062664782.png\",\"width\":202,\"height\":155,\"caption\":\"Full Solutions\"},\"image\":{\"@id\":\"https:\/\/fullsolutions.info\/#\/schema\/logo\/image\/\"},\"sameAs\":[\"https:\/\/www.linkedin.com\/company\/full-solutions-equipment\"]}]}<\/script>\n<!-- \/ Yoast SEO plugin. -->","yoast_head_json":{"title":"Monitor de fermenta\u00e7\u00e3o QWX43 - Full Solutions","description":"Monitor de fermenta\u00e7\u00e3o QWX43 para controle preciso de processos fermentativos, com medi\u00e7\u00e3o confi\u00e1vel e otimiza\u00e7\u00e3o da produ\u00e7\u00e3o em aplica\u00e7\u00f5es industriais e biotecnol\u00f3gicas.","robots":{"index":"index","follow":"follow","max-snippet":"max-snippet:-1","max-image-preview":"max-image-preview:large","max-video-preview":"max-video-preview:-1"},"canonical":"https:\/\/fullsolutions.info\/en\/product\/monitor-de-fermentacao-qwx43\/","og_locale":"en_US","og_type":"article","og_title":"Monitor de fermenta\u00e7\u00e3o QWX43 - Full Solutions","og_description":"Monitor de fermenta\u00e7\u00e3o QWX43 para controle preciso de processos fermentativos, com medi\u00e7\u00e3o confi\u00e1vel e otimiza\u00e7\u00e3o da produ\u00e7\u00e3o em aplica\u00e7\u00f5es industriais e biotecnol\u00f3gicas.","og_url":"https:\/\/fullsolutions.info\/en\/product\/monitor-de-fermentacao-qwx43\/","og_site_name":"Full Solutions","article_modified_time":"2026-04-13T13:02:31+00:00","og_image":[{"width":549,"height":533,"url":"https:\/\/mlhff0prgoxu.i.optimole.com\/cb:s0sM.767\/w:auto\/h:auto\/q:mauto\/f:best\/https:\/\/fullsolutions.info\/wp-content\/uploads\/2026\/02\/Monitor-de-fermentacao-QWX43.webp","type":"image\/webp"}],"twitter_card":"summary_large_image","twitter_misc":{"Est. reading time":"1 minute"},"schema":{"@context":"https:\/\/schema.org","@graph":[{"@type":"WebPage","@id":"https:\/\/fullsolutions.info\/produto\/monitor-de-fermentacao-qwx43\/","url":"https:\/\/fullsolutions.info\/produto\/monitor-de-fermentacao-qwx43\/","name":"Monitor de fermenta\u00e7\u00e3o QWX43 - Full Solutions","isPartOf":{"@id":"https:\/\/fullsolutions.info\/#website"},"primaryImageOfPage":{"@id":"https:\/\/fullsolutions.info\/produto\/monitor-de-fermentacao-qwx43\/#primaryimage"},"image":{"@id":"https:\/\/fullsolutions.info\/produto\/monitor-de-fermentacao-qwx43\/#primaryimage"},"thumbnailUrl":"https:\/\/mlhff0prgoxu.i.optimole.com\/cb:s0sM.767\/w:auto\/h:auto\/q:mauto\/f:best\/https:\/\/fullsolutions.info\/wp-content\/uploads\/2026\/02\/Monitor-de-fermentacao-QWX43.webp","datePublished":"2026-02-25T19:22:33+00:00","dateModified":"2026-04-13T13:02:31+00:00","description":"Monitor de fermenta\u00e7\u00e3o QWX43 para controle preciso de processos fermentativos, com medi\u00e7\u00e3o confi\u00e1vel e otimiza\u00e7\u00e3o da produ\u00e7\u00e3o em aplica\u00e7\u00f5es industriais e biotecnol\u00f3gicas.","breadcrumb":{"@id":"https:\/\/fullsolutions.info\/produto\/monitor-de-fermentacao-qwx43\/#breadcrumb"},"inLanguage":"en-US","potentialAction":[{"@type":"ReadAction","target":["https:\/\/fullsolutions.info\/produto\/monitor-de-fermentacao-qwx43\/"]}]},{"@type":"ImageObject","inLanguage":"en-US","@id":"https:\/\/fullsolutions.info\/produto\/monitor-de-fermentacao-qwx43\/#primaryimage","url":"https:\/\/mlhff0prgoxu.i.optimole.com\/cb:s0sM.767\/w:auto\/h:auto\/q:mauto\/f:best\/https:\/\/fullsolutions.info\/wp-content\/uploads\/2026\/02\/Monitor-de-fermentacao-QWX43.webp","contentUrl":"https:\/\/mlhff0prgoxu.i.optimole.com\/cb:s0sM.767\/w:auto\/h:auto\/q:mauto\/f:best\/https:\/\/fullsolutions.info\/wp-content\/uploads\/2026\/02\/Monitor-de-fermentacao-QWX43.webp","width":549,"height":533},{"@type":"BreadcrumbList","@id":"https:\/\/fullsolutions.info\/produto\/monitor-de-fermentacao-qwx43\/#breadcrumb","itemListElement":[{"@type":"ListItem","position":1,"name":"In\u00edcio","item":"https:\/\/fullsolutions.info\/"},{"@type":"ListItem","position":2,"name":"Produtos","item":"https:\/\/fullsolutions.info\/shop\/"},{"@type":"ListItem","position":3,"name":"Monitor de fermenta\u00e7\u00e3o QWX43"}]},{"@type":"WebSite","@id":"https:\/\/fullsolutions.info\/#website","url":"https:\/\/fullsolutions.info\/","name":"Full Solutions","description":"Empresa na \u00c1rea de Procurement","publisher":{"@id":"https:\/\/fullsolutions.info\/#organization"},"potentialAction":[{"@type":"SearchAction","target":{"@type":"EntryPoint","urlTemplate":"https:\/\/fullsolutions.info\/?s={search_term_string}"},"query-input":{"@type":"PropertyValueSpecification","valueRequired":true,"valueName":"search_term_string"}}],"inLanguage":"en-US"},{"@type":"Organization","@id":"https:\/\/fullsolutions.info\/#organization","name":"Full Solutions","url":"https:\/\/fullsolutions.info\/","logo":{"@type":"ImageObject","inLanguage":"en-US","@id":"https:\/\/fullsolutions.info\/#\/schema\/logo\/image\/","url":"https:\/\/mlhff0prgoxu.i.optimole.com\/cb:s0sM.767\/w:auto\/h:auto\/q:mauto\/f:best\/https:\/\/fullsolutions.info\/wp-content\/uploads\/2021\/07\/cropped-Design-sem-nome-300x193-1-e1627062664782.png","contentUrl":"https:\/\/mlhff0prgoxu.i.optimole.com\/cb:s0sM.767\/w:auto\/h:auto\/q:mauto\/f:best\/https:\/\/fullsolutions.info\/wp-content\/uploads\/2021\/07\/cropped-Design-sem-nome-300x193-1-e1627062664782.png","width":202,"height":155,"caption":"Full Solutions"},"image":{"@id":"https:\/\/fullsolutions.info\/#\/schema\/logo\/image\/"},"sameAs":["https:\/\/www.linkedin.com\/company\/full-solutions-equipment"]}]}},"_links":{"self":[{"href":"https:\/\/fullsolutions.info\/en\/wp-json\/wp\/v2\/product\/6310","targetHints":{"allow":["GET"]}}],"collection":[{"href":"https:\/\/fullsolutions.info\/en\/wp-json\/wp\/v2\/product"}],"about":[{"href":"https:\/\/fullsolutions.info\/en\/wp-json\/wp\/v2\/types\/product"}],"replies":[{"embeddable":true,"href":"https:\/\/fullsolutions.info\/en\/wp-json\/wp\/v2\/comments?post=6310"}],"wp:featuredmedia":[{"embeddable":true,"href":"https:\/\/fullsolutions.info\/en\/wp-json\/wp\/v2\/media\/6311"}],"wp:attachment":[{"href":"https:\/\/fullsolutions.info\/en\/wp-json\/wp\/v2\/media?parent=6310"}],"wp:term":[{"taxonomy":"product_brand","embeddable":true,"href":"https:\/\/fullsolutions.info\/en\/wp-json\/wp\/v2\/product_brand?post=6310"},{"taxonomy":"product_cat","embeddable":true,"href":"https:\/\/fullsolutions.info\/en\/wp-json\/wp\/v2\/product_cat?post=6310"},{"taxonomy":"product_tag","embeddable":true,"href":"https:\/\/fullsolutions.info\/en\/wp-json\/wp\/v2\/product_tag?post=6310"},{"taxonomy":"marca","embeddable":true,"href":"https:\/\/fullsolutions.info\/en\/wp-json\/wp\/v2\/marca?post=6310"}],"curies":[{"name":"wp","href":"https:\/\/api.w.org\/{rel}","templated":true}]}}