{"id":6308,"date":"2026-02-25T16:14:19","date_gmt":"2026-02-25T19:14:19","guid":{"rendered":"https:\/\/fullsolutions.info\/?post_type=product&#038;p=6308"},"modified":"2026-04-13T10:41:16","modified_gmt":"2026-04-13T13:41:16","slug":"cleanfit-cpa875-conjunto-retratil-manual-ou-automatico","status":"publish","type":"product","link":"https:\/\/fullsolutions.info\/en\/product\/cleanfit-cpa875-conjunto-retratil-manual-ou-automatico\/","title":{"rendered":"Cleanfit CPA875 &#8211; Conjunto retr\u00e1til manual ou autom\u00e1tico"},"content":{"rendered":"<h3 class=\"eh-headline-03 eh-p-b eh-m-t-xxlg\">Campo de aplica\u00e7\u00e3o<\/h3>\n<p class=\"eh-p-v\"><span dir=\"auto\">Totalmente esteriliz\u00e1vel, o conjunto retr\u00e1til Cleanfit CPA875 garante m\u00e1xima prote\u00e7\u00e3o contra contamina\u00e7\u00e3o, sendo ideal para uso nas \u00e1reas de ci\u00eancias biol\u00f3gicas e alimentos e bebidas. Com certifica\u00e7\u00e3o completa (EHEDG e ASME BPE) e fabricado com materiais recomendados pelo FDA, o CPA875 \u00e9 a escolha certa onde a higiene \u00e9 fundamental!<\/span><\/p>\n<div class=\"eh-p-b-lg\"><\/div>\n<div class=\"eh-rich-content-content\">\n<p class=\"eh-generic--text\"><span dir=\"auto\">O Cleanfit CPA875 \u00e9 um conjunto retr\u00e1til para sensores de pH, ORP, oxig\u00eanio e NIR com di\u00e2metro de 12 mm e comprimento de 225\/360 mm.<\/span><\/p>\n<p class=\"eh-generic--text\"><span dir=\"auto\">Foi desenvolvido para garantir a m\u00e1xima seguran\u00e7a em:<\/span><\/p>\n<ul class=\"eh-list-01 eh-generic--list\">\n<li class=\"eh-list--item\">\n<p class=\"eh-generic--text\"><span dir=\"auto\">Alimentos e bebidas<\/span><\/p>\n<\/li>\n<li class=\"eh-list--item\">\n<p class=\"eh-generic--text\"><span dir=\"auto\">Biotecnologia<\/span><\/p>\n<\/li>\n<li class=\"eh-list--item\">\n<p class=\"eh-generic--text\"><span dir=\"auto\">Ci\u00eancias da vida<\/span><\/p>\n<\/li>\n<li class=\"eh-list--item\">\n<p class=\"eh-generic--text\"><span dir=\"auto\">Produtos qu\u00edmicos especiais<\/span><\/p>\n<\/li>\n<\/ul>\n<\/div>","protected":false},"excerpt":{"rendered":"<p>Campo de aplica\u00e7\u00e3o Totalmente esteriliz\u00e1vel, o conjunto retr\u00e1til Cleanfit CPA875 garante m\u00e1xima prote\u00e7\u00e3o contra contamina\u00e7\u00e3o, sendo ideal para uso nas \u00e1reas de ci\u00eancias biol\u00f3gicas e alimentos e bebidas. Com certifica\u00e7\u00e3o completa (EHEDG e ASME BPE) e fabricado com materiais recomendados pelo FDA, o CPA875 \u00e9 a escolha certa onde a higiene \u00e9 fundamental! O Cleanfit CPA875 \u00e9 um conjunto retr\u00e1til para sensores de pH, ORP, oxig\u00eanio e NIR com di\u00e2metro de 12 mm e comprimento de 225\/360 mm. Foi desenvolvido para garantir a m\u00e1xima seguran\u00e7a em: Alimentos e bebidas Biotecnologia Ci\u00eancias da vida Produtos qu\u00edmicos especiais<\/p>","protected":false},"featured_media":6309,"comment_status":"open","ping_status":"closed","template":"","meta":{"_joinchat":[]},"product_brand":[],"product_cat":[175],"product_tag":[],"marca":[147],"class_list":{"0":"post-6308","1":"product","2":"type-product","3":"status-publish","4":"has-post-thumbnail","6":"product_cat-medicao","7":"marca-endresshauser","9":"first","10":"instock","11":"shipping-taxable","12":"product-type-simple"},"yoast_head":"<!-- This site is optimized with the Yoast SEO plugin v27.2 - https:\/\/yoast.com\/product\/yoast-seo-wordpress\/ -->\n<title>Cleanfit CPA875 - Conjunto retr\u00e1til manual ou autom\u00e1tico - Full Solutions<\/title>\n<meta name=\"description\" content=\"Cleanfit CPA875 \u00e9 um suporte retr\u00e1til para sensores de processo, ideal para limpeza e calibra\u00e7\u00e3o sem interrup\u00e7\u00e3o em aplica\u00e7\u00f5es industriais.\" \/>\n<meta name=\"robots\" content=\"index, follow, max-snippet:-1, max-image-preview:large, max-video-preview:-1\" \/>\n<link rel=\"canonical\" href=\"https:\/\/fullsolutions.info\/en\/product\/cleanfit-cpa875-conjunto-retratil-manual-ou-automatico\/\" \/>\n<meta property=\"og:locale\" content=\"en_US\" \/>\n<meta property=\"og:type\" content=\"article\" \/>\n<meta property=\"og:title\" content=\"Cleanfit CPA875 - Conjunto retr\u00e1til manual ou autom\u00e1tico - Full Solutions\" \/>\n<meta property=\"og:description\" content=\"Cleanfit CPA875 \u00e9 um suporte retr\u00e1til para sensores de processo, ideal para limpeza e calibra\u00e7\u00e3o sem interrup\u00e7\u00e3o em aplica\u00e7\u00f5es industriais.\" \/>\n<meta property=\"og:url\" content=\"https:\/\/fullsolutions.info\/en\/product\/cleanfit-cpa875-conjunto-retratil-manual-ou-automatico\/\" \/>\n<meta property=\"og:site_name\" content=\"Full Solutions\" \/>\n<meta property=\"article:modified_time\" content=\"2026-04-13T13:41:16+00:00\" \/>\n<meta property=\"og:image\" content=\"https:\/\/mlhff0prgoxu.i.optimole.com\/cb:s0sM.767\/w:auto\/h:auto\/q:mauto\/f:best\/https:\/\/fullsolutions.info\/wp-content\/uploads\/2026\/02\/Conjunto-retratil-manual-ou-automatico-Cleanfit-CPA875.webp\" \/>\n\t<meta property=\"og:image:width\" content=\"549\" \/>\n\t<meta property=\"og:image:height\" content=\"533\" \/>\n\t<meta property=\"og:image:type\" content=\"image\/webp\" \/>\n<meta name=\"twitter:card\" content=\"summary_large_image\" \/>\n<meta name=\"twitter:label1\" content=\"Est. reading time\" \/>\n\t<meta name=\"twitter:data1\" content=\"1 minute\" \/>\n<script type=\"application\/ld+json\" class=\"yoast-schema-graph\">{\"@context\":\"https:\/\/schema.org\",\"@graph\":[{\"@type\":\"WebPage\",\"@id\":\"https:\/\/fullsolutions.info\/produto\/cleanfit-cpa875-conjunto-retratil-manual-ou-automatico\/\",\"url\":\"https:\/\/fullsolutions.info\/produto\/cleanfit-cpa875-conjunto-retratil-manual-ou-automatico\/\",\"name\":\"Cleanfit CPA875 - Conjunto retr\u00e1til manual ou autom\u00e1tico - Full Solutions\",\"isPartOf\":{\"@id\":\"https:\/\/fullsolutions.info\/#website\"},\"primaryImageOfPage\":{\"@id\":\"https:\/\/fullsolutions.info\/produto\/cleanfit-cpa875-conjunto-retratil-manual-ou-automatico\/#primaryimage\"},\"image\":{\"@id\":\"https:\/\/fullsolutions.info\/produto\/cleanfit-cpa875-conjunto-retratil-manual-ou-automatico\/#primaryimage\"},\"thumbnailUrl\":\"https:\/\/mlhff0prgoxu.i.optimole.com\/cb:s0sM.767\/w:auto\/h:auto\/q:mauto\/f:best\/https:\/\/fullsolutions.info\/wp-content\/uploads\/2026\/02\/Conjunto-retratil-manual-ou-automatico-Cleanfit-CPA875.webp\",\"datePublished\":\"2026-02-25T19:14:19+00:00\",\"dateModified\":\"2026-04-13T13:41:16+00:00\",\"description\":\"Cleanfit CPA875 \u00e9 um suporte retr\u00e1til para sensores de processo, ideal para limpeza e calibra\u00e7\u00e3o sem interrup\u00e7\u00e3o em aplica\u00e7\u00f5es industriais.\",\"breadcrumb\":{\"@id\":\"https:\/\/fullsolutions.info\/produto\/cleanfit-cpa875-conjunto-retratil-manual-ou-automatico\/#breadcrumb\"},\"inLanguage\":\"en-US\",\"potentialAction\":[{\"@type\":\"ReadAction\",\"target\":[\"https:\/\/fullsolutions.info\/produto\/cleanfit-cpa875-conjunto-retratil-manual-ou-automatico\/\"]}]},{\"@type\":\"ImageObject\",\"inLanguage\":\"en-US\",\"@id\":\"https:\/\/fullsolutions.info\/produto\/cleanfit-cpa875-conjunto-retratil-manual-ou-automatico\/#primaryimage\",\"url\":\"https:\/\/mlhff0prgoxu.i.optimole.com\/cb:s0sM.767\/w:auto\/h:auto\/q:mauto\/f:best\/https:\/\/fullsolutions.info\/wp-content\/uploads\/2026\/02\/Conjunto-retratil-manual-ou-automatico-Cleanfit-CPA875.webp\",\"contentUrl\":\"https:\/\/mlhff0prgoxu.i.optimole.com\/cb:s0sM.767\/w:auto\/h:auto\/q:mauto\/f:best\/https:\/\/fullsolutions.info\/wp-content\/uploads\/2026\/02\/Conjunto-retratil-manual-ou-automatico-Cleanfit-CPA875.webp\",\"width\":549,\"height\":533},{\"@type\":\"BreadcrumbList\",\"@id\":\"https:\/\/fullsolutions.info\/produto\/cleanfit-cpa875-conjunto-retratil-manual-ou-automatico\/#breadcrumb\",\"itemListElement\":[{\"@type\":\"ListItem\",\"position\":1,\"name\":\"In\u00edcio\",\"item\":\"https:\/\/fullsolutions.info\/\"},{\"@type\":\"ListItem\",\"position\":2,\"name\":\"Produtos\",\"item\":\"https:\/\/fullsolutions.info\/shop\/\"},{\"@type\":\"ListItem\",\"position\":3,\"name\":\"Cleanfit CPA875 &#8211; Conjunto retr\u00e1til manual ou autom\u00e1tico\"}]},{\"@type\":\"WebSite\",\"@id\":\"https:\/\/fullsolutions.info\/#website\",\"url\":\"https:\/\/fullsolutions.info\/\",\"name\":\"Full Solutions\",\"description\":\"Empresa na \u00c1rea de Procurement\",\"publisher\":{\"@id\":\"https:\/\/fullsolutions.info\/#organization\"},\"potentialAction\":[{\"@type\":\"SearchAction\",\"target\":{\"@type\":\"EntryPoint\",\"urlTemplate\":\"https:\/\/fullsolutions.info\/?s={search_term_string}\"},\"query-input\":{\"@type\":\"PropertyValueSpecification\",\"valueRequired\":true,\"valueName\":\"search_term_string\"}}],\"inLanguage\":\"en-US\"},{\"@type\":\"Organization\",\"@id\":\"https:\/\/fullsolutions.info\/#organization\",\"name\":\"Full Solutions\",\"url\":\"https:\/\/fullsolutions.info\/\",\"logo\":{\"@type\":\"ImageObject\",\"inLanguage\":\"en-US\",\"@id\":\"https:\/\/fullsolutions.info\/#\/schema\/logo\/image\/\",\"url\":\"https:\/\/mlhff0prgoxu.i.optimole.com\/cb:s0sM.767\/w:auto\/h:auto\/q:mauto\/f:best\/https:\/\/fullsolutions.info\/wp-content\/uploads\/2021\/07\/cropped-Design-sem-nome-300x193-1-e1627062664782.png\",\"contentUrl\":\"https:\/\/mlhff0prgoxu.i.optimole.com\/cb:s0sM.767\/w:auto\/h:auto\/q:mauto\/f:best\/https:\/\/fullsolutions.info\/wp-content\/uploads\/2021\/07\/cropped-Design-sem-nome-300x193-1-e1627062664782.png\",\"width\":202,\"height\":155,\"caption\":\"Full Solutions\"},\"image\":{\"@id\":\"https:\/\/fullsolutions.info\/#\/schema\/logo\/image\/\"},\"sameAs\":[\"https:\/\/www.linkedin.com\/company\/full-solutions-equipment\"]}]}<\/script>\n<!-- \/ Yoast SEO plugin. -->","yoast_head_json":{"title":"Cleanfit CPA875 - Conjunto retr\u00e1til manual ou autom\u00e1tico - Full Solutions","description":"Cleanfit CPA875 \u00e9 um suporte retr\u00e1til para sensores de processo, ideal para limpeza e calibra\u00e7\u00e3o sem interrup\u00e7\u00e3o em aplica\u00e7\u00f5es industriais.","robots":{"index":"index","follow":"follow","max-snippet":"max-snippet:-1","max-image-preview":"max-image-preview:large","max-video-preview":"max-video-preview:-1"},"canonical":"https:\/\/fullsolutions.info\/en\/product\/cleanfit-cpa875-conjunto-retratil-manual-ou-automatico\/","og_locale":"en_US","og_type":"article","og_title":"Cleanfit CPA875 - Conjunto retr\u00e1til manual ou autom\u00e1tico - Full Solutions","og_description":"Cleanfit CPA875 \u00e9 um suporte retr\u00e1til para sensores de processo, ideal para limpeza e calibra\u00e7\u00e3o sem interrup\u00e7\u00e3o em aplica\u00e7\u00f5es industriais.","og_url":"https:\/\/fullsolutions.info\/en\/product\/cleanfit-cpa875-conjunto-retratil-manual-ou-automatico\/","og_site_name":"Full Solutions","article_modified_time":"2026-04-13T13:41:16+00:00","og_image":[{"width":549,"height":533,"url":"https:\/\/mlhff0prgoxu.i.optimole.com\/cb:s0sM.767\/w:auto\/h:auto\/q:mauto\/f:best\/https:\/\/fullsolutions.info\/wp-content\/uploads\/2026\/02\/Conjunto-retratil-manual-ou-automatico-Cleanfit-CPA875.webp","type":"image\/webp"}],"twitter_card":"summary_large_image","twitter_misc":{"Est. reading time":"1 minute"},"schema":{"@context":"https:\/\/schema.org","@graph":[{"@type":"WebPage","@id":"https:\/\/fullsolutions.info\/produto\/cleanfit-cpa875-conjunto-retratil-manual-ou-automatico\/","url":"https:\/\/fullsolutions.info\/produto\/cleanfit-cpa875-conjunto-retratil-manual-ou-automatico\/","name":"Cleanfit CPA875 - Conjunto retr\u00e1til manual ou autom\u00e1tico - Full Solutions","isPartOf":{"@id":"https:\/\/fullsolutions.info\/#website"},"primaryImageOfPage":{"@id":"https:\/\/fullsolutions.info\/produto\/cleanfit-cpa875-conjunto-retratil-manual-ou-automatico\/#primaryimage"},"image":{"@id":"https:\/\/fullsolutions.info\/produto\/cleanfit-cpa875-conjunto-retratil-manual-ou-automatico\/#primaryimage"},"thumbnailUrl":"https:\/\/mlhff0prgoxu.i.optimole.com\/cb:s0sM.767\/w:auto\/h:auto\/q:mauto\/f:best\/https:\/\/fullsolutions.info\/wp-content\/uploads\/2026\/02\/Conjunto-retratil-manual-ou-automatico-Cleanfit-CPA875.webp","datePublished":"2026-02-25T19:14:19+00:00","dateModified":"2026-04-13T13:41:16+00:00","description":"Cleanfit CPA875 \u00e9 um suporte retr\u00e1til para sensores de processo, ideal para limpeza e calibra\u00e7\u00e3o sem interrup\u00e7\u00e3o em aplica\u00e7\u00f5es industriais.","breadcrumb":{"@id":"https:\/\/fullsolutions.info\/produto\/cleanfit-cpa875-conjunto-retratil-manual-ou-automatico\/#breadcrumb"},"inLanguage":"en-US","potentialAction":[{"@type":"ReadAction","target":["https:\/\/fullsolutions.info\/produto\/cleanfit-cpa875-conjunto-retratil-manual-ou-automatico\/"]}]},{"@type":"ImageObject","inLanguage":"en-US","@id":"https:\/\/fullsolutions.info\/produto\/cleanfit-cpa875-conjunto-retratil-manual-ou-automatico\/#primaryimage","url":"https:\/\/mlhff0prgoxu.i.optimole.com\/cb:s0sM.767\/w:auto\/h:auto\/q:mauto\/f:best\/https:\/\/fullsolutions.info\/wp-content\/uploads\/2026\/02\/Conjunto-retratil-manual-ou-automatico-Cleanfit-CPA875.webp","contentUrl":"https:\/\/mlhff0prgoxu.i.optimole.com\/cb:s0sM.767\/w:auto\/h:auto\/q:mauto\/f:best\/https:\/\/fullsolutions.info\/wp-content\/uploads\/2026\/02\/Conjunto-retratil-manual-ou-automatico-Cleanfit-CPA875.webp","width":549,"height":533},{"@type":"BreadcrumbList","@id":"https:\/\/fullsolutions.info\/produto\/cleanfit-cpa875-conjunto-retratil-manual-ou-automatico\/#breadcrumb","itemListElement":[{"@type":"ListItem","position":1,"name":"In\u00edcio","item":"https:\/\/fullsolutions.info\/"},{"@type":"ListItem","position":2,"name":"Produtos","item":"https:\/\/fullsolutions.info\/shop\/"},{"@type":"ListItem","position":3,"name":"Cleanfit CPA875 &#8211; Conjunto retr\u00e1til manual ou autom\u00e1tico"}]},{"@type":"WebSite","@id":"https:\/\/fullsolutions.info\/#website","url":"https:\/\/fullsolutions.info\/","name":"Full Solutions","description":"Empresa na \u00c1rea de Procurement","publisher":{"@id":"https:\/\/fullsolutions.info\/#organization"},"potentialAction":[{"@type":"SearchAction","target":{"@type":"EntryPoint","urlTemplate":"https:\/\/fullsolutions.info\/?s={search_term_string}"},"query-input":{"@type":"PropertyValueSpecification","valueRequired":true,"valueName":"search_term_string"}}],"inLanguage":"en-US"},{"@type":"Organization","@id":"https:\/\/fullsolutions.info\/#organization","name":"Full Solutions","url":"https:\/\/fullsolutions.info\/","logo":{"@type":"ImageObject","inLanguage":"en-US","@id":"https:\/\/fullsolutions.info\/#\/schema\/logo\/image\/","url":"https:\/\/mlhff0prgoxu.i.optimole.com\/cb:s0sM.767\/w:auto\/h:auto\/q:mauto\/f:best\/https:\/\/fullsolutions.info\/wp-content\/uploads\/2021\/07\/cropped-Design-sem-nome-300x193-1-e1627062664782.png","contentUrl":"https:\/\/mlhff0prgoxu.i.optimole.com\/cb:s0sM.767\/w:auto\/h:auto\/q:mauto\/f:best\/https:\/\/fullsolutions.info\/wp-content\/uploads\/2021\/07\/cropped-Design-sem-nome-300x193-1-e1627062664782.png","width":202,"height":155,"caption":"Full Solutions"},"image":{"@id":"https:\/\/fullsolutions.info\/#\/schema\/logo\/image\/"},"sameAs":["https:\/\/www.linkedin.com\/company\/full-solutions-equipment"]}]}},"_links":{"self":[{"href":"https:\/\/fullsolutions.info\/en\/wp-json\/wp\/v2\/product\/6308","targetHints":{"allow":["GET"]}}],"collection":[{"href":"https:\/\/fullsolutions.info\/en\/wp-json\/wp\/v2\/product"}],"about":[{"href":"https:\/\/fullsolutions.info\/en\/wp-json\/wp\/v2\/types\/product"}],"replies":[{"embeddable":true,"href":"https:\/\/fullsolutions.info\/en\/wp-json\/wp\/v2\/comments?post=6308"}],"wp:featuredmedia":[{"embeddable":true,"href":"https:\/\/fullsolutions.info\/en\/wp-json\/wp\/v2\/media\/6309"}],"wp:attachment":[{"href":"https:\/\/fullsolutions.info\/en\/wp-json\/wp\/v2\/media?parent=6308"}],"wp:term":[{"taxonomy":"product_brand","embeddable":true,"href":"https:\/\/fullsolutions.info\/en\/wp-json\/wp\/v2\/product_brand?post=6308"},{"taxonomy":"product_cat","embeddable":true,"href":"https:\/\/fullsolutions.info\/en\/wp-json\/wp\/v2\/product_cat?post=6308"},{"taxonomy":"product_tag","embeddable":true,"href":"https:\/\/fullsolutions.info\/en\/wp-json\/wp\/v2\/product_tag?post=6308"},{"taxonomy":"marca","embeddable":true,"href":"https:\/\/fullsolutions.info\/en\/wp-json\/wp\/v2\/marca?post=6308"}],"curies":[{"name":"wp","href":"https:\/\/api.w.org\/{rel}","templated":true}]}}