{"id":6306,"date":"2026-02-25T16:07:01","date_gmt":"2026-02-25T19:07:01","guid":{"rendered":"https:\/\/fullsolutions.info\/?post_type=product&#038;p=6306"},"modified":"2026-04-13T10:44:57","modified_gmt":"2026-04-13T13:44:57","slug":"conjunto-de-vazao-flowfit-cpa25","status":"publish","type":"product","link":"https:\/\/fullsolutions.info\/en\/product\/conjunto-de-vazao-flowfit-cpa25\/","title":{"rendered":"Conjunto de vaz\u00e3o Flowfit CPA25"},"content":{"rendered":"<p data-start=\"96\" data-end=\"297\">O <strong data-start=\"98\" data-end=\"133\">conjunto de vaz\u00e3o Flowfit CPA25<\/strong> permite criar pontos de medi\u00e7\u00e3o em sistemas de tratamento de \u00e1gua, esgoto e efluentes. Al\u00e9m disso, ele atende processos industriais auxiliares com alta efici\u00eancia.<\/p>\n<p data-start=\"299\" data-end=\"467\">O equipamento acomoda at\u00e9 tr\u00eas sensores. Dessa forma, ele mant\u00e9m os sensores submersos mesmo quando a vaz\u00e3o para. Assim, o sistema prolonga a vida \u00fatil dos componentes.<\/p>\n<p data-start=\"469\" data-end=\"697\">Al\u00e9m disso, o Flowfit CPA25 utiliza polipropileno resistente \u00e0 corros\u00e3o. Por isso, o conjunto oferece alta durabilidade mesmo em ambientes agressivos. Como resultado, o usu\u00e1rio obt\u00e9m uma solu\u00e7\u00e3o confi\u00e1vel para aplica\u00e7\u00f5es padr\u00e3o.<\/p>\n<p data-start=\"699\" data-end=\"777\">O <strong data-start=\"701\" data-end=\"736\">conjunto de vaz\u00e3o Flowfit CPA25<\/strong> atende diversas aplica\u00e7\u00f5es. Por exemplo:<\/p>\n<ul data-start=\"779\" data-end=\"896\">\n<li data-section-id=\"1086re7\" data-start=\"779\" data-end=\"795\">\u00c1gua pot\u00e1vel<\/li>\n<li data-section-id=\"1d7ra2z\" data-start=\"796\" data-end=\"838\">Tratamento de \u00e1gua, esgoto e efluentes<\/li>\n<li data-section-id=\"10xk0y8\" data-start=\"839\" data-end=\"875\">Circuitos de resfriamento a \u00e1gua<\/li>\n<li data-section-id=\"zfldf6\" data-start=\"876\" data-end=\"896\">Usinas de osmose<\/li>\n<\/ul>\n<p data-start=\"898\" data-end=\"1032\">Al\u00e9m disso, o equipamento suporta press\u00f5es de at\u00e9 6 bar. Portanto, ele garante desempenho est\u00e1vel em diferentes condi\u00e7\u00f5es de opera\u00e7\u00e3o.<\/p>","protected":false},"excerpt":{"rendered":"<p>O conjunto de vaz\u00e3o Flowfit CPA25 permite criar pontos de medi\u00e7\u00e3o em sistemas de tratamento de \u00e1gua, esgoto e efluentes. Al\u00e9m disso, ele atende processos industriais auxiliares com alta efici\u00eancia. O equipamento acomoda at\u00e9 tr\u00eas sensores. Dessa forma, ele mant\u00e9m os sensores submersos mesmo quando a vaz\u00e3o para. Assim, o sistema prolonga a vida \u00fatil dos componentes. Al\u00e9m disso, o Flowfit CPA25 utiliza polipropileno resistente \u00e0 corros\u00e3o. Por isso, o conjunto oferece alta durabilidade mesmo em ambientes agressivos. Como resultado, o usu\u00e1rio obt\u00e9m uma solu\u00e7\u00e3o confi\u00e1vel para aplica\u00e7\u00f5es padr\u00e3o. O conjunto de vaz\u00e3o Flowfit CPA25 atende diversas aplica\u00e7\u00f5es. Por exemplo: \u00c1gua pot\u00e1vel Tratamento de \u00e1gua, esgoto e efluentes Circuitos de resfriamento a \u00e1gua Usinas de osmose Al\u00e9m disso, o equipamento suporta press\u00f5es de at\u00e9 6 bar. Portanto, ele garante desempenho est\u00e1vel em diferentes condi\u00e7\u00f5es de opera\u00e7\u00e3o.<\/p>","protected":false},"featured_media":6307,"comment_status":"open","ping_status":"closed","template":"","meta":{"_joinchat":[]},"product_brand":[],"product_cat":[175],"product_tag":[],"marca":[147],"class_list":{"0":"post-6306","1":"product","2":"type-product","3":"status-publish","4":"has-post-thumbnail","6":"product_cat-medicao","7":"marca-endresshauser","9":"first","10":"instock","11":"shipping-taxable","12":"product-type-simple"},"yoast_head":"<!-- This site is optimized with the Yoast SEO plugin v27.2 - https:\/\/yoast.com\/product\/yoast-seo-wordpress\/ -->\n<title>Conjunto de vaz\u00e3o Flowfit CPA25 - Full Solutions<\/title>\n<meta name=\"description\" content=\"Conjunto de vaz\u00e3o Endress+Hauser Flowfit CPA25 para medi\u00e7\u00e3o e controle de processos l\u00edquidos, com instala\u00e7\u00e3o pr\u00e1tica e alta confiabilidade.\" \/>\n<meta name=\"robots\" content=\"index, follow, max-snippet:-1, max-image-preview:large, max-video-preview:-1\" \/>\n<link rel=\"canonical\" href=\"https:\/\/fullsolutions.info\/en\/product\/conjunto-de-vazao-flowfit-cpa25\/\" \/>\n<meta property=\"og:locale\" content=\"en_US\" \/>\n<meta property=\"og:type\" content=\"article\" \/>\n<meta property=\"og:title\" content=\"Conjunto de vaz\u00e3o Flowfit CPA25 - Full Solutions\" \/>\n<meta property=\"og:description\" content=\"Conjunto de vaz\u00e3o Endress+Hauser Flowfit CPA25 para medi\u00e7\u00e3o e controle de processos l\u00edquidos, com instala\u00e7\u00e3o pr\u00e1tica e alta confiabilidade.\" \/>\n<meta property=\"og:url\" content=\"https:\/\/fullsolutions.info\/en\/product\/conjunto-de-vazao-flowfit-cpa25\/\" \/>\n<meta property=\"og:site_name\" content=\"Full Solutions\" \/>\n<meta property=\"article:modified_time\" content=\"2026-04-13T13:44:57+00:00\" \/>\n<meta property=\"og:image\" content=\"https:\/\/mlhff0prgoxu.i.optimole.com\/cb:s0sM.767\/w:auto\/h:auto\/q:mauto\/f:best\/https:\/\/fullsolutions.info\/wp-content\/uploads\/2026\/02\/CPA25_s_mit20Haube_Stack02_HiRes.webp\" \/>\n\t<meta property=\"og:image:width\" content=\"549\" \/>\n\t<meta property=\"og:image:height\" content=\"533\" \/>\n\t<meta property=\"og:image:type\" content=\"image\/webp\" \/>\n<meta name=\"twitter:card\" content=\"summary_large_image\" \/>\n<meta name=\"twitter:label1\" content=\"Est. reading time\" \/>\n\t<meta name=\"twitter:data1\" content=\"1 minute\" \/>\n<script type=\"application\/ld+json\" class=\"yoast-schema-graph\">{\"@context\":\"https:\/\/schema.org\",\"@graph\":[{\"@type\":\"WebPage\",\"@id\":\"https:\/\/fullsolutions.info\/produto\/conjunto-de-vazao-flowfit-cpa25\/\",\"url\":\"https:\/\/fullsolutions.info\/produto\/conjunto-de-vazao-flowfit-cpa25\/\",\"name\":\"Conjunto de vaz\u00e3o Flowfit CPA25 - Full Solutions\",\"isPartOf\":{\"@id\":\"https:\/\/fullsolutions.info\/#website\"},\"primaryImageOfPage\":{\"@id\":\"https:\/\/fullsolutions.info\/produto\/conjunto-de-vazao-flowfit-cpa25\/#primaryimage\"},\"image\":{\"@id\":\"https:\/\/fullsolutions.info\/produto\/conjunto-de-vazao-flowfit-cpa25\/#primaryimage\"},\"thumbnailUrl\":\"https:\/\/mlhff0prgoxu.i.optimole.com\/cb:s0sM.767\/w:auto\/h:auto\/q:mauto\/f:best\/https:\/\/fullsolutions.info\/wp-content\/uploads\/2026\/02\/CPA25_s_mit20Haube_Stack02_HiRes.webp\",\"datePublished\":\"2026-02-25T19:07:01+00:00\",\"dateModified\":\"2026-04-13T13:44:57+00:00\",\"description\":\"Conjunto de vaz\u00e3o Endress+Hauser Flowfit CPA25 para medi\u00e7\u00e3o e controle de processos l\u00edquidos, com instala\u00e7\u00e3o pr\u00e1tica e alta confiabilidade.\",\"breadcrumb\":{\"@id\":\"https:\/\/fullsolutions.info\/produto\/conjunto-de-vazao-flowfit-cpa25\/#breadcrumb\"},\"inLanguage\":\"en-US\",\"potentialAction\":[{\"@type\":\"ReadAction\",\"target\":[\"https:\/\/fullsolutions.info\/produto\/conjunto-de-vazao-flowfit-cpa25\/\"]}]},{\"@type\":\"ImageObject\",\"inLanguage\":\"en-US\",\"@id\":\"https:\/\/fullsolutions.info\/produto\/conjunto-de-vazao-flowfit-cpa25\/#primaryimage\",\"url\":\"https:\/\/mlhff0prgoxu.i.optimole.com\/cb:s0sM.767\/w:auto\/h:auto\/q:mauto\/f:best\/https:\/\/fullsolutions.info\/wp-content\/uploads\/2026\/02\/CPA25_s_mit20Haube_Stack02_HiRes.webp\",\"contentUrl\":\"https:\/\/mlhff0prgoxu.i.optimole.com\/cb:s0sM.767\/w:auto\/h:auto\/q:mauto\/f:best\/https:\/\/fullsolutions.info\/wp-content\/uploads\/2026\/02\/CPA25_s_mit20Haube_Stack02_HiRes.webp\",\"width\":549,\"height\":533},{\"@type\":\"BreadcrumbList\",\"@id\":\"https:\/\/fullsolutions.info\/produto\/conjunto-de-vazao-flowfit-cpa25\/#breadcrumb\",\"itemListElement\":[{\"@type\":\"ListItem\",\"position\":1,\"name\":\"In\u00edcio\",\"item\":\"https:\/\/fullsolutions.info\/\"},{\"@type\":\"ListItem\",\"position\":2,\"name\":\"Produtos\",\"item\":\"https:\/\/fullsolutions.info\/shop\/\"},{\"@type\":\"ListItem\",\"position\":3,\"name\":\"Conjunto de vaz\u00e3o Flowfit CPA25\"}]},{\"@type\":\"WebSite\",\"@id\":\"https:\/\/fullsolutions.info\/#website\",\"url\":\"https:\/\/fullsolutions.info\/\",\"name\":\"Full Solutions\",\"description\":\"Empresa na \u00c1rea de Procurement\",\"publisher\":{\"@id\":\"https:\/\/fullsolutions.info\/#organization\"},\"potentialAction\":[{\"@type\":\"SearchAction\",\"target\":{\"@type\":\"EntryPoint\",\"urlTemplate\":\"https:\/\/fullsolutions.info\/?s={search_term_string}\"},\"query-input\":{\"@type\":\"PropertyValueSpecification\",\"valueRequired\":true,\"valueName\":\"search_term_string\"}}],\"inLanguage\":\"en-US\"},{\"@type\":\"Organization\",\"@id\":\"https:\/\/fullsolutions.info\/#organization\",\"name\":\"Full Solutions\",\"url\":\"https:\/\/fullsolutions.info\/\",\"logo\":{\"@type\":\"ImageObject\",\"inLanguage\":\"en-US\",\"@id\":\"https:\/\/fullsolutions.info\/#\/schema\/logo\/image\/\",\"url\":\"https:\/\/mlhff0prgoxu.i.optimole.com\/cb:s0sM.767\/w:auto\/h:auto\/q:mauto\/f:best\/https:\/\/fullsolutions.info\/wp-content\/uploads\/2021\/07\/cropped-Design-sem-nome-300x193-1-e1627062664782.png\",\"contentUrl\":\"https:\/\/mlhff0prgoxu.i.optimole.com\/cb:s0sM.767\/w:auto\/h:auto\/q:mauto\/f:best\/https:\/\/fullsolutions.info\/wp-content\/uploads\/2021\/07\/cropped-Design-sem-nome-300x193-1-e1627062664782.png\",\"width\":202,\"height\":155,\"caption\":\"Full Solutions\"},\"image\":{\"@id\":\"https:\/\/fullsolutions.info\/#\/schema\/logo\/image\/\"},\"sameAs\":[\"https:\/\/www.linkedin.com\/company\/full-solutions-equipment\"]}]}<\/script>\n<!-- \/ Yoast SEO plugin. -->","yoast_head_json":{"title":"Conjunto de vaz\u00e3o Flowfit CPA25 - Full Solutions","description":"Conjunto de vaz\u00e3o Endress+Hauser Flowfit CPA25 para medi\u00e7\u00e3o e controle de processos l\u00edquidos, com instala\u00e7\u00e3o pr\u00e1tica e alta confiabilidade.","robots":{"index":"index","follow":"follow","max-snippet":"max-snippet:-1","max-image-preview":"max-image-preview:large","max-video-preview":"max-video-preview:-1"},"canonical":"https:\/\/fullsolutions.info\/en\/product\/conjunto-de-vazao-flowfit-cpa25\/","og_locale":"en_US","og_type":"article","og_title":"Conjunto de vaz\u00e3o Flowfit CPA25 - Full Solutions","og_description":"Conjunto de vaz\u00e3o Endress+Hauser Flowfit CPA25 para medi\u00e7\u00e3o e controle de processos l\u00edquidos, com instala\u00e7\u00e3o pr\u00e1tica e alta confiabilidade.","og_url":"https:\/\/fullsolutions.info\/en\/product\/conjunto-de-vazao-flowfit-cpa25\/","og_site_name":"Full Solutions","article_modified_time":"2026-04-13T13:44:57+00:00","og_image":[{"width":549,"height":533,"url":"https:\/\/mlhff0prgoxu.i.optimole.com\/cb:s0sM.767\/w:auto\/h:auto\/q:mauto\/f:best\/https:\/\/fullsolutions.info\/wp-content\/uploads\/2026\/02\/CPA25_s_mit20Haube_Stack02_HiRes.webp","type":"image\/webp"}],"twitter_card":"summary_large_image","twitter_misc":{"Est. reading time":"1 minute"},"schema":{"@context":"https:\/\/schema.org","@graph":[{"@type":"WebPage","@id":"https:\/\/fullsolutions.info\/produto\/conjunto-de-vazao-flowfit-cpa25\/","url":"https:\/\/fullsolutions.info\/produto\/conjunto-de-vazao-flowfit-cpa25\/","name":"Conjunto de vaz\u00e3o Flowfit CPA25 - Full Solutions","isPartOf":{"@id":"https:\/\/fullsolutions.info\/#website"},"primaryImageOfPage":{"@id":"https:\/\/fullsolutions.info\/produto\/conjunto-de-vazao-flowfit-cpa25\/#primaryimage"},"image":{"@id":"https:\/\/fullsolutions.info\/produto\/conjunto-de-vazao-flowfit-cpa25\/#primaryimage"},"thumbnailUrl":"https:\/\/mlhff0prgoxu.i.optimole.com\/cb:s0sM.767\/w:auto\/h:auto\/q:mauto\/f:best\/https:\/\/fullsolutions.info\/wp-content\/uploads\/2026\/02\/CPA25_s_mit20Haube_Stack02_HiRes.webp","datePublished":"2026-02-25T19:07:01+00:00","dateModified":"2026-04-13T13:44:57+00:00","description":"Conjunto de vaz\u00e3o Endress+Hauser Flowfit CPA25 para medi\u00e7\u00e3o e controle de processos l\u00edquidos, com instala\u00e7\u00e3o pr\u00e1tica e alta confiabilidade.","breadcrumb":{"@id":"https:\/\/fullsolutions.info\/produto\/conjunto-de-vazao-flowfit-cpa25\/#breadcrumb"},"inLanguage":"en-US","potentialAction":[{"@type":"ReadAction","target":["https:\/\/fullsolutions.info\/produto\/conjunto-de-vazao-flowfit-cpa25\/"]}]},{"@type":"ImageObject","inLanguage":"en-US","@id":"https:\/\/fullsolutions.info\/produto\/conjunto-de-vazao-flowfit-cpa25\/#primaryimage","url":"https:\/\/mlhff0prgoxu.i.optimole.com\/cb:s0sM.767\/w:auto\/h:auto\/q:mauto\/f:best\/https:\/\/fullsolutions.info\/wp-content\/uploads\/2026\/02\/CPA25_s_mit20Haube_Stack02_HiRes.webp","contentUrl":"https:\/\/mlhff0prgoxu.i.optimole.com\/cb:s0sM.767\/w:auto\/h:auto\/q:mauto\/f:best\/https:\/\/fullsolutions.info\/wp-content\/uploads\/2026\/02\/CPA25_s_mit20Haube_Stack02_HiRes.webp","width":549,"height":533},{"@type":"BreadcrumbList","@id":"https:\/\/fullsolutions.info\/produto\/conjunto-de-vazao-flowfit-cpa25\/#breadcrumb","itemListElement":[{"@type":"ListItem","position":1,"name":"In\u00edcio","item":"https:\/\/fullsolutions.info\/"},{"@type":"ListItem","position":2,"name":"Produtos","item":"https:\/\/fullsolutions.info\/shop\/"},{"@type":"ListItem","position":3,"name":"Conjunto de vaz\u00e3o Flowfit CPA25"}]},{"@type":"WebSite","@id":"https:\/\/fullsolutions.info\/#website","url":"https:\/\/fullsolutions.info\/","name":"Full Solutions","description":"Empresa na \u00c1rea de Procurement","publisher":{"@id":"https:\/\/fullsolutions.info\/#organization"},"potentialAction":[{"@type":"SearchAction","target":{"@type":"EntryPoint","urlTemplate":"https:\/\/fullsolutions.info\/?s={search_term_string}"},"query-input":{"@type":"PropertyValueSpecification","valueRequired":true,"valueName":"search_term_string"}}],"inLanguage":"en-US"},{"@type":"Organization","@id":"https:\/\/fullsolutions.info\/#organization","name":"Full Solutions","url":"https:\/\/fullsolutions.info\/","logo":{"@type":"ImageObject","inLanguage":"en-US","@id":"https:\/\/fullsolutions.info\/#\/schema\/logo\/image\/","url":"https:\/\/mlhff0prgoxu.i.optimole.com\/cb:s0sM.767\/w:auto\/h:auto\/q:mauto\/f:best\/https:\/\/fullsolutions.info\/wp-content\/uploads\/2021\/07\/cropped-Design-sem-nome-300x193-1-e1627062664782.png","contentUrl":"https:\/\/mlhff0prgoxu.i.optimole.com\/cb:s0sM.767\/w:auto\/h:auto\/q:mauto\/f:best\/https:\/\/fullsolutions.info\/wp-content\/uploads\/2021\/07\/cropped-Design-sem-nome-300x193-1-e1627062664782.png","width":202,"height":155,"caption":"Full Solutions"},"image":{"@id":"https:\/\/fullsolutions.info\/#\/schema\/logo\/image\/"},"sameAs":["https:\/\/www.linkedin.com\/company\/full-solutions-equipment"]}]}},"_links":{"self":[{"href":"https:\/\/fullsolutions.info\/en\/wp-json\/wp\/v2\/product\/6306","targetHints":{"allow":["GET"]}}],"collection":[{"href":"https:\/\/fullsolutions.info\/en\/wp-json\/wp\/v2\/product"}],"about":[{"href":"https:\/\/fullsolutions.info\/en\/wp-json\/wp\/v2\/types\/product"}],"replies":[{"embeddable":true,"href":"https:\/\/fullsolutions.info\/en\/wp-json\/wp\/v2\/comments?post=6306"}],"wp:featuredmedia":[{"embeddable":true,"href":"https:\/\/fullsolutions.info\/en\/wp-json\/wp\/v2\/media\/6307"}],"wp:attachment":[{"href":"https:\/\/fullsolutions.info\/en\/wp-json\/wp\/v2\/media?parent=6306"}],"wp:term":[{"taxonomy":"product_brand","embeddable":true,"href":"https:\/\/fullsolutions.info\/en\/wp-json\/wp\/v2\/product_brand?post=6306"},{"taxonomy":"product_cat","embeddable":true,"href":"https:\/\/fullsolutions.info\/en\/wp-json\/wp\/v2\/product_cat?post=6306"},{"taxonomy":"product_tag","embeddable":true,"href":"https:\/\/fullsolutions.info\/en\/wp-json\/wp\/v2\/product_tag?post=6306"},{"taxonomy":"marca","embeddable":true,"href":"https:\/\/fullsolutions.info\/en\/wp-json\/wp\/v2\/marca?post=6306"}],"curies":[{"name":"wp","href":"https:\/\/api.w.org\/{rel}","templated":true}]}}