{"id":6304,"date":"2026-02-25T15:51:15","date_gmt":"2026-02-25T18:51:15","guid":{"rendered":"https:\/\/fullsolutions.info\/?post_type=product&#038;p=6304"},"modified":"2026-04-13T10:50:23","modified_gmt":"2026-04-13T13:50:23","slug":"digital-orp-sensor-memosens-cps62e","status":"publish","type":"product","link":"https:\/\/fullsolutions.info\/en\/product\/digital-orp-sensor-memosens-cps62e\/","title":{"rendered":"Digital ORP sensor Memosens CPS62E"},"content":{"rendered":"<div class=\"eh-cell eh-cell--6-col-large eh-cell--6-col-medium eh-cell eh-cell--12-col-small eh-cell eh-cell--4-col-x-small\">\n<div class=\"eh-upid-field-of-application eh-p-r--large eh-p-r--medium\" data-cs-tracking-ps-name=\"PS.RichText\">\n<p data-start=\"97\" data-end=\"353\">O sensor digital ORP Memosens CPS62E atua como especialista em processos exigentes e aplica\u00e7\u00f5es higi\u00eanicas. Al\u00e9m disso, seu gel resistente \u00e0 contamina\u00e7\u00e3o garante medi\u00e7\u00f5es est\u00e1veis, mesmo em fluidos complexos, baixas condutividades e altas temperaturas.<\/p>\n<p data-start=\"355\" data-end=\"605\">Gra\u00e7as \u00e0 tecnologia Memosens 2.0, o CPS62E combina alta integridade de processo com opera\u00e7\u00e3o simples. Al\u00e9m disso, o sensor resiste \u00e0 umidade e permite calibra\u00e7\u00e3o em laborat\u00f3rio. Dessa forma, o usu\u00e1rio otimiza o controle e reduz interven\u00e7\u00f5es em campo.<\/p>\n<p data-start=\"607\" data-end=\"823\">O sensor digital ORP Memosens CPS62E tamb\u00e9m armazena dados de calibra\u00e7\u00e3o e de processo por longos per\u00edodos. Assim, ele facilita a an\u00e1lise de tend\u00eancias. Consequentemente, o sistema melhora a manuten\u00e7\u00e3o preditiva.<\/p>\n<hr data-start=\"825\" data-end=\"828\" \/>\n<h3 data-section-id=\"s7u0l0\" data-start=\"830\" data-end=\"848\"><span role=\"text\"><strong data-start=\"834\" data-end=\"848\">Aplica\u00e7\u00f5es<\/strong><\/span><\/h3>\n<p data-start=\"850\" data-end=\"898\">O CPS62E atende processos cr\u00edticos. Por exemplo:<\/p>\n<ul data-start=\"900\" data-end=\"1024\">\n<li data-section-id=\"uplch3\" data-start=\"900\" data-end=\"942\">Processos com varia\u00e7\u00f5es r\u00e1pidas de ORP<\/li>\n<li data-section-id=\"952fd8\" data-start=\"943\" data-end=\"1001\">Ambientes com alta presen\u00e7a de contaminantes, como H\u2082S<\/li>\n<li data-section-id=\"176oj0t\" data-start=\"1002\" data-end=\"1024\">Processos qu\u00edmicos<\/li>\n<\/ul>\n<p data-start=\"1026\" data-end=\"1090\">Al\u00e9m disso, ele opera em aplica\u00e7\u00f5es higi\u00eanicas e est\u00e9reis, como:<\/p>\n<ul data-start=\"1092\" data-end=\"1148\">\n<li data-section-id=\"xmuxdx\" data-start=\"1092\" data-end=\"1109\">Fermentadores<\/li>\n<li data-section-id=\"1ff9u4z\" data-start=\"1110\" data-end=\"1127\">Biotecnologia<\/li>\n<li data-section-id=\"9nddvl\" data-start=\"1128\" data-end=\"1148\">Ci\u00eancias da vida<\/li>\n<\/ul>\n<hr data-start=\"1150\" data-end=\"1153\" \/>\n<p data-start=\"1155\" data-end=\"1316\">O sensor possui certifica\u00e7\u00f5es ATEX, IECEx, CSA, NEPSI, Jap\u00e3o e INMETRO. Portanto, ele pode operar com seguran\u00e7a em \u00e1reas classificadas, incluindo zonas 0, 1 e 2.<\/p>\n<hr data-start=\"1318\" data-end=\"1321\" \/>\n<h3 data-section-id=\"tt9xfb\" data-start=\"1323\" data-end=\"1341\"><span role=\"text\"><strong data-start=\"1327\" data-end=\"1341\">Benef\u00edcios<\/strong><\/span><\/h3>\n<ul data-start=\"1343\" data-end=\"1944\">\n<li data-section-id=\"14wrr3r\" data-start=\"1343\" data-end=\"1475\">A tecnologia Memosens 2.0 amplia o armazenamento de dados. Assim, melhora a an\u00e1lise de tend\u00eancias e suporta manuten\u00e7\u00e3o preditiva<\/li>\n<li data-section-id=\"ovgd99\" data-start=\"1476\" data-end=\"1556\">Al\u00e9m disso, o sensor resiste a \u00e1cidos, bases fortes e altas cargas org\u00e2nicas<\/li>\n<li data-section-id=\"128j1xe\" data-start=\"1557\" data-end=\"1624\">Mant\u00e9m alta precis\u00e3o mesmo ap\u00f3s limpeza CIP\/SIP ou autoclavagem<\/li>\n<li data-section-id=\"1jummk0\" data-start=\"1625\" data-end=\"1689\">Tamb\u00e9m n\u00e3o utiliza materiais de origem animal nem acrilamida<\/li>\n<li data-section-id=\"1t2c5tl\" data-start=\"1690\" data-end=\"1756\">A montagem invertida permite maior flexibilidade de instala\u00e7\u00e3o<\/li>\n<li data-section-id=\"1cbl23l\" data-start=\"1757\" data-end=\"1839\">Al\u00e9m disso, a transmiss\u00e3o indutiva sem contato aumenta a seguran\u00e7a do processo<\/li>\n<li data-section-id=\"3tdf6f\" data-start=\"1840\" data-end=\"1944\">Por fim, o sensor reduz o tempo de inatividade e aumenta a vida \u00fatil, diminuindo custos operacionais<\/li>\n<\/ul>\n<\/div>\n<\/div>","protected":false},"excerpt":{"rendered":"<p>O sensor digital ORP Memosens CPS62E atua como especialista em processos exigentes e aplica\u00e7\u00f5es higi\u00eanicas. Al\u00e9m disso, seu gel resistente \u00e0 contamina\u00e7\u00e3o garante medi\u00e7\u00f5es est\u00e1veis, mesmo em fluidos complexos, baixas condutividades e altas temperaturas. Gra\u00e7as \u00e0 tecnologia Memosens 2.0, o CPS62E combina alta integridade de processo com opera\u00e7\u00e3o simples. Al\u00e9m disso, o sensor resiste \u00e0 umidade e permite calibra\u00e7\u00e3o em laborat\u00f3rio. Dessa forma, o usu\u00e1rio otimiza o controle e reduz interven\u00e7\u00f5es em campo. O sensor digital ORP Memosens CPS62E tamb\u00e9m armazena dados de calibra\u00e7\u00e3o e de processo por longos per\u00edodos. Assim, ele facilita a an\u00e1lise de tend\u00eancias. Consequentemente, o sistema melhora a manuten\u00e7\u00e3o preditiva. Aplica\u00e7\u00f5es O CPS62E atende processos cr\u00edticos. Por exemplo: Processos com varia\u00e7\u00f5es r\u00e1pidas de ORP Ambientes com alta presen\u00e7a de contaminantes, como H\u2082S Processos qu\u00edmicos Al\u00e9m disso, ele opera em aplica\u00e7\u00f5es higi\u00eanicas e est\u00e9reis, como: Fermentadores Biotecnologia Ci\u00eancias da vida O sensor possui certifica\u00e7\u00f5es ATEX, IECEx, CSA, NEPSI, Jap\u00e3o e INMETRO. Portanto, ele pode operar com seguran\u00e7a em \u00e1reas classificadas, incluindo zonas 0, 1 e 2. Benef\u00edcios A tecnologia Memosens 2.0 amplia o armazenamento de dados. Assim, melhora a an\u00e1lise de tend\u00eancias e suporta manuten\u00e7\u00e3o preditiva Al\u00e9m disso, o sensor resiste a \u00e1cidos, bases fortes e altas cargas org\u00e2nicas Mant\u00e9m alta precis\u00e3o mesmo ap\u00f3s limpeza CIP\/SIP ou autoclavagem Tamb\u00e9m n\u00e3o utiliza materiais de origem animal nem acrilamida A montagem invertida permite maior flexibilidade de instala\u00e7\u00e3o Al\u00e9m disso, a transmiss\u00e3o indutiva sem contato aumenta a seguran\u00e7a do processo Por fim, o sensor reduz o tempo de inatividade e aumenta a vida \u00fatil, diminuindo custos operacionais<\/p>","protected":false},"featured_media":6305,"comment_status":"open","ping_status":"closed","template":"","meta":{"_joinchat":[]},"product_brand":[],"product_cat":[175],"product_tag":[],"marca":[147],"class_list":{"0":"post-6304","1":"product","2":"type-product","3":"status-publish","4":"has-post-thumbnail","6":"product_cat-medicao","7":"marca-endresshauser","9":"first","10":"instock","11":"shipping-taxable","12":"product-type-simple"},"yoast_head":"<!-- This site is optimized with the Yoast SEO plugin v27.2 - https:\/\/yoast.com\/product\/yoast-seo-wordpress\/ -->\n<title>Digital ORP sensor Memosens CPS62E - Full Solutions<\/title>\n<meta name=\"description\" content=\"Sensor digital ORP Memosens CPS62E para medi\u00e7\u00e3o precisa de potencial redox, com tecnologia Memosens, alta confiabilidade e desempenho est\u00e1vel.\" \/>\n<meta name=\"robots\" content=\"index, follow, max-snippet:-1, max-image-preview:large, max-video-preview:-1\" \/>\n<link rel=\"canonical\" href=\"https:\/\/fullsolutions.info\/en\/product\/digital-orp-sensor-memosens-cps62e\/\" \/>\n<meta property=\"og:locale\" content=\"en_US\" \/>\n<meta property=\"og:type\" content=\"article\" \/>\n<meta property=\"og:title\" content=\"Digital ORP sensor Memosens CPS62E - Full Solutions\" \/>\n<meta property=\"og:description\" content=\"Sensor digital ORP Memosens CPS62E para medi\u00e7\u00e3o precisa de potencial redox, com tecnologia Memosens, alta confiabilidade e desempenho est\u00e1vel.\" \/>\n<meta property=\"og:url\" content=\"https:\/\/fullsolutions.info\/en\/product\/digital-orp-sensor-memosens-cps62e\/\" \/>\n<meta property=\"og:site_name\" content=\"Full Solutions\" \/>\n<meta property=\"article:modified_time\" content=\"2026-04-13T13:50:23+00:00\" \/>\n<meta property=\"og:image\" content=\"https:\/\/mlhff0prgoxu.i.optimole.com\/cb:s0sM.767\/w:auto\/h:auto\/q:mauto\/f:best\/https:\/\/fullsolutions.info\/wp-content\/uploads\/2026\/02\/Sensor-de-pH-digital-1.png\" \/>\n\t<meta property=\"og:image:width\" content=\"549\" \/>\n\t<meta property=\"og:image:height\" content=\"533\" \/>\n\t<meta property=\"og:image:type\" content=\"image\/png\" \/>\n<meta name=\"twitter:card\" content=\"summary_large_image\" \/>\n<meta name=\"twitter:label1\" content=\"Est. reading time\" \/>\n\t<meta name=\"twitter:data1\" content=\"2 minutes\" \/>\n<script type=\"application\/ld+json\" class=\"yoast-schema-graph\">{\"@context\":\"https:\/\/schema.org\",\"@graph\":[{\"@type\":\"WebPage\",\"@id\":\"https:\/\/fullsolutions.info\/produto\/digital-orp-sensor-memosens-cps62e\/\",\"url\":\"https:\/\/fullsolutions.info\/produto\/digital-orp-sensor-memosens-cps62e\/\",\"name\":\"Digital ORP sensor Memosens CPS62E - Full Solutions\",\"isPartOf\":{\"@id\":\"https:\/\/fullsolutions.info\/#website\"},\"primaryImageOfPage\":{\"@id\":\"https:\/\/fullsolutions.info\/produto\/digital-orp-sensor-memosens-cps62e\/#primaryimage\"},\"image\":{\"@id\":\"https:\/\/fullsolutions.info\/produto\/digital-orp-sensor-memosens-cps62e\/#primaryimage\"},\"thumbnailUrl\":\"https:\/\/mlhff0prgoxu.i.optimole.com\/cb:s0sM.767\/w:auto\/h:auto\/q:mauto\/f:best\/https:\/\/fullsolutions.info\/wp-content\/uploads\/2026\/02\/Sensor-de-pH-digital-1.png\",\"datePublished\":\"2026-02-25T18:51:15+00:00\",\"dateModified\":\"2026-04-13T13:50:23+00:00\",\"description\":\"Sensor digital ORP Memosens CPS62E para medi\u00e7\u00e3o precisa de potencial redox, com tecnologia Memosens, alta confiabilidade e desempenho est\u00e1vel.\",\"breadcrumb\":{\"@id\":\"https:\/\/fullsolutions.info\/produto\/digital-orp-sensor-memosens-cps62e\/#breadcrumb\"},\"inLanguage\":\"en-US\",\"potentialAction\":[{\"@type\":\"ReadAction\",\"target\":[\"https:\/\/fullsolutions.info\/produto\/digital-orp-sensor-memosens-cps62e\/\"]}]},{\"@type\":\"ImageObject\",\"inLanguage\":\"en-US\",\"@id\":\"https:\/\/fullsolutions.info\/produto\/digital-orp-sensor-memosens-cps62e\/#primaryimage\",\"url\":\"https:\/\/mlhff0prgoxu.i.optimole.com\/cb:s0sM.767\/w:auto\/h:auto\/q:mauto\/f:best\/https:\/\/fullsolutions.info\/wp-content\/uploads\/2026\/02\/Sensor-de-pH-digital-1.png\",\"contentUrl\":\"https:\/\/mlhff0prgoxu.i.optimole.com\/cb:s0sM.767\/w:auto\/h:auto\/q:mauto\/f:best\/https:\/\/fullsolutions.info\/wp-content\/uploads\/2026\/02\/Sensor-de-pH-digital-1.png\",\"width\":549,\"height\":533},{\"@type\":\"BreadcrumbList\",\"@id\":\"https:\/\/fullsolutions.info\/produto\/digital-orp-sensor-memosens-cps62e\/#breadcrumb\",\"itemListElement\":[{\"@type\":\"ListItem\",\"position\":1,\"name\":\"In\u00edcio\",\"item\":\"https:\/\/fullsolutions.info\/\"},{\"@type\":\"ListItem\",\"position\":2,\"name\":\"Produtos\",\"item\":\"https:\/\/fullsolutions.info\/shop\/\"},{\"@type\":\"ListItem\",\"position\":3,\"name\":\"Digital ORP sensor Memosens CPS62E\"}]},{\"@type\":\"WebSite\",\"@id\":\"https:\/\/fullsolutions.info\/#website\",\"url\":\"https:\/\/fullsolutions.info\/\",\"name\":\"Full Solutions\",\"description\":\"Empresa na \u00c1rea de Procurement\",\"publisher\":{\"@id\":\"https:\/\/fullsolutions.info\/#organization\"},\"potentialAction\":[{\"@type\":\"SearchAction\",\"target\":{\"@type\":\"EntryPoint\",\"urlTemplate\":\"https:\/\/fullsolutions.info\/?s={search_term_string}\"},\"query-input\":{\"@type\":\"PropertyValueSpecification\",\"valueRequired\":true,\"valueName\":\"search_term_string\"}}],\"inLanguage\":\"en-US\"},{\"@type\":\"Organization\",\"@id\":\"https:\/\/fullsolutions.info\/#organization\",\"name\":\"Full Solutions\",\"url\":\"https:\/\/fullsolutions.info\/\",\"logo\":{\"@type\":\"ImageObject\",\"inLanguage\":\"en-US\",\"@id\":\"https:\/\/fullsolutions.info\/#\/schema\/logo\/image\/\",\"url\":\"https:\/\/mlhff0prgoxu.i.optimole.com\/cb:s0sM.767\/w:auto\/h:auto\/q:mauto\/f:best\/https:\/\/fullsolutions.info\/wp-content\/uploads\/2021\/07\/cropped-Design-sem-nome-300x193-1-e1627062664782.png\",\"contentUrl\":\"https:\/\/mlhff0prgoxu.i.optimole.com\/cb:s0sM.767\/w:auto\/h:auto\/q:mauto\/f:best\/https:\/\/fullsolutions.info\/wp-content\/uploads\/2021\/07\/cropped-Design-sem-nome-300x193-1-e1627062664782.png\",\"width\":202,\"height\":155,\"caption\":\"Full Solutions\"},\"image\":{\"@id\":\"https:\/\/fullsolutions.info\/#\/schema\/logo\/image\/\"},\"sameAs\":[\"https:\/\/www.linkedin.com\/company\/full-solutions-equipment\"]}]}<\/script>\n<!-- \/ Yoast SEO plugin. -->","yoast_head_json":{"title":"Digital ORP sensor Memosens CPS62E - Full Solutions","description":"Sensor digital ORP Memosens CPS62E para medi\u00e7\u00e3o precisa de potencial redox, com tecnologia Memosens, alta confiabilidade e desempenho est\u00e1vel.","robots":{"index":"index","follow":"follow","max-snippet":"max-snippet:-1","max-image-preview":"max-image-preview:large","max-video-preview":"max-video-preview:-1"},"canonical":"https:\/\/fullsolutions.info\/en\/product\/digital-orp-sensor-memosens-cps62e\/","og_locale":"en_US","og_type":"article","og_title":"Digital ORP sensor Memosens CPS62E - Full Solutions","og_description":"Sensor digital ORP Memosens CPS62E para medi\u00e7\u00e3o precisa de potencial redox, com tecnologia Memosens, alta confiabilidade e desempenho est\u00e1vel.","og_url":"https:\/\/fullsolutions.info\/en\/product\/digital-orp-sensor-memosens-cps62e\/","og_site_name":"Full Solutions","article_modified_time":"2026-04-13T13:50:23+00:00","og_image":[{"width":549,"height":533,"url":"https:\/\/mlhff0prgoxu.i.optimole.com\/cb:s0sM.767\/w:auto\/h:auto\/q:mauto\/f:best\/https:\/\/fullsolutions.info\/wp-content\/uploads\/2026\/02\/Sensor-de-pH-digital-1.png","type":"image\/png"}],"twitter_card":"summary_large_image","twitter_misc":{"Est. reading time":"2 minutes"},"schema":{"@context":"https:\/\/schema.org","@graph":[{"@type":"WebPage","@id":"https:\/\/fullsolutions.info\/produto\/digital-orp-sensor-memosens-cps62e\/","url":"https:\/\/fullsolutions.info\/produto\/digital-orp-sensor-memosens-cps62e\/","name":"Digital ORP sensor Memosens CPS62E - Full Solutions","isPartOf":{"@id":"https:\/\/fullsolutions.info\/#website"},"primaryImageOfPage":{"@id":"https:\/\/fullsolutions.info\/produto\/digital-orp-sensor-memosens-cps62e\/#primaryimage"},"image":{"@id":"https:\/\/fullsolutions.info\/produto\/digital-orp-sensor-memosens-cps62e\/#primaryimage"},"thumbnailUrl":"https:\/\/mlhff0prgoxu.i.optimole.com\/cb:s0sM.767\/w:auto\/h:auto\/q:mauto\/f:best\/https:\/\/fullsolutions.info\/wp-content\/uploads\/2026\/02\/Sensor-de-pH-digital-1.png","datePublished":"2026-02-25T18:51:15+00:00","dateModified":"2026-04-13T13:50:23+00:00","description":"Sensor digital ORP Memosens CPS62E para medi\u00e7\u00e3o precisa de potencial redox, com tecnologia Memosens, alta confiabilidade e desempenho est\u00e1vel.","breadcrumb":{"@id":"https:\/\/fullsolutions.info\/produto\/digital-orp-sensor-memosens-cps62e\/#breadcrumb"},"inLanguage":"en-US","potentialAction":[{"@type":"ReadAction","target":["https:\/\/fullsolutions.info\/produto\/digital-orp-sensor-memosens-cps62e\/"]}]},{"@type":"ImageObject","inLanguage":"en-US","@id":"https:\/\/fullsolutions.info\/produto\/digital-orp-sensor-memosens-cps62e\/#primaryimage","url":"https:\/\/mlhff0prgoxu.i.optimole.com\/cb:s0sM.767\/w:auto\/h:auto\/q:mauto\/f:best\/https:\/\/fullsolutions.info\/wp-content\/uploads\/2026\/02\/Sensor-de-pH-digital-1.png","contentUrl":"https:\/\/mlhff0prgoxu.i.optimole.com\/cb:s0sM.767\/w:auto\/h:auto\/q:mauto\/f:best\/https:\/\/fullsolutions.info\/wp-content\/uploads\/2026\/02\/Sensor-de-pH-digital-1.png","width":549,"height":533},{"@type":"BreadcrumbList","@id":"https:\/\/fullsolutions.info\/produto\/digital-orp-sensor-memosens-cps62e\/#breadcrumb","itemListElement":[{"@type":"ListItem","position":1,"name":"In\u00edcio","item":"https:\/\/fullsolutions.info\/"},{"@type":"ListItem","position":2,"name":"Produtos","item":"https:\/\/fullsolutions.info\/shop\/"},{"@type":"ListItem","position":3,"name":"Digital ORP sensor Memosens CPS62E"}]},{"@type":"WebSite","@id":"https:\/\/fullsolutions.info\/#website","url":"https:\/\/fullsolutions.info\/","name":"Full Solutions","description":"Empresa na \u00c1rea de Procurement","publisher":{"@id":"https:\/\/fullsolutions.info\/#organization"},"potentialAction":[{"@type":"SearchAction","target":{"@type":"EntryPoint","urlTemplate":"https:\/\/fullsolutions.info\/?s={search_term_string}"},"query-input":{"@type":"PropertyValueSpecification","valueRequired":true,"valueName":"search_term_string"}}],"inLanguage":"en-US"},{"@type":"Organization","@id":"https:\/\/fullsolutions.info\/#organization","name":"Full Solutions","url":"https:\/\/fullsolutions.info\/","logo":{"@type":"ImageObject","inLanguage":"en-US","@id":"https:\/\/fullsolutions.info\/#\/schema\/logo\/image\/","url":"https:\/\/mlhff0prgoxu.i.optimole.com\/cb:s0sM.767\/w:auto\/h:auto\/q:mauto\/f:best\/https:\/\/fullsolutions.info\/wp-content\/uploads\/2021\/07\/cropped-Design-sem-nome-300x193-1-e1627062664782.png","contentUrl":"https:\/\/mlhff0prgoxu.i.optimole.com\/cb:s0sM.767\/w:auto\/h:auto\/q:mauto\/f:best\/https:\/\/fullsolutions.info\/wp-content\/uploads\/2021\/07\/cropped-Design-sem-nome-300x193-1-e1627062664782.png","width":202,"height":155,"caption":"Full Solutions"},"image":{"@id":"https:\/\/fullsolutions.info\/#\/schema\/logo\/image\/"},"sameAs":["https:\/\/www.linkedin.com\/company\/full-solutions-equipment"]}]}},"_links":{"self":[{"href":"https:\/\/fullsolutions.info\/en\/wp-json\/wp\/v2\/product\/6304","targetHints":{"allow":["GET"]}}],"collection":[{"href":"https:\/\/fullsolutions.info\/en\/wp-json\/wp\/v2\/product"}],"about":[{"href":"https:\/\/fullsolutions.info\/en\/wp-json\/wp\/v2\/types\/product"}],"replies":[{"embeddable":true,"href":"https:\/\/fullsolutions.info\/en\/wp-json\/wp\/v2\/comments?post=6304"}],"wp:featuredmedia":[{"embeddable":true,"href":"https:\/\/fullsolutions.info\/en\/wp-json\/wp\/v2\/media\/6305"}],"wp:attachment":[{"href":"https:\/\/fullsolutions.info\/en\/wp-json\/wp\/v2\/media?parent=6304"}],"wp:term":[{"taxonomy":"product_brand","embeddable":true,"href":"https:\/\/fullsolutions.info\/en\/wp-json\/wp\/v2\/product_brand?post=6304"},{"taxonomy":"product_cat","embeddable":true,"href":"https:\/\/fullsolutions.info\/en\/wp-json\/wp\/v2\/product_cat?post=6304"},{"taxonomy":"product_tag","embeddable":true,"href":"https:\/\/fullsolutions.info\/en\/wp-json\/wp\/v2\/product_tag?post=6304"},{"taxonomy":"marca","embeddable":true,"href":"https:\/\/fullsolutions.info\/en\/wp-json\/wp\/v2\/marca?post=6304"}],"curies":[{"name":"wp","href":"https:\/\/api.w.org\/{rel}","templated":true}]}}