{"id":6301,"date":"2026-02-25T15:39:36","date_gmt":"2026-02-25T18:39:36","guid":{"rendered":"https:\/\/fullsolutions.info\/?post_type=product&#038;p=6301"},"modified":"2026-04-13T10:54:23","modified_gmt":"2026-04-13T13:54:23","slug":"analisador-de-amonia-liquiline-system-ca80am","status":"publish","type":"product","link":"https:\/\/fullsolutions.info\/en\/product\/analisador-de-amonia-liquiline-system-ca80am\/","title":{"rendered":"Analisador de am\u00f4nia Liquiline System CA80AM"},"content":{"rendered":"<p class=\"eh-p-v\">Liquiline System CA80AM oferece alta precis\u00e3o de medi\u00e7\u00e3o de am\u00f4nia em todos os pontos de controle cr\u00edticos. Como membro da plataforma Liquiline, ele permite plug-&amp;-play e f\u00e1cil atualiza\u00e7\u00e3o para uma esta\u00e7\u00e3o de medi\u00e7\u00e3o, minimizando os esfor\u00e7os de instala\u00e7\u00e3o. Calibra\u00e7\u00e3o autom\u00e1tica e limpeza, assim como baixo consumo de reagentes economizando custos de opera\u00e7\u00e3o e manuten\u00e7\u00e3o. Diagn\u00f3sticos avan\u00e7ados com acesso remoto garantem a seguran\u00e7a do processo e ajudam a fornecer a documenta\u00e7\u00e3o do processo \u00e0s autoridades.<\/p>\n<div class=\"eh-p-b-lg\"><\/div>\n<div class=\"eh-rich-content-content\">\n<p class=\"eh-generic--text\">Monitores e controles Liquiline System CA80AM:<\/p>\n<ul class=\"eh-list-01 eh-generic--list\">\n<li class=\"eh-list--item\">\n<p class=\"eh-generic--text\">Entradas das esta\u00e7\u00f5es de tratamento de efluentes<\/p>\n<\/li>\n<li class=\"eh-list--item\">\n<p class=\"eh-generic--text\">Sa\u00eddas das esta\u00e7\u00f5es de tratamento de efluentes para fins de documenta\u00e7\u00e3o<\/p>\n<\/li>\n<li class=\"eh-list--item\">\n<p class=\"eh-generic--text\">Reservat\u00f3rios de aera\u00e7\u00e3o<\/p>\n<\/li>\n<li class=\"eh-list--item\">\n<p class=\"eh-generic--text\">Tratamento de \u00e1gua<\/p>\n<\/li>\n<li class=\"eh-list--item\">\n<p class=\"eh-generic--text\">Capacidade de limpeza para esta\u00e7\u00f5es de efluentes municipais e industriais<\/p>\n<\/li>\n<\/ul>\n<\/div>","protected":false},"excerpt":{"rendered":"<p>Liquiline System CA80AM oferece alta precis\u00e3o de medi\u00e7\u00e3o de am\u00f4nia em todos os pontos de controle cr\u00edticos. Como membro da plataforma Liquiline, ele permite plug-&amp;-play e f\u00e1cil atualiza\u00e7\u00e3o para uma esta\u00e7\u00e3o de medi\u00e7\u00e3o, minimizando os esfor\u00e7os de instala\u00e7\u00e3o. Calibra\u00e7\u00e3o autom\u00e1tica e limpeza, assim como baixo consumo de reagentes economizando custos de opera\u00e7\u00e3o e manuten\u00e7\u00e3o. Diagn\u00f3sticos avan\u00e7ados com acesso remoto garantem a seguran\u00e7a do processo e ajudam a fornecer a documenta\u00e7\u00e3o do processo \u00e0s autoridades. Monitores e controles Liquiline System CA80AM: Entradas das esta\u00e7\u00f5es de tratamento de efluentes Sa\u00eddas das esta\u00e7\u00f5es de tratamento de efluentes para fins de documenta\u00e7\u00e3o Reservat\u00f3rios de aera\u00e7\u00e3o Tratamento de \u00e1gua Capacidade de limpeza para esta\u00e7\u00f5es de efluentes municipais e industriais<\/p>","protected":false},"featured_media":6303,"comment_status":"open","ping_status":"closed","template":"","meta":{"_joinchat":[]},"product_brand":[],"product_cat":[175],"product_tag":[],"marca":[147],"class_list":{"0":"post-6301","1":"product","2":"type-product","3":"status-publish","4":"has-post-thumbnail","6":"product_cat-medicao","7":"marca-endresshauser","9":"first","10":"instock","11":"shipping-taxable","12":"product-type-simple"},"yoast_head":"<!-- This site is optimized with the Yoast SEO plugin v27.2 - https:\/\/yoast.com\/product\/yoast-seo-wordpress\/ -->\n<title>Analisador de am\u00f4nia Liquiline System CA80AM - Full Solutions<\/title>\n<meta name=\"description\" content=\"Analisador de am\u00f4nia Liquiline System CA80AM para medi\u00e7\u00e3o cont\u00ednua e precisa, ideal para monitoramento de \u00e1gua e efluentes com alta confiabilidade.\" \/>\n<meta name=\"robots\" content=\"index, follow, max-snippet:-1, max-image-preview:large, max-video-preview:-1\" \/>\n<link rel=\"canonical\" href=\"https:\/\/fullsolutions.info\/en\/product\/analisador-de-amonia-liquiline-system-ca80am\/\" \/>\n<meta property=\"og:locale\" content=\"en_US\" \/>\n<meta property=\"og:type\" content=\"article\" \/>\n<meta property=\"og:title\" content=\"Analisador de am\u00f4nia Liquiline System CA80AM - Full Solutions\" \/>\n<meta property=\"og:description\" content=\"Analisador de am\u00f4nia Liquiline System CA80AM para medi\u00e7\u00e3o cont\u00ednua e precisa, ideal para monitoramento de \u00e1gua e efluentes com alta confiabilidade.\" \/>\n<meta property=\"og:url\" content=\"https:\/\/fullsolutions.info\/en\/product\/analisador-de-amonia-liquiline-system-ca80am\/\" \/>\n<meta property=\"og:site_name\" content=\"Full Solutions\" \/>\n<meta property=\"article:modified_time\" content=\"2026-04-13T13:54:23+00:00\" \/>\n<meta property=\"og:image\" content=\"https:\/\/mlhff0prgoxu.i.optimole.com\/cb:s0sM.767\/w:auto\/h:auto\/q:mauto\/f:best\/https:\/\/fullsolutions.info\/wp-content\/uploads\/2026\/02\/Analisador-de-amonia.webp\" \/>\n\t<meta property=\"og:image:width\" content=\"549\" \/>\n\t<meta property=\"og:image:height\" content=\"533\" \/>\n\t<meta property=\"og:image:type\" content=\"image\/webp\" \/>\n<meta name=\"twitter:card\" content=\"summary_large_image\" \/>\n<meta name=\"twitter:label1\" content=\"Est. reading time\" \/>\n\t<meta name=\"twitter:data1\" content=\"1 minute\" \/>\n<script type=\"application\/ld+json\" class=\"yoast-schema-graph\">{\"@context\":\"https:\/\/schema.org\",\"@graph\":[{\"@type\":\"WebPage\",\"@id\":\"https:\/\/fullsolutions.info\/produto\/analisador-de-amonia-liquiline-system-ca80am\/\",\"url\":\"https:\/\/fullsolutions.info\/produto\/analisador-de-amonia-liquiline-system-ca80am\/\",\"name\":\"Analisador de am\u00f4nia Liquiline System CA80AM - Full Solutions\",\"isPartOf\":{\"@id\":\"https:\/\/fullsolutions.info\/#website\"},\"primaryImageOfPage\":{\"@id\":\"https:\/\/fullsolutions.info\/produto\/analisador-de-amonia-liquiline-system-ca80am\/#primaryimage\"},\"image\":{\"@id\":\"https:\/\/fullsolutions.info\/produto\/analisador-de-amonia-liquiline-system-ca80am\/#primaryimage\"},\"thumbnailUrl\":\"https:\/\/mlhff0prgoxu.i.optimole.com\/cb:s0sM.767\/w:auto\/h:auto\/q:mauto\/f:best\/https:\/\/fullsolutions.info\/wp-content\/uploads\/2026\/02\/Analisador-de-amonia.webp\",\"datePublished\":\"2026-02-25T18:39:36+00:00\",\"dateModified\":\"2026-04-13T13:54:23+00:00\",\"description\":\"Analisador de am\u00f4nia Liquiline System CA80AM para medi\u00e7\u00e3o cont\u00ednua e precisa, ideal para monitoramento de \u00e1gua e efluentes com alta confiabilidade.\",\"breadcrumb\":{\"@id\":\"https:\/\/fullsolutions.info\/produto\/analisador-de-amonia-liquiline-system-ca80am\/#breadcrumb\"},\"inLanguage\":\"en-US\",\"potentialAction\":[{\"@type\":\"ReadAction\",\"target\":[\"https:\/\/fullsolutions.info\/produto\/analisador-de-amonia-liquiline-system-ca80am\/\"]}]},{\"@type\":\"ImageObject\",\"inLanguage\":\"en-US\",\"@id\":\"https:\/\/fullsolutions.info\/produto\/analisador-de-amonia-liquiline-system-ca80am\/#primaryimage\",\"url\":\"https:\/\/mlhff0prgoxu.i.optimole.com\/cb:s0sM.767\/w:auto\/h:auto\/q:mauto\/f:best\/https:\/\/fullsolutions.info\/wp-content\/uploads\/2026\/02\/Analisador-de-amonia.webp\",\"contentUrl\":\"https:\/\/mlhff0prgoxu.i.optimole.com\/cb:s0sM.767\/w:auto\/h:auto\/q:mauto\/f:best\/https:\/\/fullsolutions.info\/wp-content\/uploads\/2026\/02\/Analisador-de-amonia.webp\",\"width\":549,\"height\":533},{\"@type\":\"BreadcrumbList\",\"@id\":\"https:\/\/fullsolutions.info\/produto\/analisador-de-amonia-liquiline-system-ca80am\/#breadcrumb\",\"itemListElement\":[{\"@type\":\"ListItem\",\"position\":1,\"name\":\"In\u00edcio\",\"item\":\"https:\/\/fullsolutions.info\/\"},{\"@type\":\"ListItem\",\"position\":2,\"name\":\"Produtos\",\"item\":\"https:\/\/fullsolutions.info\/shop\/\"},{\"@type\":\"ListItem\",\"position\":3,\"name\":\"Analisador de am\u00f4nia Liquiline System CA80AM\"}]},{\"@type\":\"WebSite\",\"@id\":\"https:\/\/fullsolutions.info\/#website\",\"url\":\"https:\/\/fullsolutions.info\/\",\"name\":\"Full Solutions\",\"description\":\"Empresa na \u00c1rea de Procurement\",\"publisher\":{\"@id\":\"https:\/\/fullsolutions.info\/#organization\"},\"potentialAction\":[{\"@type\":\"SearchAction\",\"target\":{\"@type\":\"EntryPoint\",\"urlTemplate\":\"https:\/\/fullsolutions.info\/?s={search_term_string}\"},\"query-input\":{\"@type\":\"PropertyValueSpecification\",\"valueRequired\":true,\"valueName\":\"search_term_string\"}}],\"inLanguage\":\"en-US\"},{\"@type\":\"Organization\",\"@id\":\"https:\/\/fullsolutions.info\/#organization\",\"name\":\"Full Solutions\",\"url\":\"https:\/\/fullsolutions.info\/\",\"logo\":{\"@type\":\"ImageObject\",\"inLanguage\":\"en-US\",\"@id\":\"https:\/\/fullsolutions.info\/#\/schema\/logo\/image\/\",\"url\":\"https:\/\/mlhff0prgoxu.i.optimole.com\/cb:s0sM.767\/w:auto\/h:auto\/q:mauto\/f:best\/https:\/\/fullsolutions.info\/wp-content\/uploads\/2021\/07\/cropped-Design-sem-nome-300x193-1-e1627062664782.png\",\"contentUrl\":\"https:\/\/mlhff0prgoxu.i.optimole.com\/cb:s0sM.767\/w:auto\/h:auto\/q:mauto\/f:best\/https:\/\/fullsolutions.info\/wp-content\/uploads\/2021\/07\/cropped-Design-sem-nome-300x193-1-e1627062664782.png\",\"width\":202,\"height\":155,\"caption\":\"Full Solutions\"},\"image\":{\"@id\":\"https:\/\/fullsolutions.info\/#\/schema\/logo\/image\/\"},\"sameAs\":[\"https:\/\/www.linkedin.com\/company\/full-solutions-equipment\"]}]}<\/script>\n<!-- \/ Yoast SEO plugin. -->","yoast_head_json":{"title":"Analisador de am\u00f4nia Liquiline System CA80AM - Full Solutions","description":"Analisador de am\u00f4nia Liquiline System CA80AM para medi\u00e7\u00e3o cont\u00ednua e precisa, ideal para monitoramento de \u00e1gua e efluentes com alta confiabilidade.","robots":{"index":"index","follow":"follow","max-snippet":"max-snippet:-1","max-image-preview":"max-image-preview:large","max-video-preview":"max-video-preview:-1"},"canonical":"https:\/\/fullsolutions.info\/en\/product\/analisador-de-amonia-liquiline-system-ca80am\/","og_locale":"en_US","og_type":"article","og_title":"Analisador de am\u00f4nia Liquiline System CA80AM - Full Solutions","og_description":"Analisador de am\u00f4nia Liquiline System CA80AM para medi\u00e7\u00e3o cont\u00ednua e precisa, ideal para monitoramento de \u00e1gua e efluentes com alta confiabilidade.","og_url":"https:\/\/fullsolutions.info\/en\/product\/analisador-de-amonia-liquiline-system-ca80am\/","og_site_name":"Full Solutions","article_modified_time":"2026-04-13T13:54:23+00:00","og_image":[{"width":549,"height":533,"url":"https:\/\/mlhff0prgoxu.i.optimole.com\/cb:s0sM.767\/w:auto\/h:auto\/q:mauto\/f:best\/https:\/\/fullsolutions.info\/wp-content\/uploads\/2026\/02\/Analisador-de-amonia.webp","type":"image\/webp"}],"twitter_card":"summary_large_image","twitter_misc":{"Est. reading time":"1 minute"},"schema":{"@context":"https:\/\/schema.org","@graph":[{"@type":"WebPage","@id":"https:\/\/fullsolutions.info\/produto\/analisador-de-amonia-liquiline-system-ca80am\/","url":"https:\/\/fullsolutions.info\/produto\/analisador-de-amonia-liquiline-system-ca80am\/","name":"Analisador de am\u00f4nia Liquiline System CA80AM - Full Solutions","isPartOf":{"@id":"https:\/\/fullsolutions.info\/#website"},"primaryImageOfPage":{"@id":"https:\/\/fullsolutions.info\/produto\/analisador-de-amonia-liquiline-system-ca80am\/#primaryimage"},"image":{"@id":"https:\/\/fullsolutions.info\/produto\/analisador-de-amonia-liquiline-system-ca80am\/#primaryimage"},"thumbnailUrl":"https:\/\/mlhff0prgoxu.i.optimole.com\/cb:s0sM.767\/w:auto\/h:auto\/q:mauto\/f:best\/https:\/\/fullsolutions.info\/wp-content\/uploads\/2026\/02\/Analisador-de-amonia.webp","datePublished":"2026-02-25T18:39:36+00:00","dateModified":"2026-04-13T13:54:23+00:00","description":"Analisador de am\u00f4nia Liquiline System CA80AM para medi\u00e7\u00e3o cont\u00ednua e precisa, ideal para monitoramento de \u00e1gua e efluentes com alta confiabilidade.","breadcrumb":{"@id":"https:\/\/fullsolutions.info\/produto\/analisador-de-amonia-liquiline-system-ca80am\/#breadcrumb"},"inLanguage":"en-US","potentialAction":[{"@type":"ReadAction","target":["https:\/\/fullsolutions.info\/produto\/analisador-de-amonia-liquiline-system-ca80am\/"]}]},{"@type":"ImageObject","inLanguage":"en-US","@id":"https:\/\/fullsolutions.info\/produto\/analisador-de-amonia-liquiline-system-ca80am\/#primaryimage","url":"https:\/\/mlhff0prgoxu.i.optimole.com\/cb:s0sM.767\/w:auto\/h:auto\/q:mauto\/f:best\/https:\/\/fullsolutions.info\/wp-content\/uploads\/2026\/02\/Analisador-de-amonia.webp","contentUrl":"https:\/\/mlhff0prgoxu.i.optimole.com\/cb:s0sM.767\/w:auto\/h:auto\/q:mauto\/f:best\/https:\/\/fullsolutions.info\/wp-content\/uploads\/2026\/02\/Analisador-de-amonia.webp","width":549,"height":533},{"@type":"BreadcrumbList","@id":"https:\/\/fullsolutions.info\/produto\/analisador-de-amonia-liquiline-system-ca80am\/#breadcrumb","itemListElement":[{"@type":"ListItem","position":1,"name":"In\u00edcio","item":"https:\/\/fullsolutions.info\/"},{"@type":"ListItem","position":2,"name":"Produtos","item":"https:\/\/fullsolutions.info\/shop\/"},{"@type":"ListItem","position":3,"name":"Analisador de am\u00f4nia Liquiline System CA80AM"}]},{"@type":"WebSite","@id":"https:\/\/fullsolutions.info\/#website","url":"https:\/\/fullsolutions.info\/","name":"Full Solutions","description":"Empresa na \u00c1rea de Procurement","publisher":{"@id":"https:\/\/fullsolutions.info\/#organization"},"potentialAction":[{"@type":"SearchAction","target":{"@type":"EntryPoint","urlTemplate":"https:\/\/fullsolutions.info\/?s={search_term_string}"},"query-input":{"@type":"PropertyValueSpecification","valueRequired":true,"valueName":"search_term_string"}}],"inLanguage":"en-US"},{"@type":"Organization","@id":"https:\/\/fullsolutions.info\/#organization","name":"Full Solutions","url":"https:\/\/fullsolutions.info\/","logo":{"@type":"ImageObject","inLanguage":"en-US","@id":"https:\/\/fullsolutions.info\/#\/schema\/logo\/image\/","url":"https:\/\/mlhff0prgoxu.i.optimole.com\/cb:s0sM.767\/w:auto\/h:auto\/q:mauto\/f:best\/https:\/\/fullsolutions.info\/wp-content\/uploads\/2021\/07\/cropped-Design-sem-nome-300x193-1-e1627062664782.png","contentUrl":"https:\/\/mlhff0prgoxu.i.optimole.com\/cb:s0sM.767\/w:auto\/h:auto\/q:mauto\/f:best\/https:\/\/fullsolutions.info\/wp-content\/uploads\/2021\/07\/cropped-Design-sem-nome-300x193-1-e1627062664782.png","width":202,"height":155,"caption":"Full Solutions"},"image":{"@id":"https:\/\/fullsolutions.info\/#\/schema\/logo\/image\/"},"sameAs":["https:\/\/www.linkedin.com\/company\/full-solutions-equipment"]}]}},"_links":{"self":[{"href":"https:\/\/fullsolutions.info\/en\/wp-json\/wp\/v2\/product\/6301","targetHints":{"allow":["GET"]}}],"collection":[{"href":"https:\/\/fullsolutions.info\/en\/wp-json\/wp\/v2\/product"}],"about":[{"href":"https:\/\/fullsolutions.info\/en\/wp-json\/wp\/v2\/types\/product"}],"replies":[{"embeddable":true,"href":"https:\/\/fullsolutions.info\/en\/wp-json\/wp\/v2\/comments?post=6301"}],"wp:featuredmedia":[{"embeddable":true,"href":"https:\/\/fullsolutions.info\/en\/wp-json\/wp\/v2\/media\/6303"}],"wp:attachment":[{"href":"https:\/\/fullsolutions.info\/en\/wp-json\/wp\/v2\/media?parent=6301"}],"wp:term":[{"taxonomy":"product_brand","embeddable":true,"href":"https:\/\/fullsolutions.info\/en\/wp-json\/wp\/v2\/product_brand?post=6301"},{"taxonomy":"product_cat","embeddable":true,"href":"https:\/\/fullsolutions.info\/en\/wp-json\/wp\/v2\/product_cat?post=6301"},{"taxonomy":"product_tag","embeddable":true,"href":"https:\/\/fullsolutions.info\/en\/wp-json\/wp\/v2\/product_tag?post=6301"},{"taxonomy":"marca","embeddable":true,"href":"https:\/\/fullsolutions.info\/en\/wp-json\/wp\/v2\/marca?post=6301"}],"curies":[{"name":"wp","href":"https:\/\/api.w.org\/{rel}","templated":true}]}}