{"id":6299,"date":"2026-02-25T15:03:12","date_gmt":"2026-02-25T18:03:12","guid":{"rendered":"https:\/\/fullsolutions.info\/?post_type=product&#038;p=6299"},"modified":"2026-04-13T11:37:13","modified_gmt":"2026-04-13T14:37:13","slug":"analisador-de-gas-tdlas-jt33","status":"publish","type":"product","link":"https:\/\/fullsolutions.info\/en\/product\/analisador-de-gas-tdlas-jt33\/","title":{"rendered":"Analisador de g\u00e1s TDLAS JT33"},"content":{"rendered":"<p class=\"eh-p-v\">O analisador de g\u00e1s JT33 oferece medi\u00e7\u00e3o cont\u00ednua e em tempo real de H<sub>2<\/sub>S com baixa necessidade de manuten\u00e7\u00e3o. Ele permite que operadores e propriet\u00e1rios de plantas atendam aos padr\u00f5es de qualidade do g\u00e1s, melhorem o controle do processo e garantam a integridade dos ativos. Usando tecnologia diferencial comprovada, o JT33 tolera mudan\u00e7as de corrente ao mesmo tempo em que atende \u00e0s especifica\u00e7\u00f5es de desempenho de medi\u00e7\u00e3o. Ele tamb\u00e9m apresenta autovalida\u00e7\u00e3o e diagn\u00f3sticos avan\u00e7ados com o suporte da\u00a0<a class=\"eh-link eh-link--03\" title=\"Heartbeat Technology\u2122\" href=\"https:\/\/www.br.endress.com\/pt\/produtos\/tecnologia-medi%C3%A7%C3%A3o-comunica%C3%A7%C3%A3o\/HEARTBEAT-TECHNOLOGY\" data-cs-tracking-ps-name=\"PS.RichText\" data-cs-tracking-target-id=\"11435168\">Heartbeat Technology<\/a>\u00a0para relat\u00f3rios de verifica\u00e7\u00e3o.<\/p>\n<div class=\"eh-p-b-lg\"><\/div>\n<div class=\"eh-rich-content-content\" data-cs-pcueid=\"GUN8e7\">\n<ul class=\"eh-list-01 eh-generic--list\">\n<li class=\"eh-list--item\">\n<p class=\"eh-generic--text\"><strong>Tubula\u00e7\u00f5es de g\u00e1s natural, biometano e di\u00f3xido de carbono:\u00a0<\/strong>evita a corros\u00e3o e minimiza o risco de um evento incontrol\u00e1vel, garantindo a integridade dos ativos<\/p>\n<\/li>\n<li class=\"eh-list--item\">\n<p class=\"eh-generic--text\"><strong>Plantas de g\u00e1s natural e GNL:\u00a0<\/strong>otimize os processos de ado\u00e7amento de g\u00e1s (amina, sequestrantes s\u00f3lidos e outros)<\/p>\n<\/li>\n<li class=\"eh-list--item\">\n<p class=\"eh-generic--text\"><strong>Correntes de g\u00e1s na ind\u00fastria petroqu\u00edmica, refino e GNL:\u00a0<\/strong>garanta a qualidade do g\u00e1s e a prote\u00e7\u00e3o dos ativos nos processos de fracionamento, refino e craqueamento<\/p>\n<\/li>\n<li class=\"eh-list--item\">\n<p class=\"eh-generic--text\"><strong>Processos de captura de carbono (CCUS):\u00a0<\/strong>monitore os processos e garanta que o CO<sub>2<\/sub>\u00a0atenda \u00e0s especifica\u00e7\u00f5es de qualidade<\/p>\n<\/li>\n<\/ul>\n<\/div>","protected":false},"excerpt":{"rendered":"<p>O analisador de g\u00e1s JT33 oferece medi\u00e7\u00e3o cont\u00ednua e em tempo real de H2S com baixa necessidade de manuten\u00e7\u00e3o. Ele permite que operadores e propriet\u00e1rios de plantas atendam aos padr\u00f5es de qualidade do g\u00e1s, melhorem o controle do processo e garantam a integridade dos ativos. Usando tecnologia diferencial comprovada, o JT33 tolera mudan\u00e7as de corrente ao mesmo tempo em que atende \u00e0s especifica\u00e7\u00f5es de desempenho de medi\u00e7\u00e3o. Ele tamb\u00e9m apresenta autovalida\u00e7\u00e3o e diagn\u00f3sticos avan\u00e7ados com o suporte da\u00a0Heartbeat Technology\u00a0para relat\u00f3rios de verifica\u00e7\u00e3o. Tubula\u00e7\u00f5es de g\u00e1s natural, biometano e di\u00f3xido de carbono:\u00a0evita a corros\u00e3o e minimiza o risco de um evento incontrol\u00e1vel, garantindo a integridade dos ativos Plantas de g\u00e1s natural e GNL:\u00a0otimize os processos de ado\u00e7amento de g\u00e1s (amina, sequestrantes s\u00f3lidos e outros) Correntes de g\u00e1s na ind\u00fastria petroqu\u00edmica, refino e GNL:\u00a0garanta a qualidade do g\u00e1s e a prote\u00e7\u00e3o dos ativos nos processos de fracionamento, refino e craqueamento Processos de captura de carbono (CCUS):\u00a0monitore os processos e garanta que o CO2\u00a0atenda \u00e0s especifica\u00e7\u00f5es de qualidade<\/p>","protected":false},"featured_media":6300,"comment_status":"open","ping_status":"closed","template":"","meta":{"_joinchat":[]},"product_brand":[],"product_cat":[175],"product_tag":[],"marca":[147],"class_list":{"0":"post-6299","1":"product","2":"type-product","3":"status-publish","4":"has-post-thumbnail","6":"product_cat-medicao","7":"marca-endresshauser","9":"first","10":"instock","11":"shipping-taxable","12":"product-type-simple"},"yoast_head":"<!-- This site is optimized with the Yoast SEO plugin v27.2 - https:\/\/yoast.com\/product\/yoast-seo-wordpress\/ -->\n<title>Analisador de g\u00e1s TDLAS JT33 - Full Solutions<\/title>\n<meta name=\"description\" content=\"Analisador de g\u00e1s TDLAS JT33 para medi\u00e7\u00e3o precisa e em tempo real, com tecnologia laser de alta seletividade, ideal para monitoramento cont\u00ednuo.\" \/>\n<meta name=\"robots\" content=\"index, follow, max-snippet:-1, max-image-preview:large, max-video-preview:-1\" \/>\n<link rel=\"canonical\" href=\"https:\/\/fullsolutions.info\/en\/product\/analisador-de-gas-tdlas-jt33\/\" \/>\n<meta property=\"og:locale\" content=\"en_US\" \/>\n<meta property=\"og:type\" content=\"article\" \/>\n<meta property=\"og:title\" content=\"Analisador de g\u00e1s TDLAS JT33 - Full Solutions\" \/>\n<meta property=\"og:description\" content=\"Analisador de g\u00e1s TDLAS JT33 para medi\u00e7\u00e3o precisa e em tempo real, com tecnologia laser de alta seletividade, ideal para monitoramento cont\u00ednuo.\" \/>\n<meta property=\"og:url\" content=\"https:\/\/fullsolutions.info\/en\/product\/analisador-de-gas-tdlas-jt33\/\" \/>\n<meta property=\"og:site_name\" content=\"Full Solutions\" \/>\n<meta property=\"article:modified_time\" content=\"2026-04-13T14:37:13+00:00\" \/>\n<meta property=\"og:image\" content=\"https:\/\/mlhff0prgoxu.i.optimole.com\/cb:s0sM.767\/w:auto\/h:auto\/q:mauto\/f:best\/https:\/\/fullsolutions.info\/wp-content\/uploads\/2026\/02\/TDLAS-JT33.webp\" \/>\n\t<meta property=\"og:image:width\" content=\"549\" \/>\n\t<meta property=\"og:image:height\" content=\"533\" \/>\n\t<meta property=\"og:image:type\" content=\"image\/webp\" \/>\n<meta name=\"twitter:card\" content=\"summary_large_image\" \/>\n<meta name=\"twitter:label1\" content=\"Est. reading time\" \/>\n\t<meta name=\"twitter:data1\" content=\"2 minutes\" \/>\n<script type=\"application\/ld+json\" class=\"yoast-schema-graph\">{\"@context\":\"https:\/\/schema.org\",\"@graph\":[{\"@type\":\"WebPage\",\"@id\":\"https:\/\/fullsolutions.info\/produto\/analisador-de-gas-tdlas-jt33\/\",\"url\":\"https:\/\/fullsolutions.info\/produto\/analisador-de-gas-tdlas-jt33\/\",\"name\":\"Analisador de g\u00e1s TDLAS JT33 - Full Solutions\",\"isPartOf\":{\"@id\":\"https:\/\/fullsolutions.info\/#website\"},\"primaryImageOfPage\":{\"@id\":\"https:\/\/fullsolutions.info\/produto\/analisador-de-gas-tdlas-jt33\/#primaryimage\"},\"image\":{\"@id\":\"https:\/\/fullsolutions.info\/produto\/analisador-de-gas-tdlas-jt33\/#primaryimage\"},\"thumbnailUrl\":\"https:\/\/mlhff0prgoxu.i.optimole.com\/cb:s0sM.767\/w:auto\/h:auto\/q:mauto\/f:best\/https:\/\/fullsolutions.info\/wp-content\/uploads\/2026\/02\/TDLAS-JT33.webp\",\"datePublished\":\"2026-02-25T18:03:12+00:00\",\"dateModified\":\"2026-04-13T14:37:13+00:00\",\"description\":\"Analisador de g\u00e1s TDLAS JT33 para medi\u00e7\u00e3o precisa e em tempo real, com tecnologia laser de alta seletividade, ideal para monitoramento cont\u00ednuo.\",\"breadcrumb\":{\"@id\":\"https:\/\/fullsolutions.info\/produto\/analisador-de-gas-tdlas-jt33\/#breadcrumb\"},\"inLanguage\":\"en-US\",\"potentialAction\":[{\"@type\":\"ReadAction\",\"target\":[\"https:\/\/fullsolutions.info\/produto\/analisador-de-gas-tdlas-jt33\/\"]}]},{\"@type\":\"ImageObject\",\"inLanguage\":\"en-US\",\"@id\":\"https:\/\/fullsolutions.info\/produto\/analisador-de-gas-tdlas-jt33\/#primaryimage\",\"url\":\"https:\/\/mlhff0prgoxu.i.optimole.com\/cb:s0sM.767\/w:auto\/h:auto\/q:mauto\/f:best\/https:\/\/fullsolutions.info\/wp-content\/uploads\/2026\/02\/TDLAS-JT33.webp\",\"contentUrl\":\"https:\/\/mlhff0prgoxu.i.optimole.com\/cb:s0sM.767\/w:auto\/h:auto\/q:mauto\/f:best\/https:\/\/fullsolutions.info\/wp-content\/uploads\/2026\/02\/TDLAS-JT33.webp\",\"width\":549,\"height\":533},{\"@type\":\"BreadcrumbList\",\"@id\":\"https:\/\/fullsolutions.info\/produto\/analisador-de-gas-tdlas-jt33\/#breadcrumb\",\"itemListElement\":[{\"@type\":\"ListItem\",\"position\":1,\"name\":\"In\u00edcio\",\"item\":\"https:\/\/fullsolutions.info\/\"},{\"@type\":\"ListItem\",\"position\":2,\"name\":\"Produtos\",\"item\":\"https:\/\/fullsolutions.info\/shop\/\"},{\"@type\":\"ListItem\",\"position\":3,\"name\":\"Analisador de g\u00e1s TDLAS JT33\"}]},{\"@type\":\"WebSite\",\"@id\":\"https:\/\/fullsolutions.info\/#website\",\"url\":\"https:\/\/fullsolutions.info\/\",\"name\":\"Full Solutions\",\"description\":\"Empresa na \u00c1rea de Procurement\",\"publisher\":{\"@id\":\"https:\/\/fullsolutions.info\/#organization\"},\"potentialAction\":[{\"@type\":\"SearchAction\",\"target\":{\"@type\":\"EntryPoint\",\"urlTemplate\":\"https:\/\/fullsolutions.info\/?s={search_term_string}\"},\"query-input\":{\"@type\":\"PropertyValueSpecification\",\"valueRequired\":true,\"valueName\":\"search_term_string\"}}],\"inLanguage\":\"en-US\"},{\"@type\":\"Organization\",\"@id\":\"https:\/\/fullsolutions.info\/#organization\",\"name\":\"Full Solutions\",\"url\":\"https:\/\/fullsolutions.info\/\",\"logo\":{\"@type\":\"ImageObject\",\"inLanguage\":\"en-US\",\"@id\":\"https:\/\/fullsolutions.info\/#\/schema\/logo\/image\/\",\"url\":\"https:\/\/mlhff0prgoxu.i.optimole.com\/cb:s0sM.767\/w:auto\/h:auto\/q:mauto\/f:best\/https:\/\/fullsolutions.info\/wp-content\/uploads\/2021\/07\/cropped-Design-sem-nome-300x193-1-e1627062664782.png\",\"contentUrl\":\"https:\/\/mlhff0prgoxu.i.optimole.com\/cb:s0sM.767\/w:auto\/h:auto\/q:mauto\/f:best\/https:\/\/fullsolutions.info\/wp-content\/uploads\/2021\/07\/cropped-Design-sem-nome-300x193-1-e1627062664782.png\",\"width\":202,\"height\":155,\"caption\":\"Full Solutions\"},\"image\":{\"@id\":\"https:\/\/fullsolutions.info\/#\/schema\/logo\/image\/\"},\"sameAs\":[\"https:\/\/www.linkedin.com\/company\/full-solutions-equipment\"]}]}<\/script>\n<!-- \/ Yoast SEO plugin. -->","yoast_head_json":{"title":"Analisador de g\u00e1s TDLAS JT33 - Full Solutions","description":"Analisador de g\u00e1s TDLAS JT33 para medi\u00e7\u00e3o precisa e em tempo real, com tecnologia laser de alta seletividade, ideal para monitoramento cont\u00ednuo.","robots":{"index":"index","follow":"follow","max-snippet":"max-snippet:-1","max-image-preview":"max-image-preview:large","max-video-preview":"max-video-preview:-1"},"canonical":"https:\/\/fullsolutions.info\/en\/product\/analisador-de-gas-tdlas-jt33\/","og_locale":"en_US","og_type":"article","og_title":"Analisador de g\u00e1s TDLAS JT33 - Full Solutions","og_description":"Analisador de g\u00e1s TDLAS JT33 para medi\u00e7\u00e3o precisa e em tempo real, com tecnologia laser de alta seletividade, ideal para monitoramento cont\u00ednuo.","og_url":"https:\/\/fullsolutions.info\/en\/product\/analisador-de-gas-tdlas-jt33\/","og_site_name":"Full Solutions","article_modified_time":"2026-04-13T14:37:13+00:00","og_image":[{"width":549,"height":533,"url":"https:\/\/mlhff0prgoxu.i.optimole.com\/cb:s0sM.767\/w:auto\/h:auto\/q:mauto\/f:best\/https:\/\/fullsolutions.info\/wp-content\/uploads\/2026\/02\/TDLAS-JT33.webp","type":"image\/webp"}],"twitter_card":"summary_large_image","twitter_misc":{"Est. reading time":"2 minutes"},"schema":{"@context":"https:\/\/schema.org","@graph":[{"@type":"WebPage","@id":"https:\/\/fullsolutions.info\/produto\/analisador-de-gas-tdlas-jt33\/","url":"https:\/\/fullsolutions.info\/produto\/analisador-de-gas-tdlas-jt33\/","name":"Analisador de g\u00e1s TDLAS JT33 - Full Solutions","isPartOf":{"@id":"https:\/\/fullsolutions.info\/#website"},"primaryImageOfPage":{"@id":"https:\/\/fullsolutions.info\/produto\/analisador-de-gas-tdlas-jt33\/#primaryimage"},"image":{"@id":"https:\/\/fullsolutions.info\/produto\/analisador-de-gas-tdlas-jt33\/#primaryimage"},"thumbnailUrl":"https:\/\/mlhff0prgoxu.i.optimole.com\/cb:s0sM.767\/w:auto\/h:auto\/q:mauto\/f:best\/https:\/\/fullsolutions.info\/wp-content\/uploads\/2026\/02\/TDLAS-JT33.webp","datePublished":"2026-02-25T18:03:12+00:00","dateModified":"2026-04-13T14:37:13+00:00","description":"Analisador de g\u00e1s TDLAS JT33 para medi\u00e7\u00e3o precisa e em tempo real, com tecnologia laser de alta seletividade, ideal para monitoramento cont\u00ednuo.","breadcrumb":{"@id":"https:\/\/fullsolutions.info\/produto\/analisador-de-gas-tdlas-jt33\/#breadcrumb"},"inLanguage":"en-US","potentialAction":[{"@type":"ReadAction","target":["https:\/\/fullsolutions.info\/produto\/analisador-de-gas-tdlas-jt33\/"]}]},{"@type":"ImageObject","inLanguage":"en-US","@id":"https:\/\/fullsolutions.info\/produto\/analisador-de-gas-tdlas-jt33\/#primaryimage","url":"https:\/\/mlhff0prgoxu.i.optimole.com\/cb:s0sM.767\/w:auto\/h:auto\/q:mauto\/f:best\/https:\/\/fullsolutions.info\/wp-content\/uploads\/2026\/02\/TDLAS-JT33.webp","contentUrl":"https:\/\/mlhff0prgoxu.i.optimole.com\/cb:s0sM.767\/w:auto\/h:auto\/q:mauto\/f:best\/https:\/\/fullsolutions.info\/wp-content\/uploads\/2026\/02\/TDLAS-JT33.webp","width":549,"height":533},{"@type":"BreadcrumbList","@id":"https:\/\/fullsolutions.info\/produto\/analisador-de-gas-tdlas-jt33\/#breadcrumb","itemListElement":[{"@type":"ListItem","position":1,"name":"In\u00edcio","item":"https:\/\/fullsolutions.info\/"},{"@type":"ListItem","position":2,"name":"Produtos","item":"https:\/\/fullsolutions.info\/shop\/"},{"@type":"ListItem","position":3,"name":"Analisador de g\u00e1s TDLAS JT33"}]},{"@type":"WebSite","@id":"https:\/\/fullsolutions.info\/#website","url":"https:\/\/fullsolutions.info\/","name":"Full Solutions","description":"Empresa na \u00c1rea de Procurement","publisher":{"@id":"https:\/\/fullsolutions.info\/#organization"},"potentialAction":[{"@type":"SearchAction","target":{"@type":"EntryPoint","urlTemplate":"https:\/\/fullsolutions.info\/?s={search_term_string}"},"query-input":{"@type":"PropertyValueSpecification","valueRequired":true,"valueName":"search_term_string"}}],"inLanguage":"en-US"},{"@type":"Organization","@id":"https:\/\/fullsolutions.info\/#organization","name":"Full Solutions","url":"https:\/\/fullsolutions.info\/","logo":{"@type":"ImageObject","inLanguage":"en-US","@id":"https:\/\/fullsolutions.info\/#\/schema\/logo\/image\/","url":"https:\/\/mlhff0prgoxu.i.optimole.com\/cb:s0sM.767\/w:auto\/h:auto\/q:mauto\/f:best\/https:\/\/fullsolutions.info\/wp-content\/uploads\/2021\/07\/cropped-Design-sem-nome-300x193-1-e1627062664782.png","contentUrl":"https:\/\/mlhff0prgoxu.i.optimole.com\/cb:s0sM.767\/w:auto\/h:auto\/q:mauto\/f:best\/https:\/\/fullsolutions.info\/wp-content\/uploads\/2021\/07\/cropped-Design-sem-nome-300x193-1-e1627062664782.png","width":202,"height":155,"caption":"Full Solutions"},"image":{"@id":"https:\/\/fullsolutions.info\/#\/schema\/logo\/image\/"},"sameAs":["https:\/\/www.linkedin.com\/company\/full-solutions-equipment"]}]}},"_links":{"self":[{"href":"https:\/\/fullsolutions.info\/en\/wp-json\/wp\/v2\/product\/6299","targetHints":{"allow":["GET"]}}],"collection":[{"href":"https:\/\/fullsolutions.info\/en\/wp-json\/wp\/v2\/product"}],"about":[{"href":"https:\/\/fullsolutions.info\/en\/wp-json\/wp\/v2\/types\/product"}],"replies":[{"embeddable":true,"href":"https:\/\/fullsolutions.info\/en\/wp-json\/wp\/v2\/comments?post=6299"}],"wp:featuredmedia":[{"embeddable":true,"href":"https:\/\/fullsolutions.info\/en\/wp-json\/wp\/v2\/media\/6300"}],"wp:attachment":[{"href":"https:\/\/fullsolutions.info\/en\/wp-json\/wp\/v2\/media?parent=6299"}],"wp:term":[{"taxonomy":"product_brand","embeddable":true,"href":"https:\/\/fullsolutions.info\/en\/wp-json\/wp\/v2\/product_brand?post=6299"},{"taxonomy":"product_cat","embeddable":true,"href":"https:\/\/fullsolutions.info\/en\/wp-json\/wp\/v2\/product_cat?post=6299"},{"taxonomy":"product_tag","embeddable":true,"href":"https:\/\/fullsolutions.info\/en\/wp-json\/wp\/v2\/product_tag?post=6299"},{"taxonomy":"marca","embeddable":true,"href":"https:\/\/fullsolutions.info\/en\/wp-json\/wp\/v2\/marca?post=6299"}],"curies":[{"name":"wp","href":"https:\/\/api.w.org\/{rel}","templated":true}]}}