{"id":6297,"date":"2026-02-25T14:48:20","date_gmt":"2026-02-25T17:48:20","guid":{"rendered":"https:\/\/fullsolutions.info\/?post_type=product&#038;p=6297"},"modified":"2026-04-13T11:39:56","modified_gmt":"2026-04-13T14:39:56","slug":"solucao-de-monitoramento-de-emissoes-gm32","status":"publish","type":"product","link":"https:\/\/fullsolutions.info\/en\/product\/solucao-de-monitoramento-de-emissoes-gm32\/","title":{"rendered":"Solu\u00e7\u00e3o de monitoramento de emiss\u00f5es GM32"},"content":{"rendered":"<p class=\"eh-p-v\"><span dir=\"auto\">O analisador de gases in situ GM32 mede SO2, NO, NO2 e NH3, al\u00e9m de press\u00e3o e temperatura no duto de g\u00e1s. A medi\u00e7\u00e3o \u00e9 direta, r\u00e1pida e sem necessidade de amostragem ou transporte de g\u00e1s. Gra\u00e7as ao automonitoramento, os valores medidos s\u00e3o confi\u00e1veis. Em caso de mau funcionamento, um alerta ser\u00e1 emitido. Para a medi\u00e7\u00e3o de emiss\u00f5es de SO2 e NO, o GM32 foi testado de acordo com a norma europeia EN 15267. Uma vers\u00e3o Ex, com amplas fun\u00e7\u00f5es de seguran\u00e7a e tecnologia de sistema sofisticada, tamb\u00e9m est\u00e1 dispon\u00edvel.<\/span><\/p>\n<div class=\"eh-p-b-lg\"><\/div>\n<div class=\"eh-rich-content-content\" data-cs-pcueid=\"vZNudI\">\n<ul class=\"eh-list-01 eh-generic--list\">\n<li class=\"eh-list--item\">\n<p class=\"eh-generic--text\"><span dir=\"auto\">Para monitoramento e controle na purifica\u00e7\u00e3o de gases de combust\u00e3o, como em plantas de desnitrifica\u00e7\u00e3o, plantas de dessulfuriza\u00e7\u00e3o e conversores.<\/span><\/p>\n<\/li>\n<li class=\"eh-list--item\">\n<p class=\"eh-generic--text\"><span dir=\"auto\">Monitoramento de emiss\u00f5es de acordo com as diretivas da UE ou regulamenta\u00e7\u00f5es locais.<\/span><\/p>\n<\/li>\n<\/ul>\n<p class=\"eh-generic--text\"><strong><span dir=\"auto\">Propriedades do dispositivo:<\/span><\/strong><\/p>\n<ul class=\"eh-list-01 eh-generic--list\">\n<li class=\"eh-list--item\">\n<p class=\"eh-generic--text\"><span dir=\"auto\">Sem amostragem de g\u00e1s, sem transporte de g\u00e1s, sem condicionamento de g\u00e1s.<\/span><\/p>\n<\/li>\n<li class=\"eh-list--item\">\n<p class=\"eh-generic--text\"><span dir=\"auto\">At\u00e9 quatro grandezas medidas simultaneamente, al\u00e9m da temperatura e press\u00e3o do processo.<\/span><\/p>\n<\/li>\n<li class=\"eh-list--item\">\n<p class=\"eh-generic--text\"><span dir=\"auto\">Diversas faixas de medi\u00e7\u00e3o independentes com precis\u00e3o consistente.<\/span><\/p>\n<\/li>\n<li class=\"eh-list--item\">\n<p class=\"eh-generic--text\"><span dir=\"auto\">Fun\u00e7\u00e3o de autoteste automatizada (QAL3) sem gases de teste<\/span><\/p>\n<\/li>\n<li class=\"eh-list--item\">\n<p class=\"eh-generic--text\"><span dir=\"auto\">Tipo encapsulado de sobrepress\u00e3o Ex-zone 2<\/span><\/p>\n<\/li>\n<\/ul>\n<\/div>","protected":false},"excerpt":{"rendered":"<p>O analisador de gases in situ GM32 mede SO2, NO, NO2 e NH3, al\u00e9m de press\u00e3o e temperatura no duto de g\u00e1s. A medi\u00e7\u00e3o \u00e9 direta, r\u00e1pida e sem necessidade de amostragem ou transporte de g\u00e1s. Gra\u00e7as ao automonitoramento, os valores medidos s\u00e3o confi\u00e1veis. Em caso de mau funcionamento, um alerta ser\u00e1 emitido. Para a medi\u00e7\u00e3o de emiss\u00f5es de SO2 e NO, o GM32 foi testado de acordo com a norma europeia EN 15267. Uma vers\u00e3o Ex, com amplas fun\u00e7\u00f5es de seguran\u00e7a e tecnologia de sistema sofisticada, tamb\u00e9m est\u00e1 dispon\u00edvel. Para monitoramento e controle na purifica\u00e7\u00e3o de gases de combust\u00e3o, como em plantas de desnitrifica\u00e7\u00e3o, plantas de dessulfuriza\u00e7\u00e3o e conversores. Monitoramento de emiss\u00f5es de acordo com as diretivas da UE ou regulamenta\u00e7\u00f5es locais. Propriedades do dispositivo: Sem amostragem de g\u00e1s, sem transporte de g\u00e1s, sem condicionamento de g\u00e1s. At\u00e9 quatro grandezas medidas simultaneamente, al\u00e9m da temperatura e press\u00e3o do processo. Diversas faixas de medi\u00e7\u00e3o independentes com precis\u00e3o consistente. Fun\u00e7\u00e3o de autoteste automatizada (QAL3) sem gases de teste Tipo encapsulado de sobrepress\u00e3o Ex-zone 2<\/p>","protected":false},"featured_media":6298,"comment_status":"open","ping_status":"closed","template":"","meta":{"_joinchat":[]},"product_brand":[],"product_cat":[175],"product_tag":[],"marca":[147],"class_list":{"0":"post-6297","1":"product","2":"type-product","3":"status-publish","4":"has-post-thumbnail","6":"product_cat-medicao","7":"marca-endresshauser","9":"first","10":"instock","11":"shipping-taxable","12":"product-type-simple"},"yoast_head":"<!-- This site is optimized with the Yoast SEO plugin v27.2 - https:\/\/yoast.com\/product\/yoast-seo-wordpress\/ -->\n<title>Solu\u00e7\u00e3o de monitoramento de emiss\u00f5es GM32 - Full Solutions<\/title>\n<meta name=\"description\" content=\"Solu\u00e7\u00e3o de monitoramento de emiss\u00f5es GM32 para medi\u00e7\u00e3o cont\u00ednua de gases, com alta precis\u00e3o e confiabilidade no controle ambiental.\" \/>\n<meta name=\"robots\" content=\"index, follow, max-snippet:-1, max-image-preview:large, max-video-preview:-1\" \/>\n<link rel=\"canonical\" href=\"https:\/\/fullsolutions.info\/en\/product\/solucao-de-monitoramento-de-emissoes-gm32\/\" \/>\n<meta property=\"og:locale\" content=\"en_US\" \/>\n<meta property=\"og:type\" content=\"article\" \/>\n<meta property=\"og:title\" content=\"Solu\u00e7\u00e3o de monitoramento de emiss\u00f5es GM32 - Full Solutions\" \/>\n<meta property=\"og:description\" content=\"Solu\u00e7\u00e3o de monitoramento de emiss\u00f5es GM32 para medi\u00e7\u00e3o cont\u00ednua de gases, com alta precis\u00e3o e confiabilidade no controle ambiental.\" \/>\n<meta property=\"og:url\" content=\"https:\/\/fullsolutions.info\/en\/product\/solucao-de-monitoramento-de-emissoes-gm32\/\" \/>\n<meta property=\"og:site_name\" content=\"Full Solutions\" \/>\n<meta property=\"article:modified_time\" content=\"2026-04-13T14:39:56+00:00\" \/>\n<meta property=\"og:image\" content=\"https:\/\/mlhff0prgoxu.i.optimole.com\/cb:s0sM.767\/w:auto\/h:auto\/q:mauto\/f:best\/https:\/\/fullsolutions.info\/wp-content\/uploads\/2026\/02\/GM32.webp\" \/>\n\t<meta property=\"og:image:width\" content=\"549\" \/>\n\t<meta property=\"og:image:height\" content=\"533\" \/>\n\t<meta property=\"og:image:type\" content=\"image\/webp\" \/>\n<meta name=\"twitter:card\" content=\"summary_large_image\" \/>\n<meta name=\"twitter:label1\" content=\"Est. reading time\" \/>\n\t<meta name=\"twitter:data1\" content=\"2 minutes\" \/>\n<script type=\"application\/ld+json\" class=\"yoast-schema-graph\">{\"@context\":\"https:\/\/schema.org\",\"@graph\":[{\"@type\":\"WebPage\",\"@id\":\"https:\/\/fullsolutions.info\/produto\/solucao-de-monitoramento-de-emissoes-gm32\/\",\"url\":\"https:\/\/fullsolutions.info\/produto\/solucao-de-monitoramento-de-emissoes-gm32\/\",\"name\":\"Solu\u00e7\u00e3o de monitoramento de emiss\u00f5es GM32 - Full Solutions\",\"isPartOf\":{\"@id\":\"https:\/\/fullsolutions.info\/#website\"},\"primaryImageOfPage\":{\"@id\":\"https:\/\/fullsolutions.info\/produto\/solucao-de-monitoramento-de-emissoes-gm32\/#primaryimage\"},\"image\":{\"@id\":\"https:\/\/fullsolutions.info\/produto\/solucao-de-monitoramento-de-emissoes-gm32\/#primaryimage\"},\"thumbnailUrl\":\"https:\/\/mlhff0prgoxu.i.optimole.com\/cb:s0sM.767\/w:auto\/h:auto\/q:mauto\/f:best\/https:\/\/fullsolutions.info\/wp-content\/uploads\/2026\/02\/GM32.webp\",\"datePublished\":\"2026-02-25T17:48:20+00:00\",\"dateModified\":\"2026-04-13T14:39:56+00:00\",\"description\":\"Solu\u00e7\u00e3o de monitoramento de emiss\u00f5es GM32 para medi\u00e7\u00e3o cont\u00ednua de gases, com alta precis\u00e3o e confiabilidade no controle ambiental.\",\"breadcrumb\":{\"@id\":\"https:\/\/fullsolutions.info\/produto\/solucao-de-monitoramento-de-emissoes-gm32\/#breadcrumb\"},\"inLanguage\":\"en-US\",\"potentialAction\":[{\"@type\":\"ReadAction\",\"target\":[\"https:\/\/fullsolutions.info\/produto\/solucao-de-monitoramento-de-emissoes-gm32\/\"]}]},{\"@type\":\"ImageObject\",\"inLanguage\":\"en-US\",\"@id\":\"https:\/\/fullsolutions.info\/produto\/solucao-de-monitoramento-de-emissoes-gm32\/#primaryimage\",\"url\":\"https:\/\/mlhff0prgoxu.i.optimole.com\/cb:s0sM.767\/w:auto\/h:auto\/q:mauto\/f:best\/https:\/\/fullsolutions.info\/wp-content\/uploads\/2026\/02\/GM32.webp\",\"contentUrl\":\"https:\/\/mlhff0prgoxu.i.optimole.com\/cb:s0sM.767\/w:auto\/h:auto\/q:mauto\/f:best\/https:\/\/fullsolutions.info\/wp-content\/uploads\/2026\/02\/GM32.webp\",\"width\":549,\"height\":533},{\"@type\":\"BreadcrumbList\",\"@id\":\"https:\/\/fullsolutions.info\/produto\/solucao-de-monitoramento-de-emissoes-gm32\/#breadcrumb\",\"itemListElement\":[{\"@type\":\"ListItem\",\"position\":1,\"name\":\"In\u00edcio\",\"item\":\"https:\/\/fullsolutions.info\/\"},{\"@type\":\"ListItem\",\"position\":2,\"name\":\"Produtos\",\"item\":\"https:\/\/fullsolutions.info\/shop\/\"},{\"@type\":\"ListItem\",\"position\":3,\"name\":\"Solu\u00e7\u00e3o de monitoramento de emiss\u00f5es GM32\"}]},{\"@type\":\"WebSite\",\"@id\":\"https:\/\/fullsolutions.info\/#website\",\"url\":\"https:\/\/fullsolutions.info\/\",\"name\":\"Full Solutions\",\"description\":\"Empresa na \u00c1rea de Procurement\",\"publisher\":{\"@id\":\"https:\/\/fullsolutions.info\/#organization\"},\"potentialAction\":[{\"@type\":\"SearchAction\",\"target\":{\"@type\":\"EntryPoint\",\"urlTemplate\":\"https:\/\/fullsolutions.info\/?s={search_term_string}\"},\"query-input\":{\"@type\":\"PropertyValueSpecification\",\"valueRequired\":true,\"valueName\":\"search_term_string\"}}],\"inLanguage\":\"en-US\"},{\"@type\":\"Organization\",\"@id\":\"https:\/\/fullsolutions.info\/#organization\",\"name\":\"Full Solutions\",\"url\":\"https:\/\/fullsolutions.info\/\",\"logo\":{\"@type\":\"ImageObject\",\"inLanguage\":\"en-US\",\"@id\":\"https:\/\/fullsolutions.info\/#\/schema\/logo\/image\/\",\"url\":\"https:\/\/mlhff0prgoxu.i.optimole.com\/cb:s0sM.767\/w:auto\/h:auto\/q:mauto\/f:best\/https:\/\/fullsolutions.info\/wp-content\/uploads\/2021\/07\/cropped-Design-sem-nome-300x193-1-e1627062664782.png\",\"contentUrl\":\"https:\/\/mlhff0prgoxu.i.optimole.com\/cb:s0sM.767\/w:auto\/h:auto\/q:mauto\/f:best\/https:\/\/fullsolutions.info\/wp-content\/uploads\/2021\/07\/cropped-Design-sem-nome-300x193-1-e1627062664782.png\",\"width\":202,\"height\":155,\"caption\":\"Full Solutions\"},\"image\":{\"@id\":\"https:\/\/fullsolutions.info\/#\/schema\/logo\/image\/\"},\"sameAs\":[\"https:\/\/www.linkedin.com\/company\/full-solutions-equipment\"]}]}<\/script>\n<!-- \/ Yoast SEO plugin. -->","yoast_head_json":{"title":"Solu\u00e7\u00e3o de monitoramento de emiss\u00f5es GM32 - Full Solutions","description":"Solu\u00e7\u00e3o de monitoramento de emiss\u00f5es GM32 para medi\u00e7\u00e3o cont\u00ednua de gases, com alta precis\u00e3o e confiabilidade no controle ambiental.","robots":{"index":"index","follow":"follow","max-snippet":"max-snippet:-1","max-image-preview":"max-image-preview:large","max-video-preview":"max-video-preview:-1"},"canonical":"https:\/\/fullsolutions.info\/en\/product\/solucao-de-monitoramento-de-emissoes-gm32\/","og_locale":"en_US","og_type":"article","og_title":"Solu\u00e7\u00e3o de monitoramento de emiss\u00f5es GM32 - Full Solutions","og_description":"Solu\u00e7\u00e3o de monitoramento de emiss\u00f5es GM32 para medi\u00e7\u00e3o cont\u00ednua de gases, com alta precis\u00e3o e confiabilidade no controle ambiental.","og_url":"https:\/\/fullsolutions.info\/en\/product\/solucao-de-monitoramento-de-emissoes-gm32\/","og_site_name":"Full Solutions","article_modified_time":"2026-04-13T14:39:56+00:00","og_image":[{"width":549,"height":533,"url":"https:\/\/mlhff0prgoxu.i.optimole.com\/cb:s0sM.767\/w:auto\/h:auto\/q:mauto\/f:best\/https:\/\/fullsolutions.info\/wp-content\/uploads\/2026\/02\/GM32.webp","type":"image\/webp"}],"twitter_card":"summary_large_image","twitter_misc":{"Est. reading time":"2 minutes"},"schema":{"@context":"https:\/\/schema.org","@graph":[{"@type":"WebPage","@id":"https:\/\/fullsolutions.info\/produto\/solucao-de-monitoramento-de-emissoes-gm32\/","url":"https:\/\/fullsolutions.info\/produto\/solucao-de-monitoramento-de-emissoes-gm32\/","name":"Solu\u00e7\u00e3o de monitoramento de emiss\u00f5es GM32 - Full Solutions","isPartOf":{"@id":"https:\/\/fullsolutions.info\/#website"},"primaryImageOfPage":{"@id":"https:\/\/fullsolutions.info\/produto\/solucao-de-monitoramento-de-emissoes-gm32\/#primaryimage"},"image":{"@id":"https:\/\/fullsolutions.info\/produto\/solucao-de-monitoramento-de-emissoes-gm32\/#primaryimage"},"thumbnailUrl":"https:\/\/mlhff0prgoxu.i.optimole.com\/cb:s0sM.767\/w:auto\/h:auto\/q:mauto\/f:best\/https:\/\/fullsolutions.info\/wp-content\/uploads\/2026\/02\/GM32.webp","datePublished":"2026-02-25T17:48:20+00:00","dateModified":"2026-04-13T14:39:56+00:00","description":"Solu\u00e7\u00e3o de monitoramento de emiss\u00f5es GM32 para medi\u00e7\u00e3o cont\u00ednua de gases, com alta precis\u00e3o e confiabilidade no controle ambiental.","breadcrumb":{"@id":"https:\/\/fullsolutions.info\/produto\/solucao-de-monitoramento-de-emissoes-gm32\/#breadcrumb"},"inLanguage":"en-US","potentialAction":[{"@type":"ReadAction","target":["https:\/\/fullsolutions.info\/produto\/solucao-de-monitoramento-de-emissoes-gm32\/"]}]},{"@type":"ImageObject","inLanguage":"en-US","@id":"https:\/\/fullsolutions.info\/produto\/solucao-de-monitoramento-de-emissoes-gm32\/#primaryimage","url":"https:\/\/mlhff0prgoxu.i.optimole.com\/cb:s0sM.767\/w:auto\/h:auto\/q:mauto\/f:best\/https:\/\/fullsolutions.info\/wp-content\/uploads\/2026\/02\/GM32.webp","contentUrl":"https:\/\/mlhff0prgoxu.i.optimole.com\/cb:s0sM.767\/w:auto\/h:auto\/q:mauto\/f:best\/https:\/\/fullsolutions.info\/wp-content\/uploads\/2026\/02\/GM32.webp","width":549,"height":533},{"@type":"BreadcrumbList","@id":"https:\/\/fullsolutions.info\/produto\/solucao-de-monitoramento-de-emissoes-gm32\/#breadcrumb","itemListElement":[{"@type":"ListItem","position":1,"name":"In\u00edcio","item":"https:\/\/fullsolutions.info\/"},{"@type":"ListItem","position":2,"name":"Produtos","item":"https:\/\/fullsolutions.info\/shop\/"},{"@type":"ListItem","position":3,"name":"Solu\u00e7\u00e3o de monitoramento de emiss\u00f5es GM32"}]},{"@type":"WebSite","@id":"https:\/\/fullsolutions.info\/#website","url":"https:\/\/fullsolutions.info\/","name":"Full Solutions","description":"Empresa na \u00c1rea de Procurement","publisher":{"@id":"https:\/\/fullsolutions.info\/#organization"},"potentialAction":[{"@type":"SearchAction","target":{"@type":"EntryPoint","urlTemplate":"https:\/\/fullsolutions.info\/?s={search_term_string}"},"query-input":{"@type":"PropertyValueSpecification","valueRequired":true,"valueName":"search_term_string"}}],"inLanguage":"en-US"},{"@type":"Organization","@id":"https:\/\/fullsolutions.info\/#organization","name":"Full Solutions","url":"https:\/\/fullsolutions.info\/","logo":{"@type":"ImageObject","inLanguage":"en-US","@id":"https:\/\/fullsolutions.info\/#\/schema\/logo\/image\/","url":"https:\/\/mlhff0prgoxu.i.optimole.com\/cb:s0sM.767\/w:auto\/h:auto\/q:mauto\/f:best\/https:\/\/fullsolutions.info\/wp-content\/uploads\/2021\/07\/cropped-Design-sem-nome-300x193-1-e1627062664782.png","contentUrl":"https:\/\/mlhff0prgoxu.i.optimole.com\/cb:s0sM.767\/w:auto\/h:auto\/q:mauto\/f:best\/https:\/\/fullsolutions.info\/wp-content\/uploads\/2021\/07\/cropped-Design-sem-nome-300x193-1-e1627062664782.png","width":202,"height":155,"caption":"Full Solutions"},"image":{"@id":"https:\/\/fullsolutions.info\/#\/schema\/logo\/image\/"},"sameAs":["https:\/\/www.linkedin.com\/company\/full-solutions-equipment"]}]}},"_links":{"self":[{"href":"https:\/\/fullsolutions.info\/en\/wp-json\/wp\/v2\/product\/6297","targetHints":{"allow":["GET"]}}],"collection":[{"href":"https:\/\/fullsolutions.info\/en\/wp-json\/wp\/v2\/product"}],"about":[{"href":"https:\/\/fullsolutions.info\/en\/wp-json\/wp\/v2\/types\/product"}],"replies":[{"embeddable":true,"href":"https:\/\/fullsolutions.info\/en\/wp-json\/wp\/v2\/comments?post=6297"}],"wp:featuredmedia":[{"embeddable":true,"href":"https:\/\/fullsolutions.info\/en\/wp-json\/wp\/v2\/media\/6298"}],"wp:attachment":[{"href":"https:\/\/fullsolutions.info\/en\/wp-json\/wp\/v2\/media?parent=6297"}],"wp:term":[{"taxonomy":"product_brand","embeddable":true,"href":"https:\/\/fullsolutions.info\/en\/wp-json\/wp\/v2\/product_brand?post=6297"},{"taxonomy":"product_cat","embeddable":true,"href":"https:\/\/fullsolutions.info\/en\/wp-json\/wp\/v2\/product_cat?post=6297"},{"taxonomy":"product_tag","embeddable":true,"href":"https:\/\/fullsolutions.info\/en\/wp-json\/wp\/v2\/product_tag?post=6297"},{"taxonomy":"marca","embeddable":true,"href":"https:\/\/fullsolutions.info\/en\/wp-json\/wp\/v2\/marca?post=6297"}],"curies":[{"name":"wp","href":"https:\/\/api.w.org\/{rel}","templated":true}]}}