{"id":6295,"date":"2026-02-25T14:33:09","date_gmt":"2026-02-25T17:33:09","guid":{"rendered":"https:\/\/fullsolutions.info\/?post_type=product&#038;p=6295"},"modified":"2026-04-13T11:41:26","modified_gmt":"2026-04-13T14:41:26","slug":"analisador-de-gases-de-processo-enersic600","status":"publish","type":"product","link":"https:\/\/fullsolutions.info\/en\/product\/analisador-de-gases-de-processo-enersic600\/","title":{"rendered":"Analisador de gases de processo ENERSIC600"},"content":{"rendered":"<p class=\"eh-p-v\"><span dir=\"auto\">O pr\u00f3ximo n\u00edvel em an\u00e1lise de gases e BTU: o ENERSIC600 \u00e9 um cromat\u00f3grafo gasoso para aplica\u00e7\u00f5es de transfer\u00eancia de cust\u00f3dia que demonstra sua efic\u00e1cia, em particular, na an\u00e1lise de g\u00e1s natural contendo hidrog\u00eanio. Suas principais vantagens: baixo custo de instala\u00e7\u00e3o e opera\u00e7\u00e3o, al\u00e9m de alta confiabilidade. Com seu design robusto e compacto, o ENERSIC600 \u00e9 facilmente integrado a sistemas de an\u00e1lise \u2013 mesmo em \u00e1reas com risco de explos\u00e3o. O ENERSIC600 realiza uma an\u00e1lise precisa de gases em apenas 45 segundos.<\/span><\/p>\n<div class=\"eh-rich-content-content\" data-cs-pcueid=\"RTRgxY\">\n<ul class=\"eh-list-01 eh-generic--list\">\n<li class=\"eh-list--item\">\n<p class=\"eh-generic--text\"><span dir=\"auto\">Transfer\u00eancia de cust\u00f3dia de g\u00e1s natural e aplica\u00e7\u00f5es de GNL<\/span><\/p>\n<\/li>\n<li class=\"eh-list--item\">\n<p class=\"eh-generic--text\"><span dir=\"auto\">Aplica\u00e7\u00f5es do g\u00e1s combust\u00edvel e do g\u00e1s de queima na produ\u00e7\u00e3o de g\u00e1s<\/span><\/p>\n<\/li>\n<\/ul>\n<p class=\"eh-generic--text\"><strong><br \/>\n<span dir=\"auto\">Propriedades do dispositivo:<\/span><\/strong><\/p>\n<ul class=\"eh-list-01 eh-generic--list\">\n<li class=\"eh-list--item\">\n<p class=\"eh-generic--text\"><span dir=\"auto\">An\u00e1lise de gases est\u00e1vel e precisa em 45 segundos.<\/span><\/p>\n<\/li>\n<li class=\"eh-list--item\">\n<p class=\"eh-generic--text\"><span dir=\"auto\">Medi\u00e7\u00e3o de g\u00e1s natural, H2 at\u00e9 20% molar e O2 at\u00e9 5% molar com um \u00fanico dispositivo.<\/span><\/p>\n<\/li>\n<li class=\"eh-list--item\">\n<p class=\"eh-generic--text\"><span dir=\"auto\">Preparado para H2: f\u00e1cil de adaptar para an\u00e1lise de hidrog\u00eanio.<\/span><\/p>\n<\/li>\n<li class=\"eh-list--item\">\n<p class=\"eh-generic--text\"><span dir=\"auto\">Design robusto e compacto com apenas 15 kg (33 lbs) de peso.<\/span><\/p>\n<\/li>\n<li class=\"eh-list--item\">\n<p class=\"eh-generic--text\"><span dir=\"auto\">Calibra\u00e7\u00e3o autom\u00e1tica e opera\u00e7\u00e3o aut\u00f4noma com diagn\u00f3stico em tempo real.<\/span><\/p>\n<\/li>\n<li class=\"eh-list--item\">\n<p class=\"eh-generic--text\"><span dir=\"auto\">Conceito inovador de cartucho<\/span><\/p>\n<\/li>\n<\/ul>\n<\/div>","protected":false},"excerpt":{"rendered":"<p>O pr\u00f3ximo n\u00edvel em an\u00e1lise de gases e BTU: o ENERSIC600 \u00e9 um cromat\u00f3grafo gasoso para aplica\u00e7\u00f5es de transfer\u00eancia de cust\u00f3dia que demonstra sua efic\u00e1cia, em particular, na an\u00e1lise de g\u00e1s natural contendo hidrog\u00eanio. Suas principais vantagens: baixo custo de instala\u00e7\u00e3o e opera\u00e7\u00e3o, al\u00e9m de alta confiabilidade. Com seu design robusto e compacto, o ENERSIC600 \u00e9 facilmente integrado a sistemas de an\u00e1lise \u2013 mesmo em \u00e1reas com risco de explos\u00e3o. O ENERSIC600 realiza uma an\u00e1lise precisa de gases em apenas 45 segundos. Transfer\u00eancia de cust\u00f3dia de g\u00e1s natural e aplica\u00e7\u00f5es de GNL Aplica\u00e7\u00f5es do g\u00e1s combust\u00edvel e do g\u00e1s de queima na produ\u00e7\u00e3o de g\u00e1s Propriedades do dispositivo: An\u00e1lise de gases est\u00e1vel e precisa em 45 segundos. Medi\u00e7\u00e3o de g\u00e1s natural, H2 at\u00e9 20% molar e O2 at\u00e9 5% molar com um \u00fanico dispositivo. Preparado para H2: f\u00e1cil de adaptar para an\u00e1lise de hidrog\u00eanio. Design robusto e compacto com apenas 15 kg (33 lbs) de peso. Calibra\u00e7\u00e3o autom\u00e1tica e opera\u00e7\u00e3o aut\u00f4noma com diagn\u00f3stico em tempo real. Conceito inovador de cartucho<\/p>","protected":false},"featured_media":6296,"comment_status":"open","ping_status":"closed","template":"","meta":{"_joinchat":[]},"product_brand":[],"product_cat":[175],"product_tag":[],"marca":[147],"class_list":{"0":"post-6295","1":"product","2":"type-product","3":"status-publish","4":"has-post-thumbnail","6":"product_cat-medicao","7":"marca-endresshauser","9":"first","10":"instock","11":"shipping-taxable","12":"product-type-simple"},"yoast_head":"<!-- This site is optimized with the Yoast SEO plugin v27.2 - https:\/\/yoast.com\/product\/yoast-seo-wordpress\/ -->\n<title>Analisador de gases de processo ENERSIC600 - Full Solutions<\/title>\n<meta name=\"description\" content=\"Analisador de gases de processo ENERSIC600 para medi\u00e7\u00e3o cont\u00ednua e precisa, com alta confiabilidade no controle de processos industriais.\" \/>\n<meta name=\"robots\" content=\"index, follow, max-snippet:-1, max-image-preview:large, max-video-preview:-1\" \/>\n<link rel=\"canonical\" href=\"https:\/\/fullsolutions.info\/en\/product\/analisador-de-gases-de-processo-enersic600\/\" \/>\n<meta property=\"og:locale\" content=\"en_US\" \/>\n<meta property=\"og:type\" content=\"article\" \/>\n<meta property=\"og:title\" content=\"Analisador de gases de processo ENERSIC600 - Full Solutions\" \/>\n<meta property=\"og:description\" content=\"Analisador de gases de processo ENERSIC600 para medi\u00e7\u00e3o cont\u00ednua e precisa, com alta confiabilidade no controle de processos industriais.\" \/>\n<meta property=\"og:url\" content=\"https:\/\/fullsolutions.info\/en\/product\/analisador-de-gases-de-processo-enersic600\/\" \/>\n<meta property=\"og:site_name\" content=\"Full Solutions\" \/>\n<meta property=\"article:modified_time\" content=\"2026-04-13T14:41:26+00:00\" \/>\n<meta property=\"og:image\" content=\"https:\/\/mlhff0prgoxu.i.optimole.com\/cb:s0sM.767\/w:auto\/h:auto\/q:mauto\/f:best\/https:\/\/fullsolutions.info\/wp-content\/uploads\/2026\/02\/ENERSIC600.webp\" \/>\n\t<meta property=\"og:image:width\" content=\"549\" \/>\n\t<meta property=\"og:image:height\" content=\"533\" \/>\n\t<meta property=\"og:image:type\" content=\"image\/webp\" \/>\n<meta name=\"twitter:card\" content=\"summary_large_image\" \/>\n<meta name=\"twitter:label1\" content=\"Est. reading time\" \/>\n\t<meta name=\"twitter:data1\" content=\"2 minutes\" \/>\n<script type=\"application\/ld+json\" class=\"yoast-schema-graph\">{\"@context\":\"https:\/\/schema.org\",\"@graph\":[{\"@type\":\"WebPage\",\"@id\":\"https:\/\/fullsolutions.info\/produto\/analisador-de-gases-de-processo-enersic600\/\",\"url\":\"https:\/\/fullsolutions.info\/produto\/analisador-de-gases-de-processo-enersic600\/\",\"name\":\"Analisador de gases de processo ENERSIC600 - Full Solutions\",\"isPartOf\":{\"@id\":\"https:\/\/fullsolutions.info\/#website\"},\"primaryImageOfPage\":{\"@id\":\"https:\/\/fullsolutions.info\/produto\/analisador-de-gases-de-processo-enersic600\/#primaryimage\"},\"image\":{\"@id\":\"https:\/\/fullsolutions.info\/produto\/analisador-de-gases-de-processo-enersic600\/#primaryimage\"},\"thumbnailUrl\":\"https:\/\/mlhff0prgoxu.i.optimole.com\/cb:s0sM.767\/w:auto\/h:auto\/q:mauto\/f:best\/https:\/\/fullsolutions.info\/wp-content\/uploads\/2026\/02\/ENERSIC600.webp\",\"datePublished\":\"2026-02-25T17:33:09+00:00\",\"dateModified\":\"2026-04-13T14:41:26+00:00\",\"description\":\"Analisador de gases de processo ENERSIC600 para medi\u00e7\u00e3o cont\u00ednua e precisa, com alta confiabilidade no controle de processos industriais.\",\"breadcrumb\":{\"@id\":\"https:\/\/fullsolutions.info\/produto\/analisador-de-gases-de-processo-enersic600\/#breadcrumb\"},\"inLanguage\":\"en-US\",\"potentialAction\":[{\"@type\":\"ReadAction\",\"target\":[\"https:\/\/fullsolutions.info\/produto\/analisador-de-gases-de-processo-enersic600\/\"]}]},{\"@type\":\"ImageObject\",\"inLanguage\":\"en-US\",\"@id\":\"https:\/\/fullsolutions.info\/produto\/analisador-de-gases-de-processo-enersic600\/#primaryimage\",\"url\":\"https:\/\/mlhff0prgoxu.i.optimole.com\/cb:s0sM.767\/w:auto\/h:auto\/q:mauto\/f:best\/https:\/\/fullsolutions.info\/wp-content\/uploads\/2026\/02\/ENERSIC600.webp\",\"contentUrl\":\"https:\/\/mlhff0prgoxu.i.optimole.com\/cb:s0sM.767\/w:auto\/h:auto\/q:mauto\/f:best\/https:\/\/fullsolutions.info\/wp-content\/uploads\/2026\/02\/ENERSIC600.webp\",\"width\":549,\"height\":533},{\"@type\":\"BreadcrumbList\",\"@id\":\"https:\/\/fullsolutions.info\/produto\/analisador-de-gases-de-processo-enersic600\/#breadcrumb\",\"itemListElement\":[{\"@type\":\"ListItem\",\"position\":1,\"name\":\"In\u00edcio\",\"item\":\"https:\/\/fullsolutions.info\/\"},{\"@type\":\"ListItem\",\"position\":2,\"name\":\"Produtos\",\"item\":\"https:\/\/fullsolutions.info\/shop\/\"},{\"@type\":\"ListItem\",\"position\":3,\"name\":\"Analisador de gases de processo ENERSIC600\"}]},{\"@type\":\"WebSite\",\"@id\":\"https:\/\/fullsolutions.info\/#website\",\"url\":\"https:\/\/fullsolutions.info\/\",\"name\":\"Full Solutions\",\"description\":\"Empresa na \u00c1rea de Procurement\",\"publisher\":{\"@id\":\"https:\/\/fullsolutions.info\/#organization\"},\"potentialAction\":[{\"@type\":\"SearchAction\",\"target\":{\"@type\":\"EntryPoint\",\"urlTemplate\":\"https:\/\/fullsolutions.info\/?s={search_term_string}\"},\"query-input\":{\"@type\":\"PropertyValueSpecification\",\"valueRequired\":true,\"valueName\":\"search_term_string\"}}],\"inLanguage\":\"en-US\"},{\"@type\":\"Organization\",\"@id\":\"https:\/\/fullsolutions.info\/#organization\",\"name\":\"Full Solutions\",\"url\":\"https:\/\/fullsolutions.info\/\",\"logo\":{\"@type\":\"ImageObject\",\"inLanguage\":\"en-US\",\"@id\":\"https:\/\/fullsolutions.info\/#\/schema\/logo\/image\/\",\"url\":\"https:\/\/mlhff0prgoxu.i.optimole.com\/cb:s0sM.767\/w:auto\/h:auto\/q:mauto\/f:best\/https:\/\/fullsolutions.info\/wp-content\/uploads\/2021\/07\/cropped-Design-sem-nome-300x193-1-e1627062664782.png\",\"contentUrl\":\"https:\/\/mlhff0prgoxu.i.optimole.com\/cb:s0sM.767\/w:auto\/h:auto\/q:mauto\/f:best\/https:\/\/fullsolutions.info\/wp-content\/uploads\/2021\/07\/cropped-Design-sem-nome-300x193-1-e1627062664782.png\",\"width\":202,\"height\":155,\"caption\":\"Full Solutions\"},\"image\":{\"@id\":\"https:\/\/fullsolutions.info\/#\/schema\/logo\/image\/\"},\"sameAs\":[\"https:\/\/www.linkedin.com\/company\/full-solutions-equipment\"]}]}<\/script>\n<!-- \/ Yoast SEO plugin. -->","yoast_head_json":{"title":"Analisador de gases de processo ENERSIC600 - Full Solutions","description":"Analisador de gases de processo ENERSIC600 para medi\u00e7\u00e3o cont\u00ednua e precisa, com alta confiabilidade no controle de processos industriais.","robots":{"index":"index","follow":"follow","max-snippet":"max-snippet:-1","max-image-preview":"max-image-preview:large","max-video-preview":"max-video-preview:-1"},"canonical":"https:\/\/fullsolutions.info\/en\/product\/analisador-de-gases-de-processo-enersic600\/","og_locale":"en_US","og_type":"article","og_title":"Analisador de gases de processo ENERSIC600 - Full Solutions","og_description":"Analisador de gases de processo ENERSIC600 para medi\u00e7\u00e3o cont\u00ednua e precisa, com alta confiabilidade no controle de processos industriais.","og_url":"https:\/\/fullsolutions.info\/en\/product\/analisador-de-gases-de-processo-enersic600\/","og_site_name":"Full Solutions","article_modified_time":"2026-04-13T14:41:26+00:00","og_image":[{"width":549,"height":533,"url":"https:\/\/mlhff0prgoxu.i.optimole.com\/cb:s0sM.767\/w:auto\/h:auto\/q:mauto\/f:best\/https:\/\/fullsolutions.info\/wp-content\/uploads\/2026\/02\/ENERSIC600.webp","type":"image\/webp"}],"twitter_card":"summary_large_image","twitter_misc":{"Est. reading time":"2 minutes"},"schema":{"@context":"https:\/\/schema.org","@graph":[{"@type":"WebPage","@id":"https:\/\/fullsolutions.info\/produto\/analisador-de-gases-de-processo-enersic600\/","url":"https:\/\/fullsolutions.info\/produto\/analisador-de-gases-de-processo-enersic600\/","name":"Analisador de gases de processo ENERSIC600 - Full Solutions","isPartOf":{"@id":"https:\/\/fullsolutions.info\/#website"},"primaryImageOfPage":{"@id":"https:\/\/fullsolutions.info\/produto\/analisador-de-gases-de-processo-enersic600\/#primaryimage"},"image":{"@id":"https:\/\/fullsolutions.info\/produto\/analisador-de-gases-de-processo-enersic600\/#primaryimage"},"thumbnailUrl":"https:\/\/mlhff0prgoxu.i.optimole.com\/cb:s0sM.767\/w:auto\/h:auto\/q:mauto\/f:best\/https:\/\/fullsolutions.info\/wp-content\/uploads\/2026\/02\/ENERSIC600.webp","datePublished":"2026-02-25T17:33:09+00:00","dateModified":"2026-04-13T14:41:26+00:00","description":"Analisador de gases de processo ENERSIC600 para medi\u00e7\u00e3o cont\u00ednua e precisa, com alta confiabilidade no controle de processos industriais.","breadcrumb":{"@id":"https:\/\/fullsolutions.info\/produto\/analisador-de-gases-de-processo-enersic600\/#breadcrumb"},"inLanguage":"en-US","potentialAction":[{"@type":"ReadAction","target":["https:\/\/fullsolutions.info\/produto\/analisador-de-gases-de-processo-enersic600\/"]}]},{"@type":"ImageObject","inLanguage":"en-US","@id":"https:\/\/fullsolutions.info\/produto\/analisador-de-gases-de-processo-enersic600\/#primaryimage","url":"https:\/\/mlhff0prgoxu.i.optimole.com\/cb:s0sM.767\/w:auto\/h:auto\/q:mauto\/f:best\/https:\/\/fullsolutions.info\/wp-content\/uploads\/2026\/02\/ENERSIC600.webp","contentUrl":"https:\/\/mlhff0prgoxu.i.optimole.com\/cb:s0sM.767\/w:auto\/h:auto\/q:mauto\/f:best\/https:\/\/fullsolutions.info\/wp-content\/uploads\/2026\/02\/ENERSIC600.webp","width":549,"height":533},{"@type":"BreadcrumbList","@id":"https:\/\/fullsolutions.info\/produto\/analisador-de-gases-de-processo-enersic600\/#breadcrumb","itemListElement":[{"@type":"ListItem","position":1,"name":"In\u00edcio","item":"https:\/\/fullsolutions.info\/"},{"@type":"ListItem","position":2,"name":"Produtos","item":"https:\/\/fullsolutions.info\/shop\/"},{"@type":"ListItem","position":3,"name":"Analisador de gases de processo ENERSIC600"}]},{"@type":"WebSite","@id":"https:\/\/fullsolutions.info\/#website","url":"https:\/\/fullsolutions.info\/","name":"Full Solutions","description":"Empresa na \u00c1rea de Procurement","publisher":{"@id":"https:\/\/fullsolutions.info\/#organization"},"potentialAction":[{"@type":"SearchAction","target":{"@type":"EntryPoint","urlTemplate":"https:\/\/fullsolutions.info\/?s={search_term_string}"},"query-input":{"@type":"PropertyValueSpecification","valueRequired":true,"valueName":"search_term_string"}}],"inLanguage":"en-US"},{"@type":"Organization","@id":"https:\/\/fullsolutions.info\/#organization","name":"Full Solutions","url":"https:\/\/fullsolutions.info\/","logo":{"@type":"ImageObject","inLanguage":"en-US","@id":"https:\/\/fullsolutions.info\/#\/schema\/logo\/image\/","url":"https:\/\/mlhff0prgoxu.i.optimole.com\/cb:s0sM.767\/w:auto\/h:auto\/q:mauto\/f:best\/https:\/\/fullsolutions.info\/wp-content\/uploads\/2021\/07\/cropped-Design-sem-nome-300x193-1-e1627062664782.png","contentUrl":"https:\/\/mlhff0prgoxu.i.optimole.com\/cb:s0sM.767\/w:auto\/h:auto\/q:mauto\/f:best\/https:\/\/fullsolutions.info\/wp-content\/uploads\/2021\/07\/cropped-Design-sem-nome-300x193-1-e1627062664782.png","width":202,"height":155,"caption":"Full Solutions"},"image":{"@id":"https:\/\/fullsolutions.info\/#\/schema\/logo\/image\/"},"sameAs":["https:\/\/www.linkedin.com\/company\/full-solutions-equipment"]}]}},"_links":{"self":[{"href":"https:\/\/fullsolutions.info\/en\/wp-json\/wp\/v2\/product\/6295","targetHints":{"allow":["GET"]}}],"collection":[{"href":"https:\/\/fullsolutions.info\/en\/wp-json\/wp\/v2\/product"}],"about":[{"href":"https:\/\/fullsolutions.info\/en\/wp-json\/wp\/v2\/types\/product"}],"replies":[{"embeddable":true,"href":"https:\/\/fullsolutions.info\/en\/wp-json\/wp\/v2\/comments?post=6295"}],"wp:featuredmedia":[{"embeddable":true,"href":"https:\/\/fullsolutions.info\/en\/wp-json\/wp\/v2\/media\/6296"}],"wp:attachment":[{"href":"https:\/\/fullsolutions.info\/en\/wp-json\/wp\/v2\/media?parent=6295"}],"wp:term":[{"taxonomy":"product_brand","embeddable":true,"href":"https:\/\/fullsolutions.info\/en\/wp-json\/wp\/v2\/product_brand?post=6295"},{"taxonomy":"product_cat","embeddable":true,"href":"https:\/\/fullsolutions.info\/en\/wp-json\/wp\/v2\/product_cat?post=6295"},{"taxonomy":"product_tag","embeddable":true,"href":"https:\/\/fullsolutions.info\/en\/wp-json\/wp\/v2\/product_tag?post=6295"},{"taxonomy":"marca","embeddable":true,"href":"https:\/\/fullsolutions.info\/en\/wp-json\/wp\/v2\/marca?post=6295"}],"curies":[{"name":"wp","href":"https:\/\/api.w.org\/{rel}","templated":true}]}}