{"id":6293,"date":"2026-02-25T14:22:38","date_gmt":"2026-02-25T17:22:38","guid":{"rendered":"https:\/\/fullsolutions.info\/?post_type=product&#038;p=6293"},"modified":"2026-04-13T11:45:10","modified_gmt":"2026-04-13T14:45:10","slug":"pressao-diferencial-eletronica-deltabar-fmd71","status":"publish","type":"product","link":"https:\/\/fullsolutions.info\/en\/product\/pressao-diferencial-eletronica-deltabar-fmd71\/","title":{"rendered":"Press\u00e3o diferencial eletr\u00f4nica Deltabar FMD71"},"content":{"rendered":"<p data-start=\"89\" data-end=\"266\">O <strong data-start=\"91\" data-end=\"151\">sistema eletr\u00f4nico de press\u00e3o diferencial Deltabar FMD71<\/strong> mede press\u00e3o, n\u00edvel, volume ou massa de l\u00edquidos em tanques pressurizados e colunas ou evaporadores de destila\u00e7\u00e3o.<\/p>\n<p data-start=\"268\" data-end=\"474\">O sensor de alta press\u00e3o (HP) mede a press\u00e3o hidrost\u00e1tica. J\u00e1 o sensor de baixa press\u00e3o (LP) mede a press\u00e3o da coluna d\u2019\u00e1gua. Em seguida, o transmissor calcula o n\u00edvel com base nesses dois valores digitais.<\/p>\n<p data-start=\"476\" data-end=\"574\">Dessa forma, o sistema elimina limita\u00e7\u00f5es comuns das medi\u00e7\u00f5es tradicionais de press\u00e3o diferencial.<\/p>\n<hr data-start=\"576\" data-end=\"579\" \/>\n<h3 data-section-id=\"s7u0l0\" data-start=\"581\" data-end=\"599\"><span role=\"text\"><strong data-start=\"585\" data-end=\"599\">Aplica\u00e7\u00f5es<\/strong><\/span><\/h3>\n<p data-start=\"601\" data-end=\"816\">O Deltabar FMD71 realiza medi\u00e7\u00f5es de press\u00e3o diferencial, n\u00edvel, volume e massa de l\u00edquidos em diferentes processos industriais. Al\u00e9m disso, ele atua em tanques pressurizados e colunas ou evaporadores de destila\u00e7\u00e3o.<\/p>\n<hr data-start=\"818\" data-end=\"821\" \/>\n<h3 data-section-id=\"16dj4ee\" data-start=\"823\" data-end=\"845\"><span role=\"text\"><strong data-start=\"827\" data-end=\"845\">Especifica\u00e7\u00f5es<\/strong><\/span><\/h3>\n<ul data-start=\"847\" data-end=\"1152\">\n<li data-section-id=\"2p4zae\" data-start=\"847\" data-end=\"910\">Conex\u00f5es de processo: roscas, flanges e conex\u00f5es higi\u00eanicas<\/li>\n<li data-section-id=\"vgog44\" data-start=\"911\" data-end=\"969\">Temperatura do processo: -40 a +150 \u00b0C (-40 a +302 \u00b0F)<\/li>\n<li data-section-id=\"105x4aa\" data-start=\"970\" data-end=\"1024\">Faixa de medi\u00e7\u00e3o: 100 mbar a +40 bar (6 a 600 psi)<\/li>\n<li data-section-id=\"iezv2g\" data-start=\"1025\" data-end=\"1083\">Precis\u00e3o: at\u00e9 \u00b10,05% (sensor \u00fanico) e \u00b10,07% (sistema)<\/li>\n<li data-section-id=\"1hs9s2f\" data-start=\"1084\" data-end=\"1152\">Certifica\u00e7\u00f5es: prote\u00e7\u00e3o contra explos\u00f5es e aprova\u00e7\u00f5es higi\u00eanicas<\/li>\n<\/ul>","protected":false},"excerpt":{"rendered":"<p>O sistema eletr\u00f4nico de press\u00e3o diferencial Deltabar FMD71 mede press\u00e3o, n\u00edvel, volume ou massa de l\u00edquidos em tanques pressurizados e colunas ou evaporadores de destila\u00e7\u00e3o. O sensor de alta press\u00e3o (HP) mede a press\u00e3o hidrost\u00e1tica. J\u00e1 o sensor de baixa press\u00e3o (LP) mede a press\u00e3o da coluna d\u2019\u00e1gua. Em seguida, o transmissor calcula o n\u00edvel com base nesses dois valores digitais. Dessa forma, o sistema elimina limita\u00e7\u00f5es comuns das medi\u00e7\u00f5es tradicionais de press\u00e3o diferencial. Aplica\u00e7\u00f5es O Deltabar FMD71 realiza medi\u00e7\u00f5es de press\u00e3o diferencial, n\u00edvel, volume e massa de l\u00edquidos em diferentes processos industriais. Al\u00e9m disso, ele atua em tanques pressurizados e colunas ou evaporadores de destila\u00e7\u00e3o. Especifica\u00e7\u00f5es Conex\u00f5es de processo: roscas, flanges e conex\u00f5es higi\u00eanicas Temperatura do processo: -40 a +150 \u00b0C (-40 a +302 \u00b0F) Faixa de medi\u00e7\u00e3o: 100 mbar a +40 bar (6 a 600 psi) Precis\u00e3o: at\u00e9 \u00b10,05% (sensor \u00fanico) e \u00b10,07% (sistema) Certifica\u00e7\u00f5es: prote\u00e7\u00e3o contra explos\u00f5es e aprova\u00e7\u00f5es higi\u00eanicas<\/p>","protected":false},"featured_media":6294,"comment_status":"open","ping_status":"closed","template":"","meta":{"_joinchat":[]},"product_brand":[],"product_cat":[175],"product_tag":[],"marca":[147],"class_list":{"0":"post-6293","1":"product","2":"type-product","3":"status-publish","4":"has-post-thumbnail","6":"product_cat-medicao","7":"marca-endresshauser","9":"first","10":"instock","11":"shipping-taxable","12":"product-type-simple"},"yoast_head":"<!-- This site is optimized with the Yoast SEO plugin v27.2 - https:\/\/yoast.com\/product\/yoast-seo-wordpress\/ -->\n<title>Press\u00e3o diferencial eletr\u00f4nica Deltabar FMD71 - Full Solutions<\/title>\n<meta name=\"description\" content=\"Press\u00e3o diferencial eletr\u00f4nica Deltabar FMD71 para medi\u00e7\u00e3o precisa de n\u00edvel e vaz\u00e3o, com alta confiabilidade e desempenho em aplica\u00e7\u00f5es industriais.\" \/>\n<meta name=\"robots\" content=\"index, follow, max-snippet:-1, max-image-preview:large, max-video-preview:-1\" \/>\n<link rel=\"canonical\" href=\"https:\/\/fullsolutions.info\/en\/product\/pressao-diferencial-eletronica-deltabar-fmd71\/\" \/>\n<meta property=\"og:locale\" content=\"en_US\" \/>\n<meta property=\"og:type\" content=\"article\" \/>\n<meta property=\"og:title\" content=\"Press\u00e3o diferencial eletr\u00f4nica Deltabar FMD71 - Full Solutions\" \/>\n<meta property=\"og:description\" content=\"Press\u00e3o diferencial eletr\u00f4nica Deltabar FMD71 para medi\u00e7\u00e3o precisa de n\u00edvel e vaz\u00e3o, com alta confiabilidade e desempenho em aplica\u00e7\u00f5es industriais.\" \/>\n<meta property=\"og:url\" content=\"https:\/\/fullsolutions.info\/en\/product\/pressao-diferencial-eletronica-deltabar-fmd71\/\" \/>\n<meta property=\"og:site_name\" content=\"Full Solutions\" \/>\n<meta property=\"article:modified_time\" content=\"2026-04-13T14:45:10+00:00\" \/>\n<meta property=\"og:image\" content=\"https:\/\/mlhff0prgoxu.i.optimole.com\/cb:s0sM.767\/w:auto\/h:auto\/q:mauto\/f:best\/https:\/\/fullsolutions.info\/wp-content\/uploads\/2026\/02\/Deltabar-FMD71.webp\" \/>\n\t<meta property=\"og:image:width\" content=\"549\" \/>\n\t<meta property=\"og:image:height\" content=\"533\" \/>\n\t<meta property=\"og:image:type\" content=\"image\/webp\" \/>\n<meta name=\"twitter:card\" content=\"summary_large_image\" \/>\n<meta name=\"twitter:label1\" content=\"Est. reading time\" \/>\n\t<meta name=\"twitter:data1\" content=\"2 minutes\" \/>\n<script type=\"application\/ld+json\" class=\"yoast-schema-graph\">{\"@context\":\"https:\/\/schema.org\",\"@graph\":[{\"@type\":\"WebPage\",\"@id\":\"https:\/\/fullsolutions.info\/produto\/pressao-diferencial-eletronica-deltabar-fmd71\/\",\"url\":\"https:\/\/fullsolutions.info\/produto\/pressao-diferencial-eletronica-deltabar-fmd71\/\",\"name\":\"Press\u00e3o diferencial eletr\u00f4nica Deltabar FMD71 - Full Solutions\",\"isPartOf\":{\"@id\":\"https:\/\/fullsolutions.info\/#website\"},\"primaryImageOfPage\":{\"@id\":\"https:\/\/fullsolutions.info\/produto\/pressao-diferencial-eletronica-deltabar-fmd71\/#primaryimage\"},\"image\":{\"@id\":\"https:\/\/fullsolutions.info\/produto\/pressao-diferencial-eletronica-deltabar-fmd71\/#primaryimage\"},\"thumbnailUrl\":\"https:\/\/mlhff0prgoxu.i.optimole.com\/cb:s0sM.767\/w:auto\/h:auto\/q:mauto\/f:best\/https:\/\/fullsolutions.info\/wp-content\/uploads\/2026\/02\/Deltabar-FMD71.webp\",\"datePublished\":\"2026-02-25T17:22:38+00:00\",\"dateModified\":\"2026-04-13T14:45:10+00:00\",\"description\":\"Press\u00e3o diferencial eletr\u00f4nica Deltabar FMD71 para medi\u00e7\u00e3o precisa de n\u00edvel e vaz\u00e3o, com alta confiabilidade e desempenho em aplica\u00e7\u00f5es industriais.\",\"breadcrumb\":{\"@id\":\"https:\/\/fullsolutions.info\/produto\/pressao-diferencial-eletronica-deltabar-fmd71\/#breadcrumb\"},\"inLanguage\":\"en-US\",\"potentialAction\":[{\"@type\":\"ReadAction\",\"target\":[\"https:\/\/fullsolutions.info\/produto\/pressao-diferencial-eletronica-deltabar-fmd71\/\"]}]},{\"@type\":\"ImageObject\",\"inLanguage\":\"en-US\",\"@id\":\"https:\/\/fullsolutions.info\/produto\/pressao-diferencial-eletronica-deltabar-fmd71\/#primaryimage\",\"url\":\"https:\/\/mlhff0prgoxu.i.optimole.com\/cb:s0sM.767\/w:auto\/h:auto\/q:mauto\/f:best\/https:\/\/fullsolutions.info\/wp-content\/uploads\/2026\/02\/Deltabar-FMD71.webp\",\"contentUrl\":\"https:\/\/mlhff0prgoxu.i.optimole.com\/cb:s0sM.767\/w:auto\/h:auto\/q:mauto\/f:best\/https:\/\/fullsolutions.info\/wp-content\/uploads\/2026\/02\/Deltabar-FMD71.webp\",\"width\":549,\"height\":533},{\"@type\":\"BreadcrumbList\",\"@id\":\"https:\/\/fullsolutions.info\/produto\/pressao-diferencial-eletronica-deltabar-fmd71\/#breadcrumb\",\"itemListElement\":[{\"@type\":\"ListItem\",\"position\":1,\"name\":\"In\u00edcio\",\"item\":\"https:\/\/fullsolutions.info\/\"},{\"@type\":\"ListItem\",\"position\":2,\"name\":\"Produtos\",\"item\":\"https:\/\/fullsolutions.info\/shop\/\"},{\"@type\":\"ListItem\",\"position\":3,\"name\":\"Press\u00e3o diferencial eletr\u00f4nica Deltabar FMD71\"}]},{\"@type\":\"WebSite\",\"@id\":\"https:\/\/fullsolutions.info\/#website\",\"url\":\"https:\/\/fullsolutions.info\/\",\"name\":\"Full Solutions\",\"description\":\"Empresa na \u00c1rea de Procurement\",\"publisher\":{\"@id\":\"https:\/\/fullsolutions.info\/#organization\"},\"potentialAction\":[{\"@type\":\"SearchAction\",\"target\":{\"@type\":\"EntryPoint\",\"urlTemplate\":\"https:\/\/fullsolutions.info\/?s={search_term_string}\"},\"query-input\":{\"@type\":\"PropertyValueSpecification\",\"valueRequired\":true,\"valueName\":\"search_term_string\"}}],\"inLanguage\":\"en-US\"},{\"@type\":\"Organization\",\"@id\":\"https:\/\/fullsolutions.info\/#organization\",\"name\":\"Full Solutions\",\"url\":\"https:\/\/fullsolutions.info\/\",\"logo\":{\"@type\":\"ImageObject\",\"inLanguage\":\"en-US\",\"@id\":\"https:\/\/fullsolutions.info\/#\/schema\/logo\/image\/\",\"url\":\"https:\/\/mlhff0prgoxu.i.optimole.com\/cb:s0sM.767\/w:auto\/h:auto\/q:mauto\/f:best\/https:\/\/fullsolutions.info\/wp-content\/uploads\/2021\/07\/cropped-Design-sem-nome-300x193-1-e1627062664782.png\",\"contentUrl\":\"https:\/\/mlhff0prgoxu.i.optimole.com\/cb:s0sM.767\/w:auto\/h:auto\/q:mauto\/f:best\/https:\/\/fullsolutions.info\/wp-content\/uploads\/2021\/07\/cropped-Design-sem-nome-300x193-1-e1627062664782.png\",\"width\":202,\"height\":155,\"caption\":\"Full Solutions\"},\"image\":{\"@id\":\"https:\/\/fullsolutions.info\/#\/schema\/logo\/image\/\"},\"sameAs\":[\"https:\/\/www.linkedin.com\/company\/full-solutions-equipment\"]}]}<\/script>\n<!-- \/ Yoast SEO plugin. -->","yoast_head_json":{"title":"Press\u00e3o diferencial eletr\u00f4nica Deltabar FMD71 - Full Solutions","description":"Press\u00e3o diferencial eletr\u00f4nica Deltabar FMD71 para medi\u00e7\u00e3o precisa de n\u00edvel e vaz\u00e3o, com alta confiabilidade e desempenho em aplica\u00e7\u00f5es industriais.","robots":{"index":"index","follow":"follow","max-snippet":"max-snippet:-1","max-image-preview":"max-image-preview:large","max-video-preview":"max-video-preview:-1"},"canonical":"https:\/\/fullsolutions.info\/en\/product\/pressao-diferencial-eletronica-deltabar-fmd71\/","og_locale":"en_US","og_type":"article","og_title":"Press\u00e3o diferencial eletr\u00f4nica Deltabar FMD71 - Full Solutions","og_description":"Press\u00e3o diferencial eletr\u00f4nica Deltabar FMD71 para medi\u00e7\u00e3o precisa de n\u00edvel e vaz\u00e3o, com alta confiabilidade e desempenho em aplica\u00e7\u00f5es industriais.","og_url":"https:\/\/fullsolutions.info\/en\/product\/pressao-diferencial-eletronica-deltabar-fmd71\/","og_site_name":"Full Solutions","article_modified_time":"2026-04-13T14:45:10+00:00","og_image":[{"width":549,"height":533,"url":"https:\/\/mlhff0prgoxu.i.optimole.com\/cb:s0sM.767\/w:auto\/h:auto\/q:mauto\/f:best\/https:\/\/fullsolutions.info\/wp-content\/uploads\/2026\/02\/Deltabar-FMD71.webp","type":"image\/webp"}],"twitter_card":"summary_large_image","twitter_misc":{"Est. reading time":"2 minutes"},"schema":{"@context":"https:\/\/schema.org","@graph":[{"@type":"WebPage","@id":"https:\/\/fullsolutions.info\/produto\/pressao-diferencial-eletronica-deltabar-fmd71\/","url":"https:\/\/fullsolutions.info\/produto\/pressao-diferencial-eletronica-deltabar-fmd71\/","name":"Press\u00e3o diferencial eletr\u00f4nica Deltabar FMD71 - Full Solutions","isPartOf":{"@id":"https:\/\/fullsolutions.info\/#website"},"primaryImageOfPage":{"@id":"https:\/\/fullsolutions.info\/produto\/pressao-diferencial-eletronica-deltabar-fmd71\/#primaryimage"},"image":{"@id":"https:\/\/fullsolutions.info\/produto\/pressao-diferencial-eletronica-deltabar-fmd71\/#primaryimage"},"thumbnailUrl":"https:\/\/mlhff0prgoxu.i.optimole.com\/cb:s0sM.767\/w:auto\/h:auto\/q:mauto\/f:best\/https:\/\/fullsolutions.info\/wp-content\/uploads\/2026\/02\/Deltabar-FMD71.webp","datePublished":"2026-02-25T17:22:38+00:00","dateModified":"2026-04-13T14:45:10+00:00","description":"Press\u00e3o diferencial eletr\u00f4nica Deltabar FMD71 para medi\u00e7\u00e3o precisa de n\u00edvel e vaz\u00e3o, com alta confiabilidade e desempenho em aplica\u00e7\u00f5es industriais.","breadcrumb":{"@id":"https:\/\/fullsolutions.info\/produto\/pressao-diferencial-eletronica-deltabar-fmd71\/#breadcrumb"},"inLanguage":"en-US","potentialAction":[{"@type":"ReadAction","target":["https:\/\/fullsolutions.info\/produto\/pressao-diferencial-eletronica-deltabar-fmd71\/"]}]},{"@type":"ImageObject","inLanguage":"en-US","@id":"https:\/\/fullsolutions.info\/produto\/pressao-diferencial-eletronica-deltabar-fmd71\/#primaryimage","url":"https:\/\/mlhff0prgoxu.i.optimole.com\/cb:s0sM.767\/w:auto\/h:auto\/q:mauto\/f:best\/https:\/\/fullsolutions.info\/wp-content\/uploads\/2026\/02\/Deltabar-FMD71.webp","contentUrl":"https:\/\/mlhff0prgoxu.i.optimole.com\/cb:s0sM.767\/w:auto\/h:auto\/q:mauto\/f:best\/https:\/\/fullsolutions.info\/wp-content\/uploads\/2026\/02\/Deltabar-FMD71.webp","width":549,"height":533},{"@type":"BreadcrumbList","@id":"https:\/\/fullsolutions.info\/produto\/pressao-diferencial-eletronica-deltabar-fmd71\/#breadcrumb","itemListElement":[{"@type":"ListItem","position":1,"name":"In\u00edcio","item":"https:\/\/fullsolutions.info\/"},{"@type":"ListItem","position":2,"name":"Produtos","item":"https:\/\/fullsolutions.info\/shop\/"},{"@type":"ListItem","position":3,"name":"Press\u00e3o diferencial eletr\u00f4nica Deltabar FMD71"}]},{"@type":"WebSite","@id":"https:\/\/fullsolutions.info\/#website","url":"https:\/\/fullsolutions.info\/","name":"Full Solutions","description":"Empresa na \u00c1rea de Procurement","publisher":{"@id":"https:\/\/fullsolutions.info\/#organization"},"potentialAction":[{"@type":"SearchAction","target":{"@type":"EntryPoint","urlTemplate":"https:\/\/fullsolutions.info\/?s={search_term_string}"},"query-input":{"@type":"PropertyValueSpecification","valueRequired":true,"valueName":"search_term_string"}}],"inLanguage":"en-US"},{"@type":"Organization","@id":"https:\/\/fullsolutions.info\/#organization","name":"Full Solutions","url":"https:\/\/fullsolutions.info\/","logo":{"@type":"ImageObject","inLanguage":"en-US","@id":"https:\/\/fullsolutions.info\/#\/schema\/logo\/image\/","url":"https:\/\/mlhff0prgoxu.i.optimole.com\/cb:s0sM.767\/w:auto\/h:auto\/q:mauto\/f:best\/https:\/\/fullsolutions.info\/wp-content\/uploads\/2021\/07\/cropped-Design-sem-nome-300x193-1-e1627062664782.png","contentUrl":"https:\/\/mlhff0prgoxu.i.optimole.com\/cb:s0sM.767\/w:auto\/h:auto\/q:mauto\/f:best\/https:\/\/fullsolutions.info\/wp-content\/uploads\/2021\/07\/cropped-Design-sem-nome-300x193-1-e1627062664782.png","width":202,"height":155,"caption":"Full Solutions"},"image":{"@id":"https:\/\/fullsolutions.info\/#\/schema\/logo\/image\/"},"sameAs":["https:\/\/www.linkedin.com\/company\/full-solutions-equipment"]}]}},"_links":{"self":[{"href":"https:\/\/fullsolutions.info\/en\/wp-json\/wp\/v2\/product\/6293","targetHints":{"allow":["GET"]}}],"collection":[{"href":"https:\/\/fullsolutions.info\/en\/wp-json\/wp\/v2\/product"}],"about":[{"href":"https:\/\/fullsolutions.info\/en\/wp-json\/wp\/v2\/types\/product"}],"replies":[{"embeddable":true,"href":"https:\/\/fullsolutions.info\/en\/wp-json\/wp\/v2\/comments?post=6293"}],"wp:featuredmedia":[{"embeddable":true,"href":"https:\/\/fullsolutions.info\/en\/wp-json\/wp\/v2\/media\/6294"}],"wp:attachment":[{"href":"https:\/\/fullsolutions.info\/en\/wp-json\/wp\/v2\/media?parent=6293"}],"wp:term":[{"taxonomy":"product_brand","embeddable":true,"href":"https:\/\/fullsolutions.info\/en\/wp-json\/wp\/v2\/product_brand?post=6293"},{"taxonomy":"product_cat","embeddable":true,"href":"https:\/\/fullsolutions.info\/en\/wp-json\/wp\/v2\/product_cat?post=6293"},{"taxonomy":"product_tag","embeddable":true,"href":"https:\/\/fullsolutions.info\/en\/wp-json\/wp\/v2\/product_tag?post=6293"},{"taxonomy":"marca","embeddable":true,"href":"https:\/\/fullsolutions.info\/en\/wp-json\/wp\/v2\/marca?post=6293"}],"curies":[{"name":"wp","href":"https:\/\/api.w.org\/{rel}","templated":true}]}}