{"id":6291,"date":"2026-02-25T14:16:55","date_gmt":"2026-02-25T17:16:55","guid":{"rendered":"https:\/\/fullsolutions.info\/?post_type=product&#038;p=6291"},"modified":"2026-04-13T14:25:54","modified_gmt":"2026-04-13T17:25:54","slug":"micropilot-fmr30b","status":"publish","type":"product","link":"https:\/\/fullsolutions.info\/en\/product\/micropilot-fmr30b\/","title":{"rendered":"Micropilot FMR30B"},"content":{"rendered":"<p data-start=\"103\" data-end=\"350\">O <strong data-start=\"105\" data-end=\"126\">Micropilot FMR30B<\/strong> realiza medi\u00e7\u00e3o cont\u00ednua e sem contato de n\u00edvel com tecnologia de 80 GHz. Al\u00e9m disso, o <strong data-start=\"215\" data-end=\"236\">Micropilot FMR30B<\/strong> oferece instala\u00e7\u00e3o e comissionamento r\u00e1pidos. Isso ocorre porque o design \u00e9 simples e inclui assistentes guiados.<\/p>\n<p data-start=\"352\" data-end=\"589\">O usu\u00e1rio acessa o <strong data-start=\"371\" data-end=\"392\">Micropilot FMR30B<\/strong> remotamente via Bluetooth. Alternativamente, ele opera o equipamento localmente pelo display colorido com touchscreen. Dessa forma, o sistema garante facilidade de opera\u00e7\u00e3o em diferentes cen\u00e1rios.<\/p>\n<p data-start=\"591\" data-end=\"793\">Al\u00e9m disso, a tecnologia Heartbeat permite verifica\u00e7\u00e3o de processo sob demanda. Assim, o <strong data-start=\"680\" data-end=\"701\">Micropilot FMR30B<\/strong> fornece diagn\u00f3sticos em tempo real. Como resultado, o sistema reduz o tempo de inatividade.<\/p>\n<p data-start=\"795\" data-end=\"917\">O equipamento possui design compacto. Portanto, o <strong data-start=\"845\" data-end=\"866\">Micropilot FMR30B<\/strong> se adapta facilmente a locais com espa\u00e7o reduzido.<\/p>\n<hr data-start=\"919\" data-end=\"922\" \/>\n<h3 data-section-id=\"s7u0l0\" data-start=\"924\" data-end=\"942\"><span role=\"text\"><strong data-start=\"928\" data-end=\"942\">Aplica\u00e7\u00f5es<\/strong><\/span><\/h3>\n<p data-start=\"944\" data-end=\"1107\">O Micropilot FMR30B atua como radar de onda livre para medi\u00e7\u00e3o de n\u00edvel em l\u00edquidos e s\u00f3lidos. Al\u00e9m disso, o Micropilot FMR30B possui alcance de at\u00e9 30 m (98 p\u00e9s).<\/p>\n<p data-start=\"1109\" data-end=\"1308\">O equipamento atende aplica\u00e7\u00f5es de utilidades em diversas ind\u00fastrias. Por exemplo, ele funciona em \u00e1gua, esgoto e efluentes. Tamb\u00e9m se aplica a opera\u00e7\u00f5es b\u00e1sicas em minera\u00e7\u00e3o e ind\u00fastria aliment\u00edcia.<\/p>\n<p data-start=\"1310\" data-end=\"1346\">O Micropilot FMR30B \u00e9 adequado para:<\/p>\n<ul data-start=\"1348\" data-end=\"1565\">\n<li data-section-id=\"g45ghp\" data-start=\"1348\" data-end=\"1367\">Tanques abertos<\/li>\n<li data-section-id=\"14mt1r2\" data-start=\"1368\" data-end=\"1393\">Monitoramento de rios<\/li>\n<li data-section-id=\"1ik1t8l\" data-start=\"1394\" data-end=\"1414\">Gest\u00e3o de esgoto<\/li>\n<li data-section-id=\"nm1cbk\" data-start=\"1415\" data-end=\"1453\">Esta\u00e7\u00f5es de bombeamento e eleva\u00e7\u00e3o<\/li>\n<li data-section-id=\"19x6g8w\" data-start=\"1454\" data-end=\"1481\">Medi\u00e7\u00e3o em canal aberto<\/li>\n<li data-section-id=\"145alnj\" data-start=\"1482\" data-end=\"1516\">Tanques IBC e de armazenamento<\/li>\n<li data-section-id=\"1nuk6ci\" data-start=\"1517\" data-end=\"1526\">Silos<\/li>\n<li data-section-id=\"1g36cd5\" data-start=\"1527\" data-end=\"1539\">Armaz\u00e9ns<\/li>\n<li data-section-id=\"80gcl9\" data-start=\"1540\" data-end=\"1565\">Transporte pneum\u00e1tico<\/li>\n<\/ul>","protected":false},"excerpt":{"rendered":"<p>O Micropilot FMR30B realiza medi\u00e7\u00e3o cont\u00ednua e sem contato de n\u00edvel com tecnologia de 80 GHz. Al\u00e9m disso, o Micropilot FMR30B oferece instala\u00e7\u00e3o e comissionamento r\u00e1pidos. Isso ocorre porque o design \u00e9 simples e inclui assistentes guiados. O usu\u00e1rio acessa o Micropilot FMR30B remotamente via Bluetooth. Alternativamente, ele opera o equipamento localmente pelo display colorido com touchscreen. Dessa forma, o sistema garante facilidade de opera\u00e7\u00e3o em diferentes cen\u00e1rios. Al\u00e9m disso, a tecnologia Heartbeat permite verifica\u00e7\u00e3o de processo sob demanda. Assim, o Micropilot FMR30B fornece diagn\u00f3sticos em tempo real. Como resultado, o sistema reduz o tempo de inatividade. O equipamento possui design compacto. Portanto, o Micropilot FMR30B se adapta facilmente a locais com espa\u00e7o reduzido. Aplica\u00e7\u00f5es O Micropilot FMR30B atua como radar de onda livre para medi\u00e7\u00e3o de n\u00edvel em l\u00edquidos e s\u00f3lidos. Al\u00e9m disso, o Micropilot FMR30B possui alcance de at\u00e9 30 m (98 p\u00e9s). O equipamento atende aplica\u00e7\u00f5es de utilidades em diversas ind\u00fastrias. Por exemplo, ele funciona em \u00e1gua, esgoto e efluentes. Tamb\u00e9m se aplica a opera\u00e7\u00f5es b\u00e1sicas em minera\u00e7\u00e3o e ind\u00fastria aliment\u00edcia. O Micropilot FMR30B \u00e9 adequado para: Tanques abertos Monitoramento de rios Gest\u00e3o de esgoto Esta\u00e7\u00f5es de bombeamento e eleva\u00e7\u00e3o Medi\u00e7\u00e3o em canal aberto Tanques IBC e de armazenamento Silos Armaz\u00e9ns Transporte pneum\u00e1tico<\/p>","protected":false},"featured_media":6292,"comment_status":"open","ping_status":"closed","template":"","meta":{"_joinchat":[]},"product_brand":[],"product_cat":[175],"product_tag":[],"marca":[147],"class_list":{"0":"post-6291","1":"product","2":"type-product","3":"status-publish","4":"has-post-thumbnail","6":"product_cat-medicao","7":"marca-endresshauser","9":"first","10":"instock","11":"shipping-taxable","12":"product-type-simple"},"yoast_head":"<!-- This site is optimized with the Yoast SEO plugin v27.2 - https:\/\/yoast.com\/product\/yoast-seo-wordpress\/ -->\n<title>Micropilot FMR30B - Full Solutions Endress+Hauser<\/title>\n<meta name=\"description\" content=\"Micropilot FMR30B \u00e9 um transmissor de n\u00edvel radar sem contato, ideal para medi\u00e7\u00f5es precisas, com alta confiabilidade e f\u00e1cil instala\u00e7\u00e3o.\" \/>\n<meta name=\"robots\" content=\"index, follow, max-snippet:-1, max-image-preview:large, max-video-preview:-1\" \/>\n<link rel=\"canonical\" href=\"https:\/\/fullsolutions.info\/en\/product\/micropilot-fmr30b\/\" \/>\n<meta property=\"og:locale\" content=\"en_US\" \/>\n<meta property=\"og:type\" content=\"article\" \/>\n<meta property=\"og:title\" content=\"Micropilot FMR30B - Full Solutions Endress+Hauser\" \/>\n<meta property=\"og:description\" content=\"Micropilot FMR30B \u00e9 um transmissor de n\u00edvel radar sem contato, ideal para medi\u00e7\u00f5es precisas, com alta confiabilidade e f\u00e1cil instala\u00e7\u00e3o.\" \/>\n<meta property=\"og:url\" content=\"https:\/\/fullsolutions.info\/en\/product\/micropilot-fmr30b\/\" \/>\n<meta property=\"og:site_name\" content=\"Full Solutions\" \/>\n<meta property=\"article:modified_time\" content=\"2026-04-13T17:25:54+00:00\" \/>\n<meta property=\"og:image\" content=\"https:\/\/mlhff0prgoxu.i.optimole.com\/cb:s0sM.767\/w:auto\/h:auto\/q:mauto\/f:best\/https:\/\/fullsolutions.info\/wp-content\/uploads\/2026\/02\/Micropilot-FMR30B.webp\" \/>\n\t<meta property=\"og:image:width\" content=\"549\" \/>\n\t<meta property=\"og:image:height\" content=\"533\" \/>\n\t<meta property=\"og:image:type\" content=\"image\/webp\" \/>\n<meta name=\"twitter:card\" content=\"summary_large_image\" \/>\n<meta name=\"twitter:label1\" content=\"Est. reading time\" \/>\n\t<meta name=\"twitter:data1\" content=\"2 minutes\" \/>\n<script type=\"application\/ld+json\" class=\"yoast-schema-graph\">{\"@context\":\"https:\/\/schema.org\",\"@graph\":[{\"@type\":\"WebPage\",\"@id\":\"https:\/\/fullsolutions.info\/produto\/micropilot-fmr30b\/\",\"url\":\"https:\/\/fullsolutions.info\/produto\/micropilot-fmr30b\/\",\"name\":\"Micropilot FMR30B - Full Solutions Endress+Hauser\",\"isPartOf\":{\"@id\":\"https:\/\/fullsolutions.info\/#website\"},\"primaryImageOfPage\":{\"@id\":\"https:\/\/fullsolutions.info\/produto\/micropilot-fmr30b\/#primaryimage\"},\"image\":{\"@id\":\"https:\/\/fullsolutions.info\/produto\/micropilot-fmr30b\/#primaryimage\"},\"thumbnailUrl\":\"https:\/\/mlhff0prgoxu.i.optimole.com\/cb:s0sM.767\/w:auto\/h:auto\/q:mauto\/f:best\/https:\/\/fullsolutions.info\/wp-content\/uploads\/2026\/02\/Micropilot-FMR30B.webp\",\"datePublished\":\"2026-02-25T17:16:55+00:00\",\"dateModified\":\"2026-04-13T17:25:54+00:00\",\"description\":\"Micropilot FMR30B \u00e9 um transmissor de n\u00edvel radar sem contato, ideal para medi\u00e7\u00f5es precisas, com alta confiabilidade e f\u00e1cil instala\u00e7\u00e3o.\",\"breadcrumb\":{\"@id\":\"https:\/\/fullsolutions.info\/produto\/micropilot-fmr30b\/#breadcrumb\"},\"inLanguage\":\"en-US\",\"potentialAction\":[{\"@type\":\"ReadAction\",\"target\":[\"https:\/\/fullsolutions.info\/produto\/micropilot-fmr30b\/\"]}]},{\"@type\":\"ImageObject\",\"inLanguage\":\"en-US\",\"@id\":\"https:\/\/fullsolutions.info\/produto\/micropilot-fmr30b\/#primaryimage\",\"url\":\"https:\/\/mlhff0prgoxu.i.optimole.com\/cb:s0sM.767\/w:auto\/h:auto\/q:mauto\/f:best\/https:\/\/fullsolutions.info\/wp-content\/uploads\/2026\/02\/Micropilot-FMR30B.webp\",\"contentUrl\":\"https:\/\/mlhff0prgoxu.i.optimole.com\/cb:s0sM.767\/w:auto\/h:auto\/q:mauto\/f:best\/https:\/\/fullsolutions.info\/wp-content\/uploads\/2026\/02\/Micropilot-FMR30B.webp\",\"width\":549,\"height\":533},{\"@type\":\"BreadcrumbList\",\"@id\":\"https:\/\/fullsolutions.info\/produto\/micropilot-fmr30b\/#breadcrumb\",\"itemListElement\":[{\"@type\":\"ListItem\",\"position\":1,\"name\":\"In\u00edcio\",\"item\":\"https:\/\/fullsolutions.info\/\"},{\"@type\":\"ListItem\",\"position\":2,\"name\":\"Produtos\",\"item\":\"https:\/\/fullsolutions.info\/shop\/\"},{\"@type\":\"ListItem\",\"position\":3,\"name\":\"Micropilot FMR30B\"}]},{\"@type\":\"WebSite\",\"@id\":\"https:\/\/fullsolutions.info\/#website\",\"url\":\"https:\/\/fullsolutions.info\/\",\"name\":\"Full Solutions\",\"description\":\"Empresa na \u00c1rea de Procurement\",\"publisher\":{\"@id\":\"https:\/\/fullsolutions.info\/#organization\"},\"potentialAction\":[{\"@type\":\"SearchAction\",\"target\":{\"@type\":\"EntryPoint\",\"urlTemplate\":\"https:\/\/fullsolutions.info\/?s={search_term_string}\"},\"query-input\":{\"@type\":\"PropertyValueSpecification\",\"valueRequired\":true,\"valueName\":\"search_term_string\"}}],\"inLanguage\":\"en-US\"},{\"@type\":\"Organization\",\"@id\":\"https:\/\/fullsolutions.info\/#organization\",\"name\":\"Full Solutions\",\"url\":\"https:\/\/fullsolutions.info\/\",\"logo\":{\"@type\":\"ImageObject\",\"inLanguage\":\"en-US\",\"@id\":\"https:\/\/fullsolutions.info\/#\/schema\/logo\/image\/\",\"url\":\"https:\/\/mlhff0prgoxu.i.optimole.com\/cb:s0sM.767\/w:auto\/h:auto\/q:mauto\/f:best\/https:\/\/fullsolutions.info\/wp-content\/uploads\/2021\/07\/cropped-Design-sem-nome-300x193-1-e1627062664782.png\",\"contentUrl\":\"https:\/\/mlhff0prgoxu.i.optimole.com\/cb:s0sM.767\/w:auto\/h:auto\/q:mauto\/f:best\/https:\/\/fullsolutions.info\/wp-content\/uploads\/2021\/07\/cropped-Design-sem-nome-300x193-1-e1627062664782.png\",\"width\":202,\"height\":155,\"caption\":\"Full Solutions\"},\"image\":{\"@id\":\"https:\/\/fullsolutions.info\/#\/schema\/logo\/image\/\"},\"sameAs\":[\"https:\/\/www.linkedin.com\/company\/full-solutions-equipment\"]}]}<\/script>\n<!-- \/ Yoast SEO plugin. -->","yoast_head_json":{"title":"Micropilot FMR30B - Full Solutions Endress+Hauser","description":"Micropilot FMR30B \u00e9 um transmissor de n\u00edvel radar sem contato, ideal para medi\u00e7\u00f5es precisas, com alta confiabilidade e f\u00e1cil instala\u00e7\u00e3o.","robots":{"index":"index","follow":"follow","max-snippet":"max-snippet:-1","max-image-preview":"max-image-preview:large","max-video-preview":"max-video-preview:-1"},"canonical":"https:\/\/fullsolutions.info\/en\/product\/micropilot-fmr30b\/","og_locale":"en_US","og_type":"article","og_title":"Micropilot FMR30B - Full Solutions Endress+Hauser","og_description":"Micropilot FMR30B \u00e9 um transmissor de n\u00edvel radar sem contato, ideal para medi\u00e7\u00f5es precisas, com alta confiabilidade e f\u00e1cil instala\u00e7\u00e3o.","og_url":"https:\/\/fullsolutions.info\/en\/product\/micropilot-fmr30b\/","og_site_name":"Full Solutions","article_modified_time":"2026-04-13T17:25:54+00:00","og_image":[{"width":549,"height":533,"url":"https:\/\/mlhff0prgoxu.i.optimole.com\/cb:s0sM.767\/w:auto\/h:auto\/q:mauto\/f:best\/https:\/\/fullsolutions.info\/wp-content\/uploads\/2026\/02\/Micropilot-FMR30B.webp","type":"image\/webp"}],"twitter_card":"summary_large_image","twitter_misc":{"Est. reading time":"2 minutes"},"schema":{"@context":"https:\/\/schema.org","@graph":[{"@type":"WebPage","@id":"https:\/\/fullsolutions.info\/produto\/micropilot-fmr30b\/","url":"https:\/\/fullsolutions.info\/produto\/micropilot-fmr30b\/","name":"Micropilot FMR30B - Full Solutions Endress+Hauser","isPartOf":{"@id":"https:\/\/fullsolutions.info\/#website"},"primaryImageOfPage":{"@id":"https:\/\/fullsolutions.info\/produto\/micropilot-fmr30b\/#primaryimage"},"image":{"@id":"https:\/\/fullsolutions.info\/produto\/micropilot-fmr30b\/#primaryimage"},"thumbnailUrl":"https:\/\/mlhff0prgoxu.i.optimole.com\/cb:s0sM.767\/w:auto\/h:auto\/q:mauto\/f:best\/https:\/\/fullsolutions.info\/wp-content\/uploads\/2026\/02\/Micropilot-FMR30B.webp","datePublished":"2026-02-25T17:16:55+00:00","dateModified":"2026-04-13T17:25:54+00:00","description":"Micropilot FMR30B \u00e9 um transmissor de n\u00edvel radar sem contato, ideal para medi\u00e7\u00f5es precisas, com alta confiabilidade e f\u00e1cil instala\u00e7\u00e3o.","breadcrumb":{"@id":"https:\/\/fullsolutions.info\/produto\/micropilot-fmr30b\/#breadcrumb"},"inLanguage":"en-US","potentialAction":[{"@type":"ReadAction","target":["https:\/\/fullsolutions.info\/produto\/micropilot-fmr30b\/"]}]},{"@type":"ImageObject","inLanguage":"en-US","@id":"https:\/\/fullsolutions.info\/produto\/micropilot-fmr30b\/#primaryimage","url":"https:\/\/mlhff0prgoxu.i.optimole.com\/cb:s0sM.767\/w:auto\/h:auto\/q:mauto\/f:best\/https:\/\/fullsolutions.info\/wp-content\/uploads\/2026\/02\/Micropilot-FMR30B.webp","contentUrl":"https:\/\/mlhff0prgoxu.i.optimole.com\/cb:s0sM.767\/w:auto\/h:auto\/q:mauto\/f:best\/https:\/\/fullsolutions.info\/wp-content\/uploads\/2026\/02\/Micropilot-FMR30B.webp","width":549,"height":533},{"@type":"BreadcrumbList","@id":"https:\/\/fullsolutions.info\/produto\/micropilot-fmr30b\/#breadcrumb","itemListElement":[{"@type":"ListItem","position":1,"name":"In\u00edcio","item":"https:\/\/fullsolutions.info\/"},{"@type":"ListItem","position":2,"name":"Produtos","item":"https:\/\/fullsolutions.info\/shop\/"},{"@type":"ListItem","position":3,"name":"Micropilot FMR30B"}]},{"@type":"WebSite","@id":"https:\/\/fullsolutions.info\/#website","url":"https:\/\/fullsolutions.info\/","name":"Full Solutions","description":"Empresa na \u00c1rea de Procurement","publisher":{"@id":"https:\/\/fullsolutions.info\/#organization"},"potentialAction":[{"@type":"SearchAction","target":{"@type":"EntryPoint","urlTemplate":"https:\/\/fullsolutions.info\/?s={search_term_string}"},"query-input":{"@type":"PropertyValueSpecification","valueRequired":true,"valueName":"search_term_string"}}],"inLanguage":"en-US"},{"@type":"Organization","@id":"https:\/\/fullsolutions.info\/#organization","name":"Full Solutions","url":"https:\/\/fullsolutions.info\/","logo":{"@type":"ImageObject","inLanguage":"en-US","@id":"https:\/\/fullsolutions.info\/#\/schema\/logo\/image\/","url":"https:\/\/mlhff0prgoxu.i.optimole.com\/cb:s0sM.767\/w:auto\/h:auto\/q:mauto\/f:best\/https:\/\/fullsolutions.info\/wp-content\/uploads\/2021\/07\/cropped-Design-sem-nome-300x193-1-e1627062664782.png","contentUrl":"https:\/\/mlhff0prgoxu.i.optimole.com\/cb:s0sM.767\/w:auto\/h:auto\/q:mauto\/f:best\/https:\/\/fullsolutions.info\/wp-content\/uploads\/2021\/07\/cropped-Design-sem-nome-300x193-1-e1627062664782.png","width":202,"height":155,"caption":"Full Solutions"},"image":{"@id":"https:\/\/fullsolutions.info\/#\/schema\/logo\/image\/"},"sameAs":["https:\/\/www.linkedin.com\/company\/full-solutions-equipment"]}]}},"_links":{"self":[{"href":"https:\/\/fullsolutions.info\/en\/wp-json\/wp\/v2\/product\/6291","targetHints":{"allow":["GET"]}}],"collection":[{"href":"https:\/\/fullsolutions.info\/en\/wp-json\/wp\/v2\/product"}],"about":[{"href":"https:\/\/fullsolutions.info\/en\/wp-json\/wp\/v2\/types\/product"}],"replies":[{"embeddable":true,"href":"https:\/\/fullsolutions.info\/en\/wp-json\/wp\/v2\/comments?post=6291"}],"wp:featuredmedia":[{"embeddable":true,"href":"https:\/\/fullsolutions.info\/en\/wp-json\/wp\/v2\/media\/6292"}],"wp:attachment":[{"href":"https:\/\/fullsolutions.info\/en\/wp-json\/wp\/v2\/media?parent=6291"}],"wp:term":[{"taxonomy":"product_brand","embeddable":true,"href":"https:\/\/fullsolutions.info\/en\/wp-json\/wp\/v2\/product_brand?post=6291"},{"taxonomy":"product_cat","embeddable":true,"href":"https:\/\/fullsolutions.info\/en\/wp-json\/wp\/v2\/product_cat?post=6291"},{"taxonomy":"product_tag","embeddable":true,"href":"https:\/\/fullsolutions.info\/en\/wp-json\/wp\/v2\/product_tag?post=6291"},{"taxonomy":"marca","embeddable":true,"href":"https:\/\/fullsolutions.info\/en\/wp-json\/wp\/v2\/marca?post=6291"}],"curies":[{"name":"wp","href":"https:\/\/api.w.org\/{rel}","templated":true}]}}