{"id":6287,"date":"2026-02-25T14:02:42","date_gmt":"2026-02-25T17:02:42","guid":{"rendered":"https:\/\/fullsolutions.info\/?post_type=product&#038;p=6287"},"modified":"2026-04-13T11:54:45","modified_gmt":"2026-04-13T14:54:45","slug":"flexview-fma90-unidade-de-controle-para-medicao-de-nivel-e-vazao-2","status":"publish","type":"product","link":"https:\/\/fullsolutions.info\/en\/product\/flexview-fma90-unidade-de-controle-para-medicao-de-nivel-e-vazao-2\/","title":{"rendered":"FlexView FMA90 &#8211; unidade de controle para medi\u00e7\u00e3o de n\u00edvel e vaz\u00e3o"},"content":{"rendered":"<h3 class=\"eh-headline-03 eh-p-b eh-m-t-xxlg\">Campo de aplica\u00e7\u00e3o<\/h3>\n<p class=\"eh-p-v\"><span dir=\"auto\">O FlexView FMA90 \u00e9 uma unidade de controle para sensores de radar, ultrass\u00f4nicos e hidrost\u00e1ticos ou de n\u00edvel universal de 4-20 mA. Ele conecta at\u00e9 dois sensores simultaneamente e fornece 8 sa\u00eddas de comuta\u00e7\u00e3o digital. Dispon\u00edvel nas vers\u00f5es para instala\u00e7\u00e3o em campo, trilho DIN e painel, garante uma instala\u00e7\u00e3o perfeita em ambientes de campo e pain\u00e9is de controle. Seu design robusto e controle por toque intuitivo o tornam ideal para diversas aplica\u00e7\u00f5es nos setores de \u00e1gua, esgoto e res\u00edduos, bem como em opera\u00e7\u00f5es de servi\u00e7os p\u00fablicos em todos os setores.<\/span><\/p>\n<div class=\"eh-p-b-lg\"><\/div>\n<div class=\"eh-rich-content-content\" data-cs-pcueid=\"F5ajbD\">\n<p class=\"eh-generic--text\"><span dir=\"auto\">O FlexView FMA90 \u00e9 adequado para uma ampla gama de aplica\u00e7\u00f5es:<\/span><\/p>\n<ul class=\"eh-list-01 eh-generic--list\">\n<li class=\"eh-list--item\">\n<p class=\"eh-generic--text\"><span dir=\"auto\">Escoamento em canal aberto sob condi\u00e7\u00f5es clim\u00e1ticas vari\u00e1veis.<\/span><\/p>\n<\/li>\n<li class=\"eh-list--item\">\n<p class=\"eh-generic--text\"><span dir=\"auto\">Controle de rastelos em casos de s\u00f3lidos ou sedimentos em suspens\u00e3o.<\/span><\/p>\n<\/li>\n<li class=\"eh-list--item\">\n<p class=\"eh-generic--text\"><span dir=\"auto\">Controle de bombas em instala\u00e7\u00f5es com espa\u00e7o limitado.<\/span><\/p>\n<\/li>\n<li class=\"eh-list--item\">\n<p class=\"eh-generic--text\"><span dir=\"auto\">Bacia de \u00e1guas pluviais em locais de medi\u00e7\u00e3o remotos<\/span><\/p>\n<\/li>\n<\/ul>\n<\/div>","protected":false},"excerpt":{"rendered":"<p>Campo de aplica\u00e7\u00e3o O FlexView FMA90 \u00e9 uma unidade de controle para sensores de radar, ultrass\u00f4nicos e hidrost\u00e1ticos ou de n\u00edvel universal de 4-20 mA. Ele conecta at\u00e9 dois sensores simultaneamente e fornece 8 sa\u00eddas de comuta\u00e7\u00e3o digital. Dispon\u00edvel nas vers\u00f5es para instala\u00e7\u00e3o em campo, trilho DIN e painel, garante uma instala\u00e7\u00e3o perfeita em ambientes de campo e pain\u00e9is de controle. Seu design robusto e controle por toque intuitivo o tornam ideal para diversas aplica\u00e7\u00f5es nos setores de \u00e1gua, esgoto e res\u00edduos, bem como em opera\u00e7\u00f5es de servi\u00e7os p\u00fablicos em todos os setores. O FlexView FMA90 \u00e9 adequado para uma ampla gama de aplica\u00e7\u00f5es: Escoamento em canal aberto sob condi\u00e7\u00f5es clim\u00e1ticas vari\u00e1veis. Controle de rastelos em casos de s\u00f3lidos ou sedimentos em suspens\u00e3o. Controle de bombas em instala\u00e7\u00f5es com espa\u00e7o limitado. Bacia de \u00e1guas pluviais em locais de medi\u00e7\u00e3o remotos<\/p>","protected":false},"featured_media":6288,"comment_status":"open","ping_status":"closed","template":"","meta":{"_joinchat":[]},"product_brand":[],"product_cat":[175],"product_tag":[],"marca":[147],"class_list":{"0":"post-6287","1":"product","2":"type-product","3":"status-publish","4":"has-post-thumbnail","6":"product_cat-medicao","7":"marca-endresshauser","9":"first","10":"instock","11":"shipping-taxable","12":"product-type-simple"},"yoast_head":"<!-- This site is optimized with the Yoast SEO plugin v27.2 - https:\/\/yoast.com\/product\/yoast-seo-wordpress\/ -->\n<title>FlexView FMA90 - unidade de controle para medi\u00e7\u00e3o de n\u00edvel e vaz\u00e3o - Full Solutions<\/title>\n<meta name=\"description\" content=\"FlexView FMA90 \u00e9 uma unidade de controle para medi\u00e7\u00e3o de n\u00edvel e vaz\u00e3o, com opera\u00e7\u00e3o intuitiva, precis\u00e3o e integra\u00e7\u00e3o eficiente em processos industriais.\" \/>\n<meta name=\"robots\" content=\"index, follow, max-snippet:-1, max-image-preview:large, max-video-preview:-1\" \/>\n<link rel=\"canonical\" href=\"https:\/\/fullsolutions.info\/en\/product\/flexview-fma90-unidade-de-controle-para-medicao-de-nivel-e-vazao-2\/\" \/>\n<meta property=\"og:locale\" content=\"en_US\" \/>\n<meta property=\"og:type\" content=\"article\" \/>\n<meta property=\"og:title\" content=\"FlexView FMA90 - unidade de controle para medi\u00e7\u00e3o de n\u00edvel e vaz\u00e3o - Full Solutions\" \/>\n<meta property=\"og:description\" content=\"FlexView FMA90 \u00e9 uma unidade de controle para medi\u00e7\u00e3o de n\u00edvel e vaz\u00e3o, com opera\u00e7\u00e3o intuitiva, precis\u00e3o e integra\u00e7\u00e3o eficiente em processos industriais.\" \/>\n<meta property=\"og:url\" content=\"https:\/\/fullsolutions.info\/en\/product\/flexview-fma90-unidade-de-controle-para-medicao-de-nivel-e-vazao-2\/\" \/>\n<meta property=\"og:site_name\" content=\"Full Solutions\" \/>\n<meta property=\"article:modified_time\" content=\"2026-04-13T14:54:45+00:00\" \/>\n<meta property=\"og:image\" content=\"https:\/\/mlhff0prgoxu.i.optimole.com\/cb:s0sM.767\/w:auto\/h:auto\/q:mauto\/f:best\/https:\/\/fullsolutions.info\/wp-content\/uploads\/2026\/02\/FlexView_FMA90_PP_01.webp\" \/>\n\t<meta property=\"og:image:width\" content=\"549\" \/>\n\t<meta property=\"og:image:height\" content=\"533\" \/>\n\t<meta property=\"og:image:type\" content=\"image\/webp\" \/>\n<meta name=\"twitter:card\" content=\"summary_large_image\" \/>\n<meta name=\"twitter:label1\" content=\"Est. reading time\" \/>\n\t<meta name=\"twitter:data1\" content=\"1 minute\" \/>\n<script type=\"application\/ld+json\" class=\"yoast-schema-graph\">{\"@context\":\"https:\/\/schema.org\",\"@graph\":[{\"@type\":\"WebPage\",\"@id\":\"https:\/\/fullsolutions.info\/produto\/flexview-fma90-unidade-de-controle-para-medicao-de-nivel-e-vazao-2\/\",\"url\":\"https:\/\/fullsolutions.info\/produto\/flexview-fma90-unidade-de-controle-para-medicao-de-nivel-e-vazao-2\/\",\"name\":\"FlexView FMA90 - unidade de controle para medi\u00e7\u00e3o de n\u00edvel e vaz\u00e3o - Full Solutions\",\"isPartOf\":{\"@id\":\"https:\/\/fullsolutions.info\/#website\"},\"primaryImageOfPage\":{\"@id\":\"https:\/\/fullsolutions.info\/produto\/flexview-fma90-unidade-de-controle-para-medicao-de-nivel-e-vazao-2\/#primaryimage\"},\"image\":{\"@id\":\"https:\/\/fullsolutions.info\/produto\/flexview-fma90-unidade-de-controle-para-medicao-de-nivel-e-vazao-2\/#primaryimage\"},\"thumbnailUrl\":\"https:\/\/mlhff0prgoxu.i.optimole.com\/cb:s0sM.767\/w:auto\/h:auto\/q:mauto\/f:best\/https:\/\/fullsolutions.info\/wp-content\/uploads\/2026\/02\/FlexView_FMA90_PP_01.webp\",\"datePublished\":\"2026-02-25T17:02:42+00:00\",\"dateModified\":\"2026-04-13T14:54:45+00:00\",\"description\":\"FlexView FMA90 \u00e9 uma unidade de controle para medi\u00e7\u00e3o de n\u00edvel e vaz\u00e3o, com opera\u00e7\u00e3o intuitiva, precis\u00e3o e integra\u00e7\u00e3o eficiente em processos industriais.\",\"breadcrumb\":{\"@id\":\"https:\/\/fullsolutions.info\/produto\/flexview-fma90-unidade-de-controle-para-medicao-de-nivel-e-vazao-2\/#breadcrumb\"},\"inLanguage\":\"en-US\",\"potentialAction\":[{\"@type\":\"ReadAction\",\"target\":[\"https:\/\/fullsolutions.info\/produto\/flexview-fma90-unidade-de-controle-para-medicao-de-nivel-e-vazao-2\/\"]}]},{\"@type\":\"ImageObject\",\"inLanguage\":\"en-US\",\"@id\":\"https:\/\/fullsolutions.info\/produto\/flexview-fma90-unidade-de-controle-para-medicao-de-nivel-e-vazao-2\/#primaryimage\",\"url\":\"https:\/\/mlhff0prgoxu.i.optimole.com\/cb:s0sM.767\/w:auto\/h:auto\/q:mauto\/f:best\/https:\/\/fullsolutions.info\/wp-content\/uploads\/2026\/02\/FlexView_FMA90_PP_01.webp\",\"contentUrl\":\"https:\/\/mlhff0prgoxu.i.optimole.com\/cb:s0sM.767\/w:auto\/h:auto\/q:mauto\/f:best\/https:\/\/fullsolutions.info\/wp-content\/uploads\/2026\/02\/FlexView_FMA90_PP_01.webp\",\"width\":549,\"height\":533},{\"@type\":\"BreadcrumbList\",\"@id\":\"https:\/\/fullsolutions.info\/produto\/flexview-fma90-unidade-de-controle-para-medicao-de-nivel-e-vazao-2\/#breadcrumb\",\"itemListElement\":[{\"@type\":\"ListItem\",\"position\":1,\"name\":\"In\u00edcio\",\"item\":\"https:\/\/fullsolutions.info\/\"},{\"@type\":\"ListItem\",\"position\":2,\"name\":\"Produtos\",\"item\":\"https:\/\/fullsolutions.info\/shop\/\"},{\"@type\":\"ListItem\",\"position\":3,\"name\":\"FlexView FMA90 &#8211; unidade de controle para medi\u00e7\u00e3o de n\u00edvel e vaz\u00e3o\"}]},{\"@type\":\"WebSite\",\"@id\":\"https:\/\/fullsolutions.info\/#website\",\"url\":\"https:\/\/fullsolutions.info\/\",\"name\":\"Full Solutions\",\"description\":\"Empresa na \u00c1rea de Procurement\",\"publisher\":{\"@id\":\"https:\/\/fullsolutions.info\/#organization\"},\"potentialAction\":[{\"@type\":\"SearchAction\",\"target\":{\"@type\":\"EntryPoint\",\"urlTemplate\":\"https:\/\/fullsolutions.info\/?s={search_term_string}\"},\"query-input\":{\"@type\":\"PropertyValueSpecification\",\"valueRequired\":true,\"valueName\":\"search_term_string\"}}],\"inLanguage\":\"en-US\"},{\"@type\":\"Organization\",\"@id\":\"https:\/\/fullsolutions.info\/#organization\",\"name\":\"Full Solutions\",\"url\":\"https:\/\/fullsolutions.info\/\",\"logo\":{\"@type\":\"ImageObject\",\"inLanguage\":\"en-US\",\"@id\":\"https:\/\/fullsolutions.info\/#\/schema\/logo\/image\/\",\"url\":\"https:\/\/mlhff0prgoxu.i.optimole.com\/cb:s0sM.767\/w:auto\/h:auto\/q:mauto\/f:best\/https:\/\/fullsolutions.info\/wp-content\/uploads\/2021\/07\/cropped-Design-sem-nome-300x193-1-e1627062664782.png\",\"contentUrl\":\"https:\/\/mlhff0prgoxu.i.optimole.com\/cb:s0sM.767\/w:auto\/h:auto\/q:mauto\/f:best\/https:\/\/fullsolutions.info\/wp-content\/uploads\/2021\/07\/cropped-Design-sem-nome-300x193-1-e1627062664782.png\",\"width\":202,\"height\":155,\"caption\":\"Full Solutions\"},\"image\":{\"@id\":\"https:\/\/fullsolutions.info\/#\/schema\/logo\/image\/\"},\"sameAs\":[\"https:\/\/www.linkedin.com\/company\/full-solutions-equipment\"]}]}<\/script>\n<!-- \/ Yoast SEO plugin. -->","yoast_head_json":{"title":"FlexView FMA90 - unidade de controle para medi\u00e7\u00e3o de n\u00edvel e vaz\u00e3o - Full Solutions","description":"FlexView FMA90 \u00e9 uma unidade de controle para medi\u00e7\u00e3o de n\u00edvel e vaz\u00e3o, com opera\u00e7\u00e3o intuitiva, precis\u00e3o e integra\u00e7\u00e3o eficiente em processos industriais.","robots":{"index":"index","follow":"follow","max-snippet":"max-snippet:-1","max-image-preview":"max-image-preview:large","max-video-preview":"max-video-preview:-1"},"canonical":"https:\/\/fullsolutions.info\/en\/product\/flexview-fma90-unidade-de-controle-para-medicao-de-nivel-e-vazao-2\/","og_locale":"en_US","og_type":"article","og_title":"FlexView FMA90 - unidade de controle para medi\u00e7\u00e3o de n\u00edvel e vaz\u00e3o - Full Solutions","og_description":"FlexView FMA90 \u00e9 uma unidade de controle para medi\u00e7\u00e3o de n\u00edvel e vaz\u00e3o, com opera\u00e7\u00e3o intuitiva, precis\u00e3o e integra\u00e7\u00e3o eficiente em processos industriais.","og_url":"https:\/\/fullsolutions.info\/en\/product\/flexview-fma90-unidade-de-controle-para-medicao-de-nivel-e-vazao-2\/","og_site_name":"Full Solutions","article_modified_time":"2026-04-13T14:54:45+00:00","og_image":[{"width":549,"height":533,"url":"https:\/\/mlhff0prgoxu.i.optimole.com\/cb:s0sM.767\/w:auto\/h:auto\/q:mauto\/f:best\/https:\/\/fullsolutions.info\/wp-content\/uploads\/2026\/02\/FlexView_FMA90_PP_01.webp","type":"image\/webp"}],"twitter_card":"summary_large_image","twitter_misc":{"Est. reading time":"1 minute"},"schema":{"@context":"https:\/\/schema.org","@graph":[{"@type":"WebPage","@id":"https:\/\/fullsolutions.info\/produto\/flexview-fma90-unidade-de-controle-para-medicao-de-nivel-e-vazao-2\/","url":"https:\/\/fullsolutions.info\/produto\/flexview-fma90-unidade-de-controle-para-medicao-de-nivel-e-vazao-2\/","name":"FlexView FMA90 - unidade de controle para medi\u00e7\u00e3o de n\u00edvel e vaz\u00e3o - Full Solutions","isPartOf":{"@id":"https:\/\/fullsolutions.info\/#website"},"primaryImageOfPage":{"@id":"https:\/\/fullsolutions.info\/produto\/flexview-fma90-unidade-de-controle-para-medicao-de-nivel-e-vazao-2\/#primaryimage"},"image":{"@id":"https:\/\/fullsolutions.info\/produto\/flexview-fma90-unidade-de-controle-para-medicao-de-nivel-e-vazao-2\/#primaryimage"},"thumbnailUrl":"https:\/\/mlhff0prgoxu.i.optimole.com\/cb:s0sM.767\/w:auto\/h:auto\/q:mauto\/f:best\/https:\/\/fullsolutions.info\/wp-content\/uploads\/2026\/02\/FlexView_FMA90_PP_01.webp","datePublished":"2026-02-25T17:02:42+00:00","dateModified":"2026-04-13T14:54:45+00:00","description":"FlexView FMA90 \u00e9 uma unidade de controle para medi\u00e7\u00e3o de n\u00edvel e vaz\u00e3o, com opera\u00e7\u00e3o intuitiva, precis\u00e3o e integra\u00e7\u00e3o eficiente em processos industriais.","breadcrumb":{"@id":"https:\/\/fullsolutions.info\/produto\/flexview-fma90-unidade-de-controle-para-medicao-de-nivel-e-vazao-2\/#breadcrumb"},"inLanguage":"en-US","potentialAction":[{"@type":"ReadAction","target":["https:\/\/fullsolutions.info\/produto\/flexview-fma90-unidade-de-controle-para-medicao-de-nivel-e-vazao-2\/"]}]},{"@type":"ImageObject","inLanguage":"en-US","@id":"https:\/\/fullsolutions.info\/produto\/flexview-fma90-unidade-de-controle-para-medicao-de-nivel-e-vazao-2\/#primaryimage","url":"https:\/\/mlhff0prgoxu.i.optimole.com\/cb:s0sM.767\/w:auto\/h:auto\/q:mauto\/f:best\/https:\/\/fullsolutions.info\/wp-content\/uploads\/2026\/02\/FlexView_FMA90_PP_01.webp","contentUrl":"https:\/\/mlhff0prgoxu.i.optimole.com\/cb:s0sM.767\/w:auto\/h:auto\/q:mauto\/f:best\/https:\/\/fullsolutions.info\/wp-content\/uploads\/2026\/02\/FlexView_FMA90_PP_01.webp","width":549,"height":533},{"@type":"BreadcrumbList","@id":"https:\/\/fullsolutions.info\/produto\/flexview-fma90-unidade-de-controle-para-medicao-de-nivel-e-vazao-2\/#breadcrumb","itemListElement":[{"@type":"ListItem","position":1,"name":"In\u00edcio","item":"https:\/\/fullsolutions.info\/"},{"@type":"ListItem","position":2,"name":"Produtos","item":"https:\/\/fullsolutions.info\/shop\/"},{"@type":"ListItem","position":3,"name":"FlexView FMA90 &#8211; unidade de controle para medi\u00e7\u00e3o de n\u00edvel e vaz\u00e3o"}]},{"@type":"WebSite","@id":"https:\/\/fullsolutions.info\/#website","url":"https:\/\/fullsolutions.info\/","name":"Full Solutions","description":"Empresa na \u00c1rea de Procurement","publisher":{"@id":"https:\/\/fullsolutions.info\/#organization"},"potentialAction":[{"@type":"SearchAction","target":{"@type":"EntryPoint","urlTemplate":"https:\/\/fullsolutions.info\/?s={search_term_string}"},"query-input":{"@type":"PropertyValueSpecification","valueRequired":true,"valueName":"search_term_string"}}],"inLanguage":"en-US"},{"@type":"Organization","@id":"https:\/\/fullsolutions.info\/#organization","name":"Full Solutions","url":"https:\/\/fullsolutions.info\/","logo":{"@type":"ImageObject","inLanguage":"en-US","@id":"https:\/\/fullsolutions.info\/#\/schema\/logo\/image\/","url":"https:\/\/mlhff0prgoxu.i.optimole.com\/cb:s0sM.767\/w:auto\/h:auto\/q:mauto\/f:best\/https:\/\/fullsolutions.info\/wp-content\/uploads\/2021\/07\/cropped-Design-sem-nome-300x193-1-e1627062664782.png","contentUrl":"https:\/\/mlhff0prgoxu.i.optimole.com\/cb:s0sM.767\/w:auto\/h:auto\/q:mauto\/f:best\/https:\/\/fullsolutions.info\/wp-content\/uploads\/2021\/07\/cropped-Design-sem-nome-300x193-1-e1627062664782.png","width":202,"height":155,"caption":"Full Solutions"},"image":{"@id":"https:\/\/fullsolutions.info\/#\/schema\/logo\/image\/"},"sameAs":["https:\/\/www.linkedin.com\/company\/full-solutions-equipment"]}]}},"_links":{"self":[{"href":"https:\/\/fullsolutions.info\/en\/wp-json\/wp\/v2\/product\/6287","targetHints":{"allow":["GET"]}}],"collection":[{"href":"https:\/\/fullsolutions.info\/en\/wp-json\/wp\/v2\/product"}],"about":[{"href":"https:\/\/fullsolutions.info\/en\/wp-json\/wp\/v2\/types\/product"}],"replies":[{"embeddable":true,"href":"https:\/\/fullsolutions.info\/en\/wp-json\/wp\/v2\/comments?post=6287"}],"wp:featuredmedia":[{"embeddable":true,"href":"https:\/\/fullsolutions.info\/en\/wp-json\/wp\/v2\/media\/6288"}],"wp:attachment":[{"href":"https:\/\/fullsolutions.info\/en\/wp-json\/wp\/v2\/media?parent=6287"}],"wp:term":[{"taxonomy":"product_brand","embeddable":true,"href":"https:\/\/fullsolutions.info\/en\/wp-json\/wp\/v2\/product_brand?post=6287"},{"taxonomy":"product_cat","embeddable":true,"href":"https:\/\/fullsolutions.info\/en\/wp-json\/wp\/v2\/product_cat?post=6287"},{"taxonomy":"product_tag","embeddable":true,"href":"https:\/\/fullsolutions.info\/en\/wp-json\/wp\/v2\/product_tag?post=6287"},{"taxonomy":"marca","embeddable":true,"href":"https:\/\/fullsolutions.info\/en\/wp-json\/wp\/v2\/marca?post=6287"}],"curies":[{"name":"wp","href":"https:\/\/api.w.org\/{rel}","templated":true}]}}