{"id":6285,"date":"2026-02-25T13:58:55","date_gmt":"2026-02-25T16:58:55","guid":{"rendered":"https:\/\/fullsolutions.info\/?post_type=product&#038;p=6285"},"modified":"2026-04-13T11:58:38","modified_gmt":"2026-04-13T14:58:38","slug":"sensor-de-ph-digital-memosens-cps11e","status":"publish","type":"product","link":"https:\/\/fullsolutions.info\/en\/product\/sensor-de-ph-digital-memosens-cps11e\/","title":{"rendered":"Sensor de pH digital Memosens CPS11E"},"content":{"rendered":"<p class=\"eh-p-v\">O Memosens CPS11E \u00e9 o tudo-em-um para processos est\u00e1veis. Ele mede com confian\u00e7a at\u00e9 mesmo em faixas de pH extremas ou \u00e1reas classificadas. Gra\u00e7as \u00e0 tecnologia digital Memosens 2.0, o sensor de pH resiste \u00e0 umidade e permite a calibra\u00e7\u00e3o em laborat\u00f3rio, aumentando a seguran\u00e7a do processo e simplificando a opera\u00e7\u00e3o. Seu armazenamento ampliado de dados de calibra\u00e7\u00e3o e processo oferece a base perfeita para a manuten\u00e7\u00e3o preditiva. Desenvolvido para longa vida \u00fatil e pouca manuten\u00e7\u00e3o, o Memosens CPS11E oferece uma excelente rela\u00e7\u00e3o custo\/benef\u00edcio.<\/p>\n<div class=\"eh-p-b-lg\"><\/div>\n<div class=\"eh-rich-content-content\">\n<ul class=\"eh-list-01 eh-generic--list\">\n<li class=\"eh-list--item\">\n<p class=\"eh-generic--text\">Monitoramento em longo prazo e limite de monitoramento de processos com condi\u00e7\u00f5es est\u00e1veis:<br \/>\n&#8211; Ind\u00fastria qu\u00edmica<br \/>\n&#8211; Ind\u00fastria de papel<br \/>\n&#8211; Usinas de energia (por ex. arruelas de g\u00e1s de combust\u00e3o, \u00e1gua para alimenta\u00e7\u00e3o da caldeira)<br \/>\n&#8211; Usinas de incinera\u00e7\u00e3o<\/p>\n<\/li>\n<\/ul>\n<ul class=\"eh-list-01 eh-generic--list\">\n<li class=\"eh-list--item\">\n<p class=\"eh-generic--text\">Tratamento de \u00e1gua e efluentes:<br \/>\n&#8211; \u00c1gua pot\u00e1vel<br \/>\n&#8211; \u00c1gua de resfriamento<br \/>\n&#8211; \u00c1gua de po\u00e7o<br \/>\n&#8211; Esta\u00e7\u00f5es de tratamento de efluentes<\/p>\n<\/li>\n<\/ul>\n<p class=\"eh-generic--text\">Com aprova\u00e7\u00f5es ATEX, IECEx, CSA C\/US, NEPSI, Jap\u00e3o, INMETRO para uso em \u00e1reas classificadas, zonas 0, 1 e 2.<\/p>\n<\/div>","protected":false},"excerpt":{"rendered":"<p>O Memosens CPS11E \u00e9 o tudo-em-um para processos est\u00e1veis. Ele mede com confian\u00e7a at\u00e9 mesmo em faixas de pH extremas ou \u00e1reas classificadas. Gra\u00e7as \u00e0 tecnologia digital Memosens 2.0, o sensor de pH resiste \u00e0 umidade e permite a calibra\u00e7\u00e3o em laborat\u00f3rio, aumentando a seguran\u00e7a do processo e simplificando a opera\u00e7\u00e3o. Seu armazenamento ampliado de dados de calibra\u00e7\u00e3o e processo oferece a base perfeita para a manuten\u00e7\u00e3o preditiva. Desenvolvido para longa vida \u00fatil e pouca manuten\u00e7\u00e3o, o Memosens CPS11E oferece uma excelente rela\u00e7\u00e3o custo\/benef\u00edcio. Monitoramento em longo prazo e limite de monitoramento de processos com condi\u00e7\u00f5es est\u00e1veis: &#8211; Ind\u00fastria qu\u00edmica &#8211; Ind\u00fastria de papel &#8211; Usinas de energia (por ex. arruelas de g\u00e1s de combust\u00e3o, \u00e1gua para alimenta\u00e7\u00e3o da caldeira) &#8211; Usinas de incinera\u00e7\u00e3o Tratamento de \u00e1gua e efluentes: &#8211; \u00c1gua pot\u00e1vel &#8211; \u00c1gua de resfriamento &#8211; \u00c1gua de po\u00e7o &#8211; Esta\u00e7\u00f5es de tratamento de efluentes Com aprova\u00e7\u00f5es ATEX, IECEx, CSA C\/US, NEPSI, Jap\u00e3o, INMETRO para uso em \u00e1reas classificadas, zonas 0, 1 e 2.<\/p>","protected":false},"featured_media":6286,"comment_status":"open","ping_status":"closed","template":"","meta":{"_joinchat":[]},"product_brand":[],"product_cat":[175],"product_tag":[],"marca":[147],"class_list":{"0":"post-6285","1":"product","2":"type-product","3":"status-publish","4":"has-post-thumbnail","6":"product_cat-medicao","7":"marca-endresshauser","9":"first","10":"instock","11":"shipping-taxable","12":"product-type-simple"},"yoast_head":"<!-- This site is optimized with the Yoast SEO plugin v27.2 - https:\/\/yoast.com\/product\/yoast-seo-wordpress\/ -->\n<title>Sensor de pH digital Memosens CPS11E - Full Solutions<\/title>\n<meta name=\"description\" content=\"Sensor de pH digital Memosens CPS11E para medi\u00e7\u00e3o precisa em processos industriais e de \u00e1gua, com tecnologia Memosens, confiabilidade e f\u00e1cil manuten\u00e7\u00e3o.\" \/>\n<meta name=\"robots\" content=\"index, follow, max-snippet:-1, max-image-preview:large, max-video-preview:-1\" \/>\n<link rel=\"canonical\" href=\"https:\/\/fullsolutions.info\/en\/product\/sensor-de-ph-digital-memosens-cps11e\/\" \/>\n<meta property=\"og:locale\" content=\"en_US\" \/>\n<meta property=\"og:type\" content=\"article\" \/>\n<meta property=\"og:title\" content=\"Sensor de pH digital Memosens CPS11E - Full Solutions\" \/>\n<meta property=\"og:description\" content=\"Sensor de pH digital Memosens CPS11E para medi\u00e7\u00e3o precisa em processos industriais e de \u00e1gua, com tecnologia Memosens, confiabilidade e f\u00e1cil manuten\u00e7\u00e3o.\" \/>\n<meta property=\"og:url\" content=\"https:\/\/fullsolutions.info\/en\/product\/sensor-de-ph-digital-memosens-cps11e\/\" \/>\n<meta property=\"og:site_name\" content=\"Full Solutions\" \/>\n<meta property=\"article:modified_time\" content=\"2026-04-13T14:58:38+00:00\" \/>\n<meta property=\"og:image\" content=\"https:\/\/mlhff0prgoxu.i.optimole.com\/cb:s0sM.767\/w:auto\/h:auto\/q:mauto\/f:best\/https:\/\/fullsolutions.info\/wp-content\/uploads\/2026\/02\/Sensor-de-pH-digital.png\" \/>\n\t<meta property=\"og:image:width\" content=\"549\" \/>\n\t<meta property=\"og:image:height\" content=\"533\" \/>\n\t<meta property=\"og:image:type\" content=\"image\/png\" \/>\n<meta name=\"twitter:card\" content=\"summary_large_image\" \/>\n<meta name=\"twitter:label1\" content=\"Est. reading time\" \/>\n\t<meta name=\"twitter:data1\" content=\"2 minutes\" \/>\n<script type=\"application\/ld+json\" class=\"yoast-schema-graph\">{\"@context\":\"https:\/\/schema.org\",\"@graph\":[{\"@type\":\"WebPage\",\"@id\":\"https:\/\/fullsolutions.info\/produto\/sensor-de-ph-digital-memosens-cps11e\/\",\"url\":\"https:\/\/fullsolutions.info\/produto\/sensor-de-ph-digital-memosens-cps11e\/\",\"name\":\"Sensor de pH digital Memosens CPS11E - Full Solutions\",\"isPartOf\":{\"@id\":\"https:\/\/fullsolutions.info\/#website\"},\"primaryImageOfPage\":{\"@id\":\"https:\/\/fullsolutions.info\/produto\/sensor-de-ph-digital-memosens-cps11e\/#primaryimage\"},\"image\":{\"@id\":\"https:\/\/fullsolutions.info\/produto\/sensor-de-ph-digital-memosens-cps11e\/#primaryimage\"},\"thumbnailUrl\":\"https:\/\/mlhff0prgoxu.i.optimole.com\/cb:s0sM.767\/w:auto\/h:auto\/q:mauto\/f:best\/https:\/\/fullsolutions.info\/wp-content\/uploads\/2026\/02\/Sensor-de-pH-digital.png\",\"datePublished\":\"2026-02-25T16:58:55+00:00\",\"dateModified\":\"2026-04-13T14:58:38+00:00\",\"description\":\"Sensor de pH digital Memosens CPS11E para medi\u00e7\u00e3o precisa em processos industriais e de \u00e1gua, com tecnologia Memosens, confiabilidade e f\u00e1cil manuten\u00e7\u00e3o.\",\"breadcrumb\":{\"@id\":\"https:\/\/fullsolutions.info\/produto\/sensor-de-ph-digital-memosens-cps11e\/#breadcrumb\"},\"inLanguage\":\"en-US\",\"potentialAction\":[{\"@type\":\"ReadAction\",\"target\":[\"https:\/\/fullsolutions.info\/produto\/sensor-de-ph-digital-memosens-cps11e\/\"]}]},{\"@type\":\"ImageObject\",\"inLanguage\":\"en-US\",\"@id\":\"https:\/\/fullsolutions.info\/produto\/sensor-de-ph-digital-memosens-cps11e\/#primaryimage\",\"url\":\"https:\/\/mlhff0prgoxu.i.optimole.com\/cb:s0sM.767\/w:auto\/h:auto\/q:mauto\/f:best\/https:\/\/fullsolutions.info\/wp-content\/uploads\/2026\/02\/Sensor-de-pH-digital.png\",\"contentUrl\":\"https:\/\/mlhff0prgoxu.i.optimole.com\/cb:s0sM.767\/w:auto\/h:auto\/q:mauto\/f:best\/https:\/\/fullsolutions.info\/wp-content\/uploads\/2026\/02\/Sensor-de-pH-digital.png\",\"width\":549,\"height\":533},{\"@type\":\"BreadcrumbList\",\"@id\":\"https:\/\/fullsolutions.info\/produto\/sensor-de-ph-digital-memosens-cps11e\/#breadcrumb\",\"itemListElement\":[{\"@type\":\"ListItem\",\"position\":1,\"name\":\"In\u00edcio\",\"item\":\"https:\/\/fullsolutions.info\/\"},{\"@type\":\"ListItem\",\"position\":2,\"name\":\"Produtos\",\"item\":\"https:\/\/fullsolutions.info\/shop\/\"},{\"@type\":\"ListItem\",\"position\":3,\"name\":\"Sensor de pH digital Memosens CPS11E\"}]},{\"@type\":\"WebSite\",\"@id\":\"https:\/\/fullsolutions.info\/#website\",\"url\":\"https:\/\/fullsolutions.info\/\",\"name\":\"Full Solutions\",\"description\":\"Empresa na \u00c1rea de Procurement\",\"publisher\":{\"@id\":\"https:\/\/fullsolutions.info\/#organization\"},\"potentialAction\":[{\"@type\":\"SearchAction\",\"target\":{\"@type\":\"EntryPoint\",\"urlTemplate\":\"https:\/\/fullsolutions.info\/?s={search_term_string}\"},\"query-input\":{\"@type\":\"PropertyValueSpecification\",\"valueRequired\":true,\"valueName\":\"search_term_string\"}}],\"inLanguage\":\"en-US\"},{\"@type\":\"Organization\",\"@id\":\"https:\/\/fullsolutions.info\/#organization\",\"name\":\"Full Solutions\",\"url\":\"https:\/\/fullsolutions.info\/\",\"logo\":{\"@type\":\"ImageObject\",\"inLanguage\":\"en-US\",\"@id\":\"https:\/\/fullsolutions.info\/#\/schema\/logo\/image\/\",\"url\":\"https:\/\/mlhff0prgoxu.i.optimole.com\/cb:s0sM.767\/w:auto\/h:auto\/q:mauto\/f:best\/https:\/\/fullsolutions.info\/wp-content\/uploads\/2021\/07\/cropped-Design-sem-nome-300x193-1-e1627062664782.png\",\"contentUrl\":\"https:\/\/mlhff0prgoxu.i.optimole.com\/cb:s0sM.767\/w:auto\/h:auto\/q:mauto\/f:best\/https:\/\/fullsolutions.info\/wp-content\/uploads\/2021\/07\/cropped-Design-sem-nome-300x193-1-e1627062664782.png\",\"width\":202,\"height\":155,\"caption\":\"Full Solutions\"},\"image\":{\"@id\":\"https:\/\/fullsolutions.info\/#\/schema\/logo\/image\/\"},\"sameAs\":[\"https:\/\/www.linkedin.com\/company\/full-solutions-equipment\"]}]}<\/script>\n<!-- \/ Yoast SEO plugin. -->","yoast_head_json":{"title":"Sensor de pH digital Memosens CPS11E - Full Solutions","description":"Sensor de pH digital Memosens CPS11E para medi\u00e7\u00e3o precisa em processos industriais e de \u00e1gua, com tecnologia Memosens, confiabilidade e f\u00e1cil manuten\u00e7\u00e3o.","robots":{"index":"index","follow":"follow","max-snippet":"max-snippet:-1","max-image-preview":"max-image-preview:large","max-video-preview":"max-video-preview:-1"},"canonical":"https:\/\/fullsolutions.info\/en\/product\/sensor-de-ph-digital-memosens-cps11e\/","og_locale":"en_US","og_type":"article","og_title":"Sensor de pH digital Memosens CPS11E - Full Solutions","og_description":"Sensor de pH digital Memosens CPS11E para medi\u00e7\u00e3o precisa em processos industriais e de \u00e1gua, com tecnologia Memosens, confiabilidade e f\u00e1cil manuten\u00e7\u00e3o.","og_url":"https:\/\/fullsolutions.info\/en\/product\/sensor-de-ph-digital-memosens-cps11e\/","og_site_name":"Full Solutions","article_modified_time":"2026-04-13T14:58:38+00:00","og_image":[{"width":549,"height":533,"url":"https:\/\/mlhff0prgoxu.i.optimole.com\/cb:s0sM.767\/w:auto\/h:auto\/q:mauto\/f:best\/https:\/\/fullsolutions.info\/wp-content\/uploads\/2026\/02\/Sensor-de-pH-digital.png","type":"image\/png"}],"twitter_card":"summary_large_image","twitter_misc":{"Est. reading time":"2 minutes"},"schema":{"@context":"https:\/\/schema.org","@graph":[{"@type":"WebPage","@id":"https:\/\/fullsolutions.info\/produto\/sensor-de-ph-digital-memosens-cps11e\/","url":"https:\/\/fullsolutions.info\/produto\/sensor-de-ph-digital-memosens-cps11e\/","name":"Sensor de pH digital Memosens CPS11E - Full Solutions","isPartOf":{"@id":"https:\/\/fullsolutions.info\/#website"},"primaryImageOfPage":{"@id":"https:\/\/fullsolutions.info\/produto\/sensor-de-ph-digital-memosens-cps11e\/#primaryimage"},"image":{"@id":"https:\/\/fullsolutions.info\/produto\/sensor-de-ph-digital-memosens-cps11e\/#primaryimage"},"thumbnailUrl":"https:\/\/mlhff0prgoxu.i.optimole.com\/cb:s0sM.767\/w:auto\/h:auto\/q:mauto\/f:best\/https:\/\/fullsolutions.info\/wp-content\/uploads\/2026\/02\/Sensor-de-pH-digital.png","datePublished":"2026-02-25T16:58:55+00:00","dateModified":"2026-04-13T14:58:38+00:00","description":"Sensor de pH digital Memosens CPS11E para medi\u00e7\u00e3o precisa em processos industriais e de \u00e1gua, com tecnologia Memosens, confiabilidade e f\u00e1cil manuten\u00e7\u00e3o.","breadcrumb":{"@id":"https:\/\/fullsolutions.info\/produto\/sensor-de-ph-digital-memosens-cps11e\/#breadcrumb"},"inLanguage":"en-US","potentialAction":[{"@type":"ReadAction","target":["https:\/\/fullsolutions.info\/produto\/sensor-de-ph-digital-memosens-cps11e\/"]}]},{"@type":"ImageObject","inLanguage":"en-US","@id":"https:\/\/fullsolutions.info\/produto\/sensor-de-ph-digital-memosens-cps11e\/#primaryimage","url":"https:\/\/mlhff0prgoxu.i.optimole.com\/cb:s0sM.767\/w:auto\/h:auto\/q:mauto\/f:best\/https:\/\/fullsolutions.info\/wp-content\/uploads\/2026\/02\/Sensor-de-pH-digital.png","contentUrl":"https:\/\/mlhff0prgoxu.i.optimole.com\/cb:s0sM.767\/w:auto\/h:auto\/q:mauto\/f:best\/https:\/\/fullsolutions.info\/wp-content\/uploads\/2026\/02\/Sensor-de-pH-digital.png","width":549,"height":533},{"@type":"BreadcrumbList","@id":"https:\/\/fullsolutions.info\/produto\/sensor-de-ph-digital-memosens-cps11e\/#breadcrumb","itemListElement":[{"@type":"ListItem","position":1,"name":"In\u00edcio","item":"https:\/\/fullsolutions.info\/"},{"@type":"ListItem","position":2,"name":"Produtos","item":"https:\/\/fullsolutions.info\/shop\/"},{"@type":"ListItem","position":3,"name":"Sensor de pH digital Memosens CPS11E"}]},{"@type":"WebSite","@id":"https:\/\/fullsolutions.info\/#website","url":"https:\/\/fullsolutions.info\/","name":"Full Solutions","description":"Empresa na \u00c1rea de Procurement","publisher":{"@id":"https:\/\/fullsolutions.info\/#organization"},"potentialAction":[{"@type":"SearchAction","target":{"@type":"EntryPoint","urlTemplate":"https:\/\/fullsolutions.info\/?s={search_term_string}"},"query-input":{"@type":"PropertyValueSpecification","valueRequired":true,"valueName":"search_term_string"}}],"inLanguage":"en-US"},{"@type":"Organization","@id":"https:\/\/fullsolutions.info\/#organization","name":"Full Solutions","url":"https:\/\/fullsolutions.info\/","logo":{"@type":"ImageObject","inLanguage":"en-US","@id":"https:\/\/fullsolutions.info\/#\/schema\/logo\/image\/","url":"https:\/\/mlhff0prgoxu.i.optimole.com\/cb:s0sM.767\/w:auto\/h:auto\/q:mauto\/f:best\/https:\/\/fullsolutions.info\/wp-content\/uploads\/2021\/07\/cropped-Design-sem-nome-300x193-1-e1627062664782.png","contentUrl":"https:\/\/mlhff0prgoxu.i.optimole.com\/cb:s0sM.767\/w:auto\/h:auto\/q:mauto\/f:best\/https:\/\/fullsolutions.info\/wp-content\/uploads\/2021\/07\/cropped-Design-sem-nome-300x193-1-e1627062664782.png","width":202,"height":155,"caption":"Full Solutions"},"image":{"@id":"https:\/\/fullsolutions.info\/#\/schema\/logo\/image\/"},"sameAs":["https:\/\/www.linkedin.com\/company\/full-solutions-equipment"]}]}},"_links":{"self":[{"href":"https:\/\/fullsolutions.info\/en\/wp-json\/wp\/v2\/product\/6285","targetHints":{"allow":["GET"]}}],"collection":[{"href":"https:\/\/fullsolutions.info\/en\/wp-json\/wp\/v2\/product"}],"about":[{"href":"https:\/\/fullsolutions.info\/en\/wp-json\/wp\/v2\/types\/product"}],"replies":[{"embeddable":true,"href":"https:\/\/fullsolutions.info\/en\/wp-json\/wp\/v2\/comments?post=6285"}],"wp:featuredmedia":[{"embeddable":true,"href":"https:\/\/fullsolutions.info\/en\/wp-json\/wp\/v2\/media\/6286"}],"wp:attachment":[{"href":"https:\/\/fullsolutions.info\/en\/wp-json\/wp\/v2\/media?parent=6285"}],"wp:term":[{"taxonomy":"product_brand","embeddable":true,"href":"https:\/\/fullsolutions.info\/en\/wp-json\/wp\/v2\/product_brand?post=6285"},{"taxonomy":"product_cat","embeddable":true,"href":"https:\/\/fullsolutions.info\/en\/wp-json\/wp\/v2\/product_cat?post=6285"},{"taxonomy":"product_tag","embeddable":true,"href":"https:\/\/fullsolutions.info\/en\/wp-json\/wp\/v2\/product_tag?post=6285"},{"taxonomy":"marca","embeddable":true,"href":"https:\/\/fullsolutions.info\/en\/wp-json\/wp\/v2\/marca?post=6285"}],"curies":[{"name":"wp","href":"https:\/\/api.w.org\/{rel}","templated":true}]}}