{"id":6279,"date":"2026-02-25T09:48:26","date_gmt":"2026-02-25T12:48:26","guid":{"rendered":"https:\/\/fullsolutions.info\/?post_type=product&#038;p=6279"},"modified":"2026-04-13T13:23:11","modified_gmt":"2026-04-13T16:23:11","slug":"medidor-de-vazao-eletromagnetico-magphant-dti200","status":"publish","type":"product","link":"https:\/\/fullsolutions.info\/en\/product\/medidor-de-vazao-eletromagnetico-magphant-dti200\/","title":{"rendered":"Medidor de vaz\u00e3o eletromagn\u00e9tico Magphant DTI200"},"content":{"rendered":"<h3 class=\"eh-headline-03 eh-p-b eh-m-t-xxlg\">Campo de aplica\u00e7\u00e3o<\/h3>\n<p class=\"eh-p-v\"><span dir=\"auto\">O Magphant, um medidor de vaz\u00e3o compacto e econ\u00f4mico, \u00e9 ideal para aplica\u00e7\u00f5es de \u00e1gua em concession\u00e1rias de servi\u00e7os p\u00fablicos. Sua medi\u00e7\u00e3o confi\u00e1vel com alta repetibilidade permite uso universal e f\u00e1cil, al\u00e9m de garantir a opera\u00e7\u00e3o segura de processos e instala\u00e7\u00f5es.<\/span><\/p>\n<div class=\"eh-rich-content-content\">\n<ul class=\"eh-list-01 eh-generic--list\">\n<li class=\"eh-list--item\">\n<p class=\"eh-generic--text\"><span dir=\"auto\">O princ\u00edpio de medi\u00e7\u00e3o bidirecional \u00e9 praticamente independente de press\u00e3o, densidade, temperatura e viscosidade.<\/span><\/p>\n<\/li>\n<li class=\"eh-list--item\">\n<p class=\"eh-generic--text\"><span dir=\"auto\">Universalmente aplic\u00e1vel a todas as aplica\u00e7\u00f5es de \u00e1gua em servi\u00e7os p\u00fablicos.<\/span><\/p>\n<\/li>\n<\/ul>\n<p>&nbsp;<\/p>\n<p class=\"eh-generic--text\"><strong><span dir=\"auto\">Propriedades do dispositivo<\/span><\/strong><\/p>\n<ul class=\"eh-list-01 eh-generic--list\">\n<li class=\"eh-list--item\">\n<p class=\"eh-generic--text\"><span dir=\"auto\">Design compacto que economiza espa\u00e7o<\/span><\/p>\n<\/li>\n<li class=\"eh-list--item\">\n<p class=\"eh-generic--text\"><span dir=\"auto\">Di\u00e2metro nominal: DN 15 a 2000 (1\/2 a 80&#8243;)<\/span><\/p>\n<\/li>\n<li class=\"eh-list--item\">\n<p class=\"eh-generic--text\"><span dir=\"auto\">Aplic\u00e1vel a tubos de a\u00e7o ou pl\u00e1stico.<\/span><\/p>\n<\/li>\n<li class=\"eh-list--item\">\n<p class=\"eh-generic--text\"><span dir=\"auto\">Ajuste do ponto de comuta\u00e7\u00e3o por meio de interruptor rotativo<\/span><\/p>\n<\/li>\n<li class=\"eh-list--item\">\n<p class=\"eh-generic--text\"><span dir=\"auto\">Sa\u00edda de corrente e sa\u00edda de rel\u00e9<\/span><\/p>\n<\/li>\n<li class=\"eh-list--item\">\n<p class=\"eh-generic--text\"><span dir=\"auto\">ATEX, FM, CSA<\/span><\/p>\n<\/li>\n<\/ul>\n<\/div>","protected":false},"excerpt":{"rendered":"<p>Campo de aplica\u00e7\u00e3o O Magphant, um medidor de vaz\u00e3o compacto e econ\u00f4mico, \u00e9 ideal para aplica\u00e7\u00f5es de \u00e1gua em concession\u00e1rias de servi\u00e7os p\u00fablicos. Sua medi\u00e7\u00e3o confi\u00e1vel com alta repetibilidade permite uso universal e f\u00e1cil, al\u00e9m de garantir a opera\u00e7\u00e3o segura de processos e instala\u00e7\u00f5es. O princ\u00edpio de medi\u00e7\u00e3o bidirecional \u00e9 praticamente independente de press\u00e3o, densidade, temperatura e viscosidade. Universalmente aplic\u00e1vel a todas as aplica\u00e7\u00f5es de \u00e1gua em servi\u00e7os p\u00fablicos. &nbsp; Propriedades do dispositivo Design compacto que economiza espa\u00e7o Di\u00e2metro nominal: DN 15 a 2000 (1\/2 a 80&#8243;) Aplic\u00e1vel a tubos de a\u00e7o ou pl\u00e1stico. Ajuste do ponto de comuta\u00e7\u00e3o por meio de interruptor rotativo Sa\u00edda de corrente e sa\u00edda de rel\u00e9 ATEX, FM, CSA<\/p>","protected":false},"featured_media":6280,"comment_status":"open","ping_status":"closed","template":"","meta":{"_joinchat":[]},"product_brand":[],"product_cat":[175],"product_tag":[],"marca":[147],"class_list":{"0":"post-6279","1":"product","2":"type-product","3":"status-publish","4":"has-post-thumbnail","6":"product_cat-medicao","7":"marca-endresshauser","9":"first","10":"instock","11":"shipping-taxable","12":"product-type-simple"},"yoast_head":"<!-- This site is optimized with the Yoast SEO plugin v27.2 - https:\/\/yoast.com\/product\/yoast-seo-wordpress\/ -->\n<title>Medidor de vaz\u00e3o eletromagn\u00e9tico Magphant DTI200 - Full Solutions<\/title>\n<meta name=\"description\" content=\"Medidor de vaz\u00e3o eletromagn\u00e9tico Magphant DTI200 para medi\u00e7\u00e3o precisa de vaz\u00e3o em l\u00edquidos condutivos, com alta confiabilidade e desempenho nos processos.\" \/>\n<meta name=\"robots\" content=\"index, follow, max-snippet:-1, max-image-preview:large, max-video-preview:-1\" \/>\n<link rel=\"canonical\" href=\"https:\/\/fullsolutions.info\/en\/product\/medidor-de-vazao-eletromagnetico-magphant-dti200\/\" \/>\n<meta property=\"og:locale\" content=\"en_US\" \/>\n<meta property=\"og:type\" content=\"article\" \/>\n<meta property=\"og:title\" content=\"Medidor de vaz\u00e3o eletromagn\u00e9tico Magphant DTI200 - Full Solutions\" \/>\n<meta property=\"og:description\" content=\"Medidor de vaz\u00e3o eletromagn\u00e9tico Magphant DTI200 para medi\u00e7\u00e3o precisa de vaz\u00e3o em l\u00edquidos condutivos, com alta confiabilidade e desempenho nos processos.\" \/>\n<meta property=\"og:url\" content=\"https:\/\/fullsolutions.info\/en\/product\/medidor-de-vazao-eletromagnetico-magphant-dti200\/\" \/>\n<meta property=\"og:site_name\" content=\"Full Solutions\" \/>\n<meta property=\"article:modified_time\" content=\"2026-04-13T16:23:11+00:00\" \/>\n<meta property=\"og:image\" content=\"https:\/\/mlhff0prgoxu.i.optimole.com\/cb:s0sM.767\/w:auto\/h:auto\/q:mauto\/f:best\/https:\/\/fullsolutions.info\/wp-content\/uploads\/2026\/02\/Magphant.webp\" \/>\n\t<meta property=\"og:image:width\" content=\"549\" \/>\n\t<meta property=\"og:image:height\" content=\"533\" \/>\n\t<meta property=\"og:image:type\" content=\"image\/webp\" \/>\n<meta name=\"twitter:card\" content=\"summary_large_image\" \/>\n<meta name=\"twitter:label1\" content=\"Est. reading time\" \/>\n\t<meta name=\"twitter:data1\" content=\"1 minute\" \/>\n<script type=\"application\/ld+json\" class=\"yoast-schema-graph\">{\"@context\":\"https:\/\/schema.org\",\"@graph\":[{\"@type\":\"WebPage\",\"@id\":\"https:\/\/fullsolutions.info\/produto\/medidor-de-vazao-eletromagnetico-magphant-dti200\/\",\"url\":\"https:\/\/fullsolutions.info\/produto\/medidor-de-vazao-eletromagnetico-magphant-dti200\/\",\"name\":\"Medidor de vaz\u00e3o eletromagn\u00e9tico Magphant DTI200 - Full Solutions\",\"isPartOf\":{\"@id\":\"https:\/\/fullsolutions.info\/#website\"},\"primaryImageOfPage\":{\"@id\":\"https:\/\/fullsolutions.info\/produto\/medidor-de-vazao-eletromagnetico-magphant-dti200\/#primaryimage\"},\"image\":{\"@id\":\"https:\/\/fullsolutions.info\/produto\/medidor-de-vazao-eletromagnetico-magphant-dti200\/#primaryimage\"},\"thumbnailUrl\":\"https:\/\/mlhff0prgoxu.i.optimole.com\/cb:s0sM.767\/w:auto\/h:auto\/q:mauto\/f:best\/https:\/\/fullsolutions.info\/wp-content\/uploads\/2026\/02\/Magphant.webp\",\"datePublished\":\"2026-02-25T12:48:26+00:00\",\"dateModified\":\"2026-04-13T16:23:11+00:00\",\"description\":\"Medidor de vaz\u00e3o eletromagn\u00e9tico Magphant DTI200 para medi\u00e7\u00e3o precisa de vaz\u00e3o em l\u00edquidos condutivos, com alta confiabilidade e desempenho nos processos.\",\"breadcrumb\":{\"@id\":\"https:\/\/fullsolutions.info\/produto\/medidor-de-vazao-eletromagnetico-magphant-dti200\/#breadcrumb\"},\"inLanguage\":\"en-US\",\"potentialAction\":[{\"@type\":\"ReadAction\",\"target\":[\"https:\/\/fullsolutions.info\/produto\/medidor-de-vazao-eletromagnetico-magphant-dti200\/\"]}]},{\"@type\":\"ImageObject\",\"inLanguage\":\"en-US\",\"@id\":\"https:\/\/fullsolutions.info\/produto\/medidor-de-vazao-eletromagnetico-magphant-dti200\/#primaryimage\",\"url\":\"https:\/\/mlhff0prgoxu.i.optimole.com\/cb:s0sM.767\/w:auto\/h:auto\/q:mauto\/f:best\/https:\/\/fullsolutions.info\/wp-content\/uploads\/2026\/02\/Magphant.webp\",\"contentUrl\":\"https:\/\/mlhff0prgoxu.i.optimole.com\/cb:s0sM.767\/w:auto\/h:auto\/q:mauto\/f:best\/https:\/\/fullsolutions.info\/wp-content\/uploads\/2026\/02\/Magphant.webp\",\"width\":549,\"height\":533},{\"@type\":\"BreadcrumbList\",\"@id\":\"https:\/\/fullsolutions.info\/produto\/medidor-de-vazao-eletromagnetico-magphant-dti200\/#breadcrumb\",\"itemListElement\":[{\"@type\":\"ListItem\",\"position\":1,\"name\":\"In\u00edcio\",\"item\":\"https:\/\/fullsolutions.info\/\"},{\"@type\":\"ListItem\",\"position\":2,\"name\":\"Produtos\",\"item\":\"https:\/\/fullsolutions.info\/shop\/\"},{\"@type\":\"ListItem\",\"position\":3,\"name\":\"Medidor de vaz\u00e3o eletromagn\u00e9tico Magphant DTI200\"}]},{\"@type\":\"WebSite\",\"@id\":\"https:\/\/fullsolutions.info\/#website\",\"url\":\"https:\/\/fullsolutions.info\/\",\"name\":\"Full Solutions\",\"description\":\"Empresa na \u00c1rea de Procurement\",\"publisher\":{\"@id\":\"https:\/\/fullsolutions.info\/#organization\"},\"potentialAction\":[{\"@type\":\"SearchAction\",\"target\":{\"@type\":\"EntryPoint\",\"urlTemplate\":\"https:\/\/fullsolutions.info\/?s={search_term_string}\"},\"query-input\":{\"@type\":\"PropertyValueSpecification\",\"valueRequired\":true,\"valueName\":\"search_term_string\"}}],\"inLanguage\":\"en-US\"},{\"@type\":\"Organization\",\"@id\":\"https:\/\/fullsolutions.info\/#organization\",\"name\":\"Full Solutions\",\"url\":\"https:\/\/fullsolutions.info\/\",\"logo\":{\"@type\":\"ImageObject\",\"inLanguage\":\"en-US\",\"@id\":\"https:\/\/fullsolutions.info\/#\/schema\/logo\/image\/\",\"url\":\"https:\/\/mlhff0prgoxu.i.optimole.com\/cb:s0sM.767\/w:auto\/h:auto\/q:mauto\/f:best\/https:\/\/fullsolutions.info\/wp-content\/uploads\/2021\/07\/cropped-Design-sem-nome-300x193-1-e1627062664782.png\",\"contentUrl\":\"https:\/\/mlhff0prgoxu.i.optimole.com\/cb:s0sM.767\/w:auto\/h:auto\/q:mauto\/f:best\/https:\/\/fullsolutions.info\/wp-content\/uploads\/2021\/07\/cropped-Design-sem-nome-300x193-1-e1627062664782.png\",\"width\":202,\"height\":155,\"caption\":\"Full Solutions\"},\"image\":{\"@id\":\"https:\/\/fullsolutions.info\/#\/schema\/logo\/image\/\"},\"sameAs\":[\"https:\/\/www.linkedin.com\/company\/full-solutions-equipment\"]}]}<\/script>\n<!-- \/ Yoast SEO plugin. -->","yoast_head_json":{"title":"Medidor de vaz\u00e3o eletromagn\u00e9tico Magphant DTI200 - Full Solutions","description":"Medidor de vaz\u00e3o eletromagn\u00e9tico Magphant DTI200 para medi\u00e7\u00e3o precisa de vaz\u00e3o em l\u00edquidos condutivos, com alta confiabilidade e desempenho nos processos.","robots":{"index":"index","follow":"follow","max-snippet":"max-snippet:-1","max-image-preview":"max-image-preview:large","max-video-preview":"max-video-preview:-1"},"canonical":"https:\/\/fullsolutions.info\/en\/product\/medidor-de-vazao-eletromagnetico-magphant-dti200\/","og_locale":"en_US","og_type":"article","og_title":"Medidor de vaz\u00e3o eletromagn\u00e9tico Magphant DTI200 - Full Solutions","og_description":"Medidor de vaz\u00e3o eletromagn\u00e9tico Magphant DTI200 para medi\u00e7\u00e3o precisa de vaz\u00e3o em l\u00edquidos condutivos, com alta confiabilidade e desempenho nos processos.","og_url":"https:\/\/fullsolutions.info\/en\/product\/medidor-de-vazao-eletromagnetico-magphant-dti200\/","og_site_name":"Full Solutions","article_modified_time":"2026-04-13T16:23:11+00:00","og_image":[{"width":549,"height":533,"url":"https:\/\/mlhff0prgoxu.i.optimole.com\/cb:s0sM.767\/w:auto\/h:auto\/q:mauto\/f:best\/https:\/\/fullsolutions.info\/wp-content\/uploads\/2026\/02\/Magphant.webp","type":"image\/webp"}],"twitter_card":"summary_large_image","twitter_misc":{"Est. reading time":"1 minute"},"schema":{"@context":"https:\/\/schema.org","@graph":[{"@type":"WebPage","@id":"https:\/\/fullsolutions.info\/produto\/medidor-de-vazao-eletromagnetico-magphant-dti200\/","url":"https:\/\/fullsolutions.info\/produto\/medidor-de-vazao-eletromagnetico-magphant-dti200\/","name":"Medidor de vaz\u00e3o eletromagn\u00e9tico Magphant DTI200 - Full Solutions","isPartOf":{"@id":"https:\/\/fullsolutions.info\/#website"},"primaryImageOfPage":{"@id":"https:\/\/fullsolutions.info\/produto\/medidor-de-vazao-eletromagnetico-magphant-dti200\/#primaryimage"},"image":{"@id":"https:\/\/fullsolutions.info\/produto\/medidor-de-vazao-eletromagnetico-magphant-dti200\/#primaryimage"},"thumbnailUrl":"https:\/\/mlhff0prgoxu.i.optimole.com\/cb:s0sM.767\/w:auto\/h:auto\/q:mauto\/f:best\/https:\/\/fullsolutions.info\/wp-content\/uploads\/2026\/02\/Magphant.webp","datePublished":"2026-02-25T12:48:26+00:00","dateModified":"2026-04-13T16:23:11+00:00","description":"Medidor de vaz\u00e3o eletromagn\u00e9tico Magphant DTI200 para medi\u00e7\u00e3o precisa de vaz\u00e3o em l\u00edquidos condutivos, com alta confiabilidade e desempenho nos processos.","breadcrumb":{"@id":"https:\/\/fullsolutions.info\/produto\/medidor-de-vazao-eletromagnetico-magphant-dti200\/#breadcrumb"},"inLanguage":"en-US","potentialAction":[{"@type":"ReadAction","target":["https:\/\/fullsolutions.info\/produto\/medidor-de-vazao-eletromagnetico-magphant-dti200\/"]}]},{"@type":"ImageObject","inLanguage":"en-US","@id":"https:\/\/fullsolutions.info\/produto\/medidor-de-vazao-eletromagnetico-magphant-dti200\/#primaryimage","url":"https:\/\/mlhff0prgoxu.i.optimole.com\/cb:s0sM.767\/w:auto\/h:auto\/q:mauto\/f:best\/https:\/\/fullsolutions.info\/wp-content\/uploads\/2026\/02\/Magphant.webp","contentUrl":"https:\/\/mlhff0prgoxu.i.optimole.com\/cb:s0sM.767\/w:auto\/h:auto\/q:mauto\/f:best\/https:\/\/fullsolutions.info\/wp-content\/uploads\/2026\/02\/Magphant.webp","width":549,"height":533},{"@type":"BreadcrumbList","@id":"https:\/\/fullsolutions.info\/produto\/medidor-de-vazao-eletromagnetico-magphant-dti200\/#breadcrumb","itemListElement":[{"@type":"ListItem","position":1,"name":"In\u00edcio","item":"https:\/\/fullsolutions.info\/"},{"@type":"ListItem","position":2,"name":"Produtos","item":"https:\/\/fullsolutions.info\/shop\/"},{"@type":"ListItem","position":3,"name":"Medidor de vaz\u00e3o eletromagn\u00e9tico Magphant DTI200"}]},{"@type":"WebSite","@id":"https:\/\/fullsolutions.info\/#website","url":"https:\/\/fullsolutions.info\/","name":"Full Solutions","description":"Empresa na \u00c1rea de Procurement","publisher":{"@id":"https:\/\/fullsolutions.info\/#organization"},"potentialAction":[{"@type":"SearchAction","target":{"@type":"EntryPoint","urlTemplate":"https:\/\/fullsolutions.info\/?s={search_term_string}"},"query-input":{"@type":"PropertyValueSpecification","valueRequired":true,"valueName":"search_term_string"}}],"inLanguage":"en-US"},{"@type":"Organization","@id":"https:\/\/fullsolutions.info\/#organization","name":"Full Solutions","url":"https:\/\/fullsolutions.info\/","logo":{"@type":"ImageObject","inLanguage":"en-US","@id":"https:\/\/fullsolutions.info\/#\/schema\/logo\/image\/","url":"https:\/\/mlhff0prgoxu.i.optimole.com\/cb:s0sM.767\/w:auto\/h:auto\/q:mauto\/f:best\/https:\/\/fullsolutions.info\/wp-content\/uploads\/2021\/07\/cropped-Design-sem-nome-300x193-1-e1627062664782.png","contentUrl":"https:\/\/mlhff0prgoxu.i.optimole.com\/cb:s0sM.767\/w:auto\/h:auto\/q:mauto\/f:best\/https:\/\/fullsolutions.info\/wp-content\/uploads\/2021\/07\/cropped-Design-sem-nome-300x193-1-e1627062664782.png","width":202,"height":155,"caption":"Full Solutions"},"image":{"@id":"https:\/\/fullsolutions.info\/#\/schema\/logo\/image\/"},"sameAs":["https:\/\/www.linkedin.com\/company\/full-solutions-equipment"]}]}},"_links":{"self":[{"href":"https:\/\/fullsolutions.info\/en\/wp-json\/wp\/v2\/product\/6279","targetHints":{"allow":["GET"]}}],"collection":[{"href":"https:\/\/fullsolutions.info\/en\/wp-json\/wp\/v2\/product"}],"about":[{"href":"https:\/\/fullsolutions.info\/en\/wp-json\/wp\/v2\/types\/product"}],"replies":[{"embeddable":true,"href":"https:\/\/fullsolutions.info\/en\/wp-json\/wp\/v2\/comments?post=6279"}],"wp:featuredmedia":[{"embeddable":true,"href":"https:\/\/fullsolutions.info\/en\/wp-json\/wp\/v2\/media\/6280"}],"wp:attachment":[{"href":"https:\/\/fullsolutions.info\/en\/wp-json\/wp\/v2\/media?parent=6279"}],"wp:term":[{"taxonomy":"product_brand","embeddable":true,"href":"https:\/\/fullsolutions.info\/en\/wp-json\/wp\/v2\/product_brand?post=6279"},{"taxonomy":"product_cat","embeddable":true,"href":"https:\/\/fullsolutions.info\/en\/wp-json\/wp\/v2\/product_cat?post=6279"},{"taxonomy":"product_tag","embeddable":true,"href":"https:\/\/fullsolutions.info\/en\/wp-json\/wp\/v2\/product_tag?post=6279"},{"taxonomy":"marca","embeddable":true,"href":"https:\/\/fullsolutions.info\/en\/wp-json\/wp\/v2\/marca?post=6279"}],"curies":[{"name":"wp","href":"https:\/\/api.w.org\/{rel}","templated":true}]}}