{"id":6274,"date":"2026-02-25T09:15:54","date_gmt":"2026-02-25T12:15:54","guid":{"rendered":"https:\/\/fullsolutions.info\/?post_type=product&#038;p=6274"},"modified":"2026-04-13T14:52:13","modified_gmt":"2026-04-13T17:52:13","slug":"medidor-de-vazao-eletromagnetico-dosimag","status":"publish","type":"product","link":"https:\/\/fullsolutions.info\/en\/product\/medidor-de-vazao-eletromagnetico-dosimag\/","title":{"rendered":"Medidor de vaz\u00e3o eletromagn\u00e9tico Dosimag D5AB"},"content":{"rendered":"<p class=\"eh-p-v\"><span dir=\"auto\">O Dosimag foi projetado para aplica\u00e7\u00f5es exigentes de envase e engarrafamento com l\u00edquidos condutores nas ind\u00fastrias de Alimentos e Bebidas e Ci\u00eancias da Vida. Em aplica\u00e7\u00f5es com espa\u00e7o limitado, o Dosimag \u00e9 a escolha ideal para integradores de sistemas, fabricantes de skids e fabricantes de equipamentos. O Dosimag D5AB mede o volume diretamente. O princ\u00edpio de medi\u00e7\u00e3o bidirecional \u00e9 praticamente independente de press\u00e3o, densidade, temperatura e viscosidade.<\/span><\/p>\n<div class=\"eh-p-b-lg\">O sensor compacto e robusto est\u00e1 dispon\u00edvel em tr\u00eas vers\u00f5es eletr\u00f4nicas:<\/div>\n<div class=\"eh-rich-content-content\" data-cs-pcueid=\"2GsW7f\">\n<ul class=\"eh-list-01 eh-generic--list\">\n<li class=\"eh-list--item\">\n<p class=\"eh-generic--text\"><strong><span dir=\"auto\">Vers\u00e3o de pulso\/frequ\u00eancia\/status<\/span><\/strong><span dir=\"auto\">\u00a0para uso f\u00e1cil e econ\u00f4mico em aplica\u00e7\u00f5es de enchimento.<\/span><\/p>\n<\/li>\n<li class=\"eh-list--item\">\n<p class=\"eh-generic--text\"><strong><span dir=\"auto\">A vers\u00e3o de pulso inteligente com IO-Link<\/span><\/strong><span dir=\"auto\">\u00a0proporciona comunica\u00e7\u00e3o digital cont\u00ednua, permitindo f\u00e1cil comissionamento e documenta\u00e7\u00e3o, disponibilidade de dados de processo em tempo real, otimiza\u00e7\u00e3o das condi\u00e7\u00f5es de enchimento e manuten\u00e7\u00e3o preditiva.<\/span><\/p>\n<\/li>\n<li class=\"eh-list--item\">\n<p class=\"eh-generic--text\"><strong><span dir=\"auto\">Vers\u00e3o de dosagem integrada<\/span><\/strong><span dir=\"auto\">\u00a0com corre\u00e7\u00e3o din\u00e2mica de gotejamento via Modbus RTU para controle avan\u00e7ado de enchimento.<\/span><\/p>\n<\/li>\n<\/ul>\n<\/div>","protected":false},"excerpt":{"rendered":"<p>O Dosimag foi projetado para aplica\u00e7\u00f5es exigentes de envase e engarrafamento com l\u00edquidos condutores nas ind\u00fastrias de Alimentos e Bebidas e Ci\u00eancias da Vida. Em aplica\u00e7\u00f5es com espa\u00e7o limitado, o Dosimag \u00e9 a escolha ideal para integradores de sistemas, fabricantes de skids e fabricantes de equipamentos. O Dosimag D5AB mede o volume diretamente. O princ\u00edpio de medi\u00e7\u00e3o bidirecional \u00e9 praticamente independente de press\u00e3o, densidade, temperatura e viscosidade. O sensor compacto e robusto est\u00e1 dispon\u00edvel em tr\u00eas vers\u00f5es eletr\u00f4nicas: Vers\u00e3o de pulso\/frequ\u00eancia\/status\u00a0para uso f\u00e1cil e econ\u00f4mico em aplica\u00e7\u00f5es de enchimento. A vers\u00e3o de pulso inteligente com IO-Link\u00a0proporciona comunica\u00e7\u00e3o digital cont\u00ednua, permitindo f\u00e1cil comissionamento e documenta\u00e7\u00e3o, disponibilidade de dados de processo em tempo real, otimiza\u00e7\u00e3o das condi\u00e7\u00f5es de enchimento e manuten\u00e7\u00e3o preditiva. Vers\u00e3o de dosagem integrada\u00a0com corre\u00e7\u00e3o din\u00e2mica de gotejamento via Modbus RTU para controle avan\u00e7ado de enchimento.<\/p>","protected":false},"featured_media":6275,"comment_status":"open","ping_status":"closed","template":"","meta":{"_joinchat":[]},"product_brand":[],"product_cat":[175],"product_tag":[],"marca":[147],"class_list":{"0":"post-6274","1":"product","2":"type-product","3":"status-publish","4":"has-post-thumbnail","6":"product_cat-medicao","7":"marca-endresshauser","9":"first","10":"instock","11":"shipping-taxable","12":"product-type-simple"},"yoast_head":"<!-- This site is optimized with the Yoast SEO plugin v27.2 - https:\/\/yoast.com\/product\/yoast-seo-wordpress\/ -->\n<title>Medidor de vaz\u00e3o eletromagn\u00e9tico Dosimag D5AB - Full Solutions<\/title>\n<meta name=\"description\" content=\"Medidor de vaz\u00e3o eletromagn\u00e9tico Dosimag para dosagem precisa de l\u00edquidos condutivos, com alta repetibilidade, desempenho confi\u00e1vel e aplica\u00e7\u00e3o em processos.\" \/>\n<meta name=\"robots\" content=\"index, follow, max-snippet:-1, max-image-preview:large, max-video-preview:-1\" \/>\n<link rel=\"canonical\" href=\"https:\/\/fullsolutions.info\/en\/product\/medidor-de-vazao-eletromagnetico-dosimag\/\" \/>\n<meta property=\"og:locale\" content=\"en_US\" \/>\n<meta property=\"og:type\" content=\"article\" \/>\n<meta property=\"og:title\" content=\"Medidor de vaz\u00e3o eletromagn\u00e9tico Dosimag D5AB - Full Solutions\" \/>\n<meta property=\"og:description\" content=\"Medidor de vaz\u00e3o eletromagn\u00e9tico Dosimag para dosagem precisa de l\u00edquidos condutivos, com alta repetibilidade, desempenho confi\u00e1vel e aplica\u00e7\u00e3o em processos.\" \/>\n<meta property=\"og:url\" content=\"https:\/\/fullsolutions.info\/en\/product\/medidor-de-vazao-eletromagnetico-dosimag\/\" \/>\n<meta property=\"og:site_name\" content=\"Full Solutions\" \/>\n<meta property=\"article:modified_time\" content=\"2026-04-13T17:52:13+00:00\" \/>\n<meta property=\"og:image\" content=\"https:\/\/mlhff0prgoxu.i.optimole.com\/cb:s0sM.767\/w:auto\/h:auto\/q:mauto\/f:best\/https:\/\/fullsolutions.info\/wp-content\/uploads\/2026\/02\/Medidor-de-vazao-eletromagnetico-Dosimag.webp\" \/>\n\t<meta property=\"og:image:width\" content=\"549\" \/>\n\t<meta property=\"og:image:height\" content=\"533\" \/>\n\t<meta property=\"og:image:type\" content=\"image\/webp\" \/>\n<meta name=\"twitter:card\" content=\"summary_large_image\" \/>\n<meta name=\"twitter:label1\" content=\"Est. reading time\" \/>\n\t<meta name=\"twitter:data1\" content=\"1 minute\" \/>\n<script type=\"application\/ld+json\" class=\"yoast-schema-graph\">{\"@context\":\"https:\/\/schema.org\",\"@graph\":[{\"@type\":\"WebPage\",\"@id\":\"https:\/\/fullsolutions.info\/produto\/medidor-de-vazao-eletromagnetico-dosimag\/\",\"url\":\"https:\/\/fullsolutions.info\/produto\/medidor-de-vazao-eletromagnetico-dosimag\/\",\"name\":\"Medidor de vaz\u00e3o eletromagn\u00e9tico Dosimag D5AB - Full Solutions\",\"isPartOf\":{\"@id\":\"https:\/\/fullsolutions.info\/#website\"},\"primaryImageOfPage\":{\"@id\":\"https:\/\/fullsolutions.info\/produto\/medidor-de-vazao-eletromagnetico-dosimag\/#primaryimage\"},\"image\":{\"@id\":\"https:\/\/fullsolutions.info\/produto\/medidor-de-vazao-eletromagnetico-dosimag\/#primaryimage\"},\"thumbnailUrl\":\"https:\/\/mlhff0prgoxu.i.optimole.com\/cb:s0sM.767\/w:auto\/h:auto\/q:mauto\/f:best\/https:\/\/fullsolutions.info\/wp-content\/uploads\/2026\/02\/Medidor-de-vazao-eletromagnetico-Dosimag.webp\",\"datePublished\":\"2026-02-25T12:15:54+00:00\",\"dateModified\":\"2026-04-13T17:52:13+00:00\",\"description\":\"Medidor de vaz\u00e3o eletromagn\u00e9tico Dosimag para dosagem precisa de l\u00edquidos condutivos, com alta repetibilidade, desempenho confi\u00e1vel e aplica\u00e7\u00e3o em processos.\",\"breadcrumb\":{\"@id\":\"https:\/\/fullsolutions.info\/produto\/medidor-de-vazao-eletromagnetico-dosimag\/#breadcrumb\"},\"inLanguage\":\"en-US\",\"potentialAction\":[{\"@type\":\"ReadAction\",\"target\":[\"https:\/\/fullsolutions.info\/produto\/medidor-de-vazao-eletromagnetico-dosimag\/\"]}]},{\"@type\":\"ImageObject\",\"inLanguage\":\"en-US\",\"@id\":\"https:\/\/fullsolutions.info\/produto\/medidor-de-vazao-eletromagnetico-dosimag\/#primaryimage\",\"url\":\"https:\/\/mlhff0prgoxu.i.optimole.com\/cb:s0sM.767\/w:auto\/h:auto\/q:mauto\/f:best\/https:\/\/fullsolutions.info\/wp-content\/uploads\/2026\/02\/Medidor-de-vazao-eletromagnetico-Dosimag.webp\",\"contentUrl\":\"https:\/\/mlhff0prgoxu.i.optimole.com\/cb:s0sM.767\/w:auto\/h:auto\/q:mauto\/f:best\/https:\/\/fullsolutions.info\/wp-content\/uploads\/2026\/02\/Medidor-de-vazao-eletromagnetico-Dosimag.webp\",\"width\":549,\"height\":533},{\"@type\":\"BreadcrumbList\",\"@id\":\"https:\/\/fullsolutions.info\/produto\/medidor-de-vazao-eletromagnetico-dosimag\/#breadcrumb\",\"itemListElement\":[{\"@type\":\"ListItem\",\"position\":1,\"name\":\"In\u00edcio\",\"item\":\"https:\/\/fullsolutions.info\/\"},{\"@type\":\"ListItem\",\"position\":2,\"name\":\"Produtos\",\"item\":\"https:\/\/fullsolutions.info\/shop\/\"},{\"@type\":\"ListItem\",\"position\":3,\"name\":\"Medidor de vaz\u00e3o eletromagn\u00e9tico Dosimag D5AB\"}]},{\"@type\":\"WebSite\",\"@id\":\"https:\/\/fullsolutions.info\/#website\",\"url\":\"https:\/\/fullsolutions.info\/\",\"name\":\"Full Solutions\",\"description\":\"Empresa na \u00c1rea de Procurement\",\"publisher\":{\"@id\":\"https:\/\/fullsolutions.info\/#organization\"},\"potentialAction\":[{\"@type\":\"SearchAction\",\"target\":{\"@type\":\"EntryPoint\",\"urlTemplate\":\"https:\/\/fullsolutions.info\/?s={search_term_string}\"},\"query-input\":{\"@type\":\"PropertyValueSpecification\",\"valueRequired\":true,\"valueName\":\"search_term_string\"}}],\"inLanguage\":\"en-US\"},{\"@type\":\"Organization\",\"@id\":\"https:\/\/fullsolutions.info\/#organization\",\"name\":\"Full Solutions\",\"url\":\"https:\/\/fullsolutions.info\/\",\"logo\":{\"@type\":\"ImageObject\",\"inLanguage\":\"en-US\",\"@id\":\"https:\/\/fullsolutions.info\/#\/schema\/logo\/image\/\",\"url\":\"https:\/\/mlhff0prgoxu.i.optimole.com\/cb:s0sM.767\/w:auto\/h:auto\/q:mauto\/f:best\/https:\/\/fullsolutions.info\/wp-content\/uploads\/2021\/07\/cropped-Design-sem-nome-300x193-1-e1627062664782.png\",\"contentUrl\":\"https:\/\/mlhff0prgoxu.i.optimole.com\/cb:s0sM.767\/w:auto\/h:auto\/q:mauto\/f:best\/https:\/\/fullsolutions.info\/wp-content\/uploads\/2021\/07\/cropped-Design-sem-nome-300x193-1-e1627062664782.png\",\"width\":202,\"height\":155,\"caption\":\"Full Solutions\"},\"image\":{\"@id\":\"https:\/\/fullsolutions.info\/#\/schema\/logo\/image\/\"},\"sameAs\":[\"https:\/\/www.linkedin.com\/company\/full-solutions-equipment\"]}]}<\/script>\n<!-- \/ Yoast SEO plugin. -->","yoast_head_json":{"title":"Medidor de vaz\u00e3o eletromagn\u00e9tico Dosimag D5AB - Full Solutions","description":"Medidor de vaz\u00e3o eletromagn\u00e9tico Dosimag para dosagem precisa de l\u00edquidos condutivos, com alta repetibilidade, desempenho confi\u00e1vel e aplica\u00e7\u00e3o em processos.","robots":{"index":"index","follow":"follow","max-snippet":"max-snippet:-1","max-image-preview":"max-image-preview:large","max-video-preview":"max-video-preview:-1"},"canonical":"https:\/\/fullsolutions.info\/en\/product\/medidor-de-vazao-eletromagnetico-dosimag\/","og_locale":"en_US","og_type":"article","og_title":"Medidor de vaz\u00e3o eletromagn\u00e9tico Dosimag D5AB - Full Solutions","og_description":"Medidor de vaz\u00e3o eletromagn\u00e9tico Dosimag para dosagem precisa de l\u00edquidos condutivos, com alta repetibilidade, desempenho confi\u00e1vel e aplica\u00e7\u00e3o em processos.","og_url":"https:\/\/fullsolutions.info\/en\/product\/medidor-de-vazao-eletromagnetico-dosimag\/","og_site_name":"Full Solutions","article_modified_time":"2026-04-13T17:52:13+00:00","og_image":[{"width":549,"height":533,"url":"https:\/\/mlhff0prgoxu.i.optimole.com\/cb:s0sM.767\/w:auto\/h:auto\/q:mauto\/f:best\/https:\/\/fullsolutions.info\/wp-content\/uploads\/2026\/02\/Medidor-de-vazao-eletromagnetico-Dosimag.webp","type":"image\/webp"}],"twitter_card":"summary_large_image","twitter_misc":{"Est. reading time":"1 minute"},"schema":{"@context":"https:\/\/schema.org","@graph":[{"@type":"WebPage","@id":"https:\/\/fullsolutions.info\/produto\/medidor-de-vazao-eletromagnetico-dosimag\/","url":"https:\/\/fullsolutions.info\/produto\/medidor-de-vazao-eletromagnetico-dosimag\/","name":"Medidor de vaz\u00e3o eletromagn\u00e9tico Dosimag D5AB - Full Solutions","isPartOf":{"@id":"https:\/\/fullsolutions.info\/#website"},"primaryImageOfPage":{"@id":"https:\/\/fullsolutions.info\/produto\/medidor-de-vazao-eletromagnetico-dosimag\/#primaryimage"},"image":{"@id":"https:\/\/fullsolutions.info\/produto\/medidor-de-vazao-eletromagnetico-dosimag\/#primaryimage"},"thumbnailUrl":"https:\/\/mlhff0prgoxu.i.optimole.com\/cb:s0sM.767\/w:auto\/h:auto\/q:mauto\/f:best\/https:\/\/fullsolutions.info\/wp-content\/uploads\/2026\/02\/Medidor-de-vazao-eletromagnetico-Dosimag.webp","datePublished":"2026-02-25T12:15:54+00:00","dateModified":"2026-04-13T17:52:13+00:00","description":"Medidor de vaz\u00e3o eletromagn\u00e9tico Dosimag para dosagem precisa de l\u00edquidos condutivos, com alta repetibilidade, desempenho confi\u00e1vel e aplica\u00e7\u00e3o em processos.","breadcrumb":{"@id":"https:\/\/fullsolutions.info\/produto\/medidor-de-vazao-eletromagnetico-dosimag\/#breadcrumb"},"inLanguage":"en-US","potentialAction":[{"@type":"ReadAction","target":["https:\/\/fullsolutions.info\/produto\/medidor-de-vazao-eletromagnetico-dosimag\/"]}]},{"@type":"ImageObject","inLanguage":"en-US","@id":"https:\/\/fullsolutions.info\/produto\/medidor-de-vazao-eletromagnetico-dosimag\/#primaryimage","url":"https:\/\/mlhff0prgoxu.i.optimole.com\/cb:s0sM.767\/w:auto\/h:auto\/q:mauto\/f:best\/https:\/\/fullsolutions.info\/wp-content\/uploads\/2026\/02\/Medidor-de-vazao-eletromagnetico-Dosimag.webp","contentUrl":"https:\/\/mlhff0prgoxu.i.optimole.com\/cb:s0sM.767\/w:auto\/h:auto\/q:mauto\/f:best\/https:\/\/fullsolutions.info\/wp-content\/uploads\/2026\/02\/Medidor-de-vazao-eletromagnetico-Dosimag.webp","width":549,"height":533},{"@type":"BreadcrumbList","@id":"https:\/\/fullsolutions.info\/produto\/medidor-de-vazao-eletromagnetico-dosimag\/#breadcrumb","itemListElement":[{"@type":"ListItem","position":1,"name":"In\u00edcio","item":"https:\/\/fullsolutions.info\/"},{"@type":"ListItem","position":2,"name":"Produtos","item":"https:\/\/fullsolutions.info\/shop\/"},{"@type":"ListItem","position":3,"name":"Medidor de vaz\u00e3o eletromagn\u00e9tico Dosimag D5AB"}]},{"@type":"WebSite","@id":"https:\/\/fullsolutions.info\/#website","url":"https:\/\/fullsolutions.info\/","name":"Full Solutions","description":"Empresa na \u00c1rea de Procurement","publisher":{"@id":"https:\/\/fullsolutions.info\/#organization"},"potentialAction":[{"@type":"SearchAction","target":{"@type":"EntryPoint","urlTemplate":"https:\/\/fullsolutions.info\/?s={search_term_string}"},"query-input":{"@type":"PropertyValueSpecification","valueRequired":true,"valueName":"search_term_string"}}],"inLanguage":"en-US"},{"@type":"Organization","@id":"https:\/\/fullsolutions.info\/#organization","name":"Full Solutions","url":"https:\/\/fullsolutions.info\/","logo":{"@type":"ImageObject","inLanguage":"en-US","@id":"https:\/\/fullsolutions.info\/#\/schema\/logo\/image\/","url":"https:\/\/mlhff0prgoxu.i.optimole.com\/cb:s0sM.767\/w:auto\/h:auto\/q:mauto\/f:best\/https:\/\/fullsolutions.info\/wp-content\/uploads\/2021\/07\/cropped-Design-sem-nome-300x193-1-e1627062664782.png","contentUrl":"https:\/\/mlhff0prgoxu.i.optimole.com\/cb:s0sM.767\/w:auto\/h:auto\/q:mauto\/f:best\/https:\/\/fullsolutions.info\/wp-content\/uploads\/2021\/07\/cropped-Design-sem-nome-300x193-1-e1627062664782.png","width":202,"height":155,"caption":"Full Solutions"},"image":{"@id":"https:\/\/fullsolutions.info\/#\/schema\/logo\/image\/"},"sameAs":["https:\/\/www.linkedin.com\/company\/full-solutions-equipment"]}]}},"_links":{"self":[{"href":"https:\/\/fullsolutions.info\/en\/wp-json\/wp\/v2\/product\/6274","targetHints":{"allow":["GET"]}}],"collection":[{"href":"https:\/\/fullsolutions.info\/en\/wp-json\/wp\/v2\/product"}],"about":[{"href":"https:\/\/fullsolutions.info\/en\/wp-json\/wp\/v2\/types\/product"}],"replies":[{"embeddable":true,"href":"https:\/\/fullsolutions.info\/en\/wp-json\/wp\/v2\/comments?post=6274"}],"wp:featuredmedia":[{"embeddable":true,"href":"https:\/\/fullsolutions.info\/en\/wp-json\/wp\/v2\/media\/6275"}],"wp:attachment":[{"href":"https:\/\/fullsolutions.info\/en\/wp-json\/wp\/v2\/media?parent=6274"}],"wp:term":[{"taxonomy":"product_brand","embeddable":true,"href":"https:\/\/fullsolutions.info\/en\/wp-json\/wp\/v2\/product_brand?post=6274"},{"taxonomy":"product_cat","embeddable":true,"href":"https:\/\/fullsolutions.info\/en\/wp-json\/wp\/v2\/product_cat?post=6274"},{"taxonomy":"product_tag","embeddable":true,"href":"https:\/\/fullsolutions.info\/en\/wp-json\/wp\/v2\/product_tag?post=6274"},{"taxonomy":"marca","embeddable":true,"href":"https:\/\/fullsolutions.info\/en\/wp-json\/wp\/v2\/marca?post=6274"}],"curies":[{"name":"wp","href":"https:\/\/api.w.org\/{rel}","templated":true}]}}