{"id":6272,"date":"2026-02-25T09:08:38","date_gmt":"2026-02-25T12:08:38","guid":{"rendered":"https:\/\/fullsolutions.info\/?post_type=product&#038;p=6272"},"modified":"2026-04-13T14:55:47","modified_gmt":"2026-04-13T17:55:47","slug":"proline-promag-w-800","status":"publish","type":"product","link":"https:\/\/fullsolutions.info\/en\/product\/proline-promag-w-800\/","title":{"rendered":"Proline Promag W 800"},"content":{"rendered":"<p class=\"eh-p-v\"><span dir=\"auto\">O Promag W 800 \u00e9 ideal para aplica\u00e7\u00f5es fora da rede el\u00e9trica na ind\u00fastria de \u00e1gua, inclusive para medi\u00e7\u00e3o de vaz\u00e3o em instala\u00e7\u00f5es subterr\u00e2neas ou subaqu\u00e1ticas. O Promag 800 oferece funcionalidades b\u00e1sicas, enquanto o Promag 800 Advanced proporciona um desempenho completo. O transmissor alimentado por bateria permite a transmiss\u00e3o global dos dados medidos sem necessidade de fonte de alimenta\u00e7\u00e3o adicional. A tecnologia Heartbeat garante confiabilidade nas medi\u00e7\u00f5es e verifica\u00e7\u00e3o de conformidade.<\/span><\/p>\n<div class=\"eh-rich-content-content\" data-cs-pcueid=\"oRbFQe\">\n<ul class=\"eh-list-01 eh-generic--list\">\n<li class=\"eh-list--item\">\n<p class=\"eh-generic--text\"><span dir=\"auto\">O princ\u00edpio de medi\u00e7\u00e3o bidirecional \u00e9 praticamente independente de press\u00e3o, densidade, temperatura e viscosidade.<\/span><\/p>\n<\/li>\n<li class=\"eh-list--item\">\n<p class=\"eh-generic--text\"><span dir=\"auto\">Dedicado \u00e0 medi\u00e7\u00e3o de \u00e1gua e esgoto industriais ou municipais.<\/span><\/p>\n<\/li>\n<\/ul>\n<p class=\"eh-generic--text\"><strong><br \/>\n<span dir=\"auto\">Propriedades do dispositivo<\/span><\/strong><\/p>\n<ul class=\"eh-list-01 eh-generic--list\">\n<li class=\"eh-list--item\">\n<p class=\"eh-generic--text\"><span dir=\"auto\">Aprova\u00e7\u00f5es internacionais de \u00e1gua pot\u00e1vel<\/span><\/p>\n<\/li>\n<li class=\"eh-list--item\">\n<p class=\"eh-generic--text\"><span dir=\"auto\">Grau de prote\u00e7\u00e3o IP68 (Inv\u00f3lucro tipo 6P)<\/span><\/p>\n<\/li>\n<li class=\"eh-list--item\">\n<p class=\"eh-generic--text\"><span dir=\"auto\">Aprovado para transfer\u00eancia de cust\u00f3dia para MI-001\/OIML R49<\/span><\/p>\n<\/li>\n<li class=\"eh-list--item\">\n<p class=\"eh-generic--text\"><span dir=\"auto\">Caixa do transmissor feita de policarbonato dur\u00e1vel.<\/span><\/p>\n<\/li>\n<li class=\"eh-list--item\">\n<p class=\"eh-generic--text\"><span dir=\"auto\">Vida \u00fatil da bateria de at\u00e9 15 anos<\/span><\/p>\n<\/li>\n<li class=\"eh-list--item\">\n<p class=\"eh-generic--text\"><span dir=\"auto\">Os intervalos de medi\u00e7\u00e3o podem ser adaptados individualmente.<\/span><\/p>\n<\/li>\n<\/ul>\n<\/div>","protected":false},"excerpt":{"rendered":"<p>O Promag W 800 \u00e9 ideal para aplica\u00e7\u00f5es fora da rede el\u00e9trica na ind\u00fastria de \u00e1gua, inclusive para medi\u00e7\u00e3o de vaz\u00e3o em instala\u00e7\u00f5es subterr\u00e2neas ou subaqu\u00e1ticas. O Promag 800 oferece funcionalidades b\u00e1sicas, enquanto o Promag 800 Advanced proporciona um desempenho completo. O transmissor alimentado por bateria permite a transmiss\u00e3o global dos dados medidos sem necessidade de fonte de alimenta\u00e7\u00e3o adicional. A tecnologia Heartbeat garante confiabilidade nas medi\u00e7\u00f5es e verifica\u00e7\u00e3o de conformidade. O princ\u00edpio de medi\u00e7\u00e3o bidirecional \u00e9 praticamente independente de press\u00e3o, densidade, temperatura e viscosidade. Dedicado \u00e0 medi\u00e7\u00e3o de \u00e1gua e esgoto industriais ou municipais. Propriedades do dispositivo Aprova\u00e7\u00f5es internacionais de \u00e1gua pot\u00e1vel Grau de prote\u00e7\u00e3o IP68 (Inv\u00f3lucro tipo 6P) Aprovado para transfer\u00eancia de cust\u00f3dia para MI-001\/OIML R49 Caixa do transmissor feita de policarbonato dur\u00e1vel. Vida \u00fatil da bateria de at\u00e9 15 anos Os intervalos de medi\u00e7\u00e3o podem ser adaptados individualmente.<\/p>","protected":false},"featured_media":6273,"comment_status":"open","ping_status":"closed","template":"","meta":{"_joinchat":[]},"product_brand":[],"product_cat":[175],"product_tag":[],"marca":[147],"class_list":{"0":"post-6272","1":"product","2":"type-product","3":"status-publish","4":"has-post-thumbnail","6":"product_cat-medicao","7":"marca-endresshauser","9":"first","10":"instock","11":"shipping-taxable","12":"product-type-simple"},"yoast_head":"<!-- This site is optimized with the Yoast SEO plugin v27.2 - https:\/\/yoast.com\/product\/yoast-seo-wordpress\/ -->\n<title>Proline Promag W 800 - Full Solutions<\/title>\n<meta name=\"description\" content=\"Proline Promag W 800 \u00e9 um medidor de vaz\u00e3o eletromagn\u00e9tico alimentado por bateria, ideal para \u00e1gua e esgoto, com alta precis\u00e3o e instala\u00e7\u00e3o flex\u00edvel\" \/>\n<meta name=\"robots\" content=\"index, follow, max-snippet:-1, max-image-preview:large, max-video-preview:-1\" \/>\n<link rel=\"canonical\" href=\"https:\/\/fullsolutions.info\/en\/product\/proline-promag-w-800\/\" \/>\n<meta property=\"og:locale\" content=\"en_US\" \/>\n<meta property=\"og:type\" content=\"article\" \/>\n<meta property=\"og:title\" content=\"Proline Promag W 800 - Full Solutions\" \/>\n<meta property=\"og:description\" content=\"Proline Promag W 800 \u00e9 um medidor de vaz\u00e3o eletromagn\u00e9tico alimentado por bateria, ideal para \u00e1gua e esgoto, com alta precis\u00e3o e instala\u00e7\u00e3o flex\u00edvel\" \/>\n<meta property=\"og:url\" content=\"https:\/\/fullsolutions.info\/en\/product\/proline-promag-w-800\/\" \/>\n<meta property=\"og:site_name\" content=\"Full Solutions\" \/>\n<meta property=\"article:modified_time\" content=\"2026-04-13T17:55:47+00:00\" \/>\n<meta property=\"og:image\" content=\"https:\/\/mlhff0prgoxu.i.optimole.com\/cb:s0sM.767\/w:auto\/h:auto\/q:mauto\/f:best\/https:\/\/fullsolutions.info\/wp-content\/uploads\/2026\/02\/Proline-Promag-W-800.webp\" \/>\n\t<meta property=\"og:image:width\" content=\"549\" \/>\n\t<meta property=\"og:image:height\" content=\"533\" \/>\n\t<meta property=\"og:image:type\" content=\"image\/webp\" \/>\n<meta name=\"twitter:card\" content=\"summary_large_image\" \/>\n<meta name=\"twitter:label1\" content=\"Est. reading time\" \/>\n\t<meta name=\"twitter:data1\" content=\"1 minute\" \/>\n<script type=\"application\/ld+json\" class=\"yoast-schema-graph\">{\"@context\":\"https:\/\/schema.org\",\"@graph\":[{\"@type\":\"WebPage\",\"@id\":\"https:\/\/fullsolutions.info\/produto\/proline-promag-w-800\/\",\"url\":\"https:\/\/fullsolutions.info\/produto\/proline-promag-w-800\/\",\"name\":\"Proline Promag W 800 - Full Solutions\",\"isPartOf\":{\"@id\":\"https:\/\/fullsolutions.info\/#website\"},\"primaryImageOfPage\":{\"@id\":\"https:\/\/fullsolutions.info\/produto\/proline-promag-w-800\/#primaryimage\"},\"image\":{\"@id\":\"https:\/\/fullsolutions.info\/produto\/proline-promag-w-800\/#primaryimage\"},\"thumbnailUrl\":\"https:\/\/mlhff0prgoxu.i.optimole.com\/cb:s0sM.767\/w:auto\/h:auto\/q:mauto\/f:best\/https:\/\/fullsolutions.info\/wp-content\/uploads\/2026\/02\/Proline-Promag-W-800.webp\",\"datePublished\":\"2026-02-25T12:08:38+00:00\",\"dateModified\":\"2026-04-13T17:55:47+00:00\",\"description\":\"Proline Promag W 800 \u00e9 um medidor de vaz\u00e3o eletromagn\u00e9tico alimentado por bateria, ideal para \u00e1gua e esgoto, com alta precis\u00e3o e instala\u00e7\u00e3o flex\u00edvel\",\"breadcrumb\":{\"@id\":\"https:\/\/fullsolutions.info\/produto\/proline-promag-w-800\/#breadcrumb\"},\"inLanguage\":\"en-US\",\"potentialAction\":[{\"@type\":\"ReadAction\",\"target\":[\"https:\/\/fullsolutions.info\/produto\/proline-promag-w-800\/\"]}]},{\"@type\":\"ImageObject\",\"inLanguage\":\"en-US\",\"@id\":\"https:\/\/fullsolutions.info\/produto\/proline-promag-w-800\/#primaryimage\",\"url\":\"https:\/\/mlhff0prgoxu.i.optimole.com\/cb:s0sM.767\/w:auto\/h:auto\/q:mauto\/f:best\/https:\/\/fullsolutions.info\/wp-content\/uploads\/2026\/02\/Proline-Promag-W-800.webp\",\"contentUrl\":\"https:\/\/mlhff0prgoxu.i.optimole.com\/cb:s0sM.767\/w:auto\/h:auto\/q:mauto\/f:best\/https:\/\/fullsolutions.info\/wp-content\/uploads\/2026\/02\/Proline-Promag-W-800.webp\",\"width\":549,\"height\":533},{\"@type\":\"BreadcrumbList\",\"@id\":\"https:\/\/fullsolutions.info\/produto\/proline-promag-w-800\/#breadcrumb\",\"itemListElement\":[{\"@type\":\"ListItem\",\"position\":1,\"name\":\"In\u00edcio\",\"item\":\"https:\/\/fullsolutions.info\/\"},{\"@type\":\"ListItem\",\"position\":2,\"name\":\"Produtos\",\"item\":\"https:\/\/fullsolutions.info\/shop\/\"},{\"@type\":\"ListItem\",\"position\":3,\"name\":\"Proline Promag W 800\"}]},{\"@type\":\"WebSite\",\"@id\":\"https:\/\/fullsolutions.info\/#website\",\"url\":\"https:\/\/fullsolutions.info\/\",\"name\":\"Full Solutions\",\"description\":\"Empresa na \u00c1rea de Procurement\",\"publisher\":{\"@id\":\"https:\/\/fullsolutions.info\/#organization\"},\"potentialAction\":[{\"@type\":\"SearchAction\",\"target\":{\"@type\":\"EntryPoint\",\"urlTemplate\":\"https:\/\/fullsolutions.info\/?s={search_term_string}\"},\"query-input\":{\"@type\":\"PropertyValueSpecification\",\"valueRequired\":true,\"valueName\":\"search_term_string\"}}],\"inLanguage\":\"en-US\"},{\"@type\":\"Organization\",\"@id\":\"https:\/\/fullsolutions.info\/#organization\",\"name\":\"Full Solutions\",\"url\":\"https:\/\/fullsolutions.info\/\",\"logo\":{\"@type\":\"ImageObject\",\"inLanguage\":\"en-US\",\"@id\":\"https:\/\/fullsolutions.info\/#\/schema\/logo\/image\/\",\"url\":\"https:\/\/mlhff0prgoxu.i.optimole.com\/cb:s0sM.767\/w:auto\/h:auto\/q:mauto\/f:best\/https:\/\/fullsolutions.info\/wp-content\/uploads\/2021\/07\/cropped-Design-sem-nome-300x193-1-e1627062664782.png\",\"contentUrl\":\"https:\/\/mlhff0prgoxu.i.optimole.com\/cb:s0sM.767\/w:auto\/h:auto\/q:mauto\/f:best\/https:\/\/fullsolutions.info\/wp-content\/uploads\/2021\/07\/cropped-Design-sem-nome-300x193-1-e1627062664782.png\",\"width\":202,\"height\":155,\"caption\":\"Full Solutions\"},\"image\":{\"@id\":\"https:\/\/fullsolutions.info\/#\/schema\/logo\/image\/\"},\"sameAs\":[\"https:\/\/www.linkedin.com\/company\/full-solutions-equipment\"]}]}<\/script>\n<!-- \/ Yoast SEO plugin. -->","yoast_head_json":{"title":"Proline Promag W 800 - Full Solutions","description":"Proline Promag W 800 \u00e9 um medidor de vaz\u00e3o eletromagn\u00e9tico alimentado por bateria, ideal para \u00e1gua e esgoto, com alta precis\u00e3o e instala\u00e7\u00e3o flex\u00edvel","robots":{"index":"index","follow":"follow","max-snippet":"max-snippet:-1","max-image-preview":"max-image-preview:large","max-video-preview":"max-video-preview:-1"},"canonical":"https:\/\/fullsolutions.info\/en\/product\/proline-promag-w-800\/","og_locale":"en_US","og_type":"article","og_title":"Proline Promag W 800 - Full Solutions","og_description":"Proline Promag W 800 \u00e9 um medidor de vaz\u00e3o eletromagn\u00e9tico alimentado por bateria, ideal para \u00e1gua e esgoto, com alta precis\u00e3o e instala\u00e7\u00e3o flex\u00edvel","og_url":"https:\/\/fullsolutions.info\/en\/product\/proline-promag-w-800\/","og_site_name":"Full Solutions","article_modified_time":"2026-04-13T17:55:47+00:00","og_image":[{"width":549,"height":533,"url":"https:\/\/mlhff0prgoxu.i.optimole.com\/cb:s0sM.767\/w:auto\/h:auto\/q:mauto\/f:best\/https:\/\/fullsolutions.info\/wp-content\/uploads\/2026\/02\/Proline-Promag-W-800.webp","type":"image\/webp"}],"twitter_card":"summary_large_image","twitter_misc":{"Est. reading time":"1 minute"},"schema":{"@context":"https:\/\/schema.org","@graph":[{"@type":"WebPage","@id":"https:\/\/fullsolutions.info\/produto\/proline-promag-w-800\/","url":"https:\/\/fullsolutions.info\/produto\/proline-promag-w-800\/","name":"Proline Promag W 800 - Full Solutions","isPartOf":{"@id":"https:\/\/fullsolutions.info\/#website"},"primaryImageOfPage":{"@id":"https:\/\/fullsolutions.info\/produto\/proline-promag-w-800\/#primaryimage"},"image":{"@id":"https:\/\/fullsolutions.info\/produto\/proline-promag-w-800\/#primaryimage"},"thumbnailUrl":"https:\/\/mlhff0prgoxu.i.optimole.com\/cb:s0sM.767\/w:auto\/h:auto\/q:mauto\/f:best\/https:\/\/fullsolutions.info\/wp-content\/uploads\/2026\/02\/Proline-Promag-W-800.webp","datePublished":"2026-02-25T12:08:38+00:00","dateModified":"2026-04-13T17:55:47+00:00","description":"Proline Promag W 800 \u00e9 um medidor de vaz\u00e3o eletromagn\u00e9tico alimentado por bateria, ideal para \u00e1gua e esgoto, com alta precis\u00e3o e instala\u00e7\u00e3o flex\u00edvel","breadcrumb":{"@id":"https:\/\/fullsolutions.info\/produto\/proline-promag-w-800\/#breadcrumb"},"inLanguage":"en-US","potentialAction":[{"@type":"ReadAction","target":["https:\/\/fullsolutions.info\/produto\/proline-promag-w-800\/"]}]},{"@type":"ImageObject","inLanguage":"en-US","@id":"https:\/\/fullsolutions.info\/produto\/proline-promag-w-800\/#primaryimage","url":"https:\/\/mlhff0prgoxu.i.optimole.com\/cb:s0sM.767\/w:auto\/h:auto\/q:mauto\/f:best\/https:\/\/fullsolutions.info\/wp-content\/uploads\/2026\/02\/Proline-Promag-W-800.webp","contentUrl":"https:\/\/mlhff0prgoxu.i.optimole.com\/cb:s0sM.767\/w:auto\/h:auto\/q:mauto\/f:best\/https:\/\/fullsolutions.info\/wp-content\/uploads\/2026\/02\/Proline-Promag-W-800.webp","width":549,"height":533},{"@type":"BreadcrumbList","@id":"https:\/\/fullsolutions.info\/produto\/proline-promag-w-800\/#breadcrumb","itemListElement":[{"@type":"ListItem","position":1,"name":"In\u00edcio","item":"https:\/\/fullsolutions.info\/"},{"@type":"ListItem","position":2,"name":"Produtos","item":"https:\/\/fullsolutions.info\/shop\/"},{"@type":"ListItem","position":3,"name":"Proline Promag W 800"}]},{"@type":"WebSite","@id":"https:\/\/fullsolutions.info\/#website","url":"https:\/\/fullsolutions.info\/","name":"Full Solutions","description":"Empresa na \u00c1rea de Procurement","publisher":{"@id":"https:\/\/fullsolutions.info\/#organization"},"potentialAction":[{"@type":"SearchAction","target":{"@type":"EntryPoint","urlTemplate":"https:\/\/fullsolutions.info\/?s={search_term_string}"},"query-input":{"@type":"PropertyValueSpecification","valueRequired":true,"valueName":"search_term_string"}}],"inLanguage":"en-US"},{"@type":"Organization","@id":"https:\/\/fullsolutions.info\/#organization","name":"Full Solutions","url":"https:\/\/fullsolutions.info\/","logo":{"@type":"ImageObject","inLanguage":"en-US","@id":"https:\/\/fullsolutions.info\/#\/schema\/logo\/image\/","url":"https:\/\/mlhff0prgoxu.i.optimole.com\/cb:s0sM.767\/w:auto\/h:auto\/q:mauto\/f:best\/https:\/\/fullsolutions.info\/wp-content\/uploads\/2021\/07\/cropped-Design-sem-nome-300x193-1-e1627062664782.png","contentUrl":"https:\/\/mlhff0prgoxu.i.optimole.com\/cb:s0sM.767\/w:auto\/h:auto\/q:mauto\/f:best\/https:\/\/fullsolutions.info\/wp-content\/uploads\/2021\/07\/cropped-Design-sem-nome-300x193-1-e1627062664782.png","width":202,"height":155,"caption":"Full Solutions"},"image":{"@id":"https:\/\/fullsolutions.info\/#\/schema\/logo\/image\/"},"sameAs":["https:\/\/www.linkedin.com\/company\/full-solutions-equipment"]}]}},"_links":{"self":[{"href":"https:\/\/fullsolutions.info\/en\/wp-json\/wp\/v2\/product\/6272","targetHints":{"allow":["GET"]}}],"collection":[{"href":"https:\/\/fullsolutions.info\/en\/wp-json\/wp\/v2\/product"}],"about":[{"href":"https:\/\/fullsolutions.info\/en\/wp-json\/wp\/v2\/types\/product"}],"replies":[{"embeddable":true,"href":"https:\/\/fullsolutions.info\/en\/wp-json\/wp\/v2\/comments?post=6272"}],"wp:featuredmedia":[{"embeddable":true,"href":"https:\/\/fullsolutions.info\/en\/wp-json\/wp\/v2\/media\/6273"}],"wp:attachment":[{"href":"https:\/\/fullsolutions.info\/en\/wp-json\/wp\/v2\/media?parent=6272"}],"wp:term":[{"taxonomy":"product_brand","embeddable":true,"href":"https:\/\/fullsolutions.info\/en\/wp-json\/wp\/v2\/product_brand?post=6272"},{"taxonomy":"product_cat","embeddable":true,"href":"https:\/\/fullsolutions.info\/en\/wp-json\/wp\/v2\/product_cat?post=6272"},{"taxonomy":"product_tag","embeddable":true,"href":"https:\/\/fullsolutions.info\/en\/wp-json\/wp\/v2\/product_tag?post=6272"},{"taxonomy":"marca","embeddable":true,"href":"https:\/\/fullsolutions.info\/en\/wp-json\/wp\/v2\/marca?post=6272"}],"curies":[{"name":"wp","href":"https:\/\/api.w.org\/{rel}","templated":true}]}}