{"id":6266,"date":"2026-02-24T16:48:35","date_gmt":"2026-02-24T19:48:35","guid":{"rendered":"https:\/\/fullsolutions.info\/?post_type=product&#038;p=6266"},"modified":"2026-04-13T15:00:58","modified_gmt":"2026-04-13T18:00:58","slug":"sirene-base-enderecavel-bbr-130","status":"publish","type":"product","link":"https:\/\/fullsolutions.info\/en\/product\/sirene-base-enderecavel-bbr-130\/","title":{"rendered":"Sirene de base BBR-130"},"content":{"rendered":"<div class=\"ingress\">\n<p data-start=\"89\" data-end=\"286\">A <strong data-start=\"91\" data-end=\"117\">sirene de base BBR-130<\/strong> funciona como base detectora combinada com sinaliza\u00e7\u00e3o sonora endere\u00e7\u00e1vel. Ela conecta-se diretamente ao la\u00e7o de detec\u00e7\u00e3o e integra detec\u00e7\u00e3o e alarme em um \u00fanico ponto.<\/p>\n<p data-start=\"288\" data-end=\"453\">A vers\u00e3o padr\u00e3o atende aplica\u00e7\u00f5es internas e possui grau de prote\u00e7\u00e3o IP22. Al\u00e9m disso, o equipamento oferece desempenho adequado para ambientes internos controlados.<\/p>\n<p data-start=\"455\" data-end=\"617\">O dispositivo sonoro emite diferentes padr\u00f5es de alarme conforme a configura\u00e7\u00e3o do sistema. Dessa forma, o usu\u00e1rio ajusta a sinaliza\u00e7\u00e3o de acordo com a aplica\u00e7\u00e3o.<\/p>\n<p data-start=\"619\" data-end=\"768\">Todos os dispositivos sonoros no mesmo circuito operam de forma sincronizada. Por isso, unidades pr\u00f3ximas s\u00e3o percebidas como uma \u00fanica fonte sonora.<\/p>\n<p data-start=\"770\" data-end=\"932\">O projeto define o n\u00famero m\u00e1ximo de dispositivos por circuito com base nas limita\u00e7\u00f5es do sistema. Assim, a instala\u00e7\u00e3o mant\u00e9m seguran\u00e7a e estabilidade operacional.<\/p>\n<p data-start=\"934\" data-end=\"1058\">O detector n\u00e3o acompanha o produto. Al\u00e9m disso, a sirene BBR-130 funciona com Autroprime e AutroSafe vers\u00e3o 4.3 ou superior.<\/p>\n<hr data-start=\"1060\" data-end=\"1063\" \/>\n<p data-start=\"1065\" data-end=\"1096\" data-is-last-node=\"\" data-is-only-node=\"\"><strong data-start=\"1065\" data-end=\"1084\">N\u00famero da pe\u00e7a:<\/strong> 116-BBR-130<\/p>\n<\/div>","protected":false},"excerpt":{"rendered":"<p>A sirene de base BBR-130 funciona como base detectora combinada com sinaliza\u00e7\u00e3o sonora endere\u00e7\u00e1vel. Ela conecta-se diretamente ao la\u00e7o de detec\u00e7\u00e3o e integra detec\u00e7\u00e3o e alarme em um \u00fanico ponto. A vers\u00e3o padr\u00e3o atende aplica\u00e7\u00f5es internas e possui grau de prote\u00e7\u00e3o IP22. Al\u00e9m disso, o equipamento oferece desempenho adequado para ambientes internos controlados. O dispositivo sonoro emite diferentes padr\u00f5es de alarme conforme a configura\u00e7\u00e3o do sistema. Dessa forma, o usu\u00e1rio ajusta a sinaliza\u00e7\u00e3o de acordo com a aplica\u00e7\u00e3o. Todos os dispositivos sonoros no mesmo circuito operam de forma sincronizada. Por isso, unidades pr\u00f3ximas s\u00e3o percebidas como uma \u00fanica fonte sonora. O projeto define o n\u00famero m\u00e1ximo de dispositivos por circuito com base nas limita\u00e7\u00f5es do sistema. Assim, a instala\u00e7\u00e3o mant\u00e9m seguran\u00e7a e estabilidade operacional. O detector n\u00e3o acompanha o produto. Al\u00e9m disso, a sirene BBR-130 funciona com Autroprime e AutroSafe vers\u00e3o 4.3 ou superior. N\u00famero da pe\u00e7a: 116-BBR-130<\/p>","protected":false},"featured_media":6267,"comment_status":"open","ping_status":"closed","template":"","meta":{"_joinchat":[]},"product_brand":[],"product_cat":[116],"product_tag":[],"marca":[91],"class_list":{"0":"post-6266","1":"product","2":"type-product","3":"status-publish","4":"has-post-thumbnail","6":"product_cat-combate-a-incendio","7":"marca-autronica","9":"first","10":"instock","11":"shipping-taxable","12":"product-type-simple"},"yoast_head":"<!-- This site is optimized with the Yoast SEO plugin v27.2 - https:\/\/yoast.com\/product\/yoast-seo-wordpress\/ -->\n<title>Sirene de base BBR-130 - Full Solutions<\/title>\n<meta name=\"description\" content=\"Sirene base BBR-130 para sistemas de alarme de inc\u00eandio, com sinaliza\u00e7\u00e3o sonora confi\u00e1vel, f\u00e1cil instala\u00e7\u00e3o e integra\u00e7\u00e3o em redes endere\u00e7\u00e1veis industriais.\" \/>\n<meta name=\"robots\" content=\"index, follow, max-snippet:-1, max-image-preview:large, max-video-preview:-1\" \/>\n<link rel=\"canonical\" href=\"https:\/\/fullsolutions.info\/en\/product\/sirene-base-enderecavel-bbr-130\/\" \/>\n<meta property=\"og:locale\" content=\"en_US\" \/>\n<meta property=\"og:type\" content=\"article\" \/>\n<meta property=\"og:title\" content=\"Sirene de base BBR-130 - Full Solutions\" \/>\n<meta property=\"og:description\" content=\"Sirene base BBR-130 para sistemas de alarme de inc\u00eandio, com sinaliza\u00e7\u00e3o sonora confi\u00e1vel, f\u00e1cil instala\u00e7\u00e3o e integra\u00e7\u00e3o em redes endere\u00e7\u00e1veis industriais.\" \/>\n<meta property=\"og:url\" content=\"https:\/\/fullsolutions.info\/en\/product\/sirene-base-enderecavel-bbr-130\/\" \/>\n<meta property=\"og:site_name\" content=\"Full Solutions\" \/>\n<meta property=\"article:modified_time\" content=\"2026-04-13T18:00:58+00:00\" \/>\n<meta property=\"og:image\" content=\"https:\/\/mlhff0prgoxu.i.optimole.com\/cb:s0sM.767\/w:auto\/h:auto\/q:mauto\/f:best\/https:\/\/fullsolutions.info\/wp-content\/uploads\/2026\/02\/0_0_False_False_1_85__fileshare_filArkivRoot_produkt_bilder_BBQ_BBR-130.webp\" \/>\n\t<meta property=\"og:image:width\" content=\"549\" \/>\n\t<meta property=\"og:image:height\" content=\"533\" \/>\n\t<meta property=\"og:image:type\" content=\"image\/webp\" \/>\n<meta name=\"twitter:card\" content=\"summary_large_image\" \/>\n<meta name=\"twitter:label1\" content=\"Est. reading time\" \/>\n\t<meta name=\"twitter:data1\" content=\"2 minutes\" \/>\n<script type=\"application\/ld+json\" class=\"yoast-schema-graph\">{\"@context\":\"https:\/\/schema.org\",\"@graph\":[{\"@type\":\"WebPage\",\"@id\":\"https:\/\/fullsolutions.info\/produto\/sirene-base-enderecavel-bbr-130\/\",\"url\":\"https:\/\/fullsolutions.info\/produto\/sirene-base-enderecavel-bbr-130\/\",\"name\":\"Sirene de base BBR-130 - Full Solutions\",\"isPartOf\":{\"@id\":\"https:\/\/fullsolutions.info\/#website\"},\"primaryImageOfPage\":{\"@id\":\"https:\/\/fullsolutions.info\/produto\/sirene-base-enderecavel-bbr-130\/#primaryimage\"},\"image\":{\"@id\":\"https:\/\/fullsolutions.info\/produto\/sirene-base-enderecavel-bbr-130\/#primaryimage\"},\"thumbnailUrl\":\"https:\/\/mlhff0prgoxu.i.optimole.com\/cb:s0sM.767\/w:auto\/h:auto\/q:mauto\/f:best\/https:\/\/fullsolutions.info\/wp-content\/uploads\/2026\/02\/0_0_False_False_1_85__fileshare_filArkivRoot_produkt_bilder_BBQ_BBR-130.webp\",\"datePublished\":\"2026-02-24T19:48:35+00:00\",\"dateModified\":\"2026-04-13T18:00:58+00:00\",\"description\":\"Sirene base BBR-130 para sistemas de alarme de inc\u00eandio, com sinaliza\u00e7\u00e3o sonora confi\u00e1vel, f\u00e1cil instala\u00e7\u00e3o e integra\u00e7\u00e3o em redes endere\u00e7\u00e1veis industriais.\",\"breadcrumb\":{\"@id\":\"https:\/\/fullsolutions.info\/produto\/sirene-base-enderecavel-bbr-130\/#breadcrumb\"},\"inLanguage\":\"en-US\",\"potentialAction\":[{\"@type\":\"ReadAction\",\"target\":[\"https:\/\/fullsolutions.info\/produto\/sirene-base-enderecavel-bbr-130\/\"]}]},{\"@type\":\"ImageObject\",\"inLanguage\":\"en-US\",\"@id\":\"https:\/\/fullsolutions.info\/produto\/sirene-base-enderecavel-bbr-130\/#primaryimage\",\"url\":\"https:\/\/mlhff0prgoxu.i.optimole.com\/cb:s0sM.767\/w:auto\/h:auto\/q:mauto\/f:best\/https:\/\/fullsolutions.info\/wp-content\/uploads\/2026\/02\/0_0_False_False_1_85__fileshare_filArkivRoot_produkt_bilder_BBQ_BBR-130.webp\",\"contentUrl\":\"https:\/\/mlhff0prgoxu.i.optimole.com\/cb:s0sM.767\/w:auto\/h:auto\/q:mauto\/f:best\/https:\/\/fullsolutions.info\/wp-content\/uploads\/2026\/02\/0_0_False_False_1_85__fileshare_filArkivRoot_produkt_bilder_BBQ_BBR-130.webp\",\"width\":549,\"height\":533},{\"@type\":\"BreadcrumbList\",\"@id\":\"https:\/\/fullsolutions.info\/produto\/sirene-base-enderecavel-bbr-130\/#breadcrumb\",\"itemListElement\":[{\"@type\":\"ListItem\",\"position\":1,\"name\":\"In\u00edcio\",\"item\":\"https:\/\/fullsolutions.info\/\"},{\"@type\":\"ListItem\",\"position\":2,\"name\":\"Produtos\",\"item\":\"https:\/\/fullsolutions.info\/shop\/\"},{\"@type\":\"ListItem\",\"position\":3,\"name\":\"Sirene de base BBR-130\"}]},{\"@type\":\"WebSite\",\"@id\":\"https:\/\/fullsolutions.info\/#website\",\"url\":\"https:\/\/fullsolutions.info\/\",\"name\":\"Full Solutions\",\"description\":\"Empresa na \u00c1rea de Procurement\",\"publisher\":{\"@id\":\"https:\/\/fullsolutions.info\/#organization\"},\"potentialAction\":[{\"@type\":\"SearchAction\",\"target\":{\"@type\":\"EntryPoint\",\"urlTemplate\":\"https:\/\/fullsolutions.info\/?s={search_term_string}\"},\"query-input\":{\"@type\":\"PropertyValueSpecification\",\"valueRequired\":true,\"valueName\":\"search_term_string\"}}],\"inLanguage\":\"en-US\"},{\"@type\":\"Organization\",\"@id\":\"https:\/\/fullsolutions.info\/#organization\",\"name\":\"Full Solutions\",\"url\":\"https:\/\/fullsolutions.info\/\",\"logo\":{\"@type\":\"ImageObject\",\"inLanguage\":\"en-US\",\"@id\":\"https:\/\/fullsolutions.info\/#\/schema\/logo\/image\/\",\"url\":\"https:\/\/mlhff0prgoxu.i.optimole.com\/cb:s0sM.767\/w:auto\/h:auto\/q:mauto\/f:best\/https:\/\/fullsolutions.info\/wp-content\/uploads\/2021\/07\/cropped-Design-sem-nome-300x193-1-e1627062664782.png\",\"contentUrl\":\"https:\/\/mlhff0prgoxu.i.optimole.com\/cb:s0sM.767\/w:auto\/h:auto\/q:mauto\/f:best\/https:\/\/fullsolutions.info\/wp-content\/uploads\/2021\/07\/cropped-Design-sem-nome-300x193-1-e1627062664782.png\",\"width\":202,\"height\":155,\"caption\":\"Full Solutions\"},\"image\":{\"@id\":\"https:\/\/fullsolutions.info\/#\/schema\/logo\/image\/\"},\"sameAs\":[\"https:\/\/www.linkedin.com\/company\/full-solutions-equipment\"]}]}<\/script>\n<!-- \/ Yoast SEO plugin. -->","yoast_head_json":{"title":"Sirene de base BBR-130 - Full Solutions","description":"Sirene base BBR-130 para sistemas de alarme de inc\u00eandio, com sinaliza\u00e7\u00e3o sonora confi\u00e1vel, f\u00e1cil instala\u00e7\u00e3o e integra\u00e7\u00e3o em redes endere\u00e7\u00e1veis industriais.","robots":{"index":"index","follow":"follow","max-snippet":"max-snippet:-1","max-image-preview":"max-image-preview:large","max-video-preview":"max-video-preview:-1"},"canonical":"https:\/\/fullsolutions.info\/en\/product\/sirene-base-enderecavel-bbr-130\/","og_locale":"en_US","og_type":"article","og_title":"Sirene de base BBR-130 - Full Solutions","og_description":"Sirene base BBR-130 para sistemas de alarme de inc\u00eandio, com sinaliza\u00e7\u00e3o sonora confi\u00e1vel, f\u00e1cil instala\u00e7\u00e3o e integra\u00e7\u00e3o em redes endere\u00e7\u00e1veis industriais.","og_url":"https:\/\/fullsolutions.info\/en\/product\/sirene-base-enderecavel-bbr-130\/","og_site_name":"Full Solutions","article_modified_time":"2026-04-13T18:00:58+00:00","og_image":[{"width":549,"height":533,"url":"https:\/\/mlhff0prgoxu.i.optimole.com\/cb:s0sM.767\/w:auto\/h:auto\/q:mauto\/f:best\/https:\/\/fullsolutions.info\/wp-content\/uploads\/2026\/02\/0_0_False_False_1_85__fileshare_filArkivRoot_produkt_bilder_BBQ_BBR-130.webp","type":"image\/webp"}],"twitter_card":"summary_large_image","twitter_misc":{"Est. reading time":"2 minutes"},"schema":{"@context":"https:\/\/schema.org","@graph":[{"@type":"WebPage","@id":"https:\/\/fullsolutions.info\/produto\/sirene-base-enderecavel-bbr-130\/","url":"https:\/\/fullsolutions.info\/produto\/sirene-base-enderecavel-bbr-130\/","name":"Sirene de base BBR-130 - Full Solutions","isPartOf":{"@id":"https:\/\/fullsolutions.info\/#website"},"primaryImageOfPage":{"@id":"https:\/\/fullsolutions.info\/produto\/sirene-base-enderecavel-bbr-130\/#primaryimage"},"image":{"@id":"https:\/\/fullsolutions.info\/produto\/sirene-base-enderecavel-bbr-130\/#primaryimage"},"thumbnailUrl":"https:\/\/mlhff0prgoxu.i.optimole.com\/cb:s0sM.767\/w:auto\/h:auto\/q:mauto\/f:best\/https:\/\/fullsolutions.info\/wp-content\/uploads\/2026\/02\/0_0_False_False_1_85__fileshare_filArkivRoot_produkt_bilder_BBQ_BBR-130.webp","datePublished":"2026-02-24T19:48:35+00:00","dateModified":"2026-04-13T18:00:58+00:00","description":"Sirene base BBR-130 para sistemas de alarme de inc\u00eandio, com sinaliza\u00e7\u00e3o sonora confi\u00e1vel, f\u00e1cil instala\u00e7\u00e3o e integra\u00e7\u00e3o em redes endere\u00e7\u00e1veis industriais.","breadcrumb":{"@id":"https:\/\/fullsolutions.info\/produto\/sirene-base-enderecavel-bbr-130\/#breadcrumb"},"inLanguage":"en-US","potentialAction":[{"@type":"ReadAction","target":["https:\/\/fullsolutions.info\/produto\/sirene-base-enderecavel-bbr-130\/"]}]},{"@type":"ImageObject","inLanguage":"en-US","@id":"https:\/\/fullsolutions.info\/produto\/sirene-base-enderecavel-bbr-130\/#primaryimage","url":"https:\/\/mlhff0prgoxu.i.optimole.com\/cb:s0sM.767\/w:auto\/h:auto\/q:mauto\/f:best\/https:\/\/fullsolutions.info\/wp-content\/uploads\/2026\/02\/0_0_False_False_1_85__fileshare_filArkivRoot_produkt_bilder_BBQ_BBR-130.webp","contentUrl":"https:\/\/mlhff0prgoxu.i.optimole.com\/cb:s0sM.767\/w:auto\/h:auto\/q:mauto\/f:best\/https:\/\/fullsolutions.info\/wp-content\/uploads\/2026\/02\/0_0_False_False_1_85__fileshare_filArkivRoot_produkt_bilder_BBQ_BBR-130.webp","width":549,"height":533},{"@type":"BreadcrumbList","@id":"https:\/\/fullsolutions.info\/produto\/sirene-base-enderecavel-bbr-130\/#breadcrumb","itemListElement":[{"@type":"ListItem","position":1,"name":"In\u00edcio","item":"https:\/\/fullsolutions.info\/"},{"@type":"ListItem","position":2,"name":"Produtos","item":"https:\/\/fullsolutions.info\/shop\/"},{"@type":"ListItem","position":3,"name":"Sirene de base BBR-130"}]},{"@type":"WebSite","@id":"https:\/\/fullsolutions.info\/#website","url":"https:\/\/fullsolutions.info\/","name":"Full Solutions","description":"Empresa na \u00c1rea de Procurement","publisher":{"@id":"https:\/\/fullsolutions.info\/#organization"},"potentialAction":[{"@type":"SearchAction","target":{"@type":"EntryPoint","urlTemplate":"https:\/\/fullsolutions.info\/?s={search_term_string}"},"query-input":{"@type":"PropertyValueSpecification","valueRequired":true,"valueName":"search_term_string"}}],"inLanguage":"en-US"},{"@type":"Organization","@id":"https:\/\/fullsolutions.info\/#organization","name":"Full Solutions","url":"https:\/\/fullsolutions.info\/","logo":{"@type":"ImageObject","inLanguage":"en-US","@id":"https:\/\/fullsolutions.info\/#\/schema\/logo\/image\/","url":"https:\/\/mlhff0prgoxu.i.optimole.com\/cb:s0sM.767\/w:auto\/h:auto\/q:mauto\/f:best\/https:\/\/fullsolutions.info\/wp-content\/uploads\/2021\/07\/cropped-Design-sem-nome-300x193-1-e1627062664782.png","contentUrl":"https:\/\/mlhff0prgoxu.i.optimole.com\/cb:s0sM.767\/w:auto\/h:auto\/q:mauto\/f:best\/https:\/\/fullsolutions.info\/wp-content\/uploads\/2021\/07\/cropped-Design-sem-nome-300x193-1-e1627062664782.png","width":202,"height":155,"caption":"Full Solutions"},"image":{"@id":"https:\/\/fullsolutions.info\/#\/schema\/logo\/image\/"},"sameAs":["https:\/\/www.linkedin.com\/company\/full-solutions-equipment"]}]}},"_links":{"self":[{"href":"https:\/\/fullsolutions.info\/en\/wp-json\/wp\/v2\/product\/6266","targetHints":{"allow":["GET"]}}],"collection":[{"href":"https:\/\/fullsolutions.info\/en\/wp-json\/wp\/v2\/product"}],"about":[{"href":"https:\/\/fullsolutions.info\/en\/wp-json\/wp\/v2\/types\/product"}],"replies":[{"embeddable":true,"href":"https:\/\/fullsolutions.info\/en\/wp-json\/wp\/v2\/comments?post=6266"}],"wp:featuredmedia":[{"embeddable":true,"href":"https:\/\/fullsolutions.info\/en\/wp-json\/wp\/v2\/media\/6267"}],"wp:attachment":[{"href":"https:\/\/fullsolutions.info\/en\/wp-json\/wp\/v2\/media?parent=6266"}],"wp:term":[{"taxonomy":"product_brand","embeddable":true,"href":"https:\/\/fullsolutions.info\/en\/wp-json\/wp\/v2\/product_brand?post=6266"},{"taxonomy":"product_cat","embeddable":true,"href":"https:\/\/fullsolutions.info\/en\/wp-json\/wp\/v2\/product_cat?post=6266"},{"taxonomy":"product_tag","embeddable":true,"href":"https:\/\/fullsolutions.info\/en\/wp-json\/wp\/v2\/product_tag?post=6266"},{"taxonomy":"marca","embeddable":true,"href":"https:\/\/fullsolutions.info\/en\/wp-json\/wp\/v2\/marca?post=6266"}],"curies":[{"name":"wp","href":"https:\/\/api.w.org\/{rel}","templated":true}]}}