{"id":6262,"date":"2026-02-24T16:33:09","date_gmt":"2026-02-24T19:33:09","guid":{"rendered":"https:\/\/fullsolutions.info\/?post_type=product&#038;p=6262"},"modified":"2026-04-13T15:23:50","modified_gmt":"2026-04-13T18:23:50","slug":"campainha-de-alarme-bbr-7m","status":"publish","type":"product","link":"https:\/\/fullsolutions.info\/en\/product\/campainha-de-alarme-bbr-7m\/","title":{"rendered":"Campainha de alarme BBR-7M"},"content":{"rendered":"<div class=\"ingress\"><span dir=\"auto\">Campainha de alarme de 15 cm. 93 dBA\/1 metro. 24 V CC. Montada na sa\u00edda de alarme.<\/span><\/div>\n<div id=\"EditorContentContainer\" class=\"EditorContentContainer\">\n<p><span dir=\"auto\">A campainha de alarme BBR-7M \u00e9 ideal para instala\u00e7\u00e3o externa ou em \u00e1reas que exigem prote\u00e7\u00e3o contra \u00e1gua. Possui uma sa\u00edda sonora de 93 dBA\/1 metro e n\u00e3o requer ajustes. Seu acionamento \u00e9 feito por um solen\u00f3ide eletr\u00f4nico.<\/span><\/p>\n<\/div>\n<div class=\"product-number\"><span dir=\"auto\">N\u00famero da pe\u00e7a:\u00a0<\/span><span dir=\"auto\">116-BBR-7M<\/span><\/div>","protected":false},"excerpt":{"rendered":"<p>Campainha de alarme de 15 cm. 93 dBA\/1 metro. 24 V CC. Montada na sa\u00edda de alarme. A campainha de alarme BBR-7M \u00e9 ideal para instala\u00e7\u00e3o externa ou em \u00e1reas que exigem prote\u00e7\u00e3o contra \u00e1gua. Possui uma sa\u00edda sonora de 93 dBA\/1 metro e n\u00e3o requer ajustes. Seu acionamento \u00e9 feito por um solen\u00f3ide eletr\u00f4nico. N\u00famero da pe\u00e7a:\u00a0116-BBR-7M<\/p>","protected":false},"featured_media":6264,"comment_status":"open","ping_status":"closed","template":"","meta":{"_joinchat":[]},"product_brand":[],"product_cat":[116],"product_tag":[],"marca":[91],"class_list":{"0":"post-6262","1":"product","2":"type-product","3":"status-publish","4":"has-post-thumbnail","6":"product_cat-combate-a-incendio","7":"marca-autronica","9":"first","10":"instock","11":"shipping-taxable","12":"product-type-simple"},"yoast_head":"<!-- This site is optimized with the Yoast SEO plugin v27.2 - https:\/\/yoast.com\/product\/yoast-seo-wordpress\/ -->\n<title>Campainha de alarme BBR-7M - Full Solutions<\/title>\n<meta name=\"description\" content=\"Campainha de alarme BBR-7M para sistemas de detec\u00e7\u00e3o de inc\u00eandio, com sinaliza\u00e7\u00e3o sonora confi\u00e1vel, alta durabilidade e integra\u00e7\u00e3o em aplica\u00e7\u00f5es industriais e comerciais.\" \/>\n<meta name=\"robots\" content=\"index, follow, max-snippet:-1, max-image-preview:large, max-video-preview:-1\" \/>\n<link rel=\"canonical\" href=\"https:\/\/fullsolutions.info\/en\/product\/campainha-de-alarme-bbr-7m\/\" \/>\n<meta property=\"og:locale\" content=\"en_US\" \/>\n<meta property=\"og:type\" content=\"article\" \/>\n<meta property=\"og:title\" content=\"Campainha de alarme BBR-7M - Full Solutions\" \/>\n<meta property=\"og:description\" content=\"Campainha de alarme BBR-7M para sistemas de detec\u00e7\u00e3o de inc\u00eandio, com sinaliza\u00e7\u00e3o sonora confi\u00e1vel, alta durabilidade e integra\u00e7\u00e3o em aplica\u00e7\u00f5es industriais e comerciais.\" \/>\n<meta property=\"og:url\" content=\"https:\/\/fullsolutions.info\/en\/product\/campainha-de-alarme-bbr-7m\/\" \/>\n<meta property=\"og:site_name\" content=\"Full Solutions\" \/>\n<meta property=\"article:modified_time\" content=\"2026-04-13T18:23:50+00:00\" \/>\n<meta property=\"og:image\" content=\"https:\/\/mlhff0prgoxu.i.optimole.com\/cb:s0sM.767\/w:auto\/h:auto\/q:mauto\/f:best\/https:\/\/fullsolutions.info\/wp-content\/uploads\/2026\/02\/0_0_False_False_1_85__fileshare_filArkivRoot_produkt_bilder_BBR-7M.webp\" \/>\n\t<meta property=\"og:image:width\" content=\"549\" \/>\n\t<meta property=\"og:image:height\" content=\"533\" \/>\n\t<meta property=\"og:image:type\" content=\"image\/webp\" \/>\n<meta name=\"twitter:card\" content=\"summary_large_image\" \/>\n<meta name=\"twitter:label1\" content=\"Est. reading time\" \/>\n\t<meta name=\"twitter:data1\" content=\"1 minute\" \/>\n<script type=\"application\/ld+json\" class=\"yoast-schema-graph\">{\"@context\":\"https:\/\/schema.org\",\"@graph\":[{\"@type\":\"WebPage\",\"@id\":\"https:\/\/fullsolutions.info\/produto\/campainha-de-alarme-bbr-7m\/\",\"url\":\"https:\/\/fullsolutions.info\/produto\/campainha-de-alarme-bbr-7m\/\",\"name\":\"Campainha de alarme BBR-7M - Full Solutions\",\"isPartOf\":{\"@id\":\"https:\/\/fullsolutions.info\/#website\"},\"primaryImageOfPage\":{\"@id\":\"https:\/\/fullsolutions.info\/produto\/campainha-de-alarme-bbr-7m\/#primaryimage\"},\"image\":{\"@id\":\"https:\/\/fullsolutions.info\/produto\/campainha-de-alarme-bbr-7m\/#primaryimage\"},\"thumbnailUrl\":\"https:\/\/mlhff0prgoxu.i.optimole.com\/cb:s0sM.767\/w:auto\/h:auto\/q:mauto\/f:best\/https:\/\/fullsolutions.info\/wp-content\/uploads\/2026\/02\/0_0_False_False_1_85__fileshare_filArkivRoot_produkt_bilder_BBR-7M.webp\",\"datePublished\":\"2026-02-24T19:33:09+00:00\",\"dateModified\":\"2026-04-13T18:23:50+00:00\",\"description\":\"Campainha de alarme BBR-7M para sistemas de detec\u00e7\u00e3o de inc\u00eandio, com sinaliza\u00e7\u00e3o sonora confi\u00e1vel, alta durabilidade e integra\u00e7\u00e3o em aplica\u00e7\u00f5es industriais e comerciais.\",\"breadcrumb\":{\"@id\":\"https:\/\/fullsolutions.info\/produto\/campainha-de-alarme-bbr-7m\/#breadcrumb\"},\"inLanguage\":\"en-US\",\"potentialAction\":[{\"@type\":\"ReadAction\",\"target\":[\"https:\/\/fullsolutions.info\/produto\/campainha-de-alarme-bbr-7m\/\"]}]},{\"@type\":\"ImageObject\",\"inLanguage\":\"en-US\",\"@id\":\"https:\/\/fullsolutions.info\/produto\/campainha-de-alarme-bbr-7m\/#primaryimage\",\"url\":\"https:\/\/mlhff0prgoxu.i.optimole.com\/cb:s0sM.767\/w:auto\/h:auto\/q:mauto\/f:best\/https:\/\/fullsolutions.info\/wp-content\/uploads\/2026\/02\/0_0_False_False_1_85__fileshare_filArkivRoot_produkt_bilder_BBR-7M.webp\",\"contentUrl\":\"https:\/\/mlhff0prgoxu.i.optimole.com\/cb:s0sM.767\/w:auto\/h:auto\/q:mauto\/f:best\/https:\/\/fullsolutions.info\/wp-content\/uploads\/2026\/02\/0_0_False_False_1_85__fileshare_filArkivRoot_produkt_bilder_BBR-7M.webp\",\"width\":549,\"height\":533},{\"@type\":\"BreadcrumbList\",\"@id\":\"https:\/\/fullsolutions.info\/produto\/campainha-de-alarme-bbr-7m\/#breadcrumb\",\"itemListElement\":[{\"@type\":\"ListItem\",\"position\":1,\"name\":\"In\u00edcio\",\"item\":\"https:\/\/fullsolutions.info\/\"},{\"@type\":\"ListItem\",\"position\":2,\"name\":\"Produtos\",\"item\":\"https:\/\/fullsolutions.info\/shop\/\"},{\"@type\":\"ListItem\",\"position\":3,\"name\":\"Campainha de alarme BBR-7M\"}]},{\"@type\":\"WebSite\",\"@id\":\"https:\/\/fullsolutions.info\/#website\",\"url\":\"https:\/\/fullsolutions.info\/\",\"name\":\"Full Solutions\",\"description\":\"Empresa na \u00c1rea de Procurement\",\"publisher\":{\"@id\":\"https:\/\/fullsolutions.info\/#organization\"},\"potentialAction\":[{\"@type\":\"SearchAction\",\"target\":{\"@type\":\"EntryPoint\",\"urlTemplate\":\"https:\/\/fullsolutions.info\/?s={search_term_string}\"},\"query-input\":{\"@type\":\"PropertyValueSpecification\",\"valueRequired\":true,\"valueName\":\"search_term_string\"}}],\"inLanguage\":\"en-US\"},{\"@type\":\"Organization\",\"@id\":\"https:\/\/fullsolutions.info\/#organization\",\"name\":\"Full Solutions\",\"url\":\"https:\/\/fullsolutions.info\/\",\"logo\":{\"@type\":\"ImageObject\",\"inLanguage\":\"en-US\",\"@id\":\"https:\/\/fullsolutions.info\/#\/schema\/logo\/image\/\",\"url\":\"https:\/\/mlhff0prgoxu.i.optimole.com\/cb:s0sM.767\/w:auto\/h:auto\/q:mauto\/f:best\/https:\/\/fullsolutions.info\/wp-content\/uploads\/2021\/07\/cropped-Design-sem-nome-300x193-1-e1627062664782.png\",\"contentUrl\":\"https:\/\/mlhff0prgoxu.i.optimole.com\/cb:s0sM.767\/w:auto\/h:auto\/q:mauto\/f:best\/https:\/\/fullsolutions.info\/wp-content\/uploads\/2021\/07\/cropped-Design-sem-nome-300x193-1-e1627062664782.png\",\"width\":202,\"height\":155,\"caption\":\"Full Solutions\"},\"image\":{\"@id\":\"https:\/\/fullsolutions.info\/#\/schema\/logo\/image\/\"},\"sameAs\":[\"https:\/\/www.linkedin.com\/company\/full-solutions-equipment\"]}]}<\/script>\n<!-- \/ Yoast SEO plugin. -->","yoast_head_json":{"title":"Campainha de alarme BBR-7M - Full Solutions","description":"Campainha de alarme BBR-7M para sistemas de detec\u00e7\u00e3o de inc\u00eandio, com sinaliza\u00e7\u00e3o sonora confi\u00e1vel, alta durabilidade e integra\u00e7\u00e3o em aplica\u00e7\u00f5es industriais e comerciais.","robots":{"index":"index","follow":"follow","max-snippet":"max-snippet:-1","max-image-preview":"max-image-preview:large","max-video-preview":"max-video-preview:-1"},"canonical":"https:\/\/fullsolutions.info\/en\/product\/campainha-de-alarme-bbr-7m\/","og_locale":"en_US","og_type":"article","og_title":"Campainha de alarme BBR-7M - Full Solutions","og_description":"Campainha de alarme BBR-7M para sistemas de detec\u00e7\u00e3o de inc\u00eandio, com sinaliza\u00e7\u00e3o sonora confi\u00e1vel, alta durabilidade e integra\u00e7\u00e3o em aplica\u00e7\u00f5es industriais e comerciais.","og_url":"https:\/\/fullsolutions.info\/en\/product\/campainha-de-alarme-bbr-7m\/","og_site_name":"Full Solutions","article_modified_time":"2026-04-13T18:23:50+00:00","og_image":[{"width":549,"height":533,"url":"https:\/\/mlhff0prgoxu.i.optimole.com\/cb:s0sM.767\/w:auto\/h:auto\/q:mauto\/f:best\/https:\/\/fullsolutions.info\/wp-content\/uploads\/2026\/02\/0_0_False_False_1_85__fileshare_filArkivRoot_produkt_bilder_BBR-7M.webp","type":"image\/webp"}],"twitter_card":"summary_large_image","twitter_misc":{"Est. reading time":"1 minute"},"schema":{"@context":"https:\/\/schema.org","@graph":[{"@type":"WebPage","@id":"https:\/\/fullsolutions.info\/produto\/campainha-de-alarme-bbr-7m\/","url":"https:\/\/fullsolutions.info\/produto\/campainha-de-alarme-bbr-7m\/","name":"Campainha de alarme BBR-7M - Full Solutions","isPartOf":{"@id":"https:\/\/fullsolutions.info\/#website"},"primaryImageOfPage":{"@id":"https:\/\/fullsolutions.info\/produto\/campainha-de-alarme-bbr-7m\/#primaryimage"},"image":{"@id":"https:\/\/fullsolutions.info\/produto\/campainha-de-alarme-bbr-7m\/#primaryimage"},"thumbnailUrl":"https:\/\/mlhff0prgoxu.i.optimole.com\/cb:s0sM.767\/w:auto\/h:auto\/q:mauto\/f:best\/https:\/\/fullsolutions.info\/wp-content\/uploads\/2026\/02\/0_0_False_False_1_85__fileshare_filArkivRoot_produkt_bilder_BBR-7M.webp","datePublished":"2026-02-24T19:33:09+00:00","dateModified":"2026-04-13T18:23:50+00:00","description":"Campainha de alarme BBR-7M para sistemas de detec\u00e7\u00e3o de inc\u00eandio, com sinaliza\u00e7\u00e3o sonora confi\u00e1vel, alta durabilidade e integra\u00e7\u00e3o em aplica\u00e7\u00f5es industriais e comerciais.","breadcrumb":{"@id":"https:\/\/fullsolutions.info\/produto\/campainha-de-alarme-bbr-7m\/#breadcrumb"},"inLanguage":"en-US","potentialAction":[{"@type":"ReadAction","target":["https:\/\/fullsolutions.info\/produto\/campainha-de-alarme-bbr-7m\/"]}]},{"@type":"ImageObject","inLanguage":"en-US","@id":"https:\/\/fullsolutions.info\/produto\/campainha-de-alarme-bbr-7m\/#primaryimage","url":"https:\/\/mlhff0prgoxu.i.optimole.com\/cb:s0sM.767\/w:auto\/h:auto\/q:mauto\/f:best\/https:\/\/fullsolutions.info\/wp-content\/uploads\/2026\/02\/0_0_False_False_1_85__fileshare_filArkivRoot_produkt_bilder_BBR-7M.webp","contentUrl":"https:\/\/mlhff0prgoxu.i.optimole.com\/cb:s0sM.767\/w:auto\/h:auto\/q:mauto\/f:best\/https:\/\/fullsolutions.info\/wp-content\/uploads\/2026\/02\/0_0_False_False_1_85__fileshare_filArkivRoot_produkt_bilder_BBR-7M.webp","width":549,"height":533},{"@type":"BreadcrumbList","@id":"https:\/\/fullsolutions.info\/produto\/campainha-de-alarme-bbr-7m\/#breadcrumb","itemListElement":[{"@type":"ListItem","position":1,"name":"In\u00edcio","item":"https:\/\/fullsolutions.info\/"},{"@type":"ListItem","position":2,"name":"Produtos","item":"https:\/\/fullsolutions.info\/shop\/"},{"@type":"ListItem","position":3,"name":"Campainha de alarme BBR-7M"}]},{"@type":"WebSite","@id":"https:\/\/fullsolutions.info\/#website","url":"https:\/\/fullsolutions.info\/","name":"Full Solutions","description":"Empresa na \u00c1rea de Procurement","publisher":{"@id":"https:\/\/fullsolutions.info\/#organization"},"potentialAction":[{"@type":"SearchAction","target":{"@type":"EntryPoint","urlTemplate":"https:\/\/fullsolutions.info\/?s={search_term_string}"},"query-input":{"@type":"PropertyValueSpecification","valueRequired":true,"valueName":"search_term_string"}}],"inLanguage":"en-US"},{"@type":"Organization","@id":"https:\/\/fullsolutions.info\/#organization","name":"Full Solutions","url":"https:\/\/fullsolutions.info\/","logo":{"@type":"ImageObject","inLanguage":"en-US","@id":"https:\/\/fullsolutions.info\/#\/schema\/logo\/image\/","url":"https:\/\/mlhff0prgoxu.i.optimole.com\/cb:s0sM.767\/w:auto\/h:auto\/q:mauto\/f:best\/https:\/\/fullsolutions.info\/wp-content\/uploads\/2021\/07\/cropped-Design-sem-nome-300x193-1-e1627062664782.png","contentUrl":"https:\/\/mlhff0prgoxu.i.optimole.com\/cb:s0sM.767\/w:auto\/h:auto\/q:mauto\/f:best\/https:\/\/fullsolutions.info\/wp-content\/uploads\/2021\/07\/cropped-Design-sem-nome-300x193-1-e1627062664782.png","width":202,"height":155,"caption":"Full Solutions"},"image":{"@id":"https:\/\/fullsolutions.info\/#\/schema\/logo\/image\/"},"sameAs":["https:\/\/www.linkedin.com\/company\/full-solutions-equipment"]}]}},"_links":{"self":[{"href":"https:\/\/fullsolutions.info\/en\/wp-json\/wp\/v2\/product\/6262","targetHints":{"allow":["GET"]}}],"collection":[{"href":"https:\/\/fullsolutions.info\/en\/wp-json\/wp\/v2\/product"}],"about":[{"href":"https:\/\/fullsolutions.info\/en\/wp-json\/wp\/v2\/types\/product"}],"replies":[{"embeddable":true,"href":"https:\/\/fullsolutions.info\/en\/wp-json\/wp\/v2\/comments?post=6262"}],"wp:featuredmedia":[{"embeddable":true,"href":"https:\/\/fullsolutions.info\/en\/wp-json\/wp\/v2\/media\/6264"}],"wp:attachment":[{"href":"https:\/\/fullsolutions.info\/en\/wp-json\/wp\/v2\/media?parent=6262"}],"wp:term":[{"taxonomy":"product_brand","embeddable":true,"href":"https:\/\/fullsolutions.info\/en\/wp-json\/wp\/v2\/product_brand?post=6262"},{"taxonomy":"product_cat","embeddable":true,"href":"https:\/\/fullsolutions.info\/en\/wp-json\/wp\/v2\/product_cat?post=6262"},{"taxonomy":"product_tag","embeddable":true,"href":"https:\/\/fullsolutions.info\/en\/wp-json\/wp\/v2\/product_tag?post=6262"},{"taxonomy":"marca","embeddable":true,"href":"https:\/\/fullsolutions.info\/en\/wp-json\/wp\/v2\/marca?post=6262"}],"curies":[{"name":"wp","href":"https:\/\/api.w.org\/{rel}","templated":true}]}}