{"id":6257,"date":"2026-02-24T15:55:06","date_gmt":"2026-02-24T18:55:06","guid":{"rendered":"https:\/\/fullsolutions.info\/?post_type=product&#038;p=6257"},"modified":"2026-04-13T15:18:50","modified_gmt":"2026-04-13T18:18:50","slug":"input-unit-bn-300m","status":"publish","type":"product","link":"https:\/\/fullsolutions.info\/en\/product\/input-unit-bn-300m\/","title":{"rendered":"Unidade de entrada monitorada \u00fanica BN-303"},"content":{"rendered":"<div class=\"ingress\"><span dir=\"auto\">Para interligar interruptores e detectores de terceiros com sa\u00eddas de rel\u00e9 aos sistemas interativos de detec\u00e7\u00e3o de inc\u00eandio da Autronica. Compat\u00edvel com Autroprime (vers\u00e3o 1.1.0 ou posterior) e AutroSafe (vers\u00e3o 4.3.1 ou posterior). Com SelfVerify.<\/span><\/div>\n<div id=\"EditorContentContainer\" class=\"EditorContentContainer\">\n<p><span dir=\"auto\">A unidade possui diversas fun\u00e7\u00f5es de E\/S. A configura\u00e7\u00e3o da chave DIP da unidade de E\/S determina qual fun\u00e7\u00e3o \u00e9 atribu\u00edda \u00e0s entradas\/sa\u00eddas. O BN-303 oferece 6 fun\u00e7\u00f5es diferentes.<\/span><\/p>\n<p><span dir=\"auto\">A fun\u00e7\u00e3o SelfVerify garante o mais alto n\u00edvel de confiabilidade e reduz a necessidade de testes manuais, pois o painel \u00e9 capaz de verificar de forma cont\u00ednua e autom\u00e1tica todas as unidades que incluem essa fun\u00e7\u00e3o.<\/span><\/p>\n<\/div>\n<div class=\"product-number\"><span dir=\"auto\">N\u00famero da pe\u00e7a:\u00a0<\/span><span dir=\"auto\">116-BN-303<\/span><\/div>","protected":false},"excerpt":{"rendered":"<p>Para interligar interruptores e detectores de terceiros com sa\u00eddas de rel\u00e9 aos sistemas interativos de detec\u00e7\u00e3o de inc\u00eandio da Autronica. Compat\u00edvel com Autroprime (vers\u00e3o 1.1.0 ou posterior) e AutroSafe (vers\u00e3o 4.3.1 ou posterior). Com SelfVerify. A unidade possui diversas fun\u00e7\u00f5es de E\/S. A configura\u00e7\u00e3o da chave DIP da unidade de E\/S determina qual fun\u00e7\u00e3o \u00e9 atribu\u00edda \u00e0s entradas\/sa\u00eddas. O BN-303 oferece 6 fun\u00e7\u00f5es diferentes. A fun\u00e7\u00e3o SelfVerify garante o mais alto n\u00edvel de confiabilidade e reduz a necessidade de testes manuais, pois o painel \u00e9 capaz de verificar de forma cont\u00ednua e autom\u00e1tica todas as unidades que incluem essa fun\u00e7\u00e3o. N\u00famero da pe\u00e7a:\u00a0116-BN-303<\/p>","protected":false},"featured_media":6260,"comment_status":"open","ping_status":"closed","template":"","meta":{"_joinchat":[]},"product_brand":[],"product_cat":[116],"product_tag":[],"marca":[91],"class_list":{"0":"post-6257","1":"product","2":"type-product","3":"status-publish","4":"has-post-thumbnail","6":"product_cat-combate-a-incendio","7":"marca-autronica","9":"first","10":"instock","11":"shipping-taxable","12":"product-type-simple"},"yoast_head":"<!-- This site is optimized with the Yoast SEO plugin v27.2 - https:\/\/yoast.com\/product\/yoast-seo-wordpress\/ -->\n<title>Unidade de entrada monitorada \u00fanica BN-303 - Full Solutions<\/title>\n<meta name=\"description\" content=\"Unidade de entrada monitorada BN-303 para sistemas de detec\u00e7\u00e3o de inc\u00eandio, com monitoramento de sinais, integra\u00e7\u00e3o em rede e flexibilidade em aplica\u00e7\u00f5es.\" \/>\n<meta name=\"robots\" content=\"index, follow, max-snippet:-1, max-image-preview:large, max-video-preview:-1\" \/>\n<link rel=\"canonical\" href=\"https:\/\/fullsolutions.info\/en\/product\/input-unit-bn-300m\/\" \/>\n<meta property=\"og:locale\" content=\"en_US\" \/>\n<meta property=\"og:type\" content=\"article\" \/>\n<meta property=\"og:title\" content=\"Unidade de entrada monitorada \u00fanica BN-303 - Full Solutions\" \/>\n<meta property=\"og:description\" content=\"Unidade de entrada monitorada BN-303 para sistemas de detec\u00e7\u00e3o de inc\u00eandio, com monitoramento de sinais, integra\u00e7\u00e3o em rede e flexibilidade em aplica\u00e7\u00f5es.\" \/>\n<meta property=\"og:url\" content=\"https:\/\/fullsolutions.info\/en\/product\/input-unit-bn-300m\/\" \/>\n<meta property=\"og:site_name\" content=\"Full Solutions\" \/>\n<meta property=\"article:modified_time\" content=\"2026-04-13T18:18:50+00:00\" \/>\n<meta property=\"og:image\" content=\"https:\/\/mlhff0prgoxu.i.optimole.com\/cb:s0sM.767\/w:auto\/h:auto\/q:mauto\/f:best\/https:\/\/fullsolutions.info\/wp-content\/uploads\/2026\/02\/BN-303.png\" \/>\n\t<meta property=\"og:image:width\" content=\"549\" \/>\n\t<meta property=\"og:image:height\" content=\"533\" \/>\n\t<meta property=\"og:image:type\" content=\"image\/png\" \/>\n<meta name=\"twitter:card\" content=\"summary_large_image\" \/>\n<meta name=\"twitter:label1\" content=\"Est. reading time\" \/>\n\t<meta name=\"twitter:data1\" content=\"1 minute\" \/>\n<script type=\"application\/ld+json\" class=\"yoast-schema-graph\">{\"@context\":\"https:\/\/schema.org\",\"@graph\":[{\"@type\":\"WebPage\",\"@id\":\"https:\/\/fullsolutions.info\/produto\/input-unit-bn-300m\/\",\"url\":\"https:\/\/fullsolutions.info\/produto\/input-unit-bn-300m\/\",\"name\":\"Unidade de entrada monitorada \u00fanica BN-303 - Full Solutions\",\"isPartOf\":{\"@id\":\"https:\/\/fullsolutions.info\/#website\"},\"primaryImageOfPage\":{\"@id\":\"https:\/\/fullsolutions.info\/produto\/input-unit-bn-300m\/#primaryimage\"},\"image\":{\"@id\":\"https:\/\/fullsolutions.info\/produto\/input-unit-bn-300m\/#primaryimage\"},\"thumbnailUrl\":\"https:\/\/mlhff0prgoxu.i.optimole.com\/cb:s0sM.767\/w:auto\/h:auto\/q:mauto\/f:best\/https:\/\/fullsolutions.info\/wp-content\/uploads\/2026\/02\/BN-303.png\",\"datePublished\":\"2026-02-24T18:55:06+00:00\",\"dateModified\":\"2026-04-13T18:18:50+00:00\",\"description\":\"Unidade de entrada monitorada BN-303 para sistemas de detec\u00e7\u00e3o de inc\u00eandio, com monitoramento de sinais, integra\u00e7\u00e3o em rede e flexibilidade em aplica\u00e7\u00f5es.\",\"breadcrumb\":{\"@id\":\"https:\/\/fullsolutions.info\/produto\/input-unit-bn-300m\/#breadcrumb\"},\"inLanguage\":\"en-US\",\"potentialAction\":[{\"@type\":\"ReadAction\",\"target\":[\"https:\/\/fullsolutions.info\/produto\/input-unit-bn-300m\/\"]}]},{\"@type\":\"ImageObject\",\"inLanguage\":\"en-US\",\"@id\":\"https:\/\/fullsolutions.info\/produto\/input-unit-bn-300m\/#primaryimage\",\"url\":\"https:\/\/mlhff0prgoxu.i.optimole.com\/cb:s0sM.767\/w:auto\/h:auto\/q:mauto\/f:best\/https:\/\/fullsolutions.info\/wp-content\/uploads\/2026\/02\/BN-303.png\",\"contentUrl\":\"https:\/\/mlhff0prgoxu.i.optimole.com\/cb:s0sM.767\/w:auto\/h:auto\/q:mauto\/f:best\/https:\/\/fullsolutions.info\/wp-content\/uploads\/2026\/02\/BN-303.png\",\"width\":549,\"height\":533},{\"@type\":\"BreadcrumbList\",\"@id\":\"https:\/\/fullsolutions.info\/produto\/input-unit-bn-300m\/#breadcrumb\",\"itemListElement\":[{\"@type\":\"ListItem\",\"position\":1,\"name\":\"In\u00edcio\",\"item\":\"https:\/\/fullsolutions.info\/\"},{\"@type\":\"ListItem\",\"position\":2,\"name\":\"Produtos\",\"item\":\"https:\/\/fullsolutions.info\/shop\/\"},{\"@type\":\"ListItem\",\"position\":3,\"name\":\"Unidade de entrada monitorada \u00fanica BN-303\"}]},{\"@type\":\"WebSite\",\"@id\":\"https:\/\/fullsolutions.info\/#website\",\"url\":\"https:\/\/fullsolutions.info\/\",\"name\":\"Full Solutions\",\"description\":\"Empresa na \u00c1rea de Procurement\",\"publisher\":{\"@id\":\"https:\/\/fullsolutions.info\/#organization\"},\"potentialAction\":[{\"@type\":\"SearchAction\",\"target\":{\"@type\":\"EntryPoint\",\"urlTemplate\":\"https:\/\/fullsolutions.info\/?s={search_term_string}\"},\"query-input\":{\"@type\":\"PropertyValueSpecification\",\"valueRequired\":true,\"valueName\":\"search_term_string\"}}],\"inLanguage\":\"en-US\"},{\"@type\":\"Organization\",\"@id\":\"https:\/\/fullsolutions.info\/#organization\",\"name\":\"Full Solutions\",\"url\":\"https:\/\/fullsolutions.info\/\",\"logo\":{\"@type\":\"ImageObject\",\"inLanguage\":\"en-US\",\"@id\":\"https:\/\/fullsolutions.info\/#\/schema\/logo\/image\/\",\"url\":\"https:\/\/mlhff0prgoxu.i.optimole.com\/cb:s0sM.767\/w:auto\/h:auto\/q:mauto\/f:best\/https:\/\/fullsolutions.info\/wp-content\/uploads\/2021\/07\/cropped-Design-sem-nome-300x193-1-e1627062664782.png\",\"contentUrl\":\"https:\/\/mlhff0prgoxu.i.optimole.com\/cb:s0sM.767\/w:auto\/h:auto\/q:mauto\/f:best\/https:\/\/fullsolutions.info\/wp-content\/uploads\/2021\/07\/cropped-Design-sem-nome-300x193-1-e1627062664782.png\",\"width\":202,\"height\":155,\"caption\":\"Full Solutions\"},\"image\":{\"@id\":\"https:\/\/fullsolutions.info\/#\/schema\/logo\/image\/\"},\"sameAs\":[\"https:\/\/www.linkedin.com\/company\/full-solutions-equipment\"]}]}<\/script>\n<!-- \/ Yoast SEO plugin. -->","yoast_head_json":{"title":"Unidade de entrada monitorada \u00fanica BN-303 - Full Solutions","description":"Unidade de entrada monitorada BN-303 para sistemas de detec\u00e7\u00e3o de inc\u00eandio, com monitoramento de sinais, integra\u00e7\u00e3o em rede e flexibilidade em aplica\u00e7\u00f5es.","robots":{"index":"index","follow":"follow","max-snippet":"max-snippet:-1","max-image-preview":"max-image-preview:large","max-video-preview":"max-video-preview:-1"},"canonical":"https:\/\/fullsolutions.info\/en\/product\/input-unit-bn-300m\/","og_locale":"en_US","og_type":"article","og_title":"Unidade de entrada monitorada \u00fanica BN-303 - Full Solutions","og_description":"Unidade de entrada monitorada BN-303 para sistemas de detec\u00e7\u00e3o de inc\u00eandio, com monitoramento de sinais, integra\u00e7\u00e3o em rede e flexibilidade em aplica\u00e7\u00f5es.","og_url":"https:\/\/fullsolutions.info\/en\/product\/input-unit-bn-300m\/","og_site_name":"Full Solutions","article_modified_time":"2026-04-13T18:18:50+00:00","og_image":[{"width":549,"height":533,"url":"https:\/\/mlhff0prgoxu.i.optimole.com\/cb:s0sM.767\/w:auto\/h:auto\/q:mauto\/f:best\/https:\/\/fullsolutions.info\/wp-content\/uploads\/2026\/02\/BN-303.png","type":"image\/png"}],"twitter_card":"summary_large_image","twitter_misc":{"Est. reading time":"1 minute"},"schema":{"@context":"https:\/\/schema.org","@graph":[{"@type":"WebPage","@id":"https:\/\/fullsolutions.info\/produto\/input-unit-bn-300m\/","url":"https:\/\/fullsolutions.info\/produto\/input-unit-bn-300m\/","name":"Unidade de entrada monitorada \u00fanica BN-303 - Full Solutions","isPartOf":{"@id":"https:\/\/fullsolutions.info\/#website"},"primaryImageOfPage":{"@id":"https:\/\/fullsolutions.info\/produto\/input-unit-bn-300m\/#primaryimage"},"image":{"@id":"https:\/\/fullsolutions.info\/produto\/input-unit-bn-300m\/#primaryimage"},"thumbnailUrl":"https:\/\/mlhff0prgoxu.i.optimole.com\/cb:s0sM.767\/w:auto\/h:auto\/q:mauto\/f:best\/https:\/\/fullsolutions.info\/wp-content\/uploads\/2026\/02\/BN-303.png","datePublished":"2026-02-24T18:55:06+00:00","dateModified":"2026-04-13T18:18:50+00:00","description":"Unidade de entrada monitorada BN-303 para sistemas de detec\u00e7\u00e3o de inc\u00eandio, com monitoramento de sinais, integra\u00e7\u00e3o em rede e flexibilidade em aplica\u00e7\u00f5es.","breadcrumb":{"@id":"https:\/\/fullsolutions.info\/produto\/input-unit-bn-300m\/#breadcrumb"},"inLanguage":"en-US","potentialAction":[{"@type":"ReadAction","target":["https:\/\/fullsolutions.info\/produto\/input-unit-bn-300m\/"]}]},{"@type":"ImageObject","inLanguage":"en-US","@id":"https:\/\/fullsolutions.info\/produto\/input-unit-bn-300m\/#primaryimage","url":"https:\/\/mlhff0prgoxu.i.optimole.com\/cb:s0sM.767\/w:auto\/h:auto\/q:mauto\/f:best\/https:\/\/fullsolutions.info\/wp-content\/uploads\/2026\/02\/BN-303.png","contentUrl":"https:\/\/mlhff0prgoxu.i.optimole.com\/cb:s0sM.767\/w:auto\/h:auto\/q:mauto\/f:best\/https:\/\/fullsolutions.info\/wp-content\/uploads\/2026\/02\/BN-303.png","width":549,"height":533},{"@type":"BreadcrumbList","@id":"https:\/\/fullsolutions.info\/produto\/input-unit-bn-300m\/#breadcrumb","itemListElement":[{"@type":"ListItem","position":1,"name":"In\u00edcio","item":"https:\/\/fullsolutions.info\/"},{"@type":"ListItem","position":2,"name":"Produtos","item":"https:\/\/fullsolutions.info\/shop\/"},{"@type":"ListItem","position":3,"name":"Unidade de entrada monitorada \u00fanica BN-303"}]},{"@type":"WebSite","@id":"https:\/\/fullsolutions.info\/#website","url":"https:\/\/fullsolutions.info\/","name":"Full Solutions","description":"Empresa na \u00c1rea de Procurement","publisher":{"@id":"https:\/\/fullsolutions.info\/#organization"},"potentialAction":[{"@type":"SearchAction","target":{"@type":"EntryPoint","urlTemplate":"https:\/\/fullsolutions.info\/?s={search_term_string}"},"query-input":{"@type":"PropertyValueSpecification","valueRequired":true,"valueName":"search_term_string"}}],"inLanguage":"en-US"},{"@type":"Organization","@id":"https:\/\/fullsolutions.info\/#organization","name":"Full Solutions","url":"https:\/\/fullsolutions.info\/","logo":{"@type":"ImageObject","inLanguage":"en-US","@id":"https:\/\/fullsolutions.info\/#\/schema\/logo\/image\/","url":"https:\/\/mlhff0prgoxu.i.optimole.com\/cb:s0sM.767\/w:auto\/h:auto\/q:mauto\/f:best\/https:\/\/fullsolutions.info\/wp-content\/uploads\/2021\/07\/cropped-Design-sem-nome-300x193-1-e1627062664782.png","contentUrl":"https:\/\/mlhff0prgoxu.i.optimole.com\/cb:s0sM.767\/w:auto\/h:auto\/q:mauto\/f:best\/https:\/\/fullsolutions.info\/wp-content\/uploads\/2021\/07\/cropped-Design-sem-nome-300x193-1-e1627062664782.png","width":202,"height":155,"caption":"Full Solutions"},"image":{"@id":"https:\/\/fullsolutions.info\/#\/schema\/logo\/image\/"},"sameAs":["https:\/\/www.linkedin.com\/company\/full-solutions-equipment"]}]}},"_links":{"self":[{"href":"https:\/\/fullsolutions.info\/en\/wp-json\/wp\/v2\/product\/6257","targetHints":{"allow":["GET"]}}],"collection":[{"href":"https:\/\/fullsolutions.info\/en\/wp-json\/wp\/v2\/product"}],"about":[{"href":"https:\/\/fullsolutions.info\/en\/wp-json\/wp\/v2\/types\/product"}],"replies":[{"embeddable":true,"href":"https:\/\/fullsolutions.info\/en\/wp-json\/wp\/v2\/comments?post=6257"}],"wp:featuredmedia":[{"embeddable":true,"href":"https:\/\/fullsolutions.info\/en\/wp-json\/wp\/v2\/media\/6260"}],"wp:attachment":[{"href":"https:\/\/fullsolutions.info\/en\/wp-json\/wp\/v2\/media?parent=6257"}],"wp:term":[{"taxonomy":"product_brand","embeddable":true,"href":"https:\/\/fullsolutions.info\/en\/wp-json\/wp\/v2\/product_brand?post=6257"},{"taxonomy":"product_cat","embeddable":true,"href":"https:\/\/fullsolutions.info\/en\/wp-json\/wp\/v2\/product_cat?post=6257"},{"taxonomy":"product_tag","embeddable":true,"href":"https:\/\/fullsolutions.info\/en\/wp-json\/wp\/v2\/product_tag?post=6257"},{"taxonomy":"marca","embeddable":true,"href":"https:\/\/fullsolutions.info\/en\/wp-json\/wp\/v2\/marca?post=6257"}],"curies":[{"name":"wp","href":"https:\/\/api.w.org\/{rel}","templated":true}]}}