{"id":6254,"date":"2026-02-24T15:49:17","date_gmt":"2026-02-24T18:49:17","guid":{"rendered":"https:\/\/fullsolutions.info\/?post_type=product&#038;p=6254"},"modified":"2026-04-13T15:25:47","modified_gmt":"2026-04-13T18:25:47","slug":"unidade-de-entrada-bn-300m","status":"publish","type":"product","link":"https:\/\/fullsolutions.info\/en\/product\/unidade-de-entrada-bn-300m\/","title":{"rendered":"Unidade de entrada BN-300M"},"content":{"rendered":"<div class=\"ingress\">\n<p data-start=\"109\" data-end=\"394\">A <strong data-start=\"111\" data-end=\"141\">unidade de entrada BN-300M<\/strong> funciona como m\u00f3dulo de entrada modular com um canal monitorado. Ela permite a conex\u00e3o de contatos externos de alarme do tipo LIGADO\/DESLIGADO ao la\u00e7o detector do AutroSafe. Al\u00e9m disso, o equipamento monta-se em trilho DIN e inclui a fun\u00e7\u00e3o SelfVerify.<\/p>\n<p data-start=\"396\" data-end=\"621\">O sistema AutroSafe utiliza a BN-300M para integrar diferentes dispositivos de sinaliza\u00e7\u00e3o ao la\u00e7o de detec\u00e7\u00e3o. Dessa forma, a unidade garante comunica\u00e7\u00e3o eficiente com o sistema interativo de alarme de inc\u00eandio da Autronica.<\/p>\n<p data-start=\"623\" data-end=\"828\">A fun\u00e7\u00e3o SelfVerify aumenta a confiabilidade do sistema. Al\u00e9m disso, o m\u00f3dulo executa testes autom\u00e1ticos a cada 24 horas. Assim, ele reduz a necessidade de testes manuais e melhora a seguran\u00e7a operacional.<\/p>\n<hr data-start=\"830\" data-end=\"833\" \/>\n<p data-start=\"835\" data-end=\"866\" data-is-last-node=\"\" data-is-only-node=\"\"><strong data-start=\"835\" data-end=\"854\">N\u00famero da pe\u00e7a:<\/strong> 116-BN-300M<\/p>\n<\/div>","protected":false},"excerpt":{"rendered":"<p>A unidade de entrada BN-300M funciona como m\u00f3dulo de entrada modular com um canal monitorado. Ela permite a conex\u00e3o de contatos externos de alarme do tipo LIGADO\/DESLIGADO ao la\u00e7o detector do AutroSafe. Al\u00e9m disso, o equipamento monta-se em trilho DIN e inclui a fun\u00e7\u00e3o SelfVerify. O sistema AutroSafe utiliza a BN-300M para integrar diferentes dispositivos de sinaliza\u00e7\u00e3o ao la\u00e7o de detec\u00e7\u00e3o. Dessa forma, a unidade garante comunica\u00e7\u00e3o eficiente com o sistema interativo de alarme de inc\u00eandio da Autronica. A fun\u00e7\u00e3o SelfVerify aumenta a confiabilidade do sistema. Al\u00e9m disso, o m\u00f3dulo executa testes autom\u00e1ticos a cada 24 horas. Assim, ele reduz a necessidade de testes manuais e melhora a seguran\u00e7a operacional. N\u00famero da pe\u00e7a: 116-BN-300M<\/p>","protected":false},"featured_media":6255,"comment_status":"open","ping_status":"closed","template":"","meta":{"_joinchat":[]},"product_brand":[],"product_cat":[116],"product_tag":[],"marca":[91],"class_list":{"0":"post-6254","1":"product","2":"type-product","3":"status-publish","4":"has-post-thumbnail","6":"product_cat-combate-a-incendio","7":"marca-autronica","9":"first","10":"instock","11":"shipping-taxable","12":"product-type-simple"},"yoast_head":"<!-- This site is optimized with the Yoast SEO plugin v27.2 - https:\/\/yoast.com\/product\/yoast-seo-wordpress\/ -->\n<title>Unidade de entrada BN-300M - Full Solutions<\/title>\n<meta name=\"description\" content=\"Unidade de entrada BN-300M para sistemas de detec\u00e7\u00e3o de inc\u00eandio, com monitoramento de sinais, integra\u00e7\u00e3o em rede e alta flexibilidade para aplica\u00e7\u00f5es.\" \/>\n<meta name=\"robots\" content=\"index, follow, max-snippet:-1, max-image-preview:large, max-video-preview:-1\" \/>\n<link rel=\"canonical\" href=\"https:\/\/fullsolutions.info\/en\/product\/unidade-de-entrada-bn-300m\/\" \/>\n<meta property=\"og:locale\" content=\"en_US\" \/>\n<meta property=\"og:type\" content=\"article\" \/>\n<meta property=\"og:title\" content=\"Unidade de entrada BN-300M - Full Solutions\" \/>\n<meta property=\"og:description\" content=\"Unidade de entrada BN-300M para sistemas de detec\u00e7\u00e3o de inc\u00eandio, com monitoramento de sinais, integra\u00e7\u00e3o em rede e alta flexibilidade para aplica\u00e7\u00f5es.\" \/>\n<meta property=\"og:url\" content=\"https:\/\/fullsolutions.info\/en\/product\/unidade-de-entrada-bn-300m\/\" \/>\n<meta property=\"og:site_name\" content=\"Full Solutions\" \/>\n<meta property=\"article:modified_time\" content=\"2026-04-13T18:25:47+00:00\" \/>\n<meta property=\"og:image\" content=\"https:\/\/mlhff0prgoxu.i.optimole.com\/cb:s0sM.767\/w:auto\/h:auto\/q:mauto\/f:best\/https:\/\/fullsolutions.info\/wp-content\/uploads\/2026\/02\/Input-unit-BN-300M.png\" \/>\n\t<meta property=\"og:image:width\" content=\"549\" \/>\n\t<meta property=\"og:image:height\" content=\"533\" \/>\n\t<meta property=\"og:image:type\" content=\"image\/png\" \/>\n<meta name=\"twitter:card\" content=\"summary_large_image\" \/>\n<meta name=\"twitter:label1\" content=\"Est. reading time\" \/>\n\t<meta name=\"twitter:data1\" content=\"1 minute\" \/>\n<script type=\"application\/ld+json\" class=\"yoast-schema-graph\">{\"@context\":\"https:\/\/schema.org\",\"@graph\":[{\"@type\":\"WebPage\",\"@id\":\"https:\/\/fullsolutions.info\/produto\/unidade-de-entrada-bn-300m\/\",\"url\":\"https:\/\/fullsolutions.info\/produto\/unidade-de-entrada-bn-300m\/\",\"name\":\"Unidade de entrada BN-300M - Full Solutions\",\"isPartOf\":{\"@id\":\"https:\/\/fullsolutions.info\/#website\"},\"primaryImageOfPage\":{\"@id\":\"https:\/\/fullsolutions.info\/produto\/unidade-de-entrada-bn-300m\/#primaryimage\"},\"image\":{\"@id\":\"https:\/\/fullsolutions.info\/produto\/unidade-de-entrada-bn-300m\/#primaryimage\"},\"thumbnailUrl\":\"https:\/\/mlhff0prgoxu.i.optimole.com\/cb:s0sM.767\/w:auto\/h:auto\/q:mauto\/f:best\/https:\/\/fullsolutions.info\/wp-content\/uploads\/2026\/02\/Input-unit-BN-300M.png\",\"datePublished\":\"2026-02-24T18:49:17+00:00\",\"dateModified\":\"2026-04-13T18:25:47+00:00\",\"description\":\"Unidade de entrada BN-300M para sistemas de detec\u00e7\u00e3o de inc\u00eandio, com monitoramento de sinais, integra\u00e7\u00e3o em rede e alta flexibilidade para aplica\u00e7\u00f5es.\",\"breadcrumb\":{\"@id\":\"https:\/\/fullsolutions.info\/produto\/unidade-de-entrada-bn-300m\/#breadcrumb\"},\"inLanguage\":\"en-US\",\"potentialAction\":[{\"@type\":\"ReadAction\",\"target\":[\"https:\/\/fullsolutions.info\/produto\/unidade-de-entrada-bn-300m\/\"]}]},{\"@type\":\"ImageObject\",\"inLanguage\":\"en-US\",\"@id\":\"https:\/\/fullsolutions.info\/produto\/unidade-de-entrada-bn-300m\/#primaryimage\",\"url\":\"https:\/\/mlhff0prgoxu.i.optimole.com\/cb:s0sM.767\/w:auto\/h:auto\/q:mauto\/f:best\/https:\/\/fullsolutions.info\/wp-content\/uploads\/2026\/02\/Input-unit-BN-300M.png\",\"contentUrl\":\"https:\/\/mlhff0prgoxu.i.optimole.com\/cb:s0sM.767\/w:auto\/h:auto\/q:mauto\/f:best\/https:\/\/fullsolutions.info\/wp-content\/uploads\/2026\/02\/Input-unit-BN-300M.png\",\"width\":549,\"height\":533},{\"@type\":\"BreadcrumbList\",\"@id\":\"https:\/\/fullsolutions.info\/produto\/unidade-de-entrada-bn-300m\/#breadcrumb\",\"itemListElement\":[{\"@type\":\"ListItem\",\"position\":1,\"name\":\"In\u00edcio\",\"item\":\"https:\/\/fullsolutions.info\/\"},{\"@type\":\"ListItem\",\"position\":2,\"name\":\"Produtos\",\"item\":\"https:\/\/fullsolutions.info\/shop\/\"},{\"@type\":\"ListItem\",\"position\":3,\"name\":\"Unidade de entrada BN-300M\"}]},{\"@type\":\"WebSite\",\"@id\":\"https:\/\/fullsolutions.info\/#website\",\"url\":\"https:\/\/fullsolutions.info\/\",\"name\":\"Full Solutions\",\"description\":\"Empresa na \u00c1rea de Procurement\",\"publisher\":{\"@id\":\"https:\/\/fullsolutions.info\/#organization\"},\"potentialAction\":[{\"@type\":\"SearchAction\",\"target\":{\"@type\":\"EntryPoint\",\"urlTemplate\":\"https:\/\/fullsolutions.info\/?s={search_term_string}\"},\"query-input\":{\"@type\":\"PropertyValueSpecification\",\"valueRequired\":true,\"valueName\":\"search_term_string\"}}],\"inLanguage\":\"en-US\"},{\"@type\":\"Organization\",\"@id\":\"https:\/\/fullsolutions.info\/#organization\",\"name\":\"Full Solutions\",\"url\":\"https:\/\/fullsolutions.info\/\",\"logo\":{\"@type\":\"ImageObject\",\"inLanguage\":\"en-US\",\"@id\":\"https:\/\/fullsolutions.info\/#\/schema\/logo\/image\/\",\"url\":\"https:\/\/mlhff0prgoxu.i.optimole.com\/cb:s0sM.767\/w:auto\/h:auto\/q:mauto\/f:best\/https:\/\/fullsolutions.info\/wp-content\/uploads\/2021\/07\/cropped-Design-sem-nome-300x193-1-e1627062664782.png\",\"contentUrl\":\"https:\/\/mlhff0prgoxu.i.optimole.com\/cb:s0sM.767\/w:auto\/h:auto\/q:mauto\/f:best\/https:\/\/fullsolutions.info\/wp-content\/uploads\/2021\/07\/cropped-Design-sem-nome-300x193-1-e1627062664782.png\",\"width\":202,\"height\":155,\"caption\":\"Full Solutions\"},\"image\":{\"@id\":\"https:\/\/fullsolutions.info\/#\/schema\/logo\/image\/\"},\"sameAs\":[\"https:\/\/www.linkedin.com\/company\/full-solutions-equipment\"]}]}<\/script>\n<!-- \/ Yoast SEO plugin. -->","yoast_head_json":{"title":"Unidade de entrada BN-300M - Full Solutions","description":"Unidade de entrada BN-300M para sistemas de detec\u00e7\u00e3o de inc\u00eandio, com monitoramento de sinais, integra\u00e7\u00e3o em rede e alta flexibilidade para aplica\u00e7\u00f5es.","robots":{"index":"index","follow":"follow","max-snippet":"max-snippet:-1","max-image-preview":"max-image-preview:large","max-video-preview":"max-video-preview:-1"},"canonical":"https:\/\/fullsolutions.info\/en\/product\/unidade-de-entrada-bn-300m\/","og_locale":"en_US","og_type":"article","og_title":"Unidade de entrada BN-300M - Full Solutions","og_description":"Unidade de entrada BN-300M para sistemas de detec\u00e7\u00e3o de inc\u00eandio, com monitoramento de sinais, integra\u00e7\u00e3o em rede e alta flexibilidade para aplica\u00e7\u00f5es.","og_url":"https:\/\/fullsolutions.info\/en\/product\/unidade-de-entrada-bn-300m\/","og_site_name":"Full Solutions","article_modified_time":"2026-04-13T18:25:47+00:00","og_image":[{"width":549,"height":533,"url":"https:\/\/mlhff0prgoxu.i.optimole.com\/cb:s0sM.767\/w:auto\/h:auto\/q:mauto\/f:best\/https:\/\/fullsolutions.info\/wp-content\/uploads\/2026\/02\/Input-unit-BN-300M.png","type":"image\/png"}],"twitter_card":"summary_large_image","twitter_misc":{"Est. reading time":"1 minute"},"schema":{"@context":"https:\/\/schema.org","@graph":[{"@type":"WebPage","@id":"https:\/\/fullsolutions.info\/produto\/unidade-de-entrada-bn-300m\/","url":"https:\/\/fullsolutions.info\/produto\/unidade-de-entrada-bn-300m\/","name":"Unidade de entrada BN-300M - Full Solutions","isPartOf":{"@id":"https:\/\/fullsolutions.info\/#website"},"primaryImageOfPage":{"@id":"https:\/\/fullsolutions.info\/produto\/unidade-de-entrada-bn-300m\/#primaryimage"},"image":{"@id":"https:\/\/fullsolutions.info\/produto\/unidade-de-entrada-bn-300m\/#primaryimage"},"thumbnailUrl":"https:\/\/mlhff0prgoxu.i.optimole.com\/cb:s0sM.767\/w:auto\/h:auto\/q:mauto\/f:best\/https:\/\/fullsolutions.info\/wp-content\/uploads\/2026\/02\/Input-unit-BN-300M.png","datePublished":"2026-02-24T18:49:17+00:00","dateModified":"2026-04-13T18:25:47+00:00","description":"Unidade de entrada BN-300M para sistemas de detec\u00e7\u00e3o de inc\u00eandio, com monitoramento de sinais, integra\u00e7\u00e3o em rede e alta flexibilidade para aplica\u00e7\u00f5es.","breadcrumb":{"@id":"https:\/\/fullsolutions.info\/produto\/unidade-de-entrada-bn-300m\/#breadcrumb"},"inLanguage":"en-US","potentialAction":[{"@type":"ReadAction","target":["https:\/\/fullsolutions.info\/produto\/unidade-de-entrada-bn-300m\/"]}]},{"@type":"ImageObject","inLanguage":"en-US","@id":"https:\/\/fullsolutions.info\/produto\/unidade-de-entrada-bn-300m\/#primaryimage","url":"https:\/\/mlhff0prgoxu.i.optimole.com\/cb:s0sM.767\/w:auto\/h:auto\/q:mauto\/f:best\/https:\/\/fullsolutions.info\/wp-content\/uploads\/2026\/02\/Input-unit-BN-300M.png","contentUrl":"https:\/\/mlhff0prgoxu.i.optimole.com\/cb:s0sM.767\/w:auto\/h:auto\/q:mauto\/f:best\/https:\/\/fullsolutions.info\/wp-content\/uploads\/2026\/02\/Input-unit-BN-300M.png","width":549,"height":533},{"@type":"BreadcrumbList","@id":"https:\/\/fullsolutions.info\/produto\/unidade-de-entrada-bn-300m\/#breadcrumb","itemListElement":[{"@type":"ListItem","position":1,"name":"In\u00edcio","item":"https:\/\/fullsolutions.info\/"},{"@type":"ListItem","position":2,"name":"Produtos","item":"https:\/\/fullsolutions.info\/shop\/"},{"@type":"ListItem","position":3,"name":"Unidade de entrada BN-300M"}]},{"@type":"WebSite","@id":"https:\/\/fullsolutions.info\/#website","url":"https:\/\/fullsolutions.info\/","name":"Full Solutions","description":"Empresa na \u00c1rea de Procurement","publisher":{"@id":"https:\/\/fullsolutions.info\/#organization"},"potentialAction":[{"@type":"SearchAction","target":{"@type":"EntryPoint","urlTemplate":"https:\/\/fullsolutions.info\/?s={search_term_string}"},"query-input":{"@type":"PropertyValueSpecification","valueRequired":true,"valueName":"search_term_string"}}],"inLanguage":"en-US"},{"@type":"Organization","@id":"https:\/\/fullsolutions.info\/#organization","name":"Full Solutions","url":"https:\/\/fullsolutions.info\/","logo":{"@type":"ImageObject","inLanguage":"en-US","@id":"https:\/\/fullsolutions.info\/#\/schema\/logo\/image\/","url":"https:\/\/mlhff0prgoxu.i.optimole.com\/cb:s0sM.767\/w:auto\/h:auto\/q:mauto\/f:best\/https:\/\/fullsolutions.info\/wp-content\/uploads\/2021\/07\/cropped-Design-sem-nome-300x193-1-e1627062664782.png","contentUrl":"https:\/\/mlhff0prgoxu.i.optimole.com\/cb:s0sM.767\/w:auto\/h:auto\/q:mauto\/f:best\/https:\/\/fullsolutions.info\/wp-content\/uploads\/2021\/07\/cropped-Design-sem-nome-300x193-1-e1627062664782.png","width":202,"height":155,"caption":"Full Solutions"},"image":{"@id":"https:\/\/fullsolutions.info\/#\/schema\/logo\/image\/"},"sameAs":["https:\/\/www.linkedin.com\/company\/full-solutions-equipment"]}]}},"_links":{"self":[{"href":"https:\/\/fullsolutions.info\/en\/wp-json\/wp\/v2\/product\/6254","targetHints":{"allow":["GET"]}}],"collection":[{"href":"https:\/\/fullsolutions.info\/en\/wp-json\/wp\/v2\/product"}],"about":[{"href":"https:\/\/fullsolutions.info\/en\/wp-json\/wp\/v2\/types\/product"}],"replies":[{"embeddable":true,"href":"https:\/\/fullsolutions.info\/en\/wp-json\/wp\/v2\/comments?post=6254"}],"wp:featuredmedia":[{"embeddable":true,"href":"https:\/\/fullsolutions.info\/en\/wp-json\/wp\/v2\/media\/6255"}],"wp:attachment":[{"href":"https:\/\/fullsolutions.info\/en\/wp-json\/wp\/v2\/media?parent=6254"}],"wp:term":[{"taxonomy":"product_brand","embeddable":true,"href":"https:\/\/fullsolutions.info\/en\/wp-json\/wp\/v2\/product_brand?post=6254"},{"taxonomy":"product_cat","embeddable":true,"href":"https:\/\/fullsolutions.info\/en\/wp-json\/wp\/v2\/product_cat?post=6254"},{"taxonomy":"product_tag","embeddable":true,"href":"https:\/\/fullsolutions.info\/en\/wp-json\/wp\/v2\/product_tag?post=6254"},{"taxonomy":"marca","embeddable":true,"href":"https:\/\/fullsolutions.info\/en\/wp-json\/wp\/v2\/marca?post=6254"}],"curies":[{"name":"wp","href":"https:\/\/api.w.org\/{rel}","templated":true}]}}