{"id":6249,"date":"2026-02-24T14:02:53","date_gmt":"2026-02-24T17:02:53","guid":{"rendered":"https:\/\/fullsolutions.info\/?post_type=product&#038;p=6249"},"modified":"2026-04-13T15:37:26","modified_gmt":"2026-04-13T18:37:26","slug":"autoflame-x98af-em-aluminio","status":"publish","type":"product","link":"https:\/\/fullsolutions.info\/en\/product\/autoflame-x98af-em-aluminio\/","title":{"rendered":"AutroFlame X98AF em alum\u00ednio"},"content":{"rendered":"<div class=\"ingress\"><span dir=\"auto\">Detector de chama infravermelho \u00fanico AutroFlame X98AF em caixa de alum\u00ednio. Rel\u00e9 e sa\u00edda de 4 a 20 mA, certificado Ex de IIC T5-T6. Grau de prote\u00e7\u00e3o: IP66. Suporte girat\u00f3rio n\u00e3o inclu\u00eddo.<\/span><\/div>\n<div id=\"EditorContentContainer\" class=\"EditorContentContainer\">\n<p><span dir=\"auto\">Aprovado segundo a norma FM 3260 (2000), o X98AF cumpre os requisitos mais rigorosos a n\u00edvel mundial, com capacidades de dete\u00e7\u00e3o avan\u00e7adas e imunidade a fontes externas, aliadas a um design mec\u00e2nico superior.<\/span><\/p>\n<p><span dir=\"auto\">O detector est\u00e1 equipado com capacidade de teste de integridade \u00f3ptica autom\u00e1tico e manual. Possui classifica\u00e7\u00e3o de prote\u00e7\u00e3o contra explos\u00e3o por Divis\u00e3o e Zona e \u00e9 adequado para aplica\u00e7\u00f5es internas e externas.<\/span><\/p>\n<p><span dir=\"auto\">O processamento de sinal infravermelho (IR) duplo do X98AF rejeita o infravermelho de fundo e mant\u00e9m sua detec\u00e7\u00e3o de alta velocidade. \u00c9 ideal para aplica\u00e7\u00f5es com altos n\u00edveis de contaminantes e que exigem baixa manuten\u00e7\u00e3o.<\/span><\/p>\n<\/div>\n<div class=\"product-number\"><span dir=\"auto\">N\u00famero da pe\u00e7a:\u00a0<\/span><span dir=\"auto\">116-5861-011.3981<\/span><\/div>","protected":false},"excerpt":{"rendered":"<p>Detector de chama infravermelho \u00fanico AutroFlame X98AF em caixa de alum\u00ednio. Rel\u00e9 e sa\u00edda de 4 a 20 mA, certificado Ex de IIC T5-T6. Grau de prote\u00e7\u00e3o: IP66. Suporte girat\u00f3rio n\u00e3o inclu\u00eddo. Aprovado segundo a norma FM 3260 (2000), o X98AF cumpre os requisitos mais rigorosos a n\u00edvel mundial, com capacidades de dete\u00e7\u00e3o avan\u00e7adas e imunidade a fontes externas, aliadas a um design mec\u00e2nico superior. O detector est\u00e1 equipado com capacidade de teste de integridade \u00f3ptica autom\u00e1tico e manual. Possui classifica\u00e7\u00e3o de prote\u00e7\u00e3o contra explos\u00e3o por Divis\u00e3o e Zona e \u00e9 adequado para aplica\u00e7\u00f5es internas e externas. O processamento de sinal infravermelho (IR) duplo do X98AF rejeita o infravermelho de fundo e mant\u00e9m sua detec\u00e7\u00e3o de alta velocidade. \u00c9 ideal para aplica\u00e7\u00f5es com altos n\u00edveis de contaminantes e que exigem baixa manuten\u00e7\u00e3o. N\u00famero da pe\u00e7a:\u00a0116-5861-011.3981<\/p>","protected":false},"featured_media":6250,"comment_status":"open","ping_status":"closed","template":"","meta":{"_joinchat":[]},"product_brand":[],"product_cat":[116],"product_tag":[],"marca":[91],"class_list":{"0":"post-6249","1":"product","2":"type-product","3":"status-publish","4":"has-post-thumbnail","6":"product_cat-combate-a-incendio","7":"marca-autronica","9":"first","10":"instock","11":"shipping-taxable","12":"product-type-simple"},"yoast_head":"<!-- This site is optimized with the Yoast SEO plugin v27.2 - https:\/\/yoast.com\/product\/yoast-seo-wordpress\/ -->\n<title>AutroFlame X98AF em alum\u00ednio - Full Solutions<\/title>\n<meta name=\"description\" content=\"Detector de chama AutroFlame X98AF para detec\u00e7\u00e3o r\u00e1pida e confi\u00e1vel de inc\u00eandios, com alta imunidade a falsos alarmes\" \/>\n<meta name=\"robots\" content=\"index, follow, max-snippet:-1, max-image-preview:large, max-video-preview:-1\" \/>\n<link rel=\"canonical\" href=\"https:\/\/fullsolutions.info\/en\/product\/autoflame-x98af-em-aluminio\/\" \/>\n<meta property=\"og:locale\" content=\"en_US\" \/>\n<meta property=\"og:type\" content=\"article\" \/>\n<meta property=\"og:title\" content=\"AutroFlame X98AF em alum\u00ednio - Full Solutions\" \/>\n<meta property=\"og:description\" content=\"Detector de chama AutroFlame X98AF para detec\u00e7\u00e3o r\u00e1pida e confi\u00e1vel de inc\u00eandios, com alta imunidade a falsos alarmes\" \/>\n<meta property=\"og:url\" content=\"https:\/\/fullsolutions.info\/en\/product\/autoflame-x98af-em-aluminio\/\" \/>\n<meta property=\"og:site_name\" content=\"Full Solutions\" \/>\n<meta property=\"article:modified_time\" content=\"2026-04-13T18:37:26+00:00\" \/>\n<meta property=\"og:image\" content=\"https:\/\/mlhff0prgoxu.i.optimole.com\/cb:s0sM.767\/w:auto\/h:auto\/q:mauto\/f:best\/https:\/\/fullsolutions.info\/wp-content\/uploads\/2026\/02\/0_0_False_False_1_85__fileshare_filarkivroot_produkt_bilder_AutroFlame_X98_Alu_jpg.png\" \/>\n\t<meta property=\"og:image:width\" content=\"549\" \/>\n\t<meta property=\"og:image:height\" content=\"533\" \/>\n\t<meta property=\"og:image:type\" content=\"image\/png\" \/>\n<meta name=\"twitter:card\" content=\"summary_large_image\" \/>\n<meta name=\"twitter:label1\" content=\"Est. reading time\" \/>\n\t<meta name=\"twitter:data1\" content=\"1 minute\" \/>\n<script type=\"application\/ld+json\" class=\"yoast-schema-graph\">{\"@context\":\"https:\/\/schema.org\",\"@graph\":[{\"@type\":\"WebPage\",\"@id\":\"https:\/\/fullsolutions.info\/produto\/autoflame-x98af-em-aluminio\/\",\"url\":\"https:\/\/fullsolutions.info\/produto\/autoflame-x98af-em-aluminio\/\",\"name\":\"AutroFlame X98AF em alum\u00ednio - Full Solutions\",\"isPartOf\":{\"@id\":\"https:\/\/fullsolutions.info\/#website\"},\"primaryImageOfPage\":{\"@id\":\"https:\/\/fullsolutions.info\/produto\/autoflame-x98af-em-aluminio\/#primaryimage\"},\"image\":{\"@id\":\"https:\/\/fullsolutions.info\/produto\/autoflame-x98af-em-aluminio\/#primaryimage\"},\"thumbnailUrl\":\"https:\/\/mlhff0prgoxu.i.optimole.com\/cb:s0sM.767\/w:auto\/h:auto\/q:mauto\/f:best\/https:\/\/fullsolutions.info\/wp-content\/uploads\/2026\/02\/0_0_False_False_1_85__fileshare_filarkivroot_produkt_bilder_AutroFlame_X98_Alu_jpg.png\",\"datePublished\":\"2026-02-24T17:02:53+00:00\",\"dateModified\":\"2026-04-13T18:37:26+00:00\",\"description\":\"Detector de chama AutroFlame X98AF para detec\u00e7\u00e3o r\u00e1pida e confi\u00e1vel de inc\u00eandios, com alta imunidade a falsos alarmes\",\"breadcrumb\":{\"@id\":\"https:\/\/fullsolutions.info\/produto\/autoflame-x98af-em-aluminio\/#breadcrumb\"},\"inLanguage\":\"en-US\",\"potentialAction\":[{\"@type\":\"ReadAction\",\"target\":[\"https:\/\/fullsolutions.info\/produto\/autoflame-x98af-em-aluminio\/\"]}]},{\"@type\":\"ImageObject\",\"inLanguage\":\"en-US\",\"@id\":\"https:\/\/fullsolutions.info\/produto\/autoflame-x98af-em-aluminio\/#primaryimage\",\"url\":\"https:\/\/mlhff0prgoxu.i.optimole.com\/cb:s0sM.767\/w:auto\/h:auto\/q:mauto\/f:best\/https:\/\/fullsolutions.info\/wp-content\/uploads\/2026\/02\/0_0_False_False_1_85__fileshare_filarkivroot_produkt_bilder_AutroFlame_X98_Alu_jpg.png\",\"contentUrl\":\"https:\/\/mlhff0prgoxu.i.optimole.com\/cb:s0sM.767\/w:auto\/h:auto\/q:mauto\/f:best\/https:\/\/fullsolutions.info\/wp-content\/uploads\/2026\/02\/0_0_False_False_1_85__fileshare_filarkivroot_produkt_bilder_AutroFlame_X98_Alu_jpg.png\",\"width\":549,\"height\":533},{\"@type\":\"BreadcrumbList\",\"@id\":\"https:\/\/fullsolutions.info\/produto\/autoflame-x98af-em-aluminio\/#breadcrumb\",\"itemListElement\":[{\"@type\":\"ListItem\",\"position\":1,\"name\":\"In\u00edcio\",\"item\":\"https:\/\/fullsolutions.info\/\"},{\"@type\":\"ListItem\",\"position\":2,\"name\":\"Produtos\",\"item\":\"https:\/\/fullsolutions.info\/shop\/\"},{\"@type\":\"ListItem\",\"position\":3,\"name\":\"AutroFlame X98AF em alum\u00ednio\"}]},{\"@type\":\"WebSite\",\"@id\":\"https:\/\/fullsolutions.info\/#website\",\"url\":\"https:\/\/fullsolutions.info\/\",\"name\":\"Full Solutions\",\"description\":\"Empresa na \u00c1rea de Procurement\",\"publisher\":{\"@id\":\"https:\/\/fullsolutions.info\/#organization\"},\"potentialAction\":[{\"@type\":\"SearchAction\",\"target\":{\"@type\":\"EntryPoint\",\"urlTemplate\":\"https:\/\/fullsolutions.info\/?s={search_term_string}\"},\"query-input\":{\"@type\":\"PropertyValueSpecification\",\"valueRequired\":true,\"valueName\":\"search_term_string\"}}],\"inLanguage\":\"en-US\"},{\"@type\":\"Organization\",\"@id\":\"https:\/\/fullsolutions.info\/#organization\",\"name\":\"Full Solutions\",\"url\":\"https:\/\/fullsolutions.info\/\",\"logo\":{\"@type\":\"ImageObject\",\"inLanguage\":\"en-US\",\"@id\":\"https:\/\/fullsolutions.info\/#\/schema\/logo\/image\/\",\"url\":\"https:\/\/mlhff0prgoxu.i.optimole.com\/cb:s0sM.767\/w:auto\/h:auto\/q:mauto\/f:best\/https:\/\/fullsolutions.info\/wp-content\/uploads\/2021\/07\/cropped-Design-sem-nome-300x193-1-e1627062664782.png\",\"contentUrl\":\"https:\/\/mlhff0prgoxu.i.optimole.com\/cb:s0sM.767\/w:auto\/h:auto\/q:mauto\/f:best\/https:\/\/fullsolutions.info\/wp-content\/uploads\/2021\/07\/cropped-Design-sem-nome-300x193-1-e1627062664782.png\",\"width\":202,\"height\":155,\"caption\":\"Full Solutions\"},\"image\":{\"@id\":\"https:\/\/fullsolutions.info\/#\/schema\/logo\/image\/\"},\"sameAs\":[\"https:\/\/www.linkedin.com\/company\/full-solutions-equipment\"]}]}<\/script>\n<!-- \/ Yoast SEO plugin. -->","yoast_head_json":{"title":"AutroFlame X98AF em alum\u00ednio - Full Solutions","description":"Detector de chama AutroFlame X98AF para detec\u00e7\u00e3o r\u00e1pida e confi\u00e1vel de inc\u00eandios, com alta imunidade a falsos alarmes","robots":{"index":"index","follow":"follow","max-snippet":"max-snippet:-1","max-image-preview":"max-image-preview:large","max-video-preview":"max-video-preview:-1"},"canonical":"https:\/\/fullsolutions.info\/en\/product\/autoflame-x98af-em-aluminio\/","og_locale":"en_US","og_type":"article","og_title":"AutroFlame X98AF em alum\u00ednio - Full Solutions","og_description":"Detector de chama AutroFlame X98AF para detec\u00e7\u00e3o r\u00e1pida e confi\u00e1vel de inc\u00eandios, com alta imunidade a falsos alarmes","og_url":"https:\/\/fullsolutions.info\/en\/product\/autoflame-x98af-em-aluminio\/","og_site_name":"Full Solutions","article_modified_time":"2026-04-13T18:37:26+00:00","og_image":[{"width":549,"height":533,"url":"https:\/\/mlhff0prgoxu.i.optimole.com\/cb:s0sM.767\/w:auto\/h:auto\/q:mauto\/f:best\/https:\/\/fullsolutions.info\/wp-content\/uploads\/2026\/02\/0_0_False_False_1_85__fileshare_filarkivroot_produkt_bilder_AutroFlame_X98_Alu_jpg.png","type":"image\/png"}],"twitter_card":"summary_large_image","twitter_misc":{"Est. reading time":"1 minute"},"schema":{"@context":"https:\/\/schema.org","@graph":[{"@type":"WebPage","@id":"https:\/\/fullsolutions.info\/produto\/autoflame-x98af-em-aluminio\/","url":"https:\/\/fullsolutions.info\/produto\/autoflame-x98af-em-aluminio\/","name":"AutroFlame X98AF em alum\u00ednio - Full Solutions","isPartOf":{"@id":"https:\/\/fullsolutions.info\/#website"},"primaryImageOfPage":{"@id":"https:\/\/fullsolutions.info\/produto\/autoflame-x98af-em-aluminio\/#primaryimage"},"image":{"@id":"https:\/\/fullsolutions.info\/produto\/autoflame-x98af-em-aluminio\/#primaryimage"},"thumbnailUrl":"https:\/\/mlhff0prgoxu.i.optimole.com\/cb:s0sM.767\/w:auto\/h:auto\/q:mauto\/f:best\/https:\/\/fullsolutions.info\/wp-content\/uploads\/2026\/02\/0_0_False_False_1_85__fileshare_filarkivroot_produkt_bilder_AutroFlame_X98_Alu_jpg.png","datePublished":"2026-02-24T17:02:53+00:00","dateModified":"2026-04-13T18:37:26+00:00","description":"Detector de chama AutroFlame X98AF para detec\u00e7\u00e3o r\u00e1pida e confi\u00e1vel de inc\u00eandios, com alta imunidade a falsos alarmes","breadcrumb":{"@id":"https:\/\/fullsolutions.info\/produto\/autoflame-x98af-em-aluminio\/#breadcrumb"},"inLanguage":"en-US","potentialAction":[{"@type":"ReadAction","target":["https:\/\/fullsolutions.info\/produto\/autoflame-x98af-em-aluminio\/"]}]},{"@type":"ImageObject","inLanguage":"en-US","@id":"https:\/\/fullsolutions.info\/produto\/autoflame-x98af-em-aluminio\/#primaryimage","url":"https:\/\/mlhff0prgoxu.i.optimole.com\/cb:s0sM.767\/w:auto\/h:auto\/q:mauto\/f:best\/https:\/\/fullsolutions.info\/wp-content\/uploads\/2026\/02\/0_0_False_False_1_85__fileshare_filarkivroot_produkt_bilder_AutroFlame_X98_Alu_jpg.png","contentUrl":"https:\/\/mlhff0prgoxu.i.optimole.com\/cb:s0sM.767\/w:auto\/h:auto\/q:mauto\/f:best\/https:\/\/fullsolutions.info\/wp-content\/uploads\/2026\/02\/0_0_False_False_1_85__fileshare_filarkivroot_produkt_bilder_AutroFlame_X98_Alu_jpg.png","width":549,"height":533},{"@type":"BreadcrumbList","@id":"https:\/\/fullsolutions.info\/produto\/autoflame-x98af-em-aluminio\/#breadcrumb","itemListElement":[{"@type":"ListItem","position":1,"name":"In\u00edcio","item":"https:\/\/fullsolutions.info\/"},{"@type":"ListItem","position":2,"name":"Produtos","item":"https:\/\/fullsolutions.info\/shop\/"},{"@type":"ListItem","position":3,"name":"AutroFlame X98AF em alum\u00ednio"}]},{"@type":"WebSite","@id":"https:\/\/fullsolutions.info\/#website","url":"https:\/\/fullsolutions.info\/","name":"Full Solutions","description":"Empresa na \u00c1rea de Procurement","publisher":{"@id":"https:\/\/fullsolutions.info\/#organization"},"potentialAction":[{"@type":"SearchAction","target":{"@type":"EntryPoint","urlTemplate":"https:\/\/fullsolutions.info\/?s={search_term_string}"},"query-input":{"@type":"PropertyValueSpecification","valueRequired":true,"valueName":"search_term_string"}}],"inLanguage":"en-US"},{"@type":"Organization","@id":"https:\/\/fullsolutions.info\/#organization","name":"Full Solutions","url":"https:\/\/fullsolutions.info\/","logo":{"@type":"ImageObject","inLanguage":"en-US","@id":"https:\/\/fullsolutions.info\/#\/schema\/logo\/image\/","url":"https:\/\/mlhff0prgoxu.i.optimole.com\/cb:s0sM.767\/w:auto\/h:auto\/q:mauto\/f:best\/https:\/\/fullsolutions.info\/wp-content\/uploads\/2021\/07\/cropped-Design-sem-nome-300x193-1-e1627062664782.png","contentUrl":"https:\/\/mlhff0prgoxu.i.optimole.com\/cb:s0sM.767\/w:auto\/h:auto\/q:mauto\/f:best\/https:\/\/fullsolutions.info\/wp-content\/uploads\/2021\/07\/cropped-Design-sem-nome-300x193-1-e1627062664782.png","width":202,"height":155,"caption":"Full Solutions"},"image":{"@id":"https:\/\/fullsolutions.info\/#\/schema\/logo\/image\/"},"sameAs":["https:\/\/www.linkedin.com\/company\/full-solutions-equipment"]}]}},"_links":{"self":[{"href":"https:\/\/fullsolutions.info\/en\/wp-json\/wp\/v2\/product\/6249","targetHints":{"allow":["GET"]}}],"collection":[{"href":"https:\/\/fullsolutions.info\/en\/wp-json\/wp\/v2\/product"}],"about":[{"href":"https:\/\/fullsolutions.info\/en\/wp-json\/wp\/v2\/types\/product"}],"replies":[{"embeddable":true,"href":"https:\/\/fullsolutions.info\/en\/wp-json\/wp\/v2\/comments?post=6249"}],"wp:featuredmedia":[{"embeddable":true,"href":"https:\/\/fullsolutions.info\/en\/wp-json\/wp\/v2\/media\/6250"}],"wp:attachment":[{"href":"https:\/\/fullsolutions.info\/en\/wp-json\/wp\/v2\/media?parent=6249"}],"wp:term":[{"taxonomy":"product_brand","embeddable":true,"href":"https:\/\/fullsolutions.info\/en\/wp-json\/wp\/v2\/product_brand?post=6249"},{"taxonomy":"product_cat","embeddable":true,"href":"https:\/\/fullsolutions.info\/en\/wp-json\/wp\/v2\/product_cat?post=6249"},{"taxonomy":"product_tag","embeddable":true,"href":"https:\/\/fullsolutions.info\/en\/wp-json\/wp\/v2\/product_tag?post=6249"},{"taxonomy":"marca","embeddable":true,"href":"https:\/\/fullsolutions.info\/en\/wp-json\/wp\/v2\/marca?post=6249"}],"curies":[{"name":"wp","href":"https:\/\/api.w.org\/{rel}","templated":true}]}}