{"id":6243,"date":"2026-02-24T13:38:10","date_gmt":"2026-02-24T16:38:10","guid":{"rendered":"https:\/\/fullsolutions.info\/?post_type=product&#038;p=6243"},"modified":"2026-04-13T15:49:40","modified_gmt":"2026-04-13T18:49:40","slug":"controlador-bc-420","status":"publish","type":"product","link":"https:\/\/fullsolutions.info\/en\/product\/controlador-bc-420\/","title":{"rendered":"Controlador BC-420"},"content":{"rendered":"<div class=\"ingress\">\n<p data-start=\"90\" data-end=\"294\">O <strong data-start=\"92\" data-end=\"114\">controlador BC-420<\/strong> funciona como unidade central de conex\u00e3o para o la\u00e7o de detec\u00e7\u00e3o, sirenes de alarme, controles e entradas. Al\u00e9m disso, ele integra todos os m\u00f3dulos do sistema de forma organizada.<\/p>\n<p data-start=\"296\" data-end=\"492\">O sistema acomoda at\u00e9 12 m\u00f3dulos no total. Dessa forma, ele permite expans\u00e3o flex\u00edvel conforme a aplica\u00e7\u00e3o. Al\u00e9m disso, o controlador inclui um m\u00f3dulo driver de la\u00e7o para os circuitos de detec\u00e7\u00e3o.<\/p>\n<p data-start=\"494\" data-end=\"693\">O sistema tamb\u00e9m suporta diversos m\u00f3dulos de E\/S. Por exemplo, ele utiliza m\u00f3dulos opcionais conforme a necessidade da instala\u00e7\u00e3o. Al\u00e9m disso, cada controlador aceita at\u00e9 6 m\u00f3dulos de driver de la\u00e7o.<\/p>\n<p data-start=\"695\" data-end=\"842\">O sistema encaixa todos os m\u00f3dulos facilmente em um trilho de montagem padr\u00e3o dentro da unidade. Assim, a instala\u00e7\u00e3o se torna r\u00e1pida e padronizada.<\/p>\n<p data-start=\"844\" data-end=\"1018\">Al\u00e9m disso, o controlador oferece conectividade avan\u00e7ada. Ele disponibiliza 2 portas Ethernet e 2 portas USB host. Dessa forma, o sistema garante integra\u00e7\u00e3o com redes locais.<\/p>\n<p data-start=\"1020\" data-end=\"1174\">O BC-420 se comunica com outras unidades por meio da rede Ethernet AutoNet. Portanto, ele mant\u00e9m troca de dados est\u00e1vel e confi\u00e1vel entre os dispositivos.<\/p>\n<hr data-start=\"1176\" data-end=\"1179\" \/>\n<h2 data-section-id=\"7m3af9\" data-start=\"1181\" data-end=\"1203\"><span role=\"text\"><strong data-start=\"1184\" data-end=\"1203\">N\u00fameros de pe\u00e7a<\/strong><\/span><\/h2>\n<ul data-start=\"1205\" data-end=\"1816\">\n<li data-section-id=\"vllkjd\" data-start=\"1205\" data-end=\"1256\">116-BC-420\/N2 \u2013 configura\u00e7\u00e3o para 254 endere\u00e7os<\/li>\n<li data-section-id=\"1it8r4h\" data-start=\"1257\" data-end=\"1308\">116-BC-420\/N4 \u2013 configura\u00e7\u00e3o para 508 endere\u00e7os<\/li>\n<li data-section-id=\"1n36szc\" data-start=\"1309\" data-end=\"1360\">116-BC-420\/N6 \u2013 configura\u00e7\u00e3o para 512 endere\u00e7os<\/li>\n<li data-section-id=\"19lnt1z\" data-start=\"1361\" data-end=\"1409\">116-BC-420\/DK \u2013 vers\u00e3o painel de controle DK<\/li>\n<li data-section-id=\"1ta0zif\" data-start=\"1410\" data-end=\"1475\">116-BC-420\/GB \u2013 painel de controle GB (inclui 2x 116-BSD-310)<\/li>\n<li data-section-id=\"13fad5j\" data-start=\"1476\" data-end=\"1528\">116-BC-420\/GB-G \u2013 vers\u00e3o painel de controle GB-G<\/li>\n<li data-section-id=\"ds5el3\" data-start=\"1529\" data-end=\"1575\">116-BC-420\/I \u2013 painel de controle vers\u00e3o I<\/li>\n<li data-section-id=\"ko24nb\" data-start=\"1576\" data-end=\"1641\">116-BC-420\/NL \u2013 painel de controle NL (inclui 2x 116-BSD-310)<\/li>\n<li data-section-id=\"1iwjq2v\" data-start=\"1642\" data-end=\"1705\">116-BC-420\/S \u2013 painel de controle S (inclui 2x 116-BSD-310)<\/li>\n<li data-section-id=\"1lhv3k9\" data-start=\"1706\" data-end=\"1747\">116-BC-420\/SF \u2013 painel de controle SF<\/li>\n<li data-section-id=\"1dbg1sa\" data-start=\"1748\" data-end=\"1816\">116-BC-420G2\/GB-G \u2013 kit de controle BC-420 com certifica\u00e7\u00e3o SIL2<\/li>\n<\/ul>\n<\/div>","protected":false},"excerpt":{"rendered":"<p>O controlador BC-420 funciona como unidade central de conex\u00e3o para o la\u00e7o de detec\u00e7\u00e3o, sirenes de alarme, controles e entradas. Al\u00e9m disso, ele integra todos os m\u00f3dulos do sistema de forma organizada. O sistema acomoda at\u00e9 12 m\u00f3dulos no total. Dessa forma, ele permite expans\u00e3o flex\u00edvel conforme a aplica\u00e7\u00e3o. Al\u00e9m disso, o controlador inclui um m\u00f3dulo driver de la\u00e7o para os circuitos de detec\u00e7\u00e3o. O sistema tamb\u00e9m suporta diversos m\u00f3dulos de E\/S. Por exemplo, ele utiliza m\u00f3dulos opcionais conforme a necessidade da instala\u00e7\u00e3o. Al\u00e9m disso, cada controlador aceita at\u00e9 6 m\u00f3dulos de driver de la\u00e7o. O sistema encaixa todos os m\u00f3dulos facilmente em um trilho de montagem padr\u00e3o dentro da unidade. Assim, a instala\u00e7\u00e3o se torna r\u00e1pida e padronizada. Al\u00e9m disso, o controlador oferece conectividade avan\u00e7ada. Ele disponibiliza 2 portas Ethernet e 2 portas USB host. Dessa forma, o sistema garante integra\u00e7\u00e3o com redes locais. O BC-420 se comunica com outras unidades por meio da rede Ethernet AutoNet. Portanto, ele mant\u00e9m troca de dados est\u00e1vel e confi\u00e1vel entre os dispositivos. N\u00fameros de pe\u00e7a 116-BC-420\/N2 \u2013 configura\u00e7\u00e3o para 254 endere\u00e7os 116-BC-420\/N4 \u2013 configura\u00e7\u00e3o para 508 endere\u00e7os 116-BC-420\/N6 \u2013 configura\u00e7\u00e3o para 512 endere\u00e7os 116-BC-420\/DK \u2013 vers\u00e3o painel de controle DK 116-BC-420\/GB \u2013 painel de controle GB (inclui 2x 116-BSD-310) 116-BC-420\/GB-G \u2013 vers\u00e3o painel de controle GB-G 116-BC-420\/I \u2013 painel de controle vers\u00e3o I 116-BC-420\/NL \u2013 painel de controle NL (inclui 2x 116-BSD-310) 116-BC-420\/S \u2013 painel de controle S (inclui 2x 116-BSD-310) 116-BC-420\/SF \u2013 painel de controle SF 116-BC-420G2\/GB-G \u2013 kit de controle BC-420 com certifica\u00e7\u00e3o SIL2<\/p>","protected":false},"featured_media":6244,"comment_status":"open","ping_status":"closed","template":"","meta":{"_joinchat":[]},"product_brand":[],"product_cat":[116],"product_tag":[],"marca":[91],"class_list":{"0":"post-6243","1":"product","2":"type-product","3":"status-publish","4":"has-post-thumbnail","6":"product_cat-combate-a-incendio","7":"marca-autronica","9":"first","10":"instock","11":"shipping-taxable","12":"product-type-simple"},"yoast_head":"<!-- This site is optimized with the Yoast SEO plugin v27.2 - https:\/\/yoast.com\/product\/yoast-seo-wordpress\/ -->\n<title>Controlador BC-420 - Full Solutions<\/title>\n<meta name=\"description\" content=\"Controlador BC-420 para sistemas de detec\u00e7\u00e3o de inc\u00eandio, projetado para integra\u00e7\u00e3o est\u00e1vel, opera\u00e7\u00e3o simples e monitoramento confi\u00e1vel em aplica\u00e7\u00f5es industriais e comerciais.\" \/>\n<meta name=\"robots\" content=\"index, follow, max-snippet:-1, max-image-preview:large, max-video-preview:-1\" \/>\n<link rel=\"canonical\" href=\"https:\/\/fullsolutions.info\/en\/product\/controlador-bc-420\/\" \/>\n<meta property=\"og:locale\" content=\"en_US\" \/>\n<meta property=\"og:type\" content=\"article\" \/>\n<meta property=\"og:title\" content=\"Controlador BC-420 - Full Solutions\" \/>\n<meta property=\"og:description\" content=\"Controlador BC-420 para sistemas de detec\u00e7\u00e3o de inc\u00eandio, projetado para integra\u00e7\u00e3o est\u00e1vel, opera\u00e7\u00e3o simples e monitoramento confi\u00e1vel em aplica\u00e7\u00f5es industriais e comerciais.\" \/>\n<meta property=\"og:url\" content=\"https:\/\/fullsolutions.info\/en\/product\/controlador-bc-420\/\" \/>\n<meta property=\"og:site_name\" content=\"Full Solutions\" \/>\n<meta property=\"article:modified_time\" content=\"2026-04-13T18:49:40+00:00\" \/>\n<meta property=\"og:image\" content=\"https:\/\/mlhff0prgoxu.i.optimole.com\/cb:s0sM.767\/w:auto\/h:auto\/q:mauto\/f:best\/https:\/\/fullsolutions.info\/wp-content\/uploads\/2026\/02\/0_0_False_False_1_85__fileshare_filarkivroot_produkt_bilder_AutroSafe4_BC-420_jpg.png\" \/>\n\t<meta property=\"og:image:width\" content=\"549\" \/>\n\t<meta property=\"og:image:height\" content=\"533\" \/>\n\t<meta property=\"og:image:type\" content=\"image\/png\" \/>\n<meta name=\"twitter:card\" content=\"summary_large_image\" \/>\n<meta name=\"twitter:label1\" content=\"Est. reading time\" \/>\n\t<meta name=\"twitter:data1\" content=\"2 minutes\" \/>\n<script type=\"application\/ld+json\" class=\"yoast-schema-graph\">{\"@context\":\"https:\/\/schema.org\",\"@graph\":[{\"@type\":\"WebPage\",\"@id\":\"https:\/\/fullsolutions.info\/produto\/controlador-bc-420\/\",\"url\":\"https:\/\/fullsolutions.info\/produto\/controlador-bc-420\/\",\"name\":\"Controlador BC-420 - Full Solutions\",\"isPartOf\":{\"@id\":\"https:\/\/fullsolutions.info\/#website\"},\"primaryImageOfPage\":{\"@id\":\"https:\/\/fullsolutions.info\/produto\/controlador-bc-420\/#primaryimage\"},\"image\":{\"@id\":\"https:\/\/fullsolutions.info\/produto\/controlador-bc-420\/#primaryimage\"},\"thumbnailUrl\":\"https:\/\/mlhff0prgoxu.i.optimole.com\/cb:s0sM.767\/w:auto\/h:auto\/q:mauto\/f:best\/https:\/\/fullsolutions.info\/wp-content\/uploads\/2026\/02\/0_0_False_False_1_85__fileshare_filarkivroot_produkt_bilder_AutroSafe4_BC-420_jpg.png\",\"datePublished\":\"2026-02-24T16:38:10+00:00\",\"dateModified\":\"2026-04-13T18:49:40+00:00\",\"description\":\"Controlador BC-420 para sistemas de detec\u00e7\u00e3o de inc\u00eandio, projetado para integra\u00e7\u00e3o est\u00e1vel, opera\u00e7\u00e3o simples e monitoramento confi\u00e1vel em aplica\u00e7\u00f5es industriais e comerciais.\",\"breadcrumb\":{\"@id\":\"https:\/\/fullsolutions.info\/produto\/controlador-bc-420\/#breadcrumb\"},\"inLanguage\":\"en-US\",\"potentialAction\":[{\"@type\":\"ReadAction\",\"target\":[\"https:\/\/fullsolutions.info\/produto\/controlador-bc-420\/\"]}]},{\"@type\":\"ImageObject\",\"inLanguage\":\"en-US\",\"@id\":\"https:\/\/fullsolutions.info\/produto\/controlador-bc-420\/#primaryimage\",\"url\":\"https:\/\/mlhff0prgoxu.i.optimole.com\/cb:s0sM.767\/w:auto\/h:auto\/q:mauto\/f:best\/https:\/\/fullsolutions.info\/wp-content\/uploads\/2026\/02\/0_0_False_False_1_85__fileshare_filarkivroot_produkt_bilder_AutroSafe4_BC-420_jpg.png\",\"contentUrl\":\"https:\/\/mlhff0prgoxu.i.optimole.com\/cb:s0sM.767\/w:auto\/h:auto\/q:mauto\/f:best\/https:\/\/fullsolutions.info\/wp-content\/uploads\/2026\/02\/0_0_False_False_1_85__fileshare_filarkivroot_produkt_bilder_AutroSafe4_BC-420_jpg.png\",\"width\":549,\"height\":533},{\"@type\":\"BreadcrumbList\",\"@id\":\"https:\/\/fullsolutions.info\/produto\/controlador-bc-420\/#breadcrumb\",\"itemListElement\":[{\"@type\":\"ListItem\",\"position\":1,\"name\":\"In\u00edcio\",\"item\":\"https:\/\/fullsolutions.info\/\"},{\"@type\":\"ListItem\",\"position\":2,\"name\":\"Produtos\",\"item\":\"https:\/\/fullsolutions.info\/shop\/\"},{\"@type\":\"ListItem\",\"position\":3,\"name\":\"Controlador BC-420\"}]},{\"@type\":\"WebSite\",\"@id\":\"https:\/\/fullsolutions.info\/#website\",\"url\":\"https:\/\/fullsolutions.info\/\",\"name\":\"Full Solutions\",\"description\":\"Empresa na \u00c1rea de Procurement\",\"publisher\":{\"@id\":\"https:\/\/fullsolutions.info\/#organization\"},\"potentialAction\":[{\"@type\":\"SearchAction\",\"target\":{\"@type\":\"EntryPoint\",\"urlTemplate\":\"https:\/\/fullsolutions.info\/?s={search_term_string}\"},\"query-input\":{\"@type\":\"PropertyValueSpecification\",\"valueRequired\":true,\"valueName\":\"search_term_string\"}}],\"inLanguage\":\"en-US\"},{\"@type\":\"Organization\",\"@id\":\"https:\/\/fullsolutions.info\/#organization\",\"name\":\"Full Solutions\",\"url\":\"https:\/\/fullsolutions.info\/\",\"logo\":{\"@type\":\"ImageObject\",\"inLanguage\":\"en-US\",\"@id\":\"https:\/\/fullsolutions.info\/#\/schema\/logo\/image\/\",\"url\":\"https:\/\/mlhff0prgoxu.i.optimole.com\/cb:s0sM.767\/w:auto\/h:auto\/q:mauto\/f:best\/https:\/\/fullsolutions.info\/wp-content\/uploads\/2021\/07\/cropped-Design-sem-nome-300x193-1-e1627062664782.png\",\"contentUrl\":\"https:\/\/mlhff0prgoxu.i.optimole.com\/cb:s0sM.767\/w:auto\/h:auto\/q:mauto\/f:best\/https:\/\/fullsolutions.info\/wp-content\/uploads\/2021\/07\/cropped-Design-sem-nome-300x193-1-e1627062664782.png\",\"width\":202,\"height\":155,\"caption\":\"Full Solutions\"},\"image\":{\"@id\":\"https:\/\/fullsolutions.info\/#\/schema\/logo\/image\/\"},\"sameAs\":[\"https:\/\/www.linkedin.com\/company\/full-solutions-equipment\"]}]}<\/script>\n<!-- \/ Yoast SEO plugin. -->","yoast_head_json":{"title":"Controlador BC-420 - Full Solutions","description":"Controlador BC-420 para sistemas de detec\u00e7\u00e3o de inc\u00eandio, projetado para integra\u00e7\u00e3o est\u00e1vel, opera\u00e7\u00e3o simples e monitoramento confi\u00e1vel em aplica\u00e7\u00f5es industriais e comerciais.","robots":{"index":"index","follow":"follow","max-snippet":"max-snippet:-1","max-image-preview":"max-image-preview:large","max-video-preview":"max-video-preview:-1"},"canonical":"https:\/\/fullsolutions.info\/en\/product\/controlador-bc-420\/","og_locale":"en_US","og_type":"article","og_title":"Controlador BC-420 - Full Solutions","og_description":"Controlador BC-420 para sistemas de detec\u00e7\u00e3o de inc\u00eandio, projetado para integra\u00e7\u00e3o est\u00e1vel, opera\u00e7\u00e3o simples e monitoramento confi\u00e1vel em aplica\u00e7\u00f5es industriais e comerciais.","og_url":"https:\/\/fullsolutions.info\/en\/product\/controlador-bc-420\/","og_site_name":"Full Solutions","article_modified_time":"2026-04-13T18:49:40+00:00","og_image":[{"width":549,"height":533,"url":"https:\/\/mlhff0prgoxu.i.optimole.com\/cb:s0sM.767\/w:auto\/h:auto\/q:mauto\/f:best\/https:\/\/fullsolutions.info\/wp-content\/uploads\/2026\/02\/0_0_False_False_1_85__fileshare_filarkivroot_produkt_bilder_AutroSafe4_BC-420_jpg.png","type":"image\/png"}],"twitter_card":"summary_large_image","twitter_misc":{"Est. reading time":"2 minutes"},"schema":{"@context":"https:\/\/schema.org","@graph":[{"@type":"WebPage","@id":"https:\/\/fullsolutions.info\/produto\/controlador-bc-420\/","url":"https:\/\/fullsolutions.info\/produto\/controlador-bc-420\/","name":"Controlador BC-420 - Full Solutions","isPartOf":{"@id":"https:\/\/fullsolutions.info\/#website"},"primaryImageOfPage":{"@id":"https:\/\/fullsolutions.info\/produto\/controlador-bc-420\/#primaryimage"},"image":{"@id":"https:\/\/fullsolutions.info\/produto\/controlador-bc-420\/#primaryimage"},"thumbnailUrl":"https:\/\/mlhff0prgoxu.i.optimole.com\/cb:s0sM.767\/w:auto\/h:auto\/q:mauto\/f:best\/https:\/\/fullsolutions.info\/wp-content\/uploads\/2026\/02\/0_0_False_False_1_85__fileshare_filarkivroot_produkt_bilder_AutroSafe4_BC-420_jpg.png","datePublished":"2026-02-24T16:38:10+00:00","dateModified":"2026-04-13T18:49:40+00:00","description":"Controlador BC-420 para sistemas de detec\u00e7\u00e3o de inc\u00eandio, projetado para integra\u00e7\u00e3o est\u00e1vel, opera\u00e7\u00e3o simples e monitoramento confi\u00e1vel em aplica\u00e7\u00f5es industriais e comerciais.","breadcrumb":{"@id":"https:\/\/fullsolutions.info\/produto\/controlador-bc-420\/#breadcrumb"},"inLanguage":"en-US","potentialAction":[{"@type":"ReadAction","target":["https:\/\/fullsolutions.info\/produto\/controlador-bc-420\/"]}]},{"@type":"ImageObject","inLanguage":"en-US","@id":"https:\/\/fullsolutions.info\/produto\/controlador-bc-420\/#primaryimage","url":"https:\/\/mlhff0prgoxu.i.optimole.com\/cb:s0sM.767\/w:auto\/h:auto\/q:mauto\/f:best\/https:\/\/fullsolutions.info\/wp-content\/uploads\/2026\/02\/0_0_False_False_1_85__fileshare_filarkivroot_produkt_bilder_AutroSafe4_BC-420_jpg.png","contentUrl":"https:\/\/mlhff0prgoxu.i.optimole.com\/cb:s0sM.767\/w:auto\/h:auto\/q:mauto\/f:best\/https:\/\/fullsolutions.info\/wp-content\/uploads\/2026\/02\/0_0_False_False_1_85__fileshare_filarkivroot_produkt_bilder_AutroSafe4_BC-420_jpg.png","width":549,"height":533},{"@type":"BreadcrumbList","@id":"https:\/\/fullsolutions.info\/produto\/controlador-bc-420\/#breadcrumb","itemListElement":[{"@type":"ListItem","position":1,"name":"In\u00edcio","item":"https:\/\/fullsolutions.info\/"},{"@type":"ListItem","position":2,"name":"Produtos","item":"https:\/\/fullsolutions.info\/shop\/"},{"@type":"ListItem","position":3,"name":"Controlador BC-420"}]},{"@type":"WebSite","@id":"https:\/\/fullsolutions.info\/#website","url":"https:\/\/fullsolutions.info\/","name":"Full Solutions","description":"Empresa na \u00c1rea de Procurement","publisher":{"@id":"https:\/\/fullsolutions.info\/#organization"},"potentialAction":[{"@type":"SearchAction","target":{"@type":"EntryPoint","urlTemplate":"https:\/\/fullsolutions.info\/?s={search_term_string}"},"query-input":{"@type":"PropertyValueSpecification","valueRequired":true,"valueName":"search_term_string"}}],"inLanguage":"en-US"},{"@type":"Organization","@id":"https:\/\/fullsolutions.info\/#organization","name":"Full Solutions","url":"https:\/\/fullsolutions.info\/","logo":{"@type":"ImageObject","inLanguage":"en-US","@id":"https:\/\/fullsolutions.info\/#\/schema\/logo\/image\/","url":"https:\/\/mlhff0prgoxu.i.optimole.com\/cb:s0sM.767\/w:auto\/h:auto\/q:mauto\/f:best\/https:\/\/fullsolutions.info\/wp-content\/uploads\/2021\/07\/cropped-Design-sem-nome-300x193-1-e1627062664782.png","contentUrl":"https:\/\/mlhff0prgoxu.i.optimole.com\/cb:s0sM.767\/w:auto\/h:auto\/q:mauto\/f:best\/https:\/\/fullsolutions.info\/wp-content\/uploads\/2021\/07\/cropped-Design-sem-nome-300x193-1-e1627062664782.png","width":202,"height":155,"caption":"Full Solutions"},"image":{"@id":"https:\/\/fullsolutions.info\/#\/schema\/logo\/image\/"},"sameAs":["https:\/\/www.linkedin.com\/company\/full-solutions-equipment"]}]}},"_links":{"self":[{"href":"https:\/\/fullsolutions.info\/en\/wp-json\/wp\/v2\/product\/6243","targetHints":{"allow":["GET"]}}],"collection":[{"href":"https:\/\/fullsolutions.info\/en\/wp-json\/wp\/v2\/product"}],"about":[{"href":"https:\/\/fullsolutions.info\/en\/wp-json\/wp\/v2\/types\/product"}],"replies":[{"embeddable":true,"href":"https:\/\/fullsolutions.info\/en\/wp-json\/wp\/v2\/comments?post=6243"}],"wp:featuredmedia":[{"embeddable":true,"href":"https:\/\/fullsolutions.info\/en\/wp-json\/wp\/v2\/media\/6244"}],"wp:attachment":[{"href":"https:\/\/fullsolutions.info\/en\/wp-json\/wp\/v2\/media?parent=6243"}],"wp:term":[{"taxonomy":"product_brand","embeddable":true,"href":"https:\/\/fullsolutions.info\/en\/wp-json\/wp\/v2\/product_brand?post=6243"},{"taxonomy":"product_cat","embeddable":true,"href":"https:\/\/fullsolutions.info\/en\/wp-json\/wp\/v2\/product_cat?post=6243"},{"taxonomy":"product_tag","embeddable":true,"href":"https:\/\/fullsolutions.info\/en\/wp-json\/wp\/v2\/product_tag?post=6243"},{"taxonomy":"marca","embeddable":true,"href":"https:\/\/fullsolutions.info\/en\/wp-json\/wp\/v2\/marca?post=6243"}],"curies":[{"name":"wp","href":"https:\/\/api.w.org\/{rel}","templated":true}]}}