{"id":6241,"date":"2026-02-24T11:59:47","date_gmt":"2026-02-24T14:59:47","guid":{"rendered":"https:\/\/fullsolutions.info\/?post_type=product&#038;p=6241"},"modified":"2026-04-13T15:54:52","modified_gmt":"2026-04-13T18:54:52","slug":"kit-de-microfone-de-painel-para-bombeiros","status":"publish","type":"product","link":"https:\/\/fullsolutions.info\/en\/product\/kit-de-microfone-de-painel-para-bombeiros\/","title":{"rendered":"Kit de microfone de painel para bombeiros"},"content":{"rendered":"<div class=\"ingress\">\n<p data-start=\"89\" data-end=\"293\">O <strong data-start=\"91\" data-end=\"136\">kit de microfone de painel para bombeiros<\/strong> combina o painel de bombeiros AutoSafe BU-BV-420 com um microfone miniVES\/MULTIVES com bot\u00f5es de zona. Todos os componentes ficam integrados na mesma caixa.<\/p>\n<p data-start=\"295\" data-end=\"496\">O painel de bombeiros AutoSafe ocupa a parte superior do kit. Al\u00e9m disso, ele exibe informa\u00e7\u00f5es dos alarmes de inc\u00eandio da zona de opera\u00e7\u00e3o. Tamb\u00e9m permite que os bombeiros acionem alarmes diretamente.<\/p>\n<p data-start=\"498\" data-end=\"710\">O microfone Fireman com bot\u00f5es de zona fica na parte inferior do kit. Ele funciona como um dispositivo externo monitorado. Al\u00e9m disso, ele se conecta \u00e0s unidades de controle por um anel de comunica\u00e7\u00e3o redundante.<\/p>\n<p data-start=\"712\" data-end=\"870\">Dessa forma, o microfone pode assumir fun\u00e7\u00f5es avan\u00e7adas de controle do sistema. Assim, ele garante maior flexibilidade operacional em situa\u00e7\u00f5es de emerg\u00eancia.<\/p>\n<hr data-start=\"872\" data-end=\"875\" \/>\n<p data-start=\"877\" data-end=\"917\" data-is-last-node=\"\" data-is-only-node=\"\"><strong data-start=\"877\" data-end=\"896\">N\u00famero da pe\u00e7a:<\/strong> 116-ABT-FIREMANPANEL<\/p>\n<\/div>","protected":false},"excerpt":{"rendered":"<p>O kit de microfone de painel para bombeiros combina o painel de bombeiros AutoSafe BU-BV-420 com um microfone miniVES\/MULTIVES com bot\u00f5es de zona. Todos os componentes ficam integrados na mesma caixa. O painel de bombeiros AutoSafe ocupa a parte superior do kit. Al\u00e9m disso, ele exibe informa\u00e7\u00f5es dos alarmes de inc\u00eandio da zona de opera\u00e7\u00e3o. Tamb\u00e9m permite que os bombeiros acionem alarmes diretamente. O microfone Fireman com bot\u00f5es de zona fica na parte inferior do kit. Ele funciona como um dispositivo externo monitorado. Al\u00e9m disso, ele se conecta \u00e0s unidades de controle por um anel de comunica\u00e7\u00e3o redundante. Dessa forma, o microfone pode assumir fun\u00e7\u00f5es avan\u00e7adas de controle do sistema. Assim, ele garante maior flexibilidade operacional em situa\u00e7\u00f5es de emerg\u00eancia. N\u00famero da pe\u00e7a: 116-ABT-FIREMANPANEL<\/p>","protected":false},"featured_media":6242,"comment_status":"open","ping_status":"closed","template":"","meta":{"_joinchat":[]},"product_brand":[],"product_cat":[116],"product_tag":[],"marca":[91],"class_list":{"0":"post-6241","1":"product","2":"type-product","3":"status-publish","4":"has-post-thumbnail","6":"product_cat-combate-a-incendio","7":"marca-autronica","9":"first","10":"instock","11":"shipping-taxable","12":"product-type-simple"},"yoast_head":"<!-- This site is optimized with the Yoast SEO plugin v27.2 - https:\/\/yoast.com\/product\/yoast-seo-wordpress\/ -->\n<title>Kit de microfone de painel para bombeiros - Full Solutions<\/title>\n<meta name=\"description\" content=\"Fireman panel microphone kit - AutroSafe 4 panels para comunica\u00e7\u00e3o clara em sistemas de alarme de inc\u00eandio, com integra\u00e7\u00e3o e opera\u00e7\u00e3o em emerg\u00eancias.\" \/>\n<meta name=\"robots\" content=\"index, follow, max-snippet:-1, max-image-preview:large, max-video-preview:-1\" \/>\n<link rel=\"canonical\" href=\"https:\/\/fullsolutions.info\/en\/product\/kit-de-microfone-de-painel-para-bombeiros\/\" \/>\n<meta property=\"og:locale\" content=\"en_US\" \/>\n<meta property=\"og:type\" content=\"article\" \/>\n<meta property=\"og:title\" content=\"Kit de microfone de painel para bombeiros - Full Solutions\" \/>\n<meta property=\"og:description\" content=\"Fireman panel microphone kit - AutroSafe 4 panels para comunica\u00e7\u00e3o clara em sistemas de alarme de inc\u00eandio, com integra\u00e7\u00e3o e opera\u00e7\u00e3o em emerg\u00eancias.\" \/>\n<meta property=\"og:url\" content=\"https:\/\/fullsolutions.info\/en\/product\/kit-de-microfone-de-painel-para-bombeiros\/\" \/>\n<meta property=\"og:site_name\" content=\"Full Solutions\" \/>\n<meta property=\"article:modified_time\" content=\"2026-04-13T18:54:52+00:00\" \/>\n<meta property=\"og:image\" content=\"https:\/\/mlhff0prgoxu.i.optimole.com\/cb:s0sM.767\/w:auto\/h:auto\/q:mauto\/f:best\/https:\/\/fullsolutions.info\/wp-content\/uploads\/2026\/02\/0_0_False_False_1_85__fileshare_filarkivroot_produkt_bilder_Fireman_panel_microphone_kit_jpg.png\" \/>\n\t<meta property=\"og:image:width\" content=\"549\" \/>\n\t<meta property=\"og:image:height\" content=\"533\" \/>\n\t<meta property=\"og:image:type\" content=\"image\/png\" \/>\n<meta name=\"twitter:card\" content=\"summary_large_image\" \/>\n<meta name=\"twitter:label1\" content=\"Est. reading time\" \/>\n\t<meta name=\"twitter:data1\" content=\"1 minute\" \/>\n<script type=\"application\/ld+json\" class=\"yoast-schema-graph\">{\"@context\":\"https:\/\/schema.org\",\"@graph\":[{\"@type\":\"WebPage\",\"@id\":\"https:\/\/fullsolutions.info\/produto\/kit-de-microfone-de-painel-para-bombeiros\/\",\"url\":\"https:\/\/fullsolutions.info\/produto\/kit-de-microfone-de-painel-para-bombeiros\/\",\"name\":\"Kit de microfone de painel para bombeiros - Full Solutions\",\"isPartOf\":{\"@id\":\"https:\/\/fullsolutions.info\/#website\"},\"primaryImageOfPage\":{\"@id\":\"https:\/\/fullsolutions.info\/produto\/kit-de-microfone-de-painel-para-bombeiros\/#primaryimage\"},\"image\":{\"@id\":\"https:\/\/fullsolutions.info\/produto\/kit-de-microfone-de-painel-para-bombeiros\/#primaryimage\"},\"thumbnailUrl\":\"https:\/\/mlhff0prgoxu.i.optimole.com\/cb:s0sM.767\/w:auto\/h:auto\/q:mauto\/f:best\/https:\/\/fullsolutions.info\/wp-content\/uploads\/2026\/02\/0_0_False_False_1_85__fileshare_filarkivroot_produkt_bilder_Fireman_panel_microphone_kit_jpg.png\",\"datePublished\":\"2026-02-24T14:59:47+00:00\",\"dateModified\":\"2026-04-13T18:54:52+00:00\",\"description\":\"Fireman panel microphone kit - AutroSafe 4 panels para comunica\u00e7\u00e3o clara em sistemas de alarme de inc\u00eandio, com integra\u00e7\u00e3o e opera\u00e7\u00e3o em emerg\u00eancias.\",\"breadcrumb\":{\"@id\":\"https:\/\/fullsolutions.info\/produto\/kit-de-microfone-de-painel-para-bombeiros\/#breadcrumb\"},\"inLanguage\":\"en-US\",\"potentialAction\":[{\"@type\":\"ReadAction\",\"target\":[\"https:\/\/fullsolutions.info\/produto\/kit-de-microfone-de-painel-para-bombeiros\/\"]}]},{\"@type\":\"ImageObject\",\"inLanguage\":\"en-US\",\"@id\":\"https:\/\/fullsolutions.info\/produto\/kit-de-microfone-de-painel-para-bombeiros\/#primaryimage\",\"url\":\"https:\/\/mlhff0prgoxu.i.optimole.com\/cb:s0sM.767\/w:auto\/h:auto\/q:mauto\/f:best\/https:\/\/fullsolutions.info\/wp-content\/uploads\/2026\/02\/0_0_False_False_1_85__fileshare_filarkivroot_produkt_bilder_Fireman_panel_microphone_kit_jpg.png\",\"contentUrl\":\"https:\/\/mlhff0prgoxu.i.optimole.com\/cb:s0sM.767\/w:auto\/h:auto\/q:mauto\/f:best\/https:\/\/fullsolutions.info\/wp-content\/uploads\/2026\/02\/0_0_False_False_1_85__fileshare_filarkivroot_produkt_bilder_Fireman_panel_microphone_kit_jpg.png\",\"width\":549,\"height\":533},{\"@type\":\"BreadcrumbList\",\"@id\":\"https:\/\/fullsolutions.info\/produto\/kit-de-microfone-de-painel-para-bombeiros\/#breadcrumb\",\"itemListElement\":[{\"@type\":\"ListItem\",\"position\":1,\"name\":\"In\u00edcio\",\"item\":\"https:\/\/fullsolutions.info\/\"},{\"@type\":\"ListItem\",\"position\":2,\"name\":\"Produtos\",\"item\":\"https:\/\/fullsolutions.info\/shop\/\"},{\"@type\":\"ListItem\",\"position\":3,\"name\":\"Kit de microfone de painel para bombeiros\"}]},{\"@type\":\"WebSite\",\"@id\":\"https:\/\/fullsolutions.info\/#website\",\"url\":\"https:\/\/fullsolutions.info\/\",\"name\":\"Full Solutions\",\"description\":\"Empresa na \u00c1rea de Procurement\",\"publisher\":{\"@id\":\"https:\/\/fullsolutions.info\/#organization\"},\"potentialAction\":[{\"@type\":\"SearchAction\",\"target\":{\"@type\":\"EntryPoint\",\"urlTemplate\":\"https:\/\/fullsolutions.info\/?s={search_term_string}\"},\"query-input\":{\"@type\":\"PropertyValueSpecification\",\"valueRequired\":true,\"valueName\":\"search_term_string\"}}],\"inLanguage\":\"en-US\"},{\"@type\":\"Organization\",\"@id\":\"https:\/\/fullsolutions.info\/#organization\",\"name\":\"Full Solutions\",\"url\":\"https:\/\/fullsolutions.info\/\",\"logo\":{\"@type\":\"ImageObject\",\"inLanguage\":\"en-US\",\"@id\":\"https:\/\/fullsolutions.info\/#\/schema\/logo\/image\/\",\"url\":\"https:\/\/mlhff0prgoxu.i.optimole.com\/cb:s0sM.767\/w:auto\/h:auto\/q:mauto\/f:best\/https:\/\/fullsolutions.info\/wp-content\/uploads\/2021\/07\/cropped-Design-sem-nome-300x193-1-e1627062664782.png\",\"contentUrl\":\"https:\/\/mlhff0prgoxu.i.optimole.com\/cb:s0sM.767\/w:auto\/h:auto\/q:mauto\/f:best\/https:\/\/fullsolutions.info\/wp-content\/uploads\/2021\/07\/cropped-Design-sem-nome-300x193-1-e1627062664782.png\",\"width\":202,\"height\":155,\"caption\":\"Full Solutions\"},\"image\":{\"@id\":\"https:\/\/fullsolutions.info\/#\/schema\/logo\/image\/\"},\"sameAs\":[\"https:\/\/www.linkedin.com\/company\/full-solutions-equipment\"]}]}<\/script>\n<!-- \/ Yoast SEO plugin. -->","yoast_head_json":{"title":"Kit de microfone de painel para bombeiros - Full Solutions","description":"Fireman panel microphone kit - AutroSafe 4 panels para comunica\u00e7\u00e3o clara em sistemas de alarme de inc\u00eandio, com integra\u00e7\u00e3o e opera\u00e7\u00e3o em emerg\u00eancias.","robots":{"index":"index","follow":"follow","max-snippet":"max-snippet:-1","max-image-preview":"max-image-preview:large","max-video-preview":"max-video-preview:-1"},"canonical":"https:\/\/fullsolutions.info\/en\/product\/kit-de-microfone-de-painel-para-bombeiros\/","og_locale":"en_US","og_type":"article","og_title":"Kit de microfone de painel para bombeiros - Full Solutions","og_description":"Fireman panel microphone kit - AutroSafe 4 panels para comunica\u00e7\u00e3o clara em sistemas de alarme de inc\u00eandio, com integra\u00e7\u00e3o e opera\u00e7\u00e3o em emerg\u00eancias.","og_url":"https:\/\/fullsolutions.info\/en\/product\/kit-de-microfone-de-painel-para-bombeiros\/","og_site_name":"Full Solutions","article_modified_time":"2026-04-13T18:54:52+00:00","og_image":[{"width":549,"height":533,"url":"https:\/\/mlhff0prgoxu.i.optimole.com\/cb:s0sM.767\/w:auto\/h:auto\/q:mauto\/f:best\/https:\/\/fullsolutions.info\/wp-content\/uploads\/2026\/02\/0_0_False_False_1_85__fileshare_filarkivroot_produkt_bilder_Fireman_panel_microphone_kit_jpg.png","type":"image\/png"}],"twitter_card":"summary_large_image","twitter_misc":{"Est. reading time":"1 minute"},"schema":{"@context":"https:\/\/schema.org","@graph":[{"@type":"WebPage","@id":"https:\/\/fullsolutions.info\/produto\/kit-de-microfone-de-painel-para-bombeiros\/","url":"https:\/\/fullsolutions.info\/produto\/kit-de-microfone-de-painel-para-bombeiros\/","name":"Kit de microfone de painel para bombeiros - Full Solutions","isPartOf":{"@id":"https:\/\/fullsolutions.info\/#website"},"primaryImageOfPage":{"@id":"https:\/\/fullsolutions.info\/produto\/kit-de-microfone-de-painel-para-bombeiros\/#primaryimage"},"image":{"@id":"https:\/\/fullsolutions.info\/produto\/kit-de-microfone-de-painel-para-bombeiros\/#primaryimage"},"thumbnailUrl":"https:\/\/mlhff0prgoxu.i.optimole.com\/cb:s0sM.767\/w:auto\/h:auto\/q:mauto\/f:best\/https:\/\/fullsolutions.info\/wp-content\/uploads\/2026\/02\/0_0_False_False_1_85__fileshare_filarkivroot_produkt_bilder_Fireman_panel_microphone_kit_jpg.png","datePublished":"2026-02-24T14:59:47+00:00","dateModified":"2026-04-13T18:54:52+00:00","description":"Fireman panel microphone kit - AutroSafe 4 panels para comunica\u00e7\u00e3o clara em sistemas de alarme de inc\u00eandio, com integra\u00e7\u00e3o e opera\u00e7\u00e3o em emerg\u00eancias.","breadcrumb":{"@id":"https:\/\/fullsolutions.info\/produto\/kit-de-microfone-de-painel-para-bombeiros\/#breadcrumb"},"inLanguage":"en-US","potentialAction":[{"@type":"ReadAction","target":["https:\/\/fullsolutions.info\/produto\/kit-de-microfone-de-painel-para-bombeiros\/"]}]},{"@type":"ImageObject","inLanguage":"en-US","@id":"https:\/\/fullsolutions.info\/produto\/kit-de-microfone-de-painel-para-bombeiros\/#primaryimage","url":"https:\/\/mlhff0prgoxu.i.optimole.com\/cb:s0sM.767\/w:auto\/h:auto\/q:mauto\/f:best\/https:\/\/fullsolutions.info\/wp-content\/uploads\/2026\/02\/0_0_False_False_1_85__fileshare_filarkivroot_produkt_bilder_Fireman_panel_microphone_kit_jpg.png","contentUrl":"https:\/\/mlhff0prgoxu.i.optimole.com\/cb:s0sM.767\/w:auto\/h:auto\/q:mauto\/f:best\/https:\/\/fullsolutions.info\/wp-content\/uploads\/2026\/02\/0_0_False_False_1_85__fileshare_filarkivroot_produkt_bilder_Fireman_panel_microphone_kit_jpg.png","width":549,"height":533},{"@type":"BreadcrumbList","@id":"https:\/\/fullsolutions.info\/produto\/kit-de-microfone-de-painel-para-bombeiros\/#breadcrumb","itemListElement":[{"@type":"ListItem","position":1,"name":"In\u00edcio","item":"https:\/\/fullsolutions.info\/"},{"@type":"ListItem","position":2,"name":"Produtos","item":"https:\/\/fullsolutions.info\/shop\/"},{"@type":"ListItem","position":3,"name":"Kit de microfone de painel para bombeiros"}]},{"@type":"WebSite","@id":"https:\/\/fullsolutions.info\/#website","url":"https:\/\/fullsolutions.info\/","name":"Full Solutions","description":"Empresa na \u00c1rea de Procurement","publisher":{"@id":"https:\/\/fullsolutions.info\/#organization"},"potentialAction":[{"@type":"SearchAction","target":{"@type":"EntryPoint","urlTemplate":"https:\/\/fullsolutions.info\/?s={search_term_string}"},"query-input":{"@type":"PropertyValueSpecification","valueRequired":true,"valueName":"search_term_string"}}],"inLanguage":"en-US"},{"@type":"Organization","@id":"https:\/\/fullsolutions.info\/#organization","name":"Full Solutions","url":"https:\/\/fullsolutions.info\/","logo":{"@type":"ImageObject","inLanguage":"en-US","@id":"https:\/\/fullsolutions.info\/#\/schema\/logo\/image\/","url":"https:\/\/mlhff0prgoxu.i.optimole.com\/cb:s0sM.767\/w:auto\/h:auto\/q:mauto\/f:best\/https:\/\/fullsolutions.info\/wp-content\/uploads\/2021\/07\/cropped-Design-sem-nome-300x193-1-e1627062664782.png","contentUrl":"https:\/\/mlhff0prgoxu.i.optimole.com\/cb:s0sM.767\/w:auto\/h:auto\/q:mauto\/f:best\/https:\/\/fullsolutions.info\/wp-content\/uploads\/2021\/07\/cropped-Design-sem-nome-300x193-1-e1627062664782.png","width":202,"height":155,"caption":"Full Solutions"},"image":{"@id":"https:\/\/fullsolutions.info\/#\/schema\/logo\/image\/"},"sameAs":["https:\/\/www.linkedin.com\/company\/full-solutions-equipment"]}]}},"_links":{"self":[{"href":"https:\/\/fullsolutions.info\/en\/wp-json\/wp\/v2\/product\/6241","targetHints":{"allow":["GET"]}}],"collection":[{"href":"https:\/\/fullsolutions.info\/en\/wp-json\/wp\/v2\/product"}],"about":[{"href":"https:\/\/fullsolutions.info\/en\/wp-json\/wp\/v2\/types\/product"}],"replies":[{"embeddable":true,"href":"https:\/\/fullsolutions.info\/en\/wp-json\/wp\/v2\/comments?post=6241"}],"wp:featuredmedia":[{"embeddable":true,"href":"https:\/\/fullsolutions.info\/en\/wp-json\/wp\/v2\/media\/6242"}],"wp:attachment":[{"href":"https:\/\/fullsolutions.info\/en\/wp-json\/wp\/v2\/media?parent=6241"}],"wp:term":[{"taxonomy":"product_brand","embeddable":true,"href":"https:\/\/fullsolutions.info\/en\/wp-json\/wp\/v2\/product_brand?post=6241"},{"taxonomy":"product_cat","embeddable":true,"href":"https:\/\/fullsolutions.info\/en\/wp-json\/wp\/v2\/product_cat?post=6241"},{"taxonomy":"product_tag","embeddable":true,"href":"https:\/\/fullsolutions.info\/en\/wp-json\/wp\/v2\/product_tag?post=6241"},{"taxonomy":"marca","embeddable":true,"href":"https:\/\/fullsolutions.info\/en\/wp-json\/wp\/v2\/marca?post=6241"}],"curies":[{"name":"wp","href":"https:\/\/api.w.org\/{rel}","templated":true}]}}