{"id":6239,"date":"2026-02-24T11:54:32","date_gmt":"2026-02-24T14:54:32","guid":{"rendered":"https:\/\/fullsolutions.info\/?post_type=product&#038;p=6239"},"modified":"2026-04-13T16:06:04","modified_gmt":"2026-04-13T19:06:04","slug":"painel-de-loop-da-brigada-de-incendio-bu-110","status":"publish","type":"product","link":"https:\/\/fullsolutions.info\/en\/product\/painel-de-loop-da-brigada-de-incendio-bu-110\/","title":{"rendered":"Painel de loop de brigada de inc\u00eandio BU-110"},"content":{"rendered":"<div class=\"ingress\">\n<div class=\"flex flex-col text-sm pb-25\">\n<section class=\"text-token-text-primary w-full focus:outline-none [--shadow-height:45px] has-data-writing-block:pointer-events-none has-data-writing-block:-mt-(--shadow-height) has-data-writing-block:pt-(--shadow-height) [&amp;:has([data-writing-block])&gt;*]:pointer-events-auto scroll-mt-[calc(var(--header-height)+min(200px,max(70px,20svh)))]\" dir=\"auto\" data-turn-id=\"request-699ca875-1334-8333-b8aa-68e7e834a0ad-12\" data-testid=\"conversation-turn-168\" data-scroll-anchor=\"true\" data-turn=\"assistant\">\n<div class=\"text-base my-auto mx-auto pb-10 [--thread-content-margin:var(--thread-content-margin-xs,calc(var(--spacing)*4))] @w-sm\/main:[--thread-content-margin:var(--thread-content-margin-sm,calc(var(--spacing)*6))] @w-lg\/main:[--thread-content-margin:var(--thread-content-margin-lg,calc(var(--spacing)*16))] px-(--thread-content-margin)\">\n<div class=\"[--thread-content-max-width:40rem] @w-lg\/main:[--thread-content-max-width:48rem] mx-auto max-w-(--thread-content-max-width) flex-1 group\/turn-messages focus-visible:outline-hidden relative flex w-full min-w-0 flex-col agent-turn\">\n<div class=\"flex max-w-full flex-col gap-4 grow\">\n<div class=\"min-h-8 text-message relative flex w-full flex-col items-end gap-2 text-start break-words whitespace-normal outline-none keyboard-focused:focus-ring [.text-message+&amp;]:mt-1\" dir=\"auto\" tabindex=\"0\" data-message-author-role=\"assistant\" data-message-id=\"e2830e4b-f494-4b97-9954-e2614b78a05d\" data-message-model-slug=\"gpt-5-3-mini\" data-turn-start-message=\"true\">\n<div class=\"flex w-full flex-col gap-1 empty:hidden\">\n<div class=\"markdown prose dark:prose-invert w-full wrap-break-word light markdown-new-styling\">\n<p data-start=\"86\" data-end=\"208\">O painel de la\u00e7o de indu\u00e7\u00e3o para bombeiros silencia a sirene interna do painel, desativa alarmes e reinicia o sistema.<\/p>\n<p data-start=\"210\" data-end=\"403\">O sistema recebe alimenta\u00e7\u00e3o diretamente pelo la\u00e7o de detec\u00e7\u00e3o. Dessa forma, ele simplifica a instala\u00e7\u00e3o, reduz o cabeamento e diminui os custos. Al\u00e9m disso, ele torna o sistema menos complexo.<\/p>\n<p data-start=\"405\" data-end=\"513\">O visor exibe apenas os alarmes ativos. Assim, o operador identifica rapidamente as condi\u00e7\u00f5es de emerg\u00eancia.<\/p>\n<p data-start=\"515\" data-end=\"655\" data-is-last-node=\"\" data-is-only-node=\"\">O sistema permite a conex\u00e3o de at\u00e9 8 pain\u00e9is no circuito de detec\u00e7\u00e3o. Portanto, ele garante escalabilidade dentro das limita\u00e7\u00f5es do projeto.<\/p>\n<p data-start=\"515\" data-end=\"655\" data-is-last-node=\"\" data-is-only-node=\"\">\n<\/div>\n<\/div>\n<\/div>\n<\/div>\n<div class=\"z-0 flex min-h-[46px] justify-start\"><strong><span dir=\"auto\">N\u00fameros de pe\u00e7a<\/span><\/strong><\/div>\n<\/div>\n<\/div>\n<\/section>\n<\/div>\n<\/div>\n<div id=\"EditorContentContainer\" class=\"EditorContentContainer\">\n<table width=\"713\">\n<tbody>\n<tr>\n<td width=\"146\"><span dir=\"auto\">116-BU-110\/01<\/span><\/td>\n<td width=\"227\"><span dir=\"auto\">BRIGADA DE BOMBEIROS LOOP PAN WO TEXTO<\/span><\/td>\n<td width=\"151\"><\/td>\n<\/tr>\n<tr>\n<td width=\"146\"><span dir=\"auto\">116-BU-110DK<\/span><\/td>\n<td width=\"227\"><span dir=\"auto\">PAINEL DE LARGURAS DE BOMBEIROS DK<\/span><\/td>\n<td width=\"151\"><strong>\u00a0<\/strong><\/td>\n<\/tr>\n<tr>\n<td width=\"146\"><span dir=\"auto\">116-BU-110GB<\/span><\/td>\n<td width=\"227\"><span dir=\"auto\">PAINEL DE LARGARES DO CORPO DE BOMBEIROS GB<\/span><\/td>\n<td width=\"151\"><strong>\u00a0<\/strong><\/td>\n<\/tr>\n<tr>\n<td width=\"146\"><span dir=\"auto\">116-BU-110I<\/span><\/td>\n<td width=\"227\"><span dir=\"auto\">PAINEL DE CONTROLE DE INC\u00caNDIO I<\/span><\/td>\n<td width=\"151\"><strong>\u00a0<\/strong><\/td>\n<\/tr>\n<tr>\n<td width=\"146\"><span dir=\"auto\">116-BU-110N<\/span><\/td>\n<td width=\"227\"><span dir=\"auto\">PAINEL DE CONTROLE DE INC\u00caNDIO N<\/span><\/td>\n<td width=\"151\"><strong>\u00a0<\/strong><\/td>\n<\/tr>\n<tr>\n<td width=\"146\"><span dir=\"auto\">116-BU-110NL<\/span><\/td>\n<td width=\"227\"><span dir=\"auto\">PAINEL DE CONTROLE DE INC\u00caNDIO NL<\/span><\/td>\n<td width=\"151\"><strong>\u00a0<\/strong><\/td>\n<\/tr>\n<tr>\n<td width=\"146\"><span dir=\"auto\">116-BU-110S<\/span><\/td>\n<td width=\"227\"><span dir=\"auto\">PAINEL DE LARGURA\u00c7\u00c3O DO CORPO DE BOMBEIROS S<\/span><\/td>\n<td width=\"151\"><\/td>\n<\/tr>\n<tr>\n<td width=\"146\"><span dir=\"auto\">116-BU-110SF<\/span><\/td>\n<td width=\"227\"><span dir=\"auto\">PAINEL DE CONTROLE DE INC\u00caNDIO SF<\/span><\/td>\n<\/tr>\n<\/tbody>\n<\/table>\n<\/div>","protected":false},"excerpt":{"rendered":"<p>O painel de la\u00e7o de indu\u00e7\u00e3o para bombeiros silencia a sirene interna do painel, desativa alarmes e reinicia o sistema. O sistema recebe alimenta\u00e7\u00e3o diretamente pelo la\u00e7o de detec\u00e7\u00e3o. Dessa forma, ele simplifica a instala\u00e7\u00e3o, reduz o cabeamento e diminui os custos. Al\u00e9m disso, ele torna o sistema menos complexo. O visor exibe apenas os alarmes ativos. Assim, o operador identifica rapidamente as condi\u00e7\u00f5es de emerg\u00eancia. O sistema permite a conex\u00e3o de at\u00e9 8 pain\u00e9is no circuito de detec\u00e7\u00e3o. Portanto, ele garante escalabilidade dentro das limita\u00e7\u00f5es do projeto. N\u00fameros de pe\u00e7a 116-BU-110\/01 BRIGADA DE BOMBEIROS LOOP PAN WO TEXTO 116-BU-110DK PAINEL DE LARGURAS DE BOMBEIROS DK \u00a0 116-BU-110GB PAINEL DE LARGARES DO CORPO DE BOMBEIROS GB \u00a0 116-BU-110I PAINEL DE CONTROLE DE INC\u00caNDIO I \u00a0 116-BU-110N PAINEL DE CONTROLE DE INC\u00caNDIO N \u00a0 116-BU-110NL PAINEL DE CONTROLE DE INC\u00caNDIO NL \u00a0 116-BU-110S PAINEL DE LARGURA\u00c7\u00c3O DO CORPO DE BOMBEIROS S 116-BU-110SF PAINEL DE CONTROLE DE INC\u00caNDIO SF<\/p>","protected":false},"featured_media":6240,"comment_status":"open","ping_status":"closed","template":"","meta":{"_joinchat":[]},"product_brand":[],"product_cat":[116],"product_tag":[],"marca":[91],"class_list":{"0":"post-6239","1":"product","2":"type-product","3":"status-publish","4":"has-post-thumbnail","6":"product_cat-combate-a-incendio","7":"marca-autronica","9":"first","10":"instock","11":"shipping-taxable","12":"product-type-simple"},"yoast_head":"<!-- This site is optimized with the Yoast SEO plugin v27.2 - https:\/\/yoast.com\/product\/yoast-seo-wordpress\/ -->\n<title>Painel de loop de brigada de inc\u00eandio BU-110 - Full Solutions<\/title>\n<meta name=\"description\" content=\"Painel de la\u00e7o de indu\u00e7\u00e3o para bombeiros com silenciamento de alarmes, reinicializa\u00e7\u00e3o do sistema e instala\u00e7\u00e3o simplificada via la\u00e7o de detec\u00e7\u00e3o.\" \/>\n<meta name=\"robots\" content=\"index, follow, max-snippet:-1, max-image-preview:large, max-video-preview:-1\" \/>\n<link rel=\"canonical\" href=\"https:\/\/fullsolutions.info\/en\/product\/painel-de-loop-da-brigada-de-incendio-bu-110\/\" \/>\n<meta property=\"og:locale\" content=\"en_US\" \/>\n<meta property=\"og:type\" content=\"article\" \/>\n<meta property=\"og:title\" content=\"Painel de loop de brigada de inc\u00eandio BU-110 - Full Solutions\" \/>\n<meta property=\"og:description\" content=\"Painel de la\u00e7o de indu\u00e7\u00e3o para bombeiros com silenciamento de alarmes, reinicializa\u00e7\u00e3o do sistema e instala\u00e7\u00e3o simplificada via la\u00e7o de detec\u00e7\u00e3o.\" \/>\n<meta property=\"og:url\" content=\"https:\/\/fullsolutions.info\/en\/product\/painel-de-loop-da-brigada-de-incendio-bu-110\/\" \/>\n<meta property=\"og:site_name\" content=\"Full Solutions\" \/>\n<meta property=\"article:modified_time\" content=\"2026-04-13T19:06:04+00:00\" \/>\n<meta property=\"og:image\" content=\"https:\/\/mlhff0prgoxu.i.optimole.com\/cb:s0sM.767\/w:auto\/h:auto\/q:mauto\/f:best\/https:\/\/fullsolutions.info\/wp-content\/uploads\/2026\/02\/itens-site-novo-copiar0_0_False_False_1_85__fileshare_filarkivroot_produkt_bilder_BU-110.png\" \/>\n\t<meta property=\"og:image:width\" content=\"549\" \/>\n\t<meta property=\"og:image:height\" content=\"533\" \/>\n\t<meta property=\"og:image:type\" content=\"image\/png\" \/>\n<meta name=\"twitter:card\" content=\"summary_large_image\" \/>\n<meta name=\"twitter:label1\" content=\"Est. reading time\" \/>\n\t<meta name=\"twitter:data1\" content=\"2 minutes\" \/>\n<script type=\"application\/ld+json\" class=\"yoast-schema-graph\">{\"@context\":\"https:\/\/schema.org\",\"@graph\":[{\"@type\":\"WebPage\",\"@id\":\"https:\/\/fullsolutions.info\/produto\/painel-de-loop-da-brigada-de-incendio-bu-110\/\",\"url\":\"https:\/\/fullsolutions.info\/produto\/painel-de-loop-da-brigada-de-incendio-bu-110\/\",\"name\":\"Painel de loop de brigada de inc\u00eandio BU-110 - Full Solutions\",\"isPartOf\":{\"@id\":\"https:\/\/fullsolutions.info\/#website\"},\"primaryImageOfPage\":{\"@id\":\"https:\/\/fullsolutions.info\/produto\/painel-de-loop-da-brigada-de-incendio-bu-110\/#primaryimage\"},\"image\":{\"@id\":\"https:\/\/fullsolutions.info\/produto\/painel-de-loop-da-brigada-de-incendio-bu-110\/#primaryimage\"},\"thumbnailUrl\":\"https:\/\/mlhff0prgoxu.i.optimole.com\/cb:s0sM.767\/w:auto\/h:auto\/q:mauto\/f:best\/https:\/\/fullsolutions.info\/wp-content\/uploads\/2026\/02\/itens-site-novo-copiar0_0_False_False_1_85__fileshare_filarkivroot_produkt_bilder_BU-110.png\",\"datePublished\":\"2026-02-24T14:54:32+00:00\",\"dateModified\":\"2026-04-13T19:06:04+00:00\",\"description\":\"Painel de la\u00e7o de indu\u00e7\u00e3o para bombeiros com silenciamento de alarmes, reinicializa\u00e7\u00e3o do sistema e instala\u00e7\u00e3o simplificada via la\u00e7o de detec\u00e7\u00e3o.\",\"breadcrumb\":{\"@id\":\"https:\/\/fullsolutions.info\/produto\/painel-de-loop-da-brigada-de-incendio-bu-110\/#breadcrumb\"},\"inLanguage\":\"en-US\",\"potentialAction\":[{\"@type\":\"ReadAction\",\"target\":[\"https:\/\/fullsolutions.info\/produto\/painel-de-loop-da-brigada-de-incendio-bu-110\/\"]}]},{\"@type\":\"ImageObject\",\"inLanguage\":\"en-US\",\"@id\":\"https:\/\/fullsolutions.info\/produto\/painel-de-loop-da-brigada-de-incendio-bu-110\/#primaryimage\",\"url\":\"https:\/\/mlhff0prgoxu.i.optimole.com\/cb:s0sM.767\/w:auto\/h:auto\/q:mauto\/f:best\/https:\/\/fullsolutions.info\/wp-content\/uploads\/2026\/02\/itens-site-novo-copiar0_0_False_False_1_85__fileshare_filarkivroot_produkt_bilder_BU-110.png\",\"contentUrl\":\"https:\/\/mlhff0prgoxu.i.optimole.com\/cb:s0sM.767\/w:auto\/h:auto\/q:mauto\/f:best\/https:\/\/fullsolutions.info\/wp-content\/uploads\/2026\/02\/itens-site-novo-copiar0_0_False_False_1_85__fileshare_filarkivroot_produkt_bilder_BU-110.png\",\"width\":549,\"height\":533},{\"@type\":\"BreadcrumbList\",\"@id\":\"https:\/\/fullsolutions.info\/produto\/painel-de-loop-da-brigada-de-incendio-bu-110\/#breadcrumb\",\"itemListElement\":[{\"@type\":\"ListItem\",\"position\":1,\"name\":\"In\u00edcio\",\"item\":\"https:\/\/fullsolutions.info\/\"},{\"@type\":\"ListItem\",\"position\":2,\"name\":\"Produtos\",\"item\":\"https:\/\/fullsolutions.info\/shop\/\"},{\"@type\":\"ListItem\",\"position\":3,\"name\":\"Painel de loop de brigada de inc\u00eandio BU-110\"}]},{\"@type\":\"WebSite\",\"@id\":\"https:\/\/fullsolutions.info\/#website\",\"url\":\"https:\/\/fullsolutions.info\/\",\"name\":\"Full Solutions\",\"description\":\"Empresa na \u00c1rea de Procurement\",\"publisher\":{\"@id\":\"https:\/\/fullsolutions.info\/#organization\"},\"potentialAction\":[{\"@type\":\"SearchAction\",\"target\":{\"@type\":\"EntryPoint\",\"urlTemplate\":\"https:\/\/fullsolutions.info\/?s={search_term_string}\"},\"query-input\":{\"@type\":\"PropertyValueSpecification\",\"valueRequired\":true,\"valueName\":\"search_term_string\"}}],\"inLanguage\":\"en-US\"},{\"@type\":\"Organization\",\"@id\":\"https:\/\/fullsolutions.info\/#organization\",\"name\":\"Full Solutions\",\"url\":\"https:\/\/fullsolutions.info\/\",\"logo\":{\"@type\":\"ImageObject\",\"inLanguage\":\"en-US\",\"@id\":\"https:\/\/fullsolutions.info\/#\/schema\/logo\/image\/\",\"url\":\"https:\/\/mlhff0prgoxu.i.optimole.com\/cb:s0sM.767\/w:auto\/h:auto\/q:mauto\/f:best\/https:\/\/fullsolutions.info\/wp-content\/uploads\/2021\/07\/cropped-Design-sem-nome-300x193-1-e1627062664782.png\",\"contentUrl\":\"https:\/\/mlhff0prgoxu.i.optimole.com\/cb:s0sM.767\/w:auto\/h:auto\/q:mauto\/f:best\/https:\/\/fullsolutions.info\/wp-content\/uploads\/2021\/07\/cropped-Design-sem-nome-300x193-1-e1627062664782.png\",\"width\":202,\"height\":155,\"caption\":\"Full Solutions\"},\"image\":{\"@id\":\"https:\/\/fullsolutions.info\/#\/schema\/logo\/image\/\"},\"sameAs\":[\"https:\/\/www.linkedin.com\/company\/full-solutions-equipment\"]}]}<\/script>\n<!-- \/ Yoast SEO plugin. -->","yoast_head_json":{"title":"Painel de loop de brigada de inc\u00eandio BU-110 - Full Solutions","description":"Painel de la\u00e7o de indu\u00e7\u00e3o para bombeiros com silenciamento de alarmes, reinicializa\u00e7\u00e3o do sistema e instala\u00e7\u00e3o simplificada via la\u00e7o de detec\u00e7\u00e3o.","robots":{"index":"index","follow":"follow","max-snippet":"max-snippet:-1","max-image-preview":"max-image-preview:large","max-video-preview":"max-video-preview:-1"},"canonical":"https:\/\/fullsolutions.info\/en\/product\/painel-de-loop-da-brigada-de-incendio-bu-110\/","og_locale":"en_US","og_type":"article","og_title":"Painel de loop de brigada de inc\u00eandio BU-110 - Full Solutions","og_description":"Painel de la\u00e7o de indu\u00e7\u00e3o para bombeiros com silenciamento de alarmes, reinicializa\u00e7\u00e3o do sistema e instala\u00e7\u00e3o simplificada via la\u00e7o de detec\u00e7\u00e3o.","og_url":"https:\/\/fullsolutions.info\/en\/product\/painel-de-loop-da-brigada-de-incendio-bu-110\/","og_site_name":"Full Solutions","article_modified_time":"2026-04-13T19:06:04+00:00","og_image":[{"width":549,"height":533,"url":"https:\/\/mlhff0prgoxu.i.optimole.com\/cb:s0sM.767\/w:auto\/h:auto\/q:mauto\/f:best\/https:\/\/fullsolutions.info\/wp-content\/uploads\/2026\/02\/itens-site-novo-copiar0_0_False_False_1_85__fileshare_filarkivroot_produkt_bilder_BU-110.png","type":"image\/png"}],"twitter_card":"summary_large_image","twitter_misc":{"Est. reading time":"2 minutes"},"schema":{"@context":"https:\/\/schema.org","@graph":[{"@type":"WebPage","@id":"https:\/\/fullsolutions.info\/produto\/painel-de-loop-da-brigada-de-incendio-bu-110\/","url":"https:\/\/fullsolutions.info\/produto\/painel-de-loop-da-brigada-de-incendio-bu-110\/","name":"Painel de loop de brigada de inc\u00eandio BU-110 - Full Solutions","isPartOf":{"@id":"https:\/\/fullsolutions.info\/#website"},"primaryImageOfPage":{"@id":"https:\/\/fullsolutions.info\/produto\/painel-de-loop-da-brigada-de-incendio-bu-110\/#primaryimage"},"image":{"@id":"https:\/\/fullsolutions.info\/produto\/painel-de-loop-da-brigada-de-incendio-bu-110\/#primaryimage"},"thumbnailUrl":"https:\/\/mlhff0prgoxu.i.optimole.com\/cb:s0sM.767\/w:auto\/h:auto\/q:mauto\/f:best\/https:\/\/fullsolutions.info\/wp-content\/uploads\/2026\/02\/itens-site-novo-copiar0_0_False_False_1_85__fileshare_filarkivroot_produkt_bilder_BU-110.png","datePublished":"2026-02-24T14:54:32+00:00","dateModified":"2026-04-13T19:06:04+00:00","description":"Painel de la\u00e7o de indu\u00e7\u00e3o para bombeiros com silenciamento de alarmes, reinicializa\u00e7\u00e3o do sistema e instala\u00e7\u00e3o simplificada via la\u00e7o de detec\u00e7\u00e3o.","breadcrumb":{"@id":"https:\/\/fullsolutions.info\/produto\/painel-de-loop-da-brigada-de-incendio-bu-110\/#breadcrumb"},"inLanguage":"en-US","potentialAction":[{"@type":"ReadAction","target":["https:\/\/fullsolutions.info\/produto\/painel-de-loop-da-brigada-de-incendio-bu-110\/"]}]},{"@type":"ImageObject","inLanguage":"en-US","@id":"https:\/\/fullsolutions.info\/produto\/painel-de-loop-da-brigada-de-incendio-bu-110\/#primaryimage","url":"https:\/\/mlhff0prgoxu.i.optimole.com\/cb:s0sM.767\/w:auto\/h:auto\/q:mauto\/f:best\/https:\/\/fullsolutions.info\/wp-content\/uploads\/2026\/02\/itens-site-novo-copiar0_0_False_False_1_85__fileshare_filarkivroot_produkt_bilder_BU-110.png","contentUrl":"https:\/\/mlhff0prgoxu.i.optimole.com\/cb:s0sM.767\/w:auto\/h:auto\/q:mauto\/f:best\/https:\/\/fullsolutions.info\/wp-content\/uploads\/2026\/02\/itens-site-novo-copiar0_0_False_False_1_85__fileshare_filarkivroot_produkt_bilder_BU-110.png","width":549,"height":533},{"@type":"BreadcrumbList","@id":"https:\/\/fullsolutions.info\/produto\/painel-de-loop-da-brigada-de-incendio-bu-110\/#breadcrumb","itemListElement":[{"@type":"ListItem","position":1,"name":"In\u00edcio","item":"https:\/\/fullsolutions.info\/"},{"@type":"ListItem","position":2,"name":"Produtos","item":"https:\/\/fullsolutions.info\/shop\/"},{"@type":"ListItem","position":3,"name":"Painel de loop de brigada de inc\u00eandio BU-110"}]},{"@type":"WebSite","@id":"https:\/\/fullsolutions.info\/#website","url":"https:\/\/fullsolutions.info\/","name":"Full Solutions","description":"Empresa na \u00c1rea de Procurement","publisher":{"@id":"https:\/\/fullsolutions.info\/#organization"},"potentialAction":[{"@type":"SearchAction","target":{"@type":"EntryPoint","urlTemplate":"https:\/\/fullsolutions.info\/?s={search_term_string}"},"query-input":{"@type":"PropertyValueSpecification","valueRequired":true,"valueName":"search_term_string"}}],"inLanguage":"en-US"},{"@type":"Organization","@id":"https:\/\/fullsolutions.info\/#organization","name":"Full Solutions","url":"https:\/\/fullsolutions.info\/","logo":{"@type":"ImageObject","inLanguage":"en-US","@id":"https:\/\/fullsolutions.info\/#\/schema\/logo\/image\/","url":"https:\/\/mlhff0prgoxu.i.optimole.com\/cb:s0sM.767\/w:auto\/h:auto\/q:mauto\/f:best\/https:\/\/fullsolutions.info\/wp-content\/uploads\/2021\/07\/cropped-Design-sem-nome-300x193-1-e1627062664782.png","contentUrl":"https:\/\/mlhff0prgoxu.i.optimole.com\/cb:s0sM.767\/w:auto\/h:auto\/q:mauto\/f:best\/https:\/\/fullsolutions.info\/wp-content\/uploads\/2021\/07\/cropped-Design-sem-nome-300x193-1-e1627062664782.png","width":202,"height":155,"caption":"Full Solutions"},"image":{"@id":"https:\/\/fullsolutions.info\/#\/schema\/logo\/image\/"},"sameAs":["https:\/\/www.linkedin.com\/company\/full-solutions-equipment"]}]}},"_links":{"self":[{"href":"https:\/\/fullsolutions.info\/en\/wp-json\/wp\/v2\/product\/6239","targetHints":{"allow":["GET"]}}],"collection":[{"href":"https:\/\/fullsolutions.info\/en\/wp-json\/wp\/v2\/product"}],"about":[{"href":"https:\/\/fullsolutions.info\/en\/wp-json\/wp\/v2\/types\/product"}],"replies":[{"embeddable":true,"href":"https:\/\/fullsolutions.info\/en\/wp-json\/wp\/v2\/comments?post=6239"}],"wp:featuredmedia":[{"embeddable":true,"href":"https:\/\/fullsolutions.info\/en\/wp-json\/wp\/v2\/media\/6240"}],"wp:attachment":[{"href":"https:\/\/fullsolutions.info\/en\/wp-json\/wp\/v2\/media?parent=6239"}],"wp:term":[{"taxonomy":"product_brand","embeddable":true,"href":"https:\/\/fullsolutions.info\/en\/wp-json\/wp\/v2\/product_brand?post=6239"},{"taxonomy":"product_cat","embeddable":true,"href":"https:\/\/fullsolutions.info\/en\/wp-json\/wp\/v2\/product_cat?post=6239"},{"taxonomy":"product_tag","embeddable":true,"href":"https:\/\/fullsolutions.info\/en\/wp-json\/wp\/v2\/product_tag?post=6239"},{"taxonomy":"marca","embeddable":true,"href":"https:\/\/fullsolutions.info\/en\/wp-json\/wp\/v2\/marca?post=6239"}],"curies":[{"name":"wp","href":"https:\/\/api.w.org\/{rel}","templated":true}]}}