{"id":6232,"date":"2026-02-23T16:43:08","date_gmt":"2026-02-23T19:43:08","guid":{"rendered":"https:\/\/fullsolutions.info\/?post_type=product&#038;p=6232"},"modified":"2026-04-13T16:17:11","modified_gmt":"2026-04-13T19:17:11","slug":"driver-de-indicacao-sinoptica-bur-200","status":"publish","type":"product","link":"https:\/\/fullsolutions.info\/en\/product\/driver-de-indicacao-sinoptica-bur-200\/","title":{"rendered":"Driver de indica\u00e7\u00e3o sin\u00f3ptica BUR-200"},"content":{"rendered":"<div class=\"ingress\">\n<div class=\"flex flex-col text-sm pb-25\">\n<section class=\"text-token-text-primary w-full focus:outline-none [--shadow-height:45px] has-data-writing-block:pointer-events-none has-data-writing-block:-mt-(--shadow-height) has-data-writing-block:pt-(--shadow-height) [&amp;:has([data-writing-block])&gt;*]:pointer-events-auto scroll-mt-[calc(var(--header-height)+min(200px,max(70px,20svh)))]\" dir=\"auto\" data-turn-id=\"request-699ca875-1334-8333-b8aa-68e7e834a0ad-18\" data-testid=\"conversation-turn-180\" data-scroll-anchor=\"true\" data-turn=\"assistant\">\n<div class=\"text-base my-auto mx-auto pb-10 [--thread-content-margin:var(--thread-content-margin-xs,calc(var(--spacing)*4))] @w-sm\/main:[--thread-content-margin:var(--thread-content-margin-sm,calc(var(--spacing)*6))] @w-lg\/main:[--thread-content-margin:var(--thread-content-margin-lg,calc(var(--spacing)*16))] px-(--thread-content-margin)\">\n<div class=\"[--thread-content-max-width:40rem] @w-lg\/main:[--thread-content-max-width:48rem] mx-auto max-w-(--thread-content-max-width) flex-1 group\/turn-messages focus-visible:outline-hidden relative flex w-full min-w-0 flex-col agent-turn\">\n<div class=\"flex max-w-full flex-col gap-4 grow\">\n<div class=\"min-h-8 text-message relative flex w-full flex-col items-end gap-2 text-start break-words whitespace-normal outline-none keyboard-focused:focus-ring [.text-message+&amp;]:mt-1\" dir=\"auto\" tabindex=\"0\" data-message-author-role=\"assistant\" data-message-id=\"b98cd59a-4a97-473a-8ce8-f241ece67a27\" data-message-model-slug=\"gpt-5-3-mini\" data-turn-start-message=\"true\">\n<div class=\"flex w-full flex-col gap-1 empty:hidden\">\n<div class=\"markdown prose dark:prose-invert w-full wrap-break-word light markdown-new-styling\">\n<p data-start=\"207\" data-end=\"366\">Para indica\u00e7\u00e3o adicional de alarmes. Al\u00e9m disso, barramento de painel inclu\u00eddo. Tamb\u00e9m possui blocos de termina\u00e7\u00e3o. O sistema conta com 8 entradas e 16 sa\u00eddas.<\/p>\n<p data-start=\"368\" data-end=\"617\">O BUR-200 funciona como um driver simulado. Ele aciona at\u00e9 32 LEDs com resistores em s\u00e9rie em um painel simulado para indica\u00e7\u00e3o adicional de alarmes. Al\u00e9m disso, o sistema utiliza 8 entradas monitoradas padr\u00e3o para leitura de diversos interruptores.<\/p>\n<p data-start=\"619\" data-end=\"791\">O driver de simula\u00e7\u00e3o conecta-se ao barramento RS-485 do painel. Al\u00e9m disso, a redund\u00e2ncia de energia ocorre por meio de uma conex\u00e3o em cadeia com drivers mestre e escravo.<\/p>\n<p data-start=\"793\" data-end=\"820\" data-is-last-node=\"\" data-is-only-node=\"\">N\u00famero da pe\u00e7a: 116-BUR-200.<\/p>\n<\/div>\n<\/div>\n<\/div>\n<\/div>\n<\/div>\n<\/div>\n<\/section>\n<\/div>\n<\/div>","protected":false},"excerpt":{"rendered":"<p>Para indica\u00e7\u00e3o adicional de alarmes. Al\u00e9m disso, barramento de painel inclu\u00eddo. Tamb\u00e9m possui blocos de termina\u00e7\u00e3o. O sistema conta com 8 entradas e 16 sa\u00eddas. O BUR-200 funciona como um driver simulado. Ele aciona at\u00e9 32 LEDs com resistores em s\u00e9rie em um painel simulado para indica\u00e7\u00e3o adicional de alarmes. Al\u00e9m disso, o sistema utiliza 8 entradas monitoradas padr\u00e3o para leitura de diversos interruptores. O driver de simula\u00e7\u00e3o conecta-se ao barramento RS-485 do painel. Al\u00e9m disso, a redund\u00e2ncia de energia ocorre por meio de uma conex\u00e3o em cadeia com drivers mestre e escravo. N\u00famero da pe\u00e7a: 116-BUR-200.<\/p>","protected":false},"featured_media":6233,"comment_status":"open","ping_status":"closed","template":"","meta":{"_joinchat":[]},"product_brand":[],"product_cat":[116],"product_tag":[],"marca":[91],"class_list":{"0":"post-6232","1":"product","2":"type-product","3":"status-publish","4":"has-post-thumbnail","6":"product_cat-combate-a-incendio","7":"marca-autronica","9":"first","10":"instock","11":"shipping-taxable","12":"product-type-simple"},"yoast_head":"<!-- This site is optimized with the Yoast SEO plugin v27.2 - https:\/\/yoast.com\/product\/yoast-seo-wordpress\/ -->\n<title>Driver de indica\u00e7\u00e3o sin\u00f3ptica BUR-200 - Full Solutions %<\/title>\n<meta name=\"description\" content=\"Driver de indica\u00e7\u00e3o sin\u00f3ptica BUR-200 para sistemas de alarme de inc\u00eandio, com controle de sinais, integra\u00e7\u00e3o em rede e visualiza\u00e7\u00e3o de estados do sistema.\" \/>\n<meta name=\"robots\" content=\"index, follow, max-snippet:-1, max-image-preview:large, max-video-preview:-1\" \/>\n<link rel=\"canonical\" href=\"https:\/\/fullsolutions.info\/en\/product\/driver-de-indicacao-sinoptica-bur-200\/\" \/>\n<meta property=\"og:locale\" content=\"en_US\" \/>\n<meta property=\"og:type\" content=\"article\" \/>\n<meta property=\"og:title\" content=\"Driver de indica\u00e7\u00e3o sin\u00f3ptica BUR-200 - Full Solutions %\" \/>\n<meta property=\"og:description\" content=\"Driver de indica\u00e7\u00e3o sin\u00f3ptica BUR-200 para sistemas de alarme de inc\u00eandio, com controle de sinais, integra\u00e7\u00e3o em rede e visualiza\u00e7\u00e3o de estados do sistema.\" \/>\n<meta property=\"og:url\" content=\"https:\/\/fullsolutions.info\/en\/product\/driver-de-indicacao-sinoptica-bur-200\/\" \/>\n<meta property=\"og:site_name\" content=\"Full Solutions\" \/>\n<meta property=\"article:modified_time\" content=\"2026-04-13T19:17:11+00:00\" \/>\n<meta property=\"og:image\" content=\"https:\/\/mlhff0prgoxu.i.optimole.com\/cb:s0sM.767\/w:auto\/h:auto\/q:mauto\/f:best\/https:\/\/fullsolutions.info\/wp-content\/uploads\/2026\/02\/BUR-200.png\" \/>\n\t<meta property=\"og:image:width\" content=\"549\" \/>\n\t<meta property=\"og:image:height\" content=\"533\" \/>\n\t<meta property=\"og:image:type\" content=\"image\/png\" \/>\n<meta name=\"twitter:card\" content=\"summary_large_image\" \/>\n<meta name=\"twitter:label1\" content=\"Est. reading time\" \/>\n\t<meta name=\"twitter:data1\" content=\"1 minute\" \/>\n<script type=\"application\/ld+json\" class=\"yoast-schema-graph\">{\"@context\":\"https:\/\/schema.org\",\"@graph\":[{\"@type\":\"WebPage\",\"@id\":\"https:\/\/fullsolutions.info\/produto\/driver-de-indicacao-sinoptica-bur-200\/\",\"url\":\"https:\/\/fullsolutions.info\/produto\/driver-de-indicacao-sinoptica-bur-200\/\",\"name\":\"Driver de indica\u00e7\u00e3o sin\u00f3ptica BUR-200 - Full Solutions %\",\"isPartOf\":{\"@id\":\"https:\/\/fullsolutions.info\/#website\"},\"primaryImageOfPage\":{\"@id\":\"https:\/\/fullsolutions.info\/produto\/driver-de-indicacao-sinoptica-bur-200\/#primaryimage\"},\"image\":{\"@id\":\"https:\/\/fullsolutions.info\/produto\/driver-de-indicacao-sinoptica-bur-200\/#primaryimage\"},\"thumbnailUrl\":\"https:\/\/mlhff0prgoxu.i.optimole.com\/cb:s0sM.767\/w:auto\/h:auto\/q:mauto\/f:best\/https:\/\/fullsolutions.info\/wp-content\/uploads\/2026\/02\/BUR-200.png\",\"datePublished\":\"2026-02-23T19:43:08+00:00\",\"dateModified\":\"2026-04-13T19:17:11+00:00\",\"description\":\"Driver de indica\u00e7\u00e3o sin\u00f3ptica BUR-200 para sistemas de alarme de inc\u00eandio, com controle de sinais, integra\u00e7\u00e3o em rede e visualiza\u00e7\u00e3o de estados do sistema.\",\"breadcrumb\":{\"@id\":\"https:\/\/fullsolutions.info\/produto\/driver-de-indicacao-sinoptica-bur-200\/#breadcrumb\"},\"inLanguage\":\"en-US\",\"potentialAction\":[{\"@type\":\"ReadAction\",\"target\":[\"https:\/\/fullsolutions.info\/produto\/driver-de-indicacao-sinoptica-bur-200\/\"]}]},{\"@type\":\"ImageObject\",\"inLanguage\":\"en-US\",\"@id\":\"https:\/\/fullsolutions.info\/produto\/driver-de-indicacao-sinoptica-bur-200\/#primaryimage\",\"url\":\"https:\/\/mlhff0prgoxu.i.optimole.com\/cb:s0sM.767\/w:auto\/h:auto\/q:mauto\/f:best\/https:\/\/fullsolutions.info\/wp-content\/uploads\/2026\/02\/BUR-200.png\",\"contentUrl\":\"https:\/\/mlhff0prgoxu.i.optimole.com\/cb:s0sM.767\/w:auto\/h:auto\/q:mauto\/f:best\/https:\/\/fullsolutions.info\/wp-content\/uploads\/2026\/02\/BUR-200.png\",\"width\":549,\"height\":533},{\"@type\":\"BreadcrumbList\",\"@id\":\"https:\/\/fullsolutions.info\/produto\/driver-de-indicacao-sinoptica-bur-200\/#breadcrumb\",\"itemListElement\":[{\"@type\":\"ListItem\",\"position\":1,\"name\":\"In\u00edcio\",\"item\":\"https:\/\/fullsolutions.info\/\"},{\"@type\":\"ListItem\",\"position\":2,\"name\":\"Produtos\",\"item\":\"https:\/\/fullsolutions.info\/shop\/\"},{\"@type\":\"ListItem\",\"position\":3,\"name\":\"Driver de indica\u00e7\u00e3o sin\u00f3ptica BUR-200\"}]},{\"@type\":\"WebSite\",\"@id\":\"https:\/\/fullsolutions.info\/#website\",\"url\":\"https:\/\/fullsolutions.info\/\",\"name\":\"Full Solutions\",\"description\":\"Empresa na \u00c1rea de Procurement\",\"publisher\":{\"@id\":\"https:\/\/fullsolutions.info\/#organization\"},\"potentialAction\":[{\"@type\":\"SearchAction\",\"target\":{\"@type\":\"EntryPoint\",\"urlTemplate\":\"https:\/\/fullsolutions.info\/?s={search_term_string}\"},\"query-input\":{\"@type\":\"PropertyValueSpecification\",\"valueRequired\":true,\"valueName\":\"search_term_string\"}}],\"inLanguage\":\"en-US\"},{\"@type\":\"Organization\",\"@id\":\"https:\/\/fullsolutions.info\/#organization\",\"name\":\"Full Solutions\",\"url\":\"https:\/\/fullsolutions.info\/\",\"logo\":{\"@type\":\"ImageObject\",\"inLanguage\":\"en-US\",\"@id\":\"https:\/\/fullsolutions.info\/#\/schema\/logo\/image\/\",\"url\":\"https:\/\/mlhff0prgoxu.i.optimole.com\/cb:s0sM.767\/w:auto\/h:auto\/q:mauto\/f:best\/https:\/\/fullsolutions.info\/wp-content\/uploads\/2021\/07\/cropped-Design-sem-nome-300x193-1-e1627062664782.png\",\"contentUrl\":\"https:\/\/mlhff0prgoxu.i.optimole.com\/cb:s0sM.767\/w:auto\/h:auto\/q:mauto\/f:best\/https:\/\/fullsolutions.info\/wp-content\/uploads\/2021\/07\/cropped-Design-sem-nome-300x193-1-e1627062664782.png\",\"width\":202,\"height\":155,\"caption\":\"Full Solutions\"},\"image\":{\"@id\":\"https:\/\/fullsolutions.info\/#\/schema\/logo\/image\/\"},\"sameAs\":[\"https:\/\/www.linkedin.com\/company\/full-solutions-equipment\"]}]}<\/script>\n<!-- \/ Yoast SEO plugin. -->","yoast_head_json":{"title":"Driver de indica\u00e7\u00e3o sin\u00f3ptica BUR-200 - Full Solutions %","description":"Driver de indica\u00e7\u00e3o sin\u00f3ptica BUR-200 para sistemas de alarme de inc\u00eandio, com controle de sinais, integra\u00e7\u00e3o em rede e visualiza\u00e7\u00e3o de estados do sistema.","robots":{"index":"index","follow":"follow","max-snippet":"max-snippet:-1","max-image-preview":"max-image-preview:large","max-video-preview":"max-video-preview:-1"},"canonical":"https:\/\/fullsolutions.info\/en\/product\/driver-de-indicacao-sinoptica-bur-200\/","og_locale":"en_US","og_type":"article","og_title":"Driver de indica\u00e7\u00e3o sin\u00f3ptica BUR-200 - Full Solutions %","og_description":"Driver de indica\u00e7\u00e3o sin\u00f3ptica BUR-200 para sistemas de alarme de inc\u00eandio, com controle de sinais, integra\u00e7\u00e3o em rede e visualiza\u00e7\u00e3o de estados do sistema.","og_url":"https:\/\/fullsolutions.info\/en\/product\/driver-de-indicacao-sinoptica-bur-200\/","og_site_name":"Full Solutions","article_modified_time":"2026-04-13T19:17:11+00:00","og_image":[{"width":549,"height":533,"url":"https:\/\/mlhff0prgoxu.i.optimole.com\/cb:s0sM.767\/w:auto\/h:auto\/q:mauto\/f:best\/https:\/\/fullsolutions.info\/wp-content\/uploads\/2026\/02\/BUR-200.png","type":"image\/png"}],"twitter_card":"summary_large_image","twitter_misc":{"Est. reading time":"1 minute"},"schema":{"@context":"https:\/\/schema.org","@graph":[{"@type":"WebPage","@id":"https:\/\/fullsolutions.info\/produto\/driver-de-indicacao-sinoptica-bur-200\/","url":"https:\/\/fullsolutions.info\/produto\/driver-de-indicacao-sinoptica-bur-200\/","name":"Driver de indica\u00e7\u00e3o sin\u00f3ptica BUR-200 - Full Solutions %","isPartOf":{"@id":"https:\/\/fullsolutions.info\/#website"},"primaryImageOfPage":{"@id":"https:\/\/fullsolutions.info\/produto\/driver-de-indicacao-sinoptica-bur-200\/#primaryimage"},"image":{"@id":"https:\/\/fullsolutions.info\/produto\/driver-de-indicacao-sinoptica-bur-200\/#primaryimage"},"thumbnailUrl":"https:\/\/mlhff0prgoxu.i.optimole.com\/cb:s0sM.767\/w:auto\/h:auto\/q:mauto\/f:best\/https:\/\/fullsolutions.info\/wp-content\/uploads\/2026\/02\/BUR-200.png","datePublished":"2026-02-23T19:43:08+00:00","dateModified":"2026-04-13T19:17:11+00:00","description":"Driver de indica\u00e7\u00e3o sin\u00f3ptica BUR-200 para sistemas de alarme de inc\u00eandio, com controle de sinais, integra\u00e7\u00e3o em rede e visualiza\u00e7\u00e3o de estados do sistema.","breadcrumb":{"@id":"https:\/\/fullsolutions.info\/produto\/driver-de-indicacao-sinoptica-bur-200\/#breadcrumb"},"inLanguage":"en-US","potentialAction":[{"@type":"ReadAction","target":["https:\/\/fullsolutions.info\/produto\/driver-de-indicacao-sinoptica-bur-200\/"]}]},{"@type":"ImageObject","inLanguage":"en-US","@id":"https:\/\/fullsolutions.info\/produto\/driver-de-indicacao-sinoptica-bur-200\/#primaryimage","url":"https:\/\/mlhff0prgoxu.i.optimole.com\/cb:s0sM.767\/w:auto\/h:auto\/q:mauto\/f:best\/https:\/\/fullsolutions.info\/wp-content\/uploads\/2026\/02\/BUR-200.png","contentUrl":"https:\/\/mlhff0prgoxu.i.optimole.com\/cb:s0sM.767\/w:auto\/h:auto\/q:mauto\/f:best\/https:\/\/fullsolutions.info\/wp-content\/uploads\/2026\/02\/BUR-200.png","width":549,"height":533},{"@type":"BreadcrumbList","@id":"https:\/\/fullsolutions.info\/produto\/driver-de-indicacao-sinoptica-bur-200\/#breadcrumb","itemListElement":[{"@type":"ListItem","position":1,"name":"In\u00edcio","item":"https:\/\/fullsolutions.info\/"},{"@type":"ListItem","position":2,"name":"Produtos","item":"https:\/\/fullsolutions.info\/shop\/"},{"@type":"ListItem","position":3,"name":"Driver de indica\u00e7\u00e3o sin\u00f3ptica BUR-200"}]},{"@type":"WebSite","@id":"https:\/\/fullsolutions.info\/#website","url":"https:\/\/fullsolutions.info\/","name":"Full Solutions","description":"Empresa na \u00c1rea de Procurement","publisher":{"@id":"https:\/\/fullsolutions.info\/#organization"},"potentialAction":[{"@type":"SearchAction","target":{"@type":"EntryPoint","urlTemplate":"https:\/\/fullsolutions.info\/?s={search_term_string}"},"query-input":{"@type":"PropertyValueSpecification","valueRequired":true,"valueName":"search_term_string"}}],"inLanguage":"en-US"},{"@type":"Organization","@id":"https:\/\/fullsolutions.info\/#organization","name":"Full Solutions","url":"https:\/\/fullsolutions.info\/","logo":{"@type":"ImageObject","inLanguage":"en-US","@id":"https:\/\/fullsolutions.info\/#\/schema\/logo\/image\/","url":"https:\/\/mlhff0prgoxu.i.optimole.com\/cb:s0sM.767\/w:auto\/h:auto\/q:mauto\/f:best\/https:\/\/fullsolutions.info\/wp-content\/uploads\/2021\/07\/cropped-Design-sem-nome-300x193-1-e1627062664782.png","contentUrl":"https:\/\/mlhff0prgoxu.i.optimole.com\/cb:s0sM.767\/w:auto\/h:auto\/q:mauto\/f:best\/https:\/\/fullsolutions.info\/wp-content\/uploads\/2021\/07\/cropped-Design-sem-nome-300x193-1-e1627062664782.png","width":202,"height":155,"caption":"Full Solutions"},"image":{"@id":"https:\/\/fullsolutions.info\/#\/schema\/logo\/image\/"},"sameAs":["https:\/\/www.linkedin.com\/company\/full-solutions-equipment"]}]}},"_links":{"self":[{"href":"https:\/\/fullsolutions.info\/en\/wp-json\/wp\/v2\/product\/6232","targetHints":{"allow":["GET"]}}],"collection":[{"href":"https:\/\/fullsolutions.info\/en\/wp-json\/wp\/v2\/product"}],"about":[{"href":"https:\/\/fullsolutions.info\/en\/wp-json\/wp\/v2\/types\/product"}],"replies":[{"embeddable":true,"href":"https:\/\/fullsolutions.info\/en\/wp-json\/wp\/v2\/comments?post=6232"}],"wp:featuredmedia":[{"embeddable":true,"href":"https:\/\/fullsolutions.info\/en\/wp-json\/wp\/v2\/media\/6233"}],"wp:attachment":[{"href":"https:\/\/fullsolutions.info\/en\/wp-json\/wp\/v2\/media?parent=6232"}],"wp:term":[{"taxonomy":"product_brand","embeddable":true,"href":"https:\/\/fullsolutions.info\/en\/wp-json\/wp\/v2\/product_brand?post=6232"},{"taxonomy":"product_cat","embeddable":true,"href":"https:\/\/fullsolutions.info\/en\/wp-json\/wp\/v2\/product_cat?post=6232"},{"taxonomy":"product_tag","embeddable":true,"href":"https:\/\/fullsolutions.info\/en\/wp-json\/wp\/v2\/product_tag?post=6232"},{"taxonomy":"marca","embeddable":true,"href":"https:\/\/fullsolutions.info\/en\/wp-json\/wp\/v2\/marca?post=6232"}],"curies":[{"name":"wp","href":"https:\/\/api.w.org\/{rel}","templated":true}]}}