{"id":6230,"date":"2026-02-23T16:22:45","date_gmt":"2026-02-23T19:22:45","guid":{"rendered":"https:\/\/fullsolutions.info\/?post_type=product&#038;p=6230"},"modified":"2026-04-13T16:20:40","modified_gmt":"2026-04-13T19:20:40","slug":"armario-de-indicacao-sinoptica-mimic-cabinet-bur-200","status":"publish","type":"product","link":"https:\/\/fullsolutions.info\/en\/product\/armario-de-indicacao-sinoptica-mimic-cabinet-bur-200\/","title":{"rendered":"Arm\u00e1rio de indica\u00e7\u00e3o sin\u00f3ptica (Mimic cabinet) BUR-200"},"content":{"rendered":"<div class=\"ingress\">\n<p data-start=\"200\" data-end=\"370\">Para indica\u00e7\u00e3o adicional de alarmes, o sistema inclui barramento de painel e blocos de termina\u00e7\u00e3o. Al\u00e9m disso, ele oferece 8 entradas e 16 sa\u00eddas para controle de sinais.<\/p>\n<p data-start=\"372\" data-end=\"542\">O Arm\u00e1rio de indica\u00e7\u00e3o sin\u00f3ptica BUR-200 foi projetado especificamente para aplica\u00e7\u00f5es mar\u00edtimas. Ele combina 1 driver de simula\u00e7\u00e3o BUR-200 com 16 rel\u00e9s program\u00e1veis.<\/p>\n<p data-start=\"544\" data-end=\"799\">O sistema funciona como controlador de alarme. Ele aciona at\u00e9 32 LEDs com resistores em s\u00e9rie em um painel de alarme para indica\u00e7\u00e3o adicional de eventos. Al\u00e9m disso, o sistema utiliza 8 entradas monitoradas padr\u00e3o para leitura de diferentes interruptores.<\/p>\n<p data-start=\"801\" data-end=\"980\">O driver de simula\u00e7\u00e3o conecta-se ao barramento RS-485 do painel. Al\u00e9m disso, o sistema garante redund\u00e2ncia de energia por meio de conex\u00e3o em cadeia entre drivers mestre e escravo.<\/p>\n<hr data-start=\"982\" data-end=\"985\" \/>\n<p data-start=\"987\" data-end=\"1019\" data-is-last-node=\"\" data-is-only-node=\"\"><strong data-start=\"987\" data-end=\"1006\">N\u00famero da pe\u00e7a:<\/strong> 116-71211551<\/p>\n<\/div>","protected":false},"excerpt":{"rendered":"<p>Para indica\u00e7\u00e3o adicional de alarmes, o sistema inclui barramento de painel e blocos de termina\u00e7\u00e3o. Al\u00e9m disso, ele oferece 8 entradas e 16 sa\u00eddas para controle de sinais. O Arm\u00e1rio de indica\u00e7\u00e3o sin\u00f3ptica BUR-200 foi projetado especificamente para aplica\u00e7\u00f5es mar\u00edtimas. Ele combina 1 driver de simula\u00e7\u00e3o BUR-200 com 16 rel\u00e9s program\u00e1veis. O sistema funciona como controlador de alarme. Ele aciona at\u00e9 32 LEDs com resistores em s\u00e9rie em um painel de alarme para indica\u00e7\u00e3o adicional de eventos. Al\u00e9m disso, o sistema utiliza 8 entradas monitoradas padr\u00e3o para leitura de diferentes interruptores. O driver de simula\u00e7\u00e3o conecta-se ao barramento RS-485 do painel. Al\u00e9m disso, o sistema garante redund\u00e2ncia de energia por meio de conex\u00e3o em cadeia entre drivers mestre e escravo. N\u00famero da pe\u00e7a: 116-71211551<\/p>","protected":false},"featured_media":6231,"comment_status":"open","ping_status":"closed","template":"","meta":{"_joinchat":[]},"product_brand":[],"product_cat":[116],"product_tag":[],"marca":[91],"class_list":{"0":"post-6230","1":"product","2":"type-product","3":"status-publish","4":"has-post-thumbnail","6":"product_cat-combate-a-incendio","7":"marca-autronica","9":"first","10":"instock","11":"shipping-taxable","12":"product-type-simple"},"yoast_head":"<!-- This site is optimized with the Yoast SEO plugin v27.2 - https:\/\/yoast.com\/product\/yoast-seo-wordpress\/ -->\n<title>Arm\u00e1rio de indica\u00e7\u00e3o sin\u00f3ptica (Mimic cabinet) BUR-200 - Full Solutions<\/title>\n<meta name=\"description\" content=\"BUR-200 para sistemas de alarme de inc\u00eandio, com visualiza\u00e7\u00e3o de estados do sistema, controle de sinais e integra\u00e7\u00e3o via barramento RS-485.\" \/>\n<meta name=\"robots\" content=\"index, follow, max-snippet:-1, max-image-preview:large, max-video-preview:-1\" \/>\n<link rel=\"canonical\" href=\"https:\/\/fullsolutions.info\/en\/product\/armario-de-indicacao-sinoptica-mimic-cabinet-bur-200\/\" \/>\n<meta property=\"og:locale\" content=\"en_US\" \/>\n<meta property=\"og:type\" content=\"article\" \/>\n<meta property=\"og:title\" content=\"Arm\u00e1rio de indica\u00e7\u00e3o sin\u00f3ptica (Mimic cabinet) BUR-200 - Full Solutions\" \/>\n<meta property=\"og:description\" content=\"BUR-200 para sistemas de alarme de inc\u00eandio, com visualiza\u00e7\u00e3o de estados do sistema, controle de sinais e integra\u00e7\u00e3o via barramento RS-485.\" \/>\n<meta property=\"og:url\" content=\"https:\/\/fullsolutions.info\/en\/product\/armario-de-indicacao-sinoptica-mimic-cabinet-bur-200\/\" \/>\n<meta property=\"og:site_name\" content=\"Full Solutions\" \/>\n<meta property=\"article:modified_time\" content=\"2026-04-13T19:20:40+00:00\" \/>\n<meta property=\"og:image\" content=\"https:\/\/mlhff0prgoxu.i.optimole.com\/cb:s0sM.767\/w:auto\/h:auto\/q:mauto\/f:best\/https:\/\/fullsolutions.info\/wp-content\/uploads\/2026\/02\/Mimic-cabinet-BUR-200-for-maritime-installations.png\" \/>\n\t<meta property=\"og:image:width\" content=\"549\" \/>\n\t<meta property=\"og:image:height\" content=\"533\" \/>\n\t<meta property=\"og:image:type\" content=\"image\/png\" \/>\n<meta name=\"twitter:card\" content=\"summary_large_image\" \/>\n<meta name=\"twitter:label1\" content=\"Est. reading time\" \/>\n\t<meta name=\"twitter:data1\" content=\"1 minute\" \/>\n<script type=\"application\/ld+json\" class=\"yoast-schema-graph\">{\"@context\":\"https:\/\/schema.org\",\"@graph\":[{\"@type\":\"WebPage\",\"@id\":\"https:\/\/fullsolutions.info\/produto\/armario-de-indicacao-sinoptica-mimic-cabinet-bur-200\/\",\"url\":\"https:\/\/fullsolutions.info\/produto\/armario-de-indicacao-sinoptica-mimic-cabinet-bur-200\/\",\"name\":\"Arm\u00e1rio de indica\u00e7\u00e3o sin\u00f3ptica (Mimic cabinet) BUR-200 - Full Solutions\",\"isPartOf\":{\"@id\":\"https:\/\/fullsolutions.info\/#website\"},\"primaryImageOfPage\":{\"@id\":\"https:\/\/fullsolutions.info\/produto\/armario-de-indicacao-sinoptica-mimic-cabinet-bur-200\/#primaryimage\"},\"image\":{\"@id\":\"https:\/\/fullsolutions.info\/produto\/armario-de-indicacao-sinoptica-mimic-cabinet-bur-200\/#primaryimage\"},\"thumbnailUrl\":\"https:\/\/mlhff0prgoxu.i.optimole.com\/cb:s0sM.767\/w:auto\/h:auto\/q:mauto\/f:best\/https:\/\/fullsolutions.info\/wp-content\/uploads\/2026\/02\/Mimic-cabinet-BUR-200-for-maritime-installations.png\",\"datePublished\":\"2026-02-23T19:22:45+00:00\",\"dateModified\":\"2026-04-13T19:20:40+00:00\",\"description\":\"BUR-200 para sistemas de alarme de inc\u00eandio, com visualiza\u00e7\u00e3o de estados do sistema, controle de sinais e integra\u00e7\u00e3o via barramento RS-485.\",\"breadcrumb\":{\"@id\":\"https:\/\/fullsolutions.info\/produto\/armario-de-indicacao-sinoptica-mimic-cabinet-bur-200\/#breadcrumb\"},\"inLanguage\":\"en-US\",\"potentialAction\":[{\"@type\":\"ReadAction\",\"target\":[\"https:\/\/fullsolutions.info\/produto\/armario-de-indicacao-sinoptica-mimic-cabinet-bur-200\/\"]}]},{\"@type\":\"ImageObject\",\"inLanguage\":\"en-US\",\"@id\":\"https:\/\/fullsolutions.info\/produto\/armario-de-indicacao-sinoptica-mimic-cabinet-bur-200\/#primaryimage\",\"url\":\"https:\/\/mlhff0prgoxu.i.optimole.com\/cb:s0sM.767\/w:auto\/h:auto\/q:mauto\/f:best\/https:\/\/fullsolutions.info\/wp-content\/uploads\/2026\/02\/Mimic-cabinet-BUR-200-for-maritime-installations.png\",\"contentUrl\":\"https:\/\/mlhff0prgoxu.i.optimole.com\/cb:s0sM.767\/w:auto\/h:auto\/q:mauto\/f:best\/https:\/\/fullsolutions.info\/wp-content\/uploads\/2026\/02\/Mimic-cabinet-BUR-200-for-maritime-installations.png\",\"width\":549,\"height\":533},{\"@type\":\"BreadcrumbList\",\"@id\":\"https:\/\/fullsolutions.info\/produto\/armario-de-indicacao-sinoptica-mimic-cabinet-bur-200\/#breadcrumb\",\"itemListElement\":[{\"@type\":\"ListItem\",\"position\":1,\"name\":\"In\u00edcio\",\"item\":\"https:\/\/fullsolutions.info\/\"},{\"@type\":\"ListItem\",\"position\":2,\"name\":\"Produtos\",\"item\":\"https:\/\/fullsolutions.info\/shop\/\"},{\"@type\":\"ListItem\",\"position\":3,\"name\":\"Arm\u00e1rio de indica\u00e7\u00e3o sin\u00f3ptica (Mimic cabinet) BUR-200\"}]},{\"@type\":\"WebSite\",\"@id\":\"https:\/\/fullsolutions.info\/#website\",\"url\":\"https:\/\/fullsolutions.info\/\",\"name\":\"Full Solutions\",\"description\":\"Empresa na \u00c1rea de Procurement\",\"publisher\":{\"@id\":\"https:\/\/fullsolutions.info\/#organization\"},\"potentialAction\":[{\"@type\":\"SearchAction\",\"target\":{\"@type\":\"EntryPoint\",\"urlTemplate\":\"https:\/\/fullsolutions.info\/?s={search_term_string}\"},\"query-input\":{\"@type\":\"PropertyValueSpecification\",\"valueRequired\":true,\"valueName\":\"search_term_string\"}}],\"inLanguage\":\"en-US\"},{\"@type\":\"Organization\",\"@id\":\"https:\/\/fullsolutions.info\/#organization\",\"name\":\"Full Solutions\",\"url\":\"https:\/\/fullsolutions.info\/\",\"logo\":{\"@type\":\"ImageObject\",\"inLanguage\":\"en-US\",\"@id\":\"https:\/\/fullsolutions.info\/#\/schema\/logo\/image\/\",\"url\":\"https:\/\/mlhff0prgoxu.i.optimole.com\/cb:s0sM.767\/w:auto\/h:auto\/q:mauto\/f:best\/https:\/\/fullsolutions.info\/wp-content\/uploads\/2021\/07\/cropped-Design-sem-nome-300x193-1-e1627062664782.png\",\"contentUrl\":\"https:\/\/mlhff0prgoxu.i.optimole.com\/cb:s0sM.767\/w:auto\/h:auto\/q:mauto\/f:best\/https:\/\/fullsolutions.info\/wp-content\/uploads\/2021\/07\/cropped-Design-sem-nome-300x193-1-e1627062664782.png\",\"width\":202,\"height\":155,\"caption\":\"Full Solutions\"},\"image\":{\"@id\":\"https:\/\/fullsolutions.info\/#\/schema\/logo\/image\/\"},\"sameAs\":[\"https:\/\/www.linkedin.com\/company\/full-solutions-equipment\"]}]}<\/script>\n<!-- \/ Yoast SEO plugin. -->","yoast_head_json":{"title":"Arm\u00e1rio de indica\u00e7\u00e3o sin\u00f3ptica (Mimic cabinet) BUR-200 - Full Solutions","description":"BUR-200 para sistemas de alarme de inc\u00eandio, com visualiza\u00e7\u00e3o de estados do sistema, controle de sinais e integra\u00e7\u00e3o via barramento RS-485.","robots":{"index":"index","follow":"follow","max-snippet":"max-snippet:-1","max-image-preview":"max-image-preview:large","max-video-preview":"max-video-preview:-1"},"canonical":"https:\/\/fullsolutions.info\/en\/product\/armario-de-indicacao-sinoptica-mimic-cabinet-bur-200\/","og_locale":"en_US","og_type":"article","og_title":"Arm\u00e1rio de indica\u00e7\u00e3o sin\u00f3ptica (Mimic cabinet) BUR-200 - Full Solutions","og_description":"BUR-200 para sistemas de alarme de inc\u00eandio, com visualiza\u00e7\u00e3o de estados do sistema, controle de sinais e integra\u00e7\u00e3o via barramento RS-485.","og_url":"https:\/\/fullsolutions.info\/en\/product\/armario-de-indicacao-sinoptica-mimic-cabinet-bur-200\/","og_site_name":"Full Solutions","article_modified_time":"2026-04-13T19:20:40+00:00","og_image":[{"width":549,"height":533,"url":"https:\/\/mlhff0prgoxu.i.optimole.com\/cb:s0sM.767\/w:auto\/h:auto\/q:mauto\/f:best\/https:\/\/fullsolutions.info\/wp-content\/uploads\/2026\/02\/Mimic-cabinet-BUR-200-for-maritime-installations.png","type":"image\/png"}],"twitter_card":"summary_large_image","twitter_misc":{"Est. reading time":"1 minute"},"schema":{"@context":"https:\/\/schema.org","@graph":[{"@type":"WebPage","@id":"https:\/\/fullsolutions.info\/produto\/armario-de-indicacao-sinoptica-mimic-cabinet-bur-200\/","url":"https:\/\/fullsolutions.info\/produto\/armario-de-indicacao-sinoptica-mimic-cabinet-bur-200\/","name":"Arm\u00e1rio de indica\u00e7\u00e3o sin\u00f3ptica (Mimic cabinet) BUR-200 - Full Solutions","isPartOf":{"@id":"https:\/\/fullsolutions.info\/#website"},"primaryImageOfPage":{"@id":"https:\/\/fullsolutions.info\/produto\/armario-de-indicacao-sinoptica-mimic-cabinet-bur-200\/#primaryimage"},"image":{"@id":"https:\/\/fullsolutions.info\/produto\/armario-de-indicacao-sinoptica-mimic-cabinet-bur-200\/#primaryimage"},"thumbnailUrl":"https:\/\/mlhff0prgoxu.i.optimole.com\/cb:s0sM.767\/w:auto\/h:auto\/q:mauto\/f:best\/https:\/\/fullsolutions.info\/wp-content\/uploads\/2026\/02\/Mimic-cabinet-BUR-200-for-maritime-installations.png","datePublished":"2026-02-23T19:22:45+00:00","dateModified":"2026-04-13T19:20:40+00:00","description":"BUR-200 para sistemas de alarme de inc\u00eandio, com visualiza\u00e7\u00e3o de estados do sistema, controle de sinais e integra\u00e7\u00e3o via barramento RS-485.","breadcrumb":{"@id":"https:\/\/fullsolutions.info\/produto\/armario-de-indicacao-sinoptica-mimic-cabinet-bur-200\/#breadcrumb"},"inLanguage":"en-US","potentialAction":[{"@type":"ReadAction","target":["https:\/\/fullsolutions.info\/produto\/armario-de-indicacao-sinoptica-mimic-cabinet-bur-200\/"]}]},{"@type":"ImageObject","inLanguage":"en-US","@id":"https:\/\/fullsolutions.info\/produto\/armario-de-indicacao-sinoptica-mimic-cabinet-bur-200\/#primaryimage","url":"https:\/\/mlhff0prgoxu.i.optimole.com\/cb:s0sM.767\/w:auto\/h:auto\/q:mauto\/f:best\/https:\/\/fullsolutions.info\/wp-content\/uploads\/2026\/02\/Mimic-cabinet-BUR-200-for-maritime-installations.png","contentUrl":"https:\/\/mlhff0prgoxu.i.optimole.com\/cb:s0sM.767\/w:auto\/h:auto\/q:mauto\/f:best\/https:\/\/fullsolutions.info\/wp-content\/uploads\/2026\/02\/Mimic-cabinet-BUR-200-for-maritime-installations.png","width":549,"height":533},{"@type":"BreadcrumbList","@id":"https:\/\/fullsolutions.info\/produto\/armario-de-indicacao-sinoptica-mimic-cabinet-bur-200\/#breadcrumb","itemListElement":[{"@type":"ListItem","position":1,"name":"In\u00edcio","item":"https:\/\/fullsolutions.info\/"},{"@type":"ListItem","position":2,"name":"Produtos","item":"https:\/\/fullsolutions.info\/shop\/"},{"@type":"ListItem","position":3,"name":"Arm\u00e1rio de indica\u00e7\u00e3o sin\u00f3ptica (Mimic cabinet) BUR-200"}]},{"@type":"WebSite","@id":"https:\/\/fullsolutions.info\/#website","url":"https:\/\/fullsolutions.info\/","name":"Full Solutions","description":"Empresa na \u00c1rea de Procurement","publisher":{"@id":"https:\/\/fullsolutions.info\/#organization"},"potentialAction":[{"@type":"SearchAction","target":{"@type":"EntryPoint","urlTemplate":"https:\/\/fullsolutions.info\/?s={search_term_string}"},"query-input":{"@type":"PropertyValueSpecification","valueRequired":true,"valueName":"search_term_string"}}],"inLanguage":"en-US"},{"@type":"Organization","@id":"https:\/\/fullsolutions.info\/#organization","name":"Full Solutions","url":"https:\/\/fullsolutions.info\/","logo":{"@type":"ImageObject","inLanguage":"en-US","@id":"https:\/\/fullsolutions.info\/#\/schema\/logo\/image\/","url":"https:\/\/mlhff0prgoxu.i.optimole.com\/cb:s0sM.767\/w:auto\/h:auto\/q:mauto\/f:best\/https:\/\/fullsolutions.info\/wp-content\/uploads\/2021\/07\/cropped-Design-sem-nome-300x193-1-e1627062664782.png","contentUrl":"https:\/\/mlhff0prgoxu.i.optimole.com\/cb:s0sM.767\/w:auto\/h:auto\/q:mauto\/f:best\/https:\/\/fullsolutions.info\/wp-content\/uploads\/2021\/07\/cropped-Design-sem-nome-300x193-1-e1627062664782.png","width":202,"height":155,"caption":"Full Solutions"},"image":{"@id":"https:\/\/fullsolutions.info\/#\/schema\/logo\/image\/"},"sameAs":["https:\/\/www.linkedin.com\/company\/full-solutions-equipment"]}]}},"_links":{"self":[{"href":"https:\/\/fullsolutions.info\/en\/wp-json\/wp\/v2\/product\/6230","targetHints":{"allow":["GET"]}}],"collection":[{"href":"https:\/\/fullsolutions.info\/en\/wp-json\/wp\/v2\/product"}],"about":[{"href":"https:\/\/fullsolutions.info\/en\/wp-json\/wp\/v2\/types\/product"}],"replies":[{"embeddable":true,"href":"https:\/\/fullsolutions.info\/en\/wp-json\/wp\/v2\/comments?post=6230"}],"wp:featuredmedia":[{"embeddable":true,"href":"https:\/\/fullsolutions.info\/en\/wp-json\/wp\/v2\/media\/6231"}],"wp:attachment":[{"href":"https:\/\/fullsolutions.info\/en\/wp-json\/wp\/v2\/media?parent=6230"}],"wp:term":[{"taxonomy":"product_brand","embeddable":true,"href":"https:\/\/fullsolutions.info\/en\/wp-json\/wp\/v2\/product_brand?post=6230"},{"taxonomy":"product_cat","embeddable":true,"href":"https:\/\/fullsolutions.info\/en\/wp-json\/wp\/v2\/product_cat?post=6230"},{"taxonomy":"product_tag","embeddable":true,"href":"https:\/\/fullsolutions.info\/en\/wp-json\/wp\/v2\/product_tag?post=6230"},{"taxonomy":"marca","embeddable":true,"href":"https:\/\/fullsolutions.info\/en\/wp-json\/wp\/v2\/marca?post=6230"}],"curies":[{"name":"wp","href":"https:\/\/api.w.org\/{rel}","templated":true}]}}