{"id":6228,"date":"2026-02-23T16:19:30","date_gmt":"2026-02-23T19:19:30","guid":{"rendered":"https:\/\/fullsolutions.info\/?post_type=product&#038;p=6228"},"modified":"2026-04-13T16:28:47","modified_gmt":"2026-04-13T19:28:47","slug":"repeater-panel-bs-211","status":"publish","type":"product","link":"https:\/\/fullsolutions.info\/en\/product\/repeater-panel-bs-211\/","title":{"rendered":"Repeater panel BS-211"},"content":{"rendered":"<div class=\"ingress\">\n<p data-start=\"31\" data-end=\"137\">Auxilia os usu\u00e1rios no gerenciamento de alarmes e outros eventos. Al\u00e9m disso, inclui barramento de painel.<\/p>\n<p data-start=\"139\" data-end=\"495\">O painel repetidor BS-211 \u00e9 id\u00eantico (com exce\u00e7\u00e3o do teclado alfanum\u00e9rico) ao painel de opera\u00e7\u00e3o BS-210, que faz parte do painel de controle de alarme de inc\u00eandio BS-200\/BS-200M. Todos os recursos de gerenciamento de alarmes e do sistema s\u00e3o controlados e monitorados a partir do painel. Al\u00e9m disso, o sistema n\u00e3o permite realizar configura\u00e7\u00f5es adicionais.<\/p>\n<p data-start=\"497\" data-end=\"536\">O painel destina-se aos seguintes fins:<\/p>\n<ul data-start=\"538\" data-end=\"630\">\n<li data-section-id=\"tpawpq\" data-start=\"538\" data-end=\"575\">Leitura de informa\u00e7\u00f5es de eventos<\/li>\n<li data-section-id=\"15ni3qh\" data-start=\"576\" data-end=\"600\">Aceita\u00e7\u00e3o de eventos<\/li>\n<li data-section-id=\"12nqsq6\" data-start=\"601\" data-end=\"630\">Leitura de eventos no log<\/li>\n<\/ul>\n<p data-start=\"632\" data-end=\"897\">O painel BS-211 comunica-se com o painel de controle de alarme de inc\u00eandio BS-200, os pain\u00e9is de informa\u00e7\u00e3o BV-210, outros pain\u00e9is repetidores BS-211, os pain\u00e9is de bombeiros BU-210 e os controladores de simula\u00e7\u00e3o BUR-200 por meio de um barramento de painel RS-485.<\/p>\n<p data-start=\"899\" data-end=\"925\" data-is-last-node=\"\" data-is-only-node=\"\">N\u00famero da pe\u00e7a: 116-BS-211<\/p>\n<\/div>","protected":false},"excerpt":{"rendered":"<p>Auxilia os usu\u00e1rios no gerenciamento de alarmes e outros eventos. Al\u00e9m disso, inclui barramento de painel. O painel repetidor BS-211 \u00e9 id\u00eantico (com exce\u00e7\u00e3o do teclado alfanum\u00e9rico) ao painel de opera\u00e7\u00e3o BS-210, que faz parte do painel de controle de alarme de inc\u00eandio BS-200\/BS-200M. Todos os recursos de gerenciamento de alarmes e do sistema s\u00e3o controlados e monitorados a partir do painel. Al\u00e9m disso, o sistema n\u00e3o permite realizar configura\u00e7\u00f5es adicionais. O painel destina-se aos seguintes fins: Leitura de informa\u00e7\u00f5es de eventos Aceita\u00e7\u00e3o de eventos Leitura de eventos no log O painel BS-211 comunica-se com o painel de controle de alarme de inc\u00eandio BS-200, os pain\u00e9is de informa\u00e7\u00e3o BV-210, outros pain\u00e9is repetidores BS-211, os pain\u00e9is de bombeiros BU-210 e os controladores de simula\u00e7\u00e3o BUR-200 por meio de um barramento de painel RS-485. N\u00famero da pe\u00e7a: 116-BS-211<\/p>","protected":false},"featured_media":6229,"comment_status":"open","ping_status":"closed","template":"","meta":{"_joinchat":[]},"product_brand":[],"product_cat":[116],"product_tag":[],"marca":[91],"class_list":{"0":"post-6228","1":"product","2":"type-product","3":"status-publish","4":"has-post-thumbnail","6":"product_cat-combate-a-incendio","7":"marca-autronica","9":"first","10":"instock","11":"shipping-taxable","12":"product-type-simple"},"yoast_head":"<!-- This site is optimized with the Yoast SEO plugin v27.2 - https:\/\/yoast.com\/product\/yoast-seo-wordpress\/ -->\n<title>Repeater panel BS-211 - Full Solutions<\/title>\n<meta name=\"description\" content=\"Painel repetidor BS-211 para sistemas de alarme de inc\u00eandio, com reprodu\u00e7\u00e3o de eventos em tempo real, integra\u00e7\u00e3o em rede em aplica\u00e7\u00f5es industriais e comerciais.\" \/>\n<meta name=\"robots\" content=\"index, follow, max-snippet:-1, max-image-preview:large, max-video-preview:-1\" \/>\n<link rel=\"canonical\" href=\"https:\/\/fullsolutions.info\/en\/product\/repeater-panel-bs-211\/\" \/>\n<meta property=\"og:locale\" content=\"en_US\" \/>\n<meta property=\"og:type\" content=\"article\" \/>\n<meta property=\"og:title\" content=\"Repeater panel BS-211 - Full Solutions\" \/>\n<meta property=\"og:description\" content=\"Painel repetidor BS-211 para sistemas de alarme de inc\u00eandio, com reprodu\u00e7\u00e3o de eventos em tempo real, integra\u00e7\u00e3o em rede em aplica\u00e7\u00f5es industriais e comerciais.\" \/>\n<meta property=\"og:url\" content=\"https:\/\/fullsolutions.info\/en\/product\/repeater-panel-bs-211\/\" \/>\n<meta property=\"og:site_name\" content=\"Full Solutions\" \/>\n<meta property=\"article:modified_time\" content=\"2026-04-13T19:28:47+00:00\" \/>\n<meta property=\"og:image\" content=\"https:\/\/mlhff0prgoxu.i.optimole.com\/cb:s0sM.767\/w:auto\/h:auto\/q:mauto\/f:best\/https:\/\/fullsolutions.info\/wp-content\/uploads\/2026\/02\/Painel-repetidor-BS-211.png\" \/>\n\t<meta property=\"og:image:width\" content=\"549\" \/>\n\t<meta property=\"og:image:height\" content=\"533\" \/>\n\t<meta property=\"og:image:type\" content=\"image\/png\" \/>\n<meta name=\"twitter:card\" content=\"summary_large_image\" \/>\n<meta name=\"twitter:label1\" content=\"Est. reading time\" \/>\n\t<meta name=\"twitter:data1\" content=\"1 minute\" \/>\n<script type=\"application\/ld+json\" class=\"yoast-schema-graph\">{\"@context\":\"https:\/\/schema.org\",\"@graph\":[{\"@type\":\"WebPage\",\"@id\":\"https:\/\/fullsolutions.info\/produto\/repeater-panel-bs-211\/\",\"url\":\"https:\/\/fullsolutions.info\/produto\/repeater-panel-bs-211\/\",\"name\":\"Repeater panel BS-211 - Full Solutions\",\"isPartOf\":{\"@id\":\"https:\/\/fullsolutions.info\/#website\"},\"primaryImageOfPage\":{\"@id\":\"https:\/\/fullsolutions.info\/produto\/repeater-panel-bs-211\/#primaryimage\"},\"image\":{\"@id\":\"https:\/\/fullsolutions.info\/produto\/repeater-panel-bs-211\/#primaryimage\"},\"thumbnailUrl\":\"https:\/\/mlhff0prgoxu.i.optimole.com\/cb:s0sM.767\/w:auto\/h:auto\/q:mauto\/f:best\/https:\/\/fullsolutions.info\/wp-content\/uploads\/2026\/02\/Painel-repetidor-BS-211.png\",\"datePublished\":\"2026-02-23T19:19:30+00:00\",\"dateModified\":\"2026-04-13T19:28:47+00:00\",\"description\":\"Painel repetidor BS-211 para sistemas de alarme de inc\u00eandio, com reprodu\u00e7\u00e3o de eventos em tempo real, integra\u00e7\u00e3o em rede em aplica\u00e7\u00f5es industriais e comerciais.\",\"breadcrumb\":{\"@id\":\"https:\/\/fullsolutions.info\/produto\/repeater-panel-bs-211\/#breadcrumb\"},\"inLanguage\":\"en-US\",\"potentialAction\":[{\"@type\":\"ReadAction\",\"target\":[\"https:\/\/fullsolutions.info\/produto\/repeater-panel-bs-211\/\"]}]},{\"@type\":\"ImageObject\",\"inLanguage\":\"en-US\",\"@id\":\"https:\/\/fullsolutions.info\/produto\/repeater-panel-bs-211\/#primaryimage\",\"url\":\"https:\/\/mlhff0prgoxu.i.optimole.com\/cb:s0sM.767\/w:auto\/h:auto\/q:mauto\/f:best\/https:\/\/fullsolutions.info\/wp-content\/uploads\/2026\/02\/Painel-repetidor-BS-211.png\",\"contentUrl\":\"https:\/\/mlhff0prgoxu.i.optimole.com\/cb:s0sM.767\/w:auto\/h:auto\/q:mauto\/f:best\/https:\/\/fullsolutions.info\/wp-content\/uploads\/2026\/02\/Painel-repetidor-BS-211.png\",\"width\":549,\"height\":533},{\"@type\":\"BreadcrumbList\",\"@id\":\"https:\/\/fullsolutions.info\/produto\/repeater-panel-bs-211\/#breadcrumb\",\"itemListElement\":[{\"@type\":\"ListItem\",\"position\":1,\"name\":\"In\u00edcio\",\"item\":\"https:\/\/fullsolutions.info\/\"},{\"@type\":\"ListItem\",\"position\":2,\"name\":\"Produtos\",\"item\":\"https:\/\/fullsolutions.info\/shop\/\"},{\"@type\":\"ListItem\",\"position\":3,\"name\":\"Repeater panel BS-211\"}]},{\"@type\":\"WebSite\",\"@id\":\"https:\/\/fullsolutions.info\/#website\",\"url\":\"https:\/\/fullsolutions.info\/\",\"name\":\"Full Solutions\",\"description\":\"Empresa na \u00c1rea de Procurement\",\"publisher\":{\"@id\":\"https:\/\/fullsolutions.info\/#organization\"},\"potentialAction\":[{\"@type\":\"SearchAction\",\"target\":{\"@type\":\"EntryPoint\",\"urlTemplate\":\"https:\/\/fullsolutions.info\/?s={search_term_string}\"},\"query-input\":{\"@type\":\"PropertyValueSpecification\",\"valueRequired\":true,\"valueName\":\"search_term_string\"}}],\"inLanguage\":\"en-US\"},{\"@type\":\"Organization\",\"@id\":\"https:\/\/fullsolutions.info\/#organization\",\"name\":\"Full Solutions\",\"url\":\"https:\/\/fullsolutions.info\/\",\"logo\":{\"@type\":\"ImageObject\",\"inLanguage\":\"en-US\",\"@id\":\"https:\/\/fullsolutions.info\/#\/schema\/logo\/image\/\",\"url\":\"https:\/\/mlhff0prgoxu.i.optimole.com\/cb:s0sM.767\/w:auto\/h:auto\/q:mauto\/f:best\/https:\/\/fullsolutions.info\/wp-content\/uploads\/2021\/07\/cropped-Design-sem-nome-300x193-1-e1627062664782.png\",\"contentUrl\":\"https:\/\/mlhff0prgoxu.i.optimole.com\/cb:s0sM.767\/w:auto\/h:auto\/q:mauto\/f:best\/https:\/\/fullsolutions.info\/wp-content\/uploads\/2021\/07\/cropped-Design-sem-nome-300x193-1-e1627062664782.png\",\"width\":202,\"height\":155,\"caption\":\"Full Solutions\"},\"image\":{\"@id\":\"https:\/\/fullsolutions.info\/#\/schema\/logo\/image\/\"},\"sameAs\":[\"https:\/\/www.linkedin.com\/company\/full-solutions-equipment\"]}]}<\/script>\n<!-- \/ Yoast SEO plugin. -->","yoast_head_json":{"title":"Repeater panel BS-211 - Full Solutions","description":"Painel repetidor BS-211 para sistemas de alarme de inc\u00eandio, com reprodu\u00e7\u00e3o de eventos em tempo real, integra\u00e7\u00e3o em rede em aplica\u00e7\u00f5es industriais e comerciais.","robots":{"index":"index","follow":"follow","max-snippet":"max-snippet:-1","max-image-preview":"max-image-preview:large","max-video-preview":"max-video-preview:-1"},"canonical":"https:\/\/fullsolutions.info\/en\/product\/repeater-panel-bs-211\/","og_locale":"en_US","og_type":"article","og_title":"Repeater panel BS-211 - Full Solutions","og_description":"Painel repetidor BS-211 para sistemas de alarme de inc\u00eandio, com reprodu\u00e7\u00e3o de eventos em tempo real, integra\u00e7\u00e3o em rede em aplica\u00e7\u00f5es industriais e comerciais.","og_url":"https:\/\/fullsolutions.info\/en\/product\/repeater-panel-bs-211\/","og_site_name":"Full Solutions","article_modified_time":"2026-04-13T19:28:47+00:00","og_image":[{"width":549,"height":533,"url":"https:\/\/mlhff0prgoxu.i.optimole.com\/cb:s0sM.767\/w:auto\/h:auto\/q:mauto\/f:best\/https:\/\/fullsolutions.info\/wp-content\/uploads\/2026\/02\/Painel-repetidor-BS-211.png","type":"image\/png"}],"twitter_card":"summary_large_image","twitter_misc":{"Est. reading time":"1 minute"},"schema":{"@context":"https:\/\/schema.org","@graph":[{"@type":"WebPage","@id":"https:\/\/fullsolutions.info\/produto\/repeater-panel-bs-211\/","url":"https:\/\/fullsolutions.info\/produto\/repeater-panel-bs-211\/","name":"Repeater panel BS-211 - Full Solutions","isPartOf":{"@id":"https:\/\/fullsolutions.info\/#website"},"primaryImageOfPage":{"@id":"https:\/\/fullsolutions.info\/produto\/repeater-panel-bs-211\/#primaryimage"},"image":{"@id":"https:\/\/fullsolutions.info\/produto\/repeater-panel-bs-211\/#primaryimage"},"thumbnailUrl":"https:\/\/mlhff0prgoxu.i.optimole.com\/cb:s0sM.767\/w:auto\/h:auto\/q:mauto\/f:best\/https:\/\/fullsolutions.info\/wp-content\/uploads\/2026\/02\/Painel-repetidor-BS-211.png","datePublished":"2026-02-23T19:19:30+00:00","dateModified":"2026-04-13T19:28:47+00:00","description":"Painel repetidor BS-211 para sistemas de alarme de inc\u00eandio, com reprodu\u00e7\u00e3o de eventos em tempo real, integra\u00e7\u00e3o em rede em aplica\u00e7\u00f5es industriais e comerciais.","breadcrumb":{"@id":"https:\/\/fullsolutions.info\/produto\/repeater-panel-bs-211\/#breadcrumb"},"inLanguage":"en-US","potentialAction":[{"@type":"ReadAction","target":["https:\/\/fullsolutions.info\/produto\/repeater-panel-bs-211\/"]}]},{"@type":"ImageObject","inLanguage":"en-US","@id":"https:\/\/fullsolutions.info\/produto\/repeater-panel-bs-211\/#primaryimage","url":"https:\/\/mlhff0prgoxu.i.optimole.com\/cb:s0sM.767\/w:auto\/h:auto\/q:mauto\/f:best\/https:\/\/fullsolutions.info\/wp-content\/uploads\/2026\/02\/Painel-repetidor-BS-211.png","contentUrl":"https:\/\/mlhff0prgoxu.i.optimole.com\/cb:s0sM.767\/w:auto\/h:auto\/q:mauto\/f:best\/https:\/\/fullsolutions.info\/wp-content\/uploads\/2026\/02\/Painel-repetidor-BS-211.png","width":549,"height":533},{"@type":"BreadcrumbList","@id":"https:\/\/fullsolutions.info\/produto\/repeater-panel-bs-211\/#breadcrumb","itemListElement":[{"@type":"ListItem","position":1,"name":"In\u00edcio","item":"https:\/\/fullsolutions.info\/"},{"@type":"ListItem","position":2,"name":"Produtos","item":"https:\/\/fullsolutions.info\/shop\/"},{"@type":"ListItem","position":3,"name":"Repeater panel BS-211"}]},{"@type":"WebSite","@id":"https:\/\/fullsolutions.info\/#website","url":"https:\/\/fullsolutions.info\/","name":"Full Solutions","description":"Empresa na \u00c1rea de Procurement","publisher":{"@id":"https:\/\/fullsolutions.info\/#organization"},"potentialAction":[{"@type":"SearchAction","target":{"@type":"EntryPoint","urlTemplate":"https:\/\/fullsolutions.info\/?s={search_term_string}"},"query-input":{"@type":"PropertyValueSpecification","valueRequired":true,"valueName":"search_term_string"}}],"inLanguage":"en-US"},{"@type":"Organization","@id":"https:\/\/fullsolutions.info\/#organization","name":"Full Solutions","url":"https:\/\/fullsolutions.info\/","logo":{"@type":"ImageObject","inLanguage":"en-US","@id":"https:\/\/fullsolutions.info\/#\/schema\/logo\/image\/","url":"https:\/\/mlhff0prgoxu.i.optimole.com\/cb:s0sM.767\/w:auto\/h:auto\/q:mauto\/f:best\/https:\/\/fullsolutions.info\/wp-content\/uploads\/2021\/07\/cropped-Design-sem-nome-300x193-1-e1627062664782.png","contentUrl":"https:\/\/mlhff0prgoxu.i.optimole.com\/cb:s0sM.767\/w:auto\/h:auto\/q:mauto\/f:best\/https:\/\/fullsolutions.info\/wp-content\/uploads\/2021\/07\/cropped-Design-sem-nome-300x193-1-e1627062664782.png","width":202,"height":155,"caption":"Full Solutions"},"image":{"@id":"https:\/\/fullsolutions.info\/#\/schema\/logo\/image\/"},"sameAs":["https:\/\/www.linkedin.com\/company\/full-solutions-equipment"]}]}},"_links":{"self":[{"href":"https:\/\/fullsolutions.info\/en\/wp-json\/wp\/v2\/product\/6228","targetHints":{"allow":["GET"]}}],"collection":[{"href":"https:\/\/fullsolutions.info\/en\/wp-json\/wp\/v2\/product"}],"about":[{"href":"https:\/\/fullsolutions.info\/en\/wp-json\/wp\/v2\/types\/product"}],"replies":[{"embeddable":true,"href":"https:\/\/fullsolutions.info\/en\/wp-json\/wp\/v2\/comments?post=6228"}],"wp:featuredmedia":[{"embeddable":true,"href":"https:\/\/fullsolutions.info\/en\/wp-json\/wp\/v2\/media\/6229"}],"wp:attachment":[{"href":"https:\/\/fullsolutions.info\/en\/wp-json\/wp\/v2\/media?parent=6228"}],"wp:term":[{"taxonomy":"product_brand","embeddable":true,"href":"https:\/\/fullsolutions.info\/en\/wp-json\/wp\/v2\/product_brand?post=6228"},{"taxonomy":"product_cat","embeddable":true,"href":"https:\/\/fullsolutions.info\/en\/wp-json\/wp\/v2\/product_cat?post=6228"},{"taxonomy":"product_tag","embeddable":true,"href":"https:\/\/fullsolutions.info\/en\/wp-json\/wp\/v2\/product_tag?post=6228"},{"taxonomy":"marca","embeddable":true,"href":"https:\/\/fullsolutions.info\/en\/wp-json\/wp\/v2\/marca?post=6228"}],"curies":[{"name":"wp","href":"https:\/\/api.w.org\/{rel}","templated":true}]}}