{"id":6226,"date":"2026-02-23T16:14:05","date_gmt":"2026-02-23T19:14:05","guid":{"rendered":"https:\/\/fullsolutions.info\/?post_type=product&#038;p=6226"},"modified":"2026-04-13T16:31:58","modified_gmt":"2026-04-13T19:31:58","slug":"painel-de-controle-de-alarme-de-incendio-bs-200","status":"publish","type":"product","link":"https:\/\/fullsolutions.info\/en\/product\/painel-de-controle-de-alarme-de-incendio-bs-200\/","title":{"rendered":"Painel de controle de alarme de inc\u00eandio BS-200"},"content":{"rendered":"<div class=\"ingress\">\n<div class=\"flex flex-col text-sm pb-25\">\n<section class=\"text-token-text-primary w-full focus:outline-none [--shadow-height:45px] has-data-writing-block:pointer-events-none has-data-writing-block:-mt-(--shadow-height) has-data-writing-block:pt-(--shadow-height) [&amp;:has([data-writing-block])&gt;*]:pointer-events-auto scroll-mt-[calc(var(--header-height)+min(200px,max(70px,20svh)))]\" dir=\"auto\" data-turn-id=\"request-699ca875-1334-8333-b8aa-68e7e834a0ad-27\" data-testid=\"conversation-turn-198\" data-scroll-anchor=\"true\" data-turn=\"assistant\">\n<div class=\"text-base my-auto mx-auto pb-10 [--thread-content-margin:var(--thread-content-margin-xs,calc(var(--spacing)*4))] @w-sm\/main:[--thread-content-margin:var(--thread-content-margin-sm,calc(var(--spacing)*6))] @w-lg\/main:[--thread-content-margin:var(--thread-content-margin-lg,calc(var(--spacing)*16))] px-(--thread-content-margin)\">\n<div class=\"[--thread-content-max-width:40rem] @w-lg\/main:[--thread-content-max-width:48rem] mx-auto max-w-(--thread-content-max-width) flex-1 group\/turn-messages focus-visible:outline-hidden relative flex w-full min-w-0 flex-col agent-turn\">\n<div class=\"flex max-w-full flex-col gap-4 grow\">\n<div class=\"min-h-8 text-message relative flex w-full flex-col items-end gap-2 text-start break-words whitespace-normal outline-none keyboard-focused:focus-ring [.text-message+&amp;]:mt-1\" dir=\"auto\" tabindex=\"0\" data-message-author-role=\"assistant\" data-message-id=\"dbf776c0-26fd-4b75-8e6d-3c42bd0a83f0\" data-message-model-slug=\"gpt-5-3-mini\" data-turn-start-message=\"true\">\n<div class=\"flex w-full flex-col gap-1 empty:hidden\">\n<div class=\"markdown prose dark:prose-invert w-full wrap-break-word light markdown-new-styling\">\n<section class=\"text-token-text-primary w-full focus:outline-none [--shadow-height:45px] has-data-writing-block:pointer-events-none has-data-writing-block:-mt-(--shadow-height) has-data-writing-block:pt-(--shadow-height) [&amp;:has([data-writing-block])&gt;*]:pointer-events-auto scroll-mt-(--header-height)\" dir=\"auto\" data-turn-id=\"9abc6aad-c4df-45bb-b563-0a30da64215e\" data-testid=\"conversation-turn-199\" data-scroll-anchor=\"false\" data-turn=\"user\"><\/section>\n<section class=\"text-token-text-primary w-full focus:outline-none [--shadow-height:45px] has-data-writing-block:pointer-events-none has-data-writing-block:-mt-(--shadow-height) has-data-writing-block:pt-(--shadow-height) [&amp;:has([data-writing-block])&gt;*]:pointer-events-auto scroll-mt-[calc(var(--header-height)+min(200px,max(70px,20svh)))]\" dir=\"auto\" data-turn-id=\"request-699ca875-1334-8333-b8aa-68e7e834a0ad-28\" data-testid=\"conversation-turn-200\" data-scroll-anchor=\"true\" data-turn=\"assistant\">\n<div class=\"text-base my-auto mx-auto pb-10 [--thread-content-margin:var(--thread-content-margin-xs,calc(var(--spacing)*4))] @w-sm\/main:[--thread-content-margin:var(--thread-content-margin-sm,calc(var(--spacing)*6))] @w-lg\/main:[--thread-content-margin:var(--thread-content-margin-lg,calc(var(--spacing)*16))] px-(--thread-content-margin)\">\n<div class=\"[--thread-content-max-width:40rem] @w-lg\/main:[--thread-content-max-width:48rem] mx-auto max-w-(--thread-content-max-width) flex-1 group\/turn-messages focus-visible:outline-hidden relative flex w-full min-w-0 flex-col agent-turn\">\n<div class=\"flex max-w-full flex-col gap-4 grow\">\n<div class=\"min-h-8 text-message relative flex w-full flex-col items-end gap-2 text-start break-words whitespace-normal outline-none keyboard-focused:focus-ring [.text-message+&amp;]:mt-1\" dir=\"auto\" tabindex=\"0\" data-message-author-role=\"assistant\" data-message-id=\"9d00e9d0-a5a1-4997-9caf-51ccd02ff8eb\" data-message-model-slug=\"gpt-5-3-mini\" data-turn-start-message=\"true\">\n<div class=\"flex w-full flex-col gap-1 empty:hidden\">\n<div class=\"markdown prose dark:prose-invert w-full wrap-break-word light markdown-new-styling\">\n<section class=\"text-token-text-primary w-full focus:outline-none [--shadow-height:45px] has-data-writing-block:pointer-events-none has-data-writing-block:-mt-(--shadow-height) has-data-writing-block:pt-(--shadow-height) [&amp;:has([data-writing-block])&gt;*]:pointer-events-auto scroll-mt-(--header-height)\" dir=\"auto\" data-turn-id=\"8e0e6991-f4a3-4b3d-8645-5a94fc4ff292\" data-testid=\"conversation-turn-201\" data-scroll-anchor=\"false\" data-turn=\"user\"><\/section>\n<section class=\"text-token-text-primary w-full focus:outline-none [--shadow-height:45px] has-data-writing-block:pointer-events-none has-data-writing-block:-mt-(--shadow-height) has-data-writing-block:pt-(--shadow-height) [&amp;:has([data-writing-block])&gt;*]:pointer-events-auto scroll-mt-[calc(var(--header-height)+min(200px,max(70px,20svh)))]\" dir=\"auto\" data-turn-id=\"request-699ca875-1334-8333-b8aa-68e7e834a0ad-29\" data-testid=\"conversation-turn-202\" data-scroll-anchor=\"true\" data-turn=\"assistant\">\n<div class=\"text-base my-auto mx-auto pb-10 [--thread-content-margin:var(--thread-content-margin-xs,calc(var(--spacing)*4))] @w-sm\/main:[--thread-content-margin:var(--thread-content-margin-sm,calc(var(--spacing)*6))] @w-lg\/main:[--thread-content-margin:var(--thread-content-margin-lg,calc(var(--spacing)*16))] px-(--thread-content-margin)\">\n<div class=\"[--thread-content-max-width:40rem] @w-lg\/main:[--thread-content-max-width:48rem] mx-auto max-w-(--thread-content-max-width) flex-1 group\/turn-messages focus-visible:outline-hidden relative flex w-full min-w-0 flex-col agent-turn\">\n<div class=\"flex max-w-full flex-col gap-4 grow\">\n<div class=\"min-h-8 text-message relative flex w-full flex-col items-end gap-2 text-start break-words whitespace-normal outline-none keyboard-focused:focus-ring [.text-message+&amp;]:mt-1\" dir=\"auto\" tabindex=\"0\" data-message-author-role=\"assistant\" data-message-id=\"04f51d0a-b632-4a4c-ab96-99706089ea00\" data-message-model-slug=\"gpt-5-3-mini\" data-turn-start-message=\"true\">\n<div class=\"flex w-full flex-col gap-1 empty:hidden\">\n<div class=\"markdown prose dark:prose-invert w-full wrap-break-word light markdown-new-styling\">\n<p data-start=\"0\" data-end=\"225\">Sistema completo de detec\u00e7\u00e3o de inc\u00eandio com 2 controladores de la\u00e7o, e cada um controla 127 dispositivos. Al\u00e9m disso, o painel de opera\u00e7\u00e3o pode ser montado remotamente e utiliza conex\u00f5es redundantes para sinal e alimenta\u00e7\u00e3o.<\/p>\n<p data-start=\"227\" data-end=\"566\">O painel funciona como um painel independente. Al\u00e9m disso, o sistema permite combinar e conectar at\u00e9 8 pain\u00e9is adicionais ao painel de controle de alarme de inc\u00eandio por meio do barramento RS-485. Esses pain\u00e9is incluem pain\u00e9is repetidores BS-211, pain\u00e9is de informa\u00e7\u00e3o BV-210, pain\u00e9is de bombeiros BU-210 e controladores de alarme BUR-200.<\/p>\n<p data-start=\"568\" data-end=\"682\">Assim, o sistema configura, controla e monitora todas as funcionalidades de alarme diretamente a partir do painel.<\/p>\n<p data-start=\"684\" data-end=\"962\">O painel comporta at\u00e9 dois la\u00e7os de detec\u00e7\u00e3o. Al\u00e9m disso, esses la\u00e7os suportam a maioria dos detectores e diversos tipos de dispositivos de E\/S. Por exemplo, o sistema inclui sa\u00eddas monitoradas, sa\u00eddas de coletor aberto, entradas com isolamento galv\u00e2nico e entradas monitoradas.<\/p>\n<p data-start=\"964\" data-end=\"1179\">Al\u00e9m disso, o painel inclui um m\u00f3dulo de alimenta\u00e7\u00e3o de 5A para carregamento de bateria. Tamb\u00e9m conta com bateria de emerg\u00eancia integrada. Dessa forma, o sistema garante opera\u00e7\u00e3o cont\u00ednua mesmo em falhas de energia.<\/p>\n<p data-start=\"1181\" data-end=\"1325\">O painel opera por menu em um visor de 8 linhas com 40 caracteres por linha. Assim, o usu\u00e1rio navega pelas fun\u00e7\u00f5es de forma simples e eficiente.<\/p>\n<p data-start=\"1327\" data-end=\"1445\" data-is-last-node=\"\" data-is-only-node=\"\">O painel do operador (BS-210), que faz parte do painel BS-200, tamb\u00e9m pode ser montado separadamente fora do gabinete.<\/p>\n<\/div>\n<\/div>\n<\/div>\n<\/div>\n<\/div>\n<\/div>\n<\/section>\n<\/div>\n<\/div>\n<\/div>\n<\/div>\n<\/div>\n<\/div>\n<\/section>\n<\/div>\n<\/div>\n<\/div>\n<\/div>\n<div class=\"z-0 flex min-h-[46px] justify-start\"><\/div>\n<\/div>\n<\/div>\n<\/section>\n<\/div>\n<\/div>\n<div id=\"EditorContentContainer\" class=\"EditorContentContainer\">\n<table width=\"356\">\n<tbody>\n<tr>\n<td width=\"128\"><span dir=\"auto\">116-BS-200<\/span><\/td>\n<td width=\"93\"><span dir=\"auto\">PAINEL DE CONTROLE DE ALARME DE INC\u00caNDIO<\/span><\/td>\n<\/tr>\n<tr>\n<td><span dir=\"auto\">116-BS-200N<\/span><\/td>\n<td><span dir=\"auto\">AUTOPRIME 254 ADR COMPLETO N<\/span><\/td>\n<\/tr>\n<tr>\n<td><span dir=\"auto\">116-BS-200N4<\/span><\/td>\n<td><span dir=\"auto\">AUTOPRIME 508 ADR COMPLETO N<\/span><\/td>\n<\/tr>\n<tr>\n<td><span dir=\"auto\">116-BS-200S<\/span><\/td>\n<td><span dir=\"auto\">PAINEL DE CONTROLE DE ALARME DE INC\u00caNDIO SWED.<\/span><\/td>\n<\/tr>\n<\/tbody>\n<\/table>\n<p>&nbsp;<\/p>\n<\/div>\n<div class=\"product-number\"><span dir=\"auto\">N\u00famero da pe\u00e7a:\u00a0<\/span><span dir=\"auto\">116-BS-200<\/span><\/div>","protected":false},"excerpt":{"rendered":"<p>Sistema completo de detec\u00e7\u00e3o de inc\u00eandio com 2 controladores de la\u00e7o, e cada um controla 127 dispositivos. Al\u00e9m disso, o painel de opera\u00e7\u00e3o pode ser montado remotamente e utiliza conex\u00f5es redundantes para sinal e alimenta\u00e7\u00e3o. O painel funciona como um painel independente. Al\u00e9m disso, o sistema permite combinar e conectar at\u00e9 8 pain\u00e9is adicionais ao painel de controle de alarme de inc\u00eandio por meio do barramento RS-485. Esses pain\u00e9is incluem pain\u00e9is repetidores BS-211, pain\u00e9is de informa\u00e7\u00e3o BV-210, pain\u00e9is de bombeiros BU-210 e controladores de alarme BUR-200. Assim, o sistema configura, controla e monitora todas as funcionalidades de alarme diretamente a partir do painel. O painel comporta at\u00e9 dois la\u00e7os de detec\u00e7\u00e3o. Al\u00e9m disso, esses la\u00e7os suportam a maioria dos detectores e diversos tipos de dispositivos de E\/S. Por exemplo, o sistema inclui sa\u00eddas monitoradas, sa\u00eddas de coletor aberto, entradas com isolamento galv\u00e2nico e entradas monitoradas. Al\u00e9m disso, o painel inclui um m\u00f3dulo de alimenta\u00e7\u00e3o de 5A para carregamento de bateria. Tamb\u00e9m conta com bateria de emerg\u00eancia integrada. Dessa forma, o sistema garante opera\u00e7\u00e3o cont\u00ednua mesmo em falhas de energia. O painel opera por menu em um visor de 8 linhas com 40 caracteres por linha. Assim, o usu\u00e1rio navega pelas fun\u00e7\u00f5es de forma simples e eficiente. O painel do operador (BS-210), que faz parte do painel BS-200, tamb\u00e9m pode ser montado separadamente fora do gabinete. 116-BS-200 PAINEL DE CONTROLE DE ALARME DE INC\u00caNDIO 116-BS-200N AUTOPRIME 254 ADR COMPLETO N 116-BS-200N4 AUTOPRIME 508 ADR COMPLETO N 116-BS-200S PAINEL DE CONTROLE DE ALARME DE INC\u00caNDIO SWED. &nbsp; N\u00famero da pe\u00e7a:\u00a0116-BS-200<\/p>","protected":false},"featured_media":6227,"comment_status":"open","ping_status":"closed","template":"","meta":{"_joinchat":[]},"product_brand":[],"product_cat":[116],"product_tag":[],"marca":[91],"class_list":{"0":"post-6226","1":"product","2":"type-product","3":"status-publish","4":"has-post-thumbnail","6":"product_cat-combate-a-incendio","7":"marca-autronica","9":"first","10":"instock","11":"shipping-taxable","12":"product-type-simple"},"yoast_head":"<!-- This site is optimized with the Yoast SEO plugin v27.2 - https:\/\/yoast.com\/product\/yoast-seo-wordpress\/ -->\n<title>Painel de controle de alarme de inc\u00eandio BS-200 - Full Solutions<\/title>\n<meta name=\"description\" content=\"Painel de controle de alarme de inc\u00eandio BS-200 para monitoramento e gest\u00e3o de sistemas de detec\u00e7\u00e3o, com opera\u00e7\u00e3o, integra\u00e7\u00e3o em rede e alta efici\u00eancia em aplica\u00e7\u00f5es industriais e comerciais.\" \/>\n<meta name=\"robots\" content=\"index, follow, max-snippet:-1, max-image-preview:large, max-video-preview:-1\" \/>\n<link rel=\"canonical\" href=\"https:\/\/fullsolutions.info\/en\/product\/painel-de-controle-de-alarme-de-incendio-bs-200\/\" \/>\n<meta property=\"og:locale\" content=\"en_US\" \/>\n<meta property=\"og:type\" content=\"article\" \/>\n<meta property=\"og:title\" content=\"Painel de controle de alarme de inc\u00eandio BS-200 - Full Solutions\" \/>\n<meta property=\"og:description\" content=\"Painel de controle de alarme de inc\u00eandio BS-200 para monitoramento e gest\u00e3o de sistemas de detec\u00e7\u00e3o, com opera\u00e7\u00e3o, integra\u00e7\u00e3o em rede e alta efici\u00eancia em aplica\u00e7\u00f5es industriais e comerciais.\" \/>\n<meta property=\"og:url\" content=\"https:\/\/fullsolutions.info\/en\/product\/painel-de-controle-de-alarme-de-incendio-bs-200\/\" \/>\n<meta property=\"og:site_name\" content=\"Full Solutions\" \/>\n<meta property=\"article:modified_time\" content=\"2026-04-13T19:31:58+00:00\" \/>\n<meta property=\"og:image\" content=\"https:\/\/mlhff0prgoxu.i.optimole.com\/cb:s0sM.767\/w:auto\/h:auto\/q:mauto\/f:best\/https:\/\/fullsolutions.info\/wp-content\/uploads\/2026\/02\/Fire-alarm-control-panel-BS-200.png\" \/>\n\t<meta property=\"og:image:width\" content=\"549\" \/>\n\t<meta property=\"og:image:height\" content=\"533\" \/>\n\t<meta property=\"og:image:type\" content=\"image\/png\" \/>\n<meta name=\"twitter:card\" content=\"summary_large_image\" \/>\n<meta name=\"twitter:label1\" content=\"Est. reading time\" \/>\n\t<meta name=\"twitter:data1\" content=\"2 minutes\" \/>\n<script type=\"application\/ld+json\" class=\"yoast-schema-graph\">{\"@context\":\"https:\/\/schema.org\",\"@graph\":[{\"@type\":\"WebPage\",\"@id\":\"https:\/\/fullsolutions.info\/produto\/painel-de-controle-de-alarme-de-incendio-bs-200\/\",\"url\":\"https:\/\/fullsolutions.info\/produto\/painel-de-controle-de-alarme-de-incendio-bs-200\/\",\"name\":\"Painel de controle de alarme de inc\u00eandio BS-200 - Full Solutions\",\"isPartOf\":{\"@id\":\"https:\/\/fullsolutions.info\/#website\"},\"primaryImageOfPage\":{\"@id\":\"https:\/\/fullsolutions.info\/produto\/painel-de-controle-de-alarme-de-incendio-bs-200\/#primaryimage\"},\"image\":{\"@id\":\"https:\/\/fullsolutions.info\/produto\/painel-de-controle-de-alarme-de-incendio-bs-200\/#primaryimage\"},\"thumbnailUrl\":\"https:\/\/mlhff0prgoxu.i.optimole.com\/cb:s0sM.767\/w:auto\/h:auto\/q:mauto\/f:best\/https:\/\/fullsolutions.info\/wp-content\/uploads\/2026\/02\/Fire-alarm-control-panel-BS-200.png\",\"datePublished\":\"2026-02-23T19:14:05+00:00\",\"dateModified\":\"2026-04-13T19:31:58+00:00\",\"description\":\"Painel de controle de alarme de inc\u00eandio BS-200 para monitoramento e gest\u00e3o de sistemas de detec\u00e7\u00e3o, com opera\u00e7\u00e3o, integra\u00e7\u00e3o em rede e alta efici\u00eancia em aplica\u00e7\u00f5es industriais e comerciais.\",\"breadcrumb\":{\"@id\":\"https:\/\/fullsolutions.info\/produto\/painel-de-controle-de-alarme-de-incendio-bs-200\/#breadcrumb\"},\"inLanguage\":\"en-US\",\"potentialAction\":[{\"@type\":\"ReadAction\",\"target\":[\"https:\/\/fullsolutions.info\/produto\/painel-de-controle-de-alarme-de-incendio-bs-200\/\"]}]},{\"@type\":\"ImageObject\",\"inLanguage\":\"en-US\",\"@id\":\"https:\/\/fullsolutions.info\/produto\/painel-de-controle-de-alarme-de-incendio-bs-200\/#primaryimage\",\"url\":\"https:\/\/mlhff0prgoxu.i.optimole.com\/cb:s0sM.767\/w:auto\/h:auto\/q:mauto\/f:best\/https:\/\/fullsolutions.info\/wp-content\/uploads\/2026\/02\/Fire-alarm-control-panel-BS-200.png\",\"contentUrl\":\"https:\/\/mlhff0prgoxu.i.optimole.com\/cb:s0sM.767\/w:auto\/h:auto\/q:mauto\/f:best\/https:\/\/fullsolutions.info\/wp-content\/uploads\/2026\/02\/Fire-alarm-control-panel-BS-200.png\",\"width\":549,\"height\":533},{\"@type\":\"BreadcrumbList\",\"@id\":\"https:\/\/fullsolutions.info\/produto\/painel-de-controle-de-alarme-de-incendio-bs-200\/#breadcrumb\",\"itemListElement\":[{\"@type\":\"ListItem\",\"position\":1,\"name\":\"In\u00edcio\",\"item\":\"https:\/\/fullsolutions.info\/\"},{\"@type\":\"ListItem\",\"position\":2,\"name\":\"Produtos\",\"item\":\"https:\/\/fullsolutions.info\/shop\/\"},{\"@type\":\"ListItem\",\"position\":3,\"name\":\"Painel de controle de alarme de inc\u00eandio BS-200\"}]},{\"@type\":\"WebSite\",\"@id\":\"https:\/\/fullsolutions.info\/#website\",\"url\":\"https:\/\/fullsolutions.info\/\",\"name\":\"Full Solutions\",\"description\":\"Empresa na \u00c1rea de Procurement\",\"publisher\":{\"@id\":\"https:\/\/fullsolutions.info\/#organization\"},\"potentialAction\":[{\"@type\":\"SearchAction\",\"target\":{\"@type\":\"EntryPoint\",\"urlTemplate\":\"https:\/\/fullsolutions.info\/?s={search_term_string}\"},\"query-input\":{\"@type\":\"PropertyValueSpecification\",\"valueRequired\":true,\"valueName\":\"search_term_string\"}}],\"inLanguage\":\"en-US\"},{\"@type\":\"Organization\",\"@id\":\"https:\/\/fullsolutions.info\/#organization\",\"name\":\"Full Solutions\",\"url\":\"https:\/\/fullsolutions.info\/\",\"logo\":{\"@type\":\"ImageObject\",\"inLanguage\":\"en-US\",\"@id\":\"https:\/\/fullsolutions.info\/#\/schema\/logo\/image\/\",\"url\":\"https:\/\/mlhff0prgoxu.i.optimole.com\/cb:s0sM.767\/w:auto\/h:auto\/q:mauto\/f:best\/https:\/\/fullsolutions.info\/wp-content\/uploads\/2021\/07\/cropped-Design-sem-nome-300x193-1-e1627062664782.png\",\"contentUrl\":\"https:\/\/mlhff0prgoxu.i.optimole.com\/cb:s0sM.767\/w:auto\/h:auto\/q:mauto\/f:best\/https:\/\/fullsolutions.info\/wp-content\/uploads\/2021\/07\/cropped-Design-sem-nome-300x193-1-e1627062664782.png\",\"width\":202,\"height\":155,\"caption\":\"Full Solutions\"},\"image\":{\"@id\":\"https:\/\/fullsolutions.info\/#\/schema\/logo\/image\/\"},\"sameAs\":[\"https:\/\/www.linkedin.com\/company\/full-solutions-equipment\"]}]}<\/script>\n<!-- \/ Yoast SEO plugin. -->","yoast_head_json":{"title":"Painel de controle de alarme de inc\u00eandio BS-200 - Full Solutions","description":"Painel de controle de alarme de inc\u00eandio BS-200 para monitoramento e gest\u00e3o de sistemas de detec\u00e7\u00e3o, com opera\u00e7\u00e3o, integra\u00e7\u00e3o em rede e alta efici\u00eancia em aplica\u00e7\u00f5es industriais e comerciais.","robots":{"index":"index","follow":"follow","max-snippet":"max-snippet:-1","max-image-preview":"max-image-preview:large","max-video-preview":"max-video-preview:-1"},"canonical":"https:\/\/fullsolutions.info\/en\/product\/painel-de-controle-de-alarme-de-incendio-bs-200\/","og_locale":"en_US","og_type":"article","og_title":"Painel de controle de alarme de inc\u00eandio BS-200 - Full Solutions","og_description":"Painel de controle de alarme de inc\u00eandio BS-200 para monitoramento e gest\u00e3o de sistemas de detec\u00e7\u00e3o, com opera\u00e7\u00e3o, integra\u00e7\u00e3o em rede e alta efici\u00eancia em aplica\u00e7\u00f5es industriais e comerciais.","og_url":"https:\/\/fullsolutions.info\/en\/product\/painel-de-controle-de-alarme-de-incendio-bs-200\/","og_site_name":"Full Solutions","article_modified_time":"2026-04-13T19:31:58+00:00","og_image":[{"width":549,"height":533,"url":"https:\/\/mlhff0prgoxu.i.optimole.com\/cb:s0sM.767\/w:auto\/h:auto\/q:mauto\/f:best\/https:\/\/fullsolutions.info\/wp-content\/uploads\/2026\/02\/Fire-alarm-control-panel-BS-200.png","type":"image\/png"}],"twitter_card":"summary_large_image","twitter_misc":{"Est. reading time":"2 minutes"},"schema":{"@context":"https:\/\/schema.org","@graph":[{"@type":"WebPage","@id":"https:\/\/fullsolutions.info\/produto\/painel-de-controle-de-alarme-de-incendio-bs-200\/","url":"https:\/\/fullsolutions.info\/produto\/painel-de-controle-de-alarme-de-incendio-bs-200\/","name":"Painel de controle de alarme de inc\u00eandio BS-200 - Full Solutions","isPartOf":{"@id":"https:\/\/fullsolutions.info\/#website"},"primaryImageOfPage":{"@id":"https:\/\/fullsolutions.info\/produto\/painel-de-controle-de-alarme-de-incendio-bs-200\/#primaryimage"},"image":{"@id":"https:\/\/fullsolutions.info\/produto\/painel-de-controle-de-alarme-de-incendio-bs-200\/#primaryimage"},"thumbnailUrl":"https:\/\/mlhff0prgoxu.i.optimole.com\/cb:s0sM.767\/w:auto\/h:auto\/q:mauto\/f:best\/https:\/\/fullsolutions.info\/wp-content\/uploads\/2026\/02\/Fire-alarm-control-panel-BS-200.png","datePublished":"2026-02-23T19:14:05+00:00","dateModified":"2026-04-13T19:31:58+00:00","description":"Painel de controle de alarme de inc\u00eandio BS-200 para monitoramento e gest\u00e3o de sistemas de detec\u00e7\u00e3o, com opera\u00e7\u00e3o, integra\u00e7\u00e3o em rede e alta efici\u00eancia em aplica\u00e7\u00f5es industriais e comerciais.","breadcrumb":{"@id":"https:\/\/fullsolutions.info\/produto\/painel-de-controle-de-alarme-de-incendio-bs-200\/#breadcrumb"},"inLanguage":"en-US","potentialAction":[{"@type":"ReadAction","target":["https:\/\/fullsolutions.info\/produto\/painel-de-controle-de-alarme-de-incendio-bs-200\/"]}]},{"@type":"ImageObject","inLanguage":"en-US","@id":"https:\/\/fullsolutions.info\/produto\/painel-de-controle-de-alarme-de-incendio-bs-200\/#primaryimage","url":"https:\/\/mlhff0prgoxu.i.optimole.com\/cb:s0sM.767\/w:auto\/h:auto\/q:mauto\/f:best\/https:\/\/fullsolutions.info\/wp-content\/uploads\/2026\/02\/Fire-alarm-control-panel-BS-200.png","contentUrl":"https:\/\/mlhff0prgoxu.i.optimole.com\/cb:s0sM.767\/w:auto\/h:auto\/q:mauto\/f:best\/https:\/\/fullsolutions.info\/wp-content\/uploads\/2026\/02\/Fire-alarm-control-panel-BS-200.png","width":549,"height":533},{"@type":"BreadcrumbList","@id":"https:\/\/fullsolutions.info\/produto\/painel-de-controle-de-alarme-de-incendio-bs-200\/#breadcrumb","itemListElement":[{"@type":"ListItem","position":1,"name":"In\u00edcio","item":"https:\/\/fullsolutions.info\/"},{"@type":"ListItem","position":2,"name":"Produtos","item":"https:\/\/fullsolutions.info\/shop\/"},{"@type":"ListItem","position":3,"name":"Painel de controle de alarme de inc\u00eandio BS-200"}]},{"@type":"WebSite","@id":"https:\/\/fullsolutions.info\/#website","url":"https:\/\/fullsolutions.info\/","name":"Full Solutions","description":"Empresa na \u00c1rea de Procurement","publisher":{"@id":"https:\/\/fullsolutions.info\/#organization"},"potentialAction":[{"@type":"SearchAction","target":{"@type":"EntryPoint","urlTemplate":"https:\/\/fullsolutions.info\/?s={search_term_string}"},"query-input":{"@type":"PropertyValueSpecification","valueRequired":true,"valueName":"search_term_string"}}],"inLanguage":"en-US"},{"@type":"Organization","@id":"https:\/\/fullsolutions.info\/#organization","name":"Full Solutions","url":"https:\/\/fullsolutions.info\/","logo":{"@type":"ImageObject","inLanguage":"en-US","@id":"https:\/\/fullsolutions.info\/#\/schema\/logo\/image\/","url":"https:\/\/mlhff0prgoxu.i.optimole.com\/cb:s0sM.767\/w:auto\/h:auto\/q:mauto\/f:best\/https:\/\/fullsolutions.info\/wp-content\/uploads\/2021\/07\/cropped-Design-sem-nome-300x193-1-e1627062664782.png","contentUrl":"https:\/\/mlhff0prgoxu.i.optimole.com\/cb:s0sM.767\/w:auto\/h:auto\/q:mauto\/f:best\/https:\/\/fullsolutions.info\/wp-content\/uploads\/2021\/07\/cropped-Design-sem-nome-300x193-1-e1627062664782.png","width":202,"height":155,"caption":"Full Solutions"},"image":{"@id":"https:\/\/fullsolutions.info\/#\/schema\/logo\/image\/"},"sameAs":["https:\/\/www.linkedin.com\/company\/full-solutions-equipment"]}]}},"_links":{"self":[{"href":"https:\/\/fullsolutions.info\/en\/wp-json\/wp\/v2\/product\/6226","targetHints":{"allow":["GET"]}}],"collection":[{"href":"https:\/\/fullsolutions.info\/en\/wp-json\/wp\/v2\/product"}],"about":[{"href":"https:\/\/fullsolutions.info\/en\/wp-json\/wp\/v2\/types\/product"}],"replies":[{"embeddable":true,"href":"https:\/\/fullsolutions.info\/en\/wp-json\/wp\/v2\/comments?post=6226"}],"wp:featuredmedia":[{"embeddable":true,"href":"https:\/\/fullsolutions.info\/en\/wp-json\/wp\/v2\/media\/6227"}],"wp:attachment":[{"href":"https:\/\/fullsolutions.info\/en\/wp-json\/wp\/v2\/media?parent=6226"}],"wp:term":[{"taxonomy":"product_brand","embeddable":true,"href":"https:\/\/fullsolutions.info\/en\/wp-json\/wp\/v2\/product_brand?post=6226"},{"taxonomy":"product_cat","embeddable":true,"href":"https:\/\/fullsolutions.info\/en\/wp-json\/wp\/v2\/product_cat?post=6226"},{"taxonomy":"product_tag","embeddable":true,"href":"https:\/\/fullsolutions.info\/en\/wp-json\/wp\/v2\/product_tag?post=6226"},{"taxonomy":"marca","embeddable":true,"href":"https:\/\/fullsolutions.info\/en\/wp-json\/wp\/v2\/marca?post=6226"}],"curies":[{"name":"wp","href":"https:\/\/api.w.org\/{rel}","templated":true}]}}