{"id":6202,"date":"2026-02-18T16:48:03","date_gmt":"2026-02-18T19:48:03","guid":{"rendered":"https:\/\/fullsolutions.info\/?post_type=product&#038;p=6202"},"modified":"2026-04-14T08:28:15","modified_gmt":"2026-04-14T11:28:15","slug":"proline-promag-e-100-electromagnetic-flowmeter","status":"publish","type":"product","link":"https:\/\/fullsolutions.info\/en\/product\/proline-promag-e-100-electromagnetic-flowmeter\/","title":{"rendered":"Proline Promag E100"},"content":{"rendered":"<p data-start=\"24\" data-end=\"180\">O sensor consagrado para medi\u00e7\u00e3o econ\u00f4mica de l\u00edquidos condutivos, <strong data-start=\"91\" data-end=\"103\">Promag E<\/strong>, atende a diversas aplica\u00e7\u00f5es b\u00e1sicas na ind\u00fastria qu\u00edmica e de processos.<\/p>\n<p data-start=\"182\" data-end=\"445\">Seu transmissor ultracompacto oferece desempenho completo ocupando o menor espa\u00e7o poss\u00edvel e permite integra\u00e7\u00e3o perfeita ao sistema, tornando o <strong data-start=\"326\" data-end=\"342\">Promag E 100<\/strong> a escolha preferida de fabricantes de skids, fabricantes de equipamentos e integradores de sistemas.<\/p>\n<p data-start=\"447\" data-end=\"550\">A <strong data-start=\"449\" data-end=\"473\">Heartbeat Technology<\/strong> garante conformidade normativa e seguran\u00e7a de processo em todos os momentos.<\/p>\n<p data-start=\"552\" data-end=\"665\">O princ\u00edpio de medi\u00e7\u00e3o bidirecional \u00e9 praticamente independente de press\u00e3o, densidade, temperatura e viscosidade.<\/p>\n<p data-start=\"667\" data-end=\"747\">Totalmente adequado para aplica\u00e7\u00f5es b\u00e1sicas na ind\u00fastria qu\u00edmica e de processos.<\/p>\n<p data-start=\"749\" data-end=\"784\"><strong data-start=\"749\" data-end=\"784\">Caracter\u00edsticas do equipamento:<\/strong><\/p>\n<ul data-start=\"786\" data-end=\"967\" data-is-last-node=\"\" data-is-only-node=\"\">\n<li data-section-id=\"15oclb3\" data-start=\"786\" data-end=\"824\">\n<p data-start=\"788\" data-end=\"824\">Di\u00e2metro nominal: at\u00e9 DN 600 (24&#8243;)<\/p>\n<\/li>\n<li data-section-id=\"199r79c\" data-start=\"825\" data-end=\"854\">\n<p data-start=\"827\" data-end=\"854\">Aprova\u00e7\u00f5es Ex para Zona 2<\/p>\n<\/li>\n<li data-section-id=\"w8ctmd\" data-start=\"855\" data-end=\"887\">\n<p data-start=\"857\" data-end=\"887\">Revestimento interno em PTFE<\/p>\n<\/li>\n<li data-section-id=\"19iwrzo\" data-start=\"888\" data-end=\"940\">\n<p data-start=\"890\" data-end=\"940\">Inv\u00f3lucro do transmissor robusto e ultracompacto<\/p>\n<\/li>\n<li data-section-id=\"10dwnky\" data-start=\"941\" data-end=\"967\" data-is-last-node=\"\">\n<p data-start=\"943\" data-end=\"967\" data-is-last-node=\"\">Display local dispon\u00edvel<\/p>\n<\/li>\n<\/ul>","protected":false},"excerpt":{"rendered":"<p>O sensor consagrado para medi\u00e7\u00e3o econ\u00f4mica de l\u00edquidos condutivos, Promag E, atende a diversas aplica\u00e7\u00f5es b\u00e1sicas na ind\u00fastria qu\u00edmica e de processos. Seu transmissor ultracompacto oferece desempenho completo ocupando o menor espa\u00e7o poss\u00edvel e permite integra\u00e7\u00e3o perfeita ao sistema, tornando o Promag E 100 a escolha preferida de fabricantes de skids, fabricantes de equipamentos e integradores de sistemas. A Heartbeat Technology garante conformidade normativa e seguran\u00e7a de processo em todos os momentos. O princ\u00edpio de medi\u00e7\u00e3o bidirecional \u00e9 praticamente independente de press\u00e3o, densidade, temperatura e viscosidade. Totalmente adequado para aplica\u00e7\u00f5es b\u00e1sicas na ind\u00fastria qu\u00edmica e de processos. Caracter\u00edsticas do equipamento: Di\u00e2metro nominal: at\u00e9 DN 600 (24&#8243;) Aprova\u00e7\u00f5es Ex para Zona 2 Revestimento interno em PTFE Inv\u00f3lucro do transmissor robusto e ultracompacto Display local dispon\u00edvel<\/p>","protected":false},"featured_media":6203,"comment_status":"open","ping_status":"closed","template":"","meta":{"_joinchat":[]},"product_brand":[],"product_cat":[181],"product_tag":[],"marca":[147],"class_list":{"0":"post-6202","1":"product","2":"type-product","3":"status-publish","4":"has-post-thumbnail","6":"product_cat-filtros","7":"marca-endresshauser","9":"first","10":"instock","11":"shipping-taxable","12":"product-type-simple"},"yoast_head":"<!-- This site is optimized with the Yoast SEO plugin v27.2 - https:\/\/yoast.com\/product\/yoast-seo-wordpress\/ -->\n<title>Proline Promag E100 - Full Solutions<\/title>\n<meta name=\"description\" content=\"Proline Promag E100 \u00e9 um medidor de vaz\u00e3o eletromagn\u00e9tico para l\u00edquidos condutivos, com alta precis\u00e3o, instala\u00e7\u00e3o compacta e desempenho confi\u00e1vel em aplica\u00e7\u00f5es industriais e de utilidades.\" \/>\n<meta name=\"robots\" content=\"index, follow, max-snippet:-1, max-image-preview:large, max-video-preview:-1\" \/>\n<link rel=\"canonical\" href=\"https:\/\/fullsolutions.info\/en\/product\/proline-promag-e-100-electromagnetic-flowmeter\/\" \/>\n<meta property=\"og:locale\" content=\"en_US\" \/>\n<meta property=\"og:type\" content=\"article\" \/>\n<meta property=\"og:title\" content=\"Proline Promag E100 - Full Solutions\" \/>\n<meta property=\"og:description\" content=\"Proline Promag E100 \u00e9 um medidor de vaz\u00e3o eletromagn\u00e9tico para l\u00edquidos condutivos, com alta precis\u00e3o, instala\u00e7\u00e3o compacta e desempenho confi\u00e1vel em aplica\u00e7\u00f5es industriais e de utilidades.\" \/>\n<meta property=\"og:url\" content=\"https:\/\/fullsolutions.info\/en\/product\/proline-promag-e-100-electromagnetic-flowmeter\/\" \/>\n<meta property=\"og:site_name\" content=\"Full Solutions\" \/>\n<meta property=\"article:modified_time\" content=\"2026-04-14T11:28:15+00:00\" \/>\n<meta property=\"og:image\" content=\"https:\/\/mlhff0prgoxu.i.optimole.com\/cb:s0sM.767\/w:auto\/h:auto\/q:mauto\/f:best\/https:\/\/fullsolutions.info\/wp-content\/uploads\/2026\/02\/Proline-Promag-E-100.png\" \/>\n\t<meta property=\"og:image:width\" content=\"549\" \/>\n\t<meta property=\"og:image:height\" content=\"533\" \/>\n\t<meta property=\"og:image:type\" content=\"image\/png\" \/>\n<meta name=\"twitter:card\" content=\"summary_large_image\" \/>\n<meta name=\"twitter:label1\" content=\"Est. reading time\" \/>\n\t<meta name=\"twitter:data1\" content=\"1 minute\" \/>\n<script type=\"application\/ld+json\" class=\"yoast-schema-graph\">{\"@context\":\"https:\/\/schema.org\",\"@graph\":[{\"@type\":\"WebPage\",\"@id\":\"https:\/\/fullsolutions.info\/produto\/proline-promag-e-100-electromagnetic-flowmeter\/\",\"url\":\"https:\/\/fullsolutions.info\/produto\/proline-promag-e-100-electromagnetic-flowmeter\/\",\"name\":\"Proline Promag E100 - Full Solutions\",\"isPartOf\":{\"@id\":\"https:\/\/fullsolutions.info\/#website\"},\"primaryImageOfPage\":{\"@id\":\"https:\/\/fullsolutions.info\/produto\/proline-promag-e-100-electromagnetic-flowmeter\/#primaryimage\"},\"image\":{\"@id\":\"https:\/\/fullsolutions.info\/produto\/proline-promag-e-100-electromagnetic-flowmeter\/#primaryimage\"},\"thumbnailUrl\":\"https:\/\/mlhff0prgoxu.i.optimole.com\/cb:s0sM.767\/w:auto\/h:auto\/q:mauto\/f:best\/https:\/\/fullsolutions.info\/wp-content\/uploads\/2026\/02\/Proline-Promag-E-100.png\",\"datePublished\":\"2026-02-18T19:48:03+00:00\",\"dateModified\":\"2026-04-14T11:28:15+00:00\",\"description\":\"Proline Promag E100 \u00e9 um medidor de vaz\u00e3o eletromagn\u00e9tico para l\u00edquidos condutivos, com alta precis\u00e3o, instala\u00e7\u00e3o compacta e desempenho confi\u00e1vel em aplica\u00e7\u00f5es industriais e de utilidades.\",\"breadcrumb\":{\"@id\":\"https:\/\/fullsolutions.info\/produto\/proline-promag-e-100-electromagnetic-flowmeter\/#breadcrumb\"},\"inLanguage\":\"en-US\",\"potentialAction\":[{\"@type\":\"ReadAction\",\"target\":[\"https:\/\/fullsolutions.info\/produto\/proline-promag-e-100-electromagnetic-flowmeter\/\"]}]},{\"@type\":\"ImageObject\",\"inLanguage\":\"en-US\",\"@id\":\"https:\/\/fullsolutions.info\/produto\/proline-promag-e-100-electromagnetic-flowmeter\/#primaryimage\",\"url\":\"https:\/\/mlhff0prgoxu.i.optimole.com\/cb:s0sM.767\/w:auto\/h:auto\/q:mauto\/f:best\/https:\/\/fullsolutions.info\/wp-content\/uploads\/2026\/02\/Proline-Promag-E-100.png\",\"contentUrl\":\"https:\/\/mlhff0prgoxu.i.optimole.com\/cb:s0sM.767\/w:auto\/h:auto\/q:mauto\/f:best\/https:\/\/fullsolutions.info\/wp-content\/uploads\/2026\/02\/Proline-Promag-E-100.png\",\"width\":549,\"height\":533},{\"@type\":\"BreadcrumbList\",\"@id\":\"https:\/\/fullsolutions.info\/produto\/proline-promag-e-100-electromagnetic-flowmeter\/#breadcrumb\",\"itemListElement\":[{\"@type\":\"ListItem\",\"position\":1,\"name\":\"In\u00edcio\",\"item\":\"https:\/\/fullsolutions.info\/\"},{\"@type\":\"ListItem\",\"position\":2,\"name\":\"Produtos\",\"item\":\"https:\/\/fullsolutions.info\/shop\/\"},{\"@type\":\"ListItem\",\"position\":3,\"name\":\"Proline Promag E100\"}]},{\"@type\":\"WebSite\",\"@id\":\"https:\/\/fullsolutions.info\/#website\",\"url\":\"https:\/\/fullsolutions.info\/\",\"name\":\"Full Solutions\",\"description\":\"Empresa na \u00c1rea de Procurement\",\"publisher\":{\"@id\":\"https:\/\/fullsolutions.info\/#organization\"},\"potentialAction\":[{\"@type\":\"SearchAction\",\"target\":{\"@type\":\"EntryPoint\",\"urlTemplate\":\"https:\/\/fullsolutions.info\/?s={search_term_string}\"},\"query-input\":{\"@type\":\"PropertyValueSpecification\",\"valueRequired\":true,\"valueName\":\"search_term_string\"}}],\"inLanguage\":\"en-US\"},{\"@type\":\"Organization\",\"@id\":\"https:\/\/fullsolutions.info\/#organization\",\"name\":\"Full Solutions\",\"url\":\"https:\/\/fullsolutions.info\/\",\"logo\":{\"@type\":\"ImageObject\",\"inLanguage\":\"en-US\",\"@id\":\"https:\/\/fullsolutions.info\/#\/schema\/logo\/image\/\",\"url\":\"https:\/\/mlhff0prgoxu.i.optimole.com\/cb:s0sM.767\/w:auto\/h:auto\/q:mauto\/f:best\/https:\/\/fullsolutions.info\/wp-content\/uploads\/2021\/07\/cropped-Design-sem-nome-300x193-1-e1627062664782.png\",\"contentUrl\":\"https:\/\/mlhff0prgoxu.i.optimole.com\/cb:s0sM.767\/w:auto\/h:auto\/q:mauto\/f:best\/https:\/\/fullsolutions.info\/wp-content\/uploads\/2021\/07\/cropped-Design-sem-nome-300x193-1-e1627062664782.png\",\"width\":202,\"height\":155,\"caption\":\"Full Solutions\"},\"image\":{\"@id\":\"https:\/\/fullsolutions.info\/#\/schema\/logo\/image\/\"},\"sameAs\":[\"https:\/\/www.linkedin.com\/company\/full-solutions-equipment\"]}]}<\/script>\n<!-- \/ Yoast SEO plugin. -->","yoast_head_json":{"title":"Proline Promag E100 - Full Solutions","description":"Proline Promag E100 \u00e9 um medidor de vaz\u00e3o eletromagn\u00e9tico para l\u00edquidos condutivos, com alta precis\u00e3o, instala\u00e7\u00e3o compacta e desempenho confi\u00e1vel em aplica\u00e7\u00f5es industriais e de utilidades.","robots":{"index":"index","follow":"follow","max-snippet":"max-snippet:-1","max-image-preview":"max-image-preview:large","max-video-preview":"max-video-preview:-1"},"canonical":"https:\/\/fullsolutions.info\/en\/product\/proline-promag-e-100-electromagnetic-flowmeter\/","og_locale":"en_US","og_type":"article","og_title":"Proline Promag E100 - Full Solutions","og_description":"Proline Promag E100 \u00e9 um medidor de vaz\u00e3o eletromagn\u00e9tico para l\u00edquidos condutivos, com alta precis\u00e3o, instala\u00e7\u00e3o compacta e desempenho confi\u00e1vel em aplica\u00e7\u00f5es industriais e de utilidades.","og_url":"https:\/\/fullsolutions.info\/en\/product\/proline-promag-e-100-electromagnetic-flowmeter\/","og_site_name":"Full Solutions","article_modified_time":"2026-04-14T11:28:15+00:00","og_image":[{"width":549,"height":533,"url":"https:\/\/mlhff0prgoxu.i.optimole.com\/cb:s0sM.767\/w:auto\/h:auto\/q:mauto\/f:best\/https:\/\/fullsolutions.info\/wp-content\/uploads\/2026\/02\/Proline-Promag-E-100.png","type":"image\/png"}],"twitter_card":"summary_large_image","twitter_misc":{"Est. reading time":"1 minute"},"schema":{"@context":"https:\/\/schema.org","@graph":[{"@type":"WebPage","@id":"https:\/\/fullsolutions.info\/produto\/proline-promag-e-100-electromagnetic-flowmeter\/","url":"https:\/\/fullsolutions.info\/produto\/proline-promag-e-100-electromagnetic-flowmeter\/","name":"Proline Promag E100 - Full Solutions","isPartOf":{"@id":"https:\/\/fullsolutions.info\/#website"},"primaryImageOfPage":{"@id":"https:\/\/fullsolutions.info\/produto\/proline-promag-e-100-electromagnetic-flowmeter\/#primaryimage"},"image":{"@id":"https:\/\/fullsolutions.info\/produto\/proline-promag-e-100-electromagnetic-flowmeter\/#primaryimage"},"thumbnailUrl":"https:\/\/mlhff0prgoxu.i.optimole.com\/cb:s0sM.767\/w:auto\/h:auto\/q:mauto\/f:best\/https:\/\/fullsolutions.info\/wp-content\/uploads\/2026\/02\/Proline-Promag-E-100.png","datePublished":"2026-02-18T19:48:03+00:00","dateModified":"2026-04-14T11:28:15+00:00","description":"Proline Promag E100 \u00e9 um medidor de vaz\u00e3o eletromagn\u00e9tico para l\u00edquidos condutivos, com alta precis\u00e3o, instala\u00e7\u00e3o compacta e desempenho confi\u00e1vel em aplica\u00e7\u00f5es industriais e de utilidades.","breadcrumb":{"@id":"https:\/\/fullsolutions.info\/produto\/proline-promag-e-100-electromagnetic-flowmeter\/#breadcrumb"},"inLanguage":"en-US","potentialAction":[{"@type":"ReadAction","target":["https:\/\/fullsolutions.info\/produto\/proline-promag-e-100-electromagnetic-flowmeter\/"]}]},{"@type":"ImageObject","inLanguage":"en-US","@id":"https:\/\/fullsolutions.info\/produto\/proline-promag-e-100-electromagnetic-flowmeter\/#primaryimage","url":"https:\/\/mlhff0prgoxu.i.optimole.com\/cb:s0sM.767\/w:auto\/h:auto\/q:mauto\/f:best\/https:\/\/fullsolutions.info\/wp-content\/uploads\/2026\/02\/Proline-Promag-E-100.png","contentUrl":"https:\/\/mlhff0prgoxu.i.optimole.com\/cb:s0sM.767\/w:auto\/h:auto\/q:mauto\/f:best\/https:\/\/fullsolutions.info\/wp-content\/uploads\/2026\/02\/Proline-Promag-E-100.png","width":549,"height":533},{"@type":"BreadcrumbList","@id":"https:\/\/fullsolutions.info\/produto\/proline-promag-e-100-electromagnetic-flowmeter\/#breadcrumb","itemListElement":[{"@type":"ListItem","position":1,"name":"In\u00edcio","item":"https:\/\/fullsolutions.info\/"},{"@type":"ListItem","position":2,"name":"Produtos","item":"https:\/\/fullsolutions.info\/shop\/"},{"@type":"ListItem","position":3,"name":"Proline Promag E100"}]},{"@type":"WebSite","@id":"https:\/\/fullsolutions.info\/#website","url":"https:\/\/fullsolutions.info\/","name":"Full Solutions","description":"Empresa na \u00c1rea de Procurement","publisher":{"@id":"https:\/\/fullsolutions.info\/#organization"},"potentialAction":[{"@type":"SearchAction","target":{"@type":"EntryPoint","urlTemplate":"https:\/\/fullsolutions.info\/?s={search_term_string}"},"query-input":{"@type":"PropertyValueSpecification","valueRequired":true,"valueName":"search_term_string"}}],"inLanguage":"en-US"},{"@type":"Organization","@id":"https:\/\/fullsolutions.info\/#organization","name":"Full Solutions","url":"https:\/\/fullsolutions.info\/","logo":{"@type":"ImageObject","inLanguage":"en-US","@id":"https:\/\/fullsolutions.info\/#\/schema\/logo\/image\/","url":"https:\/\/mlhff0prgoxu.i.optimole.com\/cb:s0sM.767\/w:auto\/h:auto\/q:mauto\/f:best\/https:\/\/fullsolutions.info\/wp-content\/uploads\/2021\/07\/cropped-Design-sem-nome-300x193-1-e1627062664782.png","contentUrl":"https:\/\/mlhff0prgoxu.i.optimole.com\/cb:s0sM.767\/w:auto\/h:auto\/q:mauto\/f:best\/https:\/\/fullsolutions.info\/wp-content\/uploads\/2021\/07\/cropped-Design-sem-nome-300x193-1-e1627062664782.png","width":202,"height":155,"caption":"Full Solutions"},"image":{"@id":"https:\/\/fullsolutions.info\/#\/schema\/logo\/image\/"},"sameAs":["https:\/\/www.linkedin.com\/company\/full-solutions-equipment"]}]}},"_links":{"self":[{"href":"https:\/\/fullsolutions.info\/en\/wp-json\/wp\/v2\/product\/6202","targetHints":{"allow":["GET"]}}],"collection":[{"href":"https:\/\/fullsolutions.info\/en\/wp-json\/wp\/v2\/product"}],"about":[{"href":"https:\/\/fullsolutions.info\/en\/wp-json\/wp\/v2\/types\/product"}],"replies":[{"embeddable":true,"href":"https:\/\/fullsolutions.info\/en\/wp-json\/wp\/v2\/comments?post=6202"}],"wp:featuredmedia":[{"embeddable":true,"href":"https:\/\/fullsolutions.info\/en\/wp-json\/wp\/v2\/media\/6203"}],"wp:attachment":[{"href":"https:\/\/fullsolutions.info\/en\/wp-json\/wp\/v2\/media?parent=6202"}],"wp:term":[{"taxonomy":"product_brand","embeddable":true,"href":"https:\/\/fullsolutions.info\/en\/wp-json\/wp\/v2\/product_brand?post=6202"},{"taxonomy":"product_cat","embeddable":true,"href":"https:\/\/fullsolutions.info\/en\/wp-json\/wp\/v2\/product_cat?post=6202"},{"taxonomy":"product_tag","embeddable":true,"href":"https:\/\/fullsolutions.info\/en\/wp-json\/wp\/v2\/product_tag?post=6202"},{"taxonomy":"marca","embeddable":true,"href":"https:\/\/fullsolutions.info\/en\/wp-json\/wp\/v2\/marca?post=6202"}],"curies":[{"name":"wp","href":"https:\/\/api.w.org\/{rel}","templated":true}]}}