{"id":6200,"date":"2026-02-18T16:42:55","date_gmt":"2026-02-18T19:42:55","guid":{"rendered":"https:\/\/fullsolutions.info\/?post_type=product&#038;p=6200"},"modified":"2026-04-14T08:30:01","modified_gmt":"2026-04-14T11:30:01","slug":"proline-promag-w-400","status":"publish","type":"product","link":"https:\/\/fullsolutions.info\/en\/product\/proline-promag-w-400\/","title":{"rendered":"Proline Promag W 400"},"content":{"rendered":"<p data-start=\"0\" data-end=\"219\">Com suas aprova\u00e7\u00f5es internacionais para <strong data-start=\"40\" data-end=\"69\">transfer\u00eancia de cust\u00f3dia<\/strong> e tamb\u00e9m para <strong data-start=\"84\" data-end=\"100\">\u00e1gua pot\u00e1vel<\/strong>, o <strong data-start=\"104\" data-end=\"116\">Promag W<\/strong> atende \u00e0 mais ampla variedade de aplica\u00e7\u00f5es. Est\u00e1 dispon\u00edvel nas vers\u00f5es <strong data-start=\"190\" data-end=\"202\">compacta<\/strong> ou <strong data-start=\"206\" data-end=\"216\">remota<\/strong>.<\/p>\n<p data-start=\"221\" data-end=\"486\">O <strong data-start=\"223\" data-end=\"239\">Promag W 400<\/strong> reduz tempo e custos gra\u00e7as \u00e0 ampla funcionalidade de seu transmissor, otimizado para aplica\u00e7\u00f5es em <strong data-start=\"340\" data-end=\"370\">\u00c1gua, Efluentes e Res\u00edduos<\/strong>. Al\u00e9m disso, a <strong data-start=\"386\" data-end=\"410\">Heartbeat Technology<\/strong> garante confiabilidade na medi\u00e7\u00e3o e verifica\u00e7\u00e3o em conformidade com normas.<\/p>\n<p data-start=\"488\" data-end=\"601\">O princ\u00edpio de medi\u00e7\u00e3o bidirecional \u00e9 praticamente independente de press\u00e3o, densidade, temperatura e viscosidade.<\/p>\n<p data-start=\"603\" data-end=\"640\"><strong data-start=\"603\" data-end=\"633\">Ideal para medi\u00e7\u00e3o de \u00e1gua<\/strong>, como:<\/p>\n<ul data-start=\"641\" data-end=\"718\">\n<li data-section-id=\"1086re7\" data-start=\"641\" data-end=\"657\">\n<p data-start=\"643\" data-end=\"657\">\u00c1gua pot\u00e1vel<\/p>\n<\/li>\n<li data-section-id=\"f00hyq\" data-start=\"658\" data-end=\"679\">\n<p data-start=\"660\" data-end=\"679\">\u00c1gua de utilidade<\/p>\n<\/li>\n<li data-section-id=\"mlgkfl\" data-start=\"680\" data-end=\"718\">\n<p data-start=\"682\" data-end=\"718\">Efluentes industriais e municipais<\/p>\n<\/li>\n<\/ul>\n<p data-start=\"720\" data-end=\"755\"><strong data-start=\"720\" data-end=\"755\">Caracter\u00edsticas do equipamento:<\/strong><\/p>\n<ul data-start=\"756\" data-end=\"1065\" data-is-last-node=\"\" data-is-only-node=\"\">\n<li data-section-id=\"i8vvwp\" data-start=\"756\" data-end=\"803\">\n<p data-start=\"758\" data-end=\"803\">Aprova\u00e7\u00f5es internacionais para \u00e1gua pot\u00e1vel<\/p>\n<\/li>\n<li data-section-id=\"146tbrc\" data-start=\"804\" data-end=\"849\">\n<p data-start=\"806\" data-end=\"849\">Grau de prote\u00e7\u00e3o IP68 (inv\u00f3lucro Tipo 6P)<\/p>\n<\/li>\n<li data-section-id=\"7ey6un\" data-start=\"850\" data-end=\"920\">\n<p data-start=\"852\" data-end=\"920\">Aprovado para transfer\u00eancia de cust\u00f3dia conforme MI-001 \/ OIML R49<\/p>\n<\/li>\n<li data-section-id=\"ce5he1\" data-start=\"921\" data-end=\"986\">\n<p data-start=\"923\" data-end=\"986\">Inv\u00f3lucro do transmissor em policarbonato dur\u00e1vel ou alum\u00ednio<\/p>\n<\/li>\n<li data-section-id=\"yisjqi\" data-start=\"987\" data-end=\"1006\">\n<p data-start=\"989\" data-end=\"1006\">Acesso via WLAN<\/p>\n<\/li>\n<li data-section-id=\"io52fu\" data-start=\"1007\" data-end=\"1065\" data-is-last-node=\"\">\n<p data-start=\"1009\" data-end=\"1065\" data-is-last-node=\"\">Data logger integrado: monitoramento dos valores medidos<\/p>\n<\/li>\n<\/ul>","protected":false},"excerpt":{"rendered":"<p>Com suas aprova\u00e7\u00f5es internacionais para transfer\u00eancia de cust\u00f3dia e tamb\u00e9m para \u00e1gua pot\u00e1vel, o Promag W atende \u00e0 mais ampla variedade de aplica\u00e7\u00f5es. Est\u00e1 dispon\u00edvel nas vers\u00f5es compacta ou remota. O Promag W 400 reduz tempo e custos gra\u00e7as \u00e0 ampla funcionalidade de seu transmissor, otimizado para aplica\u00e7\u00f5es em \u00c1gua, Efluentes e Res\u00edduos. Al\u00e9m disso, a Heartbeat Technology garante confiabilidade na medi\u00e7\u00e3o e verifica\u00e7\u00e3o em conformidade com normas. O princ\u00edpio de medi\u00e7\u00e3o bidirecional \u00e9 praticamente independente de press\u00e3o, densidade, temperatura e viscosidade. Ideal para medi\u00e7\u00e3o de \u00e1gua, como: \u00c1gua pot\u00e1vel \u00c1gua de utilidade Efluentes industriais e municipais Caracter\u00edsticas do equipamento: Aprova\u00e7\u00f5es internacionais para \u00e1gua pot\u00e1vel Grau de prote\u00e7\u00e3o IP68 (inv\u00f3lucro Tipo 6P) Aprovado para transfer\u00eancia de cust\u00f3dia conforme MI-001 \/ OIML R49 Inv\u00f3lucro do transmissor em policarbonato dur\u00e1vel ou alum\u00ednio Acesso via WLAN Data logger integrado: monitoramento dos valores medidos<\/p>","protected":false},"featured_media":6201,"comment_status":"open","ping_status":"closed","template":"","meta":{"_joinchat":[]},"product_brand":[],"product_cat":[175],"product_tag":[],"marca":[147],"class_list":{"0":"post-6200","1":"product","2":"type-product","3":"status-publish","4":"has-post-thumbnail","6":"product_cat-medicao","7":"marca-endresshauser","9":"first","10":"instock","11":"shipping-taxable","12":"product-type-simple"},"yoast_head":"<!-- This site is optimized with the Yoast SEO plugin v27.2 - https:\/\/yoast.com\/product\/yoast-seo-wordpress\/ -->\n<title>Proline Promag W 400 - Full Solutions<\/title>\n<meta name=\"description\" content=\"Proline Promag W 400 \u00e9 um medidor de vaz\u00e3o eletromagn\u00e9tico para \u00e1gua e efluentes, com alta precis\u00e3o, diagn\u00f3stico e desempenho em aplica\u00e7\u00f5es.\" \/>\n<meta name=\"robots\" content=\"index, follow, max-snippet:-1, max-image-preview:large, max-video-preview:-1\" \/>\n<link rel=\"canonical\" href=\"https:\/\/fullsolutions.info\/en\/product\/proline-promag-w-400\/\" \/>\n<meta property=\"og:locale\" content=\"en_US\" \/>\n<meta property=\"og:type\" content=\"article\" \/>\n<meta property=\"og:title\" content=\"Proline Promag W 400 - Full Solutions\" \/>\n<meta property=\"og:description\" content=\"Proline Promag W 400 \u00e9 um medidor de vaz\u00e3o eletromagn\u00e9tico para \u00e1gua e efluentes, com alta precis\u00e3o, diagn\u00f3stico e desempenho em aplica\u00e7\u00f5es.\" \/>\n<meta property=\"og:url\" content=\"https:\/\/fullsolutions.info\/en\/product\/proline-promag-w-400\/\" \/>\n<meta property=\"og:site_name\" content=\"Full Solutions\" \/>\n<meta property=\"article:modified_time\" content=\"2026-04-14T11:30:01+00:00\" \/>\n<meta property=\"og:image\" content=\"https:\/\/mlhff0prgoxu.i.optimole.com\/cb:s0sM.767\/w:auto\/h:auto\/q:mauto\/f:best\/https:\/\/fullsolutions.info\/wp-content\/uploads\/2026\/02\/Proline-Promag-W-400.png\" \/>\n\t<meta property=\"og:image:width\" content=\"549\" \/>\n\t<meta property=\"og:image:height\" content=\"533\" \/>\n\t<meta property=\"og:image:type\" content=\"image\/png\" \/>\n<meta name=\"twitter:card\" content=\"summary_large_image\" \/>\n<meta name=\"twitter:label1\" content=\"Est. reading time\" \/>\n\t<meta name=\"twitter:data1\" content=\"1 minute\" \/>\n<script type=\"application\/ld+json\" class=\"yoast-schema-graph\">{\"@context\":\"https:\/\/schema.org\",\"@graph\":[{\"@type\":\"WebPage\",\"@id\":\"https:\/\/fullsolutions.info\/produto\/proline-promag-w-400\/\",\"url\":\"https:\/\/fullsolutions.info\/produto\/proline-promag-w-400\/\",\"name\":\"Proline Promag W 400 - Full Solutions\",\"isPartOf\":{\"@id\":\"https:\/\/fullsolutions.info\/#website\"},\"primaryImageOfPage\":{\"@id\":\"https:\/\/fullsolutions.info\/produto\/proline-promag-w-400\/#primaryimage\"},\"image\":{\"@id\":\"https:\/\/fullsolutions.info\/produto\/proline-promag-w-400\/#primaryimage\"},\"thumbnailUrl\":\"https:\/\/mlhff0prgoxu.i.optimole.com\/cb:s0sM.767\/w:auto\/h:auto\/q:mauto\/f:best\/https:\/\/fullsolutions.info\/wp-content\/uploads\/2026\/02\/Proline-Promag-W-400.png\",\"datePublished\":\"2026-02-18T19:42:55+00:00\",\"dateModified\":\"2026-04-14T11:30:01+00:00\",\"description\":\"Proline Promag W 400 \u00e9 um medidor de vaz\u00e3o eletromagn\u00e9tico para \u00e1gua e efluentes, com alta precis\u00e3o, diagn\u00f3stico e desempenho em aplica\u00e7\u00f5es.\",\"breadcrumb\":{\"@id\":\"https:\/\/fullsolutions.info\/produto\/proline-promag-w-400\/#breadcrumb\"},\"inLanguage\":\"en-US\",\"potentialAction\":[{\"@type\":\"ReadAction\",\"target\":[\"https:\/\/fullsolutions.info\/produto\/proline-promag-w-400\/\"]}]},{\"@type\":\"ImageObject\",\"inLanguage\":\"en-US\",\"@id\":\"https:\/\/fullsolutions.info\/produto\/proline-promag-w-400\/#primaryimage\",\"url\":\"https:\/\/mlhff0prgoxu.i.optimole.com\/cb:s0sM.767\/w:auto\/h:auto\/q:mauto\/f:best\/https:\/\/fullsolutions.info\/wp-content\/uploads\/2026\/02\/Proline-Promag-W-400.png\",\"contentUrl\":\"https:\/\/mlhff0prgoxu.i.optimole.com\/cb:s0sM.767\/w:auto\/h:auto\/q:mauto\/f:best\/https:\/\/fullsolutions.info\/wp-content\/uploads\/2026\/02\/Proline-Promag-W-400.png\",\"width\":549,\"height\":533},{\"@type\":\"BreadcrumbList\",\"@id\":\"https:\/\/fullsolutions.info\/produto\/proline-promag-w-400\/#breadcrumb\",\"itemListElement\":[{\"@type\":\"ListItem\",\"position\":1,\"name\":\"In\u00edcio\",\"item\":\"https:\/\/fullsolutions.info\/\"},{\"@type\":\"ListItem\",\"position\":2,\"name\":\"Produtos\",\"item\":\"https:\/\/fullsolutions.info\/shop\/\"},{\"@type\":\"ListItem\",\"position\":3,\"name\":\"Proline Promag W 400\"}]},{\"@type\":\"WebSite\",\"@id\":\"https:\/\/fullsolutions.info\/#website\",\"url\":\"https:\/\/fullsolutions.info\/\",\"name\":\"Full Solutions\",\"description\":\"Empresa na \u00c1rea de Procurement\",\"publisher\":{\"@id\":\"https:\/\/fullsolutions.info\/#organization\"},\"potentialAction\":[{\"@type\":\"SearchAction\",\"target\":{\"@type\":\"EntryPoint\",\"urlTemplate\":\"https:\/\/fullsolutions.info\/?s={search_term_string}\"},\"query-input\":{\"@type\":\"PropertyValueSpecification\",\"valueRequired\":true,\"valueName\":\"search_term_string\"}}],\"inLanguage\":\"en-US\"},{\"@type\":\"Organization\",\"@id\":\"https:\/\/fullsolutions.info\/#organization\",\"name\":\"Full Solutions\",\"url\":\"https:\/\/fullsolutions.info\/\",\"logo\":{\"@type\":\"ImageObject\",\"inLanguage\":\"en-US\",\"@id\":\"https:\/\/fullsolutions.info\/#\/schema\/logo\/image\/\",\"url\":\"https:\/\/mlhff0prgoxu.i.optimole.com\/cb:s0sM.767\/w:auto\/h:auto\/q:mauto\/f:best\/https:\/\/fullsolutions.info\/wp-content\/uploads\/2021\/07\/cropped-Design-sem-nome-300x193-1-e1627062664782.png\",\"contentUrl\":\"https:\/\/mlhff0prgoxu.i.optimole.com\/cb:s0sM.767\/w:auto\/h:auto\/q:mauto\/f:best\/https:\/\/fullsolutions.info\/wp-content\/uploads\/2021\/07\/cropped-Design-sem-nome-300x193-1-e1627062664782.png\",\"width\":202,\"height\":155,\"caption\":\"Full Solutions\"},\"image\":{\"@id\":\"https:\/\/fullsolutions.info\/#\/schema\/logo\/image\/\"},\"sameAs\":[\"https:\/\/www.linkedin.com\/company\/full-solutions-equipment\"]}]}<\/script>\n<!-- \/ Yoast SEO plugin. -->","yoast_head_json":{"title":"Proline Promag W 400 - Full Solutions","description":"Proline Promag W 400 \u00e9 um medidor de vaz\u00e3o eletromagn\u00e9tico para \u00e1gua e efluentes, com alta precis\u00e3o, diagn\u00f3stico e desempenho em aplica\u00e7\u00f5es.","robots":{"index":"index","follow":"follow","max-snippet":"max-snippet:-1","max-image-preview":"max-image-preview:large","max-video-preview":"max-video-preview:-1"},"canonical":"https:\/\/fullsolutions.info\/en\/product\/proline-promag-w-400\/","og_locale":"en_US","og_type":"article","og_title":"Proline Promag W 400 - Full Solutions","og_description":"Proline Promag W 400 \u00e9 um medidor de vaz\u00e3o eletromagn\u00e9tico para \u00e1gua e efluentes, com alta precis\u00e3o, diagn\u00f3stico e desempenho em aplica\u00e7\u00f5es.","og_url":"https:\/\/fullsolutions.info\/en\/product\/proline-promag-w-400\/","og_site_name":"Full Solutions","article_modified_time":"2026-04-14T11:30:01+00:00","og_image":[{"width":549,"height":533,"url":"https:\/\/mlhff0prgoxu.i.optimole.com\/cb:s0sM.767\/w:auto\/h:auto\/q:mauto\/f:best\/https:\/\/fullsolutions.info\/wp-content\/uploads\/2026\/02\/Proline-Promag-W-400.png","type":"image\/png"}],"twitter_card":"summary_large_image","twitter_misc":{"Est. reading time":"1 minute"},"schema":{"@context":"https:\/\/schema.org","@graph":[{"@type":"WebPage","@id":"https:\/\/fullsolutions.info\/produto\/proline-promag-w-400\/","url":"https:\/\/fullsolutions.info\/produto\/proline-promag-w-400\/","name":"Proline Promag W 400 - Full Solutions","isPartOf":{"@id":"https:\/\/fullsolutions.info\/#website"},"primaryImageOfPage":{"@id":"https:\/\/fullsolutions.info\/produto\/proline-promag-w-400\/#primaryimage"},"image":{"@id":"https:\/\/fullsolutions.info\/produto\/proline-promag-w-400\/#primaryimage"},"thumbnailUrl":"https:\/\/mlhff0prgoxu.i.optimole.com\/cb:s0sM.767\/w:auto\/h:auto\/q:mauto\/f:best\/https:\/\/fullsolutions.info\/wp-content\/uploads\/2026\/02\/Proline-Promag-W-400.png","datePublished":"2026-02-18T19:42:55+00:00","dateModified":"2026-04-14T11:30:01+00:00","description":"Proline Promag W 400 \u00e9 um medidor de vaz\u00e3o eletromagn\u00e9tico para \u00e1gua e efluentes, com alta precis\u00e3o, diagn\u00f3stico e desempenho em aplica\u00e7\u00f5es.","breadcrumb":{"@id":"https:\/\/fullsolutions.info\/produto\/proline-promag-w-400\/#breadcrumb"},"inLanguage":"en-US","potentialAction":[{"@type":"ReadAction","target":["https:\/\/fullsolutions.info\/produto\/proline-promag-w-400\/"]}]},{"@type":"ImageObject","inLanguage":"en-US","@id":"https:\/\/fullsolutions.info\/produto\/proline-promag-w-400\/#primaryimage","url":"https:\/\/mlhff0prgoxu.i.optimole.com\/cb:s0sM.767\/w:auto\/h:auto\/q:mauto\/f:best\/https:\/\/fullsolutions.info\/wp-content\/uploads\/2026\/02\/Proline-Promag-W-400.png","contentUrl":"https:\/\/mlhff0prgoxu.i.optimole.com\/cb:s0sM.767\/w:auto\/h:auto\/q:mauto\/f:best\/https:\/\/fullsolutions.info\/wp-content\/uploads\/2026\/02\/Proline-Promag-W-400.png","width":549,"height":533},{"@type":"BreadcrumbList","@id":"https:\/\/fullsolutions.info\/produto\/proline-promag-w-400\/#breadcrumb","itemListElement":[{"@type":"ListItem","position":1,"name":"In\u00edcio","item":"https:\/\/fullsolutions.info\/"},{"@type":"ListItem","position":2,"name":"Produtos","item":"https:\/\/fullsolutions.info\/shop\/"},{"@type":"ListItem","position":3,"name":"Proline Promag W 400"}]},{"@type":"WebSite","@id":"https:\/\/fullsolutions.info\/#website","url":"https:\/\/fullsolutions.info\/","name":"Full Solutions","description":"Empresa na \u00c1rea de Procurement","publisher":{"@id":"https:\/\/fullsolutions.info\/#organization"},"potentialAction":[{"@type":"SearchAction","target":{"@type":"EntryPoint","urlTemplate":"https:\/\/fullsolutions.info\/?s={search_term_string}"},"query-input":{"@type":"PropertyValueSpecification","valueRequired":true,"valueName":"search_term_string"}}],"inLanguage":"en-US"},{"@type":"Organization","@id":"https:\/\/fullsolutions.info\/#organization","name":"Full Solutions","url":"https:\/\/fullsolutions.info\/","logo":{"@type":"ImageObject","inLanguage":"en-US","@id":"https:\/\/fullsolutions.info\/#\/schema\/logo\/image\/","url":"https:\/\/mlhff0prgoxu.i.optimole.com\/cb:s0sM.767\/w:auto\/h:auto\/q:mauto\/f:best\/https:\/\/fullsolutions.info\/wp-content\/uploads\/2021\/07\/cropped-Design-sem-nome-300x193-1-e1627062664782.png","contentUrl":"https:\/\/mlhff0prgoxu.i.optimole.com\/cb:s0sM.767\/w:auto\/h:auto\/q:mauto\/f:best\/https:\/\/fullsolutions.info\/wp-content\/uploads\/2021\/07\/cropped-Design-sem-nome-300x193-1-e1627062664782.png","width":202,"height":155,"caption":"Full Solutions"},"image":{"@id":"https:\/\/fullsolutions.info\/#\/schema\/logo\/image\/"},"sameAs":["https:\/\/www.linkedin.com\/company\/full-solutions-equipment"]}]}},"_links":{"self":[{"href":"https:\/\/fullsolutions.info\/en\/wp-json\/wp\/v2\/product\/6200","targetHints":{"allow":["GET"]}}],"collection":[{"href":"https:\/\/fullsolutions.info\/en\/wp-json\/wp\/v2\/product"}],"about":[{"href":"https:\/\/fullsolutions.info\/en\/wp-json\/wp\/v2\/types\/product"}],"replies":[{"embeddable":true,"href":"https:\/\/fullsolutions.info\/en\/wp-json\/wp\/v2\/comments?post=6200"}],"wp:featuredmedia":[{"embeddable":true,"href":"https:\/\/fullsolutions.info\/en\/wp-json\/wp\/v2\/media\/6201"}],"wp:attachment":[{"href":"https:\/\/fullsolutions.info\/en\/wp-json\/wp\/v2\/media?parent=6200"}],"wp:term":[{"taxonomy":"product_brand","embeddable":true,"href":"https:\/\/fullsolutions.info\/en\/wp-json\/wp\/v2\/product_brand?post=6200"},{"taxonomy":"product_cat","embeddable":true,"href":"https:\/\/fullsolutions.info\/en\/wp-json\/wp\/v2\/product_cat?post=6200"},{"taxonomy":"product_tag","embeddable":true,"href":"https:\/\/fullsolutions.info\/en\/wp-json\/wp\/v2\/product_tag?post=6200"},{"taxonomy":"marca","embeddable":true,"href":"https:\/\/fullsolutions.info\/en\/wp-json\/wp\/v2\/marca?post=6200"}],"curies":[{"name":"wp","href":"https:\/\/api.w.org\/{rel}","templated":true}]}}