{"id":6187,"date":"2026-02-11T12:00:14","date_gmt":"2026-02-11T15:00:14","guid":{"rendered":"https:\/\/fullsolutions.info\/?post_type=product&#038;p=6187"},"modified":"2026-04-14T08:36:47","modified_gmt":"2026-04-14T11:36:47","slug":"proline-promass-f-300","status":"publish","type":"product","link":"https:\/\/fullsolutions.info\/en\/product\/proline-promass-f-300\/","title":{"rendered":"Proline Promass F 300"},"content":{"rendered":"<p class=\"eh-p-v\">H\u00e1 tempos, o Promass F \u00e9 conhecido como um sensor altamente preciso. Imune a ambientes dif\u00edceis e vari\u00e1veis, ele \u00e9 adequado para a mais ampla gama de aplica\u00e7\u00f5es. Com seu transmissor compacto, o Promass F 300 oferece alta flexibilidade em termos de opera\u00e7\u00e3o e integra\u00e7\u00e3o de sistemas: acesso de um lado, display remoto e op\u00e7\u00f5es de conectividade aprimoradas. A Heartbeat Technology permite confiabilidade de medi\u00e7\u00e3o e extens\u00e3o dos ciclos de recalibra\u00e7\u00e3o.<\/p>\n<div class=\"eh-rich-content-content\" data-cs-pcueid=\"r3T2sy\">\n<ul class=\"eh-list-01 eh-generic--list\">\n<li class=\"eh-list--item\">\n<p class=\"eh-generic--text\">O princ\u00edpio de medi\u00e7\u00e3o opera independentemente das propriedades f\u00edsicas do fluido, como viscosidade ou densidade<\/p>\n<\/li>\n<li class=\"eh-list--item\">\n<p class=\"eh-generic--text\">O mais alto desempenho de medi\u00e7\u00e3o de l\u00edquidos e gases em condi\u00e7\u00f5es desfavor\u00e1veis e vari\u00e1veis do processo.<\/p>\n<\/li>\n<\/ul>\n<p>&nbsp;<\/p>\n<p class=\"eh-generic--text\"><strong>Propriedades do equipamento<\/strong><\/p>\n<ul class=\"eh-list-01 eh-generic--list\">\n<li class=\"eh-list--item\">\n<p class=\"eh-generic--text\">Vaz\u00e3o m\u00e1ssica: erro medido \u00b10,05 % (PremiumCal)<\/p>\n<\/li>\n<li class=\"eh-list--item\">\n<p class=\"eh-generic--text\">Temperatura m\u00e9dia: -196 a 350 \u00b0C (-320 a 662 \u00b0F)<\/p>\n<\/li>\n<li class=\"eh-list--item\">\n<p class=\"eh-generic--text\">Di\u00e2metro nominal: DN 8 a 250 (3\/8 a 10&#8243;)<\/p>\n<\/li>\n<li class=\"eh-list--item\">\n<p class=\"eh-generic--text\">Inv\u00f3lucro compacto com dois compartimentos e at\u00e9 3 E\/Ss<\/p>\n<\/li>\n<li class=\"eh-list--item\">\n<p class=\"eh-generic--text\">Display retroiluminado com controle de toque e acesso Wi-Fi<\/p>\n<\/li>\n<li class=\"eh-list--item\">\n<p class=\"eh-generic--text\">Display remoto dispon\u00edvel<\/p>\n<\/li>\n<\/ul>\n<\/div>","protected":false},"excerpt":{"rendered":"<p>H\u00e1 tempos, o Promass F \u00e9 conhecido como um sensor altamente preciso. Imune a ambientes dif\u00edceis e vari\u00e1veis, ele \u00e9 adequado para a mais ampla gama de aplica\u00e7\u00f5es. Com seu transmissor compacto, o Promass F 300 oferece alta flexibilidade em termos de opera\u00e7\u00e3o e integra\u00e7\u00e3o de sistemas: acesso de um lado, display remoto e op\u00e7\u00f5es de conectividade aprimoradas. A Heartbeat Technology permite confiabilidade de medi\u00e7\u00e3o e extens\u00e3o dos ciclos de recalibra\u00e7\u00e3o. O princ\u00edpio de medi\u00e7\u00e3o opera independentemente das propriedades f\u00edsicas do fluido, como viscosidade ou densidade O mais alto desempenho de medi\u00e7\u00e3o de l\u00edquidos e gases em condi\u00e7\u00f5es desfavor\u00e1veis e vari\u00e1veis do processo. &nbsp; Propriedades do equipamento Vaz\u00e3o m\u00e1ssica: erro medido \u00b10,05 % (PremiumCal) Temperatura m\u00e9dia: -196 a 350 \u00b0C (-320 a 662 \u00b0F) Di\u00e2metro nominal: DN 8 a 250 (3\/8 a 10&#8243;) Inv\u00f3lucro compacto com dois compartimentos e at\u00e9 3 E\/Ss Display retroiluminado com controle de toque e acesso Wi-Fi Display remoto dispon\u00edvel<\/p>","protected":false},"featured_media":6188,"comment_status":"open","ping_status":"closed","template":"","meta":{"_joinchat":[]},"product_brand":[],"product_cat":[175],"product_tag":[],"marca":[147],"class_list":{"0":"post-6187","1":"product","2":"type-product","3":"status-publish","4":"has-post-thumbnail","6":"product_cat-medicao","7":"marca-endresshauser","9":"first","10":"instock","11":"shipping-taxable","12":"product-type-simple"},"yoast_head":"<!-- This site is optimized with the Yoast SEO plugin v27.2 - https:\/\/yoast.com\/product\/yoast-seo-wordpress\/ -->\n<title>Proline Promass F 300 - Full Solutions<\/title>\n<meta name=\"description\" content=\"Proline Promass F 300 \u00e9 um medidor de vaz\u00e3o Coriolis para l\u00edquidos e gases, com alta precis\u00e3o, diagn\u00f3stico avan\u00e7ado e desempenho em processos industriais exigentes.\" \/>\n<meta name=\"robots\" content=\"index, follow, max-snippet:-1, max-image-preview:large, max-video-preview:-1\" \/>\n<link rel=\"canonical\" href=\"https:\/\/fullsolutions.info\/en\/product\/proline-promass-f-300\/\" \/>\n<meta property=\"og:locale\" content=\"en_US\" \/>\n<meta property=\"og:type\" content=\"article\" \/>\n<meta property=\"og:title\" content=\"Proline Promass F 300 - Full Solutions\" \/>\n<meta property=\"og:description\" content=\"Proline Promass F 300 \u00e9 um medidor de vaz\u00e3o Coriolis para l\u00edquidos e gases, com alta precis\u00e3o, diagn\u00f3stico avan\u00e7ado e desempenho em processos industriais exigentes.\" \/>\n<meta property=\"og:url\" content=\"https:\/\/fullsolutions.info\/en\/product\/proline-promass-f-300\/\" \/>\n<meta property=\"og:site_name\" content=\"Full Solutions\" \/>\n<meta property=\"article:modified_time\" content=\"2026-04-14T11:36:47+00:00\" \/>\n<meta property=\"og:image\" content=\"https:\/\/mlhff0prgoxu.i.optimole.com\/cb:s0sM.767\/w:auto\/h:auto\/q:mauto\/f:best\/https:\/\/fullsolutions.info\/wp-content\/uploads\/2026\/02\/Proline-Promass-F-300.png\" \/>\n\t<meta property=\"og:image:width\" content=\"549\" \/>\n\t<meta property=\"og:image:height\" content=\"533\" \/>\n\t<meta property=\"og:image:type\" content=\"image\/png\" \/>\n<meta name=\"twitter:card\" content=\"summary_large_image\" \/>\n<meta name=\"twitter:label1\" content=\"Est. reading time\" \/>\n\t<meta name=\"twitter:data1\" content=\"2 minutes\" \/>\n<script type=\"application\/ld+json\" class=\"yoast-schema-graph\">{\"@context\":\"https:\/\/schema.org\",\"@graph\":[{\"@type\":\"WebPage\",\"@id\":\"https:\/\/fullsolutions.info\/produto\/proline-promass-f-300\/\",\"url\":\"https:\/\/fullsolutions.info\/produto\/proline-promass-f-300\/\",\"name\":\"Proline Promass F 300 - Full Solutions\",\"isPartOf\":{\"@id\":\"https:\/\/fullsolutions.info\/#website\"},\"primaryImageOfPage\":{\"@id\":\"https:\/\/fullsolutions.info\/produto\/proline-promass-f-300\/#primaryimage\"},\"image\":{\"@id\":\"https:\/\/fullsolutions.info\/produto\/proline-promass-f-300\/#primaryimage\"},\"thumbnailUrl\":\"https:\/\/mlhff0prgoxu.i.optimole.com\/cb:s0sM.767\/w:auto\/h:auto\/q:mauto\/f:best\/https:\/\/fullsolutions.info\/wp-content\/uploads\/2026\/02\/Proline-Promass-F-300.png\",\"datePublished\":\"2026-02-11T15:00:14+00:00\",\"dateModified\":\"2026-04-14T11:36:47+00:00\",\"description\":\"Proline Promass F 300 \u00e9 um medidor de vaz\u00e3o Coriolis para l\u00edquidos e gases, com alta precis\u00e3o, diagn\u00f3stico avan\u00e7ado e desempenho em processos industriais exigentes.\",\"breadcrumb\":{\"@id\":\"https:\/\/fullsolutions.info\/produto\/proline-promass-f-300\/#breadcrumb\"},\"inLanguage\":\"en-US\",\"potentialAction\":[{\"@type\":\"ReadAction\",\"target\":[\"https:\/\/fullsolutions.info\/produto\/proline-promass-f-300\/\"]}]},{\"@type\":\"ImageObject\",\"inLanguage\":\"en-US\",\"@id\":\"https:\/\/fullsolutions.info\/produto\/proline-promass-f-300\/#primaryimage\",\"url\":\"https:\/\/mlhff0prgoxu.i.optimole.com\/cb:s0sM.767\/w:auto\/h:auto\/q:mauto\/f:best\/https:\/\/fullsolutions.info\/wp-content\/uploads\/2026\/02\/Proline-Promass-F-300.png\",\"contentUrl\":\"https:\/\/mlhff0prgoxu.i.optimole.com\/cb:s0sM.767\/w:auto\/h:auto\/q:mauto\/f:best\/https:\/\/fullsolutions.info\/wp-content\/uploads\/2026\/02\/Proline-Promass-F-300.png\",\"width\":549,\"height\":533},{\"@type\":\"BreadcrumbList\",\"@id\":\"https:\/\/fullsolutions.info\/produto\/proline-promass-f-300\/#breadcrumb\",\"itemListElement\":[{\"@type\":\"ListItem\",\"position\":1,\"name\":\"In\u00edcio\",\"item\":\"https:\/\/fullsolutions.info\/\"},{\"@type\":\"ListItem\",\"position\":2,\"name\":\"Produtos\",\"item\":\"https:\/\/fullsolutions.info\/shop\/\"},{\"@type\":\"ListItem\",\"position\":3,\"name\":\"Proline Promass F 300\"}]},{\"@type\":\"WebSite\",\"@id\":\"https:\/\/fullsolutions.info\/#website\",\"url\":\"https:\/\/fullsolutions.info\/\",\"name\":\"Full Solutions\",\"description\":\"Empresa na \u00c1rea de Procurement\",\"publisher\":{\"@id\":\"https:\/\/fullsolutions.info\/#organization\"},\"potentialAction\":[{\"@type\":\"SearchAction\",\"target\":{\"@type\":\"EntryPoint\",\"urlTemplate\":\"https:\/\/fullsolutions.info\/?s={search_term_string}\"},\"query-input\":{\"@type\":\"PropertyValueSpecification\",\"valueRequired\":true,\"valueName\":\"search_term_string\"}}],\"inLanguage\":\"en-US\"},{\"@type\":\"Organization\",\"@id\":\"https:\/\/fullsolutions.info\/#organization\",\"name\":\"Full Solutions\",\"url\":\"https:\/\/fullsolutions.info\/\",\"logo\":{\"@type\":\"ImageObject\",\"inLanguage\":\"en-US\",\"@id\":\"https:\/\/fullsolutions.info\/#\/schema\/logo\/image\/\",\"url\":\"https:\/\/mlhff0prgoxu.i.optimole.com\/cb:s0sM.767\/w:auto\/h:auto\/q:mauto\/f:best\/https:\/\/fullsolutions.info\/wp-content\/uploads\/2021\/07\/cropped-Design-sem-nome-300x193-1-e1627062664782.png\",\"contentUrl\":\"https:\/\/mlhff0prgoxu.i.optimole.com\/cb:s0sM.767\/w:auto\/h:auto\/q:mauto\/f:best\/https:\/\/fullsolutions.info\/wp-content\/uploads\/2021\/07\/cropped-Design-sem-nome-300x193-1-e1627062664782.png\",\"width\":202,\"height\":155,\"caption\":\"Full Solutions\"},\"image\":{\"@id\":\"https:\/\/fullsolutions.info\/#\/schema\/logo\/image\/\"},\"sameAs\":[\"https:\/\/www.linkedin.com\/company\/full-solutions-equipment\"]}]}<\/script>\n<!-- \/ Yoast SEO plugin. -->","yoast_head_json":{"title":"Proline Promass F 300 - Full Solutions","description":"Proline Promass F 300 \u00e9 um medidor de vaz\u00e3o Coriolis para l\u00edquidos e gases, com alta precis\u00e3o, diagn\u00f3stico avan\u00e7ado e desempenho em processos industriais exigentes.","robots":{"index":"index","follow":"follow","max-snippet":"max-snippet:-1","max-image-preview":"max-image-preview:large","max-video-preview":"max-video-preview:-1"},"canonical":"https:\/\/fullsolutions.info\/en\/product\/proline-promass-f-300\/","og_locale":"en_US","og_type":"article","og_title":"Proline Promass F 300 - Full Solutions","og_description":"Proline Promass F 300 \u00e9 um medidor de vaz\u00e3o Coriolis para l\u00edquidos e gases, com alta precis\u00e3o, diagn\u00f3stico avan\u00e7ado e desempenho em processos industriais exigentes.","og_url":"https:\/\/fullsolutions.info\/en\/product\/proline-promass-f-300\/","og_site_name":"Full Solutions","article_modified_time":"2026-04-14T11:36:47+00:00","og_image":[{"width":549,"height":533,"url":"https:\/\/mlhff0prgoxu.i.optimole.com\/cb:s0sM.767\/w:auto\/h:auto\/q:mauto\/f:best\/https:\/\/fullsolutions.info\/wp-content\/uploads\/2026\/02\/Proline-Promass-F-300.png","type":"image\/png"}],"twitter_card":"summary_large_image","twitter_misc":{"Est. reading time":"2 minutes"},"schema":{"@context":"https:\/\/schema.org","@graph":[{"@type":"WebPage","@id":"https:\/\/fullsolutions.info\/produto\/proline-promass-f-300\/","url":"https:\/\/fullsolutions.info\/produto\/proline-promass-f-300\/","name":"Proline Promass F 300 - Full Solutions","isPartOf":{"@id":"https:\/\/fullsolutions.info\/#website"},"primaryImageOfPage":{"@id":"https:\/\/fullsolutions.info\/produto\/proline-promass-f-300\/#primaryimage"},"image":{"@id":"https:\/\/fullsolutions.info\/produto\/proline-promass-f-300\/#primaryimage"},"thumbnailUrl":"https:\/\/mlhff0prgoxu.i.optimole.com\/cb:s0sM.767\/w:auto\/h:auto\/q:mauto\/f:best\/https:\/\/fullsolutions.info\/wp-content\/uploads\/2026\/02\/Proline-Promass-F-300.png","datePublished":"2026-02-11T15:00:14+00:00","dateModified":"2026-04-14T11:36:47+00:00","description":"Proline Promass F 300 \u00e9 um medidor de vaz\u00e3o Coriolis para l\u00edquidos e gases, com alta precis\u00e3o, diagn\u00f3stico avan\u00e7ado e desempenho em processos industriais exigentes.","breadcrumb":{"@id":"https:\/\/fullsolutions.info\/produto\/proline-promass-f-300\/#breadcrumb"},"inLanguage":"en-US","potentialAction":[{"@type":"ReadAction","target":["https:\/\/fullsolutions.info\/produto\/proline-promass-f-300\/"]}]},{"@type":"ImageObject","inLanguage":"en-US","@id":"https:\/\/fullsolutions.info\/produto\/proline-promass-f-300\/#primaryimage","url":"https:\/\/mlhff0prgoxu.i.optimole.com\/cb:s0sM.767\/w:auto\/h:auto\/q:mauto\/f:best\/https:\/\/fullsolutions.info\/wp-content\/uploads\/2026\/02\/Proline-Promass-F-300.png","contentUrl":"https:\/\/mlhff0prgoxu.i.optimole.com\/cb:s0sM.767\/w:auto\/h:auto\/q:mauto\/f:best\/https:\/\/fullsolutions.info\/wp-content\/uploads\/2026\/02\/Proline-Promass-F-300.png","width":549,"height":533},{"@type":"BreadcrumbList","@id":"https:\/\/fullsolutions.info\/produto\/proline-promass-f-300\/#breadcrumb","itemListElement":[{"@type":"ListItem","position":1,"name":"In\u00edcio","item":"https:\/\/fullsolutions.info\/"},{"@type":"ListItem","position":2,"name":"Produtos","item":"https:\/\/fullsolutions.info\/shop\/"},{"@type":"ListItem","position":3,"name":"Proline Promass F 300"}]},{"@type":"WebSite","@id":"https:\/\/fullsolutions.info\/#website","url":"https:\/\/fullsolutions.info\/","name":"Full Solutions","description":"Empresa na \u00c1rea de Procurement","publisher":{"@id":"https:\/\/fullsolutions.info\/#organization"},"potentialAction":[{"@type":"SearchAction","target":{"@type":"EntryPoint","urlTemplate":"https:\/\/fullsolutions.info\/?s={search_term_string}"},"query-input":{"@type":"PropertyValueSpecification","valueRequired":true,"valueName":"search_term_string"}}],"inLanguage":"en-US"},{"@type":"Organization","@id":"https:\/\/fullsolutions.info\/#organization","name":"Full Solutions","url":"https:\/\/fullsolutions.info\/","logo":{"@type":"ImageObject","inLanguage":"en-US","@id":"https:\/\/fullsolutions.info\/#\/schema\/logo\/image\/","url":"https:\/\/mlhff0prgoxu.i.optimole.com\/cb:s0sM.767\/w:auto\/h:auto\/q:mauto\/f:best\/https:\/\/fullsolutions.info\/wp-content\/uploads\/2021\/07\/cropped-Design-sem-nome-300x193-1-e1627062664782.png","contentUrl":"https:\/\/mlhff0prgoxu.i.optimole.com\/cb:s0sM.767\/w:auto\/h:auto\/q:mauto\/f:best\/https:\/\/fullsolutions.info\/wp-content\/uploads\/2021\/07\/cropped-Design-sem-nome-300x193-1-e1627062664782.png","width":202,"height":155,"caption":"Full Solutions"},"image":{"@id":"https:\/\/fullsolutions.info\/#\/schema\/logo\/image\/"},"sameAs":["https:\/\/www.linkedin.com\/company\/full-solutions-equipment"]}]}},"_links":{"self":[{"href":"https:\/\/fullsolutions.info\/en\/wp-json\/wp\/v2\/product\/6187","targetHints":{"allow":["GET"]}}],"collection":[{"href":"https:\/\/fullsolutions.info\/en\/wp-json\/wp\/v2\/product"}],"about":[{"href":"https:\/\/fullsolutions.info\/en\/wp-json\/wp\/v2\/types\/product"}],"replies":[{"embeddable":true,"href":"https:\/\/fullsolutions.info\/en\/wp-json\/wp\/v2\/comments?post=6187"}],"wp:featuredmedia":[{"embeddable":true,"href":"https:\/\/fullsolutions.info\/en\/wp-json\/wp\/v2\/media\/6188"}],"wp:attachment":[{"href":"https:\/\/fullsolutions.info\/en\/wp-json\/wp\/v2\/media?parent=6187"}],"wp:term":[{"taxonomy":"product_brand","embeddable":true,"href":"https:\/\/fullsolutions.info\/en\/wp-json\/wp\/v2\/product_brand?post=6187"},{"taxonomy":"product_cat","embeddable":true,"href":"https:\/\/fullsolutions.info\/en\/wp-json\/wp\/v2\/product_cat?post=6187"},{"taxonomy":"product_tag","embeddable":true,"href":"https:\/\/fullsolutions.info\/en\/wp-json\/wp\/v2\/product_tag?post=6187"},{"taxonomy":"marca","embeddable":true,"href":"https:\/\/fullsolutions.info\/en\/wp-json\/wp\/v2\/marca?post=6187"}],"curies":[{"name":"wp","href":"https:\/\/api.w.org\/{rel}","templated":true}]}}