{"id":6175,"date":"2026-02-11T11:39:11","date_gmt":"2026-02-11T14:39:11","guid":{"rendered":"https:\/\/fullsolutions.info\/?post_type=product&#038;p=6175"},"modified":"2026-04-14T09:03:45","modified_gmt":"2026-04-14T12:03:45","slug":"proline-promag-p300-medidor-de-vazao-eletromagnetico","status":"publish","type":"product","link":"https:\/\/fullsolutions.info\/en\/product\/proline-promag-p300-medidor-de-vazao-eletromagnetico\/","title":{"rendered":"Proline Promag P300 Medidor de vaz\u00e3o eletromagn\u00e9tico"},"content":{"rendered":"<p data-start=\"108\" data-end=\"523\">O <strong data-start=\"2\" data-end=\"26\">Proline Promag P 300 Medidor de vaz\u00e3o eletromagn\u00e9tico<\/strong> atende aplica\u00e7\u00f5es qu\u00edmicas e de processo com l\u00edquidos corrosivos e altas temperaturas de fluido. Al\u00e9m disso, ele oferece elevada flexibilidade de opera\u00e7\u00e3o e integra\u00e7\u00e3o ao sistema. O transmissor compacto permite acesso por um \u00fanico lado e, ao mesmo tempo, inclui display remoto e op\u00e7\u00f5es avan\u00e7adas de conectividade. Dessa forma, o usu\u00e1rio simplifica a opera\u00e7\u00e3o e a manuten\u00e7\u00e3o do equipamento.<\/p>\n<p data-start=\"108\" data-end=\"523\">A Heartbeat Technology garante conformidade e seguran\u00e7a de processo em todos os momentos, mantendo o monitoramento cont\u00ednuo e confi\u00e1vel. O princ\u00edpio de medi\u00e7\u00e3o bidirecional opera de forma praticamente independente de press\u00e3o, densidade, temperatura e viscosidade. Portanto, o sistema mant\u00e9m alta estabilidade mesmo em condi\u00e7\u00f5es vari\u00e1veis de processo.<\/p>","protected":false},"excerpt":{"rendered":"<p>O Proline Promag P 300 Medidor de vaz\u00e3o eletromagn\u00e9tico atende aplica\u00e7\u00f5es qu\u00edmicas e de processo com l\u00edquidos corrosivos e altas temperaturas de fluido. Al\u00e9m disso, ele oferece elevada flexibilidade de opera\u00e7\u00e3o e integra\u00e7\u00e3o ao sistema. O transmissor compacto permite acesso por um \u00fanico lado e, ao mesmo tempo, inclui display remoto e op\u00e7\u00f5es avan\u00e7adas de conectividade. Dessa forma, o usu\u00e1rio simplifica a opera\u00e7\u00e3o e a manuten\u00e7\u00e3o do equipamento. A Heartbeat Technology garante conformidade e seguran\u00e7a de processo em todos os momentos, mantendo o monitoramento cont\u00ednuo e confi\u00e1vel. O princ\u00edpio de medi\u00e7\u00e3o bidirecional opera de forma praticamente independente de press\u00e3o, densidade, temperatura e viscosidade. Portanto, o sistema mant\u00e9m alta estabilidade mesmo em condi\u00e7\u00f5es vari\u00e1veis de processo.<\/p>","protected":false},"featured_media":6183,"comment_status":"open","ping_status":"closed","template":"","meta":{"_joinchat":[]},"product_brand":[],"product_cat":[175],"product_tag":[],"marca":[147],"class_list":{"0":"post-6175","1":"product","2":"type-product","3":"status-publish","4":"has-post-thumbnail","6":"product_cat-medicao","7":"marca-endresshauser","9":"first","10":"instock","11":"shipping-taxable","12":"product-type-simple"},"yoast_head":"<!-- This site is optimized with the Yoast SEO plugin v27.2 - https:\/\/yoast.com\/product\/yoast-seo-wordpress\/ -->\n<title>Proline Promag P300 Medidor de vaz\u00e3o eletromagn\u00e9tico - Full Solutions<\/title>\n<meta name=\"description\" content=\"Cote com a Full Solutions - Proline Promag P300 \u00e9 um medidor de vaz\u00e3o eletromagn\u00e9tico para l\u00edquidos condutivos, com alta precis\u00e3o e diagn\u00f3stico avan\u00e7ado.\" \/>\n<meta name=\"robots\" content=\"index, follow, max-snippet:-1, max-image-preview:large, max-video-preview:-1\" \/>\n<link rel=\"canonical\" href=\"https:\/\/fullsolutions.info\/en\/product\/proline-promag-p300-medidor-de-vazao-eletromagnetico\/\" \/>\n<meta property=\"og:locale\" content=\"en_US\" \/>\n<meta property=\"og:type\" content=\"article\" \/>\n<meta property=\"og:title\" content=\"Proline Promag P300 Medidor de vaz\u00e3o eletromagn\u00e9tico - Full Solutions\" \/>\n<meta property=\"og:description\" content=\"Cote com a Full Solutions - Proline Promag P300 \u00e9 um medidor de vaz\u00e3o eletromagn\u00e9tico para l\u00edquidos condutivos, com alta precis\u00e3o e diagn\u00f3stico avan\u00e7ado.\" \/>\n<meta property=\"og:url\" content=\"https:\/\/fullsolutions.info\/en\/product\/proline-promag-p300-medidor-de-vazao-eletromagnetico\/\" \/>\n<meta property=\"og:site_name\" content=\"Full Solutions\" \/>\n<meta property=\"article:modified_time\" content=\"2026-04-14T12:03:45+00:00\" \/>\n<meta property=\"og:image\" content=\"https:\/\/mlhff0prgoxu.i.optimole.com\/cb:s0sM.767\/w:auto\/h:auto\/q:mauto\/f:best\/https:\/\/fullsolutions.info\/wp-content\/uploads\/2026\/02\/Proline-Promag-P-300.png\" \/>\n\t<meta property=\"og:image:width\" content=\"549\" \/>\n\t<meta property=\"og:image:height\" content=\"533\" \/>\n\t<meta property=\"og:image:type\" content=\"image\/png\" \/>\n<meta name=\"twitter:card\" content=\"summary_large_image\" \/>\n<meta name=\"twitter:label1\" content=\"Est. reading time\" \/>\n\t<meta name=\"twitter:data1\" content=\"1 minute\" \/>\n<script type=\"application\/ld+json\" class=\"yoast-schema-graph\">{\"@context\":\"https:\/\/schema.org\",\"@graph\":[{\"@type\":\"WebPage\",\"@id\":\"https:\/\/fullsolutions.info\/produto\/proline-promag-p300-medidor-de-vazao-eletromagnetico\/\",\"url\":\"https:\/\/fullsolutions.info\/produto\/proline-promag-p300-medidor-de-vazao-eletromagnetico\/\",\"name\":\"Proline Promag P300 Medidor de vaz\u00e3o eletromagn\u00e9tico - Full Solutions\",\"isPartOf\":{\"@id\":\"https:\/\/fullsolutions.info\/#website\"},\"primaryImageOfPage\":{\"@id\":\"https:\/\/fullsolutions.info\/produto\/proline-promag-p300-medidor-de-vazao-eletromagnetico\/#primaryimage\"},\"image\":{\"@id\":\"https:\/\/fullsolutions.info\/produto\/proline-promag-p300-medidor-de-vazao-eletromagnetico\/#primaryimage\"},\"thumbnailUrl\":\"https:\/\/mlhff0prgoxu.i.optimole.com\/cb:s0sM.767\/w:auto\/h:auto\/q:mauto\/f:best\/https:\/\/fullsolutions.info\/wp-content\/uploads\/2026\/02\/Proline-Promag-P-300.png\",\"datePublished\":\"2026-02-11T14:39:11+00:00\",\"dateModified\":\"2026-04-14T12:03:45+00:00\",\"description\":\"Cote com a Full Solutions - Proline Promag P300 \u00e9 um medidor de vaz\u00e3o eletromagn\u00e9tico para l\u00edquidos condutivos, com alta precis\u00e3o e diagn\u00f3stico avan\u00e7ado.\",\"breadcrumb\":{\"@id\":\"https:\/\/fullsolutions.info\/produto\/proline-promag-p300-medidor-de-vazao-eletromagnetico\/#breadcrumb\"},\"inLanguage\":\"en-US\",\"potentialAction\":[{\"@type\":\"ReadAction\",\"target\":[\"https:\/\/fullsolutions.info\/produto\/proline-promag-p300-medidor-de-vazao-eletromagnetico\/\"]}]},{\"@type\":\"ImageObject\",\"inLanguage\":\"en-US\",\"@id\":\"https:\/\/fullsolutions.info\/produto\/proline-promag-p300-medidor-de-vazao-eletromagnetico\/#primaryimage\",\"url\":\"https:\/\/mlhff0prgoxu.i.optimole.com\/cb:s0sM.767\/w:auto\/h:auto\/q:mauto\/f:best\/https:\/\/fullsolutions.info\/wp-content\/uploads\/2026\/02\/Proline-Promag-P-300.png\",\"contentUrl\":\"https:\/\/mlhff0prgoxu.i.optimole.com\/cb:s0sM.767\/w:auto\/h:auto\/q:mauto\/f:best\/https:\/\/fullsolutions.info\/wp-content\/uploads\/2026\/02\/Proline-Promag-P-300.png\",\"width\":549,\"height\":533},{\"@type\":\"BreadcrumbList\",\"@id\":\"https:\/\/fullsolutions.info\/produto\/proline-promag-p300-medidor-de-vazao-eletromagnetico\/#breadcrumb\",\"itemListElement\":[{\"@type\":\"ListItem\",\"position\":1,\"name\":\"In\u00edcio\",\"item\":\"https:\/\/fullsolutions.info\/\"},{\"@type\":\"ListItem\",\"position\":2,\"name\":\"Produtos\",\"item\":\"https:\/\/fullsolutions.info\/shop\/\"},{\"@type\":\"ListItem\",\"position\":3,\"name\":\"Proline Promag P300 Medidor de vaz\u00e3o eletromagn\u00e9tico\"}]},{\"@type\":\"WebSite\",\"@id\":\"https:\/\/fullsolutions.info\/#website\",\"url\":\"https:\/\/fullsolutions.info\/\",\"name\":\"Full Solutions\",\"description\":\"Empresa na \u00c1rea de Procurement\",\"publisher\":{\"@id\":\"https:\/\/fullsolutions.info\/#organization\"},\"potentialAction\":[{\"@type\":\"SearchAction\",\"target\":{\"@type\":\"EntryPoint\",\"urlTemplate\":\"https:\/\/fullsolutions.info\/?s={search_term_string}\"},\"query-input\":{\"@type\":\"PropertyValueSpecification\",\"valueRequired\":true,\"valueName\":\"search_term_string\"}}],\"inLanguage\":\"en-US\"},{\"@type\":\"Organization\",\"@id\":\"https:\/\/fullsolutions.info\/#organization\",\"name\":\"Full Solutions\",\"url\":\"https:\/\/fullsolutions.info\/\",\"logo\":{\"@type\":\"ImageObject\",\"inLanguage\":\"en-US\",\"@id\":\"https:\/\/fullsolutions.info\/#\/schema\/logo\/image\/\",\"url\":\"https:\/\/mlhff0prgoxu.i.optimole.com\/cb:s0sM.767\/w:auto\/h:auto\/q:mauto\/f:best\/https:\/\/fullsolutions.info\/wp-content\/uploads\/2021\/07\/cropped-Design-sem-nome-300x193-1-e1627062664782.png\",\"contentUrl\":\"https:\/\/mlhff0prgoxu.i.optimole.com\/cb:s0sM.767\/w:auto\/h:auto\/q:mauto\/f:best\/https:\/\/fullsolutions.info\/wp-content\/uploads\/2021\/07\/cropped-Design-sem-nome-300x193-1-e1627062664782.png\",\"width\":202,\"height\":155,\"caption\":\"Full Solutions\"},\"image\":{\"@id\":\"https:\/\/fullsolutions.info\/#\/schema\/logo\/image\/\"},\"sameAs\":[\"https:\/\/www.linkedin.com\/company\/full-solutions-equipment\"]}]}<\/script>\n<!-- \/ Yoast SEO plugin. -->","yoast_head_json":{"title":"Proline Promag P300 Medidor de vaz\u00e3o eletromagn\u00e9tico - Full Solutions","description":"Cote com a Full Solutions - Proline Promag P300 \u00e9 um medidor de vaz\u00e3o eletromagn\u00e9tico para l\u00edquidos condutivos, com alta precis\u00e3o e diagn\u00f3stico avan\u00e7ado.","robots":{"index":"index","follow":"follow","max-snippet":"max-snippet:-1","max-image-preview":"max-image-preview:large","max-video-preview":"max-video-preview:-1"},"canonical":"https:\/\/fullsolutions.info\/en\/product\/proline-promag-p300-medidor-de-vazao-eletromagnetico\/","og_locale":"en_US","og_type":"article","og_title":"Proline Promag P300 Medidor de vaz\u00e3o eletromagn\u00e9tico - Full Solutions","og_description":"Cote com a Full Solutions - Proline Promag P300 \u00e9 um medidor de vaz\u00e3o eletromagn\u00e9tico para l\u00edquidos condutivos, com alta precis\u00e3o e diagn\u00f3stico avan\u00e7ado.","og_url":"https:\/\/fullsolutions.info\/en\/product\/proline-promag-p300-medidor-de-vazao-eletromagnetico\/","og_site_name":"Full Solutions","article_modified_time":"2026-04-14T12:03:45+00:00","og_image":[{"width":549,"height":533,"url":"https:\/\/mlhff0prgoxu.i.optimole.com\/cb:s0sM.767\/w:auto\/h:auto\/q:mauto\/f:best\/https:\/\/fullsolutions.info\/wp-content\/uploads\/2026\/02\/Proline-Promag-P-300.png","type":"image\/png"}],"twitter_card":"summary_large_image","twitter_misc":{"Est. reading time":"1 minute"},"schema":{"@context":"https:\/\/schema.org","@graph":[{"@type":"WebPage","@id":"https:\/\/fullsolutions.info\/produto\/proline-promag-p300-medidor-de-vazao-eletromagnetico\/","url":"https:\/\/fullsolutions.info\/produto\/proline-promag-p300-medidor-de-vazao-eletromagnetico\/","name":"Proline Promag P300 Medidor de vaz\u00e3o eletromagn\u00e9tico - Full Solutions","isPartOf":{"@id":"https:\/\/fullsolutions.info\/#website"},"primaryImageOfPage":{"@id":"https:\/\/fullsolutions.info\/produto\/proline-promag-p300-medidor-de-vazao-eletromagnetico\/#primaryimage"},"image":{"@id":"https:\/\/fullsolutions.info\/produto\/proline-promag-p300-medidor-de-vazao-eletromagnetico\/#primaryimage"},"thumbnailUrl":"https:\/\/mlhff0prgoxu.i.optimole.com\/cb:s0sM.767\/w:auto\/h:auto\/q:mauto\/f:best\/https:\/\/fullsolutions.info\/wp-content\/uploads\/2026\/02\/Proline-Promag-P-300.png","datePublished":"2026-02-11T14:39:11+00:00","dateModified":"2026-04-14T12:03:45+00:00","description":"Cote com a Full Solutions - Proline Promag P300 \u00e9 um medidor de vaz\u00e3o eletromagn\u00e9tico para l\u00edquidos condutivos, com alta precis\u00e3o e diagn\u00f3stico avan\u00e7ado.","breadcrumb":{"@id":"https:\/\/fullsolutions.info\/produto\/proline-promag-p300-medidor-de-vazao-eletromagnetico\/#breadcrumb"},"inLanguage":"en-US","potentialAction":[{"@type":"ReadAction","target":["https:\/\/fullsolutions.info\/produto\/proline-promag-p300-medidor-de-vazao-eletromagnetico\/"]}]},{"@type":"ImageObject","inLanguage":"en-US","@id":"https:\/\/fullsolutions.info\/produto\/proline-promag-p300-medidor-de-vazao-eletromagnetico\/#primaryimage","url":"https:\/\/mlhff0prgoxu.i.optimole.com\/cb:s0sM.767\/w:auto\/h:auto\/q:mauto\/f:best\/https:\/\/fullsolutions.info\/wp-content\/uploads\/2026\/02\/Proline-Promag-P-300.png","contentUrl":"https:\/\/mlhff0prgoxu.i.optimole.com\/cb:s0sM.767\/w:auto\/h:auto\/q:mauto\/f:best\/https:\/\/fullsolutions.info\/wp-content\/uploads\/2026\/02\/Proline-Promag-P-300.png","width":549,"height":533},{"@type":"BreadcrumbList","@id":"https:\/\/fullsolutions.info\/produto\/proline-promag-p300-medidor-de-vazao-eletromagnetico\/#breadcrumb","itemListElement":[{"@type":"ListItem","position":1,"name":"In\u00edcio","item":"https:\/\/fullsolutions.info\/"},{"@type":"ListItem","position":2,"name":"Produtos","item":"https:\/\/fullsolutions.info\/shop\/"},{"@type":"ListItem","position":3,"name":"Proline Promag P300 Medidor de vaz\u00e3o eletromagn\u00e9tico"}]},{"@type":"WebSite","@id":"https:\/\/fullsolutions.info\/#website","url":"https:\/\/fullsolutions.info\/","name":"Full Solutions","description":"Empresa na \u00c1rea de Procurement","publisher":{"@id":"https:\/\/fullsolutions.info\/#organization"},"potentialAction":[{"@type":"SearchAction","target":{"@type":"EntryPoint","urlTemplate":"https:\/\/fullsolutions.info\/?s={search_term_string}"},"query-input":{"@type":"PropertyValueSpecification","valueRequired":true,"valueName":"search_term_string"}}],"inLanguage":"en-US"},{"@type":"Organization","@id":"https:\/\/fullsolutions.info\/#organization","name":"Full Solutions","url":"https:\/\/fullsolutions.info\/","logo":{"@type":"ImageObject","inLanguage":"en-US","@id":"https:\/\/fullsolutions.info\/#\/schema\/logo\/image\/","url":"https:\/\/mlhff0prgoxu.i.optimole.com\/cb:s0sM.767\/w:auto\/h:auto\/q:mauto\/f:best\/https:\/\/fullsolutions.info\/wp-content\/uploads\/2021\/07\/cropped-Design-sem-nome-300x193-1-e1627062664782.png","contentUrl":"https:\/\/mlhff0prgoxu.i.optimole.com\/cb:s0sM.767\/w:auto\/h:auto\/q:mauto\/f:best\/https:\/\/fullsolutions.info\/wp-content\/uploads\/2021\/07\/cropped-Design-sem-nome-300x193-1-e1627062664782.png","width":202,"height":155,"caption":"Full Solutions"},"image":{"@id":"https:\/\/fullsolutions.info\/#\/schema\/logo\/image\/"},"sameAs":["https:\/\/www.linkedin.com\/company\/full-solutions-equipment"]}]}},"_links":{"self":[{"href":"https:\/\/fullsolutions.info\/en\/wp-json\/wp\/v2\/product\/6175","targetHints":{"allow":["GET"]}}],"collection":[{"href":"https:\/\/fullsolutions.info\/en\/wp-json\/wp\/v2\/product"}],"about":[{"href":"https:\/\/fullsolutions.info\/en\/wp-json\/wp\/v2\/types\/product"}],"replies":[{"embeddable":true,"href":"https:\/\/fullsolutions.info\/en\/wp-json\/wp\/v2\/comments?post=6175"}],"wp:featuredmedia":[{"embeddable":true,"href":"https:\/\/fullsolutions.info\/en\/wp-json\/wp\/v2\/media\/6183"}],"wp:attachment":[{"href":"https:\/\/fullsolutions.info\/en\/wp-json\/wp\/v2\/media?parent=6175"}],"wp:term":[{"taxonomy":"product_brand","embeddable":true,"href":"https:\/\/fullsolutions.info\/en\/wp-json\/wp\/v2\/product_brand?post=6175"},{"taxonomy":"product_cat","embeddable":true,"href":"https:\/\/fullsolutions.info\/en\/wp-json\/wp\/v2\/product_cat?post=6175"},{"taxonomy":"product_tag","embeddable":true,"href":"https:\/\/fullsolutions.info\/en\/wp-json\/wp\/v2\/product_tag?post=6175"},{"taxonomy":"marca","embeddable":true,"href":"https:\/\/fullsolutions.info\/en\/wp-json\/wp\/v2\/marca?post=6175"}],"curies":[{"name":"wp","href":"https:\/\/api.w.org\/{rel}","templated":true}]}}