{"id":6164,"date":"2026-02-10T15:09:45","date_gmt":"2026-02-10T18:09:45","guid":{"rendered":"https:\/\/fullsolutions.info\/?post_type=product&#038;p=6164"},"modified":"2026-04-14T09:09:46","modified_gmt":"2026-04-14T12:09:46","slug":"flexview-fma90-medicao-de-nivel-e-vazao","status":"publish","type":"product","link":"https:\/\/fullsolutions.info\/en\/product\/flexview-fma90-medicao-de-nivel-e-vazao\/","title":{"rendered":"FlexView FMA90 \u2013 unidade de controle para medi\u00e7\u00e3o de n\u00edvel e vaz\u00e3o."},"content":{"rendered":"<p data-start=\"47\" data-end=\"622\">O <strong data-start=\"74\" data-end=\"92\">FlexView FMA90<\/strong> \u00e9 uma unidade de controle para sensores de n\u00edvel radar, ultrass\u00f4nicos e hidrost\u00e1ticos ou universais 4-20 mA. Ele permite a conex\u00e3o de at\u00e9 dois sensores simultaneamente e fornece 8 sa\u00eddas digitais de comuta\u00e7\u00e3o. Dispon\u00edvel em vers\u00f5es para campo, trilho DIN e painel, garante instala\u00e7\u00e3o f\u00e1cil tanto em ambientes externos quanto em pain\u00e9is de controle. Seu design robusto e controle por toque intuitivo o tornam ideal para aplica\u00e7\u00f5es vers\u00e1teis no setor de \u00c1gua &amp; Esgoto e em opera\u00e7\u00f5es de utilidades em todos os setores industriais.<\/p>\n<p data-start=\"624\" data-end=\"692\">O <strong data-start=\"626\" data-end=\"644\">FlexView FMA90<\/strong> \u00e9 adequado para uma ampla gama de aplica\u00e7\u00f5es:<\/p>\n<ul data-start=\"694\" data-end=\"951\">\n<li data-start=\"694\" data-end=\"761\">\n<p data-start=\"696\" data-end=\"761\">Escoamento em canais abertos sob condi\u00e7\u00f5es clim\u00e1ticas vari\u00e1veis<\/p>\n<\/li>\n<li data-start=\"762\" data-end=\"833\">\n<p data-start=\"764\" data-end=\"833\">Controle de grade com ocorr\u00eancia de s\u00f3lidos suspensos ou sedimentos<\/p>\n<\/li>\n<li data-start=\"834\" data-end=\"893\">\n<p data-start=\"836\" data-end=\"893\">Controle de bombas em condi\u00e7\u00f5es de instala\u00e7\u00e3o restritas<\/p>\n<\/li>\n<li data-start=\"894\" data-end=\"951\">\n<p data-start=\"896\" data-end=\"951\">Bacias de \u00e1guas pluviais em locais de medi\u00e7\u00e3o remotos<\/p>\n<\/li>\n<\/ul>","protected":false},"excerpt":{"rendered":"<p>O FlexView FMA90 \u00e9 uma unidade de controle para sensores de n\u00edvel radar, ultrass\u00f4nicos e hidrost\u00e1ticos ou universais 4-20 mA. Ele permite a conex\u00e3o de at\u00e9 dois sensores simultaneamente e fornece 8 sa\u00eddas digitais de comuta\u00e7\u00e3o. Dispon\u00edvel em vers\u00f5es para campo, trilho DIN e painel, garante instala\u00e7\u00e3o f\u00e1cil tanto em ambientes externos quanto em pain\u00e9is de controle. Seu design robusto e controle por toque intuitivo o tornam ideal para aplica\u00e7\u00f5es vers\u00e1teis no setor de \u00c1gua &amp; Esgoto e em opera\u00e7\u00f5es de utilidades em todos os setores industriais. O FlexView FMA90 \u00e9 adequado para uma ampla gama de aplica\u00e7\u00f5es: Escoamento em canais abertos sob condi\u00e7\u00f5es clim\u00e1ticas vari\u00e1veis Controle de grade com ocorr\u00eancia de s\u00f3lidos suspensos ou sedimentos Controle de bombas em condi\u00e7\u00f5es de instala\u00e7\u00e3o restritas Bacias de \u00e1guas pluviais em locais de medi\u00e7\u00e3o remotos<\/p>","protected":false},"featured_media":6165,"comment_status":"open","ping_status":"closed","template":"","meta":{"_joinchat":[]},"product_brand":[],"product_cat":[183],"product_tag":[],"marca":[147],"class_list":{"0":"post-6164","1":"product","2":"type-product","3":"status-publish","4":"has-post-thumbnail","6":"product_cat-sensor","7":"marca-endresshauser","9":"first","10":"instock","11":"shipping-taxable","12":"product-type-simple"},"yoast_head":"<!-- This site is optimized with the Yoast SEO plugin v27.2 - https:\/\/yoast.com\/product\/yoast-seo-wordpress\/ -->\n<title>FlexView FMA90 Endress+Hauser - Full Solutions<\/title>\n<meta name=\"description\" content=\"FlexView FMA90 \u00e9 uma unidade de controle para medi\u00e7\u00e3o de n\u00edvel e vaz\u00e3o, com opera\u00e7\u00e3o intuitiva, alta precis\u00e3o e integra\u00e7\u00e3o eficiente em processos industriais.\" \/>\n<meta name=\"robots\" content=\"index, follow, max-snippet:-1, max-image-preview:large, max-video-preview:-1\" \/>\n<link rel=\"canonical\" href=\"https:\/\/fullsolutions.info\/en\/product\/flexview-fma90-medicao-de-nivel-e-vazao\/\" \/>\n<meta property=\"og:locale\" content=\"en_US\" \/>\n<meta property=\"og:type\" content=\"article\" \/>\n<meta property=\"og:title\" content=\"FlexView FMA90 Endress+Hauser - Full Solutions\" \/>\n<meta property=\"og:description\" content=\"FlexView FMA90 \u00e9 uma unidade de controle para medi\u00e7\u00e3o de n\u00edvel e vaz\u00e3o, com opera\u00e7\u00e3o intuitiva, alta precis\u00e3o e integra\u00e7\u00e3o eficiente em processos industriais.\" \/>\n<meta property=\"og:url\" content=\"https:\/\/fullsolutions.info\/en\/product\/flexview-fma90-medicao-de-nivel-e-vazao\/\" \/>\n<meta property=\"og:site_name\" content=\"Full Solutions\" \/>\n<meta property=\"article:modified_time\" content=\"2026-04-14T12:09:46+00:00\" \/>\n<meta property=\"og:image\" content=\"https:\/\/mlhff0prgoxu.i.optimole.com\/cb:s0sM.767\/w:auto\/h:auto\/q:mauto\/f:best\/https:\/\/fullsolutions.info\/wp-content\/uploads\/2026\/02\/FlexView-FMA90-–-unidade-de-controle-para-medicao-de-nivel-e-vazao.png\" \/>\n\t<meta property=\"og:image:width\" content=\"549\" \/>\n\t<meta property=\"og:image:height\" content=\"533\" \/>\n\t<meta property=\"og:image:type\" content=\"image\/png\" \/>\n<meta name=\"twitter:card\" content=\"summary_large_image\" \/>\n<meta name=\"twitter:label1\" content=\"Est. reading time\" \/>\n\t<meta name=\"twitter:data1\" content=\"1 minute\" \/>\n<script type=\"application\/ld+json\" class=\"yoast-schema-graph\">{\"@context\":\"https:\/\/schema.org\",\"@graph\":[{\"@type\":\"WebPage\",\"@id\":\"https:\/\/fullsolutions.info\/produto\/flexview-fma90-medicao-de-nivel-e-vazao\/\",\"url\":\"https:\/\/fullsolutions.info\/produto\/flexview-fma90-medicao-de-nivel-e-vazao\/\",\"name\":\"FlexView FMA90 Endress+Hauser - Full Solutions\",\"isPartOf\":{\"@id\":\"https:\/\/fullsolutions.info\/#website\"},\"primaryImageOfPage\":{\"@id\":\"https:\/\/fullsolutions.info\/produto\/flexview-fma90-medicao-de-nivel-e-vazao\/#primaryimage\"},\"image\":{\"@id\":\"https:\/\/fullsolutions.info\/produto\/flexview-fma90-medicao-de-nivel-e-vazao\/#primaryimage\"},\"thumbnailUrl\":\"https:\/\/mlhff0prgoxu.i.optimole.com\/cb:s0sM.767\/w:auto\/h:auto\/q:mauto\/f:best\/https:\/\/fullsolutions.info\/wp-content\/uploads\/2026\/02\/FlexView-FMA90-–-unidade-de-controle-para-medicao-de-nivel-e-vazao.png\",\"datePublished\":\"2026-02-10T18:09:45+00:00\",\"dateModified\":\"2026-04-14T12:09:46+00:00\",\"description\":\"FlexView FMA90 \u00e9 uma unidade de controle para medi\u00e7\u00e3o de n\u00edvel e vaz\u00e3o, com opera\u00e7\u00e3o intuitiva, alta precis\u00e3o e integra\u00e7\u00e3o eficiente em processos industriais.\",\"breadcrumb\":{\"@id\":\"https:\/\/fullsolutions.info\/produto\/flexview-fma90-medicao-de-nivel-e-vazao\/#breadcrumb\"},\"inLanguage\":\"en-US\",\"potentialAction\":[{\"@type\":\"ReadAction\",\"target\":[\"https:\/\/fullsolutions.info\/produto\/flexview-fma90-medicao-de-nivel-e-vazao\/\"]}]},{\"@type\":\"ImageObject\",\"inLanguage\":\"en-US\",\"@id\":\"https:\/\/fullsolutions.info\/produto\/flexview-fma90-medicao-de-nivel-e-vazao\/#primaryimage\",\"url\":\"https:\/\/mlhff0prgoxu.i.optimole.com\/cb:s0sM.767\/w:auto\/h:auto\/q:mauto\/f:best\/https:\/\/fullsolutions.info\/wp-content\/uploads\/2026\/02\/FlexView-FMA90-–-unidade-de-controle-para-medicao-de-nivel-e-vazao.png\",\"contentUrl\":\"https:\/\/mlhff0prgoxu.i.optimole.com\/cb:s0sM.767\/w:auto\/h:auto\/q:mauto\/f:best\/https:\/\/fullsolutions.info\/wp-content\/uploads\/2026\/02\/FlexView-FMA90-–-unidade-de-controle-para-medicao-de-nivel-e-vazao.png\",\"width\":549,\"height\":533},{\"@type\":\"BreadcrumbList\",\"@id\":\"https:\/\/fullsolutions.info\/produto\/flexview-fma90-medicao-de-nivel-e-vazao\/#breadcrumb\",\"itemListElement\":[{\"@type\":\"ListItem\",\"position\":1,\"name\":\"In\u00edcio\",\"item\":\"https:\/\/fullsolutions.info\/\"},{\"@type\":\"ListItem\",\"position\":2,\"name\":\"Produtos\",\"item\":\"https:\/\/fullsolutions.info\/shop\/\"},{\"@type\":\"ListItem\",\"position\":3,\"name\":\"FlexView FMA90 \u2013 unidade de controle para medi\u00e7\u00e3o de n\u00edvel e vaz\u00e3o.\"}]},{\"@type\":\"WebSite\",\"@id\":\"https:\/\/fullsolutions.info\/#website\",\"url\":\"https:\/\/fullsolutions.info\/\",\"name\":\"Full Solutions\",\"description\":\"Empresa na \u00c1rea de Procurement\",\"publisher\":{\"@id\":\"https:\/\/fullsolutions.info\/#organization\"},\"potentialAction\":[{\"@type\":\"SearchAction\",\"target\":{\"@type\":\"EntryPoint\",\"urlTemplate\":\"https:\/\/fullsolutions.info\/?s={search_term_string}\"},\"query-input\":{\"@type\":\"PropertyValueSpecification\",\"valueRequired\":true,\"valueName\":\"search_term_string\"}}],\"inLanguage\":\"en-US\"},{\"@type\":\"Organization\",\"@id\":\"https:\/\/fullsolutions.info\/#organization\",\"name\":\"Full Solutions\",\"url\":\"https:\/\/fullsolutions.info\/\",\"logo\":{\"@type\":\"ImageObject\",\"inLanguage\":\"en-US\",\"@id\":\"https:\/\/fullsolutions.info\/#\/schema\/logo\/image\/\",\"url\":\"https:\/\/mlhff0prgoxu.i.optimole.com\/cb:s0sM.767\/w:auto\/h:auto\/q:mauto\/f:best\/https:\/\/fullsolutions.info\/wp-content\/uploads\/2021\/07\/cropped-Design-sem-nome-300x193-1-e1627062664782.png\",\"contentUrl\":\"https:\/\/mlhff0prgoxu.i.optimole.com\/cb:s0sM.767\/w:auto\/h:auto\/q:mauto\/f:best\/https:\/\/fullsolutions.info\/wp-content\/uploads\/2021\/07\/cropped-Design-sem-nome-300x193-1-e1627062664782.png\",\"width\":202,\"height\":155,\"caption\":\"Full Solutions\"},\"image\":{\"@id\":\"https:\/\/fullsolutions.info\/#\/schema\/logo\/image\/\"},\"sameAs\":[\"https:\/\/www.linkedin.com\/company\/full-solutions-equipment\"]}]}<\/script>\n<!-- \/ Yoast SEO plugin. -->","yoast_head_json":{"title":"FlexView FMA90 Endress+Hauser - Full Solutions","description":"FlexView FMA90 \u00e9 uma unidade de controle para medi\u00e7\u00e3o de n\u00edvel e vaz\u00e3o, com opera\u00e7\u00e3o intuitiva, alta precis\u00e3o e integra\u00e7\u00e3o eficiente em processos industriais.","robots":{"index":"index","follow":"follow","max-snippet":"max-snippet:-1","max-image-preview":"max-image-preview:large","max-video-preview":"max-video-preview:-1"},"canonical":"https:\/\/fullsolutions.info\/en\/product\/flexview-fma90-medicao-de-nivel-e-vazao\/","og_locale":"en_US","og_type":"article","og_title":"FlexView FMA90 Endress+Hauser - Full Solutions","og_description":"FlexView FMA90 \u00e9 uma unidade de controle para medi\u00e7\u00e3o de n\u00edvel e vaz\u00e3o, com opera\u00e7\u00e3o intuitiva, alta precis\u00e3o e integra\u00e7\u00e3o eficiente em processos industriais.","og_url":"https:\/\/fullsolutions.info\/en\/product\/flexview-fma90-medicao-de-nivel-e-vazao\/","og_site_name":"Full Solutions","article_modified_time":"2026-04-14T12:09:46+00:00","og_image":[{"width":549,"height":533,"url":"https:\/\/mlhff0prgoxu.i.optimole.com\/cb:s0sM.767\/w:auto\/h:auto\/q:mauto\/f:best\/https:\/\/fullsolutions.info\/wp-content\/uploads\/2026\/02\/FlexView-FMA90-–-unidade-de-controle-para-medicao-de-nivel-e-vazao.png","type":"image\/png"}],"twitter_card":"summary_large_image","twitter_misc":{"Est. reading time":"1 minute"},"schema":{"@context":"https:\/\/schema.org","@graph":[{"@type":"WebPage","@id":"https:\/\/fullsolutions.info\/produto\/flexview-fma90-medicao-de-nivel-e-vazao\/","url":"https:\/\/fullsolutions.info\/produto\/flexview-fma90-medicao-de-nivel-e-vazao\/","name":"FlexView FMA90 Endress+Hauser - Full Solutions","isPartOf":{"@id":"https:\/\/fullsolutions.info\/#website"},"primaryImageOfPage":{"@id":"https:\/\/fullsolutions.info\/produto\/flexview-fma90-medicao-de-nivel-e-vazao\/#primaryimage"},"image":{"@id":"https:\/\/fullsolutions.info\/produto\/flexview-fma90-medicao-de-nivel-e-vazao\/#primaryimage"},"thumbnailUrl":"https:\/\/mlhff0prgoxu.i.optimole.com\/cb:s0sM.767\/w:auto\/h:auto\/q:mauto\/f:best\/https:\/\/fullsolutions.info\/wp-content\/uploads\/2026\/02\/FlexView-FMA90-–-unidade-de-controle-para-medicao-de-nivel-e-vazao.png","datePublished":"2026-02-10T18:09:45+00:00","dateModified":"2026-04-14T12:09:46+00:00","description":"FlexView FMA90 \u00e9 uma unidade de controle para medi\u00e7\u00e3o de n\u00edvel e vaz\u00e3o, com opera\u00e7\u00e3o intuitiva, alta precis\u00e3o e integra\u00e7\u00e3o eficiente em processos industriais.","breadcrumb":{"@id":"https:\/\/fullsolutions.info\/produto\/flexview-fma90-medicao-de-nivel-e-vazao\/#breadcrumb"},"inLanguage":"en-US","potentialAction":[{"@type":"ReadAction","target":["https:\/\/fullsolutions.info\/produto\/flexview-fma90-medicao-de-nivel-e-vazao\/"]}]},{"@type":"ImageObject","inLanguage":"en-US","@id":"https:\/\/fullsolutions.info\/produto\/flexview-fma90-medicao-de-nivel-e-vazao\/#primaryimage","url":"https:\/\/mlhff0prgoxu.i.optimole.com\/cb:s0sM.767\/w:auto\/h:auto\/q:mauto\/f:best\/https:\/\/fullsolutions.info\/wp-content\/uploads\/2026\/02\/FlexView-FMA90-–-unidade-de-controle-para-medicao-de-nivel-e-vazao.png","contentUrl":"https:\/\/mlhff0prgoxu.i.optimole.com\/cb:s0sM.767\/w:auto\/h:auto\/q:mauto\/f:best\/https:\/\/fullsolutions.info\/wp-content\/uploads\/2026\/02\/FlexView-FMA90-–-unidade-de-controle-para-medicao-de-nivel-e-vazao.png","width":549,"height":533},{"@type":"BreadcrumbList","@id":"https:\/\/fullsolutions.info\/produto\/flexview-fma90-medicao-de-nivel-e-vazao\/#breadcrumb","itemListElement":[{"@type":"ListItem","position":1,"name":"In\u00edcio","item":"https:\/\/fullsolutions.info\/"},{"@type":"ListItem","position":2,"name":"Produtos","item":"https:\/\/fullsolutions.info\/shop\/"},{"@type":"ListItem","position":3,"name":"FlexView FMA90 \u2013 unidade de controle para medi\u00e7\u00e3o de n\u00edvel e vaz\u00e3o."}]},{"@type":"WebSite","@id":"https:\/\/fullsolutions.info\/#website","url":"https:\/\/fullsolutions.info\/","name":"Full Solutions","description":"Empresa na \u00c1rea de Procurement","publisher":{"@id":"https:\/\/fullsolutions.info\/#organization"},"potentialAction":[{"@type":"SearchAction","target":{"@type":"EntryPoint","urlTemplate":"https:\/\/fullsolutions.info\/?s={search_term_string}"},"query-input":{"@type":"PropertyValueSpecification","valueRequired":true,"valueName":"search_term_string"}}],"inLanguage":"en-US"},{"@type":"Organization","@id":"https:\/\/fullsolutions.info\/#organization","name":"Full Solutions","url":"https:\/\/fullsolutions.info\/","logo":{"@type":"ImageObject","inLanguage":"en-US","@id":"https:\/\/fullsolutions.info\/#\/schema\/logo\/image\/","url":"https:\/\/mlhff0prgoxu.i.optimole.com\/cb:s0sM.767\/w:auto\/h:auto\/q:mauto\/f:best\/https:\/\/fullsolutions.info\/wp-content\/uploads\/2021\/07\/cropped-Design-sem-nome-300x193-1-e1627062664782.png","contentUrl":"https:\/\/mlhff0prgoxu.i.optimole.com\/cb:s0sM.767\/w:auto\/h:auto\/q:mauto\/f:best\/https:\/\/fullsolutions.info\/wp-content\/uploads\/2021\/07\/cropped-Design-sem-nome-300x193-1-e1627062664782.png","width":202,"height":155,"caption":"Full Solutions"},"image":{"@id":"https:\/\/fullsolutions.info\/#\/schema\/logo\/image\/"},"sameAs":["https:\/\/www.linkedin.com\/company\/full-solutions-equipment"]}]}},"_links":{"self":[{"href":"https:\/\/fullsolutions.info\/en\/wp-json\/wp\/v2\/product\/6164","targetHints":{"allow":["GET"]}}],"collection":[{"href":"https:\/\/fullsolutions.info\/en\/wp-json\/wp\/v2\/product"}],"about":[{"href":"https:\/\/fullsolutions.info\/en\/wp-json\/wp\/v2\/types\/product"}],"replies":[{"embeddable":true,"href":"https:\/\/fullsolutions.info\/en\/wp-json\/wp\/v2\/comments?post=6164"}],"wp:featuredmedia":[{"embeddable":true,"href":"https:\/\/fullsolutions.info\/en\/wp-json\/wp\/v2\/media\/6165"}],"wp:attachment":[{"href":"https:\/\/fullsolutions.info\/en\/wp-json\/wp\/v2\/media?parent=6164"}],"wp:term":[{"taxonomy":"product_brand","embeddable":true,"href":"https:\/\/fullsolutions.info\/en\/wp-json\/wp\/v2\/product_brand?post=6164"},{"taxonomy":"product_cat","embeddable":true,"href":"https:\/\/fullsolutions.info\/en\/wp-json\/wp\/v2\/product_cat?post=6164"},{"taxonomy":"product_tag","embeddable":true,"href":"https:\/\/fullsolutions.info\/en\/wp-json\/wp\/v2\/product_tag?post=6164"},{"taxonomy":"marca","embeddable":true,"href":"https:\/\/fullsolutions.info\/en\/wp-json\/wp\/v2\/marca?post=6164"}],"curies":[{"name":"wp","href":"https:\/\/api.w.org\/{rel}","templated":true}]}}