{"id":6161,"date":"2026-02-10T14:55:34","date_gmt":"2026-02-10T17:55:34","guid":{"rendered":"https:\/\/fullsolutions.info\/?post_type=product&#038;p=6161"},"modified":"2026-04-14T09:18:35","modified_gmt":"2026-04-14T12:18:35","slug":"micropilot-fmr10b-sensor-de-radar-para-aplicacoes-basicas","status":"publish","type":"product","link":"https:\/\/fullsolutions.info\/en\/product\/micropilot-fmr10b-sensor-de-radar-para-aplicacoes-basicas\/","title":{"rendered":"Micropilot FMR10B \u2013 sensor de radar para aplica\u00e7\u00f5es b\u00e1sicas"},"content":{"rendered":"<div class=\"flex flex-col text-sm pb-25\">\n<section class=\"text-token-text-primary w-full focus:outline-none [--shadow-height:45px] has-data-writing-block:pointer-events-none has-data-writing-block:-mt-(--shadow-height) has-data-writing-block:pt-(--shadow-height) [&amp;:has([data-writing-block])&gt;*]:pointer-events-auto scroll-mt-[calc(var(--header-height)+min(200px,max(70px,20svh)))]\" dir=\"auto\" data-turn-id=\"request-699ca875-1334-8333-b8aa-68e7e834a0ad-40\" data-testid=\"conversation-turn-224\" data-scroll-anchor=\"true\" data-turn=\"assistant\">\n<div class=\"text-base my-auto mx-auto pb-10 [--thread-content-margin:var(--thread-content-margin-xs,calc(var(--spacing)*4))] @w-sm\/main:[--thread-content-margin:var(--thread-content-margin-sm,calc(var(--spacing)*6))] @w-lg\/main:[--thread-content-margin:var(--thread-content-margin-lg,calc(var(--spacing)*16))] px-(--thread-content-margin)\">\n<div class=\"[--thread-content-max-width:40rem] @w-lg\/main:[--thread-content-max-width:48rem] mx-auto max-w-(--thread-content-max-width) flex-1 group\/turn-messages focus-visible:outline-hidden relative flex w-full min-w-0 flex-col agent-turn\">\n<div class=\"flex max-w-full flex-col gap-4 grow\">\n<div class=\"min-h-8 text-message relative flex w-full flex-col items-end gap-2 text-start break-words whitespace-normal outline-none keyboard-focused:focus-ring [.text-message+&amp;]:mt-1\" dir=\"auto\" tabindex=\"0\" data-message-author-role=\"assistant\" data-message-id=\"e4817ec0-74d5-40ec-9993-0c5a4bd845c1\" data-message-model-slug=\"gpt-5-3\" data-turn-start-message=\"true\">\n<div class=\"flex w-full flex-col gap-1 empty:hidden\">\n<div class=\"markdown prose dark:prose-invert w-full wrap-break-word light markdown-new-styling\">\n<p data-start=\"0\" data-end=\"461\">O <strong data-start=\"2\" data-end=\"23\">Micropilot FMR10B<\/strong> realiza medi\u00e7\u00e3o cont\u00ednua e sem contato de n\u00edvel com tecnologia de 80 GHz. Al\u00e9m disso, ele atende aplica\u00e7\u00f5es b\u00e1sicas nas ind\u00fastrias de \u00e1gua, esgoto e efluentes, bem como em minera\u00e7\u00e3o e servi\u00e7os de abastecimento. Os assistentes guiados simplificam a instala\u00e7\u00e3o e o comissionamento. Dessa forma, o usu\u00e1rio reduz o tempo de configura\u00e7\u00e3o. O design compacto permite instala\u00e7\u00e3o em espa\u00e7os limitados, o que amplia as possibilidades de aplica\u00e7\u00e3o.<\/p>\n<p data-start=\"463\" data-end=\"715\">O <strong data-start=\"465\" data-end=\"486\">Micropilot FMR10B<\/strong> opera como radar de onda livre com faixa de medi\u00e7\u00e3o de at\u00e9 10 m (33 p\u00e9s). Portanto, ele atende medi\u00e7\u00f5es de n\u00edvel em l\u00edquidos e s\u00f3lidos em aplica\u00e7\u00f5es b\u00e1sicas. Al\u00e9m disso, o equipamento se adapta a diferentes cen\u00e1rios industriais.<\/p>\n<p data-start=\"717\" data-end=\"728\">Aplica\u00e7\u00f5es:<\/p>\n<ul data-start=\"730\" data-end=\"825\" data-is-last-node=\"\" data-is-only-node=\"\">\n<li data-section-id=\"g45ghp\" data-start=\"730\" data-end=\"749\">Tanques abertos<\/li>\n<li data-section-id=\"14mt1r2\" data-start=\"750\" data-end=\"775\">Monitoramento de rios<\/li>\n<li data-section-id=\"1ij2q4y\" data-start=\"776\" data-end=\"804\">Tanques de armazenamento<\/li>\n<li data-section-id=\"1nuk6ci\" data-start=\"805\" data-end=\"814\">Silos<\/li>\n<li data-section-id=\"f8u3h5\" data-start=\"815\" data-end=\"825\" data-is-last-node=\"\">Armaz\u00e9ns<\/li>\n<\/ul>\n<\/div>\n<\/div>\n<\/div>\n<\/div>\n<\/div>\n<\/div>\n<\/section>\n<\/div>","protected":false},"excerpt":{"rendered":"<p>O Micropilot FMR10B realiza medi\u00e7\u00e3o cont\u00ednua e sem contato de n\u00edvel com tecnologia de 80 GHz. Al\u00e9m disso, ele atende aplica\u00e7\u00f5es b\u00e1sicas nas ind\u00fastrias de \u00e1gua, esgoto e efluentes, bem como em minera\u00e7\u00e3o e servi\u00e7os de abastecimento. Os assistentes guiados simplificam a instala\u00e7\u00e3o e o comissionamento. Dessa forma, o usu\u00e1rio reduz o tempo de configura\u00e7\u00e3o. O design compacto permite instala\u00e7\u00e3o em espa\u00e7os limitados, o que amplia as possibilidades de aplica\u00e7\u00e3o. O Micropilot FMR10B opera como radar de onda livre com faixa de medi\u00e7\u00e3o de at\u00e9 10 m (33 p\u00e9s). Portanto, ele atende medi\u00e7\u00f5es de n\u00edvel em l\u00edquidos e s\u00f3lidos em aplica\u00e7\u00f5es b\u00e1sicas. Al\u00e9m disso, o equipamento se adapta a diferentes cen\u00e1rios industriais. Aplica\u00e7\u00f5es: Tanques abertos Monitoramento de rios Tanques de armazenamento Silos Armaz\u00e9ns<\/p>","protected":false},"featured_media":6162,"comment_status":"open","ping_status":"closed","template":"","meta":{"_joinchat":[]},"product_brand":[],"product_cat":[183],"product_tag":[],"marca":[147],"class_list":{"0":"post-6161","1":"product","2":"type-product","3":"status-publish","4":"has-post-thumbnail","6":"product_cat-sensor","7":"marca-endresshauser","9":"first","10":"instock","11":"shipping-taxable","12":"product-type-simple"},"yoast_head":"<!-- This site is optimized with the Yoast SEO plugin v27.2 - https:\/\/yoast.com\/product\/yoast-seo-wordpress\/ -->\n<title>Micropilot FMR10B Endress+Hauser - Full Solutions<\/title>\n<meta name=\"description\" content=\"Micropilot FMR10B \u00e9 um medidor de n\u00edvel por radar compacto, ideal para l\u00edquidos, com medi\u00e7\u00e3o sem contato, instala\u00e7\u00e3o simples e alta confiabilidade.\" \/>\n<meta name=\"robots\" content=\"index, follow, max-snippet:-1, max-image-preview:large, max-video-preview:-1\" \/>\n<link rel=\"canonical\" href=\"https:\/\/fullsolutions.info\/en\/product\/micropilot-fmr10b-sensor-de-radar-para-aplicacoes-basicas\/\" \/>\n<meta property=\"og:locale\" content=\"en_US\" \/>\n<meta property=\"og:type\" content=\"article\" \/>\n<meta property=\"og:title\" content=\"Micropilot FMR10B Endress+Hauser - Full Solutions\" \/>\n<meta property=\"og:description\" content=\"Micropilot FMR10B \u00e9 um medidor de n\u00edvel por radar compacto, ideal para l\u00edquidos, com medi\u00e7\u00e3o sem contato, instala\u00e7\u00e3o simples e alta confiabilidade.\" \/>\n<meta property=\"og:url\" content=\"https:\/\/fullsolutions.info\/en\/product\/micropilot-fmr10b-sensor-de-radar-para-aplicacoes-basicas\/\" \/>\n<meta property=\"og:site_name\" content=\"Full Solutions\" \/>\n<meta property=\"article:modified_time\" content=\"2026-04-14T12:18:35+00:00\" \/>\n<meta property=\"og:image\" content=\"https:\/\/mlhff0prgoxu.i.optimole.com\/cb:s0sM.767\/w:auto\/h:auto\/q:mauto\/f:best\/https:\/\/fullsolutions.info\/wp-content\/uploads\/2026\/02\/Micropilot-FMR10B-–-sensor-de-radar-para-aplicacoes-basicas.png\" \/>\n\t<meta property=\"og:image:width\" content=\"549\" \/>\n\t<meta property=\"og:image:height\" content=\"533\" \/>\n\t<meta property=\"og:image:type\" content=\"image\/png\" \/>\n<meta name=\"twitter:card\" content=\"summary_large_image\" \/>\n<meta name=\"twitter:label1\" content=\"Est. reading time\" \/>\n\t<meta name=\"twitter:data1\" content=\"1 minute\" \/>\n<script type=\"application\/ld+json\" class=\"yoast-schema-graph\">{\"@context\":\"https:\/\/schema.org\",\"@graph\":[{\"@type\":\"WebPage\",\"@id\":\"https:\/\/fullsolutions.info\/produto\/micropilot-fmr10b-sensor-de-radar-para-aplicacoes-basicas\/\",\"url\":\"https:\/\/fullsolutions.info\/produto\/micropilot-fmr10b-sensor-de-radar-para-aplicacoes-basicas\/\",\"name\":\"Micropilot FMR10B Endress+Hauser - Full Solutions\",\"isPartOf\":{\"@id\":\"https:\/\/fullsolutions.info\/#website\"},\"primaryImageOfPage\":{\"@id\":\"https:\/\/fullsolutions.info\/produto\/micropilot-fmr10b-sensor-de-radar-para-aplicacoes-basicas\/#primaryimage\"},\"image\":{\"@id\":\"https:\/\/fullsolutions.info\/produto\/micropilot-fmr10b-sensor-de-radar-para-aplicacoes-basicas\/#primaryimage\"},\"thumbnailUrl\":\"https:\/\/mlhff0prgoxu.i.optimole.com\/cb:s0sM.767\/w:auto\/h:auto\/q:mauto\/f:best\/https:\/\/fullsolutions.info\/wp-content\/uploads\/2026\/02\/Micropilot-FMR10B-–-sensor-de-radar-para-aplicacoes-basicas.png\",\"datePublished\":\"2026-02-10T17:55:34+00:00\",\"dateModified\":\"2026-04-14T12:18:35+00:00\",\"description\":\"Micropilot FMR10B \u00e9 um medidor de n\u00edvel por radar compacto, ideal para l\u00edquidos, com medi\u00e7\u00e3o sem contato, instala\u00e7\u00e3o simples e alta confiabilidade.\",\"breadcrumb\":{\"@id\":\"https:\/\/fullsolutions.info\/produto\/micropilot-fmr10b-sensor-de-radar-para-aplicacoes-basicas\/#breadcrumb\"},\"inLanguage\":\"en-US\",\"potentialAction\":[{\"@type\":\"ReadAction\",\"target\":[\"https:\/\/fullsolutions.info\/produto\/micropilot-fmr10b-sensor-de-radar-para-aplicacoes-basicas\/\"]}]},{\"@type\":\"ImageObject\",\"inLanguage\":\"en-US\",\"@id\":\"https:\/\/fullsolutions.info\/produto\/micropilot-fmr10b-sensor-de-radar-para-aplicacoes-basicas\/#primaryimage\",\"url\":\"https:\/\/mlhff0prgoxu.i.optimole.com\/cb:s0sM.767\/w:auto\/h:auto\/q:mauto\/f:best\/https:\/\/fullsolutions.info\/wp-content\/uploads\/2026\/02\/Micropilot-FMR10B-–-sensor-de-radar-para-aplicacoes-basicas.png\",\"contentUrl\":\"https:\/\/mlhff0prgoxu.i.optimole.com\/cb:s0sM.767\/w:auto\/h:auto\/q:mauto\/f:best\/https:\/\/fullsolutions.info\/wp-content\/uploads\/2026\/02\/Micropilot-FMR10B-–-sensor-de-radar-para-aplicacoes-basicas.png\",\"width\":549,\"height\":533},{\"@type\":\"BreadcrumbList\",\"@id\":\"https:\/\/fullsolutions.info\/produto\/micropilot-fmr10b-sensor-de-radar-para-aplicacoes-basicas\/#breadcrumb\",\"itemListElement\":[{\"@type\":\"ListItem\",\"position\":1,\"name\":\"In\u00edcio\",\"item\":\"https:\/\/fullsolutions.info\/\"},{\"@type\":\"ListItem\",\"position\":2,\"name\":\"Produtos\",\"item\":\"https:\/\/fullsolutions.info\/shop\/\"},{\"@type\":\"ListItem\",\"position\":3,\"name\":\"Micropilot FMR10B \u2013 sensor de radar para aplica\u00e7\u00f5es b\u00e1sicas\"}]},{\"@type\":\"WebSite\",\"@id\":\"https:\/\/fullsolutions.info\/#website\",\"url\":\"https:\/\/fullsolutions.info\/\",\"name\":\"Full Solutions\",\"description\":\"Empresa na \u00c1rea de Procurement\",\"publisher\":{\"@id\":\"https:\/\/fullsolutions.info\/#organization\"},\"potentialAction\":[{\"@type\":\"SearchAction\",\"target\":{\"@type\":\"EntryPoint\",\"urlTemplate\":\"https:\/\/fullsolutions.info\/?s={search_term_string}\"},\"query-input\":{\"@type\":\"PropertyValueSpecification\",\"valueRequired\":true,\"valueName\":\"search_term_string\"}}],\"inLanguage\":\"en-US\"},{\"@type\":\"Organization\",\"@id\":\"https:\/\/fullsolutions.info\/#organization\",\"name\":\"Full Solutions\",\"url\":\"https:\/\/fullsolutions.info\/\",\"logo\":{\"@type\":\"ImageObject\",\"inLanguage\":\"en-US\",\"@id\":\"https:\/\/fullsolutions.info\/#\/schema\/logo\/image\/\",\"url\":\"https:\/\/mlhff0prgoxu.i.optimole.com\/cb:s0sM.767\/w:auto\/h:auto\/q:mauto\/f:best\/https:\/\/fullsolutions.info\/wp-content\/uploads\/2021\/07\/cropped-Design-sem-nome-300x193-1-e1627062664782.png\",\"contentUrl\":\"https:\/\/mlhff0prgoxu.i.optimole.com\/cb:s0sM.767\/w:auto\/h:auto\/q:mauto\/f:best\/https:\/\/fullsolutions.info\/wp-content\/uploads\/2021\/07\/cropped-Design-sem-nome-300x193-1-e1627062664782.png\",\"width\":202,\"height\":155,\"caption\":\"Full Solutions\"},\"image\":{\"@id\":\"https:\/\/fullsolutions.info\/#\/schema\/logo\/image\/\"},\"sameAs\":[\"https:\/\/www.linkedin.com\/company\/full-solutions-equipment\"]}]}<\/script>\n<!-- \/ Yoast SEO plugin. -->","yoast_head_json":{"title":"Micropilot FMR10B Endress+Hauser - Full Solutions","description":"Micropilot FMR10B \u00e9 um medidor de n\u00edvel por radar compacto, ideal para l\u00edquidos, com medi\u00e7\u00e3o sem contato, instala\u00e7\u00e3o simples e alta confiabilidade.","robots":{"index":"index","follow":"follow","max-snippet":"max-snippet:-1","max-image-preview":"max-image-preview:large","max-video-preview":"max-video-preview:-1"},"canonical":"https:\/\/fullsolutions.info\/en\/product\/micropilot-fmr10b-sensor-de-radar-para-aplicacoes-basicas\/","og_locale":"en_US","og_type":"article","og_title":"Micropilot FMR10B Endress+Hauser - Full Solutions","og_description":"Micropilot FMR10B \u00e9 um medidor de n\u00edvel por radar compacto, ideal para l\u00edquidos, com medi\u00e7\u00e3o sem contato, instala\u00e7\u00e3o simples e alta confiabilidade.","og_url":"https:\/\/fullsolutions.info\/en\/product\/micropilot-fmr10b-sensor-de-radar-para-aplicacoes-basicas\/","og_site_name":"Full Solutions","article_modified_time":"2026-04-14T12:18:35+00:00","og_image":[{"width":549,"height":533,"url":"https:\/\/mlhff0prgoxu.i.optimole.com\/cb:s0sM.767\/w:auto\/h:auto\/q:mauto\/f:best\/https:\/\/fullsolutions.info\/wp-content\/uploads\/2026\/02\/Micropilot-FMR10B-–-sensor-de-radar-para-aplicacoes-basicas.png","type":"image\/png"}],"twitter_card":"summary_large_image","twitter_misc":{"Est. reading time":"1 minute"},"schema":{"@context":"https:\/\/schema.org","@graph":[{"@type":"WebPage","@id":"https:\/\/fullsolutions.info\/produto\/micropilot-fmr10b-sensor-de-radar-para-aplicacoes-basicas\/","url":"https:\/\/fullsolutions.info\/produto\/micropilot-fmr10b-sensor-de-radar-para-aplicacoes-basicas\/","name":"Micropilot FMR10B Endress+Hauser - Full Solutions","isPartOf":{"@id":"https:\/\/fullsolutions.info\/#website"},"primaryImageOfPage":{"@id":"https:\/\/fullsolutions.info\/produto\/micropilot-fmr10b-sensor-de-radar-para-aplicacoes-basicas\/#primaryimage"},"image":{"@id":"https:\/\/fullsolutions.info\/produto\/micropilot-fmr10b-sensor-de-radar-para-aplicacoes-basicas\/#primaryimage"},"thumbnailUrl":"https:\/\/mlhff0prgoxu.i.optimole.com\/cb:s0sM.767\/w:auto\/h:auto\/q:mauto\/f:best\/https:\/\/fullsolutions.info\/wp-content\/uploads\/2026\/02\/Micropilot-FMR10B-–-sensor-de-radar-para-aplicacoes-basicas.png","datePublished":"2026-02-10T17:55:34+00:00","dateModified":"2026-04-14T12:18:35+00:00","description":"Micropilot FMR10B \u00e9 um medidor de n\u00edvel por radar compacto, ideal para l\u00edquidos, com medi\u00e7\u00e3o sem contato, instala\u00e7\u00e3o simples e alta confiabilidade.","breadcrumb":{"@id":"https:\/\/fullsolutions.info\/produto\/micropilot-fmr10b-sensor-de-radar-para-aplicacoes-basicas\/#breadcrumb"},"inLanguage":"en-US","potentialAction":[{"@type":"ReadAction","target":["https:\/\/fullsolutions.info\/produto\/micropilot-fmr10b-sensor-de-radar-para-aplicacoes-basicas\/"]}]},{"@type":"ImageObject","inLanguage":"en-US","@id":"https:\/\/fullsolutions.info\/produto\/micropilot-fmr10b-sensor-de-radar-para-aplicacoes-basicas\/#primaryimage","url":"https:\/\/mlhff0prgoxu.i.optimole.com\/cb:s0sM.767\/w:auto\/h:auto\/q:mauto\/f:best\/https:\/\/fullsolutions.info\/wp-content\/uploads\/2026\/02\/Micropilot-FMR10B-–-sensor-de-radar-para-aplicacoes-basicas.png","contentUrl":"https:\/\/mlhff0prgoxu.i.optimole.com\/cb:s0sM.767\/w:auto\/h:auto\/q:mauto\/f:best\/https:\/\/fullsolutions.info\/wp-content\/uploads\/2026\/02\/Micropilot-FMR10B-–-sensor-de-radar-para-aplicacoes-basicas.png","width":549,"height":533},{"@type":"BreadcrumbList","@id":"https:\/\/fullsolutions.info\/produto\/micropilot-fmr10b-sensor-de-radar-para-aplicacoes-basicas\/#breadcrumb","itemListElement":[{"@type":"ListItem","position":1,"name":"In\u00edcio","item":"https:\/\/fullsolutions.info\/"},{"@type":"ListItem","position":2,"name":"Produtos","item":"https:\/\/fullsolutions.info\/shop\/"},{"@type":"ListItem","position":3,"name":"Micropilot FMR10B \u2013 sensor de radar para aplica\u00e7\u00f5es b\u00e1sicas"}]},{"@type":"WebSite","@id":"https:\/\/fullsolutions.info\/#website","url":"https:\/\/fullsolutions.info\/","name":"Full Solutions","description":"Empresa na \u00c1rea de Procurement","publisher":{"@id":"https:\/\/fullsolutions.info\/#organization"},"potentialAction":[{"@type":"SearchAction","target":{"@type":"EntryPoint","urlTemplate":"https:\/\/fullsolutions.info\/?s={search_term_string}"},"query-input":{"@type":"PropertyValueSpecification","valueRequired":true,"valueName":"search_term_string"}}],"inLanguage":"en-US"},{"@type":"Organization","@id":"https:\/\/fullsolutions.info\/#organization","name":"Full Solutions","url":"https:\/\/fullsolutions.info\/","logo":{"@type":"ImageObject","inLanguage":"en-US","@id":"https:\/\/fullsolutions.info\/#\/schema\/logo\/image\/","url":"https:\/\/mlhff0prgoxu.i.optimole.com\/cb:s0sM.767\/w:auto\/h:auto\/q:mauto\/f:best\/https:\/\/fullsolutions.info\/wp-content\/uploads\/2021\/07\/cropped-Design-sem-nome-300x193-1-e1627062664782.png","contentUrl":"https:\/\/mlhff0prgoxu.i.optimole.com\/cb:s0sM.767\/w:auto\/h:auto\/q:mauto\/f:best\/https:\/\/fullsolutions.info\/wp-content\/uploads\/2021\/07\/cropped-Design-sem-nome-300x193-1-e1627062664782.png","width":202,"height":155,"caption":"Full Solutions"},"image":{"@id":"https:\/\/fullsolutions.info\/#\/schema\/logo\/image\/"},"sameAs":["https:\/\/www.linkedin.com\/company\/full-solutions-equipment"]}]}},"_links":{"self":[{"href":"https:\/\/fullsolutions.info\/en\/wp-json\/wp\/v2\/product\/6161","targetHints":{"allow":["GET"]}}],"collection":[{"href":"https:\/\/fullsolutions.info\/en\/wp-json\/wp\/v2\/product"}],"about":[{"href":"https:\/\/fullsolutions.info\/en\/wp-json\/wp\/v2\/types\/product"}],"replies":[{"embeddable":true,"href":"https:\/\/fullsolutions.info\/en\/wp-json\/wp\/v2\/comments?post=6161"}],"wp:featuredmedia":[{"embeddable":true,"href":"https:\/\/fullsolutions.info\/en\/wp-json\/wp\/v2\/media\/6162"}],"wp:attachment":[{"href":"https:\/\/fullsolutions.info\/en\/wp-json\/wp\/v2\/media?parent=6161"}],"wp:term":[{"taxonomy":"product_brand","embeddable":true,"href":"https:\/\/fullsolutions.info\/en\/wp-json\/wp\/v2\/product_brand?post=6161"},{"taxonomy":"product_cat","embeddable":true,"href":"https:\/\/fullsolutions.info\/en\/wp-json\/wp\/v2\/product_cat?post=6161"},{"taxonomy":"product_tag","embeddable":true,"href":"https:\/\/fullsolutions.info\/en\/wp-json\/wp\/v2\/product_tag?post=6161"},{"taxonomy":"marca","embeddable":true,"href":"https:\/\/fullsolutions.info\/en\/wp-json\/wp\/v2\/marca?post=6161"}],"curies":[{"name":"wp","href":"https:\/\/api.w.org\/{rel}","templated":true}]}}