{"id":6159,"date":"2026-02-10T14:50:31","date_gmt":"2026-02-10T17:50:31","guid":{"rendered":"https:\/\/fullsolutions.info\/?post_type=product&#038;p=6159"},"modified":"2026-04-14T09:21:03","modified_gmt":"2026-04-14T12:21:03","slug":"micropilot-fmr43-radar-de-180ghz-ou-80ghz-para-processos-higienicos","status":"publish","type":"product","link":"https:\/\/fullsolutions.info\/en\/product\/micropilot-fmr43-radar-de-180ghz-ou-80ghz-para-processos-higienicos\/","title":{"rendered":"Micropilot FMR43 \u2013 Radar de 180GHz ou 80GHz para processos higi\u00eanicos"},"content":{"rendered":"<p data-start=\"0\" data-end=\"464\">O <strong data-start=\"2\" data-end=\"22\">Micropilot FMR43<\/strong> atua como sensor de radar de onda livre para medi\u00e7\u00e3o cont\u00ednua e sem contato de n\u00edvel e integra a Linha Compacta. Al\u00e9m disso, essa linha atende aplica\u00e7\u00f5es sanit\u00e1rias e combina design compacto com alto desempenho. O equipamento garante medi\u00e7\u00f5es confi\u00e1veis mesmo em condi\u00e7\u00f5es de processo turbulentas ou com varia\u00e7\u00f5es r\u00e1pidas. Al\u00e9m da tecnologia de 80 GHz, o sistema oferece op\u00e7\u00e3o de 180 GHz, o que permite uso em tanques de dimens\u00f5es reduzidas.<\/p>\n<p data-start=\"466\" data-end=\"661\">O <strong data-start=\"468\" data-end=\"488\">Micropilot FMR43<\/strong> realiza medi\u00e7\u00f5es de n\u00edvel em aplica\u00e7\u00f5es de onda livre de at\u00e9 15 m (49 p\u00e9s). Al\u00e9m disso, a op\u00e7\u00e3o de 180 GHz amplia o uso em recipientes pequenos e geometrias mais complexas.<\/p>\n<p data-start=\"663\" data-end=\"1009\">O equipamento atende uma ampla variedade de aplica\u00e7\u00f5es sanit\u00e1rias. Por exemplo, ele atua em processos de mistura de meios viscosos e de baixa condutividade. Al\u00e9m disso, ele se aplica em processos de envase de fluidos viscosos. Tamb\u00e9m atende armazenamento de l\u00edquidos de baixa condutividade e medi\u00e7\u00e3o de n\u00edvel em tanques com varia\u00e7\u00e3o de densidade.<\/p>\n<p data-start=\"1011\" data-end=\"1022\">Aplica\u00e7\u00f5es:<\/p>\n<ul data-start=\"1024\" data-end=\"1214\" data-is-last-node=\"\" data-is-only-node=\"\">\n<li data-section-id=\"1ae6s3g\" data-start=\"1024\" data-end=\"1078\">Mistura de meios viscosos e de baixa condutividade<\/li>\n<li data-section-id=\"1oob0fl\" data-start=\"1079\" data-end=\"1107\">Envase de meios viscosos<\/li>\n<li data-section-id=\"1gs60ya\" data-start=\"1108\" data-end=\"1159\">Armazenamento de fluidos de baixa condutividade<\/li>\n<li data-section-id=\"hqlga1\" data-start=\"1160\" data-end=\"1214\" data-is-last-node=\"\">Medi\u00e7\u00e3o de n\u00edvel com varia\u00e7\u00e3o de densidade do meio<\/li>\n<\/ul>","protected":false},"excerpt":{"rendered":"<p>O Micropilot FMR43 atua como sensor de radar de onda livre para medi\u00e7\u00e3o cont\u00ednua e sem contato de n\u00edvel e integra a Linha Compacta. Al\u00e9m disso, essa linha atende aplica\u00e7\u00f5es sanit\u00e1rias e combina design compacto com alto desempenho. O equipamento garante medi\u00e7\u00f5es confi\u00e1veis mesmo em condi\u00e7\u00f5es de processo turbulentas ou com varia\u00e7\u00f5es r\u00e1pidas. Al\u00e9m da tecnologia de 80 GHz, o sistema oferece op\u00e7\u00e3o de 180 GHz, o que permite uso em tanques de dimens\u00f5es reduzidas. O Micropilot FMR43 realiza medi\u00e7\u00f5es de n\u00edvel em aplica\u00e7\u00f5es de onda livre de at\u00e9 15 m (49 p\u00e9s). Al\u00e9m disso, a op\u00e7\u00e3o de 180 GHz amplia o uso em recipientes pequenos e geometrias mais complexas. O equipamento atende uma ampla variedade de aplica\u00e7\u00f5es sanit\u00e1rias. Por exemplo, ele atua em processos de mistura de meios viscosos e de baixa condutividade. Al\u00e9m disso, ele se aplica em processos de envase de fluidos viscosos. Tamb\u00e9m atende armazenamento de l\u00edquidos de baixa condutividade e medi\u00e7\u00e3o de n\u00edvel em tanques com varia\u00e7\u00e3o de densidade. Aplica\u00e7\u00f5es: Mistura de meios viscosos e de baixa condutividade Envase de meios viscosos Armazenamento de fluidos de baixa condutividade Medi\u00e7\u00e3o de n\u00edvel com varia\u00e7\u00e3o de densidade do meio<\/p>","protected":false},"featured_media":6160,"comment_status":"open","ping_status":"closed","template":"","meta":{"_joinchat":[]},"product_brand":[],"product_cat":[183],"product_tag":[],"marca":[147],"class_list":{"0":"post-6159","1":"product","2":"type-product","3":"status-publish","4":"has-post-thumbnail","6":"product_cat-sensor","7":"marca-endresshauser","9":"first","10":"instock","11":"shipping-taxable","12":"product-type-simple"},"yoast_head":"<!-- This site is optimized with the Yoast SEO plugin v27.2 - https:\/\/yoast.com\/product\/yoast-seo-wordpress\/ -->\n<title>Micropilot FMR43 - Endress+Hauser - Full Solutions<\/title>\n<meta name=\"description\" content=\"Micropilot FMR43 \u00e9 um sensor de n\u00edvel por radar para aplica\u00e7\u00f5es sanit\u00e1rias, com medi\u00e7\u00e3o sem contato, alta precis\u00e3o em condi\u00e7\u00f5es de processo desafiadoras.\" \/>\n<meta name=\"robots\" content=\"index, follow, max-snippet:-1, max-image-preview:large, max-video-preview:-1\" \/>\n<link rel=\"canonical\" href=\"https:\/\/fullsolutions.info\/en\/product\/micropilot-fmr43-radar-de-180ghz-ou-80ghz-para-processos-higienicos\/\" \/>\n<meta property=\"og:locale\" content=\"en_US\" \/>\n<meta property=\"og:type\" content=\"article\" \/>\n<meta property=\"og:title\" content=\"Micropilot FMR43 - Endress+Hauser - Full Solutions\" \/>\n<meta property=\"og:description\" content=\"Micropilot FMR43 \u00e9 um sensor de n\u00edvel por radar para aplica\u00e7\u00f5es sanit\u00e1rias, com medi\u00e7\u00e3o sem contato, alta precis\u00e3o em condi\u00e7\u00f5es de processo desafiadoras.\" \/>\n<meta property=\"og:url\" content=\"https:\/\/fullsolutions.info\/en\/product\/micropilot-fmr43-radar-de-180ghz-ou-80ghz-para-processos-higienicos\/\" \/>\n<meta property=\"og:site_name\" content=\"Full Solutions\" \/>\n<meta property=\"article:modified_time\" content=\"2026-04-14T12:21:03+00:00\" \/>\n<meta property=\"og:image\" content=\"https:\/\/mlhff0prgoxu.i.optimole.com\/cb:s0sM.767\/w:auto\/h:auto\/q:mauto\/f:best\/https:\/\/fullsolutions.info\/wp-content\/uploads\/2026\/02\/Micropilot-FMR43-–-Radar-de-180GHz-ou-80GHz-para-processos-higienicos.png\" \/>\n\t<meta property=\"og:image:width\" content=\"549\" \/>\n\t<meta property=\"og:image:height\" content=\"533\" \/>\n\t<meta property=\"og:image:type\" content=\"image\/png\" \/>\n<meta name=\"twitter:card\" content=\"summary_large_image\" \/>\n<meta name=\"twitter:label1\" content=\"Est. reading time\" \/>\n\t<meta name=\"twitter:data1\" content=\"2 minutes\" \/>\n<script type=\"application\/ld+json\" class=\"yoast-schema-graph\">{\"@context\":\"https:\/\/schema.org\",\"@graph\":[{\"@type\":\"WebPage\",\"@id\":\"https:\/\/fullsolutions.info\/produto\/micropilot-fmr43-radar-de-180ghz-ou-80ghz-para-processos-higienicos\/\",\"url\":\"https:\/\/fullsolutions.info\/produto\/micropilot-fmr43-radar-de-180ghz-ou-80ghz-para-processos-higienicos\/\",\"name\":\"Micropilot FMR43 - Endress+Hauser - Full Solutions\",\"isPartOf\":{\"@id\":\"https:\/\/fullsolutions.info\/#website\"},\"primaryImageOfPage\":{\"@id\":\"https:\/\/fullsolutions.info\/produto\/micropilot-fmr43-radar-de-180ghz-ou-80ghz-para-processos-higienicos\/#primaryimage\"},\"image\":{\"@id\":\"https:\/\/fullsolutions.info\/produto\/micropilot-fmr43-radar-de-180ghz-ou-80ghz-para-processos-higienicos\/#primaryimage\"},\"thumbnailUrl\":\"https:\/\/mlhff0prgoxu.i.optimole.com\/cb:s0sM.767\/w:auto\/h:auto\/q:mauto\/f:best\/https:\/\/fullsolutions.info\/wp-content\/uploads\/2026\/02\/Micropilot-FMR43-–-Radar-de-180GHz-ou-80GHz-para-processos-higienicos.png\",\"datePublished\":\"2026-02-10T17:50:31+00:00\",\"dateModified\":\"2026-04-14T12:21:03+00:00\",\"description\":\"Micropilot FMR43 \u00e9 um sensor de n\u00edvel por radar para aplica\u00e7\u00f5es sanit\u00e1rias, com medi\u00e7\u00e3o sem contato, alta precis\u00e3o em condi\u00e7\u00f5es de processo desafiadoras.\",\"breadcrumb\":{\"@id\":\"https:\/\/fullsolutions.info\/produto\/micropilot-fmr43-radar-de-180ghz-ou-80ghz-para-processos-higienicos\/#breadcrumb\"},\"inLanguage\":\"en-US\",\"potentialAction\":[{\"@type\":\"ReadAction\",\"target\":[\"https:\/\/fullsolutions.info\/produto\/micropilot-fmr43-radar-de-180ghz-ou-80ghz-para-processos-higienicos\/\"]}]},{\"@type\":\"ImageObject\",\"inLanguage\":\"en-US\",\"@id\":\"https:\/\/fullsolutions.info\/produto\/micropilot-fmr43-radar-de-180ghz-ou-80ghz-para-processos-higienicos\/#primaryimage\",\"url\":\"https:\/\/mlhff0prgoxu.i.optimole.com\/cb:s0sM.767\/w:auto\/h:auto\/q:mauto\/f:best\/https:\/\/fullsolutions.info\/wp-content\/uploads\/2026\/02\/Micropilot-FMR43-–-Radar-de-180GHz-ou-80GHz-para-processos-higienicos.png\",\"contentUrl\":\"https:\/\/mlhff0prgoxu.i.optimole.com\/cb:s0sM.767\/w:auto\/h:auto\/q:mauto\/f:best\/https:\/\/fullsolutions.info\/wp-content\/uploads\/2026\/02\/Micropilot-FMR43-–-Radar-de-180GHz-ou-80GHz-para-processos-higienicos.png\",\"width\":549,\"height\":533},{\"@type\":\"BreadcrumbList\",\"@id\":\"https:\/\/fullsolutions.info\/produto\/micropilot-fmr43-radar-de-180ghz-ou-80ghz-para-processos-higienicos\/#breadcrumb\",\"itemListElement\":[{\"@type\":\"ListItem\",\"position\":1,\"name\":\"In\u00edcio\",\"item\":\"https:\/\/fullsolutions.info\/\"},{\"@type\":\"ListItem\",\"position\":2,\"name\":\"Produtos\",\"item\":\"https:\/\/fullsolutions.info\/shop\/\"},{\"@type\":\"ListItem\",\"position\":3,\"name\":\"Micropilot FMR43 \u2013 Radar de 180GHz ou 80GHz para processos higi\u00eanicos\"}]},{\"@type\":\"WebSite\",\"@id\":\"https:\/\/fullsolutions.info\/#website\",\"url\":\"https:\/\/fullsolutions.info\/\",\"name\":\"Full Solutions\",\"description\":\"Empresa na \u00c1rea de Procurement\",\"publisher\":{\"@id\":\"https:\/\/fullsolutions.info\/#organization\"},\"potentialAction\":[{\"@type\":\"SearchAction\",\"target\":{\"@type\":\"EntryPoint\",\"urlTemplate\":\"https:\/\/fullsolutions.info\/?s={search_term_string}\"},\"query-input\":{\"@type\":\"PropertyValueSpecification\",\"valueRequired\":true,\"valueName\":\"search_term_string\"}}],\"inLanguage\":\"en-US\"},{\"@type\":\"Organization\",\"@id\":\"https:\/\/fullsolutions.info\/#organization\",\"name\":\"Full Solutions\",\"url\":\"https:\/\/fullsolutions.info\/\",\"logo\":{\"@type\":\"ImageObject\",\"inLanguage\":\"en-US\",\"@id\":\"https:\/\/fullsolutions.info\/#\/schema\/logo\/image\/\",\"url\":\"https:\/\/mlhff0prgoxu.i.optimole.com\/cb:s0sM.767\/w:auto\/h:auto\/q:mauto\/f:best\/https:\/\/fullsolutions.info\/wp-content\/uploads\/2021\/07\/cropped-Design-sem-nome-300x193-1-e1627062664782.png\",\"contentUrl\":\"https:\/\/mlhff0prgoxu.i.optimole.com\/cb:s0sM.767\/w:auto\/h:auto\/q:mauto\/f:best\/https:\/\/fullsolutions.info\/wp-content\/uploads\/2021\/07\/cropped-Design-sem-nome-300x193-1-e1627062664782.png\",\"width\":202,\"height\":155,\"caption\":\"Full Solutions\"},\"image\":{\"@id\":\"https:\/\/fullsolutions.info\/#\/schema\/logo\/image\/\"},\"sameAs\":[\"https:\/\/www.linkedin.com\/company\/full-solutions-equipment\"]}]}<\/script>\n<!-- \/ Yoast SEO plugin. -->","yoast_head_json":{"title":"Micropilot FMR43 - Endress+Hauser - Full Solutions","description":"Micropilot FMR43 \u00e9 um sensor de n\u00edvel por radar para aplica\u00e7\u00f5es sanit\u00e1rias, com medi\u00e7\u00e3o sem contato, alta precis\u00e3o em condi\u00e7\u00f5es de processo desafiadoras.","robots":{"index":"index","follow":"follow","max-snippet":"max-snippet:-1","max-image-preview":"max-image-preview:large","max-video-preview":"max-video-preview:-1"},"canonical":"https:\/\/fullsolutions.info\/en\/product\/micropilot-fmr43-radar-de-180ghz-ou-80ghz-para-processos-higienicos\/","og_locale":"en_US","og_type":"article","og_title":"Micropilot FMR43 - Endress+Hauser - Full Solutions","og_description":"Micropilot FMR43 \u00e9 um sensor de n\u00edvel por radar para aplica\u00e7\u00f5es sanit\u00e1rias, com medi\u00e7\u00e3o sem contato, alta precis\u00e3o em condi\u00e7\u00f5es de processo desafiadoras.","og_url":"https:\/\/fullsolutions.info\/en\/product\/micropilot-fmr43-radar-de-180ghz-ou-80ghz-para-processos-higienicos\/","og_site_name":"Full Solutions","article_modified_time":"2026-04-14T12:21:03+00:00","og_image":[{"width":549,"height":533,"url":"https:\/\/mlhff0prgoxu.i.optimole.com\/cb:s0sM.767\/w:auto\/h:auto\/q:mauto\/f:best\/https:\/\/fullsolutions.info\/wp-content\/uploads\/2026\/02\/Micropilot-FMR43-–-Radar-de-180GHz-ou-80GHz-para-processos-higienicos.png","type":"image\/png"}],"twitter_card":"summary_large_image","twitter_misc":{"Est. reading time":"2 minutes"},"schema":{"@context":"https:\/\/schema.org","@graph":[{"@type":"WebPage","@id":"https:\/\/fullsolutions.info\/produto\/micropilot-fmr43-radar-de-180ghz-ou-80ghz-para-processos-higienicos\/","url":"https:\/\/fullsolutions.info\/produto\/micropilot-fmr43-radar-de-180ghz-ou-80ghz-para-processos-higienicos\/","name":"Micropilot FMR43 - Endress+Hauser - Full Solutions","isPartOf":{"@id":"https:\/\/fullsolutions.info\/#website"},"primaryImageOfPage":{"@id":"https:\/\/fullsolutions.info\/produto\/micropilot-fmr43-radar-de-180ghz-ou-80ghz-para-processos-higienicos\/#primaryimage"},"image":{"@id":"https:\/\/fullsolutions.info\/produto\/micropilot-fmr43-radar-de-180ghz-ou-80ghz-para-processos-higienicos\/#primaryimage"},"thumbnailUrl":"https:\/\/mlhff0prgoxu.i.optimole.com\/cb:s0sM.767\/w:auto\/h:auto\/q:mauto\/f:best\/https:\/\/fullsolutions.info\/wp-content\/uploads\/2026\/02\/Micropilot-FMR43-–-Radar-de-180GHz-ou-80GHz-para-processos-higienicos.png","datePublished":"2026-02-10T17:50:31+00:00","dateModified":"2026-04-14T12:21:03+00:00","description":"Micropilot FMR43 \u00e9 um sensor de n\u00edvel por radar para aplica\u00e7\u00f5es sanit\u00e1rias, com medi\u00e7\u00e3o sem contato, alta precis\u00e3o em condi\u00e7\u00f5es de processo desafiadoras.","breadcrumb":{"@id":"https:\/\/fullsolutions.info\/produto\/micropilot-fmr43-radar-de-180ghz-ou-80ghz-para-processos-higienicos\/#breadcrumb"},"inLanguage":"en-US","potentialAction":[{"@type":"ReadAction","target":["https:\/\/fullsolutions.info\/produto\/micropilot-fmr43-radar-de-180ghz-ou-80ghz-para-processos-higienicos\/"]}]},{"@type":"ImageObject","inLanguage":"en-US","@id":"https:\/\/fullsolutions.info\/produto\/micropilot-fmr43-radar-de-180ghz-ou-80ghz-para-processos-higienicos\/#primaryimage","url":"https:\/\/mlhff0prgoxu.i.optimole.com\/cb:s0sM.767\/w:auto\/h:auto\/q:mauto\/f:best\/https:\/\/fullsolutions.info\/wp-content\/uploads\/2026\/02\/Micropilot-FMR43-–-Radar-de-180GHz-ou-80GHz-para-processos-higienicos.png","contentUrl":"https:\/\/mlhff0prgoxu.i.optimole.com\/cb:s0sM.767\/w:auto\/h:auto\/q:mauto\/f:best\/https:\/\/fullsolutions.info\/wp-content\/uploads\/2026\/02\/Micropilot-FMR43-–-Radar-de-180GHz-ou-80GHz-para-processos-higienicos.png","width":549,"height":533},{"@type":"BreadcrumbList","@id":"https:\/\/fullsolutions.info\/produto\/micropilot-fmr43-radar-de-180ghz-ou-80ghz-para-processos-higienicos\/#breadcrumb","itemListElement":[{"@type":"ListItem","position":1,"name":"In\u00edcio","item":"https:\/\/fullsolutions.info\/"},{"@type":"ListItem","position":2,"name":"Produtos","item":"https:\/\/fullsolutions.info\/shop\/"},{"@type":"ListItem","position":3,"name":"Micropilot FMR43 \u2013 Radar de 180GHz ou 80GHz para processos higi\u00eanicos"}]},{"@type":"WebSite","@id":"https:\/\/fullsolutions.info\/#website","url":"https:\/\/fullsolutions.info\/","name":"Full Solutions","description":"Empresa na \u00c1rea de Procurement","publisher":{"@id":"https:\/\/fullsolutions.info\/#organization"},"potentialAction":[{"@type":"SearchAction","target":{"@type":"EntryPoint","urlTemplate":"https:\/\/fullsolutions.info\/?s={search_term_string}"},"query-input":{"@type":"PropertyValueSpecification","valueRequired":true,"valueName":"search_term_string"}}],"inLanguage":"en-US"},{"@type":"Organization","@id":"https:\/\/fullsolutions.info\/#organization","name":"Full Solutions","url":"https:\/\/fullsolutions.info\/","logo":{"@type":"ImageObject","inLanguage":"en-US","@id":"https:\/\/fullsolutions.info\/#\/schema\/logo\/image\/","url":"https:\/\/mlhff0prgoxu.i.optimole.com\/cb:s0sM.767\/w:auto\/h:auto\/q:mauto\/f:best\/https:\/\/fullsolutions.info\/wp-content\/uploads\/2021\/07\/cropped-Design-sem-nome-300x193-1-e1627062664782.png","contentUrl":"https:\/\/mlhff0prgoxu.i.optimole.com\/cb:s0sM.767\/w:auto\/h:auto\/q:mauto\/f:best\/https:\/\/fullsolutions.info\/wp-content\/uploads\/2021\/07\/cropped-Design-sem-nome-300x193-1-e1627062664782.png","width":202,"height":155,"caption":"Full Solutions"},"image":{"@id":"https:\/\/fullsolutions.info\/#\/schema\/logo\/image\/"},"sameAs":["https:\/\/www.linkedin.com\/company\/full-solutions-equipment"]}]}},"_links":{"self":[{"href":"https:\/\/fullsolutions.info\/en\/wp-json\/wp\/v2\/product\/6159","targetHints":{"allow":["GET"]}}],"collection":[{"href":"https:\/\/fullsolutions.info\/en\/wp-json\/wp\/v2\/product"}],"about":[{"href":"https:\/\/fullsolutions.info\/en\/wp-json\/wp\/v2\/types\/product"}],"replies":[{"embeddable":true,"href":"https:\/\/fullsolutions.info\/en\/wp-json\/wp\/v2\/comments?post=6159"}],"wp:featuredmedia":[{"embeddable":true,"href":"https:\/\/fullsolutions.info\/en\/wp-json\/wp\/v2\/media\/6160"}],"wp:attachment":[{"href":"https:\/\/fullsolutions.info\/en\/wp-json\/wp\/v2\/media?parent=6159"}],"wp:term":[{"taxonomy":"product_brand","embeddable":true,"href":"https:\/\/fullsolutions.info\/en\/wp-json\/wp\/v2\/product_brand?post=6159"},{"taxonomy":"product_cat","embeddable":true,"href":"https:\/\/fullsolutions.info\/en\/wp-json\/wp\/v2\/product_cat?post=6159"},{"taxonomy":"product_tag","embeddable":true,"href":"https:\/\/fullsolutions.info\/en\/wp-json\/wp\/v2\/product_tag?post=6159"},{"taxonomy":"marca","embeddable":true,"href":"https:\/\/fullsolutions.info\/en\/wp-json\/wp\/v2\/marca?post=6159"}],"curies":[{"name":"wp","href":"https:\/\/api.w.org\/{rel}","templated":true}]}}