{"id":6096,"date":"2026-02-09T14:43:23","date_gmt":"2026-02-09T17:43:23","guid":{"rendered":"https:\/\/fullsolutions.info\/produto\/solberg-fs12-234p-dn80-filter-silencer\/"},"modified":"2026-02-23T15:29:15","modified_gmt":"2026-02-23T18:29:15","slug":"solberg-fs12-234p-dn80","status":"publish","type":"product","link":"https:\/\/fullsolutions.info\/en\/product\/solberg-fs12-234p-dn80\/","title":{"rendered":"Solberg FS(12)-234P-DN80 Filtro"},"content":{"rendered":"<p data-start=\"1715\" data-end=\"1764\">Este filtro silenciador \u00e9 comumente utilizado em:<\/p>\n<ul data-start=\"1766\" data-end=\"2076\">\n<li data-start=\"1766\" data-end=\"1805\">\n<p data-start=\"1768\" data-end=\"1805\">Sopradores regenerativos e laterais<\/p>\n<\/li>\n<li data-start=\"1806\" data-end=\"1848\">\n<p data-start=\"1808\" data-end=\"1848\">Compressores (parafuso e outros tipos)<\/p>\n<\/li>\n<li data-start=\"1849\" data-end=\"1877\">\n<p data-start=\"1851\" data-end=\"1877\">Ventiladores industriais<\/p>\n<\/li>\n<li data-start=\"1878\" data-end=\"1921\">\n<p data-start=\"1880\" data-end=\"1921\">Respiros hidr\u00e1ulicos com filtra\u00e7\u00e3o fina<\/p>\n<\/li>\n<li data-start=\"1922\" data-end=\"1959\">\n<p data-start=\"1924\" data-end=\"1959\">Sistemas de transporte pneum\u00e1tico<\/p>\n<\/li>\n<li data-start=\"1960\" data-end=\"1990\">\n<p data-start=\"1962\" data-end=\"1990\">Aera\u00e7\u00e3o de \u00e1guas residuais<\/p>\n<\/li>\n<li data-start=\"1991\" data-end=\"2076\">\n<p data-start=\"1993\" data-end=\"2076\">Oficinas e aplica\u00e7\u00f5es gerais de ar comprimido<\/p>\n<\/li>\n<\/ul>","protected":false},"excerpt":{"rendered":"<p>Este filtro silenciador \u00e9 comumente utilizado em: Sopradores regenerativos e laterais Compressores (parafuso e outros tipos) Ventiladores industriais Respiros hidr\u00e1ulicos com filtra\u00e7\u00e3o fina Sistemas de transporte pneum\u00e1tico Aera\u00e7\u00e3o de \u00e1guas residuais Oficinas e aplica\u00e7\u00f5es gerais de ar comprimido<\/p>","protected":false},"featured_media":6223,"comment_status":"open","ping_status":"closed","template":"","meta":{"_joinchat":[]},"product_brand":[],"product_cat":[181],"product_tag":[],"marca":[182],"class_list":{"0":"post-6096","1":"product","2":"type-product","3":"status-publish","4":"has-post-thumbnail","6":"product_cat-filtros","7":"marca-solberg","9":"first","10":"instock","11":"shipping-taxable","12":"product-type-simple"},"yoast_head":"<!-- This site is optimized with the Yoast SEO plugin v27.2 - https:\/\/yoast.com\/product\/yoast-seo-wordpress\/ -->\n<title>Solberg FS(12)-234P-DN80 Filtro - Full Solutions<\/title>\n<meta name=\"robots\" content=\"index, follow, max-snippet:-1, max-image-preview:large, max-video-preview:-1\" \/>\n<link rel=\"canonical\" href=\"https:\/\/fullsolutions.info\/en\/product\/solberg-fs12-234p-dn80\/\" \/>\n<meta property=\"og:locale\" content=\"en_US\" \/>\n<meta property=\"og:type\" content=\"article\" \/>\n<meta property=\"og:title\" content=\"Solberg FS(12)-234P-DN80 Filtro - Full Solutions\" \/>\n<meta property=\"og:description\" content=\"Este filtro silenciador \u00e9 comumente utilizado em: Sopradores regenerativos e laterais Compressores (parafuso e outros tipos) Ventiladores industriais Respiros hidr\u00e1ulicos com filtra\u00e7\u00e3o fina Sistemas de transporte pneum\u00e1tico Aera\u00e7\u00e3o de \u00e1guas residuais Oficinas e aplica\u00e7\u00f5es gerais de ar comprimido\" \/>\n<meta property=\"og:url\" content=\"https:\/\/fullsolutions.info\/en\/product\/solberg-fs12-234p-dn80\/\" \/>\n<meta property=\"og:site_name\" content=\"Full Solutions\" \/>\n<meta property=\"article:modified_time\" content=\"2026-02-23T18:29:15+00:00\" \/>\n<meta property=\"og:image\" content=\"https:\/\/mlhff0prgoxu.i.optimole.com\/cb:s0sM.767\/w:auto\/h:auto\/q:mauto\/f:best\/https:\/\/fullsolutions.info\/wp-content\/uploads\/2026\/02\/FS-PS-Studio-3.webp\" \/>\n\t<meta property=\"og:image:width\" content=\"549\" \/>\n\t<meta property=\"og:image:height\" content=\"533\" \/>\n\t<meta property=\"og:image:type\" content=\"image\/webp\" \/>\n<meta name=\"twitter:card\" content=\"summary_large_image\" \/>\n<script type=\"application\/ld+json\" class=\"yoast-schema-graph\">{\"@context\":\"https:\/\/schema.org\",\"@graph\":[{\"@type\":\"WebPage\",\"@id\":\"https:\/\/fullsolutions.info\/produto\/solberg-fs12-234p-dn80\/\",\"url\":\"https:\/\/fullsolutions.info\/produto\/solberg-fs12-234p-dn80\/\",\"name\":\"Solberg FS(12)-234P-DN80 Filtro - Full Solutions\",\"isPartOf\":{\"@id\":\"https:\/\/fullsolutions.info\/#website\"},\"primaryImageOfPage\":{\"@id\":\"https:\/\/fullsolutions.info\/produto\/solberg-fs12-234p-dn80\/#primaryimage\"},\"image\":{\"@id\":\"https:\/\/fullsolutions.info\/produto\/solberg-fs12-234p-dn80\/#primaryimage\"},\"thumbnailUrl\":\"https:\/\/mlhff0prgoxu.i.optimole.com\/cb:s0sM.767\/w:auto\/h:auto\/q:mauto\/f:best\/https:\/\/fullsolutions.info\/wp-content\/uploads\/2026\/02\/FS-PS-Studio-3.webp\",\"datePublished\":\"2026-02-09T17:43:23+00:00\",\"dateModified\":\"2026-02-23T18:29:15+00:00\",\"breadcrumb\":{\"@id\":\"https:\/\/fullsolutions.info\/produto\/solberg-fs12-234p-dn80\/#breadcrumb\"},\"inLanguage\":\"en-US\",\"potentialAction\":[{\"@type\":\"ReadAction\",\"target\":[\"https:\/\/fullsolutions.info\/produto\/solberg-fs12-234p-dn80\/\"]}]},{\"@type\":\"ImageObject\",\"inLanguage\":\"en-US\",\"@id\":\"https:\/\/fullsolutions.info\/produto\/solberg-fs12-234p-dn80\/#primaryimage\",\"url\":\"https:\/\/mlhff0prgoxu.i.optimole.com\/cb:s0sM.767\/w:auto\/h:auto\/q:mauto\/f:best\/https:\/\/fullsolutions.info\/wp-content\/uploads\/2026\/02\/FS-PS-Studio-3.webp\",\"contentUrl\":\"https:\/\/mlhff0prgoxu.i.optimole.com\/cb:s0sM.767\/w:auto\/h:auto\/q:mauto\/f:best\/https:\/\/fullsolutions.info\/wp-content\/uploads\/2026\/02\/FS-PS-Studio-3.webp\",\"width\":549,\"height\":533},{\"@type\":\"BreadcrumbList\",\"@id\":\"https:\/\/fullsolutions.info\/produto\/solberg-fs12-234p-dn80\/#breadcrumb\",\"itemListElement\":[{\"@type\":\"ListItem\",\"position\":1,\"name\":\"In\u00edcio\",\"item\":\"https:\/\/fullsolutions.info\/\"},{\"@type\":\"ListItem\",\"position\":2,\"name\":\"Produtos\",\"item\":\"https:\/\/fullsolutions.info\/shop\/\"},{\"@type\":\"ListItem\",\"position\":3,\"name\":\"Solberg FS(12)-234P-DN80 Filtro\"}]},{\"@type\":\"WebSite\",\"@id\":\"https:\/\/fullsolutions.info\/#website\",\"url\":\"https:\/\/fullsolutions.info\/\",\"name\":\"Full Solutions\",\"description\":\"Empresa na \u00c1rea de Procurement\",\"publisher\":{\"@id\":\"https:\/\/fullsolutions.info\/#organization\"},\"potentialAction\":[{\"@type\":\"SearchAction\",\"target\":{\"@type\":\"EntryPoint\",\"urlTemplate\":\"https:\/\/fullsolutions.info\/?s={search_term_string}\"},\"query-input\":{\"@type\":\"PropertyValueSpecification\",\"valueRequired\":true,\"valueName\":\"search_term_string\"}}],\"inLanguage\":\"en-US\"},{\"@type\":\"Organization\",\"@id\":\"https:\/\/fullsolutions.info\/#organization\",\"name\":\"Full Solutions\",\"url\":\"https:\/\/fullsolutions.info\/\",\"logo\":{\"@type\":\"ImageObject\",\"inLanguage\":\"en-US\",\"@id\":\"https:\/\/fullsolutions.info\/#\/schema\/logo\/image\/\",\"url\":\"https:\/\/mlhff0prgoxu.i.optimole.com\/cb:s0sM.767\/w:auto\/h:auto\/q:mauto\/f:best\/https:\/\/fullsolutions.info\/wp-content\/uploads\/2021\/07\/cropped-Design-sem-nome-300x193-1-e1627062664782.png\",\"contentUrl\":\"https:\/\/mlhff0prgoxu.i.optimole.com\/cb:s0sM.767\/w:auto\/h:auto\/q:mauto\/f:best\/https:\/\/fullsolutions.info\/wp-content\/uploads\/2021\/07\/cropped-Design-sem-nome-300x193-1-e1627062664782.png\",\"width\":202,\"height\":155,\"caption\":\"Full Solutions\"},\"image\":{\"@id\":\"https:\/\/fullsolutions.info\/#\/schema\/logo\/image\/\"},\"sameAs\":[\"https:\/\/www.linkedin.com\/company\/full-solutions-equipment\"]}]}<\/script>\n<!-- \/ Yoast SEO plugin. -->","yoast_head_json":{"title":"Solberg FS(12)-234P-DN80 Filtro - Full Solutions","robots":{"index":"index","follow":"follow","max-snippet":"max-snippet:-1","max-image-preview":"max-image-preview:large","max-video-preview":"max-video-preview:-1"},"canonical":"https:\/\/fullsolutions.info\/en\/product\/solberg-fs12-234p-dn80\/","og_locale":"en_US","og_type":"article","og_title":"Solberg FS(12)-234P-DN80 Filtro - Full Solutions","og_description":"Este filtro silenciador \u00e9 comumente utilizado em: Sopradores regenerativos e laterais Compressores (parafuso e outros tipos) Ventiladores industriais Respiros hidr\u00e1ulicos com filtra\u00e7\u00e3o fina Sistemas de transporte pneum\u00e1tico Aera\u00e7\u00e3o de \u00e1guas residuais Oficinas e aplica\u00e7\u00f5es gerais de ar comprimido","og_url":"https:\/\/fullsolutions.info\/en\/product\/solberg-fs12-234p-dn80\/","og_site_name":"Full Solutions","article_modified_time":"2026-02-23T18:29:15+00:00","og_image":[{"width":549,"height":533,"url":"https:\/\/mlhff0prgoxu.i.optimole.com\/cb:s0sM.767\/w:auto\/h:auto\/q:mauto\/f:best\/https:\/\/fullsolutions.info\/wp-content\/uploads\/2026\/02\/FS-PS-Studio-3.webp","type":"image\/webp"}],"twitter_card":"summary_large_image","schema":{"@context":"https:\/\/schema.org","@graph":[{"@type":"WebPage","@id":"https:\/\/fullsolutions.info\/produto\/solberg-fs12-234p-dn80\/","url":"https:\/\/fullsolutions.info\/produto\/solberg-fs12-234p-dn80\/","name":"Solberg FS(12)-234P-DN80 Filtro - Full Solutions","isPartOf":{"@id":"https:\/\/fullsolutions.info\/#website"},"primaryImageOfPage":{"@id":"https:\/\/fullsolutions.info\/produto\/solberg-fs12-234p-dn80\/#primaryimage"},"image":{"@id":"https:\/\/fullsolutions.info\/produto\/solberg-fs12-234p-dn80\/#primaryimage"},"thumbnailUrl":"https:\/\/mlhff0prgoxu.i.optimole.com\/cb:s0sM.767\/w:auto\/h:auto\/q:mauto\/f:best\/https:\/\/fullsolutions.info\/wp-content\/uploads\/2026\/02\/FS-PS-Studio-3.webp","datePublished":"2026-02-09T17:43:23+00:00","dateModified":"2026-02-23T18:29:15+00:00","breadcrumb":{"@id":"https:\/\/fullsolutions.info\/produto\/solberg-fs12-234p-dn80\/#breadcrumb"},"inLanguage":"en-US","potentialAction":[{"@type":"ReadAction","target":["https:\/\/fullsolutions.info\/produto\/solberg-fs12-234p-dn80\/"]}]},{"@type":"ImageObject","inLanguage":"en-US","@id":"https:\/\/fullsolutions.info\/produto\/solberg-fs12-234p-dn80\/#primaryimage","url":"https:\/\/mlhff0prgoxu.i.optimole.com\/cb:s0sM.767\/w:auto\/h:auto\/q:mauto\/f:best\/https:\/\/fullsolutions.info\/wp-content\/uploads\/2026\/02\/FS-PS-Studio-3.webp","contentUrl":"https:\/\/mlhff0prgoxu.i.optimole.com\/cb:s0sM.767\/w:auto\/h:auto\/q:mauto\/f:best\/https:\/\/fullsolutions.info\/wp-content\/uploads\/2026\/02\/FS-PS-Studio-3.webp","width":549,"height":533},{"@type":"BreadcrumbList","@id":"https:\/\/fullsolutions.info\/produto\/solberg-fs12-234p-dn80\/#breadcrumb","itemListElement":[{"@type":"ListItem","position":1,"name":"In\u00edcio","item":"https:\/\/fullsolutions.info\/"},{"@type":"ListItem","position":2,"name":"Produtos","item":"https:\/\/fullsolutions.info\/shop\/"},{"@type":"ListItem","position":3,"name":"Solberg FS(12)-234P-DN80 Filtro"}]},{"@type":"WebSite","@id":"https:\/\/fullsolutions.info\/#website","url":"https:\/\/fullsolutions.info\/","name":"Full Solutions","description":"Empresa na \u00c1rea de Procurement","publisher":{"@id":"https:\/\/fullsolutions.info\/#organization"},"potentialAction":[{"@type":"SearchAction","target":{"@type":"EntryPoint","urlTemplate":"https:\/\/fullsolutions.info\/?s={search_term_string}"},"query-input":{"@type":"PropertyValueSpecification","valueRequired":true,"valueName":"search_term_string"}}],"inLanguage":"en-US"},{"@type":"Organization","@id":"https:\/\/fullsolutions.info\/#organization","name":"Full Solutions","url":"https:\/\/fullsolutions.info\/","logo":{"@type":"ImageObject","inLanguage":"en-US","@id":"https:\/\/fullsolutions.info\/#\/schema\/logo\/image\/","url":"https:\/\/mlhff0prgoxu.i.optimole.com\/cb:s0sM.767\/w:auto\/h:auto\/q:mauto\/f:best\/https:\/\/fullsolutions.info\/wp-content\/uploads\/2021\/07\/cropped-Design-sem-nome-300x193-1-e1627062664782.png","contentUrl":"https:\/\/mlhff0prgoxu.i.optimole.com\/cb:s0sM.767\/w:auto\/h:auto\/q:mauto\/f:best\/https:\/\/fullsolutions.info\/wp-content\/uploads\/2021\/07\/cropped-Design-sem-nome-300x193-1-e1627062664782.png","width":202,"height":155,"caption":"Full Solutions"},"image":{"@id":"https:\/\/fullsolutions.info\/#\/schema\/logo\/image\/"},"sameAs":["https:\/\/www.linkedin.com\/company\/full-solutions-equipment"]}]}},"_links":{"self":[{"href":"https:\/\/fullsolutions.info\/en\/wp-json\/wp\/v2\/product\/6096","targetHints":{"allow":["GET"]}}],"collection":[{"href":"https:\/\/fullsolutions.info\/en\/wp-json\/wp\/v2\/product"}],"about":[{"href":"https:\/\/fullsolutions.info\/en\/wp-json\/wp\/v2\/types\/product"}],"replies":[{"embeddable":true,"href":"https:\/\/fullsolutions.info\/en\/wp-json\/wp\/v2\/comments?post=6096"}],"wp:featuredmedia":[{"embeddable":true,"href":"https:\/\/fullsolutions.info\/en\/wp-json\/wp\/v2\/media\/6223"}],"wp:attachment":[{"href":"https:\/\/fullsolutions.info\/en\/wp-json\/wp\/v2\/media?parent=6096"}],"wp:term":[{"taxonomy":"product_brand","embeddable":true,"href":"https:\/\/fullsolutions.info\/en\/wp-json\/wp\/v2\/product_brand?post=6096"},{"taxonomy":"product_cat","embeddable":true,"href":"https:\/\/fullsolutions.info\/en\/wp-json\/wp\/v2\/product_cat?post=6096"},{"taxonomy":"product_tag","embeddable":true,"href":"https:\/\/fullsolutions.info\/en\/wp-json\/wp\/v2\/product_tag?post=6096"},{"taxonomy":"marca","embeddable":true,"href":"https:\/\/fullsolutions.info\/en\/wp-json\/wp\/v2\/marca?post=6096"}],"curies":[{"name":"wp","href":"https:\/\/api.w.org\/{rel}","templated":true}]}}